{"id":37716,"date":"2021-07-27T14:26:15","date_gmt":"2021-07-27T11:26:15","guid":{"rendered":"https:\/\/xstyle.md\/?post_type=product&#038;p=37716"},"modified":"2026-03-19T16:45:30","modified_gmt":"2026-03-19T13:45:30","slug":"fonar-dlja-velosipeda-moon-orion","status":"publish","type":"product","link":"https:\/\/xstyle.md\/ro\/produs\/fonar-dlja-velosipeda-moon-orion\/","title":{"rendered":"Lantern\u0103 de biciclet\u0103 Moon Orion"},"content":{"rendered":"<\/p>\n<p><strong>Moon Orion<\/strong> &#8212; lumin\u0103 spate de calitate pentru biciclete cu baterie USB re\u00eenc\u0103rcabil\u0103, 50 lumeni.<br \/>\nLED-urile sunt dispuse \u00een a\u0219a fel \u00eenc\u00e2t unghiul de vizualizare este de 270\u00b0. \u00cen centrul luminii se afl\u0103 un element reflectorizant, ceea ce v\u0103 face vizibil \u00een far chiar \u0219i atunci c\u00e2nd lumina este stins\u0103. Suportul puternic combinat cu un magnet, v\u0103 permite s\u0103 scoate\u021bi \u0219i s\u0103 instala\u021bi cu u\u0219urin\u021b\u0103 lanterna, precum \u0219i s\u0103 preveni\u021bi pierderea acesteia \u00een caz de scuturare puternic\u0103.<\/p>\n<h3>Particularit\u0103\u021bi<\/h3>\n<ul>\n<li>Un suport inclus<\/li>\n<li>Exist\u0103 un indicator de baterie<\/li>\n<li>Unghi de vizualizare de 270\u00b0.<\/li>\n<li>Montura magnetic\u0103<\/li>\n<\/ul>\n<h3>Setul include<\/h3>\n<ul>\n<li>Lumin\u0103 pentru biciclete<\/li>\n<li>Cablu de \u00eenc\u0103rcare Micro-USB<\/li>\n<li>Suport<\/li>\n<\/ul>\n<h3>Caracteristici<\/h3>\n<ul>\n<li>Putere maxim\u0103 &#8212; 50 lumeni<\/li>\n<li>Tip de baterie &#8212; litiu-polimer<\/li>\n<li>Capacitatea bateriei &#8212; 300 mAh<\/li>\n<li>Timp de \u00eenc\u0103rcare &#8212; p\u00e2n\u0103 la 2 ore<\/li>\n<li>Durata de via\u021b\u0103 a bateriei &#8212; p\u00e2n\u0103 la 2,30 ore<\/li>\n<li>Rezistent la ap\u0103 &#8212; IPX 5<\/li>\n<li>Dimensiuni &#8212; 42 x 31,5 x 20,2 mm<\/li>\n<li>Greutate &#8212; 22 g<\/li>\n<\/ul>\n<p><\/p>","protected":false},"excerpt":{"rendered":"<p>Lantern\u0103 de biciclet\u0103 Moon Orion<\/p>","protected":false},"featured_media":38329,"comment_status":"open","ping_status":"closed","template":"","meta":{"_acf_changed":false,"inline_featured_image":false},"product_brand":[1372],"product_cat":[502],"product_tag":[],"class_list":{"0":"post-37716","1":"product","2":"type-product","3":"status-publish","4":"has-post-thumbnail","6":"product_brand-messingschlager","7":"product_cat-bicycle-lights","9":"first","10":"instock","11":"shipping-taxable","12":"purchasable","13":"product-type-simple"},"acf":[],"yoast_head":"<!-- This site is optimized with the Yoast SEO plugin v27.2 - https:\/\/yoast.com\/product\/yoast-seo-wordpress\/ -->\n<title>\u0424\u043e\u043d\u0430\u0440\u044c \u0434\u043b\u044f \u0432\u0435\u043b\u043e\u0441\u0438\u043f\u0435\u0434\u0430 Moon Orion - \u041c\u0430\u0433\u0430\u0437\u0438\u043d Xstyle<\/title>\n<meta name=\"description\" content=\"\u0424\u043e\u043d\u0430\u0440\u044c \u0434\u043b\u044f \u0432\u0435\u043b\u043e\u0441\u0438\u043f\u0435\u0434\u0430 Moon Orion: \u044f\u0440\u043a\u043e\u0441\u0442\u044c 50 \u043b\u043c, USB \u0437\u0430\u0440\u044f\u0434\u043a\u0430, \u0443\u0433\u043e\u043b \u043e\u0431\u0437\u043e\u0440\u0430 270\u00b0. \u0417\u0430\u0449\u0438\u0442\u0430 IPX5. \u041e\u0431\u0435\u0441\u043f\u0435\u0447\u044c\u0442\u0435 \u0432\u0438\u0434\u0438\u043c\u043e\u0441\u0442\u044c \u0438 \u0431\u0435\u0437\u043e\u043f\u0430\u0441\u043d\u043e\u0441\u0442\u044c \u043d\u0430 \u0434\u043e\u0440\u043e\u0433\u0435!\" \/>\n<meta name=\"robots\" content=\"index, follow, max-snippet:-1, max-image-preview:large, max-video-preview:-1\" \/>\n<link rel=\"canonical\" href=\"https:\/\/xstyle.md\/ro\/produs\/fonar-dlja-velosipeda-moon-orion\/\" \/>\n<meta property=\"og:locale\" content=\"ro_RO\" \/>\n<meta property=\"og:type\" content=\"article\" \/>\n<meta property=\"og:title\" content=\"\u0424\u043e\u043d\u0430\u0440\u044c \u0434\u043b\u044f \u0432\u0435\u043b\u043e\u0441\u0438\u043f\u0435\u0434\u0430 Moon Orion - \u041c\u0430\u0433\u0430\u0437\u0438\u043d Xstyle\" \/>\n<meta property=\"og:description\" content=\"\u0424\u043e\u043d\u0430\u0440\u044c \u0434\u043b\u044f \u0432\u0435\u043b\u043e\u0441\u0438\u043f\u0435\u0434\u0430 Moon Orion: \u044f\u0440\u043a\u043e\u0441\u0442\u044c 50 \u043b\u043c, USB \u0437\u0430\u0440\u044f\u0434\u043a\u0430, \u0443\u0433\u043e\u043b \u043e\u0431\u0437\u043e\u0440\u0430 270\u00b0. \u0417\u0430\u0449\u0438\u0442\u0430 IPX5. \u041e\u0431\u0435\u0441\u043f\u0435\u0447\u044c\u0442\u0435 \u0432\u0438\u0434\u0438\u043c\u043e\u0441\u0442\u044c \u0438 \u0431\u0435\u0437\u043e\u043f\u0430\u0441\u043d\u043e\u0441\u0442\u044c \u043d\u0430 \u0434\u043e\u0440\u043e\u0433\u0435!\" \/>\n<meta property=\"og:url\" content=\"https:\/\/xstyle.md\/ro\/produs\/fonar-dlja-velosipeda-moon-orion\/\" \/>\n<meta property=\"og:site_name\" content=\"\u041c\u0430\u0433\u0430\u0437\u0438\u043d Xstyle\" \/>\n<meta property=\"article:publisher\" content=\"https:\/\/www.facebook.com\/xstylemd\" \/>\n<meta property=\"article:modified_time\" content=\"2026-03-19T13:45:30+00:00\" \/>\n<meta property=\"og:image\" content=\"https:\/\/xstyle.md\/wp-content\/uploads\/2021\/07\/moon-orion.jpg\" \/>\n\t<meta property=\"og:image:width\" content=\"600\" \/>\n\t<meta property=\"og:image:height\" content=\"400\" \/>\n\t<meta property=\"og:image:type\" content=\"image\/jpeg\" \/>\n<meta name=\"twitter:card\" content=\"summary_large_image\" \/>\n<meta name=\"twitter:label1\" content=\"Pre\u021b\" \/>\n\t<meta name=\"twitter:data1\" content=\"490&nbsp;MDL\" \/>\n\t<meta name=\"twitter:label2\" content=\"Disponibilitate\" \/>\n\t<meta name=\"twitter:data2\" content=\"\u00cen stoc\" \/>\n<script type=\"application\/ld+json\" class=\"yoast-schema-graph\">{\"@context\":\"https:\/\/schema.org\",\"@graph\":[{\"@type\":\"WebPage\",\"@id\":\"https:\/\/xstyle.md\/product\/fonar-dlja-velosipeda-moon-orion\/\",\"url\":\"https:\/\/xstyle.md\/product\/fonar-dlja-velosipeda-moon-orion\/\",\"name\":\"\u0424\u043e\u043d\u0430\u0440\u044c \u0434\u043b\u044f \u0432\u0435\u043b\u043e\u0441\u0438\u043f\u0435\u0434\u0430 Moon Orion - \u041c\u0430\u0433\u0430\u0437\u0438\u043d Xstyle\",\"isPartOf\":{\"@id\":\"https:\/\/xstyle.md\/#website\"},\"primaryImageOfPage\":{\"@id\":\"https:\/\/xstyle.md\/product\/fonar-dlja-velosipeda-moon-orion\/#primaryimage\"},\"image\":{\"@id\":\"https:\/\/xstyle.md\/product\/fonar-dlja-velosipeda-moon-orion\/#primaryimage\"},\"thumbnailUrl\":\"https:\/\/xstyle.md\/wp-content\/uploads\/2021\/07\/moon-orion.jpg\",\"datePublished\":\"2021-07-27T11:26:15+00:00\",\"dateModified\":\"2026-03-19T13:45:30+00:00\",\"description\":\"\u0424\u043e\u043d\u0430\u0440\u044c \u0434\u043b\u044f \u0432\u0435\u043b\u043e\u0441\u0438\u043f\u0435\u0434\u0430 Moon Orion: \u044f\u0440\u043a\u043e\u0441\u0442\u044c 50 \u043b\u043c, USB \u0437\u0430\u0440\u044f\u0434\u043a\u0430, \u0443\u0433\u043e\u043b \u043e\u0431\u0437\u043e\u0440\u0430 270\u00b0. \u0417\u0430\u0449\u0438\u0442\u0430 IPX5. \u041e\u0431\u0435\u0441\u043f\u0435\u0447\u044c\u0442\u0435 \u0432\u0438\u0434\u0438\u043c\u043e\u0441\u0442\u044c \u0438 \u0431\u0435\u0437\u043e\u043f\u0430\u0441\u043d\u043e\u0441\u0442\u044c \u043d\u0430 \u0434\u043e\u0440\u043e\u0433\u0435!\",\"breadcrumb\":{\"@id\":\"https:\/\/xstyle.md\/product\/fonar-dlja-velosipeda-moon-orion\/#breadcrumb\"},\"inLanguage\":\"ro-RO\",\"potentialAction\":[{\"@type\":\"ReadAction\",\"target\":[\"https:\/\/xstyle.md\/product\/fonar-dlja-velosipeda-moon-orion\/\"]}]},{\"@type\":\"ImageObject\",\"inLanguage\":\"ro-RO\",\"@id\":\"https:\/\/xstyle.md\/product\/fonar-dlja-velosipeda-moon-orion\/#primaryimage\",\"url\":\"https:\/\/xstyle.md\/wp-content\/uploads\/2021\/07\/moon-orion.jpg\",\"contentUrl\":\"https:\/\/xstyle.md\/wp-content\/uploads\/2021\/07\/moon-orion.jpg\",\"width\":600,\"height\":400,\"caption\":\"\u0424\u043e\u043d\u0430\u0440\u044c \u0434\u043b\u044f \u0432\u0435\u043b\u043e\u0441\u0438\u043f\u0435\u0434\u0430 Moon Orion \u0434\u043b\u044f \u0430\u043a\u0442\u0438\u0432\u043d\u043e\u0433\u043e \u043e\u0442\u0434\u044b\u0445\u0430, \u043f\u043e\u0445\u043e\u0434\u043e\u0432, \u043f\u0443\u0442\u0435\u0448\u0435\u0441\u0442\u0432\u0438\u0439 \u0438 \u0437\u0430\u043d\u044f\u0442\u0438\u0439 \u0441\u043f\u043e\u0440\u0442\u043e\u043c \u0441 \u0442\u0440\u0435\u043a\u043a\u0438\u043d\u0433\u043e\u043c \u0438 \u0430\u043b\u044c\u043f\u0438\u043d\u0438\u0437\u043c\u043e\u043c\"},{\"@type\":\"BreadcrumbList\",\"@id\":\"https:\/\/xstyle.md\/product\/fonar-dlja-velosipeda-moon-orion\/#breadcrumb\",\"itemListElement\":[{\"@type\":\"ListItem\",\"position\":1,\"name\":\"\u0413\u043b\u0430\u0432\u043d\u0430\u044f \u0441\u0442\u0440\u0430\u043d\u0438\u0446\u0430\",\"item\":\"https:\/\/xstyle.md\/\"},{\"@type\":\"ListItem\",\"position\":2,\"name\":\"\u041c\u0430\u0433\u0430\u0437\u0438\u043d\",\"item\":\"https:\/\/xstyle.md\/shop\/\"},{\"@type\":\"ListItem\",\"position\":3,\"name\":\"\u0424\u043e\u043d\u0430\u0440\u044c \u0434\u043b\u044f \u0432\u0435\u043b\u043e\u0441\u0438\u043f\u0435\u0434\u0430 Moon Orion\"}]},{\"@type\":\"WebSite\",\"@id\":\"https:\/\/xstyle.md\/#website\",\"url\":\"https:\/\/xstyle.md\/\",\"name\":\"\u041c\u0430\u0433\u0430\u0437\u0438\u043d Xstyle\",\"description\":\"C\u043d\u0430\u0440\u044f\u0436\u0435\u043d\u0438\u0435 \u0434\u043b\u044f \u0442\u0443\u0440\u0438\u0437\u043c\u0430 \u0438 \u044d\u043a\u0441\u0442\u0440\u0435\u043c\u0430\u043b\u044c\u043d\u044b\u0445 \u0432\u0438\u0434\u043e\u0432 \u0441\u043f\u043e\u0440\u0442\u0430 \u0432 \u041c\u043e\u043b\u0434\u043e\u0432\u0435.. \u0426\u0435\u043d\u044b, \u0444\u043e\u0442\u043e, \u0445\u0430\u0440\u0430\u043a\u0442\u0435\u0440\u0438\u0441\u0442\u0438\u043a\u0438 \u0432 \u041c\u043e\u043b\u0434\u043e\u0432\u0435.\",\"publisher\":{\"@id\":\"https:\/\/xstyle.md\/#organization\"},\"alternateName\":\"X-Style\",\"potentialAction\":[{\"@type\":\"SearchAction\",\"target\":{\"@type\":\"EntryPoint\",\"urlTemplate\":\"https:\/\/xstyle.md\/?s={search_term_string}\"},\"query-input\":{\"@type\":\"PropertyValueSpecification\",\"valueRequired\":true,\"valueName\":\"search_term_string\"}}],\"inLanguage\":\"ro-RO\"},{\"@type\":\"Organization\",\"@id\":\"https:\/\/xstyle.md\/#organization\",\"name\":\"\u041c\u0430\u0433\u0430\u0437\u0438\u043d Xstyle\",\"alternateName\":\"x-style\",\"url\":\"https:\/\/xstyle.md\/\",\"logo\":{\"@type\":\"ImageObject\",\"inLanguage\":\"ro-RO\",\"@id\":\"https:\/\/xstyle.md\/#\/schema\/logo\/image\/\",\"url\":\"https:\/\/xstyle.md\/wp-content\/uploads\/2020\/06\/logoicon.svg\",\"contentUrl\":\"https:\/\/xstyle.md\/wp-content\/uploads\/2020\/06\/logoicon.svg\",\"caption\":\"\u041c\u0430\u0433\u0430\u0437\u0438\u043d Xstyle\"},\"image\":{\"@id\":\"https:\/\/xstyle.md\/#\/schema\/logo\/image\/\"},\"sameAs\":[\"https:\/\/www.facebook.com\/xstylemd\",\"https:\/\/www.instagram.com\/xstyle_md\/\",\"https:\/\/t.me\/xstyle_outdoor\"],\"hasMerchantReturnPolicy\":{\"@type\":\"MerchantReturnPolicy\",\"merchantReturnLink\":\"https:\/\/xstyle.md\/ro\/conditions\/\"}}]}<\/script>\n<meta property=\"product:price:amount\" content=\"490.00\" \/>\n<meta property=\"product:price:currency\" content=\"MDL\" \/>\n<meta property=\"og:availability\" content=\"instock\" \/>\n<meta property=\"product:availability\" content=\"instock\" \/>\n<meta property=\"product:retailer_item_id\" content=\"4897029983836\" \/>\n<meta property=\"product:condition\" content=\"new\" \/>\n<!-- \/ Yoast SEO plugin. -->","yoast_head_json":{"title":"Lantern\u0103 de biciclet\u0103 Moon Orion - Magazin Xstyle","description":"Lanterna pentru biciclet\u0103 Moon Orion: luminozitate 50 lm, \u00eenc\u0103rcare USB, unghi de vizibilitate de 270\u00b0. Protec\u021bie IPX5. Asigura\u021bi vizibilitatea \u0219i siguran\u021ba pe drum!","robots":{"index":"index","follow":"follow","max-snippet":"max-snippet:-1","max-image-preview":"max-image-preview:large","max-video-preview":"max-video-preview:-1"},"canonical":"https:\/\/xstyle.md\/ro\/produs\/fonar-dlja-velosipeda-moon-orion\/","og_locale":"ro_RO","og_type":"article","og_title":"\u0424\u043e\u043d\u0430\u0440\u044c \u0434\u043b\u044f \u0432\u0435\u043b\u043e\u0441\u0438\u043f\u0435\u0434\u0430 Moon Orion - \u041c\u0430\u0433\u0430\u0437\u0438\u043d Xstyle","og_description":"\u0424\u043e\u043d\u0430\u0440\u044c \u0434\u043b\u044f \u0432\u0435\u043b\u043e\u0441\u0438\u043f\u0435\u0434\u0430 Moon Orion: \u044f\u0440\u043a\u043e\u0441\u0442\u044c 50 \u043b\u043c, USB \u0437\u0430\u0440\u044f\u0434\u043a\u0430, \u0443\u0433\u043e\u043b \u043e\u0431\u0437\u043e\u0440\u0430 270\u00b0. \u0417\u0430\u0449\u0438\u0442\u0430 IPX5. \u041e\u0431\u0435\u0441\u043f\u0435\u0447\u044c\u0442\u0435 \u0432\u0438\u0434\u0438\u043c\u043e\u0441\u0442\u044c \u0438 \u0431\u0435\u0437\u043e\u043f\u0430\u0441\u043d\u043e\u0441\u0442\u044c \u043d\u0430 \u0434\u043e\u0440\u043e\u0433\u0435!","og_url":"https:\/\/xstyle.md\/ro\/produs\/fonar-dlja-velosipeda-moon-orion\/","og_site_name":"\u041c\u0430\u0433\u0430\u0437\u0438\u043d Xstyle","article_publisher":"https:\/\/www.facebook.com\/xstylemd","article_modified_time":"2026-03-19T13:45:30+00:00","og_image":[{"width":600,"height":400,"url":"https:\/\/xstyle.md\/wp-content\/uploads\/2021\/07\/moon-orion.jpg","type":"image\/jpeg"}],"twitter_card":"summary_large_image","twitter_misc":{"Pre\u021b":"490&nbsp;MDL","Disponibilitate":"\u00cen stoc"},"schema":{"@context":"https:\/\/schema.org","@graph":[{"@type":"WebPage","@id":"https:\/\/xstyle.md\/product\/fonar-dlja-velosipeda-moon-orion\/","url":"https:\/\/xstyle.md\/product\/fonar-dlja-velosipeda-moon-orion\/","name":"Lantern\u0103 de biciclet\u0103 Moon Orion - Magazin Xstyle","isPartOf":{"@id":"https:\/\/xstyle.md\/#website"},"primaryImageOfPage":{"@id":"https:\/\/xstyle.md\/product\/fonar-dlja-velosipeda-moon-orion\/#primaryimage"},"image":{"@id":"https:\/\/xstyle.md\/product\/fonar-dlja-velosipeda-moon-orion\/#primaryimage"},"thumbnailUrl":"https:\/\/xstyle.md\/wp-content\/uploads\/2021\/07\/moon-orion.jpg","datePublished":"2021-07-27T11:26:15+00:00","dateModified":"2026-03-19T13:45:30+00:00","description":"Lanterna pentru biciclet\u0103 Moon Orion: luminozitate 50 lm, \u00eenc\u0103rcare USB, unghi de vizibilitate de 270\u00b0. Protec\u021bie IPX5. Asigura\u021bi vizibilitatea \u0219i siguran\u021ba pe drum!","breadcrumb":{"@id":"https:\/\/xstyle.md\/product\/fonar-dlja-velosipeda-moon-orion\/#breadcrumb"},"inLanguage":"ro-RO","potentialAction":[{"@type":"ReadAction","target":["https:\/\/xstyle.md\/product\/fonar-dlja-velosipeda-moon-orion\/"]}]},{"@type":"ImageObject","inLanguage":"ro-RO","@id":"https:\/\/xstyle.md\/product\/fonar-dlja-velosipeda-moon-orion\/#primaryimage","url":"https:\/\/xstyle.md\/wp-content\/uploads\/2021\/07\/moon-orion.jpg","contentUrl":"https:\/\/xstyle.md\/wp-content\/uploads\/2021\/07\/moon-orion.jpg","width":600,"height":400,"caption":"\u0424\u043e\u043d\u0430\u0440\u044c \u0434\u043b\u044f \u0432\u0435\u043b\u043e\u0441\u0438\u043f\u0435\u0434\u0430 Moon Orion \u0434\u043b\u044f \u0430\u043a\u0442\u0438\u0432\u043d\u043e\u0433\u043e \u043e\u0442\u0434\u044b\u0445\u0430, \u043f\u043e\u0445\u043e\u0434\u043e\u0432, \u043f\u0443\u0442\u0435\u0448\u0435\u0441\u0442\u0432\u0438\u0439 \u0438 \u0437\u0430\u043d\u044f\u0442\u0438\u0439 \u0441\u043f\u043e\u0440\u0442\u043e\u043c \u0441 \u0442\u0440\u0435\u043a\u043a\u0438\u043d\u0433\u043e\u043c \u0438 \u0430\u043b\u044c\u043f\u0438\u043d\u0438\u0437\u043c\u043e\u043c"},{"@type":"BreadcrumbList","@id":"https:\/\/xstyle.md\/product\/fonar-dlja-velosipeda-moon-orion\/#breadcrumb","itemListElement":[{"@type":"ListItem","position":1,"name":"\u0413\u043b\u0430\u0432\u043d\u0430\u044f \u0441\u0442\u0440\u0430\u043d\u0438\u0446\u0430","item":"https:\/\/xstyle.md\/"},{"@type":"ListItem","position":2,"name":"\u041c\u0430\u0433\u0430\u0437\u0438\u043d","item":"https:\/\/xstyle.md\/shop\/"},{"@type":"ListItem","position":3,"name":"\u0424\u043e\u043d\u0430\u0440\u044c \u0434\u043b\u044f \u0432\u0435\u043b\u043e\u0441\u0438\u043f\u0435\u0434\u0430 Moon Orion"}]},{"@type":"WebSite","@id":"https:\/\/xstyle.md\/#website","url":"https:\/\/xstyle.md\/","name":"Magazinul X-Style","description":"Echipamente pentru turism \u0219i sporturi extreme \u00een Moldova. Pre\u021buri, fotografii, caracteristici \u00een Moldova.","publisher":{"@id":"https:\/\/xstyle.md\/#organization"},"alternateName":"X-Style","potentialAction":[{"@type":"SearchAction","target":{"@type":"EntryPoint","urlTemplate":"https:\/\/xstyle.md\/?s={search_term_string}"},"query-input":{"@type":"PropertyValueSpecification","valueRequired":true,"valueName":"search_term_string"}}],"inLanguage":"ro-RO"},{"@type":"Organization","@id":"https:\/\/xstyle.md\/#organization","name":"Magazinul X-Style","alternateName":"x-style","url":"https:\/\/xstyle.md\/","logo":{"@type":"ImageObject","inLanguage":"ro-RO","@id":"https:\/\/xstyle.md\/#\/schema\/logo\/image\/","url":"https:\/\/xstyle.md\/wp-content\/uploads\/2020\/06\/logoicon.svg","contentUrl":"https:\/\/xstyle.md\/wp-content\/uploads\/2020\/06\/logoicon.svg","caption":"\u041c\u0430\u0433\u0430\u0437\u0438\u043d Xstyle"},"image":{"@id":"https:\/\/xstyle.md\/#\/schema\/logo\/image\/"},"sameAs":["https:\/\/www.facebook.com\/xstylemd","https:\/\/www.instagram.com\/xstyle_md\/","https:\/\/t.me\/xstyle_outdoor"],"hasMerchantReturnPolicy":{"@type":"MerchantReturnPolicy","merchantReturnLink":"https:\/\/xstyle.md\/ro\/conditions\/"}}]},"product_price_amount":"490.00","product_price_currency":"MDL","og_availability":"instock","product_availability":"instock","product_retailer_item_id":"4897029983836","product_condition":"new"},"post_mailing_queue_ids":[],"_links":{"self":[{"href":"https:\/\/xstyle.md\/ro\/wp-json\/wp\/v2\/product\/37716","targetHints":{"allow":["GET"]}}],"collection":[{"href":"https:\/\/xstyle.md\/ro\/wp-json\/wp\/v2\/product"}],"about":[{"href":"https:\/\/xstyle.md\/ro\/wp-json\/wp\/v2\/types\/product"}],"replies":[{"embeddable":true,"href":"https:\/\/xstyle.md\/ro\/wp-json\/wp\/v2\/comments?post=37716"}],"wp:featuredmedia":[{"embeddable":true,"href":"https:\/\/xstyle.md\/ro\/wp-json\/wp\/v2\/media\/38329"}],"wp:attachment":[{"href":"https:\/\/xstyle.md\/ro\/wp-json\/wp\/v2\/media?parent=37716"}],"wp:term":[{"taxonomy":"product_brand","embeddable":true,"href":"https:\/\/xstyle.md\/ro\/wp-json\/wp\/v2\/product_brand?post=37716"},{"taxonomy":"product_cat","embeddable":true,"href":"https:\/\/xstyle.md\/ro\/wp-json\/wp\/v2\/product_cat?post=37716"},{"taxonomy":"product_tag","embeddable":true,"href":"https:\/\/xstyle.md\/ro\/wp-json\/wp\/v2\/product_tag?post=37716"}],"curies":[{"name":"wp","href":"https:\/\/api.w.org\/{rel}","templated":true}]}}