{"id":37713,"date":"2021-07-27T14:26:14","date_gmt":"2021-07-27T11:26:14","guid":{"rendered":"https:\/\/xstyle.md\/?post_type=product&#038;p=37713"},"modified":"2026-03-19T16:45:29","modified_gmt":"2026-03-19T13:45:29","slug":"sumochka-m-wave-ottawa-handlebar","status":"publish","type":"product","link":"https:\/\/xstyle.md\/ro\/produs\/sumochka-m-wave-ottawa-handlebar\/","title":{"rendered":"Geant\u0103 M-WAVE Ottawa handlebar"},"content":{"rendered":"<\/p>\n<p><strong>M-WAVE Ottawa handlebar<\/strong> &#8212; geanta de biciclet\u0103 este partenerul perfect pentru fiecare plimbare cu bicicleta. \u00cen compartimentul principal mare \u00eencap f\u0103r\u0103 probleme portofelul, telefonul mobil, o gustare mic\u0103 \u0219i ochelarii de soare. Datorit\u0103 acesteia, toate bunurile dvs. vor fi \u00eentotdeauna la \u00eendem\u00e2n\u0103. Buzunarul interior poate fi \u00eendep\u0103rtat. Obiectele suplimentare pot fi depozitate \u00een mod convenabil \u00een cele dou\u0103 buzunare exterioare din plas\u0103.<\/p>\n<p>Partea superioar\u0103 a gen\u021bii are un buzunar impermeabil \u0219i transparent pentru h\u0103r\u021bi. Loca\u021bia convenabil\u0103 v\u0103 permite s\u0103 citi\u021bi harta chiar \u0219i \u00een timpul condusului. Buzunarul pentru c\u0103r\u021bi poate fi deta\u0219at \u0219i utilizat \u00een alte situa\u021bii.<\/p>\n<p>Datorit\u0103 dispozitivului dovedit de blocare \u00een 2 puncte, geanta pentru ghidon poate fi introdus\u0103 \u0219i scoas\u0103 de pe ghidon cu u\u0219urin\u021b\u0103 \u0219i \u00een mod convenabil. Este inclus\u0103 o curea de transport care transform\u0103 geanta pentru ghidon \u00eentr-o geant\u0103 de um\u0103r confortabil\u0103.<\/p>\n<h3>Caracteristici<\/h3>\n<ul>\n<li>Volum &#8212; 7 litri<\/li>\n<li>Dimensiuni &#8212; 25,5 x 25 x 15,5 cm<\/li>\n<li>Diametrul suportului &#8212; 22.0 &#8212; 31.8 mm.<\/li>\n<\/ul>\n<p><\/p>","protected":false},"excerpt":{"rendered":"<p>Geant\u0103 M-WAVE Ottawa handlebar<\/p>","protected":false},"featured_media":38308,"comment_status":"open","ping_status":"closed","template":"","meta":{"_acf_changed":false,"inline_featured_image":false},"product_brand":[1372],"product_cat":[845],"product_tag":[],"class_list":{"0":"post-37713","1":"product","2":"type-product","3":"status-publish","4":"has-post-thumbnail","6":"product_brand-messingschlager","7":"product_cat-backpacks-velo","9":"first","10":"instock","11":"shipping-taxable","12":"purchasable","13":"product-type-simple"},"acf":[],"yoast_head":"<!-- This site is optimized with the Yoast SEO plugin v27.2 - https:\/\/yoast.com\/product\/yoast-seo-wordpress\/ -->\n<title>\u0421\u0443\u043c\u043e\u0447\u043a\u0430 M-WAVE Ottawa handlebar - \u041c\u0430\u0433\u0430\u0437\u0438\u043d Xstyle<\/title>\n<meta name=\"description\" content=\"\u0421\u0443\u043c\u043e\u0447\u043a\u0430 M-WAVE Ottawa \u0434\u043b\u044f \u0440\u0443\u043b\u044f \u2013 \u0438\u0434\u0435\u0430\u043b\u044c\u043d\u044b\u0439 \u0441\u043f\u0443\u0442\u043d\u0438\u043a \u0434\u043b\u044f \u0432\u0435\u043b\u043e\u043f\u0440\u043e\u0433\u0443\u043b\u043e\u043a! \u0412\u043c\u0435\u0441\u0442\u0438\u0442\u0435\u043b\u044c\u043d\u0430\u044f, \u0441 \u043a\u0430\u0440\u043c\u0430\u043d\u0430\u043c\u0438 \u0438 \u0441\u044a\u0435\u043c\u043d\u044b\u043c \u0432\u043d\u0443\u0442\u0440\u0435\u043d\u043d\u0438\u043c \u043e\u0442\u0434\u0435\u043b\u0435\u043d\u0438\u0435\u043c. \u0421\u0442\u0438\u043b\u044c \u0438 \u0443\u0434\u043e\u0431\u0441\u0442\u0432\u043e \u0432 \u043e\u0434\u043d\u043e\u043c.\" \/>\n<meta name=\"robots\" content=\"index, follow, max-snippet:-1, max-image-preview:large, max-video-preview:-1\" \/>\n<link rel=\"canonical\" href=\"https:\/\/xstyle.md\/ro\/produs\/sumochka-m-wave-ottawa-handlebar\/\" \/>\n<meta property=\"og:locale\" content=\"ro_RO\" \/>\n<meta property=\"og:type\" content=\"article\" \/>\n<meta property=\"og:title\" content=\"\u0421\u0443\u043c\u043e\u0447\u043a\u0430 M-WAVE Ottawa handlebar - \u041c\u0430\u0433\u0430\u0437\u0438\u043d Xstyle\" \/>\n<meta property=\"og:description\" content=\"\u0421\u0443\u043c\u043e\u0447\u043a\u0430 M-WAVE Ottawa \u0434\u043b\u044f \u0440\u0443\u043b\u044f \u2013 \u0438\u0434\u0435\u0430\u043b\u044c\u043d\u044b\u0439 \u0441\u043f\u0443\u0442\u043d\u0438\u043a \u0434\u043b\u044f \u0432\u0435\u043b\u043e\u043f\u0440\u043e\u0433\u0443\u043b\u043e\u043a! \u0412\u043c\u0435\u0441\u0442\u0438\u0442\u0435\u043b\u044c\u043d\u0430\u044f, \u0441 \u043a\u0430\u0440\u043c\u0430\u043d\u0430\u043c\u0438 \u0438 \u0441\u044a\u0435\u043c\u043d\u044b\u043c \u0432\u043d\u0443\u0442\u0440\u0435\u043d\u043d\u0438\u043c \u043e\u0442\u0434\u0435\u043b\u0435\u043d\u0438\u0435\u043c. \u0421\u0442\u0438\u043b\u044c \u0438 \u0443\u0434\u043e\u0431\u0441\u0442\u0432\u043e \u0432 \u043e\u0434\u043d\u043e\u043c.\" \/>\n<meta property=\"og:url\" content=\"https:\/\/xstyle.md\/ro\/produs\/sumochka-m-wave-ottawa-handlebar\/\" \/>\n<meta property=\"og:site_name\" content=\"\u041c\u0430\u0433\u0430\u0437\u0438\u043d Xstyle\" \/>\n<meta property=\"article:publisher\" content=\"https:\/\/www.facebook.com\/xstylemd\" \/>\n<meta property=\"article:modified_time\" content=\"2026-03-19T13:45:29+00:00\" \/>\n<meta property=\"og:image\" content=\"https:\/\/xstyle.md\/wp-content\/uploads\/2021\/07\/m-wave-ottawa-handlebar.jpg\" \/>\n\t<meta property=\"og:image:width\" content=\"1500\" \/>\n\t<meta property=\"og:image:height\" content=\"1500\" \/>\n\t<meta property=\"og:image:type\" content=\"image\/jpeg\" \/>\n<meta name=\"twitter:card\" content=\"summary_large_image\" \/>\n<meta name=\"twitter:label1\" content=\"Pre\u021b\" \/>\n\t<meta name=\"twitter:data1\" content=\"1.080&nbsp;MDL\" \/>\n\t<meta name=\"twitter:label2\" content=\"Disponibilitate\" \/>\n\t<meta name=\"twitter:data2\" content=\"\u00cen stoc\" \/>\n<script type=\"application\/ld+json\" class=\"yoast-schema-graph\">{\"@context\":\"https:\/\/schema.org\",\"@graph\":[{\"@type\":\"WebPage\",\"@id\":\"https:\/\/xstyle.md\/product\/sumochka-m-wave-ottawa-handlebar\/\",\"url\":\"https:\/\/xstyle.md\/product\/sumochka-m-wave-ottawa-handlebar\/\",\"name\":\"\u0421\u0443\u043c\u043e\u0447\u043a\u0430 M-WAVE Ottawa handlebar - \u041c\u0430\u0433\u0430\u0437\u0438\u043d Xstyle\",\"isPartOf\":{\"@id\":\"https:\/\/xstyle.md\/#website\"},\"primaryImageOfPage\":{\"@id\":\"https:\/\/xstyle.md\/product\/sumochka-m-wave-ottawa-handlebar\/#primaryimage\"},\"image\":{\"@id\":\"https:\/\/xstyle.md\/product\/sumochka-m-wave-ottawa-handlebar\/#primaryimage\"},\"thumbnailUrl\":\"https:\/\/xstyle.md\/wp-content\/uploads\/2021\/07\/m-wave-ottawa-handlebar.jpg\",\"datePublished\":\"2021-07-27T11:26:14+00:00\",\"dateModified\":\"2026-03-19T13:45:29+00:00\",\"description\":\"\u0421\u0443\u043c\u043e\u0447\u043a\u0430 M-WAVE Ottawa \u0434\u043b\u044f \u0440\u0443\u043b\u044f \u2013 \u0438\u0434\u0435\u0430\u043b\u044c\u043d\u044b\u0439 \u0441\u043f\u0443\u0442\u043d\u0438\u043a \u0434\u043b\u044f \u0432\u0435\u043b\u043e\u043f\u0440\u043e\u0433\u0443\u043b\u043e\u043a! \u0412\u043c\u0435\u0441\u0442\u0438\u0442\u0435\u043b\u044c\u043d\u0430\u044f, \u0441 \u043a\u0430\u0440\u043c\u0430\u043d\u0430\u043c\u0438 \u0438 \u0441\u044a\u0435\u043c\u043d\u044b\u043c \u0432\u043d\u0443\u0442\u0440\u0435\u043d\u043d\u0438\u043c \u043e\u0442\u0434\u0435\u043b\u0435\u043d\u0438\u0435\u043c. \u0421\u0442\u0438\u043b\u044c \u0438 \u0443\u0434\u043e\u0431\u0441\u0442\u0432\u043e \u0432 \u043e\u0434\u043d\u043e\u043c.\",\"breadcrumb\":{\"@id\":\"https:\/\/xstyle.md\/product\/sumochka-m-wave-ottawa-handlebar\/#breadcrumb\"},\"inLanguage\":\"ro-RO\",\"potentialAction\":[{\"@type\":\"ReadAction\",\"target\":[\"https:\/\/xstyle.md\/product\/sumochka-m-wave-ottawa-handlebar\/\"]}]},{\"@type\":\"ImageObject\",\"inLanguage\":\"ro-RO\",\"@id\":\"https:\/\/xstyle.md\/product\/sumochka-m-wave-ottawa-handlebar\/#primaryimage\",\"url\":\"https:\/\/xstyle.md\/wp-content\/uploads\/2021\/07\/m-wave-ottawa-handlebar.jpg\",\"contentUrl\":\"https:\/\/xstyle.md\/wp-content\/uploads\/2021\/07\/m-wave-ottawa-handlebar.jpg\",\"width\":1500,\"height\":1500,\"caption\":\"\u041c\u0438\u043d\u0438\u0430\u0442\u044e\u0440\u043d\u043e\u0435 \u0438\u0437\u043e\u0431\u0440\u0430\u0436\u0435\u043d\u0438\u0435 \u0441\u0443\u043c\u043e\u0447\u043a\u0438 M-WAVE Ottawa \u0434\u043b\u044f \u0432\u0435\u043b\u043e\u0441\u0438\u043f\u0435\u0434\u043e\u0432 \u0441 \u0440\u0443\u0447\u043a\u043e\u0439, \u043f\u043e\u0434\u0445\u043e\u0434\u044f\u0449\u0435\u0439 \u0434\u043b\u044f \u0430\u043a\u0442\u0438\u0432\u043d\u043e\u0433\u043e \u043e\u0442\u0434\u044b\u0445\u0430, \u043f\u0443\u0442\u0435\u0448\u0435\u0441\u0442\u0432\u0438\u0439 \u0438 \u0442\u0443\u0440\u0438\u0437\u043c\u0430, \u043f\u043e\u0434\u0445\u043e\u0434\u044f\u0449\u0435\u0439 \u0434\u043b\u044f \u043e\u0434\u0435\u0436\u0434\u044b \u0438 \u043e\u0431\u0443\u0432\u0438 \u0434\u043b\u044f \u0430\u043a\u0442\u0438\u0432\u043d\u043e\u0433\u043e \u043e\u0431\u0440\u0430\u0437\u0430 \u0436\u0438\u0437\u043d\u0438.\"},{\"@type\":\"BreadcrumbList\",\"@id\":\"https:\/\/xstyle.md\/product\/sumochka-m-wave-ottawa-handlebar\/#breadcrumb\",\"itemListElement\":[{\"@type\":\"ListItem\",\"position\":1,\"name\":\"\u0413\u043b\u0430\u0432\u043d\u0430\u044f \u0441\u0442\u0440\u0430\u043d\u0438\u0446\u0430\",\"item\":\"https:\/\/xstyle.md\/\"},{\"@type\":\"ListItem\",\"position\":2,\"name\":\"\u041c\u0430\u0433\u0430\u0437\u0438\u043d\",\"item\":\"https:\/\/xstyle.md\/shop\/\"},{\"@type\":\"ListItem\",\"position\":3,\"name\":\"\u0421\u0443\u043c\u043e\u0447\u043a\u0430 M-WAVE Ottawa handlebar\"}]},{\"@type\":\"WebSite\",\"@id\":\"https:\/\/xstyle.md\/#website\",\"url\":\"https:\/\/xstyle.md\/\",\"name\":\"\u041c\u0430\u0433\u0430\u0437\u0438\u043d Xstyle\",\"description\":\"C\u043d\u0430\u0440\u044f\u0436\u0435\u043d\u0438\u0435 \u0434\u043b\u044f \u0442\u0443\u0440\u0438\u0437\u043c\u0430 \u0438 \u044d\u043a\u0441\u0442\u0440\u0435\u043c\u0430\u043b\u044c\u043d\u044b\u0445 \u0432\u0438\u0434\u043e\u0432 \u0441\u043f\u043e\u0440\u0442\u0430 \u0432 \u041c\u043e\u043b\u0434\u043e\u0432\u0435.. \u0426\u0435\u043d\u044b, \u0444\u043e\u0442\u043e, \u0445\u0430\u0440\u0430\u043a\u0442\u0435\u0440\u0438\u0441\u0442\u0438\u043a\u0438 \u0432 \u041c\u043e\u043b\u0434\u043e\u0432\u0435.\",\"publisher\":{\"@id\":\"https:\/\/xstyle.md\/#organization\"},\"alternateName\":\"X-Style\",\"potentialAction\":[{\"@type\":\"SearchAction\",\"target\":{\"@type\":\"EntryPoint\",\"urlTemplate\":\"https:\/\/xstyle.md\/?s={search_term_string}\"},\"query-input\":{\"@type\":\"PropertyValueSpecification\",\"valueRequired\":true,\"valueName\":\"search_term_string\"}}],\"inLanguage\":\"ro-RO\"},{\"@type\":\"Organization\",\"@id\":\"https:\/\/xstyle.md\/#organization\",\"name\":\"\u041c\u0430\u0433\u0430\u0437\u0438\u043d Xstyle\",\"alternateName\":\"x-style\",\"url\":\"https:\/\/xstyle.md\/\",\"logo\":{\"@type\":\"ImageObject\",\"inLanguage\":\"ro-RO\",\"@id\":\"https:\/\/xstyle.md\/#\/schema\/logo\/image\/\",\"url\":\"https:\/\/xstyle.md\/wp-content\/uploads\/2020\/06\/logoicon.svg\",\"contentUrl\":\"https:\/\/xstyle.md\/wp-content\/uploads\/2020\/06\/logoicon.svg\",\"caption\":\"\u041c\u0430\u0433\u0430\u0437\u0438\u043d Xstyle\"},\"image\":{\"@id\":\"https:\/\/xstyle.md\/#\/schema\/logo\/image\/\"},\"sameAs\":[\"https:\/\/www.facebook.com\/xstylemd\",\"https:\/\/www.instagram.com\/xstyle_md\/\",\"https:\/\/t.me\/xstyle_outdoor\"],\"hasMerchantReturnPolicy\":{\"@type\":\"MerchantReturnPolicy\",\"merchantReturnLink\":\"https:\/\/xstyle.md\/ro\/conditions\/\"}}]}<\/script>\n<meta property=\"product:price:amount\" content=\"1080.00\" \/>\n<meta property=\"product:price:currency\" content=\"MDL\" \/>\n<meta property=\"og:availability\" content=\"instock\" \/>\n<meta property=\"product:availability\" content=\"instock\" \/>\n<meta property=\"product:retailer_item_id\" content=\"4015493120643\" \/>\n<meta property=\"product:condition\" content=\"new\" \/>\n<!-- \/ Yoast SEO plugin. -->","yoast_head_json":{"title":"Geant\u0103 M-WAVE Ottawa handlebar - Magazin Xstyle","description":"Geanta M-WAVE Ottawa pentru ghidon \u2013 companionul perfect pentru plimb\u0103rile cu bicicleta! Spa\u021bioas\u0103, cu buzunare \u0219i umplutur\u0103 interioar\u0103 deta\u0219abil\u0103. Stil \u0219i confort \u00eentr-un singur produs.","robots":{"index":"index","follow":"follow","max-snippet":"max-snippet:-1","max-image-preview":"max-image-preview:large","max-video-preview":"max-video-preview:-1"},"canonical":"https:\/\/xstyle.md\/ro\/produs\/sumochka-m-wave-ottawa-handlebar\/","og_locale":"ro_RO","og_type":"article","og_title":"\u0421\u0443\u043c\u043e\u0447\u043a\u0430 M-WAVE Ottawa handlebar - \u041c\u0430\u0433\u0430\u0437\u0438\u043d Xstyle","og_description":"\u0421\u0443\u043c\u043e\u0447\u043a\u0430 M-WAVE Ottawa \u0434\u043b\u044f \u0440\u0443\u043b\u044f \u2013 \u0438\u0434\u0435\u0430\u043b\u044c\u043d\u044b\u0439 \u0441\u043f\u0443\u0442\u043d\u0438\u043a \u0434\u043b\u044f \u0432\u0435\u043b\u043e\u043f\u0440\u043e\u0433\u0443\u043b\u043e\u043a! \u0412\u043c\u0435\u0441\u0442\u0438\u0442\u0435\u043b\u044c\u043d\u0430\u044f, \u0441 \u043a\u0430\u0440\u043c\u0430\u043d\u0430\u043c\u0438 \u0438 \u0441\u044a\u0435\u043c\u043d\u044b\u043c \u0432\u043d\u0443\u0442\u0440\u0435\u043d\u043d\u0438\u043c \u043e\u0442\u0434\u0435\u043b\u0435\u043d\u0438\u0435\u043c. \u0421\u0442\u0438\u043b\u044c \u0438 \u0443\u0434\u043e\u0431\u0441\u0442\u0432\u043e \u0432 \u043e\u0434\u043d\u043e\u043c.","og_url":"https:\/\/xstyle.md\/ro\/produs\/sumochka-m-wave-ottawa-handlebar\/","og_site_name":"\u041c\u0430\u0433\u0430\u0437\u0438\u043d Xstyle","article_publisher":"https:\/\/www.facebook.com\/xstylemd","article_modified_time":"2026-03-19T13:45:29+00:00","og_image":[{"width":1500,"height":1500,"url":"https:\/\/xstyle.md\/wp-content\/uploads\/2021\/07\/m-wave-ottawa-handlebar.jpg","type":"image\/jpeg"}],"twitter_card":"summary_large_image","twitter_misc":{"Pre\u021b":"1.080&nbsp;MDL","Disponibilitate":"\u00cen stoc"},"schema":{"@context":"https:\/\/schema.org","@graph":[{"@type":"WebPage","@id":"https:\/\/xstyle.md\/product\/sumochka-m-wave-ottawa-handlebar\/","url":"https:\/\/xstyle.md\/product\/sumochka-m-wave-ottawa-handlebar\/","name":"Geant\u0103 M-WAVE Ottawa handlebar - Magazin Xstyle","isPartOf":{"@id":"https:\/\/xstyle.md\/#website"},"primaryImageOfPage":{"@id":"https:\/\/xstyle.md\/product\/sumochka-m-wave-ottawa-handlebar\/#primaryimage"},"image":{"@id":"https:\/\/xstyle.md\/product\/sumochka-m-wave-ottawa-handlebar\/#primaryimage"},"thumbnailUrl":"https:\/\/xstyle.md\/wp-content\/uploads\/2021\/07\/m-wave-ottawa-handlebar.jpg","datePublished":"2021-07-27T11:26:14+00:00","dateModified":"2026-03-19T13:45:29+00:00","description":"Geanta M-WAVE Ottawa pentru ghidon \u2013 companionul perfect pentru plimb\u0103rile cu bicicleta! Spa\u021bioas\u0103, cu buzunare \u0219i umplutur\u0103 interioar\u0103 deta\u0219abil\u0103. Stil \u0219i confort \u00eentr-un singur produs.","breadcrumb":{"@id":"https:\/\/xstyle.md\/product\/sumochka-m-wave-ottawa-handlebar\/#breadcrumb"},"inLanguage":"ro-RO","potentialAction":[{"@type":"ReadAction","target":["https:\/\/xstyle.md\/product\/sumochka-m-wave-ottawa-handlebar\/"]}]},{"@type":"ImageObject","inLanguage":"ro-RO","@id":"https:\/\/xstyle.md\/product\/sumochka-m-wave-ottawa-handlebar\/#primaryimage","url":"https:\/\/xstyle.md\/wp-content\/uploads\/2021\/07\/m-wave-ottawa-handlebar.jpg","contentUrl":"https:\/\/xstyle.md\/wp-content\/uploads\/2021\/07\/m-wave-ottawa-handlebar.jpg","width":1500,"height":1500,"caption":"\u041c\u0438\u043d\u0438\u0430\u0442\u044e\u0440\u043d\u043e\u0435 \u0438\u0437\u043e\u0431\u0440\u0430\u0436\u0435\u043d\u0438\u0435 \u0441\u0443\u043c\u043e\u0447\u043a\u0438 M-WAVE Ottawa \u0434\u043b\u044f \u0432\u0435\u043b\u043e\u0441\u0438\u043f\u0435\u0434\u043e\u0432 \u0441 \u0440\u0443\u0447\u043a\u043e\u0439, \u043f\u043e\u0434\u0445\u043e\u0434\u044f\u0449\u0435\u0439 \u0434\u043b\u044f \u0430\u043a\u0442\u0438\u0432\u043d\u043e\u0433\u043e \u043e\u0442\u0434\u044b\u0445\u0430, \u043f\u0443\u0442\u0435\u0448\u0435\u0441\u0442\u0432\u0438\u0439 \u0438 \u0442\u0443\u0440\u0438\u0437\u043c\u0430, \u043f\u043e\u0434\u0445\u043e\u0434\u044f\u0449\u0435\u0439 \u0434\u043b\u044f \u043e\u0434\u0435\u0436\u0434\u044b \u0438 \u043e\u0431\u0443\u0432\u0438 \u0434\u043b\u044f \u0430\u043a\u0442\u0438\u0432\u043d\u043e\u0433\u043e \u043e\u0431\u0440\u0430\u0437\u0430 \u0436\u0438\u0437\u043d\u0438."},{"@type":"BreadcrumbList","@id":"https:\/\/xstyle.md\/product\/sumochka-m-wave-ottawa-handlebar\/#breadcrumb","itemListElement":[{"@type":"ListItem","position":1,"name":"\u0413\u043b\u0430\u0432\u043d\u0430\u044f \u0441\u0442\u0440\u0430\u043d\u0438\u0446\u0430","item":"https:\/\/xstyle.md\/"},{"@type":"ListItem","position":2,"name":"\u041c\u0430\u0433\u0430\u0437\u0438\u043d","item":"https:\/\/xstyle.md\/shop\/"},{"@type":"ListItem","position":3,"name":"\u0421\u0443\u043c\u043e\u0447\u043a\u0430 M-WAVE Ottawa handlebar"}]},{"@type":"WebSite","@id":"https:\/\/xstyle.md\/#website","url":"https:\/\/xstyle.md\/","name":"Magazinul X-Style","description":"Echipamente pentru turism \u0219i sporturi extreme \u00een Moldova. Pre\u021buri, fotografii, caracteristici \u00een Moldova.","publisher":{"@id":"https:\/\/xstyle.md\/#organization"},"alternateName":"X-Style","potentialAction":[{"@type":"SearchAction","target":{"@type":"EntryPoint","urlTemplate":"https:\/\/xstyle.md\/?s={search_term_string}"},"query-input":{"@type":"PropertyValueSpecification","valueRequired":true,"valueName":"search_term_string"}}],"inLanguage":"ro-RO"},{"@type":"Organization","@id":"https:\/\/xstyle.md\/#organization","name":"Magazinul X-Style","alternateName":"x-style","url":"https:\/\/xstyle.md\/","logo":{"@type":"ImageObject","inLanguage":"ro-RO","@id":"https:\/\/xstyle.md\/#\/schema\/logo\/image\/","url":"https:\/\/xstyle.md\/wp-content\/uploads\/2020\/06\/logoicon.svg","contentUrl":"https:\/\/xstyle.md\/wp-content\/uploads\/2020\/06\/logoicon.svg","caption":"\u041c\u0430\u0433\u0430\u0437\u0438\u043d Xstyle"},"image":{"@id":"https:\/\/xstyle.md\/#\/schema\/logo\/image\/"},"sameAs":["https:\/\/www.facebook.com\/xstylemd","https:\/\/www.instagram.com\/xstyle_md\/","https:\/\/t.me\/xstyle_outdoor"],"hasMerchantReturnPolicy":{"@type":"MerchantReturnPolicy","merchantReturnLink":"https:\/\/xstyle.md\/ro\/conditions\/"}}]},"product_price_amount":"1080.00","product_price_currency":"MDL","og_availability":"instock","product_availability":"instock","product_retailer_item_id":"4015493120643","product_condition":"new"},"post_mailing_queue_ids":[],"_links":{"self":[{"href":"https:\/\/xstyle.md\/ro\/wp-json\/wp\/v2\/product\/37713","targetHints":{"allow":["GET"]}}],"collection":[{"href":"https:\/\/xstyle.md\/ro\/wp-json\/wp\/v2\/product"}],"about":[{"href":"https:\/\/xstyle.md\/ro\/wp-json\/wp\/v2\/types\/product"}],"replies":[{"embeddable":true,"href":"https:\/\/xstyle.md\/ro\/wp-json\/wp\/v2\/comments?post=37713"}],"wp:featuredmedia":[{"embeddable":true,"href":"https:\/\/xstyle.md\/ro\/wp-json\/wp\/v2\/media\/38308"}],"wp:attachment":[{"href":"https:\/\/xstyle.md\/ro\/wp-json\/wp\/v2\/media?parent=37713"}],"wp:term":[{"taxonomy":"product_brand","embeddable":true,"href":"https:\/\/xstyle.md\/ro\/wp-json\/wp\/v2\/product_brand?post=37713"},{"taxonomy":"product_cat","embeddable":true,"href":"https:\/\/xstyle.md\/ro\/wp-json\/wp\/v2\/product_cat?post=37713"},{"taxonomy":"product_tag","embeddable":true,"href":"https:\/\/xstyle.md\/ro\/wp-json\/wp\/v2\/product_tag?post=37713"}],"curies":[{"name":"wp","href":"https:\/\/api.w.org\/{rel}","templated":true}]}}