{"id":37695,"date":"2021-07-27T14:26:10","date_gmt":"2021-07-27T11:26:10","guid":{"rendered":"https:\/\/xstyle.md\/?post_type=product&#038;p=37695"},"modified":"2025-10-24T12:42:12","modified_gmt":"2025-10-24T09:42:12","slug":"ochki-julbo-explorer-2-0-black-sp4","status":"publish","type":"product","link":"https:\/\/xstyle.md\/ro\/produs\/ochki-julbo-explorer-2-0-black-sp4\/","title":{"rendered":"Ochelari Julbo Explorer 2.0 Black SP4"},"content":{"rendered":"<\/p>\n<p>Ochelari<strong> Julbo Explorer 2.0 Black SP4<\/strong> proiectat \u00een conformitate cu inova\u021biile moderne \u00een materie de materiale premium, garant\u00e2nd un nivel de protec\u021bie de neegalat pentru ochii dumneavoastr\u0103. Incredibil de confortabil \u0219i ultra-u\u0219or, modelul are o ram\u0103 \u00eenchis\u0103 robust\u0103, completat\u0103 cu inser\u021bii laterale speciale pentru a izola \u00eempotriva v\u00e2ntului \u0219i a luminii puternice. Stratul oglindit de pe lentile reflect\u0103 eficient lumina puternic\u0103 a soarelui.<\/p>\n<p>Sistemul avansat de ventila\u021bie Front v\u0103 men\u021bine r\u0103coros \u0219i proasp\u0103t pe tot parcursul zilei de antrenament sau de plimbare. Tampoanele nazale reglabile nu las\u0103 urme de presiune pe podul nasului, p\u0103str\u00e2nd ochelarii bine fixa\u021bi pe fa\u021b\u0103. Inser\u021biile antiderapante Grip tech de pe t\u00e2mple \u00eembun\u0103t\u0103\u021besc aderen\u021ba atunci c\u00e2nd transpiri. Silueta versatil\u0103 \u00eentr-o gam\u0103 practic\u0103, neutr\u0103, v\u0103 permite s\u0103 combina\u021bi ochelarii cu echipamentul dvs. sportiv preferat.<\/p>\n<h3>Particularit\u0103\u021bi<\/h3>\n<ul>\n<li>Tije ergonomice curbate cu tampoane de cauciuc pentru a v\u0103 asigura c\u0103 ochelarii se potrivesc bine pe cap \u0219i nu alunec\u0103<\/li>\n<li>Lentile laterale deta\u0219abile pentru protec\u021bie UV maxim\u0103 pentru ochi<\/li>\n<li>Material moale pe podul nasului<\/li>\n<li>Ventila\u021bie frontal\u0103 excelent\u0103<\/li>\n<li>Curea reglabil\u0103 (inclus\u0103)<\/li>\n<li>Vedere larg\u0103<\/li>\n<\/ul>\n<h3>Caracteristici<\/h3>\n<ul>\n<li>Lentile &#8212; Spectron 4<\/li>\n<li>Categorie de protec\u021bie: 4 (5% transmisie a luminii)<\/li>\n<li>L\u0103\u021bimea lentilei &#8212; 61 mm<\/li>\n<li>Lungimea lan\u021bului &#8212; 135 mm<\/li>\n<li>Suport &#8212; 11 mm<\/li>\n<li>Scop &#8212; ciclism \/ activit\u0103\u021bi \u00een aer liber<\/li>\n<li>Model &#8212; unisex<\/li>\n<\/ul>\n<h3>Tehnologie<\/h3>\n<ul>\n<li><strong>Spectron 4<\/strong> \u2013 lentile de categoria 4, indice de permeabilitate la lumin\u0103: 5%. \u0218lefuire \u00een oglind\u0103 &#8212; \u00eembun\u0103t\u0103\u021be\u0219te filtrarea luminii vizibile datorit\u0103 efectului de oglind\u0103 de pe suprafa\u021ba lentilei. Acoperire antireflex suplimentar\u0103 (reduce str\u0103lucirea format\u0103 de reflexia de pe suprafe\u021bele orizontale &#8212; din ap\u0103, z\u0103pad\u0103). Culoarea lentilelor: maro fumuriu. Fabricat din policarbonat cu un strat de lac durabil care protejeaz\u0103 \u00eempotriva zg\u00e2rieturilor. Ochelarii cu aceast\u0103 lentil\u0103 nu trebuie utiliza\u021bi pentru conducerea unui vehicul.<\/li>\n<li><strong>Grip Tech<\/strong> \u2013 material exclusiv moale pe t\u00e2mple, care nu se lipe\u0219te de p\u0103r, oferind suport \u0219i confort absolut.<\/li>\n<li><strong>Front Venting<\/strong> \u2013 ventila\u021bie frontal\u0103 natural\u0103 creat\u0103 de forma lentilelor.<\/li>\n<li><strong>Removable side shields<\/strong> \u2013 protec\u021bie lateral\u0103 \u00eempotriva razelor solare (scuturi laterale deta\u0219abile).<\/li>\n<li><strong>Total Cover<\/strong> \u2013 protec\u021bie maxim\u0103 \u00eempotriva luminii solare \u00een condi\u021bii extreme.<\/li>\n<li><strong>RX Trem<\/strong> \u2013 rama poate fi echipat\u0103 cu ochelari de soare pentru corectarea vederii (se achizi\u021bioneaz\u0103 separat).<\/li>\n<\/ul>\n<h3>Marca<\/h3>\n<p>Julbo este un brand francez de renume mondial care produce ochelari sport de \u00eenalt\u0103 calitate, ochelari pentru sporturi de ap\u0103, ochelari pentru alpinism la altitudine mare, m\u0103\u0219ti pentru sporturi de iarn\u0103, c\u0103\u0219ti de schi \u0219i multe altele. Aceast\u0103 companie are o istorie de peste 130 de ani, iar \u00een acest timp s-a dezvoltat de la o mic\u0103 firm\u0103 de familie la un juc\u0103tor important pe pia\u021ba global\u0103. Julbo a devenit un adev\u0103rat expert \u0219i un punct de referin\u021b\u0103 \u00een dezvoltarea de optic\u0103 pentru utilizare \u00een condi\u021bii extreme. Experien\u021ba acumulat\u0103 de-a lungul anilor, tehnologiile inovatoare \u0219i cooperarea cu sportivii au dus la o gam\u0103 larg\u0103 de produse care au c\u00e2\u0219tigat o mare popularitate \u00een \u00eentreaga lume.<\/p>\n<p><\/p>","protected":false},"excerpt":{"rendered":"<p>Ochelari Julbo Explorer 2.0 Black SP4<\/p>","protected":false},"featured_media":38235,"comment_status":"open","ping_status":"closed","template":"","meta":{"_acf_changed":false,"inline_featured_image":false},"product_brand":[1294],"product_cat":[238],"product_tag":[],"class_list":{"0":"post-37695","1":"product","2":"type-product","3":"status-publish","4":"has-post-thumbnail","6":"product_brand-julbo","7":"product_cat-sunglasses-julbo","9":"first","10":"instock","11":"shipping-taxable","12":"purchasable","13":"product-type-simple"},"acf":[],"yoast_head":"<!-- This site is optimized with the Yoast SEO plugin v27.2 - https:\/\/yoast.com\/product\/yoast-seo-wordpress\/ -->\n<title>\u041e\u0447\u043a\u0438 Julbo Explorer 2.0 Black SP4 - \u041c\u0430\u0433\u0430\u0437\u0438\u043d Xstyle<\/title>\n<meta name=\"description\" content=\"\u041e\u0447\u043a\u0438 Julbo Explorer 2.0 Black SP4 \u2014 \u0438\u0434\u0435\u0430\u043b\u044c\u043d\u044b\u0435 \u0434\u043b\u044f \u0430\u043a\u0442\u0438\u0432\u043d\u043e\u0433\u043e \u043e\u0442\u0434\u044b\u0445\u0430. \u0417\u0430\u0449\u0438\u0442\u0430 \u043a\u043b\u0430\u0441\u0441\u0430 Spectron 4, \u0432\u0435\u043d\u0442\u0438\u043b\u044f\u0446\u0438\u044f, \u0441\u044a\u0435\u043c\u043d\u044b\u0435 \u0431\u043e\u043a\u043e\u0432\u044b\u0435 \u0449\u0438\u0442\u043a\u0438 \u0438 \u043a\u043e\u043c\u0444\u043e\u0440\u0442.\" \/>\n<meta name=\"robots\" content=\"index, follow, max-snippet:-1, max-image-preview:large, max-video-preview:-1\" \/>\n<link rel=\"canonical\" href=\"https:\/\/xstyle.md\/ro\/produs\/ochki-julbo-explorer-2-0-black-sp4\/\" \/>\n<meta property=\"og:locale\" content=\"ro_RO\" \/>\n<meta property=\"og:type\" content=\"article\" \/>\n<meta property=\"og:title\" content=\"\u041e\u0447\u043a\u0438 Julbo Explorer 2.0 Black SP4 - \u041c\u0430\u0433\u0430\u0437\u0438\u043d Xstyle\" \/>\n<meta property=\"og:description\" content=\"\u041e\u0447\u043a\u0438 Julbo Explorer 2.0 Black SP4 \u2014 \u0438\u0434\u0435\u0430\u043b\u044c\u043d\u044b\u0435 \u0434\u043b\u044f \u0430\u043a\u0442\u0438\u0432\u043d\u043e\u0433\u043e \u043e\u0442\u0434\u044b\u0445\u0430. \u0417\u0430\u0449\u0438\u0442\u0430 \u043a\u043b\u0430\u0441\u0441\u0430 Spectron 4, \u0432\u0435\u043d\u0442\u0438\u043b\u044f\u0446\u0438\u044f, \u0441\u044a\u0435\u043c\u043d\u044b\u0435 \u0431\u043e\u043a\u043e\u0432\u044b\u0435 \u0449\u0438\u0442\u043a\u0438 \u0438 \u043a\u043e\u043c\u0444\u043e\u0440\u0442.\" \/>\n<meta property=\"og:url\" content=\"https:\/\/xstyle.md\/ro\/produs\/ochki-julbo-explorer-2-0-black-sp4\/\" \/>\n<meta property=\"og:site_name\" content=\"\u041c\u0430\u0433\u0430\u0437\u0438\u043d Xstyle\" \/>\n<meta property=\"article:publisher\" content=\"https:\/\/www.facebook.com\/xstylemd\" \/>\n<meta property=\"article:modified_time\" content=\"2025-10-24T09:42:12+00:00\" \/>\n<meta property=\"og:image\" content=\"https:\/\/xstyle.md\/wp-content\/uploads\/2021\/07\/julbo-explorer-2.0-black-sp4.png\" \/>\n\t<meta property=\"og:image:width\" content=\"680\" \/>\n\t<meta property=\"og:image:height\" content=\"354\" \/>\n\t<meta property=\"og:image:type\" content=\"image\/png\" \/>\n<meta name=\"twitter:card\" content=\"summary_large_image\" \/>\n<meta name=\"twitter:label1\" content=\"Pre\u021b\" \/>\n\t<meta name=\"twitter:data1\" content=\"2.380&nbsp;MDL\" \/>\n\t<meta name=\"twitter:label2\" content=\"Disponibilitate\" \/>\n\t<meta name=\"twitter:data2\" content=\"\u00cen stoc\" \/>\n<script type=\"application\/ld+json\" class=\"yoast-schema-graph\">{\"@context\":\"https:\/\/schema.org\",\"@graph\":[{\"@type\":\"WebPage\",\"@id\":\"https:\/\/xstyle.md\/product\/ochki-julbo-explorer-2-0-black-sp4\/\",\"url\":\"https:\/\/xstyle.md\/product\/ochki-julbo-explorer-2-0-black-sp4\/\",\"name\":\"\u041e\u0447\u043a\u0438 Julbo Explorer 2.0 Black SP4 - \u041c\u0430\u0433\u0430\u0437\u0438\u043d Xstyle\",\"isPartOf\":{\"@id\":\"https:\/\/xstyle.md\/#website\"},\"primaryImageOfPage\":{\"@id\":\"https:\/\/xstyle.md\/product\/ochki-julbo-explorer-2-0-black-sp4\/#primaryimage\"},\"image\":{\"@id\":\"https:\/\/xstyle.md\/product\/ochki-julbo-explorer-2-0-black-sp4\/#primaryimage\"},\"thumbnailUrl\":\"https:\/\/xstyle.md\/wp-content\/uploads\/2021\/07\/julbo-explorer-2.0-black-sp4.png\",\"datePublished\":\"2021-07-27T11:26:10+00:00\",\"dateModified\":\"2025-10-24T09:42:12+00:00\",\"description\":\"\u041e\u0447\u043a\u0438 Julbo Explorer 2.0 Black SP4 \u2014 \u0438\u0434\u0435\u0430\u043b\u044c\u043d\u044b\u0435 \u0434\u043b\u044f \u0430\u043a\u0442\u0438\u0432\u043d\u043e\u0433\u043e \u043e\u0442\u0434\u044b\u0445\u0430. \u0417\u0430\u0449\u0438\u0442\u0430 \u043a\u043b\u0430\u0441\u0441\u0430 Spectron 4, \u0432\u0435\u043d\u0442\u0438\u043b\u044f\u0446\u0438\u044f, \u0441\u044a\u0435\u043c\u043d\u044b\u0435 \u0431\u043e\u043a\u043e\u0432\u044b\u0435 \u0449\u0438\u0442\u043a\u0438 \u0438 \u043a\u043e\u043c\u0444\u043e\u0440\u0442.\",\"breadcrumb\":{\"@id\":\"https:\/\/xstyle.md\/product\/ochki-julbo-explorer-2-0-black-sp4\/#breadcrumb\"},\"inLanguage\":\"ro-RO\",\"potentialAction\":[{\"@type\":\"ReadAction\",\"target\":[\"https:\/\/xstyle.md\/product\/ochki-julbo-explorer-2-0-black-sp4\/\"]}]},{\"@type\":\"ImageObject\",\"inLanguage\":\"ro-RO\",\"@id\":\"https:\/\/xstyle.md\/product\/ochki-julbo-explorer-2-0-black-sp4\/#primaryimage\",\"url\":\"https:\/\/xstyle.md\/wp-content\/uploads\/2021\/07\/julbo-explorer-2.0-black-sp4.png\",\"contentUrl\":\"https:\/\/xstyle.md\/wp-content\/uploads\/2021\/07\/julbo-explorer-2.0-black-sp4.png\",\"width\":680,\"height\":354,\"caption\":\"\u0422\u043e\u0432\u0430\u0440\u044b \u0434\u043b\u044f \u0430\u043a\u0442\u0438\u0432\u043d\u043e\u0433\u043e \u043e\u0442\u0434\u044b\u0445\u0430 \u041e\u0447\u043a\u0438 Julbo Explorer 2.0 Black SP4 \u0441\u043e\u043b\u043d\u0446\u0435\u0437\u0430\u0449\u0438\u0442\u043d\u044b\u0435 \u043e\u0447\u043a\u0438 \u0434\u043b\u044f \u043f\u043e\u0445\u043e\u0434\u043e\u0432 \u0438 \u043f\u0443\u0442\u0435\u0448\u0435\u0441\u0442\u0432\u0438\u0439 \u0434\u043b\u044f \u0441\u043f\u043e\u0440\u0442\u0430 \u0438 \u0430\u043a\u0442\u0438\u0432\u043d\u043e\u0439 \u0436\u0438\u0437\u043d\u0438 \u0432 \u0438\u043d\u0442\u0435\u0440\u043d\u0435\u0442-\u043c\u0430\u0433\u0430\u0437\u0438\u043d\u0435\"},{\"@type\":\"BreadcrumbList\",\"@id\":\"https:\/\/xstyle.md\/product\/ochki-julbo-explorer-2-0-black-sp4\/#breadcrumb\",\"itemListElement\":[{\"@type\":\"ListItem\",\"position\":1,\"name\":\"\u0413\u043b\u0430\u0432\u043d\u0430\u044f \u0441\u0442\u0440\u0430\u043d\u0438\u0446\u0430\",\"item\":\"https:\/\/xstyle.md\/\"},{\"@type\":\"ListItem\",\"position\":2,\"name\":\"\u041c\u0430\u0433\u0430\u0437\u0438\u043d\",\"item\":\"https:\/\/xstyle.md\/shop\/\"},{\"@type\":\"ListItem\",\"position\":3,\"name\":\"\u041e\u0447\u043a\u0438 Julbo Explorer 2.0 Black SP4\"}]},{\"@type\":\"WebSite\",\"@id\":\"https:\/\/xstyle.md\/#website\",\"url\":\"https:\/\/xstyle.md\/\",\"name\":\"\u041c\u0430\u0433\u0430\u0437\u0438\u043d Xstyle\",\"description\":\"C\u043d\u0430\u0440\u044f\u0436\u0435\u043d\u0438\u0435 \u0434\u043b\u044f \u0442\u0443\u0440\u0438\u0437\u043c\u0430 \u0438 \u044d\u043a\u0441\u0442\u0440\u0435\u043c\u0430\u043b\u044c\u043d\u044b\u0445 \u0432\u0438\u0434\u043e\u0432 \u0441\u043f\u043e\u0440\u0442\u0430 \u0432 \u041c\u043e\u043b\u0434\u043e\u0432\u0435.. \u0426\u0435\u043d\u044b, \u0444\u043e\u0442\u043e, \u0445\u0430\u0440\u0430\u043a\u0442\u0435\u0440\u0438\u0441\u0442\u0438\u043a\u0438 \u0432 \u041c\u043e\u043b\u0434\u043e\u0432\u0435.\",\"publisher\":{\"@id\":\"https:\/\/xstyle.md\/#organization\"},\"alternateName\":\"X-Style\",\"potentialAction\":[{\"@type\":\"SearchAction\",\"target\":{\"@type\":\"EntryPoint\",\"urlTemplate\":\"https:\/\/xstyle.md\/?s={search_term_string}\"},\"query-input\":{\"@type\":\"PropertyValueSpecification\",\"valueRequired\":true,\"valueName\":\"search_term_string\"}}],\"inLanguage\":\"ro-RO\"},{\"@type\":\"Organization\",\"@id\":\"https:\/\/xstyle.md\/#organization\",\"name\":\"\u041c\u0430\u0433\u0430\u0437\u0438\u043d Xstyle\",\"alternateName\":\"x-style\",\"url\":\"https:\/\/xstyle.md\/\",\"logo\":{\"@type\":\"ImageObject\",\"inLanguage\":\"ro-RO\",\"@id\":\"https:\/\/xstyle.md\/#\/schema\/logo\/image\/\",\"url\":\"https:\/\/xstyle.md\/wp-content\/uploads\/2020\/06\/logoicon.svg\",\"contentUrl\":\"https:\/\/xstyle.md\/wp-content\/uploads\/2020\/06\/logoicon.svg\",\"caption\":\"\u041c\u0430\u0433\u0430\u0437\u0438\u043d Xstyle\"},\"image\":{\"@id\":\"https:\/\/xstyle.md\/#\/schema\/logo\/image\/\"},\"sameAs\":[\"https:\/\/www.facebook.com\/xstylemd\",\"https:\/\/www.instagram.com\/xstyle_md\/\",\"https:\/\/t.me\/xstyle_outdoor\"],\"hasMerchantReturnPolicy\":{\"@type\":\"MerchantReturnPolicy\",\"merchantReturnLink\":\"https:\/\/xstyle.md\/ro\/conditions\/\"}}]}<\/script>\n<meta property=\"product:price:amount\" content=\"2380.00\" \/>\n<meta property=\"product:price:currency\" content=\"MDL\" \/>\n<meta property=\"og:availability\" content=\"instock\" \/>\n<meta property=\"product:availability\" content=\"instock\" \/>\n<meta property=\"product:retailer_item_id\" content=\"3660576299603\" \/>\n<meta property=\"product:condition\" content=\"new\" \/>\n<!-- \/ Yoast SEO plugin. -->","yoast_head_json":{"title":"Ochelari Julbo Explorer 2.0 Black SP4 - Magazin Xstyle","description":"Ochelari Julbo Explorer 2.0 Black SP4 \u2014 ideali pentru activit\u0103\u021bi \u00een aer liber. Protec\u021bie de clas\u0103 Spectron 4, ventila\u021bie, ecrane laterale deta\u0219abile \u0219i confort.","robots":{"index":"index","follow":"follow","max-snippet":"max-snippet:-1","max-image-preview":"max-image-preview:large","max-video-preview":"max-video-preview:-1"},"canonical":"https:\/\/xstyle.md\/ro\/produs\/ochki-julbo-explorer-2-0-black-sp4\/","og_locale":"ro_RO","og_type":"article","og_title":"\u041e\u0447\u043a\u0438 Julbo Explorer 2.0 Black SP4 - \u041c\u0430\u0433\u0430\u0437\u0438\u043d Xstyle","og_description":"\u041e\u0447\u043a\u0438 Julbo Explorer 2.0 Black SP4 \u2014 \u0438\u0434\u0435\u0430\u043b\u044c\u043d\u044b\u0435 \u0434\u043b\u044f \u0430\u043a\u0442\u0438\u0432\u043d\u043e\u0433\u043e \u043e\u0442\u0434\u044b\u0445\u0430. \u0417\u0430\u0449\u0438\u0442\u0430 \u043a\u043b\u0430\u0441\u0441\u0430 Spectron 4, \u0432\u0435\u043d\u0442\u0438\u043b\u044f\u0446\u0438\u044f, \u0441\u044a\u0435\u043c\u043d\u044b\u0435 \u0431\u043e\u043a\u043e\u0432\u044b\u0435 \u0449\u0438\u0442\u043a\u0438 \u0438 \u043a\u043e\u043c\u0444\u043e\u0440\u0442.","og_url":"https:\/\/xstyle.md\/ro\/produs\/ochki-julbo-explorer-2-0-black-sp4\/","og_site_name":"\u041c\u0430\u0433\u0430\u0437\u0438\u043d Xstyle","article_publisher":"https:\/\/www.facebook.com\/xstylemd","article_modified_time":"2025-10-24T09:42:12+00:00","og_image":[{"width":680,"height":354,"url":"https:\/\/xstyle.md\/wp-content\/uploads\/2021\/07\/julbo-explorer-2.0-black-sp4.png","type":"image\/png"}],"twitter_card":"summary_large_image","twitter_misc":{"Pre\u021b":"2.380&nbsp;MDL","Disponibilitate":"\u00cen stoc"},"schema":{"@context":"https:\/\/schema.org","@graph":[{"@type":"WebPage","@id":"https:\/\/xstyle.md\/product\/ochki-julbo-explorer-2-0-black-sp4\/","url":"https:\/\/xstyle.md\/product\/ochki-julbo-explorer-2-0-black-sp4\/","name":"Ochelari Julbo Explorer 2.0 Black SP4 - Magazin Xstyle","isPartOf":{"@id":"https:\/\/xstyle.md\/#website"},"primaryImageOfPage":{"@id":"https:\/\/xstyle.md\/product\/ochki-julbo-explorer-2-0-black-sp4\/#primaryimage"},"image":{"@id":"https:\/\/xstyle.md\/product\/ochki-julbo-explorer-2-0-black-sp4\/#primaryimage"},"thumbnailUrl":"https:\/\/xstyle.md\/wp-content\/uploads\/2021\/07\/julbo-explorer-2.0-black-sp4.png","datePublished":"2021-07-27T11:26:10+00:00","dateModified":"2025-10-24T09:42:12+00:00","description":"Ochelari Julbo Explorer 2.0 Black SP4 \u2014 ideali pentru activit\u0103\u021bi \u00een aer liber. Protec\u021bie de clas\u0103 Spectron 4, ventila\u021bie, ecrane laterale deta\u0219abile \u0219i confort.","breadcrumb":{"@id":"https:\/\/xstyle.md\/product\/ochki-julbo-explorer-2-0-black-sp4\/#breadcrumb"},"inLanguage":"ro-RO","potentialAction":[{"@type":"ReadAction","target":["https:\/\/xstyle.md\/product\/ochki-julbo-explorer-2-0-black-sp4\/"]}]},{"@type":"ImageObject","inLanguage":"ro-RO","@id":"https:\/\/xstyle.md\/product\/ochki-julbo-explorer-2-0-black-sp4\/#primaryimage","url":"https:\/\/xstyle.md\/wp-content\/uploads\/2021\/07\/julbo-explorer-2.0-black-sp4.png","contentUrl":"https:\/\/xstyle.md\/wp-content\/uploads\/2021\/07\/julbo-explorer-2.0-black-sp4.png","width":680,"height":354,"caption":"\u0422\u043e\u0432\u0430\u0440\u044b \u0434\u043b\u044f \u0430\u043a\u0442\u0438\u0432\u043d\u043e\u0433\u043e \u043e\u0442\u0434\u044b\u0445\u0430 \u041e\u0447\u043a\u0438 Julbo Explorer 2.0 Black SP4 \u0441\u043e\u043b\u043d\u0446\u0435\u0437\u0430\u0449\u0438\u0442\u043d\u044b\u0435 \u043e\u0447\u043a\u0438 \u0434\u043b\u044f \u043f\u043e\u0445\u043e\u0434\u043e\u0432 \u0438 \u043f\u0443\u0442\u0435\u0448\u0435\u0441\u0442\u0432\u0438\u0439 \u0434\u043b\u044f \u0441\u043f\u043e\u0440\u0442\u0430 \u0438 \u0430\u043a\u0442\u0438\u0432\u043d\u043e\u0439 \u0436\u0438\u0437\u043d\u0438 \u0432 \u0438\u043d\u0442\u0435\u0440\u043d\u0435\u0442-\u043c\u0430\u0433\u0430\u0437\u0438\u043d\u0435"},{"@type":"BreadcrumbList","@id":"https:\/\/xstyle.md\/product\/ochki-julbo-explorer-2-0-black-sp4\/#breadcrumb","itemListElement":[{"@type":"ListItem","position":1,"name":"\u0413\u043b\u0430\u0432\u043d\u0430\u044f \u0441\u0442\u0440\u0430\u043d\u0438\u0446\u0430","item":"https:\/\/xstyle.md\/"},{"@type":"ListItem","position":2,"name":"\u041c\u0430\u0433\u0430\u0437\u0438\u043d","item":"https:\/\/xstyle.md\/shop\/"},{"@type":"ListItem","position":3,"name":"\u041e\u0447\u043a\u0438 Julbo Explorer 2.0 Black SP4"}]},{"@type":"WebSite","@id":"https:\/\/xstyle.md\/#website","url":"https:\/\/xstyle.md\/","name":"Magazinul X-Style","description":"Echipamente pentru turism \u0219i sporturi extreme \u00een Moldova. Pre\u021buri, fotografii, caracteristici \u00een Moldova.","publisher":{"@id":"https:\/\/xstyle.md\/#organization"},"alternateName":"X-Style","potentialAction":[{"@type":"SearchAction","target":{"@type":"EntryPoint","urlTemplate":"https:\/\/xstyle.md\/?s={search_term_string}"},"query-input":{"@type":"PropertyValueSpecification","valueRequired":true,"valueName":"search_term_string"}}],"inLanguage":"ro-RO"},{"@type":"Organization","@id":"https:\/\/xstyle.md\/#organization","name":"Magazinul X-Style","alternateName":"x-style","url":"https:\/\/xstyle.md\/","logo":{"@type":"ImageObject","inLanguage":"ro-RO","@id":"https:\/\/xstyle.md\/#\/schema\/logo\/image\/","url":"https:\/\/xstyle.md\/wp-content\/uploads\/2020\/06\/logoicon.svg","contentUrl":"https:\/\/xstyle.md\/wp-content\/uploads\/2020\/06\/logoicon.svg","caption":"\u041c\u0430\u0433\u0430\u0437\u0438\u043d Xstyle"},"image":{"@id":"https:\/\/xstyle.md\/#\/schema\/logo\/image\/"},"sameAs":["https:\/\/www.facebook.com\/xstylemd","https:\/\/www.instagram.com\/xstyle_md\/","https:\/\/t.me\/xstyle_outdoor"],"hasMerchantReturnPolicy":{"@type":"MerchantReturnPolicy","merchantReturnLink":"https:\/\/xstyle.md\/ro\/conditions\/"}}]},"product_price_amount":"2380.00","product_price_currency":"MDL","og_availability":"instock","product_availability":"instock","product_retailer_item_id":"3660576299603","product_condition":"new"},"post_mailing_queue_ids":[],"_links":{"self":[{"href":"https:\/\/xstyle.md\/ro\/wp-json\/wp\/v2\/product\/37695","targetHints":{"allow":["GET"]}}],"collection":[{"href":"https:\/\/xstyle.md\/ro\/wp-json\/wp\/v2\/product"}],"about":[{"href":"https:\/\/xstyle.md\/ro\/wp-json\/wp\/v2\/types\/product"}],"replies":[{"embeddable":true,"href":"https:\/\/xstyle.md\/ro\/wp-json\/wp\/v2\/comments?post=37695"}],"wp:featuredmedia":[{"embeddable":true,"href":"https:\/\/xstyle.md\/ro\/wp-json\/wp\/v2\/media\/38235"}],"wp:attachment":[{"href":"https:\/\/xstyle.md\/ro\/wp-json\/wp\/v2\/media?parent=37695"}],"wp:term":[{"taxonomy":"product_brand","embeddable":true,"href":"https:\/\/xstyle.md\/ro\/wp-json\/wp\/v2\/product_brand?post=37695"},{"taxonomy":"product_cat","embeddable":true,"href":"https:\/\/xstyle.md\/ro\/wp-json\/wp\/v2\/product_cat?post=37695"},{"taxonomy":"product_tag","embeddable":true,"href":"https:\/\/xstyle.md\/ro\/wp-json\/wp\/v2\/product_tag?post=37695"}],"curies":[{"name":"wp","href":"https:\/\/api.w.org\/{rel}","templated":true}]}}