{"id":3769,"date":"2020-07-16T19:15:07","date_gmt":"2020-07-16T16:15:07","guid":{"rendered":"https:\/\/xstyle.md\/product\/meshok-dlja-veschej-sea-to-summit-mesh-stuff-sack-large-15-l"},"modified":"2024-10-21T09:53:39","modified_gmt":"2024-10-21T06:53:39","slug":"meshok-dlja-veschej-sea-to-summit-mesh-stuff-sack-large-15-l","status":"publish","type":"product","link":"https:\/\/xstyle.md\/ro\/produs\/meshok-dlja-veschej-sea-to-summit-mesh-stuff-sack-large-15-l\/","title":{"rendered":"Sac pentru haine STS Ultra Mesh Stuff Sack L 15L"},"content":{"rendered":"<\/p>\n<p>Sac <strong>Sea To Summit Mesh Stuff Sack L 15 L<\/strong> &#8212; este conceput pentru depozitarea \u0219i transportul lucrurilor personale, a sacilor de dormit, a echipamentului \u0219i a ustensilelor. Plasa transparent\u0103 v\u0103 asigur\u0103 faptul c\u0103 o \u0219ti\u021bi \u00eentotdeauna ce se afl\u0103 \u00een\u0103untru. Geanta \u00een sine este confec\u021bionat\u0103 din \u021bes\u0103tur\u0103 rezistent\u0103 70D.<\/p>\n<h3>Particularit\u0103\u021bi<\/h3>\n<ul>\n<li>Plasa moale, durabil\u0103, permite o bun\u0103 ventila\u021bie<\/li>\n<li>M\u00e2neci cu coduri de culoare pentru cravat\u0103 superioar\u0103<\/li>\n<li>M\u00e2ner cusut pentru transportare.<\/li>\n<\/ul>\n<h3>Caracteristici<\/h3>\n<ul>\n<li>Material &#8212; 15D Multi-Filament Nylon Mesh 15D<\/li>\n<li>Dimensiune &#8212; 21 x 40 cm<\/li>\n<li>Volum &#8212; 15 l<\/li>\n<li>Greutate &#8212; 14 g.<\/li>\n<\/ul>\n<h3>Tehnologie<\/h3>\n<ul>\n<li><strong>Nylon<\/strong> &#8212; este apreciat pentru greutatea sa redus\u0103, rezisten\u021ba foarte mare la trac\u021biune \u0219i rezisten\u021ba la deteriorare. \u00ce\u0219i p\u0103streaz\u0103 bine forma, iar nailonul dureaz\u0103 foarte mult timp dac\u0103 este \u00eengrijit corespunz\u0103tor. Datorit\u0103 netezimii fibrelor sale, acest material este foarte u\u0219or de sp\u0103lat &#8212; orice murd\u0103rie este \u00eendep\u0103rtat\u0103 cu u\u0219urin\u021b\u0103, iar detergen\u021bii nu se depun pe \u021bes\u0103tur\u0103. Nailonul poate fi sp\u0103lat \u0219i \u00een ap\u0103 rece.<\/li>\n<\/ul>\n<h3>Marca<\/h3>\n<p>Sea to Summit \u2013 o marc\u0103 fondat\u0103 \u00een 1990 \u00een Australia. Gama sa de echipamente unice \u0219i utile pentru drume\u021bii \u0219i c\u0103l\u0103torii: huse ermetice, prosoape din microfibr\u0103, ustensile pliabile din silicon, gen\u021bi, rucsacuri, corturi, saci de dormit. Fiecare articol proiectat \u00een cadrul companiei are o greutate minim\u0103 \u0219i o func\u021bionalitate maxim\u0103.<\/p>\n<p><\/p>","protected":false},"excerpt":{"rendered":"<p>Sac pentru haine STS Ultra Mesh Stuff Sack L 15L<\/p>","protected":false},"featured_media":3768,"comment_status":"open","ping_status":"closed","template":"","meta":{"_acf_changed":false,"inline_featured_image":false},"product_brand":[1281],"product_cat":[862],"product_tag":[],"class_list":{"0":"post-3769","1":"product","2":"type-product","3":"status-publish","4":"has-post-thumbnail","6":"product_brand-sea-to-summit","7":"product_cat-packing-backpack","9":"first","10":"instock","11":"shipping-taxable","12":"purchasable","13":"product-type-simple"},"acf":[],"yoast_head":"<!-- This site is optimized with the Yoast SEO plugin v27.4 - https:\/\/yoast.com\/product\/yoast-seo-wordpress\/ -->\n<title>\u041c\u0435\u0448\u043e\u043a \u0434\u043b\u044f \u0432\u0435\u0449\u0435\u0439 STS Ultra Mesh Stuff Sack L 15L - \u041c\u0430\u0433\u0430\u0437\u0438\u043d Xstyle<\/title>\n<meta name=\"description\" content=\"\u041c\u0435\u0448\u043e\u043a \u0434\u043b\u044f \u0432\u0435\u0449\u0435\u0439 STS Ultra Mesh Stuff Sack L 15L \u2013 \u0438\u0434\u0435\u0430\u043b\u044c\u043d\u044b\u0439 \u0432\u044b\u0431\u043e\u0440 \u0434\u043b\u044f \u0445\u0440\u0430\u043d\u0435\u043d\u0438\u044f \u0438 \u0442\u0440\u0430\u043d\u0441\u043f\u043e\u0440\u0442\u0438\u0440\u043e\u0432\u043a\u0438 \u0432\u0430\u0448\u0435\u0433\u043e \u0441\u043d\u0430\u0440\u044f\u0436\u0435\u043d\u0438\u044f. \u041f\u0440\u043e\u0447\u043d\u044b\u0439 \u0438 \u043b\u0435\u0433\u043a\u0438\u0439, \u0441 \u043f\u0440\u043e\u0437\u0440\u0430\u0447\u043d\u043e\u0439 \u0441\u0435\u0442\u043a\u043e\u0439.\" \/>\n<meta name=\"robots\" content=\"index, follow, max-snippet:-1, max-image-preview:large, max-video-preview:-1\" \/>\n<link rel=\"canonical\" href=\"https:\/\/xstyle.md\/ro\/produs\/meshok-dlja-veschej-sea-to-summit-mesh-stuff-sack-large-15-l\/\" \/>\n<meta property=\"og:locale\" content=\"ro_RO\" \/>\n<meta property=\"og:type\" content=\"article\" \/>\n<meta property=\"og:title\" content=\"\u041c\u0435\u0448\u043e\u043a \u0434\u043b\u044f \u0432\u0435\u0449\u0435\u0439 STS Ultra Mesh Stuff Sack L 15L - \u041c\u0430\u0433\u0430\u0437\u0438\u043d Xstyle\" \/>\n<meta property=\"og:description\" content=\"\u041c\u0435\u0448\u043e\u043a \u0434\u043b\u044f \u0432\u0435\u0449\u0435\u0439 STS Ultra Mesh Stuff Sack L 15L \u2013 \u0438\u0434\u0435\u0430\u043b\u044c\u043d\u044b\u0439 \u0432\u044b\u0431\u043e\u0440 \u0434\u043b\u044f \u0445\u0440\u0430\u043d\u0435\u043d\u0438\u044f \u0438 \u0442\u0440\u0430\u043d\u0441\u043f\u043e\u0440\u0442\u0438\u0440\u043e\u0432\u043a\u0438 \u0432\u0430\u0448\u0435\u0433\u043e \u0441\u043d\u0430\u0440\u044f\u0436\u0435\u043d\u0438\u044f. \u041f\u0440\u043e\u0447\u043d\u044b\u0439 \u0438 \u043b\u0435\u0433\u043a\u0438\u0439, \u0441 \u043f\u0440\u043e\u0437\u0440\u0430\u0447\u043d\u043e\u0439 \u0441\u0435\u0442\u043a\u043e\u0439.\" \/>\n<meta property=\"og:url\" content=\"https:\/\/xstyle.md\/ro\/produs\/meshok-dlja-veschej-sea-to-summit-mesh-stuff-sack-large-15-l\/\" \/>\n<meta property=\"og:site_name\" content=\"\u041c\u0430\u0433\u0430\u0437\u0438\u043d Xstyle\" \/>\n<meta property=\"article:publisher\" content=\"https:\/\/www.facebook.com\/xstylemd\" \/>\n<meta property=\"article:modified_time\" content=\"2024-10-21T06:53:39+00:00\" \/>\n<meta property=\"og:image\" content=\"https:\/\/xstyle.md\/wp-content\/uploads\/2020\/07\/531-32_1_hires.jpg\" \/>\n\t<meta property=\"og:image:width\" content=\"1600\" \/>\n\t<meta property=\"og:image:height\" content=\"1600\" \/>\n\t<meta property=\"og:image:type\" content=\"image\/jpeg\" \/>\n<meta name=\"twitter:card\" content=\"summary_large_image\" \/>\n<meta name=\"twitter:label1\" content=\"Pre\u021b\" \/>\n\t<meta name=\"twitter:data1\" content=\"310&nbsp;MDL\" \/>\n\t<meta name=\"twitter:label2\" content=\"Disponibilitate\" \/>\n\t<meta name=\"twitter:data2\" content=\"\u00cen stoc\" \/>\n<script type=\"application\/ld+json\" class=\"yoast-schema-graph\">{\"@context\":\"https:\\\/\\\/schema.org\",\"@graph\":[{\"@type\":\"WebPage\",\"@id\":\"https:\\\/\\\/xstyle.md\\\/product\\\/meshok-dlja-veschej-sea-to-summit-mesh-stuff-sack-large-15-l\\\/\",\"url\":\"https:\\\/\\\/xstyle.md\\\/product\\\/meshok-dlja-veschej-sea-to-summit-mesh-stuff-sack-large-15-l\\\/\",\"name\":\"\u041c\u0435\u0448\u043e\u043a \u0434\u043b\u044f \u0432\u0435\u0449\u0435\u0439 STS Ultra Mesh Stuff Sack L 15L - \u041c\u0430\u0433\u0430\u0437\u0438\u043d Xstyle\",\"isPartOf\":{\"@id\":\"https:\\\/\\\/xstyle.md\\\/#website\"},\"primaryImageOfPage\":{\"@id\":\"https:\\\/\\\/xstyle.md\\\/product\\\/meshok-dlja-veschej-sea-to-summit-mesh-stuff-sack-large-15-l\\\/#primaryimage\"},\"image\":{\"@id\":\"https:\\\/\\\/xstyle.md\\\/product\\\/meshok-dlja-veschej-sea-to-summit-mesh-stuff-sack-large-15-l\\\/#primaryimage\"},\"thumbnailUrl\":\"https:\\\/\\\/xstyle.md\\\/wp-content\\\/uploads\\\/2020\\\/07\\\/531-32_1_hires.jpg\",\"datePublished\":\"2020-07-16T16:15:07+00:00\",\"dateModified\":\"2024-10-21T06:53:39+00:00\",\"description\":\"\u041c\u0435\u0448\u043e\u043a \u0434\u043b\u044f \u0432\u0435\u0449\u0435\u0439 STS Ultra Mesh Stuff Sack L 15L \u2013 \u0438\u0434\u0435\u0430\u043b\u044c\u043d\u044b\u0439 \u0432\u044b\u0431\u043e\u0440 \u0434\u043b\u044f \u0445\u0440\u0430\u043d\u0435\u043d\u0438\u044f \u0438 \u0442\u0440\u0430\u043d\u0441\u043f\u043e\u0440\u0442\u0438\u0440\u043e\u0432\u043a\u0438 \u0432\u0430\u0448\u0435\u0433\u043e \u0441\u043d\u0430\u0440\u044f\u0436\u0435\u043d\u0438\u044f. \u041f\u0440\u043e\u0447\u043d\u044b\u0439 \u0438 \u043b\u0435\u0433\u043a\u0438\u0439, \u0441 \u043f\u0440\u043e\u0437\u0440\u0430\u0447\u043d\u043e\u0439 \u0441\u0435\u0442\u043a\u043e\u0439.\",\"breadcrumb\":{\"@id\":\"https:\\\/\\\/xstyle.md\\\/product\\\/meshok-dlja-veschej-sea-to-summit-mesh-stuff-sack-large-15-l\\\/#breadcrumb\"},\"inLanguage\":\"ro-RO\",\"potentialAction\":[{\"@type\":\"ReadAction\",\"target\":[\"https:\\\/\\\/xstyle.md\\\/product\\\/meshok-dlja-veschej-sea-to-summit-mesh-stuff-sack-large-15-l\\\/\"]}]},{\"@type\":\"ImageObject\",\"inLanguage\":\"ro-RO\",\"@id\":\"https:\\\/\\\/xstyle.md\\\/product\\\/meshok-dlja-veschej-sea-to-summit-mesh-stuff-sack-large-15-l\\\/#primaryimage\",\"url\":\"https:\\\/\\\/xstyle.md\\\/wp-content\\\/uploads\\\/2020\\\/07\\\/531-32_1_hires.jpg\",\"contentUrl\":\"https:\\\/\\\/xstyle.md\\\/wp-content\\\/uploads\\\/2020\\\/07\\\/531-32_1_hires.jpg\",\"width\":1600,\"height\":1600},{\"@type\":\"BreadcrumbList\",\"@id\":\"https:\\\/\\\/xstyle.md\\\/product\\\/meshok-dlja-veschej-sea-to-summit-mesh-stuff-sack-large-15-l\\\/#breadcrumb\",\"itemListElement\":[{\"@type\":\"ListItem\",\"position\":1,\"name\":\"\u0413\u043b\u0430\u0432\u043d\u0430\u044f \u0441\u0442\u0440\u0430\u043d\u0438\u0446\u0430\",\"item\":\"https:\\\/\\\/xstyle.md\\\/\"},{\"@type\":\"ListItem\",\"position\":2,\"name\":\"\u041c\u0430\u0433\u0430\u0437\u0438\u043d\",\"item\":\"https:\\\/\\\/xstyle.md\\\/shop\\\/\"},{\"@type\":\"ListItem\",\"position\":3,\"name\":\"\u041c\u0435\u0448\u043e\u043a \u0434\u043b\u044f \u0432\u0435\u0449\u0435\u0439 STS Ultra Mesh Stuff Sack L 15L\"}]},{\"@type\":\"WebSite\",\"@id\":\"https:\\\/\\\/xstyle.md\\\/#website\",\"url\":\"https:\\\/\\\/xstyle.md\\\/\",\"name\":\"\u041c\u0430\u0433\u0430\u0437\u0438\u043d Xstyle\",\"description\":\"C\u043d\u0430\u0440\u044f\u0436\u0435\u043d\u0438\u0435 \u0434\u043b\u044f \u0442\u0443\u0440\u0438\u0437\u043c\u0430 \u0438 \u044d\u043a\u0441\u0442\u0440\u0435\u043c\u0430\u043b\u044c\u043d\u044b\u0445 \u0432\u0438\u0434\u043e\u0432 \u0441\u043f\u043e\u0440\u0442\u0430 \u0432 \u041c\u043e\u043b\u0434\u043e\u0432\u0435.. \u0426\u0435\u043d\u044b, \u0444\u043e\u0442\u043e, \u0445\u0430\u0440\u0430\u043a\u0442\u0435\u0440\u0438\u0441\u0442\u0438\u043a\u0438 \u0432 \u041c\u043e\u043b\u0434\u043e\u0432\u0435.\",\"publisher\":{\"@id\":\"https:\\\/\\\/xstyle.md\\\/#organization\"},\"alternateName\":\"X-Style\",\"potentialAction\":[{\"@type\":\"SearchAction\",\"target\":{\"@type\":\"EntryPoint\",\"urlTemplate\":\"https:\\\/\\\/xstyle.md\\\/?s={search_term_string}\"},\"query-input\":{\"@type\":\"PropertyValueSpecification\",\"valueRequired\":true,\"valueName\":\"search_term_string\"}}],\"inLanguage\":\"ro-RO\"},{\"@type\":\"Organization\",\"@id\":\"https:\\\/\\\/xstyle.md\\\/#organization\",\"name\":\"\u041c\u0430\u0433\u0430\u0437\u0438\u043d Xstyle\",\"alternateName\":\"x-style\",\"url\":\"https:\\\/\\\/xstyle.md\\\/\",\"logo\":{\"@type\":\"ImageObject\",\"inLanguage\":\"ro-RO\",\"@id\":\"https:\\\/\\\/xstyle.md\\\/#\\\/schema\\\/logo\\\/image\\\/\",\"url\":\"https:\\\/\\\/xstyle.md\\\/wp-content\\\/uploads\\\/2020\\\/06\\\/logoicon.svg\",\"contentUrl\":\"https:\\\/\\\/xstyle.md\\\/wp-content\\\/uploads\\\/2020\\\/06\\\/logoicon.svg\",\"caption\":\"\u041c\u0430\u0433\u0430\u0437\u0438\u043d Xstyle\"},\"image\":{\"@id\":\"https:\\\/\\\/xstyle.md\\\/#\\\/schema\\\/logo\\\/image\\\/\"},\"sameAs\":[\"https:\\\/\\\/www.facebook.com\\\/xstylemd\",\"https:\\\/\\\/www.instagram.com\\\/xstyle_md\\\/\",\"https:\\\/\\\/t.me\\\/xstyle_outdoor\"],\"hasMerchantReturnPolicy\":{\"@type\":\"MerchantReturnPolicy\",\"merchantReturnLink\":\"https:\\\/\\\/xstyle.md\\\/ro\\\/conditions\\\/\"}}]}<\/script>\n<meta property=\"product:price:amount\" content=\"310.00\" \/>\n<meta property=\"product:price:currency\" content=\"MDL\" \/>\n<meta property=\"og:availability\" content=\"instock\" \/>\n<meta property=\"product:availability\" content=\"instock\" \/>\n<meta property=\"product:retailer_item_id\" content=\"9327868028276\" \/>\n<meta property=\"product:condition\" content=\"new\" \/>\n<!-- \/ Yoast SEO plugin. -->","yoast_head_json":{"title":"Sac pentru haine STS Ultra Mesh Stuff Sack L 15L - Magazin Xstyle","description":"Sacul pentru depozitare STS Ultra Mesh Stuff Sack L 15L \u2013 alegerea ideal\u0103 pentru stocarea \u0219i transportul echipamentului vostru. Rezistent \u0219i u\u0219or, cu plas\u0103 transparent\u0103.","robots":{"index":"index","follow":"follow","max-snippet":"max-snippet:-1","max-image-preview":"max-image-preview:large","max-video-preview":"max-video-preview:-1"},"canonical":"https:\/\/xstyle.md\/ro\/produs\/meshok-dlja-veschej-sea-to-summit-mesh-stuff-sack-large-15-l\/","og_locale":"ro_RO","og_type":"article","og_title":"\u041c\u0435\u0448\u043e\u043a \u0434\u043b\u044f \u0432\u0435\u0449\u0435\u0439 STS Ultra Mesh Stuff Sack L 15L - \u041c\u0430\u0433\u0430\u0437\u0438\u043d Xstyle","og_description":"\u041c\u0435\u0448\u043e\u043a \u0434\u043b\u044f \u0432\u0435\u0449\u0435\u0439 STS Ultra Mesh Stuff Sack L 15L \u2013 \u0438\u0434\u0435\u0430\u043b\u044c\u043d\u044b\u0439 \u0432\u044b\u0431\u043e\u0440 \u0434\u043b\u044f \u0445\u0440\u0430\u043d\u0435\u043d\u0438\u044f \u0438 \u0442\u0440\u0430\u043d\u0441\u043f\u043e\u0440\u0442\u0438\u0440\u043e\u0432\u043a\u0438 \u0432\u0430\u0448\u0435\u0433\u043e \u0441\u043d\u0430\u0440\u044f\u0436\u0435\u043d\u0438\u044f. \u041f\u0440\u043e\u0447\u043d\u044b\u0439 \u0438 \u043b\u0435\u0433\u043a\u0438\u0439, \u0441 \u043f\u0440\u043e\u0437\u0440\u0430\u0447\u043d\u043e\u0439 \u0441\u0435\u0442\u043a\u043e\u0439.","og_url":"https:\/\/xstyle.md\/ro\/produs\/meshok-dlja-veschej-sea-to-summit-mesh-stuff-sack-large-15-l\/","og_site_name":"\u041c\u0430\u0433\u0430\u0437\u0438\u043d Xstyle","article_publisher":"https:\/\/www.facebook.com\/xstylemd","article_modified_time":"2024-10-21T06:53:39+00:00","og_image":[{"width":1600,"height":1600,"url":"https:\/\/xstyle.md\/wp-content\/uploads\/2020\/07\/531-32_1_hires.jpg","type":"image\/jpeg"}],"twitter_card":"summary_large_image","twitter_misc":{"Pre\u021b":"310&nbsp;MDL","Disponibilitate":"\u00cen stoc"},"schema":{"@context":"https:\/\/schema.org","@graph":[{"@type":"WebPage","@id":"https:\/\/xstyle.md\/product\/meshok-dlja-veschej-sea-to-summit-mesh-stuff-sack-large-15-l\/","url":"https:\/\/xstyle.md\/product\/meshok-dlja-veschej-sea-to-summit-mesh-stuff-sack-large-15-l\/","name":"Sac pentru haine STS Ultra Mesh Stuff Sack L 15L - Magazin Xstyle","isPartOf":{"@id":"https:\/\/xstyle.md\/#website"},"primaryImageOfPage":{"@id":"https:\/\/xstyle.md\/product\/meshok-dlja-veschej-sea-to-summit-mesh-stuff-sack-large-15-l\/#primaryimage"},"image":{"@id":"https:\/\/xstyle.md\/product\/meshok-dlja-veschej-sea-to-summit-mesh-stuff-sack-large-15-l\/#primaryimage"},"thumbnailUrl":"https:\/\/xstyle.md\/wp-content\/uploads\/2020\/07\/531-32_1_hires.jpg","datePublished":"2020-07-16T16:15:07+00:00","dateModified":"2024-10-21T06:53:39+00:00","description":"Sacul pentru depozitare STS Ultra Mesh Stuff Sack L 15L \u2013 alegerea ideal\u0103 pentru stocarea \u0219i transportul echipamentului vostru. Rezistent \u0219i u\u0219or, cu plas\u0103 transparent\u0103.","breadcrumb":{"@id":"https:\/\/xstyle.md\/product\/meshok-dlja-veschej-sea-to-summit-mesh-stuff-sack-large-15-l\/#breadcrumb"},"inLanguage":"ro-RO","potentialAction":[{"@type":"ReadAction","target":["https:\/\/xstyle.md\/product\/meshok-dlja-veschej-sea-to-summit-mesh-stuff-sack-large-15-l\/"]}]},{"@type":"ImageObject","inLanguage":"ro-RO","@id":"https:\/\/xstyle.md\/product\/meshok-dlja-veschej-sea-to-summit-mesh-stuff-sack-large-15-l\/#primaryimage","url":"https:\/\/xstyle.md\/wp-content\/uploads\/2020\/07\/531-32_1_hires.jpg","contentUrl":"https:\/\/xstyle.md\/wp-content\/uploads\/2020\/07\/531-32_1_hires.jpg","width":1600,"height":1600},{"@type":"BreadcrumbList","@id":"https:\/\/xstyle.md\/product\/meshok-dlja-veschej-sea-to-summit-mesh-stuff-sack-large-15-l\/#breadcrumb","itemListElement":[{"@type":"ListItem","position":1,"name":"\u0413\u043b\u0430\u0432\u043d\u0430\u044f \u0441\u0442\u0440\u0430\u043d\u0438\u0446\u0430","item":"https:\/\/xstyle.md\/"},{"@type":"ListItem","position":2,"name":"\u041c\u0430\u0433\u0430\u0437\u0438\u043d","item":"https:\/\/xstyle.md\/shop\/"},{"@type":"ListItem","position":3,"name":"\u041c\u0435\u0448\u043e\u043a \u0434\u043b\u044f \u0432\u0435\u0449\u0435\u0439 STS Ultra Mesh Stuff Sack L 15L"}]},{"@type":"WebSite","@id":"https:\/\/xstyle.md\/#website","url":"https:\/\/xstyle.md\/","name":"Magazinul X-Style","description":"Echipamente pentru turism \u0219i sporturi extreme \u00een Moldova. Pre\u021buri, fotografii, caracteristici \u00een Moldova.","publisher":{"@id":"https:\/\/xstyle.md\/#organization"},"alternateName":"X-Style","potentialAction":[{"@type":"SearchAction","target":{"@type":"EntryPoint","urlTemplate":"https:\/\/xstyle.md\/?s={search_term_string}"},"query-input":{"@type":"PropertyValueSpecification","valueRequired":true,"valueName":"search_term_string"}}],"inLanguage":"ro-RO"},{"@type":"Organization","@id":"https:\/\/xstyle.md\/#organization","name":"Magazinul X-Style","alternateName":"x-style","url":"https:\/\/xstyle.md\/","logo":{"@type":"ImageObject","inLanguage":"ro-RO","@id":"https:\/\/xstyle.md\/#\/schema\/logo\/image\/","url":"https:\/\/xstyle.md\/wp-content\/uploads\/2020\/06\/logoicon.svg","contentUrl":"https:\/\/xstyle.md\/wp-content\/uploads\/2020\/06\/logoicon.svg","caption":"\u041c\u0430\u0433\u0430\u0437\u0438\u043d Xstyle"},"image":{"@id":"https:\/\/xstyle.md\/#\/schema\/logo\/image\/"},"sameAs":["https:\/\/www.facebook.com\/xstylemd","https:\/\/www.instagram.com\/xstyle_md\/","https:\/\/t.me\/xstyle_outdoor"],"hasMerchantReturnPolicy":{"@type":"MerchantReturnPolicy","merchantReturnLink":"https:\/\/xstyle.md\/ro\/conditions\/"}}]},"product_price_amount":"310.00","product_price_currency":"MDL","og_availability":"instock","product_availability":"instock","product_retailer_item_id":"9327868028276","product_condition":"new"},"_links":{"self":[{"href":"https:\/\/xstyle.md\/ro\/wp-json\/wp\/v2\/product\/3769","targetHints":{"allow":["GET"]}}],"collection":[{"href":"https:\/\/xstyle.md\/ro\/wp-json\/wp\/v2\/product"}],"about":[{"href":"https:\/\/xstyle.md\/ro\/wp-json\/wp\/v2\/types\/product"}],"replies":[{"embeddable":true,"href":"https:\/\/xstyle.md\/ro\/wp-json\/wp\/v2\/comments?post=3769"}],"wp:featuredmedia":[{"embeddable":true,"href":"https:\/\/xstyle.md\/ro\/wp-json\/wp\/v2\/media\/3768"}],"wp:attachment":[{"href":"https:\/\/xstyle.md\/ro\/wp-json\/wp\/v2\/media?parent=3769"}],"wp:term":[{"taxonomy":"product_brand","embeddable":true,"href":"https:\/\/xstyle.md\/ro\/wp-json\/wp\/v2\/product_brand?post=3769"},{"taxonomy":"product_cat","embeddable":true,"href":"https:\/\/xstyle.md\/ro\/wp-json\/wp\/v2\/product_cat?post=3769"},{"taxonomy":"product_tag","embeddable":true,"href":"https:\/\/xstyle.md\/ro\/wp-json\/wp\/v2\/product_tag?post=3769"}],"curies":[{"name":"wp","href":"https:\/\/api.w.org\/{rel}","templated":true}]}}