{"id":37664,"date":"2021-07-27T14:26:01","date_gmt":"2021-07-27T11:26:01","guid":{"rendered":"https:\/\/xstyle.md\/?post_type=product&#038;p=37664"},"modified":"2025-12-18T17:15:47","modified_gmt":"2025-12-18T14:15:47","slug":"pohodnaja-pech-podzarjadka-biolite-campstove-2-plus","status":"publish","type":"product","link":"https:\/\/xstyle.md\/ro\/produs\/pohodnaja-pech-podzarjadka-biolite-campstove-2-plus\/","title":{"rendered":"Aragaz de re\u00eenc\u0103rcare camping BioLite CampStove 2 plus"},"content":{"rendered":"<\/p>\n<p>Aragaz de re\u00eenc\u0103rcare camping <strong>BioLite CampStove 2 plus<\/strong> transform\u0103 c\u0103ldura rezultat\u0103 din arderea combustibilului \u00een energie electric\u0103 pentru a \u00eenc\u0103rca un telefon mobil, o tablet\u0103, o lantern\u0103 sau un alt gadget. O sob\u0103 cu generator electric alimentat\u0103 cu lemne este util\u0103 atunci c\u00e2nd nu exist\u0103 o surs\u0103 permanent\u0103 de energie electric\u0103. Aceasta este o sob\u0103 cu lemne pentru generarea de electricitate, care are o list\u0103 lung\u0103 de avantaje.<\/p>\n<p>BioLite CampStove 2 cu generator electric func\u021bioneaz\u0103 cu lemne. Acesta converte\u0219te energia termic\u0103 \u00een energie electric\u0103. Face acest lucru dup\u0103 ce arde orice lemn sau c\u0103rbune. Energia este distribuit\u0103 de un microprocesor \u00eencorporat, iar energia electric\u0103 din generatorul alimentat cu lemn este stocat\u0103 \u00eentr-o baterie.<\/p>\n<p>\u00centre\u021binerea unit\u0103\u021bii se limiteaz\u0103 la o cur\u0103\u021bare u\u0219oar\u0103. Conform recenziilor clien\u021bilor, aragazul cu generator electric CampStove 2 este potrivit pentru c\u0103l\u0103torii lungi, scurte. Acesta este un dispozitiv rezistent care v\u0103 permite s\u0103 \u00eenc\u0103rca\u021bi 100% din smartphone-ul dvs. \u00een orice moment al zilei.<\/p>\n<h3>Particularit\u0103\u021bi<\/h3>\n<ul>\n<li>Bateria \u00eencorporat\u0103 de 2600 mAh \u00eencarc\u0103 dispozitivele at\u00e2t \u00een timpul func\u021bion\u0103rii aragazului, c\u00e2t \u0219i \u00een modul baterie extern\u0103.<\/li>\n<li>Panou LED inteligent. Feedback \u00een timp real privind puterea focului, puterea \u0219i viteza ventilatorului.<\/li>\n<li>\u00cenc\u0103rcare USB cu putere mare.<\/li>\n<li>Sistemul termoelectric actualizat creeaz\u0103 \u0219i mai mult\u0103 energie din foc.<\/li>\n<li>Set\u0103ri interne ale ventilatorului. 4 viteze ale ventilatorului asigur\u0103 circula\u021bia aerului pentru o ardere \u0219i o eficien\u021b\u0103 \u00eembun\u0103t\u0103\u021bite.<\/li>\n<li>Picioare u\u0219oare din aluminiu. Plia\u021bi picioarele \u00een sus \u0219i \u00een jos pentru portabilitate \u00een cuiburi.<\/li>\n<li>Plas\u0103 termic\u0103. Barier\u0103 de protec\u021bie de la camera de ardere intern\u0103.<\/li>\n<li>Suport pentru farfurie unde pute\u021bi a\u0219eza un BioLite KettlePot sau PortableGrill \u0219i alte ustensile.<\/li>\n<li>Lantern\u0103 LED FlexLight pe un fir flexibil pentru a ilumina zona de g\u0103tit pe timp de noapte.<\/li>\n<\/ul>\n<h3>Setul include<\/h3>\n<ul>\n<li>CampStove 2<\/li>\n<li>FlexLight<\/li>\n<li>Cablu USB<\/li>\n<li>Aprindere<\/li>\n<li>Manual de instruc\u021biuni<\/li>\n<li>Hus\u0103.<\/li>\n<\/ul>\n<h3>Caracteristici<\/h3>\n<ul>\n<li>Combustibil &#8212; conuri, ramuri, frunze<\/li>\n<li>Baterie &#8212; 2600 mAh<\/li>\n<li>Puterea portului USB &#8212; 3W\/5V<\/li>\n<li>Dimensiunile aragazului &#8212; 209,6 x 127 mm (H x L)<\/li>\n<li>Greutatea aragazului &#8212; 935 g.<\/li>\n<\/ul>\n<p><\/p>","protected":false},"excerpt":{"rendered":"<p>Aragaz de re\u00eenc\u0103rcare camping BioLite CampStove 2 plus<\/p>","protected":false},"featured_media":37881,"comment_status":"open","ping_status":"closed","template":"","meta":{"_acf_changed":false,"inline_featured_image":false},"product_brand":[1390],"product_cat":[273],"product_tag":[],"class_list":{"0":"post-37664","1":"product","2":"type-product","3":"status-publish","4":"has-post-thumbnail","6":"product_brand-biolite","7":"product_cat-arzator-combustibil","9":"first","10":"instock","11":"shipping-taxable","12":"purchasable","13":"product-type-simple"},"acf":[],"yoast_head":"<!-- This site is optimized with the Yoast SEO plugin v27.2 - https:\/\/yoast.com\/product\/yoast-seo-wordpress\/ -->\n<title>\u041f\u043e\u0445\u043e\u0434\u043d\u0430\u044f \u043f\u0435\u0447\u044c-\u043f\u043e\u0434\u0437\u0430\u0440\u044f\u0434\u043a\u0430 BioLite CampStove 2 plus - \u041c\u0430\u0433\u0430\u0437\u0438\u043d Xstyle<\/title>\n<meta name=\"description\" content=\"\u041f\u043e\u0445\u043e\u0434\u043d\u0430\u044f \u043f\u0435\u0447\u044c-\u043f\u043e\u0434\u0437\u0430\u0440\u044f\u0434\u043a\u0430 BioLite CampStove 2 plus \u043f\u0440\u0435\u0432\u0440\u0430\u0449\u0430\u0435\u0442 \u0442\u0435\u043f\u043b\u043e \u0432 \u044d\u043b\u0435\u043a\u0442\u0440\u0438\u0447\u0435\u0441\u0442\u0432\u043e, \u043f\u043e\u0437\u0432\u043e\u043b\u044f\u044f \u0437\u0430\u0440\u044f\u0436\u0430\u0442\u044c \u0443\u0441\u0442\u0440\u043e\u0439\u0441\u0442\u0432\u0430 \u043d\u0430 \u043f\u0440\u0438\u0440\u043e\u0434\u0435. \u0418\u0434\u0435\u0430\u043b\u044c\u043d\u043e \u0434\u043b\u044f \u0442\u0443\u0440\u0438\u0437\u043c\u0430!\" \/>\n<meta name=\"robots\" content=\"index, follow, max-snippet:-1, max-image-preview:large, max-video-preview:-1\" \/>\n<link rel=\"canonical\" href=\"https:\/\/xstyle.md\/ro\/produs\/pohodnaja-pech-podzarjadka-biolite-campstove-2-plus\/\" \/>\n<meta property=\"og:locale\" content=\"ro_RO\" \/>\n<meta property=\"og:type\" content=\"article\" \/>\n<meta property=\"og:title\" content=\"\u041f\u043e\u0445\u043e\u0434\u043d\u0430\u044f \u043f\u0435\u0447\u044c-\u043f\u043e\u0434\u0437\u0430\u0440\u044f\u0434\u043a\u0430 BioLite CampStove 2 plus - \u041c\u0430\u0433\u0430\u0437\u0438\u043d Xstyle\" \/>\n<meta property=\"og:description\" content=\"\u041f\u043e\u0445\u043e\u0434\u043d\u0430\u044f \u043f\u0435\u0447\u044c-\u043f\u043e\u0434\u0437\u0430\u0440\u044f\u0434\u043a\u0430 BioLite CampStove 2 plus \u043f\u0440\u0435\u0432\u0440\u0430\u0449\u0430\u0435\u0442 \u0442\u0435\u043f\u043b\u043e \u0432 \u044d\u043b\u0435\u043a\u0442\u0440\u0438\u0447\u0435\u0441\u0442\u0432\u043e, \u043f\u043e\u0437\u0432\u043e\u043b\u044f\u044f \u0437\u0430\u0440\u044f\u0436\u0430\u0442\u044c \u0443\u0441\u0442\u0440\u043e\u0439\u0441\u0442\u0432\u0430 \u043d\u0430 \u043f\u0440\u0438\u0440\u043e\u0434\u0435. \u0418\u0434\u0435\u0430\u043b\u044c\u043d\u043e \u0434\u043b\u044f \u0442\u0443\u0440\u0438\u0437\u043c\u0430!\" \/>\n<meta property=\"og:url\" content=\"https:\/\/xstyle.md\/ro\/produs\/pohodnaja-pech-podzarjadka-biolite-campstove-2-plus\/\" \/>\n<meta property=\"og:site_name\" content=\"\u041c\u0430\u0433\u0430\u0437\u0438\u043d Xstyle\" \/>\n<meta property=\"article:publisher\" content=\"https:\/\/www.facebook.com\/xstylemd\" \/>\n<meta property=\"article:modified_time\" content=\"2025-12-18T14:15:47+00:00\" \/>\n<meta property=\"og:image\" content=\"https:\/\/xstyle.md\/wp-content\/uploads\/2021\/07\/biolite-campstove-2-plus.jpg\" \/>\n\t<meta property=\"og:image:width\" content=\"1000\" \/>\n\t<meta property=\"og:image:height\" content=\"1000\" \/>\n\t<meta property=\"og:image:type\" content=\"image\/jpeg\" \/>\n<meta name=\"twitter:card\" content=\"summary_large_image\" \/>\n<meta name=\"twitter:label1\" content=\"Pre\u021b\" \/>\n\t<meta name=\"twitter:data1\" content=\"3.790&nbsp;MDL\" \/>\n\t<meta name=\"twitter:label2\" content=\"Disponibilitate\" \/>\n\t<meta name=\"twitter:data2\" content=\"\u00cen stoc\" \/>\n<script type=\"application\/ld+json\" class=\"yoast-schema-graph\">{\"@context\":\"https:\/\/schema.org\",\"@graph\":[{\"@type\":\"WebPage\",\"@id\":\"https:\/\/xstyle.md\/product\/pohodnaja-pech-podzarjadka-biolite-campstove-2-plus\/\",\"url\":\"https:\/\/xstyle.md\/product\/pohodnaja-pech-podzarjadka-biolite-campstove-2-plus\/\",\"name\":\"\u041f\u043e\u0445\u043e\u0434\u043d\u0430\u044f \u043f\u0435\u0447\u044c-\u043f\u043e\u0434\u0437\u0430\u0440\u044f\u0434\u043a\u0430 BioLite CampStove 2 plus - \u041c\u0430\u0433\u0430\u0437\u0438\u043d Xstyle\",\"isPartOf\":{\"@id\":\"https:\/\/xstyle.md\/#website\"},\"primaryImageOfPage\":{\"@id\":\"https:\/\/xstyle.md\/product\/pohodnaja-pech-podzarjadka-biolite-campstove-2-plus\/#primaryimage\"},\"image\":{\"@id\":\"https:\/\/xstyle.md\/product\/pohodnaja-pech-podzarjadka-biolite-campstove-2-plus\/#primaryimage\"},\"thumbnailUrl\":\"https:\/\/xstyle.md\/wp-content\/uploads\/2021\/07\/biolite-campstove-2-plus.jpg\",\"datePublished\":\"2021-07-27T11:26:01+00:00\",\"dateModified\":\"2025-12-18T14:15:47+00:00\",\"description\":\"\u041f\u043e\u0445\u043e\u0434\u043d\u0430\u044f \u043f\u0435\u0447\u044c-\u043f\u043e\u0434\u0437\u0430\u0440\u044f\u0434\u043a\u0430 BioLite CampStove 2 plus \u043f\u0440\u0435\u0432\u0440\u0430\u0449\u0430\u0435\u0442 \u0442\u0435\u043f\u043b\u043e \u0432 \u044d\u043b\u0435\u043a\u0442\u0440\u0438\u0447\u0435\u0441\u0442\u0432\u043e, \u043f\u043e\u0437\u0432\u043e\u043b\u044f\u044f \u0437\u0430\u0440\u044f\u0436\u0430\u0442\u044c \u0443\u0441\u0442\u0440\u043e\u0439\u0441\u0442\u0432\u0430 \u043d\u0430 \u043f\u0440\u0438\u0440\u043e\u0434\u0435. \u0418\u0434\u0435\u0430\u043b\u044c\u043d\u043e \u0434\u043b\u044f \u0442\u0443\u0440\u0438\u0437\u043c\u0430!\",\"breadcrumb\":{\"@id\":\"https:\/\/xstyle.md\/product\/pohodnaja-pech-podzarjadka-biolite-campstove-2-plus\/#breadcrumb\"},\"inLanguage\":\"ro-RO\",\"potentialAction\":[{\"@type\":\"ReadAction\",\"target\":[\"https:\/\/xstyle.md\/product\/pohodnaja-pech-podzarjadka-biolite-campstove-2-plus\/\"]}]},{\"@type\":\"ImageObject\",\"inLanguage\":\"ro-RO\",\"@id\":\"https:\/\/xstyle.md\/product\/pohodnaja-pech-podzarjadka-biolite-campstove-2-plus\/#primaryimage\",\"url\":\"https:\/\/xstyle.md\/wp-content\/uploads\/2021\/07\/biolite-campstove-2-plus.jpg\",\"contentUrl\":\"https:\/\/xstyle.md\/wp-content\/uploads\/2021\/07\/biolite-campstove-2-plus.jpg\",\"width\":1000,\"height\":1000,\"caption\":\"\u041c\u0438\u043d\u0438\u0430\u0442\u044e\u0440\u043d\u043e\u0435 \u0442\u0443\u0440\u0438\u0441\u0442\u0438\u0447\u0435\u0441\u043a\u043e\u0435 \u043f\u043e\u0445\u043e\u0434\u043d\u043e\u0435 \u0443\u0441\u0442\u0440\u043e\u0439\u0441\u0442\u0432\u043e BioLite CampStove 2 plus \u0434\u043b\u044f \u0430\u043a\u0442\u0438\u0432\u043d\u043e\u0433\u043e \u043e\u0442\u0434\u044b\u0445\u0430 \u0438 \u043f\u0443\u0442\u0435\u0448\u0435\u0441\u0442\u0432\u0438\u0439 \u0441 \u043f\u043e\u0440\u0442\u0430\u0442\u0438\u0432\u043d\u043e\u0439 \u0437\u0430\u0440\u044f\u0434\u043a\u043e\u0439, \u043f\u043e\u0445\u043e\u0434\u043d\u0430\u044f \u043f\u0435\u0447\u044c, \u044d\u043a\u0438\u043f\u0438\u0440\u043e\u0432\u043a\u0430 \u0434\u043b\u044f \u0430\u043a\u0442\u0438\u0432\u043d\u043e\u0439 \u0436\u0438\u0437\u043d\u0438, \u043e\u0431\u0443\u0432\u044c \u0438 \u043e\u0434\u0435\u0436\u0434\u0430 \u0434\u043b\u044f \u043f\u043e\u0445\u043e\u0434\u043e\u0432 \u0438 \u0430\u043b\u044c\u043f\u0438\u043d\u0438\u0437\u043c\u0430\"},{\"@type\":\"BreadcrumbList\",\"@id\":\"https:\/\/xstyle.md\/product\/pohodnaja-pech-podzarjadka-biolite-campstove-2-plus\/#breadcrumb\",\"itemListElement\":[{\"@type\":\"ListItem\",\"position\":1,\"name\":\"\u0413\u043b\u0430\u0432\u043d\u0430\u044f \u0441\u0442\u0440\u0430\u043d\u0438\u0446\u0430\",\"item\":\"https:\/\/xstyle.md\/\"},{\"@type\":\"ListItem\",\"position\":2,\"name\":\"\u041c\u0430\u0433\u0430\u0437\u0438\u043d\",\"item\":\"https:\/\/xstyle.md\/shop\/\"},{\"@type\":\"ListItem\",\"position\":3,\"name\":\"\u041f\u043e\u0445\u043e\u0434\u043d\u0430\u044f \u043f\u0435\u0447\u044c-\u043f\u043e\u0434\u0437\u0430\u0440\u044f\u0434\u043a\u0430 BioLite CampStove 2 plus\"}]},{\"@type\":\"WebSite\",\"@id\":\"https:\/\/xstyle.md\/#website\",\"url\":\"https:\/\/xstyle.md\/\",\"name\":\"\u041c\u0430\u0433\u0430\u0437\u0438\u043d Xstyle\",\"description\":\"C\u043d\u0430\u0440\u044f\u0436\u0435\u043d\u0438\u0435 \u0434\u043b\u044f \u0442\u0443\u0440\u0438\u0437\u043c\u0430 \u0438 \u044d\u043a\u0441\u0442\u0440\u0435\u043c\u0430\u043b\u044c\u043d\u044b\u0445 \u0432\u0438\u0434\u043e\u0432 \u0441\u043f\u043e\u0440\u0442\u0430 \u0432 \u041c\u043e\u043b\u0434\u043e\u0432\u0435.. \u0426\u0435\u043d\u044b, \u0444\u043e\u0442\u043e, \u0445\u0430\u0440\u0430\u043a\u0442\u0435\u0440\u0438\u0441\u0442\u0438\u043a\u0438 \u0432 \u041c\u043e\u043b\u0434\u043e\u0432\u0435.\",\"publisher\":{\"@id\":\"https:\/\/xstyle.md\/#organization\"},\"alternateName\":\"X-Style\",\"potentialAction\":[{\"@type\":\"SearchAction\",\"target\":{\"@type\":\"EntryPoint\",\"urlTemplate\":\"https:\/\/xstyle.md\/?s={search_term_string}\"},\"query-input\":{\"@type\":\"PropertyValueSpecification\",\"valueRequired\":true,\"valueName\":\"search_term_string\"}}],\"inLanguage\":\"ro-RO\"},{\"@type\":\"Organization\",\"@id\":\"https:\/\/xstyle.md\/#organization\",\"name\":\"\u041c\u0430\u0433\u0430\u0437\u0438\u043d Xstyle\",\"alternateName\":\"x-style\",\"url\":\"https:\/\/xstyle.md\/\",\"logo\":{\"@type\":\"ImageObject\",\"inLanguage\":\"ro-RO\",\"@id\":\"https:\/\/xstyle.md\/#\/schema\/logo\/image\/\",\"url\":\"https:\/\/xstyle.md\/wp-content\/uploads\/2020\/06\/logoicon.svg\",\"contentUrl\":\"https:\/\/xstyle.md\/wp-content\/uploads\/2020\/06\/logoicon.svg\",\"caption\":\"\u041c\u0430\u0433\u0430\u0437\u0438\u043d Xstyle\"},\"image\":{\"@id\":\"https:\/\/xstyle.md\/#\/schema\/logo\/image\/\"},\"sameAs\":[\"https:\/\/www.facebook.com\/xstylemd\",\"https:\/\/www.instagram.com\/xstyle_md\/\",\"https:\/\/t.me\/xstyle_outdoor\"],\"hasMerchantReturnPolicy\":{\"@type\":\"MerchantReturnPolicy\",\"merchantReturnLink\":\"https:\/\/xstyle.md\/ro\/conditions\/\"}}]}<\/script>\n<meta property=\"product:price:amount\" content=\"3790.00\" \/>\n<meta property=\"product:price:currency\" content=\"MDL\" \/>\n<meta property=\"og:availability\" content=\"instock\" \/>\n<meta property=\"product:availability\" content=\"instock\" \/>\n<meta property=\"product:retailer_item_id\" content=\"850003383491\" \/>\n<meta property=\"product:condition\" content=\"new\" \/>\n<!-- \/ Yoast SEO plugin. -->","yoast_head_json":{"title":"Aragaz de re\u00eenc\u0103rcare camping BioLite CampStove 2 plus - Magazin Xstyle","description":"Cuptorul-portabil BioLite CampStove 2 plus transform\u0103 c\u0103ldura \u00een electricitate, permi\u021b\u00e2nd \u00eenc\u0103rcarea dispozitivelor \u00een natur\u0103. Ideal pentru drume\u021bii!","robots":{"index":"index","follow":"follow","max-snippet":"max-snippet:-1","max-image-preview":"max-image-preview:large","max-video-preview":"max-video-preview:-1"},"canonical":"https:\/\/xstyle.md\/ro\/produs\/pohodnaja-pech-podzarjadka-biolite-campstove-2-plus\/","og_locale":"ro_RO","og_type":"article","og_title":"\u041f\u043e\u0445\u043e\u0434\u043d\u0430\u044f \u043f\u0435\u0447\u044c-\u043f\u043e\u0434\u0437\u0430\u0440\u044f\u0434\u043a\u0430 BioLite CampStove 2 plus - \u041c\u0430\u0433\u0430\u0437\u0438\u043d Xstyle","og_description":"\u041f\u043e\u0445\u043e\u0434\u043d\u0430\u044f \u043f\u0435\u0447\u044c-\u043f\u043e\u0434\u0437\u0430\u0440\u044f\u0434\u043a\u0430 BioLite CampStove 2 plus \u043f\u0440\u0435\u0432\u0440\u0430\u0449\u0430\u0435\u0442 \u0442\u0435\u043f\u043b\u043e \u0432 \u044d\u043b\u0435\u043a\u0442\u0440\u0438\u0447\u0435\u0441\u0442\u0432\u043e, \u043f\u043e\u0437\u0432\u043e\u043b\u044f\u044f \u0437\u0430\u0440\u044f\u0436\u0430\u0442\u044c \u0443\u0441\u0442\u0440\u043e\u0439\u0441\u0442\u0432\u0430 \u043d\u0430 \u043f\u0440\u0438\u0440\u043e\u0434\u0435. \u0418\u0434\u0435\u0430\u043b\u044c\u043d\u043e \u0434\u043b\u044f \u0442\u0443\u0440\u0438\u0437\u043c\u0430!","og_url":"https:\/\/xstyle.md\/ro\/produs\/pohodnaja-pech-podzarjadka-biolite-campstove-2-plus\/","og_site_name":"\u041c\u0430\u0433\u0430\u0437\u0438\u043d Xstyle","article_publisher":"https:\/\/www.facebook.com\/xstylemd","article_modified_time":"2025-12-18T14:15:47+00:00","og_image":[{"width":1000,"height":1000,"url":"https:\/\/xstyle.md\/wp-content\/uploads\/2021\/07\/biolite-campstove-2-plus.jpg","type":"image\/jpeg"}],"twitter_card":"summary_large_image","twitter_misc":{"Pre\u021b":"3.790&nbsp;MDL","Disponibilitate":"\u00cen stoc"},"schema":{"@context":"https:\/\/schema.org","@graph":[{"@type":"WebPage","@id":"https:\/\/xstyle.md\/product\/pohodnaja-pech-podzarjadka-biolite-campstove-2-plus\/","url":"https:\/\/xstyle.md\/product\/pohodnaja-pech-podzarjadka-biolite-campstove-2-plus\/","name":"Aragaz de re\u00eenc\u0103rcare camping BioLite CampStove 2 plus - Magazin Xstyle","isPartOf":{"@id":"https:\/\/xstyle.md\/#website"},"primaryImageOfPage":{"@id":"https:\/\/xstyle.md\/product\/pohodnaja-pech-podzarjadka-biolite-campstove-2-plus\/#primaryimage"},"image":{"@id":"https:\/\/xstyle.md\/product\/pohodnaja-pech-podzarjadka-biolite-campstove-2-plus\/#primaryimage"},"thumbnailUrl":"https:\/\/xstyle.md\/wp-content\/uploads\/2021\/07\/biolite-campstove-2-plus.jpg","datePublished":"2021-07-27T11:26:01+00:00","dateModified":"2025-12-18T14:15:47+00:00","description":"Cuptorul-portabil BioLite CampStove 2 plus transform\u0103 c\u0103ldura \u00een electricitate, permi\u021b\u00e2nd \u00eenc\u0103rcarea dispozitivelor \u00een natur\u0103. Ideal pentru drume\u021bii!","breadcrumb":{"@id":"https:\/\/xstyle.md\/product\/pohodnaja-pech-podzarjadka-biolite-campstove-2-plus\/#breadcrumb"},"inLanguage":"ro-RO","potentialAction":[{"@type":"ReadAction","target":["https:\/\/xstyle.md\/product\/pohodnaja-pech-podzarjadka-biolite-campstove-2-plus\/"]}]},{"@type":"ImageObject","inLanguage":"ro-RO","@id":"https:\/\/xstyle.md\/product\/pohodnaja-pech-podzarjadka-biolite-campstove-2-plus\/#primaryimage","url":"https:\/\/xstyle.md\/wp-content\/uploads\/2021\/07\/biolite-campstove-2-plus.jpg","contentUrl":"https:\/\/xstyle.md\/wp-content\/uploads\/2021\/07\/biolite-campstove-2-plus.jpg","width":1000,"height":1000,"caption":"\u041c\u0438\u043d\u0438\u0430\u0442\u044e\u0440\u043d\u043e\u0435 \u0442\u0443\u0440\u0438\u0441\u0442\u0438\u0447\u0435\u0441\u043a\u043e\u0435 \u043f\u043e\u0445\u043e\u0434\u043d\u043e\u0435 \u0443\u0441\u0442\u0440\u043e\u0439\u0441\u0442\u0432\u043e BioLite CampStove 2 plus \u0434\u043b\u044f \u0430\u043a\u0442\u0438\u0432\u043d\u043e\u0433\u043e \u043e\u0442\u0434\u044b\u0445\u0430 \u0438 \u043f\u0443\u0442\u0435\u0448\u0435\u0441\u0442\u0432\u0438\u0439 \u0441 \u043f\u043e\u0440\u0442\u0430\u0442\u0438\u0432\u043d\u043e\u0439 \u0437\u0430\u0440\u044f\u0434\u043a\u043e\u0439, \u043f\u043e\u0445\u043e\u0434\u043d\u0430\u044f \u043f\u0435\u0447\u044c, \u044d\u043a\u0438\u043f\u0438\u0440\u043e\u0432\u043a\u0430 \u0434\u043b\u044f \u0430\u043a\u0442\u0438\u0432\u043d\u043e\u0439 \u0436\u0438\u0437\u043d\u0438, \u043e\u0431\u0443\u0432\u044c \u0438 \u043e\u0434\u0435\u0436\u0434\u0430 \u0434\u043b\u044f \u043f\u043e\u0445\u043e\u0434\u043e\u0432 \u0438 \u0430\u043b\u044c\u043f\u0438\u043d\u0438\u0437\u043c\u0430"},{"@type":"BreadcrumbList","@id":"https:\/\/xstyle.md\/product\/pohodnaja-pech-podzarjadka-biolite-campstove-2-plus\/#breadcrumb","itemListElement":[{"@type":"ListItem","position":1,"name":"\u0413\u043b\u0430\u0432\u043d\u0430\u044f \u0441\u0442\u0440\u0430\u043d\u0438\u0446\u0430","item":"https:\/\/xstyle.md\/"},{"@type":"ListItem","position":2,"name":"\u041c\u0430\u0433\u0430\u0437\u0438\u043d","item":"https:\/\/xstyle.md\/shop\/"},{"@type":"ListItem","position":3,"name":"\u041f\u043e\u0445\u043e\u0434\u043d\u0430\u044f \u043f\u0435\u0447\u044c-\u043f\u043e\u0434\u0437\u0430\u0440\u044f\u0434\u043a\u0430 BioLite CampStove 2 plus"}]},{"@type":"WebSite","@id":"https:\/\/xstyle.md\/#website","url":"https:\/\/xstyle.md\/","name":"Magazinul X-Style","description":"Echipamente pentru turism \u0219i sporturi extreme \u00een Moldova. Pre\u021buri, fotografii, caracteristici \u00een Moldova.","publisher":{"@id":"https:\/\/xstyle.md\/#organization"},"alternateName":"X-Style","potentialAction":[{"@type":"SearchAction","target":{"@type":"EntryPoint","urlTemplate":"https:\/\/xstyle.md\/?s={search_term_string}"},"query-input":{"@type":"PropertyValueSpecification","valueRequired":true,"valueName":"search_term_string"}}],"inLanguage":"ro-RO"},{"@type":"Organization","@id":"https:\/\/xstyle.md\/#organization","name":"Magazinul X-Style","alternateName":"x-style","url":"https:\/\/xstyle.md\/","logo":{"@type":"ImageObject","inLanguage":"ro-RO","@id":"https:\/\/xstyle.md\/#\/schema\/logo\/image\/","url":"https:\/\/xstyle.md\/wp-content\/uploads\/2020\/06\/logoicon.svg","contentUrl":"https:\/\/xstyle.md\/wp-content\/uploads\/2020\/06\/logoicon.svg","caption":"\u041c\u0430\u0433\u0430\u0437\u0438\u043d Xstyle"},"image":{"@id":"https:\/\/xstyle.md\/#\/schema\/logo\/image\/"},"sameAs":["https:\/\/www.facebook.com\/xstylemd","https:\/\/www.instagram.com\/xstyle_md\/","https:\/\/t.me\/xstyle_outdoor"],"hasMerchantReturnPolicy":{"@type":"MerchantReturnPolicy","merchantReturnLink":"https:\/\/xstyle.md\/ro\/conditions\/"}}]},"product_price_amount":"3790.00","product_price_currency":"MDL","og_availability":"instock","product_availability":"instock","product_retailer_item_id":"850003383491","product_condition":"new"},"post_mailing_queue_ids":[],"_links":{"self":[{"href":"https:\/\/xstyle.md\/ro\/wp-json\/wp\/v2\/product\/37664","targetHints":{"allow":["GET"]}}],"collection":[{"href":"https:\/\/xstyle.md\/ro\/wp-json\/wp\/v2\/product"}],"about":[{"href":"https:\/\/xstyle.md\/ro\/wp-json\/wp\/v2\/types\/product"}],"replies":[{"embeddable":true,"href":"https:\/\/xstyle.md\/ro\/wp-json\/wp\/v2\/comments?post=37664"}],"wp:featuredmedia":[{"embeddable":true,"href":"https:\/\/xstyle.md\/ro\/wp-json\/wp\/v2\/media\/37881"}],"wp:attachment":[{"href":"https:\/\/xstyle.md\/ro\/wp-json\/wp\/v2\/media?parent=37664"}],"wp:term":[{"taxonomy":"product_brand","embeddable":true,"href":"https:\/\/xstyle.md\/ro\/wp-json\/wp\/v2\/product_brand?post=37664"},{"taxonomy":"product_cat","embeddable":true,"href":"https:\/\/xstyle.md\/ro\/wp-json\/wp\/v2\/product_cat?post=37664"},{"taxonomy":"product_tag","embeddable":true,"href":"https:\/\/xstyle.md\/ro\/wp-json\/wp\/v2\/product_tag?post=37664"}],"curies":[{"name":"wp","href":"https:\/\/api.w.org\/{rel}","templated":true}]}}