{"id":37492,"date":"2021-07-23T11:11:56","date_gmt":"2021-07-23T08:11:56","guid":{"rendered":"https:\/\/xstyle.md\/?post_type=product&#038;p=37492"},"modified":"2024-10-02T23:49:20","modified_gmt":"2024-10-02T20:49:20","slug":"montane-ineo-pro-wmn-zanskar-blue","status":"publish","type":"product","link":"https:\/\/xstyle.md\/ro\/produs\/montane-ineo-pro-wmn-zanskar-blue\/","title":{"rendered":"Pantaloni Montane Ineo Pro Wmn zanskar blue"},"content":{"rendered":"<\/p>\n<p><strong>Montane Ineo Pro <\/strong>&#8212; pantaloni elegan\u021bi pentru femei, cu un design \u0219i o croial\u0103 deosebite. Ace\u0219tia au o potrivire confortabil\u0103. Combin\u0103 tendin\u021bele modei \u0219i confortul pentru sport \u0219i c\u0103l\u0103torii. Materialul tehnologic performant, de \u00eenalt\u0103 calitate, Mala Stretch este rezistent la abraziune, rezistent la v\u00e2nt \u0219i hidrofug (impregnare DWR), pl\u0103cut pentru corp. Pantalonii sunt perfec\u021bi pentru drume\u021bii \u0219i alpinism.<\/p>\n<h3>Particularit\u0103\u021bi<\/h3>\n<ul>\n<li>Se potrive\u0219te perfect<\/li>\n<li>Foarte confortabil<\/li>\n<li>Se trage \u00een 4 direc\u021bii<\/li>\n<li>Rezistent la uzur\u0103<\/li>\n<li>Hidrofug\u0103<\/li>\n<li>2 buzunare cu fermoare YKK<\/li>\n<li>Band\u0103 elastic\u0103 \u00een talie.<\/li>\n<\/ul>\n<h3>Caracteristici<\/h3>\n<ul>\n<li>Material &#8212; 85% poliester, 15% spandex<\/li>\n<li>Membran\u0103 &#8212; Mala Stretch<\/li>\n<li>Aplicare &#8212; trekking\/ drume\u021bie\/ drume\u021bie\/ drume\u021bie\/ alpinism<\/li>\n<li>Model - pentru femei.<\/li>\n<\/ul>\n<h3>Tehnologie<\/h3>\n<ul>\n<li><strong>Mala Stretch<\/strong> &#8212; material tehnologic cu propriet\u0103\u021bi de protec\u021bie \u00eempotriva v\u00e2ntului \u0219i hidrofugare. \u021aes\u0103tura este rezistent\u0103 la abraziune \u0219i are o suprafa\u021b\u0103 interioar\u0103 neted\u0103 pentru confortul pielii.<\/li>\n<\/ul>\n<h3>Marca<\/h3>\n<p>Montane\u00ae produce \u00eembr\u0103c\u0103minte multifunc\u021bional\u0103 \u0219i confortabil\u0103, saci de dormit \u0219i alte echipamente pentru drume\u021bii, sporturi extreme \u0219i montane.<\/p>\n<p>Marca Montane\u00ae a devenit sinonim\u0103 cu \u00eembr\u0103c\u0103mintea u\u0219oar\u0103 \u0219i respirabil\u0103. Au fost primii care au dep\u0103\u0219it cu adev\u0103rat limitele unui singur strat de \u00eembr\u0103c\u0103minte montan\u0103 \u0219i apoi, realiz\u00e2nd adev\u0103rata valoare a hainelor rezistente la v\u00e2nt, au creat primele articole de echipament cu elemente de \u021bes\u0103tur\u0103 rezistent\u0103 la v\u00e2nt \u0219i respirabil\u0103.<\/p>\n<p>Func\u021bionalitatea unui articol de \u00eembr\u0103c\u0103minte nu se opre\u0219te la design. Tehnologia \u021bes\u0103turilor este esen\u021bial\u0103. \u00cen urm\u0103 cu peste 10 ani, Montane\u00ae a fost unul dintre primele branduri de \u00eembr\u0103c\u0103minte din lume care a recunoscut adev\u0103ratul scop al \u021bes\u0103turii pentru \u00eembr\u0103c\u0103mintea de drume\u021bie, pentru a contribui la revolu\u021bionarea activit\u0103\u021bilor de alpinism \u00een condi\u021bii meteo totale, unde doar ploaia puternic\u0103 poate testa cu adev\u0103rat performan\u021ba unei carapace.<\/p>\n<p><\/p>","protected":false},"excerpt":{"rendered":"<p>Pantaloni Montane Ineo Pro Wmn zanskar blue<\/p>","protected":false},"featured_media":37493,"comment_status":"open","ping_status":"closed","template":"","meta":{"_acf_changed":false,"inline_featured_image":false},"product_brand":[1309],"product_cat":[451],"product_tag":[],"class_list":{"0":"post-37492","1":"product","2":"type-product","3":"status-publish","4":"has-post-thumbnail","6":"product_brand-montane","7":"product_cat-pantaloni-impermeabili-femei","9":"first","10":"instock","11":"shipping-taxable","12":"purchasable","13":"product-type-simple"},"acf":[],"yoast_head":"<!-- This site is optimized with the Yoast SEO plugin v27.4 - https:\/\/yoast.com\/product\/yoast-seo-wordpress\/ -->\n<title>\u0411\u0440\u044e\u043a\u0438 Montane Ineo Pro Wmn zanskar blue - \u041c\u0430\u0433\u0430\u0437\u0438\u043d Xstyle<\/title>\n<meta name=\"description\" content=\"\u0411\u0440\u044e\u043a\u0438 Montane Ineo Pro Wmn Zanskar Blue \u043e\u0431\u0435\u0441\u043f\u0435\u0447\u0438\u0432\u0430\u044e\u0442 \u043a\u043e\u043c\u0444\u043e\u0440\u0442 \u0438 \u0441\u0442\u0438\u043b\u044c. \u0412\u044b\u0441\u043e\u043a\u043e\u043a\u0430\u0447\u0435\u0441\u0442\u0432\u0435\u043d\u043d\u044b\u0439 \u043c\u0430\u0442\u0435\u0440\u0438\u0430\u043b Mala Stretch: \u0443\u0441\u0442\u043e\u0439\u0447\u0438\u0432\u044b \u043a \u0432\u0435\u0442\u0440\u0443 \u0438 \u0432\u043b\u0430\u0433\u0435.\" \/>\n<meta name=\"robots\" content=\"index, follow, max-snippet:-1, max-image-preview:large, max-video-preview:-1\" \/>\n<link rel=\"canonical\" href=\"https:\/\/xstyle.md\/ro\/produs\/montane-ineo-pro-wmn-zanskar-blue\/\" \/>\n<meta property=\"og:locale\" content=\"ro_RO\" \/>\n<meta property=\"og:type\" content=\"article\" \/>\n<meta property=\"og:title\" content=\"\u0411\u0440\u044e\u043a\u0438 Montane Ineo Pro Wmn zanskar blue - \u041c\u0430\u0433\u0430\u0437\u0438\u043d Xstyle\" \/>\n<meta property=\"og:description\" content=\"\u0411\u0440\u044e\u043a\u0438 Montane Ineo Pro Wmn Zanskar Blue \u043e\u0431\u0435\u0441\u043f\u0435\u0447\u0438\u0432\u0430\u044e\u0442 \u043a\u043e\u043c\u0444\u043e\u0440\u0442 \u0438 \u0441\u0442\u0438\u043b\u044c. \u0412\u044b\u0441\u043e\u043a\u043e\u043a\u0430\u0447\u0435\u0441\u0442\u0432\u0435\u043d\u043d\u044b\u0439 \u043c\u0430\u0442\u0435\u0440\u0438\u0430\u043b Mala Stretch: \u0443\u0441\u0442\u043e\u0439\u0447\u0438\u0432\u044b \u043a \u0432\u0435\u0442\u0440\u0443 \u0438 \u0432\u043b\u0430\u0433\u0435.\" \/>\n<meta property=\"og:url\" content=\"https:\/\/xstyle.md\/ro\/produs\/montane-ineo-pro-wmn-zanskar-blue\/\" \/>\n<meta property=\"og:site_name\" content=\"\u041c\u0430\u0433\u0430\u0437\u0438\u043d Xstyle\" \/>\n<meta property=\"article:publisher\" content=\"https:\/\/www.facebook.com\/xstylemd\" \/>\n<meta property=\"article:modified_time\" content=\"2024-10-02T20:49:20+00:00\" \/>\n<meta property=\"og:image\" content=\"https:\/\/xstyle.md\/wp-content\/uploads\/2021\/07\/montane-ineo-pro-wmn-zanskar-blue.jpg\" \/>\n\t<meta property=\"og:image:width\" content=\"1000\" \/>\n\t<meta property=\"og:image:height\" content=\"1000\" \/>\n\t<meta property=\"og:image:type\" content=\"image\/jpeg\" \/>\n<meta name=\"twitter:card\" content=\"summary_large_image\" \/>\n<meta name=\"twitter:label1\" content=\"Pre\u021b\" \/>\n\t<meta name=\"twitter:data1\" content=\"1.790&nbsp;MDL\" \/>\n\t<meta name=\"twitter:label2\" content=\"Disponibilitate\" \/>\n\t<meta name=\"twitter:data2\" content=\"\u00cen stoc\" \/>\n<script type=\"application\/ld+json\" class=\"yoast-schema-graph\">{\"@context\":\"https:\\\/\\\/schema.org\",\"@graph\":[{\"@type\":\"WebPage\",\"@id\":\"https:\\\/\\\/xstyle.md\\\/product\\\/montane-ineo-pro-wmn-zanskar-blue\\\/\",\"url\":\"https:\\\/\\\/xstyle.md\\\/product\\\/montane-ineo-pro-wmn-zanskar-blue\\\/\",\"name\":\"\u0411\u0440\u044e\u043a\u0438 Montane Ineo Pro Wmn zanskar blue - \u041c\u0430\u0433\u0430\u0437\u0438\u043d Xstyle\",\"isPartOf\":{\"@id\":\"https:\\\/\\\/xstyle.md\\\/#website\"},\"primaryImageOfPage\":{\"@id\":\"https:\\\/\\\/xstyle.md\\\/product\\\/montane-ineo-pro-wmn-zanskar-blue\\\/#primaryimage\"},\"image\":{\"@id\":\"https:\\\/\\\/xstyle.md\\\/product\\\/montane-ineo-pro-wmn-zanskar-blue\\\/#primaryimage\"},\"thumbnailUrl\":\"https:\\\/\\\/xstyle.md\\\/wp-content\\\/uploads\\\/2021\\\/07\\\/montane-ineo-pro-wmn-zanskar-blue.jpg\",\"datePublished\":\"2021-07-23T08:11:56+00:00\",\"dateModified\":\"2024-10-02T20:49:20+00:00\",\"description\":\"\u0411\u0440\u044e\u043a\u0438 Montane Ineo Pro Wmn Zanskar Blue \u043e\u0431\u0435\u0441\u043f\u0435\u0447\u0438\u0432\u0430\u044e\u0442 \u043a\u043e\u043c\u0444\u043e\u0440\u0442 \u0438 \u0441\u0442\u0438\u043b\u044c. \u0412\u044b\u0441\u043e\u043a\u043e\u043a\u0430\u0447\u0435\u0441\u0442\u0432\u0435\u043d\u043d\u044b\u0439 \u043c\u0430\u0442\u0435\u0440\u0438\u0430\u043b Mala Stretch: \u0443\u0441\u0442\u043e\u0439\u0447\u0438\u0432\u044b \u043a \u0432\u0435\u0442\u0440\u0443 \u0438 \u0432\u043b\u0430\u0433\u0435.\",\"breadcrumb\":{\"@id\":\"https:\\\/\\\/xstyle.md\\\/product\\\/montane-ineo-pro-wmn-zanskar-blue\\\/#breadcrumb\"},\"inLanguage\":\"ro-RO\",\"potentialAction\":[{\"@type\":\"ReadAction\",\"target\":[\"https:\\\/\\\/xstyle.md\\\/product\\\/montane-ineo-pro-wmn-zanskar-blue\\\/\"]}]},{\"@type\":\"ImageObject\",\"inLanguage\":\"ro-RO\",\"@id\":\"https:\\\/\\\/xstyle.md\\\/product\\\/montane-ineo-pro-wmn-zanskar-blue\\\/#primaryimage\",\"url\":\"https:\\\/\\\/xstyle.md\\\/wp-content\\\/uploads\\\/2021\\\/07\\\/montane-ineo-pro-wmn-zanskar-blue.jpg\",\"contentUrl\":\"https:\\\/\\\/xstyle.md\\\/wp-content\\\/uploads\\\/2021\\\/07\\\/montane-ineo-pro-wmn-zanskar-blue.jpg\",\"width\":1000,\"height\":1000,\"caption\":\"\u041b\u0435\u0433\u043a\u0438\u0435 \u0436\u0435\u043d\u0441\u043a\u0438\u0435 \u0448\u0442\u0430\u043d\u044b Montane Ineo Pro Wmn Zanskar Blue \u0434\u043b\u044f \u0430\u043a\u0442\u0438\u0432\u043d\u043e\u0433\u043e \u043e\u0442\u0434\u044b\u0445\u0430, \u0442\u0443\u0440\u0438\u0437\u043c\u0430 \u0438 \u043f\u043e\u0445\u043e\u0434\u043e\u0432, \u043e\u0431\u0443\u0432\u044c \u0438 \u044d\u043a\u0438\u043f\u0438\u0440\u043e\u0432\u043a\u0430 \u0434\u043b\u044f \u043f\u0443\u0442\u0435\u0448\u0435\u0441\u0442\u0432\u0438\u0439 \u0432 \u0438\u043d\u0442\u0435\u0440\u043d\u0435\u0442-\u043c\u0430\u0433\u0430\u0437\u0438\u043d\u0435 \u0442\u043e\u0432\u0430\u0440\u043e\u0432 \u0434\u043b\u044f \u0430\u043a\u0442\u0438\u0432\u043d\u043e\u0439 \u0436\u0438\u0437\u043d\u0438\"},{\"@type\":\"BreadcrumbList\",\"@id\":\"https:\\\/\\\/xstyle.md\\\/product\\\/montane-ineo-pro-wmn-zanskar-blue\\\/#breadcrumb\",\"itemListElement\":[{\"@type\":\"ListItem\",\"position\":1,\"name\":\"\u0413\u043b\u0430\u0432\u043d\u0430\u044f \u0441\u0442\u0440\u0430\u043d\u0438\u0446\u0430\",\"item\":\"https:\\\/\\\/xstyle.md\\\/\"},{\"@type\":\"ListItem\",\"position\":2,\"name\":\"\u041c\u0430\u0433\u0430\u0437\u0438\u043d\",\"item\":\"https:\\\/\\\/xstyle.md\\\/shop\\\/\"},{\"@type\":\"ListItem\",\"position\":3,\"name\":\"\u0411\u0440\u044e\u043a\u0438 Montane Ineo Pro Wmn zanskar blue\"}]},{\"@type\":\"WebSite\",\"@id\":\"https:\\\/\\\/xstyle.md\\\/#website\",\"url\":\"https:\\\/\\\/xstyle.md\\\/\",\"name\":\"\u041c\u0430\u0433\u0430\u0437\u0438\u043d Xstyle\",\"description\":\"C\u043d\u0430\u0440\u044f\u0436\u0435\u043d\u0438\u0435 \u0434\u043b\u044f \u0442\u0443\u0440\u0438\u0437\u043c\u0430 \u0438 \u044d\u043a\u0441\u0442\u0440\u0435\u043c\u0430\u043b\u044c\u043d\u044b\u0445 \u0432\u0438\u0434\u043e\u0432 \u0441\u043f\u043e\u0440\u0442\u0430 \u0432 \u041c\u043e\u043b\u0434\u043e\u0432\u0435.. \u0426\u0435\u043d\u044b, \u0444\u043e\u0442\u043e, \u0445\u0430\u0440\u0430\u043a\u0442\u0435\u0440\u0438\u0441\u0442\u0438\u043a\u0438 \u0432 \u041c\u043e\u043b\u0434\u043e\u0432\u0435.\",\"publisher\":{\"@id\":\"https:\\\/\\\/xstyle.md\\\/#organization\"},\"alternateName\":\"X-Style\",\"potentialAction\":[{\"@type\":\"SearchAction\",\"target\":{\"@type\":\"EntryPoint\",\"urlTemplate\":\"https:\\\/\\\/xstyle.md\\\/?s={search_term_string}\"},\"query-input\":{\"@type\":\"PropertyValueSpecification\",\"valueRequired\":true,\"valueName\":\"search_term_string\"}}],\"inLanguage\":\"ro-RO\"},{\"@type\":\"Organization\",\"@id\":\"https:\\\/\\\/xstyle.md\\\/#organization\",\"name\":\"\u041c\u0430\u0433\u0430\u0437\u0438\u043d Xstyle\",\"alternateName\":\"x-style\",\"url\":\"https:\\\/\\\/xstyle.md\\\/\",\"logo\":{\"@type\":\"ImageObject\",\"inLanguage\":\"ro-RO\",\"@id\":\"https:\\\/\\\/xstyle.md\\\/#\\\/schema\\\/logo\\\/image\\\/\",\"url\":\"https:\\\/\\\/xstyle.md\\\/wp-content\\\/uploads\\\/2020\\\/06\\\/logoicon.svg\",\"contentUrl\":\"https:\\\/\\\/xstyle.md\\\/wp-content\\\/uploads\\\/2020\\\/06\\\/logoicon.svg\",\"caption\":\"\u041c\u0430\u0433\u0430\u0437\u0438\u043d Xstyle\"},\"image\":{\"@id\":\"https:\\\/\\\/xstyle.md\\\/#\\\/schema\\\/logo\\\/image\\\/\"},\"sameAs\":[\"https:\\\/\\\/www.facebook.com\\\/xstylemd\",\"https:\\\/\\\/www.instagram.com\\\/xstyle_md\\\/\",\"https:\\\/\\\/t.me\\\/xstyle_outdoor\"],\"hasMerchantReturnPolicy\":{\"@type\":\"MerchantReturnPolicy\",\"merchantReturnLink\":\"https:\\\/\\\/xstyle.md\\\/ro\\\/conditions\\\/\"}}]}<\/script>\n<meta property=\"product:price:amount\" content=\"1790.00\" \/>\n<meta property=\"product:price:currency\" content=\"MDL\" \/>\n<meta property=\"og:availability\" content=\"instock\" \/>\n<meta property=\"product:availability\" content=\"instock\" \/>\n<meta property=\"product:retailer_item_id\" content=\"5055571780955\" \/>\n<meta property=\"product:condition\" content=\"new\" \/>\n<!-- \/ Yoast SEO plugin. -->","yoast_head_json":{"title":"Pantaloni Montane Ineo Pro Wmn zanskar blue - Magazin Xstyle","description":"Pantalonii Montane Ineo Pro Wmn Zanskar Blue ofer\u0103 confort \u0219i stil. Materialul de \u00eenalt\u0103 calitate Mala Stretch: rezistent la v\u00e2nt \u0219i ap\u0103.","robots":{"index":"index","follow":"follow","max-snippet":"max-snippet:-1","max-image-preview":"max-image-preview:large","max-video-preview":"max-video-preview:-1"},"canonical":"https:\/\/xstyle.md\/ro\/produs\/montane-ineo-pro-wmn-zanskar-blue\/","og_locale":"ro_RO","og_type":"article","og_title":"\u0411\u0440\u044e\u043a\u0438 Montane Ineo Pro Wmn zanskar blue - \u041c\u0430\u0433\u0430\u0437\u0438\u043d Xstyle","og_description":"\u0411\u0440\u044e\u043a\u0438 Montane Ineo Pro Wmn Zanskar Blue \u043e\u0431\u0435\u0441\u043f\u0435\u0447\u0438\u0432\u0430\u044e\u0442 \u043a\u043e\u043c\u0444\u043e\u0440\u0442 \u0438 \u0441\u0442\u0438\u043b\u044c. \u0412\u044b\u0441\u043e\u043a\u043e\u043a\u0430\u0447\u0435\u0441\u0442\u0432\u0435\u043d\u043d\u044b\u0439 \u043c\u0430\u0442\u0435\u0440\u0438\u0430\u043b Mala Stretch: \u0443\u0441\u0442\u043e\u0439\u0447\u0438\u0432\u044b \u043a \u0432\u0435\u0442\u0440\u0443 \u0438 \u0432\u043b\u0430\u0433\u0435.","og_url":"https:\/\/xstyle.md\/ro\/produs\/montane-ineo-pro-wmn-zanskar-blue\/","og_site_name":"\u041c\u0430\u0433\u0430\u0437\u0438\u043d Xstyle","article_publisher":"https:\/\/www.facebook.com\/xstylemd","article_modified_time":"2024-10-02T20:49:20+00:00","og_image":[{"width":1000,"height":1000,"url":"https:\/\/xstyle.md\/wp-content\/uploads\/2021\/07\/montane-ineo-pro-wmn-zanskar-blue.jpg","type":"image\/jpeg"}],"twitter_card":"summary_large_image","twitter_misc":{"Pre\u021b":"1.790&nbsp;MDL","Disponibilitate":"\u00cen stoc"},"schema":{"@context":"https:\/\/schema.org","@graph":[{"@type":"WebPage","@id":"https:\/\/xstyle.md\/product\/montane-ineo-pro-wmn-zanskar-blue\/","url":"https:\/\/xstyle.md\/product\/montane-ineo-pro-wmn-zanskar-blue\/","name":"Pantaloni Montane Ineo Pro Wmn zanskar blue - Magazin Xstyle","isPartOf":{"@id":"https:\/\/xstyle.md\/#website"},"primaryImageOfPage":{"@id":"https:\/\/xstyle.md\/product\/montane-ineo-pro-wmn-zanskar-blue\/#primaryimage"},"image":{"@id":"https:\/\/xstyle.md\/product\/montane-ineo-pro-wmn-zanskar-blue\/#primaryimage"},"thumbnailUrl":"https:\/\/xstyle.md\/wp-content\/uploads\/2021\/07\/montane-ineo-pro-wmn-zanskar-blue.jpg","datePublished":"2021-07-23T08:11:56+00:00","dateModified":"2024-10-02T20:49:20+00:00","description":"Pantalonii Montane Ineo Pro Wmn Zanskar Blue ofer\u0103 confort \u0219i stil. Materialul de \u00eenalt\u0103 calitate Mala Stretch: rezistent la v\u00e2nt \u0219i ap\u0103.","breadcrumb":{"@id":"https:\/\/xstyle.md\/product\/montane-ineo-pro-wmn-zanskar-blue\/#breadcrumb"},"inLanguage":"ro-RO","potentialAction":[{"@type":"ReadAction","target":["https:\/\/xstyle.md\/product\/montane-ineo-pro-wmn-zanskar-blue\/"]}]},{"@type":"ImageObject","inLanguage":"ro-RO","@id":"https:\/\/xstyle.md\/product\/montane-ineo-pro-wmn-zanskar-blue\/#primaryimage","url":"https:\/\/xstyle.md\/wp-content\/uploads\/2021\/07\/montane-ineo-pro-wmn-zanskar-blue.jpg","contentUrl":"https:\/\/xstyle.md\/wp-content\/uploads\/2021\/07\/montane-ineo-pro-wmn-zanskar-blue.jpg","width":1000,"height":1000,"caption":"\u041b\u0435\u0433\u043a\u0438\u0435 \u0436\u0435\u043d\u0441\u043a\u0438\u0435 \u0448\u0442\u0430\u043d\u044b Montane Ineo Pro Wmn Zanskar Blue \u0434\u043b\u044f \u0430\u043a\u0442\u0438\u0432\u043d\u043e\u0433\u043e \u043e\u0442\u0434\u044b\u0445\u0430, \u0442\u0443\u0440\u0438\u0437\u043c\u0430 \u0438 \u043f\u043e\u0445\u043e\u0434\u043e\u0432, \u043e\u0431\u0443\u0432\u044c \u0438 \u044d\u043a\u0438\u043f\u0438\u0440\u043e\u0432\u043a\u0430 \u0434\u043b\u044f \u043f\u0443\u0442\u0435\u0448\u0435\u0441\u0442\u0432\u0438\u0439 \u0432 \u0438\u043d\u0442\u0435\u0440\u043d\u0435\u0442-\u043c\u0430\u0433\u0430\u0437\u0438\u043d\u0435 \u0442\u043e\u0432\u0430\u0440\u043e\u0432 \u0434\u043b\u044f \u0430\u043a\u0442\u0438\u0432\u043d\u043e\u0439 \u0436\u0438\u0437\u043d\u0438"},{"@type":"BreadcrumbList","@id":"https:\/\/xstyle.md\/product\/montane-ineo-pro-wmn-zanskar-blue\/#breadcrumb","itemListElement":[{"@type":"ListItem","position":1,"name":"\u0413\u043b\u0430\u0432\u043d\u0430\u044f \u0441\u0442\u0440\u0430\u043d\u0438\u0446\u0430","item":"https:\/\/xstyle.md\/"},{"@type":"ListItem","position":2,"name":"\u041c\u0430\u0433\u0430\u0437\u0438\u043d","item":"https:\/\/xstyle.md\/shop\/"},{"@type":"ListItem","position":3,"name":"\u0411\u0440\u044e\u043a\u0438 Montane Ineo Pro Wmn zanskar blue"}]},{"@type":"WebSite","@id":"https:\/\/xstyle.md\/#website","url":"https:\/\/xstyle.md\/","name":"Magazinul X-Style","description":"Echipamente pentru turism \u0219i sporturi extreme \u00een Moldova. Pre\u021buri, fotografii, caracteristici \u00een Moldova.","publisher":{"@id":"https:\/\/xstyle.md\/#organization"},"alternateName":"X-Style","potentialAction":[{"@type":"SearchAction","target":{"@type":"EntryPoint","urlTemplate":"https:\/\/xstyle.md\/?s={search_term_string}"},"query-input":{"@type":"PropertyValueSpecification","valueRequired":true,"valueName":"search_term_string"}}],"inLanguage":"ro-RO"},{"@type":"Organization","@id":"https:\/\/xstyle.md\/#organization","name":"Magazinul X-Style","alternateName":"x-style","url":"https:\/\/xstyle.md\/","logo":{"@type":"ImageObject","inLanguage":"ro-RO","@id":"https:\/\/xstyle.md\/#\/schema\/logo\/image\/","url":"https:\/\/xstyle.md\/wp-content\/uploads\/2020\/06\/logoicon.svg","contentUrl":"https:\/\/xstyle.md\/wp-content\/uploads\/2020\/06\/logoicon.svg","caption":"\u041c\u0430\u0433\u0430\u0437\u0438\u043d Xstyle"},"image":{"@id":"https:\/\/xstyle.md\/#\/schema\/logo\/image\/"},"sameAs":["https:\/\/www.facebook.com\/xstylemd","https:\/\/www.instagram.com\/xstyle_md\/","https:\/\/t.me\/xstyle_outdoor"],"hasMerchantReturnPolicy":{"@type":"MerchantReturnPolicy","merchantReturnLink":"https:\/\/xstyle.md\/ro\/conditions\/"}}]},"product_price_amount":"1790.00","product_price_currency":"MDL","og_availability":"instock","product_availability":"instock","product_retailer_item_id":"5055571780955","product_condition":"new"},"_links":{"self":[{"href":"https:\/\/xstyle.md\/ro\/wp-json\/wp\/v2\/product\/37492","targetHints":{"allow":["GET"]}}],"collection":[{"href":"https:\/\/xstyle.md\/ro\/wp-json\/wp\/v2\/product"}],"about":[{"href":"https:\/\/xstyle.md\/ro\/wp-json\/wp\/v2\/types\/product"}],"replies":[{"embeddable":true,"href":"https:\/\/xstyle.md\/ro\/wp-json\/wp\/v2\/comments?post=37492"}],"wp:featuredmedia":[{"embeddable":true,"href":"https:\/\/xstyle.md\/ro\/wp-json\/wp\/v2\/media\/37493"}],"wp:attachment":[{"href":"https:\/\/xstyle.md\/ro\/wp-json\/wp\/v2\/media?parent=37492"}],"wp:term":[{"taxonomy":"product_brand","embeddable":true,"href":"https:\/\/xstyle.md\/ro\/wp-json\/wp\/v2\/product_brand?post=37492"},{"taxonomy":"product_cat","embeddable":true,"href":"https:\/\/xstyle.md\/ro\/wp-json\/wp\/v2\/product_cat?post=37492"},{"taxonomy":"product_tag","embeddable":true,"href":"https:\/\/xstyle.md\/ro\/wp-json\/wp\/v2\/product_tag?post=37492"}],"curies":[{"name":"wp","href":"https:\/\/api.w.org\/{rel}","templated":true}]}}