{"id":37467,"date":"2021-07-22T13:38:11","date_gmt":"2021-07-22T10:38:11","guid":{"rendered":"https:\/\/xstyle.md\/?post_type=product&#038;p=37467"},"modified":"2024-10-20T00:16:43","modified_gmt":"2024-10-19T21:16:43","slug":"maier-ronka-wmn-cabernet","status":"publish","type":"product","link":"https:\/\/xstyle.md\/ro\/produs\/maier-ronka-wmn-cabernet\/","title":{"rendered":"Pantaloni Maier Ronka Wmn cabernet"},"content":{"rendered":"<\/p>\n<p><strong>Maier Ronka<\/strong> &#8212; pantaloni de schi pentru femei cu c\u0103ptu\u0219eal\u0103 c\u0103lduroas\u0103 \u0219i croial\u0103 elegant\u0103. Datorit\u0103 inser\u021biei de plas\u0103 3D, se potrivesc \u00eentotdeauna perfect \u00een jurul taliei. Pantaloni elastici \u0219i func\u021bionali, cu membran\u0103 de protec\u021bie mTEX 10.000 \u0219i detalii importante, cum ar fi talia reglabil\u0103, protec\u021bie \u00eempotriva z\u0103pezii \u0219i protec\u021bie la margini. Croiala regulat\u0103 ofer\u0103 o siluet\u0103 feminin\u0103 clasic\u0103.<\/p>\n<h3>Particularit\u0103\u021bi<\/h3>\n<ul>\n<li>Pantaloni de schi c\u0103lduro\u0219i cu o potrivire perfect\u0103<\/li>\n<li>Protec\u021bie impermeabil\u0103 \u0219i respirabil\u0103 MTEX 10.000<\/li>\n<li>\u021aes\u0103tur\u0103 elastic\u0103 pentru libertate total\u0103 de mi\u0219care<\/li>\n<li>Talie reglabil\u0103, protec\u021bie pentru margini, fermoar la picior<\/li>\n<li>Protec\u021bie \u00eempotriva z\u0103pezii<\/li>\n<li>Finisaj ecologic f\u0103r\u0103 PFC.<\/li>\n<\/ul>\n<h3>Caracteristici<\/h3>\n<ul>\n<li>Material &#8212; 100% poliester<\/li>\n<li>Membran\u0103 &#8212; mTEX 10.000<\/li>\n<li>Permeabilitate la vapori &#8212; 10000 g\/(m\u00b2\u22c5zi)<\/li>\n<li>Model - pentru femei.<\/li>\n<\/ul>\n<h3>Tehnologie<\/h3>\n<ul>\n<li><strong>mTEX<\/strong> \u2013 o\u00a0membran\u0103 impermeabil\u0103 \u0219i respirabil\u0103, confec\u021bionat\u0103 dintr-o \u021bes\u0103tur\u0103 durabil\u0103 care permite umezelii s\u0103 ias\u0103 \u00een exterior \u0219i este u\u0219or de cur\u0103\u021bat de murd\u0103rie.<\/li>\n<\/ul>\n<h3>Marca<\/h3>\n<p>MAIER a fost organizat \u00een 1938 \u00een Germania de c\u0103tre un grup de oameni care \u00eemp\u0103rt\u0103\u0219eau acelea\u0219i idei. Scopul m\u0103rcii a fost de a crea cele mai confortabile haine care s\u0103 se potriveasc\u0103 unei persoane de orice \u00een\u0103l\u021bime. Marca este specializat\u0103 \u00een fabricarea de \u00eembr\u0103c\u0103minte \u0219i accesorii pentru schi \u0219i activit\u0103\u021bi prelungite \u00een aer liber. Marca se adreseaz\u0103 persoanelor care aleg un stil de via\u021b\u0103 activ. Produsele sunt caracterizate de confort \u0219i de o calitate european\u0103 real\u0103. La fabricare, se \u021bine cont de particularit\u0103\u021bile siluetei unei persoane, datorit\u0103 c\u0103rora hainele se potrivesc perfect \u0219i nu exist\u0103 niciun disconfort la utilizarea lor.<\/p>\n<p>Marca folose\u0219te propriile modele \u0219i materiale moderne. Hainele nu las\u0103 s\u0103 treac\u0103 umezeala \u0219i, \u00een acela\u0219i timp, permit corpului s\u0103 respire. Chiar \u0219i \u00een timpul sporturilor active, o persoan\u0103 \u00een astfel de produse nu transpir\u0103, nu exist\u0103 riscul de \u00eenghe\u021b. Majoritatea modelelor au o membran\u0103 de diferite grosimi \u0219i densit\u0103\u021bi. Acest lucru v\u0103 permite s\u0103 utiliza\u021bi haine \u00een aproape orice anotimp \u0219i \u00een orice condi\u021bii meteorologice. De asemenea, la toate fabricile m\u0103rcii exist\u0103 un control de mediu. \u00cen produc\u021bie se folosesc numai materiale inofensive. Compania acord\u0103 aten\u021bie fiec\u0103rui detaliu. Ca urmare, produsele MAIER au fost foarte repede recunoscute \u00een \u00eentreaga lume.<\/p>\n<p><\/p>","protected":false},"excerpt":{"rendered":"<p>Pantaloni Maier Ronka Wmn cabernet<\/p>","protected":false},"featured_media":63005,"comment_status":"open","ping_status":"closed","template":"","meta":{"_acf_changed":false,"inline_featured_image":false},"product_brand":[1319],"product_cat":[307],"product_tag":[],"class_list":{"0":"post-37467","1":"product","2":"type-product","3":"status-publish","4":"has-post-thumbnail","6":"product_brand-maier","7":"product_cat-pantaloni-de-schi-femei","9":"first","10":"instock","11":"sale","12":"shipping-taxable","13":"purchasable","14":"product-type-simple"},"acf":[],"yoast_head":"<!-- This site is optimized with the Yoast SEO plugin v27.2 - https:\/\/yoast.com\/product\/yoast-seo-wordpress\/ -->\n<title>\u0411\u0440\u044e\u043a\u0438 Maier Ronka Wmn cabernet - \u041c\u0430\u0433\u0430\u0437\u0438\u043d Xstyle<\/title>\n<meta name=\"description\" content=\"\u0411\u0440\u044e\u043a\u0438 Maier Ronka Wmn cabernet \u2013 \u0441\u0442\u0438\u043b\u044c\u043d\u044b\u0435 \u0436\u0435\u043d\u0441\u043a\u0438\u0435 \u043b\u044b\u0436\u043d\u044b\u0435 \u0431\u0440\u044e\u043a\u0438 \u0441 \u0437\u0430\u0449\u0438\u0442\u043e\u0439 mTEX 10000. \u0423\u0434\u043e\u0431\u043d\u0430\u044f \u043f\u043e\u0441\u0430\u0434\u043a\u0430, \u0440\u0435\u0433\u0443\u043b\u0438\u0440\u0443\u0435\u043c\u0430\u044f \u0442\u0430\u043b\u0438\u044f \u0438 \u0437\u0430\u0449\u0438\u0442\u0430 \u043e\u0442 \u0441\u043d\u0435\u0433\u0430!\" \/>\n<meta name=\"robots\" content=\"index, follow, max-snippet:-1, max-image-preview:large, max-video-preview:-1\" \/>\n<link rel=\"canonical\" href=\"https:\/\/xstyle.md\/ro\/produs\/maier-ronka-wmn-cabernet\/\" \/>\n<meta property=\"og:locale\" content=\"ro_RO\" \/>\n<meta property=\"og:type\" content=\"article\" \/>\n<meta property=\"og:title\" content=\"\u0411\u0440\u044e\u043a\u0438 Maier Ronka Wmn cabernet - \u041c\u0430\u0433\u0430\u0437\u0438\u043d Xstyle\" \/>\n<meta property=\"og:description\" content=\"\u0411\u0440\u044e\u043a\u0438 Maier Ronka Wmn cabernet \u2013 \u0441\u0442\u0438\u043b\u044c\u043d\u044b\u0435 \u0436\u0435\u043d\u0441\u043a\u0438\u0435 \u043b\u044b\u0436\u043d\u044b\u0435 \u0431\u0440\u044e\u043a\u0438 \u0441 \u0437\u0430\u0449\u0438\u0442\u043e\u0439 mTEX 10000. \u0423\u0434\u043e\u0431\u043d\u0430\u044f \u043f\u043e\u0441\u0430\u0434\u043a\u0430, \u0440\u0435\u0433\u0443\u043b\u0438\u0440\u0443\u0435\u043c\u0430\u044f \u0442\u0430\u043b\u0438\u044f \u0438 \u0437\u0430\u0449\u0438\u0442\u0430 \u043e\u0442 \u0441\u043d\u0435\u0433\u0430!\" \/>\n<meta property=\"og:url\" content=\"https:\/\/xstyle.md\/ro\/produs\/maier-ronka-wmn-cabernet\/\" \/>\n<meta property=\"og:site_name\" content=\"\u041c\u0430\u0433\u0430\u0437\u0438\u043d Xstyle\" \/>\n<meta property=\"article:publisher\" content=\"https:\/\/www.facebook.com\/xstylemd\" \/>\n<meta property=\"article:modified_time\" content=\"2024-10-19T21:16:43+00:00\" \/>\n<meta property=\"og:image\" content=\"https:\/\/xstyle.md\/wp-content\/uploads\/2021\/07\/maier-ronka-wmn-cabernet.jpg\" \/>\n\t<meta property=\"og:image:width\" content=\"1532\" \/>\n\t<meta property=\"og:image:height\" content=\"1496\" \/>\n\t<meta property=\"og:image:type\" content=\"image\/jpeg\" \/>\n<meta name=\"twitter:card\" content=\"summary_large_image\" \/>\n<meta name=\"twitter:label1\" content=\"Pre\u021b\" \/>\n\t<meta name=\"twitter:data1\" content=\"2.513&nbsp;MDL\" \/>\n\t<meta name=\"twitter:label2\" content=\"Disponibilitate\" \/>\n\t<meta name=\"twitter:data2\" content=\"\u00cen stoc\" \/>\n<script type=\"application\/ld+json\" class=\"yoast-schema-graph\">{\"@context\":\"https:\/\/schema.org\",\"@graph\":[{\"@type\":\"WebPage\",\"@id\":\"https:\/\/xstyle.md\/product\/maier-ronka-wmn-cabernet\/\",\"url\":\"https:\/\/xstyle.md\/product\/maier-ronka-wmn-cabernet\/\",\"name\":\"\u0411\u0440\u044e\u043a\u0438 Maier Ronka Wmn cabernet - \u041c\u0430\u0433\u0430\u0437\u0438\u043d Xstyle\",\"isPartOf\":{\"@id\":\"https:\/\/xstyle.md\/#website\"},\"primaryImageOfPage\":{\"@id\":\"https:\/\/xstyle.md\/product\/maier-ronka-wmn-cabernet\/#primaryimage\"},\"image\":{\"@id\":\"https:\/\/xstyle.md\/product\/maier-ronka-wmn-cabernet\/#primaryimage\"},\"thumbnailUrl\":\"https:\/\/xstyle.md\/wp-content\/uploads\/2021\/07\/maier-ronka-wmn-cabernet.jpg\",\"datePublished\":\"2021-07-22T10:38:11+00:00\",\"dateModified\":\"2024-10-19T21:16:43+00:00\",\"description\":\"\u0411\u0440\u044e\u043a\u0438 Maier Ronka Wmn cabernet \u2013 \u0441\u0442\u0438\u043b\u044c\u043d\u044b\u0435 \u0436\u0435\u043d\u0441\u043a\u0438\u0435 \u043b\u044b\u0436\u043d\u044b\u0435 \u0431\u0440\u044e\u043a\u0438 \u0441 \u0437\u0430\u0449\u0438\u0442\u043e\u0439 mTEX 10000. \u0423\u0434\u043e\u0431\u043d\u0430\u044f \u043f\u043e\u0441\u0430\u0434\u043a\u0430, \u0440\u0435\u0433\u0443\u043b\u0438\u0440\u0443\u0435\u043c\u0430\u044f \u0442\u0430\u043b\u0438\u044f \u0438 \u0437\u0430\u0449\u0438\u0442\u0430 \u043e\u0442 \u0441\u043d\u0435\u0433\u0430!\",\"breadcrumb\":{\"@id\":\"https:\/\/xstyle.md\/product\/maier-ronka-wmn-cabernet\/#breadcrumb\"},\"inLanguage\":\"ro-RO\",\"potentialAction\":[{\"@type\":\"ReadAction\",\"target\":[\"https:\/\/xstyle.md\/product\/maier-ronka-wmn-cabernet\/\"]}]},{\"@type\":\"ImageObject\",\"inLanguage\":\"ro-RO\",\"@id\":\"https:\/\/xstyle.md\/product\/maier-ronka-wmn-cabernet\/#primaryimage\",\"url\":\"https:\/\/xstyle.md\/wp-content\/uploads\/2021\/07\/maier-ronka-wmn-cabernet.jpg\",\"contentUrl\":\"https:\/\/xstyle.md\/wp-content\/uploads\/2021\/07\/maier-ronka-wmn-cabernet.jpg\",\"width\":1532,\"height\":1496,\"caption\":\"\u0416\u0435\u043d\u0441\u043a\u0438\u0435 \u0431\u0440\u044e\u043a\u0438 Maier Ronka Wmn cabernet \u0434\u043b\u044f \u0430\u043a\u0442\u0438\u0432\u043d\u043e\u0433\u043e \u043e\u0442\u0434\u044b\u0445\u0430 \u043d\u0430 \u043f\u0440\u0438\u0440\u043e\u0434\u0435, \u043f\u043e\u0445\u043e\u0434\u043e\u0432 \u0432 \u0433\u043e\u0440\u044b, \u043f\u0443\u0442\u0435\u0448\u0435\u0441\u0442\u0432\u0438\u0439 \u0438 \u0441\u043f\u043e\u0440\u0442\u0438\u0432\u043d\u043e\u0439 \u043e\u0434\u0435\u0436\u0434\u044b \u0434\u043b\u044f \u0430\u043a\u0442\u0438\u0432\u043d\u043e\u0439 \u0436\u0438\u0437\u043d\u0438 \u0432 \u043e\u043d\u043b\u0430\u0439\u043d-\u043c\u0430\u0433\u0430\u0437\u0438\u043d\u0435\"},{\"@type\":\"BreadcrumbList\",\"@id\":\"https:\/\/xstyle.md\/product\/maier-ronka-wmn-cabernet\/#breadcrumb\",\"itemListElement\":[{\"@type\":\"ListItem\",\"position\":1,\"name\":\"\u0413\u043b\u0430\u0432\u043d\u0430\u044f \u0441\u0442\u0440\u0430\u043d\u0438\u0446\u0430\",\"item\":\"https:\/\/xstyle.md\/\"},{\"@type\":\"ListItem\",\"position\":2,\"name\":\"\u041c\u0430\u0433\u0430\u0437\u0438\u043d\",\"item\":\"https:\/\/xstyle.md\/shop\/\"},{\"@type\":\"ListItem\",\"position\":3,\"name\":\"\u0411\u0440\u044e\u043a\u0438 Maier Ronka Wmn cabernet\"}]},{\"@type\":\"WebSite\",\"@id\":\"https:\/\/xstyle.md\/#website\",\"url\":\"https:\/\/xstyle.md\/\",\"name\":\"\u041c\u0430\u0433\u0430\u0437\u0438\u043d Xstyle\",\"description\":\"C\u043d\u0430\u0440\u044f\u0436\u0435\u043d\u0438\u0435 \u0434\u043b\u044f \u0442\u0443\u0440\u0438\u0437\u043c\u0430 \u0438 \u044d\u043a\u0441\u0442\u0440\u0435\u043c\u0430\u043b\u044c\u043d\u044b\u0445 \u0432\u0438\u0434\u043e\u0432 \u0441\u043f\u043e\u0440\u0442\u0430 \u0432 \u041c\u043e\u043b\u0434\u043e\u0432\u0435.. \u0426\u0435\u043d\u044b, \u0444\u043e\u0442\u043e, \u0445\u0430\u0440\u0430\u043a\u0442\u0435\u0440\u0438\u0441\u0442\u0438\u043a\u0438 \u0432 \u041c\u043e\u043b\u0434\u043e\u0432\u0435.\",\"publisher\":{\"@id\":\"https:\/\/xstyle.md\/#organization\"},\"alternateName\":\"X-Style\",\"potentialAction\":[{\"@type\":\"SearchAction\",\"target\":{\"@type\":\"EntryPoint\",\"urlTemplate\":\"https:\/\/xstyle.md\/?s={search_term_string}\"},\"query-input\":{\"@type\":\"PropertyValueSpecification\",\"valueRequired\":true,\"valueName\":\"search_term_string\"}}],\"inLanguage\":\"ro-RO\"},{\"@type\":\"Organization\",\"@id\":\"https:\/\/xstyle.md\/#organization\",\"name\":\"\u041c\u0430\u0433\u0430\u0437\u0438\u043d Xstyle\",\"alternateName\":\"x-style\",\"url\":\"https:\/\/xstyle.md\/\",\"logo\":{\"@type\":\"ImageObject\",\"inLanguage\":\"ro-RO\",\"@id\":\"https:\/\/xstyle.md\/#\/schema\/logo\/image\/\",\"url\":\"https:\/\/xstyle.md\/wp-content\/uploads\/2020\/06\/logoicon.svg\",\"contentUrl\":\"https:\/\/xstyle.md\/wp-content\/uploads\/2020\/06\/logoicon.svg\",\"caption\":\"\u041c\u0430\u0433\u0430\u0437\u0438\u043d Xstyle\"},\"image\":{\"@id\":\"https:\/\/xstyle.md\/#\/schema\/logo\/image\/\"},\"sameAs\":[\"https:\/\/www.facebook.com\/xstylemd\",\"https:\/\/www.instagram.com\/xstyle_md\/\",\"https:\/\/t.me\/xstyle_outdoor\"],\"hasMerchantReturnPolicy\":{\"@type\":\"MerchantReturnPolicy\",\"merchantReturnLink\":\"https:\/\/xstyle.md\/ro\/conditions\/\"}}]}<\/script>\n<meta property=\"product:price:amount\" content=\"2513.00\" \/>\n<meta property=\"product:price:currency\" content=\"MDL\" \/>\n<meta property=\"og:availability\" content=\"instock\" \/>\n<meta property=\"product:availability\" content=\"instock\" \/>\n<meta property=\"product:retailer_item_id\" content=\"4057486069768\" \/>\n<meta property=\"product:condition\" content=\"new\" \/>\n<!-- \/ Yoast SEO plugin. -->","yoast_head_json":{"title":"Pantaloni Maier Ronka Wmn cabernet - Magazin Xstyle","description":"Pantalonii Maier Ronka Wmn cabernet \u2013 pantaloni de schi elegan\u021bi pentru femei, cu protec\u021bie mTEX 10000. Croi confortabil, talie ajustabil\u0103 \u0219i protec\u021bie \u00eempotriva z\u0103pezii!","robots":{"index":"index","follow":"follow","max-snippet":"max-snippet:-1","max-image-preview":"max-image-preview:large","max-video-preview":"max-video-preview:-1"},"canonical":"https:\/\/xstyle.md\/ro\/produs\/maier-ronka-wmn-cabernet\/","og_locale":"ro_RO","og_type":"article","og_title":"\u0411\u0440\u044e\u043a\u0438 Maier Ronka Wmn cabernet - \u041c\u0430\u0433\u0430\u0437\u0438\u043d Xstyle","og_description":"\u0411\u0440\u044e\u043a\u0438 Maier Ronka Wmn cabernet \u2013 \u0441\u0442\u0438\u043b\u044c\u043d\u044b\u0435 \u0436\u0435\u043d\u0441\u043a\u0438\u0435 \u043b\u044b\u0436\u043d\u044b\u0435 \u0431\u0440\u044e\u043a\u0438 \u0441 \u0437\u0430\u0449\u0438\u0442\u043e\u0439 mTEX 10000. \u0423\u0434\u043e\u0431\u043d\u0430\u044f \u043f\u043e\u0441\u0430\u0434\u043a\u0430, \u0440\u0435\u0433\u0443\u043b\u0438\u0440\u0443\u0435\u043c\u0430\u044f \u0442\u0430\u043b\u0438\u044f \u0438 \u0437\u0430\u0449\u0438\u0442\u0430 \u043e\u0442 \u0441\u043d\u0435\u0433\u0430!","og_url":"https:\/\/xstyle.md\/ro\/produs\/maier-ronka-wmn-cabernet\/","og_site_name":"\u041c\u0430\u0433\u0430\u0437\u0438\u043d Xstyle","article_publisher":"https:\/\/www.facebook.com\/xstylemd","article_modified_time":"2024-10-19T21:16:43+00:00","og_image":[{"width":1532,"height":1496,"url":"https:\/\/xstyle.md\/wp-content\/uploads\/2021\/07\/maier-ronka-wmn-cabernet.jpg","type":"image\/jpeg"}],"twitter_card":"summary_large_image","twitter_misc":{"Pre\u021b":"2.513&nbsp;MDL","Disponibilitate":"\u00cen stoc"},"schema":{"@context":"https:\/\/schema.org","@graph":[{"@type":"WebPage","@id":"https:\/\/xstyle.md\/product\/maier-ronka-wmn-cabernet\/","url":"https:\/\/xstyle.md\/product\/maier-ronka-wmn-cabernet\/","name":"Pantaloni Maier Ronka Wmn cabernet - Magazin Xstyle","isPartOf":{"@id":"https:\/\/xstyle.md\/#website"},"primaryImageOfPage":{"@id":"https:\/\/xstyle.md\/product\/maier-ronka-wmn-cabernet\/#primaryimage"},"image":{"@id":"https:\/\/xstyle.md\/product\/maier-ronka-wmn-cabernet\/#primaryimage"},"thumbnailUrl":"https:\/\/xstyle.md\/wp-content\/uploads\/2021\/07\/maier-ronka-wmn-cabernet.jpg","datePublished":"2021-07-22T10:38:11+00:00","dateModified":"2024-10-19T21:16:43+00:00","description":"Pantalonii Maier Ronka Wmn cabernet \u2013 pantaloni de schi elegan\u021bi pentru femei, cu protec\u021bie mTEX 10000. Croi confortabil, talie ajustabil\u0103 \u0219i protec\u021bie \u00eempotriva z\u0103pezii!","breadcrumb":{"@id":"https:\/\/xstyle.md\/product\/maier-ronka-wmn-cabernet\/#breadcrumb"},"inLanguage":"ro-RO","potentialAction":[{"@type":"ReadAction","target":["https:\/\/xstyle.md\/product\/maier-ronka-wmn-cabernet\/"]}]},{"@type":"ImageObject","inLanguage":"ro-RO","@id":"https:\/\/xstyle.md\/product\/maier-ronka-wmn-cabernet\/#primaryimage","url":"https:\/\/xstyle.md\/wp-content\/uploads\/2021\/07\/maier-ronka-wmn-cabernet.jpg","contentUrl":"https:\/\/xstyle.md\/wp-content\/uploads\/2021\/07\/maier-ronka-wmn-cabernet.jpg","width":1532,"height":1496,"caption":"\u0416\u0435\u043d\u0441\u043a\u0438\u0435 \u0431\u0440\u044e\u043a\u0438 Maier Ronka Wmn cabernet \u0434\u043b\u044f \u0430\u043a\u0442\u0438\u0432\u043d\u043e\u0433\u043e \u043e\u0442\u0434\u044b\u0445\u0430 \u043d\u0430 \u043f\u0440\u0438\u0440\u043e\u0434\u0435, \u043f\u043e\u0445\u043e\u0434\u043e\u0432 \u0432 \u0433\u043e\u0440\u044b, \u043f\u0443\u0442\u0435\u0448\u0435\u0441\u0442\u0432\u0438\u0439 \u0438 \u0441\u043f\u043e\u0440\u0442\u0438\u0432\u043d\u043e\u0439 \u043e\u0434\u0435\u0436\u0434\u044b \u0434\u043b\u044f \u0430\u043a\u0442\u0438\u0432\u043d\u043e\u0439 \u0436\u0438\u0437\u043d\u0438 \u0432 \u043e\u043d\u043b\u0430\u0439\u043d-\u043c\u0430\u0433\u0430\u0437\u0438\u043d\u0435"},{"@type":"BreadcrumbList","@id":"https:\/\/xstyle.md\/product\/maier-ronka-wmn-cabernet\/#breadcrumb","itemListElement":[{"@type":"ListItem","position":1,"name":"\u0413\u043b\u0430\u0432\u043d\u0430\u044f \u0441\u0442\u0440\u0430\u043d\u0438\u0446\u0430","item":"https:\/\/xstyle.md\/"},{"@type":"ListItem","position":2,"name":"\u041c\u0430\u0433\u0430\u0437\u0438\u043d","item":"https:\/\/xstyle.md\/shop\/"},{"@type":"ListItem","position":3,"name":"\u0411\u0440\u044e\u043a\u0438 Maier Ronka Wmn cabernet"}]},{"@type":"WebSite","@id":"https:\/\/xstyle.md\/#website","url":"https:\/\/xstyle.md\/","name":"Magazinul X-Style","description":"Echipamente pentru turism \u0219i sporturi extreme \u00een Moldova. Pre\u021buri, fotografii, caracteristici \u00een Moldova.","publisher":{"@id":"https:\/\/xstyle.md\/#organization"},"alternateName":"X-Style","potentialAction":[{"@type":"SearchAction","target":{"@type":"EntryPoint","urlTemplate":"https:\/\/xstyle.md\/?s={search_term_string}"},"query-input":{"@type":"PropertyValueSpecification","valueRequired":true,"valueName":"search_term_string"}}],"inLanguage":"ro-RO"},{"@type":"Organization","@id":"https:\/\/xstyle.md\/#organization","name":"Magazinul X-Style","alternateName":"x-style","url":"https:\/\/xstyle.md\/","logo":{"@type":"ImageObject","inLanguage":"ro-RO","@id":"https:\/\/xstyle.md\/#\/schema\/logo\/image\/","url":"https:\/\/xstyle.md\/wp-content\/uploads\/2020\/06\/logoicon.svg","contentUrl":"https:\/\/xstyle.md\/wp-content\/uploads\/2020\/06\/logoicon.svg","caption":"\u041c\u0430\u0433\u0430\u0437\u0438\u043d Xstyle"},"image":{"@id":"https:\/\/xstyle.md\/#\/schema\/logo\/image\/"},"sameAs":["https:\/\/www.facebook.com\/xstylemd","https:\/\/www.instagram.com\/xstyle_md\/","https:\/\/t.me\/xstyle_outdoor"],"hasMerchantReturnPolicy":{"@type":"MerchantReturnPolicy","merchantReturnLink":"https:\/\/xstyle.md\/ro\/conditions\/"}}]},"product_price_amount":"2513.00","product_price_currency":"MDL","og_availability":"instock","product_availability":"instock","product_retailer_item_id":"4057486069768","product_condition":"new"},"post_mailing_queue_ids":[],"_links":{"self":[{"href":"https:\/\/xstyle.md\/ro\/wp-json\/wp\/v2\/product\/37467","targetHints":{"allow":["GET"]}}],"collection":[{"href":"https:\/\/xstyle.md\/ro\/wp-json\/wp\/v2\/product"}],"about":[{"href":"https:\/\/xstyle.md\/ro\/wp-json\/wp\/v2\/types\/product"}],"replies":[{"embeddable":true,"href":"https:\/\/xstyle.md\/ro\/wp-json\/wp\/v2\/comments?post=37467"}],"wp:featuredmedia":[{"embeddable":true,"href":"https:\/\/xstyle.md\/ro\/wp-json\/wp\/v2\/media\/63005"}],"wp:attachment":[{"href":"https:\/\/xstyle.md\/ro\/wp-json\/wp\/v2\/media?parent=37467"}],"wp:term":[{"taxonomy":"product_brand","embeddable":true,"href":"https:\/\/xstyle.md\/ro\/wp-json\/wp\/v2\/product_brand?post=37467"},{"taxonomy":"product_cat","embeddable":true,"href":"https:\/\/xstyle.md\/ro\/wp-json\/wp\/v2\/product_cat?post=37467"},{"taxonomy":"product_tag","embeddable":true,"href":"https:\/\/xstyle.md\/ro\/wp-json\/wp\/v2\/product_tag?post=37467"}],"curies":[{"name":"wp","href":"https:\/\/api.w.org\/{rel}","templated":true}]}}