{"id":37386,"date":"2021-07-20T15:35:09","date_gmt":"2021-07-20T12:35:09","guid":{"rendered":"https:\/\/xstyle.md\/?post_type=product&#038;p=37386"},"modified":"2024-10-21T09:00:21","modified_gmt":"2024-10-21T06:00:21","slug":"kovrik-therm-a-rest-ridgerest-classic-large","status":"publish","type":"product","link":"https:\/\/xstyle.md\/ro\/produs\/kovrik-therm-a-rest-ridgerest-classic-large\/","title":{"rendered":"Saltea Therm-A-Rest RidgeRest Classic Large"},"content":{"rendered":"<\/p>\n<p><strong>Therm-A-Rest RidgeRest Classic Large<\/strong> &#8212; covoras turistic confortabil \u0219i durabil, cu un nivel ridicat de izolare termic\u0103. La fel ca toate covora\u0219ele, este u\u0219or, fiabil \u0219i u\u0219or de manevrat.<\/p>\n<p>Covora\u0219ul este rulabil, iar structura robust\u0103 a materialului poate rezista la o utilizare pe termen lung. Acesta poate fi utilizat ca un al doilea strat (suplimentar) la temperaturi sc\u0103zute. Covora\u0219ul poate fi utilizat pentru drume\u021bii, alpinism, camping \u0219i ciclism. Nu este afectat de \u00een\u021bep\u0103turi, iar t\u0103ieturile mici pot fi reparate cu u\u0219urin\u021b\u0103 pe teren.<\/p>\n<p>Conceput\u0103 pentru utilizare \u00een trei sezoane ca o alternativ\u0103 fiabil\u0103 \u0219i minimalist\u0103 la saltelele pneumatice de camping. Spuma durabil\u0103, presat\u0103 \u00een form\u0103 de napolitan\u0103, face ca acest model s\u0103 fie neobi\u0219nuit de moale \u0219i confortabil de dormit, spre deosebire de saltelele de camping mai rigide.<\/p>\n<h3>Particularit\u0103\u021bi<\/h3>\n<ul>\n<li>Rulabil, iar structura robust\u0103 a materialului poate rezista la ani de utilizare dur\u0103.<\/li>\n<li>Poate fi utilizat ca un al doilea strat (suplimentar) la temperaturi sc\u0103zute.<\/li>\n<li>U\u0219or \u0219i durabil, indestructibil \u0219i u\u0219or de utilizat \u00een toate condi\u021biile.<\/li>\n<li>Moale \u0219i confortabil, profilul striat al suprafe\u021bei covorului permite utilizarea &#171;camerelor de aer&#187; pentru a \u00eembun\u0103t\u0103\u021bi izolarea termic\u0103.<\/li>\n<\/ul>\n<h3>Caracteristici<\/h3>\n<ul>\n<li>Material &#8212; spum\u0103 de polietilen\u0103<\/li>\n<li>Tip &#8212; saltea (saltea \u021besut\u0103)<\/li>\n<li>Dimensiuni &#8212; 196 x 63 cm<\/li>\n<li>Dimensiuni ambalate &#8212; 64 x 22 cm<\/li>\n<li>Grosime &#8212; 1,5 cm<\/li>\n<li>Caracter sezonier &#8212; 3<\/li>\n<li>Valoare R &#8212; 2,6<\/li>\n<li>Greutate &#8212; 540 g.<\/li>\n<\/ul>\n<h3>Tehnologie<\/h3>\n<ul>\n<li><strong>R-value<\/strong> &#8212; este o caracteristic\u0103 a izola\u021biei termice a covorului atunci c\u00e2nd este complet umflat. Cu c\u00e2t cifra este mai mare, cu at\u00e2t covora\u0219ul dvs. va fi mai cald \u0219i mai confortabil. Pute\u021bi cre\u0219te R-value prin umflarea suplimentar\u0103 a saltelei.<\/li>\n<\/ul>\n<h3>Marca<\/h3>\n<p>Therm-a-rest este un pionier \u00een domeniul covora\u0219elor auto-gonflabile, astfel \u00eenc\u00e2t Therm-a-rest este foarte confortabil pe pia\u021ba de exterior. Dar nu ofer\u0103 doar saltele pentru dormit, ci \u0219i perne pentru drume\u021bii, spume elegante, scaune gonflabile, \u0219ezlonguri compacte, scaune pliabile.<\/p>\n<p>Culorile vii, designul futurist \u0219i ingineria \u00eendr\u0103znea\u021b\u0103 fac ca produsele Therm-a-rest s\u0103 fie recunoscute \u00een \u00eentreaga lume, at\u00e2t de c\u0103tre cei care c\u0103l\u0103toresc pe distan\u021be lungi, c\u00e2t \u0219i de cei care doresc s\u0103 petreac\u0103 o zi relaxant\u0103 \u00een aer liber.<\/p>\n<p><\/p>","protected":false},"excerpt":{"rendered":"<p>Saltea Therm-A-Rest RidgeRest Classic Large<\/p>","protected":false},"featured_media":37387,"comment_status":"open","ping_status":"closed","template":"","meta":{"_acf_changed":false,"inline_featured_image":false},"product_brand":[1286],"product_cat":[200],"product_tag":[],"class_list":{"0":"post-37386","1":"product","2":"type-product","3":"status-publish","4":"has-post-thumbnail","6":"product_brand-therm-a-rest","7":"product_cat-travel-mats","9":"first","10":"instock","11":"shipping-taxable","12":"purchasable","13":"product-type-simple"},"acf":[],"yoast_head":"<!-- This site is optimized with the Yoast SEO plugin v27.2 - https:\/\/yoast.com\/product\/yoast-seo-wordpress\/ -->\n<title>\u041a\u043e\u0432\u0440\u0438\u043a Therm-A-Rest RidgeRest Classic Large - \u041c\u0430\u0433\u0430\u0437\u0438\u043d Xstyle<\/title>\n<meta name=\"description\" content=\"\u041a\u043e\u0432\u0440\u0438\u043a Therm-A-Rest RidgeRest Classic Large - \u043f\u0440\u043e\u0447\u043d\u044b\u0439 \u0438 \u043b\u0435\u0433\u043a\u0438\u0439 \u0442\u0443\u0440\u0438\u0441\u0442\u0438\u0447\u0435\u0441\u043a\u0438\u0439 \u043a\u043e\u0432\u0440\u0438\u043a \u0441 \u0432\u044b\u0441\u043e\u043a\u043e\u0439 \u0442\u0435\u043f\u043b\u043e\u0438\u0437\u043e\u043b\u044f\u0446\u0438\u0435\u0439. \u0418\u0434\u0435\u0430\u043b\u0435\u043d \u0434\u043b\u044f \u043a\u043e\u043c\u0444\u043e\u0440\u0442\u043d\u043e\u0433\u043e \u043e\u0442\u0434\u044b\u0445\u0430 \u043d\u0430 \u043f\u0440\u0438\u0440\u043e\u0434\u0435.\" \/>\n<meta name=\"robots\" content=\"index, follow, max-snippet:-1, max-image-preview:large, max-video-preview:-1\" \/>\n<link rel=\"canonical\" href=\"https:\/\/xstyle.md\/ro\/produs\/kovrik-therm-a-rest-ridgerest-classic-large\/\" \/>\n<meta property=\"og:locale\" content=\"ro_RO\" \/>\n<meta property=\"og:type\" content=\"article\" \/>\n<meta property=\"og:title\" content=\"\u041a\u043e\u0432\u0440\u0438\u043a Therm-A-Rest RidgeRest Classic Large - \u041c\u0430\u0433\u0430\u0437\u0438\u043d Xstyle\" \/>\n<meta property=\"og:description\" content=\"\u041a\u043e\u0432\u0440\u0438\u043a Therm-A-Rest RidgeRest Classic Large - \u043f\u0440\u043e\u0447\u043d\u044b\u0439 \u0438 \u043b\u0435\u0433\u043a\u0438\u0439 \u0442\u0443\u0440\u0438\u0441\u0442\u0438\u0447\u0435\u0441\u043a\u0438\u0439 \u043a\u043e\u0432\u0440\u0438\u043a \u0441 \u0432\u044b\u0441\u043e\u043a\u043e\u0439 \u0442\u0435\u043f\u043b\u043e\u0438\u0437\u043e\u043b\u044f\u0446\u0438\u0435\u0439. \u0418\u0434\u0435\u0430\u043b\u0435\u043d \u0434\u043b\u044f \u043a\u043e\u043c\u0444\u043e\u0440\u0442\u043d\u043e\u0433\u043e \u043e\u0442\u0434\u044b\u0445\u0430 \u043d\u0430 \u043f\u0440\u0438\u0440\u043e\u0434\u0435.\" \/>\n<meta property=\"og:url\" content=\"https:\/\/xstyle.md\/ro\/produs\/kovrik-therm-a-rest-ridgerest-classic-large\/\" \/>\n<meta property=\"og:site_name\" content=\"\u041c\u0430\u0433\u0430\u0437\u0438\u043d Xstyle\" \/>\n<meta property=\"article:publisher\" content=\"https:\/\/www.facebook.com\/xstylemd\" \/>\n<meta property=\"article:modified_time\" content=\"2024-10-21T06:00:21+00:00\" \/>\n<meta property=\"og:image\" content=\"https:\/\/xstyle.md\/wp-content\/uploads\/2021\/07\/therm-a-rest-ridgerest-classic-large.jpg\" \/>\n\t<meta property=\"og:image:width\" content=\"441\" \/>\n\t<meta property=\"og:image:height\" content=\"450\" \/>\n\t<meta property=\"og:image:type\" content=\"image\/jpeg\" \/>\n<meta name=\"twitter:card\" content=\"summary_large_image\" \/>\n<meta name=\"twitter:label1\" content=\"Pre\u021b\" \/>\n\t<meta name=\"twitter:data1\" content=\"930&nbsp;MDL\" \/>\n\t<meta name=\"twitter:label2\" content=\"Disponibilitate\" \/>\n\t<meta name=\"twitter:data2\" content=\"\u00cen stoc\" \/>\n<script type=\"application\/ld+json\" class=\"yoast-schema-graph\">{\"@context\":\"https:\/\/schema.org\",\"@graph\":[{\"@type\":\"WebPage\",\"@id\":\"https:\/\/xstyle.md\/product\/kovrik-therm-a-rest-ridgerest-classic-large\/\",\"url\":\"https:\/\/xstyle.md\/product\/kovrik-therm-a-rest-ridgerest-classic-large\/\",\"name\":\"\u041a\u043e\u0432\u0440\u0438\u043a Therm-A-Rest RidgeRest Classic Large - \u041c\u0430\u0433\u0430\u0437\u0438\u043d Xstyle\",\"isPartOf\":{\"@id\":\"https:\/\/xstyle.md\/#website\"},\"primaryImageOfPage\":{\"@id\":\"https:\/\/xstyle.md\/product\/kovrik-therm-a-rest-ridgerest-classic-large\/#primaryimage\"},\"image\":{\"@id\":\"https:\/\/xstyle.md\/product\/kovrik-therm-a-rest-ridgerest-classic-large\/#primaryimage\"},\"thumbnailUrl\":\"https:\/\/xstyle.md\/wp-content\/uploads\/2021\/07\/therm-a-rest-ridgerest-classic-large.jpg\",\"datePublished\":\"2021-07-20T12:35:09+00:00\",\"dateModified\":\"2024-10-21T06:00:21+00:00\",\"description\":\"\u041a\u043e\u0432\u0440\u0438\u043a Therm-A-Rest RidgeRest Classic Large - \u043f\u0440\u043e\u0447\u043d\u044b\u0439 \u0438 \u043b\u0435\u0433\u043a\u0438\u0439 \u0442\u0443\u0440\u0438\u0441\u0442\u0438\u0447\u0435\u0441\u043a\u0438\u0439 \u043a\u043e\u0432\u0440\u0438\u043a \u0441 \u0432\u044b\u0441\u043e\u043a\u043e\u0439 \u0442\u0435\u043f\u043b\u043e\u0438\u0437\u043e\u043b\u044f\u0446\u0438\u0435\u0439. \u0418\u0434\u0435\u0430\u043b\u0435\u043d \u0434\u043b\u044f \u043a\u043e\u043c\u0444\u043e\u0440\u0442\u043d\u043e\u0433\u043e \u043e\u0442\u0434\u044b\u0445\u0430 \u043d\u0430 \u043f\u0440\u0438\u0440\u043e\u0434\u0435.\",\"breadcrumb\":{\"@id\":\"https:\/\/xstyle.md\/product\/kovrik-therm-a-rest-ridgerest-classic-large\/#breadcrumb\"},\"inLanguage\":\"ro-RO\",\"potentialAction\":[{\"@type\":\"ReadAction\",\"target\":[\"https:\/\/xstyle.md\/product\/kovrik-therm-a-rest-ridgerest-classic-large\/\"]}]},{\"@type\":\"ImageObject\",\"inLanguage\":\"ro-RO\",\"@id\":\"https:\/\/xstyle.md\/product\/kovrik-therm-a-rest-ridgerest-classic-large\/#primaryimage\",\"url\":\"https:\/\/xstyle.md\/wp-content\/uploads\/2021\/07\/therm-a-rest-ridgerest-classic-large.jpg\",\"contentUrl\":\"https:\/\/xstyle.md\/wp-content\/uploads\/2021\/07\/therm-a-rest-ridgerest-classic-large.jpg\",\"width\":441,\"height\":450,\"caption\":\"\u041a\u043e\u0432\u0440\u0438\u043a Therm-A-Rest RidgeRest Classic Large \u0434\u043b\u044f \u0430\u043a\u0442\u0438\u0432\u043d\u043e\u0433\u043e \u043e\u0442\u0434\u044b\u0445\u0430, \u043f\u043e\u0445\u043e\u0434\u043e\u0432 \u0438 \u043f\u0443\u0442\u0435\u0448\u0435\u0441\u0442\u0432\u0438\u0439, \u043e\u0434\u0435\u0436\u0434\u0430 \u0438 \u043e\u0431\u0443\u0432\u044c \u0434\u043b\u044f \u0442\u0443\u0440\u0438\u0437\u043c\u0430, \u0445\u0430\u0439\u043a\u0438\u043d\u0433\u0430 \u0438 \u0430\u043b\u044c\u043f\u0438\u043d\u0438\u0437\u043c\u0430\"},{\"@type\":\"BreadcrumbList\",\"@id\":\"https:\/\/xstyle.md\/product\/kovrik-therm-a-rest-ridgerest-classic-large\/#breadcrumb\",\"itemListElement\":[{\"@type\":\"ListItem\",\"position\":1,\"name\":\"\u0413\u043b\u0430\u0432\u043d\u0430\u044f \u0441\u0442\u0440\u0430\u043d\u0438\u0446\u0430\",\"item\":\"https:\/\/xstyle.md\/\"},{\"@type\":\"ListItem\",\"position\":2,\"name\":\"\u041c\u0430\u0433\u0430\u0437\u0438\u043d\",\"item\":\"https:\/\/xstyle.md\/shop\/\"},{\"@type\":\"ListItem\",\"position\":3,\"name\":\"\u041a\u043e\u0432\u0440\u0438\u043a Therm-A-Rest RidgeRest Classic Large\"}]},{\"@type\":\"WebSite\",\"@id\":\"https:\/\/xstyle.md\/#website\",\"url\":\"https:\/\/xstyle.md\/\",\"name\":\"\u041c\u0430\u0433\u0430\u0437\u0438\u043d Xstyle\",\"description\":\"C\u043d\u0430\u0440\u044f\u0436\u0435\u043d\u0438\u0435 \u0434\u043b\u044f \u0442\u0443\u0440\u0438\u0437\u043c\u0430 \u0438 \u044d\u043a\u0441\u0442\u0440\u0435\u043c\u0430\u043b\u044c\u043d\u044b\u0445 \u0432\u0438\u0434\u043e\u0432 \u0441\u043f\u043e\u0440\u0442\u0430 \u0432 \u041c\u043e\u043b\u0434\u043e\u0432\u0435.. \u0426\u0435\u043d\u044b, \u0444\u043e\u0442\u043e, \u0445\u0430\u0440\u0430\u043a\u0442\u0435\u0440\u0438\u0441\u0442\u0438\u043a\u0438 \u0432 \u041c\u043e\u043b\u0434\u043e\u0432\u0435.\",\"publisher\":{\"@id\":\"https:\/\/xstyle.md\/#organization\"},\"alternateName\":\"X-Style\",\"potentialAction\":[{\"@type\":\"SearchAction\",\"target\":{\"@type\":\"EntryPoint\",\"urlTemplate\":\"https:\/\/xstyle.md\/?s={search_term_string}\"},\"query-input\":{\"@type\":\"PropertyValueSpecification\",\"valueRequired\":true,\"valueName\":\"search_term_string\"}}],\"inLanguage\":\"ro-RO\"},{\"@type\":\"Organization\",\"@id\":\"https:\/\/xstyle.md\/#organization\",\"name\":\"\u041c\u0430\u0433\u0430\u0437\u0438\u043d Xstyle\",\"alternateName\":\"x-style\",\"url\":\"https:\/\/xstyle.md\/\",\"logo\":{\"@type\":\"ImageObject\",\"inLanguage\":\"ro-RO\",\"@id\":\"https:\/\/xstyle.md\/#\/schema\/logo\/image\/\",\"url\":\"https:\/\/xstyle.md\/wp-content\/uploads\/2020\/06\/logoicon.svg\",\"contentUrl\":\"https:\/\/xstyle.md\/wp-content\/uploads\/2020\/06\/logoicon.svg\",\"caption\":\"\u041c\u0430\u0433\u0430\u0437\u0438\u043d Xstyle\"},\"image\":{\"@id\":\"https:\/\/xstyle.md\/#\/schema\/logo\/image\/\"},\"sameAs\":[\"https:\/\/www.facebook.com\/xstylemd\",\"https:\/\/www.instagram.com\/xstyle_md\/\",\"https:\/\/t.me\/xstyle_outdoor\"],\"hasMerchantReturnPolicy\":{\"@type\":\"MerchantReturnPolicy\",\"merchantReturnLink\":\"https:\/\/xstyle.md\/ro\/conditions\/\"}}]}<\/script>\n<meta property=\"product:price:amount\" content=\"930.00\" \/>\n<meta property=\"product:price:currency\" content=\"MDL\" \/>\n<meta property=\"og:availability\" content=\"instock\" \/>\n<meta property=\"product:availability\" content=\"instock\" \/>\n<meta property=\"product:retailer_item_id\" content=\"40818064337\" \/>\n<meta property=\"product:condition\" content=\"new\" \/>\n<!-- \/ Yoast SEO plugin. -->","yoast_head_json":{"title":"Covoras Therm-A-Rest RidgeRest Classic Large - Magazin Xstyle","description":"Covor Therm-A-Rest RidgeRest Classic Large - un covor turistic dur \u0219i u\u0219or, cu izola\u021bie termic\u0103 ridicat\u0103. Ideal pentru o odihn\u0103 confortabil\u0103 \u00een natur\u0103.","robots":{"index":"index","follow":"follow","max-snippet":"max-snippet:-1","max-image-preview":"max-image-preview:large","max-video-preview":"max-video-preview:-1"},"canonical":"https:\/\/xstyle.md\/ro\/produs\/kovrik-therm-a-rest-ridgerest-classic-large\/","og_locale":"ro_RO","og_type":"article","og_title":"\u041a\u043e\u0432\u0440\u0438\u043a Therm-A-Rest RidgeRest Classic Large - \u041c\u0430\u0433\u0430\u0437\u0438\u043d Xstyle","og_description":"\u041a\u043e\u0432\u0440\u0438\u043a Therm-A-Rest RidgeRest Classic Large - \u043f\u0440\u043e\u0447\u043d\u044b\u0439 \u0438 \u043b\u0435\u0433\u043a\u0438\u0439 \u0442\u0443\u0440\u0438\u0441\u0442\u0438\u0447\u0435\u0441\u043a\u0438\u0439 \u043a\u043e\u0432\u0440\u0438\u043a \u0441 \u0432\u044b\u0441\u043e\u043a\u043e\u0439 \u0442\u0435\u043f\u043b\u043e\u0438\u0437\u043e\u043b\u044f\u0446\u0438\u0435\u0439. \u0418\u0434\u0435\u0430\u043b\u0435\u043d \u0434\u043b\u044f \u043a\u043e\u043c\u0444\u043e\u0440\u0442\u043d\u043e\u0433\u043e \u043e\u0442\u0434\u044b\u0445\u0430 \u043d\u0430 \u043f\u0440\u0438\u0440\u043e\u0434\u0435.","og_url":"https:\/\/xstyle.md\/ro\/produs\/kovrik-therm-a-rest-ridgerest-classic-large\/","og_site_name":"\u041c\u0430\u0433\u0430\u0437\u0438\u043d Xstyle","article_publisher":"https:\/\/www.facebook.com\/xstylemd","article_modified_time":"2024-10-21T06:00:21+00:00","og_image":[{"width":441,"height":450,"url":"https:\/\/xstyle.md\/wp-content\/uploads\/2021\/07\/therm-a-rest-ridgerest-classic-large.jpg","type":"image\/jpeg"}],"twitter_card":"summary_large_image","twitter_misc":{"Pre\u021b":"930&nbsp;MDL","Disponibilitate":"\u00cen stoc"},"schema":{"@context":"https:\/\/schema.org","@graph":[{"@type":"WebPage","@id":"https:\/\/xstyle.md\/product\/kovrik-therm-a-rest-ridgerest-classic-large\/","url":"https:\/\/xstyle.md\/product\/kovrik-therm-a-rest-ridgerest-classic-large\/","name":"Covoras Therm-A-Rest RidgeRest Classic Large - Magazin Xstyle","isPartOf":{"@id":"https:\/\/xstyle.md\/#website"},"primaryImageOfPage":{"@id":"https:\/\/xstyle.md\/product\/kovrik-therm-a-rest-ridgerest-classic-large\/#primaryimage"},"image":{"@id":"https:\/\/xstyle.md\/product\/kovrik-therm-a-rest-ridgerest-classic-large\/#primaryimage"},"thumbnailUrl":"https:\/\/xstyle.md\/wp-content\/uploads\/2021\/07\/therm-a-rest-ridgerest-classic-large.jpg","datePublished":"2021-07-20T12:35:09+00:00","dateModified":"2024-10-21T06:00:21+00:00","description":"Covor Therm-A-Rest RidgeRest Classic Large - un covor turistic dur \u0219i u\u0219or, cu izola\u021bie termic\u0103 ridicat\u0103. Ideal pentru o odihn\u0103 confortabil\u0103 \u00een natur\u0103.","breadcrumb":{"@id":"https:\/\/xstyle.md\/product\/kovrik-therm-a-rest-ridgerest-classic-large\/#breadcrumb"},"inLanguage":"ro-RO","potentialAction":[{"@type":"ReadAction","target":["https:\/\/xstyle.md\/product\/kovrik-therm-a-rest-ridgerest-classic-large\/"]}]},{"@type":"ImageObject","inLanguage":"ro-RO","@id":"https:\/\/xstyle.md\/product\/kovrik-therm-a-rest-ridgerest-classic-large\/#primaryimage","url":"https:\/\/xstyle.md\/wp-content\/uploads\/2021\/07\/therm-a-rest-ridgerest-classic-large.jpg","contentUrl":"https:\/\/xstyle.md\/wp-content\/uploads\/2021\/07\/therm-a-rest-ridgerest-classic-large.jpg","width":441,"height":450,"caption":"\u041a\u043e\u0432\u0440\u0438\u043a Therm-A-Rest RidgeRest Classic Large \u0434\u043b\u044f \u0430\u043a\u0442\u0438\u0432\u043d\u043e\u0433\u043e \u043e\u0442\u0434\u044b\u0445\u0430, \u043f\u043e\u0445\u043e\u0434\u043e\u0432 \u0438 \u043f\u0443\u0442\u0435\u0448\u0435\u0441\u0442\u0432\u0438\u0439, \u043e\u0434\u0435\u0436\u0434\u0430 \u0438 \u043e\u0431\u0443\u0432\u044c \u0434\u043b\u044f \u0442\u0443\u0440\u0438\u0437\u043c\u0430, \u0445\u0430\u0439\u043a\u0438\u043d\u0433\u0430 \u0438 \u0430\u043b\u044c\u043f\u0438\u043d\u0438\u0437\u043c\u0430"},{"@type":"BreadcrumbList","@id":"https:\/\/xstyle.md\/product\/kovrik-therm-a-rest-ridgerest-classic-large\/#breadcrumb","itemListElement":[{"@type":"ListItem","position":1,"name":"\u0413\u043b\u0430\u0432\u043d\u0430\u044f \u0441\u0442\u0440\u0430\u043d\u0438\u0446\u0430","item":"https:\/\/xstyle.md\/"},{"@type":"ListItem","position":2,"name":"\u041c\u0430\u0433\u0430\u0437\u0438\u043d","item":"https:\/\/xstyle.md\/shop\/"},{"@type":"ListItem","position":3,"name":"\u041a\u043e\u0432\u0440\u0438\u043a Therm-A-Rest RidgeRest Classic Large"}]},{"@type":"WebSite","@id":"https:\/\/xstyle.md\/#website","url":"https:\/\/xstyle.md\/","name":"Magazinul X-Style","description":"Echipamente pentru turism \u0219i sporturi extreme \u00een Moldova. Pre\u021buri, fotografii, caracteristici \u00een Moldova.","publisher":{"@id":"https:\/\/xstyle.md\/#organization"},"alternateName":"X-Style","potentialAction":[{"@type":"SearchAction","target":{"@type":"EntryPoint","urlTemplate":"https:\/\/xstyle.md\/?s={search_term_string}"},"query-input":{"@type":"PropertyValueSpecification","valueRequired":true,"valueName":"search_term_string"}}],"inLanguage":"ro-RO"},{"@type":"Organization","@id":"https:\/\/xstyle.md\/#organization","name":"Magazinul X-Style","alternateName":"x-style","url":"https:\/\/xstyle.md\/","logo":{"@type":"ImageObject","inLanguage":"ro-RO","@id":"https:\/\/xstyle.md\/#\/schema\/logo\/image\/","url":"https:\/\/xstyle.md\/wp-content\/uploads\/2020\/06\/logoicon.svg","contentUrl":"https:\/\/xstyle.md\/wp-content\/uploads\/2020\/06\/logoicon.svg","caption":"\u041c\u0430\u0433\u0430\u0437\u0438\u043d Xstyle"},"image":{"@id":"https:\/\/xstyle.md\/#\/schema\/logo\/image\/"},"sameAs":["https:\/\/www.facebook.com\/xstylemd","https:\/\/www.instagram.com\/xstyle_md\/","https:\/\/t.me\/xstyle_outdoor"],"hasMerchantReturnPolicy":{"@type":"MerchantReturnPolicy","merchantReturnLink":"https:\/\/xstyle.md\/ro\/conditions\/"}}]},"product_price_amount":"930.00","product_price_currency":"MDL","og_availability":"instock","product_availability":"instock","product_retailer_item_id":"40818064337","product_condition":"new"},"post_mailing_queue_ids":[],"_links":{"self":[{"href":"https:\/\/xstyle.md\/ro\/wp-json\/wp\/v2\/product\/37386","targetHints":{"allow":["GET"]}}],"collection":[{"href":"https:\/\/xstyle.md\/ro\/wp-json\/wp\/v2\/product"}],"about":[{"href":"https:\/\/xstyle.md\/ro\/wp-json\/wp\/v2\/types\/product"}],"replies":[{"embeddable":true,"href":"https:\/\/xstyle.md\/ro\/wp-json\/wp\/v2\/comments?post=37386"}],"wp:featuredmedia":[{"embeddable":true,"href":"https:\/\/xstyle.md\/ro\/wp-json\/wp\/v2\/media\/37387"}],"wp:attachment":[{"href":"https:\/\/xstyle.md\/ro\/wp-json\/wp\/v2\/media?parent=37386"}],"wp:term":[{"taxonomy":"product_brand","embeddable":true,"href":"https:\/\/xstyle.md\/ro\/wp-json\/wp\/v2\/product_brand?post=37386"},{"taxonomy":"product_cat","embeddable":true,"href":"https:\/\/xstyle.md\/ro\/wp-json\/wp\/v2\/product_cat?post=37386"},{"taxonomy":"product_tag","embeddable":true,"href":"https:\/\/xstyle.md\/ro\/wp-json\/wp\/v2\/product_tag?post=37386"}],"curies":[{"name":"wp","href":"https:\/\/api.w.org\/{rel}","templated":true}]}}