{"id":37332,"date":"2021-07-19T13:03:14","date_gmt":"2021-07-19T10:03:14","guid":{"rendered":"https:\/\/xstyle.md\/?post_type=product&#038;p=37332"},"modified":"2024-10-20T00:16:36","modified_gmt":"2024-10-19T21:16:36","slug":"shorty-hannah-vecta-jr-dark-shadow","status":"publish","type":"product","link":"https:\/\/xstyle.md\/ro\/produs\/shorty-hannah-vecta-jr-dark-shadow\/","title":{"rendered":"Pantaloni scur\u021bi Hannah Vecta JR dark shadow"},"content":{"rendered":"<p><strong>Hannah Vecta JR<\/strong> &#8212;\u00a0\u0434\u0435\u0442\u0441\u043a\u0438\u0435 \u0448\u043e\u0440\u0442\u044b \u0441 \u043a\u0443\u043b\u0438\u0441\u043a\u043e\u0439 \u043d\u0430 \u0442\u0430\u043b\u0438\u0438 \u0438 \u0431\u043e\u043a\u043e\u0432\u044b\u043c \u043a\u0430\u0440\u043c\u0430\u043d\u043e\u043c &#8212; \u043f\u0440\u0435\u043a\u0440\u0430\u0441\u043d\u044b\u0439 \u0432\u044b\u0431\u043e\u0440 \u0434\u043b\u044f \u043f\u043e\u0432\u0441\u0435\u0434\u043d\u0435\u0432\u043d\u043e\u0433\u043e \u0434\u043e\u0441\u0443\u0433\u0430.<\/p>\n<p>\u0412 \u0436\u0430\u0440\u043a\u0438\u0435 \u043b\u0435\u0442\u043d\u0438\u0435 \u0434\u043d\u0438 \u0448\u043e\u0440\u0442\u044b \u0438\u0437 \u0434\u044b\u0448\u0430\u0449\u0435\u0433\u043e, \u0431\u044b\u0441\u0442\u0440\u043e\u0441\u043e\u0445\u043d\u0443\u0449\u0435\u0433\u043e \u0438 \u043b\u0435\u0433\u043a\u043e\u0433\u043e \u043c\u0430\u0442\u0435\u0440\u0438\u0430\u043b\u0430 AFT Quick Dry,\u00a0\u0431\u0443\u0434\u0443\u0442 \u043a\u0430\u043a \u043d\u0438\u043a\u043e\u0433\u0434\u0430 \u0430\u043a\u0442\u0443\u0430\u043b\u044c\u043d\u044b. \u0411\u043e\u0440\u0434\u0448\u043e\u0440\u0442\u043d\u044b\u0439 \u043a\u0440\u043e\u0439 \u0441 \u043f\u043e\u044f\u0441\u043e\u043c \u043d\u0430 \u0442\u0430\u043b\u0438\u0438 \u0438 \u0431\u043e\u043a\u043e\u0432\u044b\u043c \u043a\u0430\u0440\u043c\u0430\u043d\u043e\u043c &#8212; \u0445\u043e\u0440\u043e\u0448\u0438\u0439 \u0432\u044b\u0431\u043e\u0440 \u0434\u043b\u044f \u043f\u043e\u0432\u0441\u0435\u0434\u043d\u0435\u0432\u043d\u043e\u0433\u043e \u0438\u0441\u043f\u043e\u043b\u044c\u0437\u043e\u0432\u0430\u043d\u0438\u044f.<span id=\"ctrlcopy\"><\/span><\/p>\n<h3><span id=\"ctrlcopy\">Particularit\u0103\u021bi<\/span><\/h3>\n<ul>\n<li>\u0428\u0438\u0440\u043e\u043a\u0438\u0439 \u043a\u0440\u043e\u0439, \u043d\u0435 \u0441\u043a\u043e\u0432\u044b\u0432\u0430\u044e\u0449\u0438\u0439 \u0434\u0432\u0438\u0436\u0435\u043d\u0438\u044f<\/li>\n<li>\u0411\u044b\u0441\u0442\u0440\u043e\u0441\u043e\u0445\u043d\u0443\u0449\u0438\u0435, \u0434\u044b\u0448\u0430\u0449\u0438\u0435<\/li>\n<li>\u0420\u0435\u0433\u0443\u043b\u0438\u0440\u0443\u0435\u043c\u0430\u044f \u0442\u0430\u043b\u0438\u044f<\/li>\n<li>\u0411\u043e\u043b\u044c\u0448\u043e\u0439 \u0438 \u0432\u043c\u0435\u0441\u0442\u0438\u0442\u0435\u043b\u044c\u043d\u044b\u0439 \u0431\u043e\u043a\u043e\u0432\u043e\u0439 \u043a\u0430\u0440\u043c\u0430\u043d<\/li>\n<\/ul>\n<h3>Caracteristici<\/h3>\n<ul>\n<li>\u041c\u0430\u0442\u0435\u0440\u0438\u0430\u043b &#8212; 100% \u043f\u043e\u043b\u0438\u0430\u043c\u0438\u0434<\/li>\n<li>Sezon - prim\u0103var\u0103\/var\u0103;<\/li>\n<li>\u041f\u0440\u0438\u043c\u0435\u043d\u0435\u043d\u0438\u0435 &#8212; \u043f\u043e\u0432\u0441\u0435\u0434\u043d\u0435\u0432\u043d\u043e\u0441\u0442\u044c\/ \u043f\u0443\u0442\u0435\u0448\u0435\u0441\u0442\u0432\u0438\u044f\/ \u0430\u043a\u0442\u0438\u0432\u043d\u044b\u0439 \u043e\u0442\u0434\u044b\u0445\/ \u0441\u043f\u043e\u0440\u0442<\/li>\n<li>\u041c\u043e\u0434\u0435\u043b\u044c &#8212; \u0434\u0435\u0442\u0441\u043a\u0438\u0435<\/li>\n<\/ul>\n<h3>Tehnologia<\/h3>\n<ul>\n<li><strong>AFT Quick dry<\/strong>\u00a0\u2014 este un material confortabil din fibr\u0103 sintetic\u0103 moale, rezistent mecanic \u0219i respirabil \u0219i se usuc\u0103 rapid. Combin\u00e2nd aceste propriet\u0103\u021bi, ofer\u0103 utilizatorului confort maxim pentru orice activitate \u00een aer liber.<\/li>\n<\/ul>\n<h3>Marca<\/h3>\n<div>Hannah \u2013 este un brand interna\u021bional, specializat \u00een produc\u021bia de articole pentru turism \u0219i \u00eembr\u0103c\u0103minte sportiv\u0103 pentru orice sezon. Brandul Hannah a fost fondat \u00een Republica Ceh\u0103 \u00een 1991. Compania a ob\u021binut succese bune pe pia\u021ba intern\u0103, datorit\u0103 calit\u0103\u021bii ridicate \u0219i politicii de pre\u021buri accesibile pentru fiecare produs.<\/div>\n<div><\/div>\n<div>La \u00eenceput, compania fabrica produse conform standardelor interna\u021bionale, deoarece au \u00een\u021beles pe deplin importan\u021ba unei reputa\u021bii excelente. \u00cen acest sens, s-a alocat mult timp selec\u021biei materialelor de \u00eenalt\u0103 calitate, care sunt rezistente la uzur\u0103 \u0219i rezistente la ap\u0103. Ast\u0103zi, brandul nu st\u0103 pe loc, catalogul lor este \u00een permanen\u021b\u0103 actualizat \u0219i extins, iar produsele pot fi g\u0103site \u00een toat\u0103 lumea.<\/div>","protected":false},"excerpt":{"rendered":"<p>Pantaloni scur\u021bi Hannah Vecta JR dark shadow<\/p>","protected":false},"featured_media":37333,"comment_status":"open","ping_status":"closed","template":"","meta":{"_acf_changed":false,"inline_featured_image":false},"product_brand":[1271],"product_cat":[281],"product_tag":[],"class_list":{"0":"post-37332","1":"product","2":"type-product","3":"status-publish","4":"has-post-thumbnail","6":"product_brand-hannah","7":"product_cat-kid-trousers","9":"first","10":"instock","11":"sale","12":"shipping-taxable","13":"purchasable","14":"product-type-simple"},"acf":[],"yoast_head":"<!-- This site is optimized with the Yoast SEO plugin v27.4 - https:\/\/yoast.com\/product\/yoast-seo-wordpress\/ -->\n<title>\u0428\u043e\u0440\u0442\u044b Hannah Vecta JR dark shadow - \u041c\u0430\u0433\u0430\u0437\u0438\u043d Xstyle<\/title>\n<meta name=\"description\" content=\"\u0428\u043e\u0440\u0442\u044b Hannah Vecta JR dark shadow \u0441 \u0442\u0435\u0445\u043d\u043e\u043b\u043e\u0433\u0438\u0435\u0439 AFT Quick Dry \u0438\u0434\u0435\u0430\u043b\u044c\u043d\u043e \u043f\u043e\u0434\u0445\u043e\u0434\u044f\u0442 \u0434\u043b\u044f \u0430\u043a\u0442\u0438\u0432\u043d\u043e\u0433\u043e \u043e\u0442\u0434\u044b\u0445\u0430. \u041a\u0443\u043f\u0438\u0442\u0435 \u0441\u0442\u0438\u043b\u044c\u043d\u044b\u0435 \u0438 \u0443\u0434\u043e\u0431\u043d\u044b\u0435 \u0448\u043e\u0440\u0442\u044b \u0434\u043b\u044f \u0432\u0430\u0448\u0435\u0433\u043e \u0440\u0435\u0431\u0435\u043d\u043a\u0430!\" \/>\n<meta name=\"robots\" content=\"index, follow, max-snippet:-1, max-image-preview:large, max-video-preview:-1\" \/>\n<link rel=\"canonical\" href=\"https:\/\/xstyle.md\/ro\/produs\/shorty-hannah-vecta-jr-dark-shadow\/\" \/>\n<meta property=\"og:locale\" content=\"ro_RO\" \/>\n<meta property=\"og:type\" content=\"article\" \/>\n<meta property=\"og:title\" content=\"\u0428\u043e\u0440\u0442\u044b Hannah Vecta JR dark shadow - \u041c\u0430\u0433\u0430\u0437\u0438\u043d Xstyle\" \/>\n<meta property=\"og:description\" content=\"\u0428\u043e\u0440\u0442\u044b Hannah Vecta JR dark shadow \u0441 \u0442\u0435\u0445\u043d\u043e\u043b\u043e\u0433\u0438\u0435\u0439 AFT Quick Dry \u0438\u0434\u0435\u0430\u043b\u044c\u043d\u043e \u043f\u043e\u0434\u0445\u043e\u0434\u044f\u0442 \u0434\u043b\u044f \u0430\u043a\u0442\u0438\u0432\u043d\u043e\u0433\u043e \u043e\u0442\u0434\u044b\u0445\u0430. \u041a\u0443\u043f\u0438\u0442\u0435 \u0441\u0442\u0438\u043b\u044c\u043d\u044b\u0435 \u0438 \u0443\u0434\u043e\u0431\u043d\u044b\u0435 \u0448\u043e\u0440\u0442\u044b \u0434\u043b\u044f \u0432\u0430\u0448\u0435\u0433\u043e \u0440\u0435\u0431\u0435\u043d\u043a\u0430!\" \/>\n<meta property=\"og:url\" content=\"https:\/\/xstyle.md\/ro\/produs\/shorty-hannah-vecta-jr-dark-shadow\/\" \/>\n<meta property=\"og:site_name\" content=\"\u041c\u0430\u0433\u0430\u0437\u0438\u043d Xstyle\" \/>\n<meta property=\"article:publisher\" content=\"https:\/\/www.facebook.com\/xstylemd\" \/>\n<meta property=\"article:modified_time\" content=\"2024-10-19T21:16:36+00:00\" \/>\n<meta property=\"og:image\" content=\"https:\/\/xstyle.md\/wp-content\/uploads\/2021\/07\/hannah-vecta-jr-dark-shadow.jpg\" \/>\n\t<meta property=\"og:image:width\" content=\"1000\" \/>\n\t<meta property=\"og:image:height\" content=\"1000\" \/>\n\t<meta property=\"og:image:type\" content=\"image\/jpeg\" \/>\n<meta name=\"twitter:card\" content=\"summary_large_image\" \/>\n<meta name=\"twitter:label1\" content=\"Pre\u021b\" \/>\n\t<meta name=\"twitter:data1\" content=\"270&nbsp;MDL\" \/>\n\t<meta name=\"twitter:label2\" content=\"Disponibilitate\" \/>\n\t<meta name=\"twitter:data2\" content=\"\u00cen stoc\" \/>\n<script type=\"application\/ld+json\" class=\"yoast-schema-graph\">{\"@context\":\"https:\\\/\\\/schema.org\",\"@graph\":[{\"@type\":\"WebPage\",\"@id\":\"https:\\\/\\\/xstyle.md\\\/product\\\/shorty-hannah-vecta-jr-dark-shadow\\\/\",\"url\":\"https:\\\/\\\/xstyle.md\\\/product\\\/shorty-hannah-vecta-jr-dark-shadow\\\/\",\"name\":\"\u0428\u043e\u0440\u0442\u044b Hannah Vecta JR dark shadow - \u041c\u0430\u0433\u0430\u0437\u0438\u043d Xstyle\",\"isPartOf\":{\"@id\":\"https:\\\/\\\/xstyle.md\\\/#website\"},\"primaryImageOfPage\":{\"@id\":\"https:\\\/\\\/xstyle.md\\\/product\\\/shorty-hannah-vecta-jr-dark-shadow\\\/#primaryimage\"},\"image\":{\"@id\":\"https:\\\/\\\/xstyle.md\\\/product\\\/shorty-hannah-vecta-jr-dark-shadow\\\/#primaryimage\"},\"thumbnailUrl\":\"https:\\\/\\\/xstyle.md\\\/wp-content\\\/uploads\\\/2021\\\/07\\\/hannah-vecta-jr-dark-shadow.jpg\",\"datePublished\":\"2021-07-19T10:03:14+00:00\",\"dateModified\":\"2024-10-19T21:16:36+00:00\",\"description\":\"\u0428\u043e\u0440\u0442\u044b Hannah Vecta JR dark shadow \u0441 \u0442\u0435\u0445\u043d\u043e\u043b\u043e\u0433\u0438\u0435\u0439 AFT Quick Dry \u0438\u0434\u0435\u0430\u043b\u044c\u043d\u043e \u043f\u043e\u0434\u0445\u043e\u0434\u044f\u0442 \u0434\u043b\u044f \u0430\u043a\u0442\u0438\u0432\u043d\u043e\u0433\u043e \u043e\u0442\u0434\u044b\u0445\u0430. \u041a\u0443\u043f\u0438\u0442\u0435 \u0441\u0442\u0438\u043b\u044c\u043d\u044b\u0435 \u0438 \u0443\u0434\u043e\u0431\u043d\u044b\u0435 \u0448\u043e\u0440\u0442\u044b \u0434\u043b\u044f \u0432\u0430\u0448\u0435\u0433\u043e \u0440\u0435\u0431\u0435\u043d\u043a\u0430!\",\"breadcrumb\":{\"@id\":\"https:\\\/\\\/xstyle.md\\\/product\\\/shorty-hannah-vecta-jr-dark-shadow\\\/#breadcrumb\"},\"inLanguage\":\"ro-RO\",\"potentialAction\":[{\"@type\":\"ReadAction\",\"target\":[\"https:\\\/\\\/xstyle.md\\\/product\\\/shorty-hannah-vecta-jr-dark-shadow\\\/\"]}]},{\"@type\":\"ImageObject\",\"inLanguage\":\"ro-RO\",\"@id\":\"https:\\\/\\\/xstyle.md\\\/product\\\/shorty-hannah-vecta-jr-dark-shadow\\\/#primaryimage\",\"url\":\"https:\\\/\\\/xstyle.md\\\/wp-content\\\/uploads\\\/2021\\\/07\\\/hannah-vecta-jr-dark-shadow.jpg\",\"contentUrl\":\"https:\\\/\\\/xstyle.md\\\/wp-content\\\/uploads\\\/2021\\\/07\\\/hannah-vecta-jr-dark-shadow.jpg\",\"width\":1000,\"height\":1000,\"caption\":\"\u0428\u043e\u0440\u0442\u044b Hannah Vecta JR \u0442\u0435\u043c\u043d\u043e-\u0441\u0435\u0440\u044b\u0435 \u0434\u043b\u044f \u0430\u043a\u0442\u0438\u0432\u043d\u043e\u0433\u043e \u043e\u0442\u0434\u044b\u0445\u0430, \u043f\u0443\u0442\u0435\u0448\u0435\u0441\u0442\u0432\u0438\u0439 \u0438 \u043f\u043e\u0445\u043e\u0434\u043e\u0432, \u043e\u0434\u0435\u0436\u0434\u0430 \u0438 \u043e\u0431\u0443\u0432\u044c \u0434\u043b\u044f \u0430\u043b\u044c\u043f\u0438\u043d\u0438\u0437\u043c\u0430 \u0438 \u0442\u0443\u0440\u0438\u0437\u043c\u0430 \u0434\u043b\u044f \u043e\u043d\u043b\u0430\u0439\u043d-\u043c\u0430\u0433\u0430\u0437\u0438\u043d\u0430\"},{\"@type\":\"BreadcrumbList\",\"@id\":\"https:\\\/\\\/xstyle.md\\\/product\\\/shorty-hannah-vecta-jr-dark-shadow\\\/#breadcrumb\",\"itemListElement\":[{\"@type\":\"ListItem\",\"position\":1,\"name\":\"\u0413\u043b\u0430\u0432\u043d\u0430\u044f \u0441\u0442\u0440\u0430\u043d\u0438\u0446\u0430\",\"item\":\"https:\\\/\\\/xstyle.md\\\/\"},{\"@type\":\"ListItem\",\"position\":2,\"name\":\"\u041c\u0430\u0433\u0430\u0437\u0438\u043d\",\"item\":\"https:\\\/\\\/xstyle.md\\\/shop\\\/\"},{\"@type\":\"ListItem\",\"position\":3,\"name\":\"\u0428\u043e\u0440\u0442\u044b Hannah Vecta JR dark shadow\"}]},{\"@type\":\"WebSite\",\"@id\":\"https:\\\/\\\/xstyle.md\\\/#website\",\"url\":\"https:\\\/\\\/xstyle.md\\\/\",\"name\":\"\u041c\u0430\u0433\u0430\u0437\u0438\u043d Xstyle\",\"description\":\"C\u043d\u0430\u0440\u044f\u0436\u0435\u043d\u0438\u0435 \u0434\u043b\u044f \u0442\u0443\u0440\u0438\u0437\u043c\u0430 \u0438 \u044d\u043a\u0441\u0442\u0440\u0435\u043c\u0430\u043b\u044c\u043d\u044b\u0445 \u0432\u0438\u0434\u043e\u0432 \u0441\u043f\u043e\u0440\u0442\u0430 \u0432 \u041c\u043e\u043b\u0434\u043e\u0432\u0435.. \u0426\u0435\u043d\u044b, \u0444\u043e\u0442\u043e, \u0445\u0430\u0440\u0430\u043a\u0442\u0435\u0440\u0438\u0441\u0442\u0438\u043a\u0438 \u0432 \u041c\u043e\u043b\u0434\u043e\u0432\u0435.\",\"publisher\":{\"@id\":\"https:\\\/\\\/xstyle.md\\\/#organization\"},\"alternateName\":\"X-Style\",\"potentialAction\":[{\"@type\":\"SearchAction\",\"target\":{\"@type\":\"EntryPoint\",\"urlTemplate\":\"https:\\\/\\\/xstyle.md\\\/?s={search_term_string}\"},\"query-input\":{\"@type\":\"PropertyValueSpecification\",\"valueRequired\":true,\"valueName\":\"search_term_string\"}}],\"inLanguage\":\"ro-RO\"},{\"@type\":\"Organization\",\"@id\":\"https:\\\/\\\/xstyle.md\\\/#organization\",\"name\":\"\u041c\u0430\u0433\u0430\u0437\u0438\u043d Xstyle\",\"alternateName\":\"x-style\",\"url\":\"https:\\\/\\\/xstyle.md\\\/\",\"logo\":{\"@type\":\"ImageObject\",\"inLanguage\":\"ro-RO\",\"@id\":\"https:\\\/\\\/xstyle.md\\\/#\\\/schema\\\/logo\\\/image\\\/\",\"url\":\"https:\\\/\\\/xstyle.md\\\/wp-content\\\/uploads\\\/2020\\\/06\\\/logoicon.svg\",\"contentUrl\":\"https:\\\/\\\/xstyle.md\\\/wp-content\\\/uploads\\\/2020\\\/06\\\/logoicon.svg\",\"caption\":\"\u041c\u0430\u0433\u0430\u0437\u0438\u043d Xstyle\"},\"image\":{\"@id\":\"https:\\\/\\\/xstyle.md\\\/#\\\/schema\\\/logo\\\/image\\\/\"},\"sameAs\":[\"https:\\\/\\\/www.facebook.com\\\/xstylemd\",\"https:\\\/\\\/www.instagram.com\\\/xstyle_md\\\/\",\"https:\\\/\\\/t.me\\\/xstyle_outdoor\"],\"hasMerchantReturnPolicy\":{\"@type\":\"MerchantReturnPolicy\",\"merchantReturnLink\":\"https:\\\/\\\/xstyle.md\\\/ro\\\/conditions\\\/\"}}]}<\/script>\n<meta property=\"product:price:amount\" content=\"270.00\" \/>\n<meta property=\"product:price:currency\" content=\"MDL\" \/>\n<meta property=\"og:availability\" content=\"instock\" \/>\n<meta property=\"product:availability\" content=\"instock\" \/>\n<meta property=\"product:retailer_item_id\" content=\"8591203974400-1\" \/>\n<meta property=\"product:condition\" content=\"new\" \/>\n<!-- \/ Yoast SEO plugin. -->","yoast_head_json":{"title":"\u0428\u043e\u0440\u0442\u044b Hannah Vecta JR dark shadow - \u041c\u0430\u0433\u0430\u0437\u0438\u043d Xstyle","description":"Shorts-urile Hannah Vecta JR dark shadow cu tehnologia AFT Quick Dry sunt perfecte pentru activit\u0103\u021bi \u00een aer liber. Cump\u0103ra\u021bi \u0219orturi stilate \u0219i confortabile pentru copilul dumneavoastr\u0103!","robots":{"index":"index","follow":"follow","max-snippet":"max-snippet:-1","max-image-preview":"max-image-preview:large","max-video-preview":"max-video-preview:-1"},"canonical":"https:\/\/xstyle.md\/ro\/produs\/shorty-hannah-vecta-jr-dark-shadow\/","og_locale":"ro_RO","og_type":"article","og_title":"\u0428\u043e\u0440\u0442\u044b Hannah Vecta JR dark shadow - \u041c\u0430\u0433\u0430\u0437\u0438\u043d Xstyle","og_description":"\u0428\u043e\u0440\u0442\u044b Hannah Vecta JR dark shadow \u0441 \u0442\u0435\u0445\u043d\u043e\u043b\u043e\u0433\u0438\u0435\u0439 AFT Quick Dry \u0438\u0434\u0435\u0430\u043b\u044c\u043d\u043e \u043f\u043e\u0434\u0445\u043e\u0434\u044f\u0442 \u0434\u043b\u044f \u0430\u043a\u0442\u0438\u0432\u043d\u043e\u0433\u043e \u043e\u0442\u0434\u044b\u0445\u0430. \u041a\u0443\u043f\u0438\u0442\u0435 \u0441\u0442\u0438\u043b\u044c\u043d\u044b\u0435 \u0438 \u0443\u0434\u043e\u0431\u043d\u044b\u0435 \u0448\u043e\u0440\u0442\u044b \u0434\u043b\u044f \u0432\u0430\u0448\u0435\u0433\u043e \u0440\u0435\u0431\u0435\u043d\u043a\u0430!","og_url":"https:\/\/xstyle.md\/ro\/produs\/shorty-hannah-vecta-jr-dark-shadow\/","og_site_name":"\u041c\u0430\u0433\u0430\u0437\u0438\u043d Xstyle","article_publisher":"https:\/\/www.facebook.com\/xstylemd","article_modified_time":"2024-10-19T21:16:36+00:00","og_image":[{"width":1000,"height":1000,"url":"https:\/\/xstyle.md\/wp-content\/uploads\/2021\/07\/hannah-vecta-jr-dark-shadow.jpg","type":"image\/jpeg"}],"twitter_card":"summary_large_image","twitter_misc":{"Pre\u021b":"270&nbsp;MDL","Disponibilitate":"\u00cen stoc"},"schema":{"@context":"https:\/\/schema.org","@graph":[{"@type":"WebPage","@id":"https:\/\/xstyle.md\/product\/shorty-hannah-vecta-jr-dark-shadow\/","url":"https:\/\/xstyle.md\/product\/shorty-hannah-vecta-jr-dark-shadow\/","name":"\u0428\u043e\u0440\u0442\u044b Hannah Vecta JR dark shadow - \u041c\u0430\u0433\u0430\u0437\u0438\u043d Xstyle","isPartOf":{"@id":"https:\/\/xstyle.md\/#website"},"primaryImageOfPage":{"@id":"https:\/\/xstyle.md\/product\/shorty-hannah-vecta-jr-dark-shadow\/#primaryimage"},"image":{"@id":"https:\/\/xstyle.md\/product\/shorty-hannah-vecta-jr-dark-shadow\/#primaryimage"},"thumbnailUrl":"https:\/\/xstyle.md\/wp-content\/uploads\/2021\/07\/hannah-vecta-jr-dark-shadow.jpg","datePublished":"2021-07-19T10:03:14+00:00","dateModified":"2024-10-19T21:16:36+00:00","description":"Shorts-urile Hannah Vecta JR dark shadow cu tehnologia AFT Quick Dry sunt perfecte pentru activit\u0103\u021bi \u00een aer liber. Cump\u0103ra\u021bi \u0219orturi stilate \u0219i confortabile pentru copilul dumneavoastr\u0103!","breadcrumb":{"@id":"https:\/\/xstyle.md\/product\/shorty-hannah-vecta-jr-dark-shadow\/#breadcrumb"},"inLanguage":"ro-RO","potentialAction":[{"@type":"ReadAction","target":["https:\/\/xstyle.md\/product\/shorty-hannah-vecta-jr-dark-shadow\/"]}]},{"@type":"ImageObject","inLanguage":"ro-RO","@id":"https:\/\/xstyle.md\/product\/shorty-hannah-vecta-jr-dark-shadow\/#primaryimage","url":"https:\/\/xstyle.md\/wp-content\/uploads\/2021\/07\/hannah-vecta-jr-dark-shadow.jpg","contentUrl":"https:\/\/xstyle.md\/wp-content\/uploads\/2021\/07\/hannah-vecta-jr-dark-shadow.jpg","width":1000,"height":1000,"caption":"\u0428\u043e\u0440\u0442\u044b Hannah Vecta JR \u0442\u0435\u043c\u043d\u043e-\u0441\u0435\u0440\u044b\u0435 \u0434\u043b\u044f \u0430\u043a\u0442\u0438\u0432\u043d\u043e\u0433\u043e \u043e\u0442\u0434\u044b\u0445\u0430, \u043f\u0443\u0442\u0435\u0448\u0435\u0441\u0442\u0432\u0438\u0439 \u0438 \u043f\u043e\u0445\u043e\u0434\u043e\u0432, \u043e\u0434\u0435\u0436\u0434\u0430 \u0438 \u043e\u0431\u0443\u0432\u044c \u0434\u043b\u044f \u0430\u043b\u044c\u043f\u0438\u043d\u0438\u0437\u043c\u0430 \u0438 \u0442\u0443\u0440\u0438\u0437\u043c\u0430 \u0434\u043b\u044f \u043e\u043d\u043b\u0430\u0439\u043d-\u043c\u0430\u0433\u0430\u0437\u0438\u043d\u0430"},{"@type":"BreadcrumbList","@id":"https:\/\/xstyle.md\/product\/shorty-hannah-vecta-jr-dark-shadow\/#breadcrumb","itemListElement":[{"@type":"ListItem","position":1,"name":"\u0413\u043b\u0430\u0432\u043d\u0430\u044f \u0441\u0442\u0440\u0430\u043d\u0438\u0446\u0430","item":"https:\/\/xstyle.md\/"},{"@type":"ListItem","position":2,"name":"\u041c\u0430\u0433\u0430\u0437\u0438\u043d","item":"https:\/\/xstyle.md\/shop\/"},{"@type":"ListItem","position":3,"name":"\u0428\u043e\u0440\u0442\u044b Hannah Vecta JR dark shadow"}]},{"@type":"WebSite","@id":"https:\/\/xstyle.md\/#website","url":"https:\/\/xstyle.md\/","name":"Magazinul X-Style","description":"Echipamente pentru turism \u0219i sporturi extreme \u00een Moldova. Pre\u021buri, fotografii, caracteristici \u00een Moldova.","publisher":{"@id":"https:\/\/xstyle.md\/#organization"},"alternateName":"X-Style","potentialAction":[{"@type":"SearchAction","target":{"@type":"EntryPoint","urlTemplate":"https:\/\/xstyle.md\/?s={search_term_string}"},"query-input":{"@type":"PropertyValueSpecification","valueRequired":true,"valueName":"search_term_string"}}],"inLanguage":"ro-RO"},{"@type":"Organization","@id":"https:\/\/xstyle.md\/#organization","name":"Magazinul X-Style","alternateName":"x-style","url":"https:\/\/xstyle.md\/","logo":{"@type":"ImageObject","inLanguage":"ro-RO","@id":"https:\/\/xstyle.md\/#\/schema\/logo\/image\/","url":"https:\/\/xstyle.md\/wp-content\/uploads\/2020\/06\/logoicon.svg","contentUrl":"https:\/\/xstyle.md\/wp-content\/uploads\/2020\/06\/logoicon.svg","caption":"\u041c\u0430\u0433\u0430\u0437\u0438\u043d Xstyle"},"image":{"@id":"https:\/\/xstyle.md\/#\/schema\/logo\/image\/"},"sameAs":["https:\/\/www.facebook.com\/xstylemd","https:\/\/www.instagram.com\/xstyle_md\/","https:\/\/t.me\/xstyle_outdoor"],"hasMerchantReturnPolicy":{"@type":"MerchantReturnPolicy","merchantReturnLink":"https:\/\/xstyle.md\/ro\/conditions\/"}}]},"product_price_amount":"270.00","product_price_currency":"MDL","og_availability":"instock","product_availability":"instock","product_retailer_item_id":"8591203974400-1","product_condition":"new"},"post_mailing_queue_ids":[],"_links":{"self":[{"href":"https:\/\/xstyle.md\/ro\/wp-json\/wp\/v2\/product\/37332","targetHints":{"allow":["GET"]}}],"collection":[{"href":"https:\/\/xstyle.md\/ro\/wp-json\/wp\/v2\/product"}],"about":[{"href":"https:\/\/xstyle.md\/ro\/wp-json\/wp\/v2\/types\/product"}],"replies":[{"embeddable":true,"href":"https:\/\/xstyle.md\/ro\/wp-json\/wp\/v2\/comments?post=37332"}],"wp:featuredmedia":[{"embeddable":true,"href":"https:\/\/xstyle.md\/ro\/wp-json\/wp\/v2\/media\/37333"}],"wp:attachment":[{"href":"https:\/\/xstyle.md\/ro\/wp-json\/wp\/v2\/media?parent=37332"}],"wp:term":[{"taxonomy":"product_brand","embeddable":true,"href":"https:\/\/xstyle.md\/ro\/wp-json\/wp\/v2\/product_brand?post=37332"},{"taxonomy":"product_cat","embeddable":true,"href":"https:\/\/xstyle.md\/ro\/wp-json\/wp\/v2\/product_cat?post=37332"},{"taxonomy":"product_tag","embeddable":true,"href":"https:\/\/xstyle.md\/ro\/wp-json\/wp\/v2\/product_tag?post=37332"}],"curies":[{"name":"wp","href":"https:\/\/api.w.org\/{rel}","templated":true}]}}