{"id":3678,"date":"2020-07-16T19:11:32","date_gmt":"2020-07-16T16:11:32","guid":{"rendered":"https:\/\/xstyle.md\/product\/protektor-dlja-verevki-vento-standartnyj-75-cm"},"modified":"2025-07-28T12:10:33","modified_gmt":"2025-07-28T09:10:33","slug":"protektor-dlja-verevki-vento-standartnyj-75-cm","status":"publish","type":"product","link":"https:\/\/xstyle.md\/ro\/produs\/protektor-dlja-verevki-vento-standartnyj-75-cm\/","title":{"rendered":"M\u0103nu\u0219i Lynx Race black\/green"},"content":{"rendered":"<\/p>\n<p><strong>Lynx Race black\/green<\/strong> &#8212; m\u0103nu\u0219i de ciclism cu inser\u021bie de gel \u0219i partea superioar\u0103 din lycra. Inser\u021bii speciale de gel \u00een palm\u0103 pentru un confort suplimentar \u0219i reducerea oboselii m\u00e2inilor. Deschiderile de ventila\u021bie din palma m\u00e2inii permit o bun\u0103 circula\u021bie a aerului, ceea ce face ca mersul pe biciclet\u0103 s\u0103 fie \u0219i mai pl\u0103cut \u00eentr-o zi c\u0103lduroas\u0103 de var\u0103. P\u00e2nza pentru degetul mare ajut\u0103 la \u00eendep\u0103rtarea transpira\u021biei de pe fa\u021b\u0103.<\/p>\n<h3>Particularit\u0103\u021bi<\/h3>\n<ul>\n<li>Grey Amara &#8212; palm\u0103 din piele sintetic\u0103 gri<\/li>\n<li>Gel Inserts &#8212; inser\u021bii de gel pentru confort maxim<\/li>\n<li>Lycra Upper &#8212; partea superioar\u0103 din lycra pentru o potrivire mai bun\u0103<\/li>\n<li>Quick release &#8212; c\u00e2rlige pentru \u00eendep\u0103rtarea rapid\u0103 \u0219i u\u0219oar\u0103 a m\u0103nu\u0219ilor<\/li>\n<li>Micro Fiber Towel &#8212; prosop moale pentru \u0219tergerea transpira\u021biei<\/li>\n<\/ul>\n<h3>Caracteristici<\/h3>\n<ul>\n<li>Material &#8212; lycra, microfibr\u0103<\/li>\n<li>Tip &#8212; v\u00e2rf scurt<\/li>\n<li>Sezon \u2014 vara<\/li>\n<li>Model \u2014 unisex<\/li>\n<\/ul>\n<p><\/p>","protected":false},"excerpt":{"rendered":"<p>M\u0103nu\u0219i Lynx Race black\/green<\/p>","protected":false},"featured_media":27625,"comment_status":"open","ping_status":"closed","template":"","meta":{"_acf_changed":false,"inline_featured_image":false},"product_brand":[1363],"product_cat":[886],"product_tag":[],"class_list":{"0":"post-3678","1":"product","2":"type-product","3":"status-publish","4":"has-post-thumbnail","6":"product_brand-lynx","7":"product_cat-manusi-de-ciclism","9":"first","10":"instock","11":"shipping-taxable","12":"purchasable","13":"product-type-simple"},"acf":[],"yoast_head":"<!-- This site is optimized with the Yoast SEO plugin v27.2 - https:\/\/yoast.com\/product\/yoast-seo-wordpress\/ -->\n<title>\u0412\u0435\u043b\u043e\u043f\u0435\u0440\u0447\u0430\u0442\u043a\u0438 Lynx Race black\/green - \u041c\u0430\u0433\u0430\u0437\u0438\u043d Xstyle<\/title>\n<meta name=\"description\" content=\"\u0412\u0435\u043b\u043e\u043f\u0435\u0440\u0447\u0430\u0442\u043a\u0438 Lynx Race black\/green \u043e\u0431\u0435\u0441\u043f\u0435\u0447\u0438\u0432\u0430\u044e\u0442 \u043a\u043e\u043c\u0444\u043e\u0440\u0442 \u0438 \u0432\u0435\u043d\u0442\u0438\u043b\u044f\u0446\u0438\u044e. \u0413\u0435\u043b\u0435\u0432\u0430\u044f \u0432\u0441\u0442\u0430\u0432\u043a\u0430 \u0438 \u043b\u0430\u0439\u043a\u0440\u0430 \u0434\u0435\u043b\u0430\u044e\u0442 \u0438\u0445 \u0438\u0434\u0435\u0430\u043b\u044c\u043d\u044b\u043c\u0438 \u0434\u043b\u044f \u0434\u043e\u043b\u0433\u0438\u0445 \u043f\u043e\u0435\u0437\u0434\u043e\u043a \u043d\u0430 \u0432\u0435\u043b\u043e\u0441\u0438\u043f\u0435\u0434\u0435.\" \/>\n<meta name=\"robots\" content=\"index, follow, max-snippet:-1, max-image-preview:large, max-video-preview:-1\" \/>\n<link rel=\"canonical\" href=\"https:\/\/xstyle.md\/ro\/produs\/protektor-dlja-verevki-vento-standartnyj-75-cm\/\" \/>\n<meta property=\"og:locale\" content=\"ro_RO\" \/>\n<meta property=\"og:type\" content=\"article\" \/>\n<meta property=\"og:title\" content=\"\u0412\u0435\u043b\u043e\u043f\u0435\u0440\u0447\u0430\u0442\u043a\u0438 Lynx Race black\/green - \u041c\u0430\u0433\u0430\u0437\u0438\u043d Xstyle\" \/>\n<meta property=\"og:description\" content=\"\u0412\u0435\u043b\u043e\u043f\u0435\u0440\u0447\u0430\u0442\u043a\u0438 Lynx Race black\/green \u043e\u0431\u0435\u0441\u043f\u0435\u0447\u0438\u0432\u0430\u044e\u0442 \u043a\u043e\u043c\u0444\u043e\u0440\u0442 \u0438 \u0432\u0435\u043d\u0442\u0438\u043b\u044f\u0446\u0438\u044e. \u0413\u0435\u043b\u0435\u0432\u0430\u044f \u0432\u0441\u0442\u0430\u0432\u043a\u0430 \u0438 \u043b\u0430\u0439\u043a\u0440\u0430 \u0434\u0435\u043b\u0430\u044e\u0442 \u0438\u0445 \u0438\u0434\u0435\u0430\u043b\u044c\u043d\u044b\u043c\u0438 \u0434\u043b\u044f \u0434\u043e\u043b\u0433\u0438\u0445 \u043f\u043e\u0435\u0437\u0434\u043e\u043a \u043d\u0430 \u0432\u0435\u043b\u043e\u0441\u0438\u043f\u0435\u0434\u0435.\" \/>\n<meta property=\"og:url\" content=\"https:\/\/xstyle.md\/ro\/produs\/protektor-dlja-verevki-vento-standartnyj-75-cm\/\" \/>\n<meta property=\"og:site_name\" content=\"\u041c\u0430\u0433\u0430\u0437\u0438\u043d Xstyle\" \/>\n<meta property=\"article:publisher\" content=\"https:\/\/www.facebook.com\/xstylemd\" \/>\n<meta property=\"article:modified_time\" content=\"2025-07-28T09:10:33+00:00\" \/>\n<meta property=\"og:image\" content=\"https:\/\/xstyle.md\/wp-content\/uploads\/2021\/04\/lynx_race_black-green.jpg\" \/>\n\t<meta property=\"og:image:width\" content=\"880\" \/>\n\t<meta property=\"og:image:height\" content=\"928\" \/>\n\t<meta property=\"og:image:type\" content=\"image\/jpeg\" \/>\n<meta name=\"twitter:card\" content=\"summary_large_image\" \/>\n<meta name=\"twitter:label1\" content=\"Pre\u021b\" \/>\n\t<meta name=\"twitter:data1\" content=\"260&nbsp;MDL\" \/>\n\t<meta name=\"twitter:label2\" content=\"Disponibilitate\" \/>\n\t<meta name=\"twitter:data2\" content=\"\u00cen stoc\" \/>\n<script type=\"application\/ld+json\" class=\"yoast-schema-graph\">{\"@context\":\"https:\/\/schema.org\",\"@graph\":[{\"@type\":\"WebPage\",\"@id\":\"https:\/\/xstyle.md\/product\/protektor-dlja-verevki-vento-standartnyj-75-cm\/\",\"url\":\"https:\/\/xstyle.md\/product\/protektor-dlja-verevki-vento-standartnyj-75-cm\/\",\"name\":\"\u0412\u0435\u043b\u043e\u043f\u0435\u0440\u0447\u0430\u0442\u043a\u0438 Lynx Race black\/green - \u041c\u0430\u0433\u0430\u0437\u0438\u043d Xstyle\",\"isPartOf\":{\"@id\":\"https:\/\/xstyle.md\/#website\"},\"primaryImageOfPage\":{\"@id\":\"https:\/\/xstyle.md\/product\/protektor-dlja-verevki-vento-standartnyj-75-cm\/#primaryimage\"},\"image\":{\"@id\":\"https:\/\/xstyle.md\/product\/protektor-dlja-verevki-vento-standartnyj-75-cm\/#primaryimage\"},\"thumbnailUrl\":\"https:\/\/xstyle.md\/wp-content\/uploads\/2021\/04\/lynx_race_black-green.jpg\",\"datePublished\":\"2020-07-16T16:11:32+00:00\",\"dateModified\":\"2025-07-28T09:10:33+00:00\",\"description\":\"\u0412\u0435\u043b\u043e\u043f\u0435\u0440\u0447\u0430\u0442\u043a\u0438 Lynx Race black\/green \u043e\u0431\u0435\u0441\u043f\u0435\u0447\u0438\u0432\u0430\u044e\u0442 \u043a\u043e\u043c\u0444\u043e\u0440\u0442 \u0438 \u0432\u0435\u043d\u0442\u0438\u043b\u044f\u0446\u0438\u044e. \u0413\u0435\u043b\u0435\u0432\u0430\u044f \u0432\u0441\u0442\u0430\u0432\u043a\u0430 \u0438 \u043b\u0430\u0439\u043a\u0440\u0430 \u0434\u0435\u043b\u0430\u044e\u0442 \u0438\u0445 \u0438\u0434\u0435\u0430\u043b\u044c\u043d\u044b\u043c\u0438 \u0434\u043b\u044f \u0434\u043e\u043b\u0433\u0438\u0445 \u043f\u043e\u0435\u0437\u0434\u043e\u043a \u043d\u0430 \u0432\u0435\u043b\u043e\u0441\u0438\u043f\u0435\u0434\u0435.\",\"breadcrumb\":{\"@id\":\"https:\/\/xstyle.md\/product\/protektor-dlja-verevki-vento-standartnyj-75-cm\/#breadcrumb\"},\"inLanguage\":\"ro-RO\",\"potentialAction\":[{\"@type\":\"ReadAction\",\"target\":[\"https:\/\/xstyle.md\/product\/protektor-dlja-verevki-vento-standartnyj-75-cm\/\"]}]},{\"@type\":\"ImageObject\",\"inLanguage\":\"ro-RO\",\"@id\":\"https:\/\/xstyle.md\/product\/protektor-dlja-verevki-vento-standartnyj-75-cm\/#primaryimage\",\"url\":\"https:\/\/xstyle.md\/wp-content\/uploads\/2021\/04\/lynx_race_black-green.jpg\",\"contentUrl\":\"https:\/\/xstyle.md\/wp-content\/uploads\/2021\/04\/lynx_race_black-green.jpg\",\"width\":880,\"height\":928},{\"@type\":\"BreadcrumbList\",\"@id\":\"https:\/\/xstyle.md\/product\/protektor-dlja-verevki-vento-standartnyj-75-cm\/#breadcrumb\",\"itemListElement\":[{\"@type\":\"ListItem\",\"position\":1,\"name\":\"\u0413\u043b\u0430\u0432\u043d\u0430\u044f \u0441\u0442\u0440\u0430\u043d\u0438\u0446\u0430\",\"item\":\"https:\/\/xstyle.md\/\"},{\"@type\":\"ListItem\",\"position\":2,\"name\":\"\u041c\u0430\u0433\u0430\u0437\u0438\u043d\",\"item\":\"https:\/\/xstyle.md\/shop\/\"},{\"@type\":\"ListItem\",\"position\":3,\"name\":\"\u0412\u0435\u043b\u043e\u043f\u0435\u0440\u0447\u0430\u0442\u043a\u0438 Lynx Race black\/green\"}]},{\"@type\":\"WebSite\",\"@id\":\"https:\/\/xstyle.md\/#website\",\"url\":\"https:\/\/xstyle.md\/\",\"name\":\"\u041c\u0430\u0433\u0430\u0437\u0438\u043d Xstyle\",\"description\":\"C\u043d\u0430\u0440\u044f\u0436\u0435\u043d\u0438\u0435 \u0434\u043b\u044f \u0442\u0443\u0440\u0438\u0437\u043c\u0430 \u0438 \u044d\u043a\u0441\u0442\u0440\u0435\u043c\u0430\u043b\u044c\u043d\u044b\u0445 \u0432\u0438\u0434\u043e\u0432 \u0441\u043f\u043e\u0440\u0442\u0430 \u0432 \u041c\u043e\u043b\u0434\u043e\u0432\u0435.. \u0426\u0435\u043d\u044b, \u0444\u043e\u0442\u043e, \u0445\u0430\u0440\u0430\u043a\u0442\u0435\u0440\u0438\u0441\u0442\u0438\u043a\u0438 \u0432 \u041c\u043e\u043b\u0434\u043e\u0432\u0435.\",\"publisher\":{\"@id\":\"https:\/\/xstyle.md\/#organization\"},\"alternateName\":\"X-Style\",\"potentialAction\":[{\"@type\":\"SearchAction\",\"target\":{\"@type\":\"EntryPoint\",\"urlTemplate\":\"https:\/\/xstyle.md\/?s={search_term_string}\"},\"query-input\":{\"@type\":\"PropertyValueSpecification\",\"valueRequired\":true,\"valueName\":\"search_term_string\"}}],\"inLanguage\":\"ro-RO\"},{\"@type\":\"Organization\",\"@id\":\"https:\/\/xstyle.md\/#organization\",\"name\":\"\u041c\u0430\u0433\u0430\u0437\u0438\u043d Xstyle\",\"alternateName\":\"x-style\",\"url\":\"https:\/\/xstyle.md\/\",\"logo\":{\"@type\":\"ImageObject\",\"inLanguage\":\"ro-RO\",\"@id\":\"https:\/\/xstyle.md\/#\/schema\/logo\/image\/\",\"url\":\"https:\/\/xstyle.md\/wp-content\/uploads\/2020\/06\/logoicon.svg\",\"contentUrl\":\"https:\/\/xstyle.md\/wp-content\/uploads\/2020\/06\/logoicon.svg\",\"caption\":\"\u041c\u0430\u0433\u0430\u0437\u0438\u043d Xstyle\"},\"image\":{\"@id\":\"https:\/\/xstyle.md\/#\/schema\/logo\/image\/\"},\"sameAs\":[\"https:\/\/www.facebook.com\/xstylemd\",\"https:\/\/www.instagram.com\/xstyle_md\/\",\"https:\/\/t.me\/xstyle_outdoor\"],\"hasMerchantReturnPolicy\":{\"@type\":\"MerchantReturnPolicy\",\"merchantReturnLink\":\"https:\/\/xstyle.md\/ro\/conditions\/\"}}]}<\/script>\n<meta property=\"product:price:amount\" content=\"260.00\" \/>\n<meta property=\"product:price:currency\" content=\"MDL\" \/>\n<meta property=\"og:availability\" content=\"instock\" \/>\n<meta property=\"product:availability\" content=\"instock\" \/>\n<meta property=\"product:retailer_item_id\" content=\"2001111110365\" \/>\n<meta property=\"product:condition\" content=\"new\" \/>\n<!-- \/ Yoast SEO plugin. -->","yoast_head_json":{"title":"M\u0103nu\u0219i Lynx Race black\/green - Magazin Xstyle","description":"Man\u0219onii de biciclet\u0103 Lynx Race black\/green asigur\u0103 confortul \u0219i ventila\u021bia. Inser\u021bia de gel \u0219i lycra le fac ideale pentru c\u0103l\u0103torii lungi cu bicicleta.","robots":{"index":"index","follow":"follow","max-snippet":"max-snippet:-1","max-image-preview":"max-image-preview:large","max-video-preview":"max-video-preview:-1"},"canonical":"https:\/\/xstyle.md\/ro\/produs\/protektor-dlja-verevki-vento-standartnyj-75-cm\/","og_locale":"ro_RO","og_type":"article","og_title":"\u0412\u0435\u043b\u043e\u043f\u0435\u0440\u0447\u0430\u0442\u043a\u0438 Lynx Race black\/green - \u041c\u0430\u0433\u0430\u0437\u0438\u043d Xstyle","og_description":"\u0412\u0435\u043b\u043e\u043f\u0435\u0440\u0447\u0430\u0442\u043a\u0438 Lynx Race black\/green \u043e\u0431\u0435\u0441\u043f\u0435\u0447\u0438\u0432\u0430\u044e\u0442 \u043a\u043e\u043c\u0444\u043e\u0440\u0442 \u0438 \u0432\u0435\u043d\u0442\u0438\u043b\u044f\u0446\u0438\u044e. \u0413\u0435\u043b\u0435\u0432\u0430\u044f \u0432\u0441\u0442\u0430\u0432\u043a\u0430 \u0438 \u043b\u0430\u0439\u043a\u0440\u0430 \u0434\u0435\u043b\u0430\u044e\u0442 \u0438\u0445 \u0438\u0434\u0435\u0430\u043b\u044c\u043d\u044b\u043c\u0438 \u0434\u043b\u044f \u0434\u043e\u043b\u0433\u0438\u0445 \u043f\u043e\u0435\u0437\u0434\u043e\u043a \u043d\u0430 \u0432\u0435\u043b\u043e\u0441\u0438\u043f\u0435\u0434\u0435.","og_url":"https:\/\/xstyle.md\/ro\/produs\/protektor-dlja-verevki-vento-standartnyj-75-cm\/","og_site_name":"\u041c\u0430\u0433\u0430\u0437\u0438\u043d Xstyle","article_publisher":"https:\/\/www.facebook.com\/xstylemd","article_modified_time":"2025-07-28T09:10:33+00:00","og_image":[{"width":880,"height":928,"url":"https:\/\/xstyle.md\/wp-content\/uploads\/2021\/04\/lynx_race_black-green.jpg","type":"image\/jpeg"}],"twitter_card":"summary_large_image","twitter_misc":{"Pre\u021b":"260&nbsp;MDL","Disponibilitate":"\u00cen stoc"},"schema":{"@context":"https:\/\/schema.org","@graph":[{"@type":"WebPage","@id":"https:\/\/xstyle.md\/product\/protektor-dlja-verevki-vento-standartnyj-75-cm\/","url":"https:\/\/xstyle.md\/product\/protektor-dlja-verevki-vento-standartnyj-75-cm\/","name":"M\u0103nu\u0219i Lynx Race black\/green - Magazin Xstyle","isPartOf":{"@id":"https:\/\/xstyle.md\/#website"},"primaryImageOfPage":{"@id":"https:\/\/xstyle.md\/product\/protektor-dlja-verevki-vento-standartnyj-75-cm\/#primaryimage"},"image":{"@id":"https:\/\/xstyle.md\/product\/protektor-dlja-verevki-vento-standartnyj-75-cm\/#primaryimage"},"thumbnailUrl":"https:\/\/xstyle.md\/wp-content\/uploads\/2021\/04\/lynx_race_black-green.jpg","datePublished":"2020-07-16T16:11:32+00:00","dateModified":"2025-07-28T09:10:33+00:00","description":"Man\u0219onii de biciclet\u0103 Lynx Race black\/green asigur\u0103 confortul \u0219i ventila\u021bia. Inser\u021bia de gel \u0219i lycra le fac ideale pentru c\u0103l\u0103torii lungi cu bicicleta.","breadcrumb":{"@id":"https:\/\/xstyle.md\/product\/protektor-dlja-verevki-vento-standartnyj-75-cm\/#breadcrumb"},"inLanguage":"ro-RO","potentialAction":[{"@type":"ReadAction","target":["https:\/\/xstyle.md\/product\/protektor-dlja-verevki-vento-standartnyj-75-cm\/"]}]},{"@type":"ImageObject","inLanguage":"ro-RO","@id":"https:\/\/xstyle.md\/product\/protektor-dlja-verevki-vento-standartnyj-75-cm\/#primaryimage","url":"https:\/\/xstyle.md\/wp-content\/uploads\/2021\/04\/lynx_race_black-green.jpg","contentUrl":"https:\/\/xstyle.md\/wp-content\/uploads\/2021\/04\/lynx_race_black-green.jpg","width":880,"height":928},{"@type":"BreadcrumbList","@id":"https:\/\/xstyle.md\/product\/protektor-dlja-verevki-vento-standartnyj-75-cm\/#breadcrumb","itemListElement":[{"@type":"ListItem","position":1,"name":"\u0413\u043b\u0430\u0432\u043d\u0430\u044f \u0441\u0442\u0440\u0430\u043d\u0438\u0446\u0430","item":"https:\/\/xstyle.md\/"},{"@type":"ListItem","position":2,"name":"\u041c\u0430\u0433\u0430\u0437\u0438\u043d","item":"https:\/\/xstyle.md\/shop\/"},{"@type":"ListItem","position":3,"name":"\u0412\u0435\u043b\u043e\u043f\u0435\u0440\u0447\u0430\u0442\u043a\u0438 Lynx Race black\/green"}]},{"@type":"WebSite","@id":"https:\/\/xstyle.md\/#website","url":"https:\/\/xstyle.md\/","name":"Magazinul X-Style","description":"Echipamente pentru turism \u0219i sporturi extreme \u00een Moldova. Pre\u021buri, fotografii, caracteristici \u00een Moldova.","publisher":{"@id":"https:\/\/xstyle.md\/#organization"},"alternateName":"X-Style","potentialAction":[{"@type":"SearchAction","target":{"@type":"EntryPoint","urlTemplate":"https:\/\/xstyle.md\/?s={search_term_string}"},"query-input":{"@type":"PropertyValueSpecification","valueRequired":true,"valueName":"search_term_string"}}],"inLanguage":"ro-RO"},{"@type":"Organization","@id":"https:\/\/xstyle.md\/#organization","name":"Magazinul X-Style","alternateName":"x-style","url":"https:\/\/xstyle.md\/","logo":{"@type":"ImageObject","inLanguage":"ro-RO","@id":"https:\/\/xstyle.md\/#\/schema\/logo\/image\/","url":"https:\/\/xstyle.md\/wp-content\/uploads\/2020\/06\/logoicon.svg","contentUrl":"https:\/\/xstyle.md\/wp-content\/uploads\/2020\/06\/logoicon.svg","caption":"\u041c\u0430\u0433\u0430\u0437\u0438\u043d Xstyle"},"image":{"@id":"https:\/\/xstyle.md\/#\/schema\/logo\/image\/"},"sameAs":["https:\/\/www.facebook.com\/xstylemd","https:\/\/www.instagram.com\/xstyle_md\/","https:\/\/t.me\/xstyle_outdoor"],"hasMerchantReturnPolicy":{"@type":"MerchantReturnPolicy","merchantReturnLink":"https:\/\/xstyle.md\/ro\/conditions\/"}}]},"product_price_amount":"260.00","product_price_currency":"MDL","og_availability":"instock","product_availability":"instock","product_retailer_item_id":"2001111110365","product_condition":"new"},"post_mailing_queue_ids":[],"_links":{"self":[{"href":"https:\/\/xstyle.md\/ro\/wp-json\/wp\/v2\/product\/3678","targetHints":{"allow":["GET"]}}],"collection":[{"href":"https:\/\/xstyle.md\/ro\/wp-json\/wp\/v2\/product"}],"about":[{"href":"https:\/\/xstyle.md\/ro\/wp-json\/wp\/v2\/types\/product"}],"replies":[{"embeddable":true,"href":"https:\/\/xstyle.md\/ro\/wp-json\/wp\/v2\/comments?post=3678"}],"wp:featuredmedia":[{"embeddable":true,"href":"https:\/\/xstyle.md\/ro\/wp-json\/wp\/v2\/media\/27625"}],"wp:attachment":[{"href":"https:\/\/xstyle.md\/ro\/wp-json\/wp\/v2\/media?parent=3678"}],"wp:term":[{"taxonomy":"product_brand","embeddable":true,"href":"https:\/\/xstyle.md\/ro\/wp-json\/wp\/v2\/product_brand?post=3678"},{"taxonomy":"product_cat","embeddable":true,"href":"https:\/\/xstyle.md\/ro\/wp-json\/wp\/v2\/product_cat?post=3678"},{"taxonomy":"product_tag","embeddable":true,"href":"https:\/\/xstyle.md\/ro\/wp-json\/wp\/v2\/product_tag?post=3678"}],"curies":[{"name":"wp","href":"https:\/\/api.w.org\/{rel}","templated":true}]}}