{"id":3666,"date":"2020-07-16T19:11:16","date_gmt":"2020-07-16T16:11:16","guid":{"rendered":"https:\/\/xstyle.md\/product\/petlja-vento-jekstra-200-cm"},"modified":"2024-10-02T20:50:42","modified_gmt":"2024-10-02T17:50:42","slug":"petlja-vento-jekstra-200-cm","status":"publish","type":"product","link":"https:\/\/xstyle.md\/ro\/produs\/petlja-vento-jekstra-200-cm\/","title":{"rendered":"Bucl\u0103 Vento Extra 200 cm"},"content":{"rendered":"<\/p>\n<p><strong>Bucl\u0103 Vento Extra 200 cm\u00a0<\/strong>destinat\u0103 org\u0103niz\u0103rii de sta\u021bii de siguran\u021b\u0103 din mai multe puncte sau utilizarea proeminen\u021belor de roc\u0103.<\/p>\n<h3>Particularit\u0103\u021bi<\/h3>\n<ul>\n<li>Balamaua asigur\u0103 distribuirea uniform\u0103 a sarcinii \u00eentre toate punctele de siguran\u021b\u0103 \u00een \u00eentreaga gam\u0103 unghiular\u0103 permis\u0103 pentru acest tip de puncte \u0219i amplasarea lor reciproc\u0103.<\/li>\n<li>Bucla este realizat\u0103 din band\u0103 Dyneema cu l\u0103\u021bimea de 13 mm.<\/li>\n<\/ul>\n<h3>Caracteristici<\/h3>\n<ul>\n<li>Material &#8212; Dyneema\u00ae<\/li>\n<li>Lungimea buclei &#8212; 200 cm<\/li>\n<li>Rezisten\u021ba articula\u021biei &#8212; 22 kN<\/li>\n<\/ul>\n<h3>Tehnologie<\/h3>\n<ul>\n<li><strong>Dyneema<\/strong>\u00ae &#8212; este o fibr\u0103 fabricat\u0103 din polietilen\u0103 cu mas\u0103 molecular\u0103 ridicat\u0103 (marcaj HPPE), produs\u0103 printr-un proces unic de sintez\u0103 a fibrelor numit &#171;gel-spinning&#187; sau &#171;gel-forming&#187;. Acest material se caracterizeaz\u0103 printr-o rezisten\u021b\u0103 ridicat\u0103 \u0219i o elasticitate practic nul\u0103. Imunitatea la ap\u0103 \u0219i la un num\u0103r cople\u0219itor de al\u021bi solven\u021bi, uleiuri, UV, substan\u021be naturale \u0219i medii agresive este un alt avantaj al acestui material. De asemenea, are o rezisten\u021b\u0103 ridicat\u0103 la \u00eenghe\u021b, un coeficient de frecare sc\u0103zut, niciun efect de memorie \u0219i greutate redus\u0103. Datorit\u0103 propriet\u0103\u021bilor de mai sus, materialele Dyneema \u0219i-au g\u0103sit o larg\u0103 aplicare \u00een diverse sfere: \u00een avia\u021bie \u0219i \u00een echipamentele militare sunt utilizate pentru produc\u021bia de veste antiglon\u021b; ca dri\u0219te, cabluri \u00een echipamentul velierelor, iahturilor; pasiona\u021bii de off-road (jeepers) \u00eenf\u0103\u0219oar\u0103 din ce \u00een ce mai des cabluri Dyneema pe vinciurile vehiculelor lor off-road \u00een locul cablurilor de o\u021bel; \u0219i, desigur, \u00een alpinism pentru ridicarea diferitelor sarcini.<\/li>\n<\/ul>\n<h3>Marca<\/h3>\n<p>Vento este o companie rus\u0103 fondat\u0103 \u00een 1990, care a fost ini\u021bial angajat\u0103 \u00een dezvoltarea \u0219i produc\u021bia de echipamente pentru recreere activ\u0103 asociat\u0103 cu mun\u021bii: alpinism \u0219i turism montan. \u00cen 2008 a fost format\u0103 o direc\u021bie mare separat\u0103 &#8212; EPI industrial \u00eempotriva c\u0103derilor de la \u00een\u0103l\u021bime. Echipamentul a devenit rapid solicitat \u00een r\u00e2ndul pasiona\u021bilor de alpinism \u0219i escalad\u0103. De asemenea, este utilizat \u00een speologie, ac\u021biuni de salvare, \u00een alpinism industrial. Calitatea ridicat\u0103 \u0219i costul accesibil au f\u0103cut ca echipamentele de protec\u021bie marca Vento s\u0103 fie populare at\u00e2t \u00een r\u00e2ndul cump\u0103r\u0103torilor priva\u021bi, c\u00e2t \u0219i al organiza\u021biilor. Ast\u0103zi, produsele produc\u0103torului rus sunt utilizate de Ministerul Situa\u021biilor de Urgen\u021b\u0103, Ministerul Afacerilor Interne, Ministerul Ap\u0103r\u0103rii, societ\u0103\u021bi turistice \u0219i sportive.<\/p>\n<p><\/p>","protected":false},"excerpt":{"rendered":"<p>Bucl\u0103 Vento Extra 200 cm<\/p>","protected":false},"featured_media":3665,"comment_status":"open","ping_status":"closed","template":"","meta":{"_acf_changed":false,"inline_featured_image":false},"product_brand":[1282],"product_cat":[136],"product_tag":[],"class_list":{"0":"post-3666","1":"product","2":"type-product","3":"status-publish","4":"has-post-thumbnail","6":"product_brand-vento","7":"product_cat-self-insurance","9":"first","10":"instock","11":"shipping-taxable","12":"purchasable","13":"product-type-simple"},"acf":[],"yoast_head":"<!-- This site is optimized with the Yoast SEO plugin v27.2 - https:\/\/yoast.com\/product\/yoast-seo-wordpress\/ -->\n<title>\u041f\u0435\u0442\u043b\u044f Vento \u042d\u043a\u0441\u0442\u0440\u0430 200 cm - \u041c\u0430\u0433\u0430\u0437\u0438\u043d Xstyle<\/title>\n<meta name=\"description\" content=\"\u041a\u0443\u043f\u0438\u0442\u044c \u041f\u0435\u0442\u043b\u044e Vento \u042d\u043a\u0441\u0442\u0440\u0430 200 \u0441\u043c \u0438\u0437 Dyneema. \u0418\u0434\u0435\u0430\u043b\u044c\u043d\u0430 \u0434\u043b\u044f \u043e\u0440\u0433\u0430\u043d\u0438\u0437\u0430\u0446\u0438\u0438 \u0441\u0442\u0430\u043d\u0446\u0438\u0439 \u0431\u0435\u0437\u043e\u043f\u0430\u0441\u043d\u043e\u0441\u0442\u0438 \u0438 \u0438\u0441\u043f\u043e\u043b\u044c\u0437\u043e\u0432\u0430\u043d\u0438\u044f \u0432 \u0441\u043b\u043e\u0436\u043d\u044b\u0445 \u0443\u0441\u043b\u043e\u0432\u0438\u044f\u0445. \u041c\u0430\u043a\u0441\u0438\u043c\u0430\u043b\u044c\u043d\u0430\u044f \u043d\u0430\u0434\u0435\u0436\u043d\u043e\u0441\u0442\u044c!\" \/>\n<meta name=\"robots\" content=\"index, follow, max-snippet:-1, max-image-preview:large, max-video-preview:-1\" \/>\n<link rel=\"canonical\" href=\"https:\/\/xstyle.md\/ro\/produs\/petlja-vento-jekstra-200-cm\/\" \/>\n<meta property=\"og:locale\" content=\"ro_RO\" \/>\n<meta property=\"og:type\" content=\"article\" \/>\n<meta property=\"og:title\" content=\"\u041f\u0435\u0442\u043b\u044f Vento \u042d\u043a\u0441\u0442\u0440\u0430 200 cm - \u041c\u0430\u0433\u0430\u0437\u0438\u043d Xstyle\" \/>\n<meta property=\"og:description\" content=\"\u041a\u0443\u043f\u0438\u0442\u044c \u041f\u0435\u0442\u043b\u044e Vento \u042d\u043a\u0441\u0442\u0440\u0430 200 \u0441\u043c \u0438\u0437 Dyneema. \u0418\u0434\u0435\u0430\u043b\u044c\u043d\u0430 \u0434\u043b\u044f \u043e\u0440\u0433\u0430\u043d\u0438\u0437\u0430\u0446\u0438\u0438 \u0441\u0442\u0430\u043d\u0446\u0438\u0439 \u0431\u0435\u0437\u043e\u043f\u0430\u0441\u043d\u043e\u0441\u0442\u0438 \u0438 \u0438\u0441\u043f\u043e\u043b\u044c\u0437\u043e\u0432\u0430\u043d\u0438\u044f \u0432 \u0441\u043b\u043e\u0436\u043d\u044b\u0445 \u0443\u0441\u043b\u043e\u0432\u0438\u044f\u0445. \u041c\u0430\u043a\u0441\u0438\u043c\u0430\u043b\u044c\u043d\u0430\u044f \u043d\u0430\u0434\u0435\u0436\u043d\u043e\u0441\u0442\u044c!\" \/>\n<meta property=\"og:url\" content=\"https:\/\/xstyle.md\/ro\/produs\/petlja-vento-jekstra-200-cm\/\" \/>\n<meta property=\"og:site_name\" content=\"\u041c\u0430\u0433\u0430\u0437\u0438\u043d Xstyle\" \/>\n<meta property=\"article:publisher\" content=\"https:\/\/www.facebook.com\/xstylemd\" \/>\n<meta property=\"article:modified_time\" content=\"2024-10-02T17:50:42+00:00\" \/>\n<meta property=\"og:image\" content=\"https:\/\/xstyle.md\/wp-content\/uploads\/2020\/07\/253373275.jpg\" \/>\n\t<meta property=\"og:image:width\" content=\"1000\" \/>\n\t<meta property=\"og:image:height\" content=\"1000\" \/>\n\t<meta property=\"og:image:type\" content=\"image\/jpeg\" \/>\n<meta name=\"twitter:card\" content=\"summary_large_image\" \/>\n<meta name=\"twitter:label1\" content=\"Pre\u021b\" \/>\n\t<meta name=\"twitter:data1\" content=\"420&nbsp;MDL\" \/>\n\t<meta name=\"twitter:label2\" content=\"Disponibilitate\" \/>\n\t<meta name=\"twitter:data2\" content=\"\u00cen stoc\" \/>\n<script type=\"application\/ld+json\" class=\"yoast-schema-graph\">{\"@context\":\"https:\/\/schema.org\",\"@graph\":[{\"@type\":\"WebPage\",\"@id\":\"https:\/\/xstyle.md\/product\/petlja-vento-jekstra-200-cm\/\",\"url\":\"https:\/\/xstyle.md\/product\/petlja-vento-jekstra-200-cm\/\",\"name\":\"\u041f\u0435\u0442\u043b\u044f Vento \u042d\u043a\u0441\u0442\u0440\u0430 200 cm - \u041c\u0430\u0433\u0430\u0437\u0438\u043d Xstyle\",\"isPartOf\":{\"@id\":\"https:\/\/xstyle.md\/#website\"},\"primaryImageOfPage\":{\"@id\":\"https:\/\/xstyle.md\/product\/petlja-vento-jekstra-200-cm\/#primaryimage\"},\"image\":{\"@id\":\"https:\/\/xstyle.md\/product\/petlja-vento-jekstra-200-cm\/#primaryimage\"},\"thumbnailUrl\":\"https:\/\/xstyle.md\/wp-content\/uploads\/2020\/07\/253373275.jpg\",\"datePublished\":\"2020-07-16T16:11:16+00:00\",\"dateModified\":\"2024-10-02T17:50:42+00:00\",\"description\":\"\u041a\u0443\u043f\u0438\u0442\u044c \u041f\u0435\u0442\u043b\u044e Vento \u042d\u043a\u0441\u0442\u0440\u0430 200 \u0441\u043c \u0438\u0437 Dyneema. \u0418\u0434\u0435\u0430\u043b\u044c\u043d\u0430 \u0434\u043b\u044f \u043e\u0440\u0433\u0430\u043d\u0438\u0437\u0430\u0446\u0438\u0438 \u0441\u0442\u0430\u043d\u0446\u0438\u0439 \u0431\u0435\u0437\u043e\u043f\u0430\u0441\u043d\u043e\u0441\u0442\u0438 \u0438 \u0438\u0441\u043f\u043e\u043b\u044c\u0437\u043e\u0432\u0430\u043d\u0438\u044f \u0432 \u0441\u043b\u043e\u0436\u043d\u044b\u0445 \u0443\u0441\u043b\u043e\u0432\u0438\u044f\u0445. \u041c\u0430\u043a\u0441\u0438\u043c\u0430\u043b\u044c\u043d\u0430\u044f \u043d\u0430\u0434\u0435\u0436\u043d\u043e\u0441\u0442\u044c!\",\"breadcrumb\":{\"@id\":\"https:\/\/xstyle.md\/product\/petlja-vento-jekstra-200-cm\/#breadcrumb\"},\"inLanguage\":\"ro-RO\",\"potentialAction\":[{\"@type\":\"ReadAction\",\"target\":[\"https:\/\/xstyle.md\/product\/petlja-vento-jekstra-200-cm\/\"]}]},{\"@type\":\"ImageObject\",\"inLanguage\":\"ro-RO\",\"@id\":\"https:\/\/xstyle.md\/product\/petlja-vento-jekstra-200-cm\/#primaryimage\",\"url\":\"https:\/\/xstyle.md\/wp-content\/uploads\/2020\/07\/253373275.jpg\",\"contentUrl\":\"https:\/\/xstyle.md\/wp-content\/uploads\/2020\/07\/253373275.jpg\",\"width\":1000,\"height\":1000},{\"@type\":\"BreadcrumbList\",\"@id\":\"https:\/\/xstyle.md\/product\/petlja-vento-jekstra-200-cm\/#breadcrumb\",\"itemListElement\":[{\"@type\":\"ListItem\",\"position\":1,\"name\":\"\u0413\u043b\u0430\u0432\u043d\u0430\u044f \u0441\u0442\u0440\u0430\u043d\u0438\u0446\u0430\",\"item\":\"https:\/\/xstyle.md\/\"},{\"@type\":\"ListItem\",\"position\":2,\"name\":\"\u041c\u0430\u0433\u0430\u0437\u0438\u043d\",\"item\":\"https:\/\/xstyle.md\/shop\/\"},{\"@type\":\"ListItem\",\"position\":3,\"name\":\"\u041f\u0435\u0442\u043b\u044f Vento \u042d\u043a\u0441\u0442\u0440\u0430 200 cm\"}]},{\"@type\":\"WebSite\",\"@id\":\"https:\/\/xstyle.md\/#website\",\"url\":\"https:\/\/xstyle.md\/\",\"name\":\"\u041c\u0430\u0433\u0430\u0437\u0438\u043d Xstyle\",\"description\":\"C\u043d\u0430\u0440\u044f\u0436\u0435\u043d\u0438\u0435 \u0434\u043b\u044f \u0442\u0443\u0440\u0438\u0437\u043c\u0430 \u0438 \u044d\u043a\u0441\u0442\u0440\u0435\u043c\u0430\u043b\u044c\u043d\u044b\u0445 \u0432\u0438\u0434\u043e\u0432 \u0441\u043f\u043e\u0440\u0442\u0430 \u0432 \u041c\u043e\u043b\u0434\u043e\u0432\u0435.. \u0426\u0435\u043d\u044b, \u0444\u043e\u0442\u043e, \u0445\u0430\u0440\u0430\u043a\u0442\u0435\u0440\u0438\u0441\u0442\u0438\u043a\u0438 \u0432 \u041c\u043e\u043b\u0434\u043e\u0432\u0435.\",\"publisher\":{\"@id\":\"https:\/\/xstyle.md\/#organization\"},\"alternateName\":\"X-Style\",\"potentialAction\":[{\"@type\":\"SearchAction\",\"target\":{\"@type\":\"EntryPoint\",\"urlTemplate\":\"https:\/\/xstyle.md\/?s={search_term_string}\"},\"query-input\":{\"@type\":\"PropertyValueSpecification\",\"valueRequired\":true,\"valueName\":\"search_term_string\"}}],\"inLanguage\":\"ro-RO\"},{\"@type\":\"Organization\",\"@id\":\"https:\/\/xstyle.md\/#organization\",\"name\":\"\u041c\u0430\u0433\u0430\u0437\u0438\u043d Xstyle\",\"alternateName\":\"x-style\",\"url\":\"https:\/\/xstyle.md\/\",\"logo\":{\"@type\":\"ImageObject\",\"inLanguage\":\"ro-RO\",\"@id\":\"https:\/\/xstyle.md\/#\/schema\/logo\/image\/\",\"url\":\"https:\/\/xstyle.md\/wp-content\/uploads\/2020\/06\/logoicon.svg\",\"contentUrl\":\"https:\/\/xstyle.md\/wp-content\/uploads\/2020\/06\/logoicon.svg\",\"caption\":\"\u041c\u0430\u0433\u0430\u0437\u0438\u043d Xstyle\"},\"image\":{\"@id\":\"https:\/\/xstyle.md\/#\/schema\/logo\/image\/\"},\"sameAs\":[\"https:\/\/www.facebook.com\/xstylemd\",\"https:\/\/www.instagram.com\/xstyle_md\/\",\"https:\/\/t.me\/xstyle_outdoor\"],\"hasMerchantReturnPolicy\":{\"@type\":\"MerchantReturnPolicy\",\"merchantReturnLink\":\"https:\/\/xstyle.md\/ro\/conditions\/\"}}]}<\/script>\n<meta property=\"product:price:amount\" content=\"420.00\" \/>\n<meta property=\"product:price:currency\" content=\"MDL\" \/>\n<meta property=\"og:availability\" content=\"instock\" \/>\n<meta property=\"product:availability\" content=\"instock\" \/>\n<meta property=\"product:retailer_item_id\" content=\"2050000000522\" \/>\n<meta property=\"product:condition\" content=\"new\" \/>\n<!-- \/ Yoast SEO plugin. -->","yoast_head_json":{"title":"Bucl\u0103 Vento Extra 200 cm - Magazin Xstyle","description":"Cump\u0103ra\u021bi Pleta Vento Extra de 200 cm din Dyneema. Ideal\u0103 pentru organizarea sta\u021biilor de siguran\u021b\u0103 \u0219i utilizarea \u00een condi\u021bii dificile. Maxima fiabilitate!","robots":{"index":"index","follow":"follow","max-snippet":"max-snippet:-1","max-image-preview":"max-image-preview:large","max-video-preview":"max-video-preview:-1"},"canonical":"https:\/\/xstyle.md\/ro\/produs\/petlja-vento-jekstra-200-cm\/","og_locale":"ro_RO","og_type":"article","og_title":"\u041f\u0435\u0442\u043b\u044f Vento \u042d\u043a\u0441\u0442\u0440\u0430 200 cm - \u041c\u0430\u0433\u0430\u0437\u0438\u043d Xstyle","og_description":"\u041a\u0443\u043f\u0438\u0442\u044c \u041f\u0435\u0442\u043b\u044e Vento \u042d\u043a\u0441\u0442\u0440\u0430 200 \u0441\u043c \u0438\u0437 Dyneema. \u0418\u0434\u0435\u0430\u043b\u044c\u043d\u0430 \u0434\u043b\u044f \u043e\u0440\u0433\u0430\u043d\u0438\u0437\u0430\u0446\u0438\u0438 \u0441\u0442\u0430\u043d\u0446\u0438\u0439 \u0431\u0435\u0437\u043e\u043f\u0430\u0441\u043d\u043e\u0441\u0442\u0438 \u0438 \u0438\u0441\u043f\u043e\u043b\u044c\u0437\u043e\u0432\u0430\u043d\u0438\u044f \u0432 \u0441\u043b\u043e\u0436\u043d\u044b\u0445 \u0443\u0441\u043b\u043e\u0432\u0438\u044f\u0445. \u041c\u0430\u043a\u0441\u0438\u043c\u0430\u043b\u044c\u043d\u0430\u044f \u043d\u0430\u0434\u0435\u0436\u043d\u043e\u0441\u0442\u044c!","og_url":"https:\/\/xstyle.md\/ro\/produs\/petlja-vento-jekstra-200-cm\/","og_site_name":"\u041c\u0430\u0433\u0430\u0437\u0438\u043d Xstyle","article_publisher":"https:\/\/www.facebook.com\/xstylemd","article_modified_time":"2024-10-02T17:50:42+00:00","og_image":[{"width":1000,"height":1000,"url":"https:\/\/xstyle.md\/wp-content\/uploads\/2020\/07\/253373275.jpg","type":"image\/jpeg"}],"twitter_card":"summary_large_image","twitter_misc":{"Pre\u021b":"420&nbsp;MDL","Disponibilitate":"\u00cen stoc"},"schema":{"@context":"https:\/\/schema.org","@graph":[{"@type":"WebPage","@id":"https:\/\/xstyle.md\/product\/petlja-vento-jekstra-200-cm\/","url":"https:\/\/xstyle.md\/product\/petlja-vento-jekstra-200-cm\/","name":"Bucl\u0103 Vento Extra 200 cm - Magazin Xstyle","isPartOf":{"@id":"https:\/\/xstyle.md\/#website"},"primaryImageOfPage":{"@id":"https:\/\/xstyle.md\/product\/petlja-vento-jekstra-200-cm\/#primaryimage"},"image":{"@id":"https:\/\/xstyle.md\/product\/petlja-vento-jekstra-200-cm\/#primaryimage"},"thumbnailUrl":"https:\/\/xstyle.md\/wp-content\/uploads\/2020\/07\/253373275.jpg","datePublished":"2020-07-16T16:11:16+00:00","dateModified":"2024-10-02T17:50:42+00:00","description":"Cump\u0103ra\u021bi Pleta Vento Extra de 200 cm din Dyneema. Ideal\u0103 pentru organizarea sta\u021biilor de siguran\u021b\u0103 \u0219i utilizarea \u00een condi\u021bii dificile. Maxima fiabilitate!","breadcrumb":{"@id":"https:\/\/xstyle.md\/product\/petlja-vento-jekstra-200-cm\/#breadcrumb"},"inLanguage":"ro-RO","potentialAction":[{"@type":"ReadAction","target":["https:\/\/xstyle.md\/product\/petlja-vento-jekstra-200-cm\/"]}]},{"@type":"ImageObject","inLanguage":"ro-RO","@id":"https:\/\/xstyle.md\/product\/petlja-vento-jekstra-200-cm\/#primaryimage","url":"https:\/\/xstyle.md\/wp-content\/uploads\/2020\/07\/253373275.jpg","contentUrl":"https:\/\/xstyle.md\/wp-content\/uploads\/2020\/07\/253373275.jpg","width":1000,"height":1000},{"@type":"BreadcrumbList","@id":"https:\/\/xstyle.md\/product\/petlja-vento-jekstra-200-cm\/#breadcrumb","itemListElement":[{"@type":"ListItem","position":1,"name":"\u0413\u043b\u0430\u0432\u043d\u0430\u044f \u0441\u0442\u0440\u0430\u043d\u0438\u0446\u0430","item":"https:\/\/xstyle.md\/"},{"@type":"ListItem","position":2,"name":"\u041c\u0430\u0433\u0430\u0437\u0438\u043d","item":"https:\/\/xstyle.md\/shop\/"},{"@type":"ListItem","position":3,"name":"\u041f\u0435\u0442\u043b\u044f Vento \u042d\u043a\u0441\u0442\u0440\u0430 200 cm"}]},{"@type":"WebSite","@id":"https:\/\/xstyle.md\/#website","url":"https:\/\/xstyle.md\/","name":"Magazinul X-Style","description":"Echipamente pentru turism \u0219i sporturi extreme \u00een Moldova. Pre\u021buri, fotografii, caracteristici \u00een Moldova.","publisher":{"@id":"https:\/\/xstyle.md\/#organization"},"alternateName":"X-Style","potentialAction":[{"@type":"SearchAction","target":{"@type":"EntryPoint","urlTemplate":"https:\/\/xstyle.md\/?s={search_term_string}"},"query-input":{"@type":"PropertyValueSpecification","valueRequired":true,"valueName":"search_term_string"}}],"inLanguage":"ro-RO"},{"@type":"Organization","@id":"https:\/\/xstyle.md\/#organization","name":"Magazinul X-Style","alternateName":"x-style","url":"https:\/\/xstyle.md\/","logo":{"@type":"ImageObject","inLanguage":"ro-RO","@id":"https:\/\/xstyle.md\/#\/schema\/logo\/image\/","url":"https:\/\/xstyle.md\/wp-content\/uploads\/2020\/06\/logoicon.svg","contentUrl":"https:\/\/xstyle.md\/wp-content\/uploads\/2020\/06\/logoicon.svg","caption":"\u041c\u0430\u0433\u0430\u0437\u0438\u043d Xstyle"},"image":{"@id":"https:\/\/xstyle.md\/#\/schema\/logo\/image\/"},"sameAs":["https:\/\/www.facebook.com\/xstylemd","https:\/\/www.instagram.com\/xstyle_md\/","https:\/\/t.me\/xstyle_outdoor"],"hasMerchantReturnPolicy":{"@type":"MerchantReturnPolicy","merchantReturnLink":"https:\/\/xstyle.md\/ro\/conditions\/"}}]},"product_price_amount":"420.00","product_price_currency":"MDL","og_availability":"instock","product_availability":"instock","product_retailer_item_id":"2050000000522","product_condition":"new"},"post_mailing_queue_ids":[],"_links":{"self":[{"href":"https:\/\/xstyle.md\/ro\/wp-json\/wp\/v2\/product\/3666","targetHints":{"allow":["GET"]}}],"collection":[{"href":"https:\/\/xstyle.md\/ro\/wp-json\/wp\/v2\/product"}],"about":[{"href":"https:\/\/xstyle.md\/ro\/wp-json\/wp\/v2\/types\/product"}],"replies":[{"embeddable":true,"href":"https:\/\/xstyle.md\/ro\/wp-json\/wp\/v2\/comments?post=3666"}],"wp:featuredmedia":[{"embeddable":true,"href":"https:\/\/xstyle.md\/ro\/wp-json\/wp\/v2\/media\/3665"}],"wp:attachment":[{"href":"https:\/\/xstyle.md\/ro\/wp-json\/wp\/v2\/media?parent=3666"}],"wp:term":[{"taxonomy":"product_brand","embeddable":true,"href":"https:\/\/xstyle.md\/ro\/wp-json\/wp\/v2\/product_brand?post=3666"},{"taxonomy":"product_cat","embeddable":true,"href":"https:\/\/xstyle.md\/ro\/wp-json\/wp\/v2\/product_cat?post=3666"},{"taxonomy":"product_tag","embeddable":true,"href":"https:\/\/xstyle.md\/ro\/wp-json\/wp\/v2\/product_tag?post=3666"}],"curies":[{"name":"wp","href":"https:\/\/api.w.org\/{rel}","templated":true}]}}