{"id":36574,"date":"2021-06-28T17:13:05","date_gmt":"2021-06-28T14:13:05","guid":{"rendered":"https:\/\/xstyle.md\/?post_type=product&#038;p=36574"},"modified":"2025-03-29T21:33:18","modified_gmt":"2025-03-29T18:33:18","slug":"kryshka-chugunaja-syton-em-260-mm","status":"publish","type":"product","link":"https:\/\/xstyle.md\/ro\/produs\/kryshka-chugunaja-syton-em-260-mm\/","title":{"rendered":"Capac din font\u0103 EM Syton 260 mm"},"content":{"rendered":"<\/p>\n<p><strong>EM Syton 260 mm<\/strong> &#8212; clasic, cu un m\u00e2ner deta\u0219abil din font\u0103, realizat cu o prelucrare termica speciala de la NPP Seaton, cu un finisaj mat emailat.<\/p>\n<p>Font\u0103 a fost primul metal din care omenirea a \u00eenceput s\u0103 fabrice vase de g\u0103tit la nivel industrial. Cu toate acestea, ustensilele de g\u0103tit din font\u0103 sunt populare \u0219i ast\u0103zi. Font\u0103 are o capacitate termic\u0103 foarte mare, permi\u021b\u00e2nd ustensilelor de g\u0103tit s\u0103 se \u00eenc\u0103lzeasc\u0103 la temperaturi ridicate, ceea ce este esen\u021bial atunci c\u00e2nd vine vorba de gr\u0103tar, de g\u0103titul la wok sau de coacerea cl\u0103titelor, \u00een special la foc deschis sau \u00een tandoor. Avantajul vaselor de g\u0103tit din font\u0103 este longevitatea. Dac\u0103 sunt \u00eengrijite corespunz\u0103tor, vasele de g\u0103tit din font\u0103 dureaz\u0103 o ve\u0219nicie \u0219i vor fi mo\u0219tenite de nepo\u021bii \u0219i str\u0103nepo\u021bii dumneavoastr\u0103. Ajut\u0103 la g\u0103tit &#8212; beneficiile pentru s\u0103n\u0103tate ale ustensilelor de g\u0103tit din font\u0103 realizate corespunz\u0103tor sunt bine cunoscute. Este nevoie de mult efort pentru a arde m\u00e2ncarea la o font\u0103 de calitate &#8212; acest lucru este practic imposibil, chiar \u0219i atunci c\u00e2nd este \u00eenc\u0103lzit\u0103 la un nivel ridicat. Lucrul uimitor este c\u0103, cu c\u00e2t folosi\u021bi mai des vase de g\u0103tit din font\u0103, cu at\u00e2t mai bune devin propriet\u0103\u021bile sale. Economic &#8212; inc\u0103lzit\u0103 lent, oala de g\u0103tit din font\u0103 p\u0103streaz\u0103 c\u0103ldura acumulat\u0103 pentru o perioad\u0103 foarte lung\u0103 de timp \u0219i v\u0103 va permite s\u0103 v\u0103 g\u0103ti\u021bi m\u00e2ncarea preferat\u0103 la orice temperatur\u0103 &#8212; la foc, la tandoor sau la un aragaz conven\u021bional. Dezavantajele vaselor de g\u0103tit din font\u0103 includ greutatea a vaselor de g\u0103tit din font\u0103, formarea de rugin\u0103 atunci c\u00e2nd sunt depozitate \u0219i utilizate incorect \u0219i fragilitatea cauzat\u0103 de \u0219ocuri mecanice \u0219i deterior\u0103ri, dar cu o \u00eengrijire \u0219i o utilizare corespunz\u0103toare, nu mai pute\u021bi renun\u021ba la utilizarea vaselor de g\u0103tit din font\u0103 de calitate.<\/p>\n<h3>Particularit\u0103\u021bi<\/h3>\n<ul>\n<li>O op\u021biune excelent\u0103 pentru a g\u0103ti la foc deschis.<\/li>\n<li>Poate fi folosit \u0219i \u00een cuptor.<\/li>\n<li>Transfer optim de c\u0103ldur\u0103 datorit\u0103 designului inteligent \u0219i materialului selectat.<\/li>\n<li>Alimentele g\u0103tite \u00een vase de g\u0103tit din font\u0103 au un gust rafinat (g\u0103tite \u0219i coapte uniform).<\/li>\n<li>Acoperirea antiaderent\u0103 faciliteaz\u0103 g\u0103titul \u0219i \u00eengrijirea vasului (m\u00e2ncarea nu se lipe\u0219te).<\/li>\n<li>Potrivit pentru g\u0103titul tuturor tipurilor de alimente (de la carne la produse de patiserie \u0219i deserturi).<\/li>\n<\/ul>\n<h3>Caracteristici<\/h3>\n<ul>\n<li>Material &#8212; font\u0103<\/li>\n<li>Acoperire &#8212; emailat cu suprafe\u021be interne \u0219i externe periate<\/li>\n<li>Diametru &#8212; 260 mm<\/li>\n<li>Greutate &#8212; 1,7 kg.<\/li>\n<\/ul>\n<h3>Recomand\u0103ri pentru utilizarea vaselor de g\u0103tit din font\u0103:<\/h3>\n<ul>\n<li>\u00cenainte de a utiliza pentru prima dat\u0103 vasele de g\u0103tit, acestea trebuie sp\u0103late bine \u0219i \u00eenc\u0103lzite pe plit\u0103 la o temperatur\u0103 de peste 100 de grade.<\/li>\n<li>Aplica\u021bi un strat sub\u021bire de ulei vegetal pe interior.<\/li>\n<li>Vasele care nu au fost prelucrate \u00een prealabil \u00een acest mod sunt potrivite pentru contactul cu produse alimentare care nu con\u021bin acid citric, acetic sau lactic.<\/li>\n<li>Nu supra\u00eenc\u0103lzi\u021bi produsul pentru a p\u0103stra \u00eenveli\u0219ul emailat.<\/li>\n<li>\u00cen cazul \u00een care vasul de g\u0103tit intr\u0103 \u00een contact cu o surs\u0103 de c\u0103ldur\u0103 f\u0103r\u0103 alimente, l\u0103sa\u021bi produsul s\u0103 se r\u0103ceasc\u0103.<\/li>\n<\/ul>\n<p>Cu o \u00eengrijire corespunz\u0103toare, durata de via\u021b\u0103 nu are limite!<\/p>\n<p><\/p>","protected":false},"excerpt":{"rendered":"<p>\u041a\u0440\u044b\u0448\u043a\u0430 \u0447\u0443\u0433\u0443\u043d\u0430\u044f Syton 260 mm<\/p>","protected":false},"featured_media":75132,"comment_status":"open","ping_status":"closed","template":"","meta":{"_acf_changed":false,"inline_featured_image":false},"product_brand":[1422],"product_cat":[907],"product_tag":[],"class_list":{"0":"post-36574","1":"product","2":"type-product","3":"status-publish","4":"has-post-thumbnail","6":"product_brand-syton","7":"product_cat-dutch-oven","9":"first","10":"outofstock","11":"shipping-taxable","12":"product-type-simple"},"acf":[],"yoast_head":"<!-- This site is optimized with the Yoast SEO plugin v27.2 - https:\/\/yoast.com\/product\/yoast-seo-wordpress\/ -->\n<title>\u041a\u0440\u044b\u0448\u043a\u0430 \u0447\u0443\u0433\u0443\u043d\u043d\u0430\u044f Syton EM 260 mm - \u041c\u0430\u0433\u0430\u0437\u0438\u043d Xstyle<\/title>\n<meta name=\"description\" content=\"\u041a\u0440\u044b\u0448\u043a\u0430 \u0447\u0443\u0433\u0443\u043d\u043d\u0430\u044f Syton 260 \u043c\u043c \u0441 \u043c\u0430\u0442\u043e\u0432\u044b\u043c \u044d\u043c\u0430\u043b\u0435\u0432\u044b\u043c \u043f\u043e\u043a\u0440\u044b\u0442\u0438\u0435\u043c \u0438 \u0441\u044a\u0435\u043c\u043d\u043e\u0439 \u0440\u0443\u0447\u043a\u043e\u0439. \u0418\u0434\u0435\u0430\u043b\u044c\u043d\u0430 \u0434\u043b\u044f \u0434\u043e\u043b\u0433\u043e\u0432\u0440\u0435\u043c\u0435\u043d\u043d\u043e\u0433\u043e \u0438\u0441\u043f\u043e\u043b\u044c\u0437\u043e\u0432\u0430\u043d\u0438\u044f \u0438 \u0440\u0430\u0432\u043d\u043e\u043c\u0435\u0440\u043d\u043e\u0433\u043e \u043f\u0440\u043e\u0433\u0440\u0435\u0432\u0430 \u043f\u0438\u0449\u0438.\" \/>\n<meta name=\"robots\" content=\"index, follow, max-snippet:-1, max-image-preview:large, max-video-preview:-1\" \/>\n<link rel=\"canonical\" href=\"https:\/\/xstyle.md\/ro\/produs\/kryshka-chugunaja-syton-em-260-mm\/\" \/>\n<meta property=\"og:locale\" content=\"ro_RO\" \/>\n<meta property=\"og:type\" content=\"article\" \/>\n<meta property=\"og:title\" content=\"\u041a\u0440\u044b\u0448\u043a\u0430 \u0447\u0443\u0433\u0443\u043d\u043d\u0430\u044f Syton EM 260 mm - \u041c\u0430\u0433\u0430\u0437\u0438\u043d Xstyle\" \/>\n<meta property=\"og:description\" content=\"\u041a\u0440\u044b\u0448\u043a\u0430 \u0447\u0443\u0433\u0443\u043d\u043d\u0430\u044f Syton 260 \u043c\u043c \u0441 \u043c\u0430\u0442\u043e\u0432\u044b\u043c \u044d\u043c\u0430\u043b\u0435\u0432\u044b\u043c \u043f\u043e\u043a\u0440\u044b\u0442\u0438\u0435\u043c \u0438 \u0441\u044a\u0435\u043c\u043d\u043e\u0439 \u0440\u0443\u0447\u043a\u043e\u0439. \u0418\u0434\u0435\u0430\u043b\u044c\u043d\u0430 \u0434\u043b\u044f \u0434\u043e\u043b\u0433\u043e\u0432\u0440\u0435\u043c\u0435\u043d\u043d\u043e\u0433\u043e \u0438\u0441\u043f\u043e\u043b\u044c\u0437\u043e\u0432\u0430\u043d\u0438\u044f \u0438 \u0440\u0430\u0432\u043d\u043e\u043c\u0435\u0440\u043d\u043e\u0433\u043e \u043f\u0440\u043e\u0433\u0440\u0435\u0432\u0430 \u043f\u0438\u0449\u0438.\" \/>\n<meta property=\"og:url\" content=\"https:\/\/xstyle.md\/ro\/produs\/kryshka-chugunaja-syton-em-260-mm\/\" \/>\n<meta property=\"og:site_name\" content=\"\u041c\u0430\u0433\u0430\u0437\u0438\u043d Xstyle\" \/>\n<meta property=\"article:publisher\" content=\"https:\/\/www.facebook.com\/xstylemd\" \/>\n<meta property=\"article:modified_time\" content=\"2025-03-29T18:33:18+00:00\" \/>\n<meta property=\"og:image\" content=\"https:\/\/xstyle.md\/wp-content\/uploads\/2021\/06\/syton-260-0.jpg\" \/>\n\t<meta property=\"og:image:width\" content=\"500\" \/>\n\t<meta property=\"og:image:height\" content=\"500\" \/>\n\t<meta property=\"og:image:type\" content=\"image\/jpeg\" \/>\n<meta name=\"twitter:card\" content=\"summary_large_image\" \/>\n<meta name=\"twitter:label1\" content=\"Pre\u021b\" \/>\n\t<meta name=\"twitter:data1\" content=\"495&nbsp;MDL\" \/>\n\t<meta name=\"twitter:label2\" content=\"Disponibilitate\" \/>\n\t<meta name=\"twitter:data2\" content=\"Stoc epuizat\" \/>\n<script type=\"application\/ld+json\" class=\"yoast-schema-graph\">{\"@context\":\"https:\/\/schema.org\",\"@graph\":[{\"@type\":\"WebPage\",\"@id\":\"https:\/\/xstyle.md\/product\/kryshka-chugunaja-syton-em-260-mm\/\",\"url\":\"https:\/\/xstyle.md\/product\/kryshka-chugunaja-syton-em-260-mm\/\",\"name\":\"\u041a\u0440\u044b\u0448\u043a\u0430 \u0447\u0443\u0433\u0443\u043d\u043d\u0430\u044f Syton EM 260 mm - \u041c\u0430\u0433\u0430\u0437\u0438\u043d Xstyle\",\"isPartOf\":{\"@id\":\"https:\/\/xstyle.md\/#website\"},\"primaryImageOfPage\":{\"@id\":\"https:\/\/xstyle.md\/product\/kryshka-chugunaja-syton-em-260-mm\/#primaryimage\"},\"image\":{\"@id\":\"https:\/\/xstyle.md\/product\/kryshka-chugunaja-syton-em-260-mm\/#primaryimage\"},\"thumbnailUrl\":\"https:\/\/xstyle.md\/wp-content\/uploads\/2021\/06\/syton-260-0.jpg\",\"datePublished\":\"2021-06-28T14:13:05+00:00\",\"dateModified\":\"2025-03-29T18:33:18+00:00\",\"description\":\"\u041a\u0440\u044b\u0448\u043a\u0430 \u0447\u0443\u0433\u0443\u043d\u043d\u0430\u044f Syton 260 \u043c\u043c \u0441 \u043c\u0430\u0442\u043e\u0432\u044b\u043c \u044d\u043c\u0430\u043b\u0435\u0432\u044b\u043c \u043f\u043e\u043a\u0440\u044b\u0442\u0438\u0435\u043c \u0438 \u0441\u044a\u0435\u043c\u043d\u043e\u0439 \u0440\u0443\u0447\u043a\u043e\u0439. \u0418\u0434\u0435\u0430\u043b\u044c\u043d\u0430 \u0434\u043b\u044f \u0434\u043e\u043b\u0433\u043e\u0432\u0440\u0435\u043c\u0435\u043d\u043d\u043e\u0433\u043e \u0438\u0441\u043f\u043e\u043b\u044c\u0437\u043e\u0432\u0430\u043d\u0438\u044f \u0438 \u0440\u0430\u0432\u043d\u043e\u043c\u0435\u0440\u043d\u043e\u0433\u043e \u043f\u0440\u043e\u0433\u0440\u0435\u0432\u0430 \u043f\u0438\u0449\u0438.\",\"breadcrumb\":{\"@id\":\"https:\/\/xstyle.md\/product\/kryshka-chugunaja-syton-em-260-mm\/#breadcrumb\"},\"inLanguage\":\"ro-RO\",\"potentialAction\":[{\"@type\":\"ReadAction\",\"target\":[\"https:\/\/xstyle.md\/product\/kryshka-chugunaja-syton-em-260-mm\/\"]}]},{\"@type\":\"ImageObject\",\"inLanguage\":\"ro-RO\",\"@id\":\"https:\/\/xstyle.md\/product\/kryshka-chugunaja-syton-em-260-mm\/#primaryimage\",\"url\":\"https:\/\/xstyle.md\/wp-content\/uploads\/2021\/06\/syton-260-0.jpg\",\"contentUrl\":\"https:\/\/xstyle.md\/wp-content\/uploads\/2021\/06\/syton-260-0.jpg\",\"width\":500,\"height\":500,\"caption\":\"\u0427\u0443\u0433\u0443\u043d\u043d\u0430\u044f \u043a\u0440\u044b\u0448\u043a\u0430 Syton EM 260 \u043c\u043c \u0434\u043b\u044f \u0430\u043a\u0442\u0438\u0432\u043d\u043e\u0433\u043e \u043e\u0442\u0434\u044b\u0445\u0430, \u043f\u043e\u0445\u043e\u0434\u043e\u0432 \u0438 \u043f\u0443\u0442\u0435\u0448\u0435\u0441\u0442\u0432\u0438\u0439 - \u0441\u043f\u043e\u0440\u0442\u0438\u0432\u043d\u0430\u044f \u043e\u0434\u0435\u0436\u0434\u0430 \u043e\u0431\u0443\u0432\u044c \u0441\u043d\u0430\u0440\u044f\u0436\u0435\u043d\u0438\u0435 \u0434\u043b\u044f \u0442\u0443\u0440\u0438\u0437\u043c\u0430 \u0438 \u0430\u043b\u044c\u043f\u0438\u043d\u0438\u0437\u043c\u0430\"},{\"@type\":\"BreadcrumbList\",\"@id\":\"https:\/\/xstyle.md\/product\/kryshka-chugunaja-syton-em-260-mm\/#breadcrumb\",\"itemListElement\":[{\"@type\":\"ListItem\",\"position\":1,\"name\":\"\u0413\u043b\u0430\u0432\u043d\u0430\u044f \u0441\u0442\u0440\u0430\u043d\u0438\u0446\u0430\",\"item\":\"https:\/\/xstyle.md\/\"},{\"@type\":\"ListItem\",\"position\":2,\"name\":\"\u041c\u0430\u0433\u0430\u0437\u0438\u043d\",\"item\":\"https:\/\/xstyle.md\/shop\/\"},{\"@type\":\"ListItem\",\"position\":3,\"name\":\"\u041a\u0440\u044b\u0448\u043a\u0430 \u0447\u0443\u0433\u0443\u043d\u043d\u0430\u044f Syton EM 260 mm\"}]},{\"@type\":\"WebSite\",\"@id\":\"https:\/\/xstyle.md\/#website\",\"url\":\"https:\/\/xstyle.md\/\",\"name\":\"\u041c\u0430\u0433\u0430\u0437\u0438\u043d Xstyle\",\"description\":\"C\u043d\u0430\u0440\u044f\u0436\u0435\u043d\u0438\u0435 \u0434\u043b\u044f \u0442\u0443\u0440\u0438\u0437\u043c\u0430 \u0438 \u044d\u043a\u0441\u0442\u0440\u0435\u043c\u0430\u043b\u044c\u043d\u044b\u0445 \u0432\u0438\u0434\u043e\u0432 \u0441\u043f\u043e\u0440\u0442\u0430 \u0432 \u041c\u043e\u043b\u0434\u043e\u0432\u0435.. \u0426\u0435\u043d\u044b, \u0444\u043e\u0442\u043e, \u0445\u0430\u0440\u0430\u043a\u0442\u0435\u0440\u0438\u0441\u0442\u0438\u043a\u0438 \u0432 \u041c\u043e\u043b\u0434\u043e\u0432\u0435.\",\"publisher\":{\"@id\":\"https:\/\/xstyle.md\/#organization\"},\"alternateName\":\"X-Style\",\"potentialAction\":[{\"@type\":\"SearchAction\",\"target\":{\"@type\":\"EntryPoint\",\"urlTemplate\":\"https:\/\/xstyle.md\/?s={search_term_string}\"},\"query-input\":{\"@type\":\"PropertyValueSpecification\",\"valueRequired\":true,\"valueName\":\"search_term_string\"}}],\"inLanguage\":\"ro-RO\"},{\"@type\":\"Organization\",\"@id\":\"https:\/\/xstyle.md\/#organization\",\"name\":\"\u041c\u0430\u0433\u0430\u0437\u0438\u043d Xstyle\",\"alternateName\":\"x-style\",\"url\":\"https:\/\/xstyle.md\/\",\"logo\":{\"@type\":\"ImageObject\",\"inLanguage\":\"ro-RO\",\"@id\":\"https:\/\/xstyle.md\/#\/schema\/logo\/image\/\",\"url\":\"https:\/\/xstyle.md\/wp-content\/uploads\/2020\/06\/logoicon.svg\",\"contentUrl\":\"https:\/\/xstyle.md\/wp-content\/uploads\/2020\/06\/logoicon.svg\",\"caption\":\"\u041c\u0430\u0433\u0430\u0437\u0438\u043d Xstyle\"},\"image\":{\"@id\":\"https:\/\/xstyle.md\/#\/schema\/logo\/image\/\"},\"sameAs\":[\"https:\/\/www.facebook.com\/xstylemd\",\"https:\/\/www.instagram.com\/xstyle_md\/\",\"https:\/\/t.me\/xstyle_outdoor\"],\"hasMerchantReturnPolicy\":{\"@type\":\"MerchantReturnPolicy\",\"merchantReturnLink\":\"https:\/\/xstyle.md\/ro\/conditions\/\"}}]}<\/script>\n<meta property=\"product:price:amount\" content=\"495.00\" \/>\n<meta property=\"product:price:currency\" content=\"MDL\" \/>\n<meta property=\"og:availability\" content=\"out of stock\" \/>\n<meta property=\"product:availability\" content=\"out of stock\" \/>\n<meta property=\"product:retailer_item_id\" content=\"2000990051806\" \/>\n<meta property=\"product:condition\" content=\"new\" \/>\n<!-- \/ Yoast SEO plugin. -->","yoast_head_json":{"title":"Capac din font\u0103 EM Syton 260 mm - Magazin Xstyle","description":"Capac din font\u0103 Syton, 260 mm, cu finisaj mat de smal\u021b \u0219i m\u00e2nere deta\u0219abile. Ideal pentru utilizarea pe termen lung \u0219i \u00eenc\u0103lzirea uniform\u0103 a alimentelor.","robots":{"index":"index","follow":"follow","max-snippet":"max-snippet:-1","max-image-preview":"max-image-preview:large","max-video-preview":"max-video-preview:-1"},"canonical":"https:\/\/xstyle.md\/ro\/produs\/kryshka-chugunaja-syton-em-260-mm\/","og_locale":"ro_RO","og_type":"article","og_title":"\u041a\u0440\u044b\u0448\u043a\u0430 \u0447\u0443\u0433\u0443\u043d\u043d\u0430\u044f Syton EM 260 mm - \u041c\u0430\u0433\u0430\u0437\u0438\u043d Xstyle","og_description":"\u041a\u0440\u044b\u0448\u043a\u0430 \u0447\u0443\u0433\u0443\u043d\u043d\u0430\u044f Syton 260 \u043c\u043c \u0441 \u043c\u0430\u0442\u043e\u0432\u044b\u043c \u044d\u043c\u0430\u043b\u0435\u0432\u044b\u043c \u043f\u043e\u043a\u0440\u044b\u0442\u0438\u0435\u043c \u0438 \u0441\u044a\u0435\u043c\u043d\u043e\u0439 \u0440\u0443\u0447\u043a\u043e\u0439. \u0418\u0434\u0435\u0430\u043b\u044c\u043d\u0430 \u0434\u043b\u044f \u0434\u043e\u043b\u0433\u043e\u0432\u0440\u0435\u043c\u0435\u043d\u043d\u043e\u0433\u043e \u0438\u0441\u043f\u043e\u043b\u044c\u0437\u043e\u0432\u0430\u043d\u0438\u044f \u0438 \u0440\u0430\u0432\u043d\u043e\u043c\u0435\u0440\u043d\u043e\u0433\u043e \u043f\u0440\u043e\u0433\u0440\u0435\u0432\u0430 \u043f\u0438\u0449\u0438.","og_url":"https:\/\/xstyle.md\/ro\/produs\/kryshka-chugunaja-syton-em-260-mm\/","og_site_name":"\u041c\u0430\u0433\u0430\u0437\u0438\u043d Xstyle","article_publisher":"https:\/\/www.facebook.com\/xstylemd","article_modified_time":"2025-03-29T18:33:18+00:00","og_image":[{"width":500,"height":500,"url":"https:\/\/xstyle.md\/wp-content\/uploads\/2021\/06\/syton-260-0.jpg","type":"image\/jpeg"}],"twitter_card":"summary_large_image","twitter_misc":{"Pre\u021b":"495&nbsp;MDL","Disponibilitate":"Stoc epuizat"},"schema":{"@context":"https:\/\/schema.org","@graph":[{"@type":"WebPage","@id":"https:\/\/xstyle.md\/product\/kryshka-chugunaja-syton-em-260-mm\/","url":"https:\/\/xstyle.md\/product\/kryshka-chugunaja-syton-em-260-mm\/","name":"Capac din font\u0103 EM Syton 260 mm - Magazin Xstyle","isPartOf":{"@id":"https:\/\/xstyle.md\/#website"},"primaryImageOfPage":{"@id":"https:\/\/xstyle.md\/product\/kryshka-chugunaja-syton-em-260-mm\/#primaryimage"},"image":{"@id":"https:\/\/xstyle.md\/product\/kryshka-chugunaja-syton-em-260-mm\/#primaryimage"},"thumbnailUrl":"https:\/\/xstyle.md\/wp-content\/uploads\/2021\/06\/syton-260-0.jpg","datePublished":"2021-06-28T14:13:05+00:00","dateModified":"2025-03-29T18:33:18+00:00","description":"Capac din font\u0103 Syton, 260 mm, cu finisaj mat de smal\u021b \u0219i m\u00e2nere deta\u0219abile. Ideal pentru utilizarea pe termen lung \u0219i \u00eenc\u0103lzirea uniform\u0103 a alimentelor.","breadcrumb":{"@id":"https:\/\/xstyle.md\/product\/kryshka-chugunaja-syton-em-260-mm\/#breadcrumb"},"inLanguage":"ro-RO","potentialAction":[{"@type":"ReadAction","target":["https:\/\/xstyle.md\/product\/kryshka-chugunaja-syton-em-260-mm\/"]}]},{"@type":"ImageObject","inLanguage":"ro-RO","@id":"https:\/\/xstyle.md\/product\/kryshka-chugunaja-syton-em-260-mm\/#primaryimage","url":"https:\/\/xstyle.md\/wp-content\/uploads\/2021\/06\/syton-260-0.jpg","contentUrl":"https:\/\/xstyle.md\/wp-content\/uploads\/2021\/06\/syton-260-0.jpg","width":500,"height":500,"caption":"\u0427\u0443\u0433\u0443\u043d\u043d\u0430\u044f \u043a\u0440\u044b\u0448\u043a\u0430 Syton EM 260 \u043c\u043c \u0434\u043b\u044f \u0430\u043a\u0442\u0438\u0432\u043d\u043e\u0433\u043e \u043e\u0442\u0434\u044b\u0445\u0430, \u043f\u043e\u0445\u043e\u0434\u043e\u0432 \u0438 \u043f\u0443\u0442\u0435\u0448\u0435\u0441\u0442\u0432\u0438\u0439 - \u0441\u043f\u043e\u0440\u0442\u0438\u0432\u043d\u0430\u044f \u043e\u0434\u0435\u0436\u0434\u0430 \u043e\u0431\u0443\u0432\u044c \u0441\u043d\u0430\u0440\u044f\u0436\u0435\u043d\u0438\u0435 \u0434\u043b\u044f \u0442\u0443\u0440\u0438\u0437\u043c\u0430 \u0438 \u0430\u043b\u044c\u043f\u0438\u043d\u0438\u0437\u043c\u0430"},{"@type":"BreadcrumbList","@id":"https:\/\/xstyle.md\/product\/kryshka-chugunaja-syton-em-260-mm\/#breadcrumb","itemListElement":[{"@type":"ListItem","position":1,"name":"\u0413\u043b\u0430\u0432\u043d\u0430\u044f \u0441\u0442\u0440\u0430\u043d\u0438\u0446\u0430","item":"https:\/\/xstyle.md\/"},{"@type":"ListItem","position":2,"name":"\u041c\u0430\u0433\u0430\u0437\u0438\u043d","item":"https:\/\/xstyle.md\/shop\/"},{"@type":"ListItem","position":3,"name":"\u041a\u0440\u044b\u0448\u043a\u0430 \u0447\u0443\u0433\u0443\u043d\u043d\u0430\u044f Syton EM 260 mm"}]},{"@type":"WebSite","@id":"https:\/\/xstyle.md\/#website","url":"https:\/\/xstyle.md\/","name":"Magazinul X-Style","description":"Echipamente pentru turism \u0219i sporturi extreme \u00een Moldova. Pre\u021buri, fotografii, caracteristici \u00een Moldova.","publisher":{"@id":"https:\/\/xstyle.md\/#organization"},"alternateName":"X-Style","potentialAction":[{"@type":"SearchAction","target":{"@type":"EntryPoint","urlTemplate":"https:\/\/xstyle.md\/?s={search_term_string}"},"query-input":{"@type":"PropertyValueSpecification","valueRequired":true,"valueName":"search_term_string"}}],"inLanguage":"ro-RO"},{"@type":"Organization","@id":"https:\/\/xstyle.md\/#organization","name":"Magazinul X-Style","alternateName":"x-style","url":"https:\/\/xstyle.md\/","logo":{"@type":"ImageObject","inLanguage":"ro-RO","@id":"https:\/\/xstyle.md\/#\/schema\/logo\/image\/","url":"https:\/\/xstyle.md\/wp-content\/uploads\/2020\/06\/logoicon.svg","contentUrl":"https:\/\/xstyle.md\/wp-content\/uploads\/2020\/06\/logoicon.svg","caption":"\u041c\u0430\u0433\u0430\u0437\u0438\u043d Xstyle"},"image":{"@id":"https:\/\/xstyle.md\/#\/schema\/logo\/image\/"},"sameAs":["https:\/\/www.facebook.com\/xstylemd","https:\/\/www.instagram.com\/xstyle_md\/","https:\/\/t.me\/xstyle_outdoor"],"hasMerchantReturnPolicy":{"@type":"MerchantReturnPolicy","merchantReturnLink":"https:\/\/xstyle.md\/ro\/conditions\/"}}]},"product_price_amount":"495.00","product_price_currency":"MDL","og_availability":"out of stock","product_availability":"out of stock","product_retailer_item_id":"2000990051806","product_condition":"new"},"post_mailing_queue_ids":[],"_links":{"self":[{"href":"https:\/\/xstyle.md\/ro\/wp-json\/wp\/v2\/product\/36574","targetHints":{"allow":["GET"]}}],"collection":[{"href":"https:\/\/xstyle.md\/ro\/wp-json\/wp\/v2\/product"}],"about":[{"href":"https:\/\/xstyle.md\/ro\/wp-json\/wp\/v2\/types\/product"}],"replies":[{"embeddable":true,"href":"https:\/\/xstyle.md\/ro\/wp-json\/wp\/v2\/comments?post=36574"}],"wp:featuredmedia":[{"embeddable":true,"href":"https:\/\/xstyle.md\/ro\/wp-json\/wp\/v2\/media\/75132"}],"wp:attachment":[{"href":"https:\/\/xstyle.md\/ro\/wp-json\/wp\/v2\/media?parent=36574"}],"wp:term":[{"taxonomy":"product_brand","embeddable":true,"href":"https:\/\/xstyle.md\/ro\/wp-json\/wp\/v2\/product_brand?post=36574"},{"taxonomy":"product_cat","embeddable":true,"href":"https:\/\/xstyle.md\/ro\/wp-json\/wp\/v2\/product_cat?post=36574"},{"taxonomy":"product_tag","embeddable":true,"href":"https:\/\/xstyle.md\/ro\/wp-json\/wp\/v2\/product_tag?post=36574"}],"curies":[{"name":"wp","href":"https:\/\/api.w.org\/{rel}","templated":true}]}}