{"id":36560,"date":"2021-06-28T17:13:01","date_gmt":"2021-06-28T14:13:01","guid":{"rendered":"https:\/\/xstyle.md\/?post_type=product&#038;p=36560"},"modified":"2025-02-06T13:43:56","modified_gmt":"2025-02-06T10:43:56","slug":"skovoroda-gril-cadac-grill2braai-914528","status":"publish","type":"product","link":"https:\/\/xstyle.md\/ro\/produs\/skovoroda-gril-cadac-grill2braai-914528\/","title":{"rendered":"Tigaie grill Cadac Grill2Braai 914528"},"content":{"rendered":"<\/p>\n<p><strong>Cadac Grill2Braai 914528<\/strong> &#8212; tigaie pentru gr\u0103tar cu \u00eenveli\u0219 ceramic antiaderent realizat din materiale organice care nu con\u021bin substan\u021be toxice \u0219i care rezist\u0103 la temperaturi de p\u00e2n\u0103 la 400\u00b0C. O jum\u0103tate cu nervuri \u0219i o jum\u0103tate plat\u0103 v\u0103 permit s\u0103 combina\u021bi op\u021biunile de g\u0103tit. De exemplu, pe\u0219tele, carnea, puiul sau legumele pot fi pr\u0103jite pe o parte pe partea cu nervuri \u0219i cl\u0103tite, ou\u0103 \u0219i \u0219unc\u0103 sau fripturi pe cealalt\u0103 parte.<\/p>\n<h3>Particularit\u0103\u021bi<\/h3>\n<ul>\n<li>Acoperirea ceramic\u0103 este realizat\u0103 din materiale organice<\/li>\n<li>Suprafa\u021ba antiaderent\u0103 este neaderent\u0103 \u0219i u\u0219or de cur\u0103\u021bat cu s\u0103pun, ap\u0103 cald\u0103 \u0219i un burete.<\/li>\n<li>Geant\u0103 de transport inclus\u0103<\/li>\n<\/ul>\n<h3>Caracteristici<\/h3>\n<ul>\n<li>Dimensiuni &#8212; 63 x 63 x 73 cm<\/li>\n<li>Greutate &#8212; 2 kg<\/li>\n<\/ul>\n<h3>Caracteristicile produselor Cadac<\/h3>\n<ul>\n<li>T\u0103vile de copt Cadac sunt mult mai durabile dec\u00e2t straturile antiaderente conven\u021bionale. Acestea pot rezista la temperaturi mai ridicate, distribuie mai bine c\u0103ldura \u0219i re\u021bin aceast\u0103 c\u0103ldur\u0103, astfel \u00eenc\u00e2t gr\u0103tarul dvs. va folosi mai pu\u021bin gaz.<\/li>\n<li>Suprafe\u021bele de g\u0103tit \u0219i t\u0103vile de copt sunt fabricate din materiale organice \u0219i nu con\u021bin substan\u021be toxice.<\/li>\n<li>Gr\u0103tarele Cadac sunt u\u0219or de cur\u0103\u021bat folosi\u021bi un burete \u0219i pu\u021bin\u0103 ap\u0103 \u0219i detergent.<\/li>\n<li>Gr\u0103tarele au un bol principal emailat care poate fi \u00eendep\u0103rtat \u0219i sp\u0103lat cu u\u0219urin\u021b\u0103.<\/li>\n<li>Produsele Cadac sunt cunoscute pentru \u201eSistemul modular\u201d; gr\u0103tarele pot fi folosite cu multe panouri, t\u0103vi de copt \u0219i tig\u0103i diferite.<\/li>\n<li>Asamblare rapid\u0103 Gr\u0103tarul este gata de utilizare \u00eentr-un minut, f\u0103r\u0103 niciun instrument.<\/li>\n<li>Folosi\u021bi un Cadac \u0219i ve\u021bi economisi timp pentru a v\u0103 bucura de via\u021b\u0103 \u00een stil Braai!<\/li>\n<\/ul>\n<p><\/p>","protected":false},"excerpt":{"rendered":"<p>Tigaie grill Cadac Grill2Braai 914528<\/p>","protected":false},"featured_media":36950,"comment_status":"open","ping_status":"closed","template":"","meta":{"_acf_changed":false,"inline_featured_image":false},"product_brand":[1418],"product_cat":[915],"product_tag":[],"class_list":{"0":"post-36560","1":"product","2":"type-product","3":"status-publish","4":"has-post-thumbnail","6":"product_brand-cadac","7":"product_cat-accesorii-gratar","9":"first","10":"instock","11":"shipping-taxable","12":"purchasable","13":"product-type-simple"},"acf":[],"yoast_head":"<!-- This site is optimized with the Yoast SEO plugin v27.4 - https:\/\/yoast.com\/product\/yoast-seo-wordpress\/ -->\n<title>\u0421\u043a\u043e\u0432\u043e\u0440\u043e\u0434\u0430 \u0433\u0440\u0438\u043b\u044c Cadac Grill2Braai 914528 - \u041c\u0430\u0433\u0430\u0437\u0438\u043d Xstyle<\/title>\n<meta name=\"description\" content=\"\u0421\u043a\u043e\u0432\u043e\u0440\u043e\u0434\u0430 \u0433\u0440\u0438\u043b\u044c Cadac Grill2Braai 914528 \u0441 \u043a\u0435\u0440\u0430\u043c\u0438\u0447\u0435\u0441\u043a\u0438\u043c \u043f\u043e\u043a\u0440\u044b\u0442\u0438\u0435\u043c, \u0443\u0441\u0442\u043e\u0439\u0447\u0438\u0432\u044b\u043c \u0434\u043e 400\u00b0C. \u0418\u0434\u0435\u0430\u043b\u044c\u043d\u0430 \u0434\u043b\u044f \u043c\u044f\u0441\u0430, \u0440\u044b\u0431\u044b \u0438 \u043e\u0432\u043e\u0449\u0435\u0439. \u041f\u0440\u0438\u0433\u043e\u0442\u043e\u0432\u044c\u0442\u0435 \u0432\u043a\u0443\u0441\u043d\u0435\u0435!\" \/>\n<meta name=\"robots\" content=\"index, follow, max-snippet:-1, max-image-preview:large, max-video-preview:-1\" \/>\n<link rel=\"canonical\" href=\"https:\/\/xstyle.md\/ro\/produs\/skovoroda-gril-cadac-grill2braai-914528\/\" \/>\n<meta property=\"og:locale\" content=\"ro_RO\" \/>\n<meta property=\"og:type\" content=\"article\" \/>\n<meta property=\"og:title\" content=\"\u0421\u043a\u043e\u0432\u043e\u0440\u043e\u0434\u0430 \u0433\u0440\u0438\u043b\u044c Cadac Grill2Braai 914528 - \u041c\u0430\u0433\u0430\u0437\u0438\u043d Xstyle\" \/>\n<meta property=\"og:description\" content=\"\u0421\u043a\u043e\u0432\u043e\u0440\u043e\u0434\u0430 \u0433\u0440\u0438\u043b\u044c Cadac Grill2Braai 914528 \u0441 \u043a\u0435\u0440\u0430\u043c\u0438\u0447\u0435\u0441\u043a\u0438\u043c \u043f\u043e\u043a\u0440\u044b\u0442\u0438\u0435\u043c, \u0443\u0441\u0442\u043e\u0439\u0447\u0438\u0432\u044b\u043c \u0434\u043e 400\u00b0C. \u0418\u0434\u0435\u0430\u043b\u044c\u043d\u0430 \u0434\u043b\u044f \u043c\u044f\u0441\u0430, \u0440\u044b\u0431\u044b \u0438 \u043e\u0432\u043e\u0449\u0435\u0439. \u041f\u0440\u0438\u0433\u043e\u0442\u043e\u0432\u044c\u0442\u0435 \u0432\u043a\u0443\u0441\u043d\u0435\u0435!\" \/>\n<meta property=\"og:url\" content=\"https:\/\/xstyle.md\/ro\/produs\/skovoroda-gril-cadac-grill2braai-914528\/\" \/>\n<meta property=\"og:site_name\" content=\"\u041c\u0430\u0433\u0430\u0437\u0438\u043d Xstyle\" \/>\n<meta property=\"article:publisher\" content=\"https:\/\/www.facebook.com\/xstylemd\" \/>\n<meta property=\"article:modified_time\" content=\"2025-02-06T10:43:56+00:00\" \/>\n<meta property=\"og:image\" content=\"https:\/\/xstyle.md\/wp-content\/uploads\/2021\/06\/cadac-grill2braai-914528.jpg\" \/>\n\t<meta property=\"og:image:width\" content=\"700\" \/>\n\t<meta property=\"og:image:height\" content=\"700\" \/>\n\t<meta property=\"og:image:type\" content=\"image\/jpeg\" \/>\n<meta name=\"twitter:card\" content=\"summary_large_image\" \/>\n<meta name=\"twitter:label1\" content=\"Pre\u021b\" \/>\n\t<meta name=\"twitter:data1\" content=\"1.730&nbsp;MDL\" \/>\n\t<meta name=\"twitter:label2\" content=\"Disponibilitate\" \/>\n\t<meta name=\"twitter:data2\" content=\"\u00cen stoc\" \/>\n<script type=\"application\/ld+json\" class=\"yoast-schema-graph\">{\"@context\":\"https:\\\/\\\/schema.org\",\"@graph\":[{\"@type\":\"WebPage\",\"@id\":\"https:\\\/\\\/xstyle.md\\\/product\\\/skovoroda-gril-cadac-grill2braai-914528\\\/\",\"url\":\"https:\\\/\\\/xstyle.md\\\/product\\\/skovoroda-gril-cadac-grill2braai-914528\\\/\",\"name\":\"\u0421\u043a\u043e\u0432\u043e\u0440\u043e\u0434\u0430 \u0433\u0440\u0438\u043b\u044c Cadac Grill2Braai 914528 - \u041c\u0430\u0433\u0430\u0437\u0438\u043d Xstyle\",\"isPartOf\":{\"@id\":\"https:\\\/\\\/xstyle.md\\\/#website\"},\"primaryImageOfPage\":{\"@id\":\"https:\\\/\\\/xstyle.md\\\/product\\\/skovoroda-gril-cadac-grill2braai-914528\\\/#primaryimage\"},\"image\":{\"@id\":\"https:\\\/\\\/xstyle.md\\\/product\\\/skovoroda-gril-cadac-grill2braai-914528\\\/#primaryimage\"},\"thumbnailUrl\":\"https:\\\/\\\/xstyle.md\\\/wp-content\\\/uploads\\\/2021\\\/06\\\/cadac-grill2braai-914528.jpg\",\"datePublished\":\"2021-06-28T14:13:01+00:00\",\"dateModified\":\"2025-02-06T10:43:56+00:00\",\"description\":\"\u0421\u043a\u043e\u0432\u043e\u0440\u043e\u0434\u0430 \u0433\u0440\u0438\u043b\u044c Cadac Grill2Braai 914528 \u0441 \u043a\u0435\u0440\u0430\u043c\u0438\u0447\u0435\u0441\u043a\u0438\u043c \u043f\u043e\u043a\u0440\u044b\u0442\u0438\u0435\u043c, \u0443\u0441\u0442\u043e\u0439\u0447\u0438\u0432\u044b\u043c \u0434\u043e 400\u00b0C. \u0418\u0434\u0435\u0430\u043b\u044c\u043d\u0430 \u0434\u043b\u044f \u043c\u044f\u0441\u0430, \u0440\u044b\u0431\u044b \u0438 \u043e\u0432\u043e\u0449\u0435\u0439. \u041f\u0440\u0438\u0433\u043e\u0442\u043e\u0432\u044c\u0442\u0435 \u0432\u043a\u0443\u0441\u043d\u0435\u0435!\",\"breadcrumb\":{\"@id\":\"https:\\\/\\\/xstyle.md\\\/product\\\/skovoroda-gril-cadac-grill2braai-914528\\\/#breadcrumb\"},\"inLanguage\":\"ro-RO\",\"potentialAction\":[{\"@type\":\"ReadAction\",\"target\":[\"https:\\\/\\\/xstyle.md\\\/product\\\/skovoroda-gril-cadac-grill2braai-914528\\\/\"]}]},{\"@type\":\"ImageObject\",\"inLanguage\":\"ro-RO\",\"@id\":\"https:\\\/\\\/xstyle.md\\\/product\\\/skovoroda-gril-cadac-grill2braai-914528\\\/#primaryimage\",\"url\":\"https:\\\/\\\/xstyle.md\\\/wp-content\\\/uploads\\\/2021\\\/06\\\/cadac-grill2braai-914528.jpg\",\"contentUrl\":\"https:\\\/\\\/xstyle.md\\\/wp-content\\\/uploads\\\/2021\\\/06\\\/cadac-grill2braai-914528.jpg\",\"width\":700,\"height\":700,\"caption\":\"\u041c\u0438\u043d\u0438\u0430\u0442\u044e\u0440\u0430 \u0441\u043a\u043e\u0432\u043e\u0440\u043e\u0434\u044b \u0433\u0440\u0438\u043b\u044c Cadac Grill2Braai \u0434\u043b\u044f \u0430\u043a\u0442\u0438\u0432\u043d\u043e\u0433\u043e \u043e\u0442\u0434\u044b\u0445\u0430, \u043f\u043e\u0445\u043e\u0434\u043e\u0432 \u0438 \u043f\u0443\u0442\u0435\u0448\u0435\u0441\u0442\u0432\u0438\u0439 \u2014 \u044d\u043a\u0438\u043f\u0438\u0440\u043e\u0432\u043a\u0430 \u0434\u043b\u044f \u043f\u0443\u0442\u0435\u0448\u0435\u0441\u0442\u0432\u0435\u043d\u043d\u0438\u043a\u043e\u0432 \u0438 \u043b\u044e\u0431\u0438\u0442\u0435\u043b\u0435\u0439 \u0430\u043a\u0442\u0438\u0432\u043d\u043e\u0433\u043e \u043e\u0431\u0440\u0430\u0437\u0430 \u0436\u0438\u0437\u043d\u0438, \u043e\u0434\u0435\u0436\u0434\u0430 \u0438 \u043e\u0431\u0443\u0432\u044c \u0434\u043b\u044f \u043f\u043e\u0445\u043e\u0434\u043e\u0432 \u0438 \u0433\u043e\u0440\u043d\u044b\u0445 \u043f\u043e\u0445\u043e\u0434\u043e\u0432\"},{\"@type\":\"BreadcrumbList\",\"@id\":\"https:\\\/\\\/xstyle.md\\\/product\\\/skovoroda-gril-cadac-grill2braai-914528\\\/#breadcrumb\",\"itemListElement\":[{\"@type\":\"ListItem\",\"position\":1,\"name\":\"\u0413\u043b\u0430\u0432\u043d\u0430\u044f \u0441\u0442\u0440\u0430\u043d\u0438\u0446\u0430\",\"item\":\"https:\\\/\\\/xstyle.md\\\/\"},{\"@type\":\"ListItem\",\"position\":2,\"name\":\"\u041c\u0430\u0433\u0430\u0437\u0438\u043d\",\"item\":\"https:\\\/\\\/xstyle.md\\\/shop\\\/\"},{\"@type\":\"ListItem\",\"position\":3,\"name\":\"\u0421\u043a\u043e\u0432\u043e\u0440\u043e\u0434\u0430 \u0433\u0440\u0438\u043b\u044c Cadac Grill2Braai 914528\"}]},{\"@type\":\"WebSite\",\"@id\":\"https:\\\/\\\/xstyle.md\\\/#website\",\"url\":\"https:\\\/\\\/xstyle.md\\\/\",\"name\":\"\u041c\u0430\u0433\u0430\u0437\u0438\u043d Xstyle\",\"description\":\"C\u043d\u0430\u0440\u044f\u0436\u0435\u043d\u0438\u0435 \u0434\u043b\u044f \u0442\u0443\u0440\u0438\u0437\u043c\u0430 \u0438 \u044d\u043a\u0441\u0442\u0440\u0435\u043c\u0430\u043b\u044c\u043d\u044b\u0445 \u0432\u0438\u0434\u043e\u0432 \u0441\u043f\u043e\u0440\u0442\u0430 \u0432 \u041c\u043e\u043b\u0434\u043e\u0432\u0435.. \u0426\u0435\u043d\u044b, \u0444\u043e\u0442\u043e, \u0445\u0430\u0440\u0430\u043a\u0442\u0435\u0440\u0438\u0441\u0442\u0438\u043a\u0438 \u0432 \u041c\u043e\u043b\u0434\u043e\u0432\u0435.\",\"publisher\":{\"@id\":\"https:\\\/\\\/xstyle.md\\\/#organization\"},\"alternateName\":\"X-Style\",\"potentialAction\":[{\"@type\":\"SearchAction\",\"target\":{\"@type\":\"EntryPoint\",\"urlTemplate\":\"https:\\\/\\\/xstyle.md\\\/?s={search_term_string}\"},\"query-input\":{\"@type\":\"PropertyValueSpecification\",\"valueRequired\":true,\"valueName\":\"search_term_string\"}}],\"inLanguage\":\"ro-RO\"},{\"@type\":\"Organization\",\"@id\":\"https:\\\/\\\/xstyle.md\\\/#organization\",\"name\":\"\u041c\u0430\u0433\u0430\u0437\u0438\u043d Xstyle\",\"alternateName\":\"x-style\",\"url\":\"https:\\\/\\\/xstyle.md\\\/\",\"logo\":{\"@type\":\"ImageObject\",\"inLanguage\":\"ro-RO\",\"@id\":\"https:\\\/\\\/xstyle.md\\\/#\\\/schema\\\/logo\\\/image\\\/\",\"url\":\"https:\\\/\\\/xstyle.md\\\/wp-content\\\/uploads\\\/2020\\\/06\\\/logoicon.svg\",\"contentUrl\":\"https:\\\/\\\/xstyle.md\\\/wp-content\\\/uploads\\\/2020\\\/06\\\/logoicon.svg\",\"caption\":\"\u041c\u0430\u0433\u0430\u0437\u0438\u043d Xstyle\"},\"image\":{\"@id\":\"https:\\\/\\\/xstyle.md\\\/#\\\/schema\\\/logo\\\/image\\\/\"},\"sameAs\":[\"https:\\\/\\\/www.facebook.com\\\/xstylemd\",\"https:\\\/\\\/www.instagram.com\\\/xstyle_md\\\/\",\"https:\\\/\\\/t.me\\\/xstyle_outdoor\"],\"hasMerchantReturnPolicy\":{\"@type\":\"MerchantReturnPolicy\",\"merchantReturnLink\":\"https:\\\/\\\/xstyle.md\\\/ro\\\/conditions\\\/\"}}]}<\/script>\n<meta property=\"product:price:amount\" content=\"1730.00\" \/>\n<meta property=\"product:price:currency\" content=\"MDL\" \/>\n<meta property=\"og:availability\" content=\"instock\" \/>\n<meta property=\"product:availability\" content=\"instock\" \/>\n<meta property=\"product:retailer_item_id\" content=\"6001773104135\" \/>\n<meta property=\"product:condition\" content=\"new\" \/>\n<!-- \/ Yoast SEO plugin. -->","yoast_head_json":{"title":"Tigaie grill Cadac Grill2Braai 914528 - Magazin Xstyle","description":"Gr\u0103tarul Cadac Grill2Braai 914528 cu un strat ceramic rezistent p\u00e2n\u0103 la 400\u00b0C. Ideal pentru carne, pe\u0219te \u0219i legume. G\u0103ti\u021bi mai gustos!","robots":{"index":"index","follow":"follow","max-snippet":"max-snippet:-1","max-image-preview":"max-image-preview:large","max-video-preview":"max-video-preview:-1"},"canonical":"https:\/\/xstyle.md\/ro\/produs\/skovoroda-gril-cadac-grill2braai-914528\/","og_locale":"ro_RO","og_type":"article","og_title":"\u0421\u043a\u043e\u0432\u043e\u0440\u043e\u0434\u0430 \u0433\u0440\u0438\u043b\u044c Cadac Grill2Braai 914528 - \u041c\u0430\u0433\u0430\u0437\u0438\u043d Xstyle","og_description":"\u0421\u043a\u043e\u0432\u043e\u0440\u043e\u0434\u0430 \u0433\u0440\u0438\u043b\u044c Cadac Grill2Braai 914528 \u0441 \u043a\u0435\u0440\u0430\u043c\u0438\u0447\u0435\u0441\u043a\u0438\u043c \u043f\u043e\u043a\u0440\u044b\u0442\u0438\u0435\u043c, \u0443\u0441\u0442\u043e\u0439\u0447\u0438\u0432\u044b\u043c \u0434\u043e 400\u00b0C. \u0418\u0434\u0435\u0430\u043b\u044c\u043d\u0430 \u0434\u043b\u044f \u043c\u044f\u0441\u0430, \u0440\u044b\u0431\u044b \u0438 \u043e\u0432\u043e\u0449\u0435\u0439. \u041f\u0440\u0438\u0433\u043e\u0442\u043e\u0432\u044c\u0442\u0435 \u0432\u043a\u0443\u0441\u043d\u0435\u0435!","og_url":"https:\/\/xstyle.md\/ro\/produs\/skovoroda-gril-cadac-grill2braai-914528\/","og_site_name":"\u041c\u0430\u0433\u0430\u0437\u0438\u043d Xstyle","article_publisher":"https:\/\/www.facebook.com\/xstylemd","article_modified_time":"2025-02-06T10:43:56+00:00","og_image":[{"width":700,"height":700,"url":"https:\/\/xstyle.md\/wp-content\/uploads\/2021\/06\/cadac-grill2braai-914528.jpg","type":"image\/jpeg"}],"twitter_card":"summary_large_image","twitter_misc":{"Pre\u021b":"1.730&nbsp;MDL","Disponibilitate":"\u00cen stoc"},"schema":{"@context":"https:\/\/schema.org","@graph":[{"@type":"WebPage","@id":"https:\/\/xstyle.md\/product\/skovoroda-gril-cadac-grill2braai-914528\/","url":"https:\/\/xstyle.md\/product\/skovoroda-gril-cadac-grill2braai-914528\/","name":"Tigaie grill Cadac Grill2Braai 914528 - Magazin Xstyle","isPartOf":{"@id":"https:\/\/xstyle.md\/#website"},"primaryImageOfPage":{"@id":"https:\/\/xstyle.md\/product\/skovoroda-gril-cadac-grill2braai-914528\/#primaryimage"},"image":{"@id":"https:\/\/xstyle.md\/product\/skovoroda-gril-cadac-grill2braai-914528\/#primaryimage"},"thumbnailUrl":"https:\/\/xstyle.md\/wp-content\/uploads\/2021\/06\/cadac-grill2braai-914528.jpg","datePublished":"2021-06-28T14:13:01+00:00","dateModified":"2025-02-06T10:43:56+00:00","description":"Gr\u0103tarul Cadac Grill2Braai 914528 cu un strat ceramic rezistent p\u00e2n\u0103 la 400\u00b0C. Ideal pentru carne, pe\u0219te \u0219i legume. G\u0103ti\u021bi mai gustos!","breadcrumb":{"@id":"https:\/\/xstyle.md\/product\/skovoroda-gril-cadac-grill2braai-914528\/#breadcrumb"},"inLanguage":"ro-RO","potentialAction":[{"@type":"ReadAction","target":["https:\/\/xstyle.md\/product\/skovoroda-gril-cadac-grill2braai-914528\/"]}]},{"@type":"ImageObject","inLanguage":"ro-RO","@id":"https:\/\/xstyle.md\/product\/skovoroda-gril-cadac-grill2braai-914528\/#primaryimage","url":"https:\/\/xstyle.md\/wp-content\/uploads\/2021\/06\/cadac-grill2braai-914528.jpg","contentUrl":"https:\/\/xstyle.md\/wp-content\/uploads\/2021\/06\/cadac-grill2braai-914528.jpg","width":700,"height":700,"caption":"\u041c\u0438\u043d\u0438\u0430\u0442\u044e\u0440\u0430 \u0441\u043a\u043e\u0432\u043e\u0440\u043e\u0434\u044b \u0433\u0440\u0438\u043b\u044c Cadac Grill2Braai \u0434\u043b\u044f \u0430\u043a\u0442\u0438\u0432\u043d\u043e\u0433\u043e \u043e\u0442\u0434\u044b\u0445\u0430, \u043f\u043e\u0445\u043e\u0434\u043e\u0432 \u0438 \u043f\u0443\u0442\u0435\u0448\u0435\u0441\u0442\u0432\u0438\u0439 \u2014 \u044d\u043a\u0438\u043f\u0438\u0440\u043e\u0432\u043a\u0430 \u0434\u043b\u044f \u043f\u0443\u0442\u0435\u0448\u0435\u0441\u0442\u0432\u0435\u043d\u043d\u0438\u043a\u043e\u0432 \u0438 \u043b\u044e\u0431\u0438\u0442\u0435\u043b\u0435\u0439 \u0430\u043a\u0442\u0438\u0432\u043d\u043e\u0433\u043e \u043e\u0431\u0440\u0430\u0437\u0430 \u0436\u0438\u0437\u043d\u0438, \u043e\u0434\u0435\u0436\u0434\u0430 \u0438 \u043e\u0431\u0443\u0432\u044c \u0434\u043b\u044f \u043f\u043e\u0445\u043e\u0434\u043e\u0432 \u0438 \u0433\u043e\u0440\u043d\u044b\u0445 \u043f\u043e\u0445\u043e\u0434\u043e\u0432"},{"@type":"BreadcrumbList","@id":"https:\/\/xstyle.md\/product\/skovoroda-gril-cadac-grill2braai-914528\/#breadcrumb","itemListElement":[{"@type":"ListItem","position":1,"name":"\u0413\u043b\u0430\u0432\u043d\u0430\u044f \u0441\u0442\u0440\u0430\u043d\u0438\u0446\u0430","item":"https:\/\/xstyle.md\/"},{"@type":"ListItem","position":2,"name":"\u041c\u0430\u0433\u0430\u0437\u0438\u043d","item":"https:\/\/xstyle.md\/shop\/"},{"@type":"ListItem","position":3,"name":"\u0421\u043a\u043e\u0432\u043e\u0440\u043e\u0434\u0430 \u0433\u0440\u0438\u043b\u044c Cadac Grill2Braai 914528"}]},{"@type":"WebSite","@id":"https:\/\/xstyle.md\/#website","url":"https:\/\/xstyle.md\/","name":"Magazinul X-Style","description":"Echipamente pentru turism \u0219i sporturi extreme \u00een Moldova. Pre\u021buri, fotografii, caracteristici \u00een Moldova.","publisher":{"@id":"https:\/\/xstyle.md\/#organization"},"alternateName":"X-Style","potentialAction":[{"@type":"SearchAction","target":{"@type":"EntryPoint","urlTemplate":"https:\/\/xstyle.md\/?s={search_term_string}"},"query-input":{"@type":"PropertyValueSpecification","valueRequired":true,"valueName":"search_term_string"}}],"inLanguage":"ro-RO"},{"@type":"Organization","@id":"https:\/\/xstyle.md\/#organization","name":"Magazinul X-Style","alternateName":"x-style","url":"https:\/\/xstyle.md\/","logo":{"@type":"ImageObject","inLanguage":"ro-RO","@id":"https:\/\/xstyle.md\/#\/schema\/logo\/image\/","url":"https:\/\/xstyle.md\/wp-content\/uploads\/2020\/06\/logoicon.svg","contentUrl":"https:\/\/xstyle.md\/wp-content\/uploads\/2020\/06\/logoicon.svg","caption":"\u041c\u0430\u0433\u0430\u0437\u0438\u043d Xstyle"},"image":{"@id":"https:\/\/xstyle.md\/#\/schema\/logo\/image\/"},"sameAs":["https:\/\/www.facebook.com\/xstylemd","https:\/\/www.instagram.com\/xstyle_md\/","https:\/\/t.me\/xstyle_outdoor"],"hasMerchantReturnPolicy":{"@type":"MerchantReturnPolicy","merchantReturnLink":"https:\/\/xstyle.md\/ro\/conditions\/"}}]},"product_price_amount":"1730.00","product_price_currency":"MDL","og_availability":"instock","product_availability":"instock","product_retailer_item_id":"6001773104135","product_condition":"new"},"_links":{"self":[{"href":"https:\/\/xstyle.md\/ro\/wp-json\/wp\/v2\/product\/36560","targetHints":{"allow":["GET"]}}],"collection":[{"href":"https:\/\/xstyle.md\/ro\/wp-json\/wp\/v2\/product"}],"about":[{"href":"https:\/\/xstyle.md\/ro\/wp-json\/wp\/v2\/types\/product"}],"replies":[{"embeddable":true,"href":"https:\/\/xstyle.md\/ro\/wp-json\/wp\/v2\/comments?post=36560"}],"wp:featuredmedia":[{"embeddable":true,"href":"https:\/\/xstyle.md\/ro\/wp-json\/wp\/v2\/media\/36950"}],"wp:attachment":[{"href":"https:\/\/xstyle.md\/ro\/wp-json\/wp\/v2\/media?parent=36560"}],"wp:term":[{"taxonomy":"product_brand","embeddable":true,"href":"https:\/\/xstyle.md\/ro\/wp-json\/wp\/v2\/product_brand?post=36560"},{"taxonomy":"product_cat","embeddable":true,"href":"https:\/\/xstyle.md\/ro\/wp-json\/wp\/v2\/product_cat?post=36560"},{"taxonomy":"product_tag","embeddable":true,"href":"https:\/\/xstyle.md\/ro\/wp-json\/wp\/v2\/product_tag?post=36560"}],"curies":[{"name":"wp","href":"https:\/\/api.w.org\/{rel}","templated":true}]}}