{"id":36221,"date":"2021-06-23T13:49:12","date_gmt":"2021-06-23T10:49:12","guid":{"rendered":"https:\/\/xstyle.md\/?post_type=product&#038;p=36221"},"modified":"2026-03-19T16:45:18","modified_gmt":"2026-03-19T13:45:18","slug":"raskladnoj-stol-outwell-coledale-l","status":"publish","type":"product","link":"https:\/\/xstyle.md\/ro\/produs\/raskladnoj-stol-outwell-coledale-l\/","title":{"rendered":"Mas\u0103 pliant\u0103 Outwell Coledale L"},"content":{"rendered":"<\/p>\n<p><strong>Outwell Coledale L<\/strong> &#8212; o mas\u0103 pliabil\u0103, perfect\u0103 pentru activit\u0103\u021bile \u00een aer liber pentru familia extins\u0103. Cadrul din aluminiu face ca masa s\u0103 fie extrem de u\u0219oar\u0103 \u0219i confortabil in transportare.<\/p>\n<h3>Particularit\u0103\u021bi<\/h3>\n<ul>\n<li>Se deschide \u0219i se pliaz\u0103 \u00een c\u00e2teva secunde<\/li>\n<li>Nu sunt necesare alte unelte pentru asamblare<\/li>\n<li>U\u0219or \u0219i confortabil in transportare<\/li>\n<li>Mas\u0103 multifunc\u021bional\u0103.<\/li>\n<\/ul>\n<h3>Caracteristici<\/h3>\n<ul>\n<li>Material cadru &#8212; aluminiu<\/li>\n<li>Dimensiuni c\u00e2nd este desf\u0103\u0219urat\u0103 &#8212; 80 x 120 x 56\/72 cm<\/li>\n<li>Dimensiuni c\u00e2nd este pliat\u0103 &#8212; 80 x 60 x 9 cm<\/li>\n<li>Incarcare maxim\u0103 &#8212; 30 kg<\/li>\n<li>Greutate &#8212; 8,4 kg.<\/li>\n<\/ul>\n<h3>Marca<\/h3>\n<p>Compania danez\u0103 Outwell a fost \u00eenfiin\u021bat\u0103 \u00een 1984 cu scopul de a crea echipamente pentru activit\u0103\u021bi \u00een aer liber \u0219i turism. \u00cenc\u0103 de la \u00eenfiin\u021bare, compania \u0219i-a dezvoltat produsele pentru a r\u0103spunde nevoilor tot mai mari ale clien\u021bilor s\u0103i, concentr\u00e2ndu-se pe cele mai noi tehnologii outdoor. Toate produsele brandului au c\u00e2\u0219tigat \u00eencrederea la nivel mondial.<\/p>\n<p>Produsele Outwell pot fi caracterizate prin func\u021bionalitate, ergonomie, durabilitate, accesibilitate \u0219i calitate ridicat\u0103. Iar materiile prime ecologice utilizate \u00een produc\u021bie sunt sigure pentru s\u0103n\u0103tatea uman\u0103 \u0219i pentru mediu. Una dintre principalele zone de interes ale m\u0103rcii este campingul de familie. Speciali\u0219tii \u0219i designerii companiei sunt convin\u0219i c\u0103 nu exist\u0103 nimic mai pl\u0103cut dec\u00e2t odihna \u00een aer liber. Picnicurile \u0219i campingul sunt deosebit de pl\u0103cute pentru copii, dornici s\u0103 exploreze lumea, s\u0103 \u00eenve\u021be lucruri noi \u0219i s\u0103 \u00ee\u0219i extind\u0103 orizonturile.<\/p>\n<p><\/p>","protected":false},"excerpt":{"rendered":"<p>Mas\u0103 pliant\u0103 Outwell Coledale L<\/p>","protected":false},"featured_media":36430,"comment_status":"open","ping_status":"closed","template":"","meta":{"_acf_changed":false,"inline_featured_image":false},"product_brand":[1275],"product_cat":[119],"product_tag":[],"class_list":{"0":"post-36221","1":"product","2":"type-product","3":"status-publish","4":"has-post-thumbnail","6":"product_brand-outwell","7":"product_cat-folding-tables","9":"first","10":"instock","11":"shipping-taxable","12":"purchasable","13":"product-type-simple"},"acf":[],"yoast_head":"<!-- This site is optimized with the Yoast SEO plugin v27.4 - https:\/\/yoast.com\/product\/yoast-seo-wordpress\/ -->\n<title>\u0420\u0430\u0441\u043a\u043b\u0430\u0434\u043d\u043e\u0439 \u0441\u0442\u043e\u043b Outwell Coledale L - \u041c\u0430\u0433\u0430\u0437\u0438\u043d Xstyle<\/title>\n<meta name=\"description\" content=\"\u0420\u0430\u0441\u043a\u043b\u0430\u0434\u043d\u043e\u0439 \u0441\u0442\u043e\u043b Outwell Coledale L \u2014 \u0438\u0434\u0435\u0430\u043b\u044c\u043d\u044b\u0439 \u0432\u044b\u0431\u043e\u0440 \u0434\u043b\u044f \u0430\u043a\u0442\u0438\u0432\u043d\u043e\u0433\u043e \u043e\u0442\u0434\u044b\u0445\u0430 \u0441 \u0441\u0435\u043c\u044c\u0435\u0439. \u041b\u0435\u0433\u043a\u0438\u0439, \u043a\u043e\u043c\u043f\u0430\u043a\u0442\u043d\u044b\u0439 \u0438 \u0443\u0434\u043e\u0431\u043d\u044b\u0439 \u0432 \u0442\u0440\u0430\u043d\u0441\u043f\u043e\u0440\u0442\u0438\u0440\u043e\u0432\u043a\u0435. \u0423\u0437\u043d\u0430\u0439\u0442\u0435 \u0431\u043e\u043b\u044c\u0448\u0435!\" \/>\n<meta name=\"robots\" content=\"index, follow, max-snippet:-1, max-image-preview:large, max-video-preview:-1\" \/>\n<link rel=\"canonical\" href=\"https:\/\/xstyle.md\/ro\/produs\/raskladnoj-stol-outwell-coledale-l\/\" \/>\n<meta property=\"og:locale\" content=\"ro_RO\" \/>\n<meta property=\"og:type\" content=\"article\" \/>\n<meta property=\"og:title\" content=\"\u0420\u0430\u0441\u043a\u043b\u0430\u0434\u043d\u043e\u0439 \u0441\u0442\u043e\u043b Outwell Coledale L - \u041c\u0430\u0433\u0430\u0437\u0438\u043d Xstyle\" \/>\n<meta property=\"og:description\" content=\"\u0420\u0430\u0441\u043a\u043b\u0430\u0434\u043d\u043e\u0439 \u0441\u0442\u043e\u043b Outwell Coledale L \u2014 \u0438\u0434\u0435\u0430\u043b\u044c\u043d\u044b\u0439 \u0432\u044b\u0431\u043e\u0440 \u0434\u043b\u044f \u0430\u043a\u0442\u0438\u0432\u043d\u043e\u0433\u043e \u043e\u0442\u0434\u044b\u0445\u0430 \u0441 \u0441\u0435\u043c\u044c\u0435\u0439. \u041b\u0435\u0433\u043a\u0438\u0439, \u043a\u043e\u043c\u043f\u0430\u043a\u0442\u043d\u044b\u0439 \u0438 \u0443\u0434\u043e\u0431\u043d\u044b\u0439 \u0432 \u0442\u0440\u0430\u043d\u0441\u043f\u043e\u0440\u0442\u0438\u0440\u043e\u0432\u043a\u0435. \u0423\u0437\u043d\u0430\u0439\u0442\u0435 \u0431\u043e\u043b\u044c\u0448\u0435!\" \/>\n<meta property=\"og:url\" content=\"https:\/\/xstyle.md\/ro\/produs\/raskladnoj-stol-outwell-coledale-l\/\" \/>\n<meta property=\"og:site_name\" content=\"\u041c\u0430\u0433\u0430\u0437\u0438\u043d Xstyle\" \/>\n<meta property=\"article:publisher\" content=\"https:\/\/www.facebook.com\/xstylemd\" \/>\n<meta property=\"article:modified_time\" content=\"2026-03-19T13:45:18+00:00\" \/>\n<meta property=\"og:image\" content=\"https:\/\/xstyle.md\/wp-content\/uploads\/2021\/06\/outwell-coledale-l.jpg\" \/>\n\t<meta property=\"og:image:width\" content=\"1230\" \/>\n\t<meta property=\"og:image:height\" content=\"692\" \/>\n\t<meta property=\"og:image:type\" content=\"image\/jpeg\" \/>\n<meta name=\"twitter:card\" content=\"summary_large_image\" \/>\n<meta name=\"twitter:label1\" content=\"Pre\u021b\" \/>\n\t<meta name=\"twitter:data1\" content=\"4.190&nbsp;MDL\" \/>\n\t<meta name=\"twitter:label2\" content=\"Disponibilitate\" \/>\n\t<meta name=\"twitter:data2\" content=\"\u00cen stoc\" \/>\n<script type=\"application\/ld+json\" class=\"yoast-schema-graph\">{\"@context\":\"https:\\\/\\\/schema.org\",\"@graph\":[{\"@type\":\"WebPage\",\"@id\":\"https:\\\/\\\/xstyle.md\\\/product\\\/raskladnoj-stol-outwell-coledale-l\\\/\",\"url\":\"https:\\\/\\\/xstyle.md\\\/product\\\/raskladnoj-stol-outwell-coledale-l\\\/\",\"name\":\"\u0420\u0430\u0441\u043a\u043b\u0430\u0434\u043d\u043e\u0439 \u0441\u0442\u043e\u043b Outwell Coledale L - \u041c\u0430\u0433\u0430\u0437\u0438\u043d Xstyle\",\"isPartOf\":{\"@id\":\"https:\\\/\\\/xstyle.md\\\/#website\"},\"primaryImageOfPage\":{\"@id\":\"https:\\\/\\\/xstyle.md\\\/product\\\/raskladnoj-stol-outwell-coledale-l\\\/#primaryimage\"},\"image\":{\"@id\":\"https:\\\/\\\/xstyle.md\\\/product\\\/raskladnoj-stol-outwell-coledale-l\\\/#primaryimage\"},\"thumbnailUrl\":\"https:\\\/\\\/xstyle.md\\\/wp-content\\\/uploads\\\/2021\\\/06\\\/outwell-coledale-l.jpg\",\"datePublished\":\"2021-06-23T10:49:12+00:00\",\"dateModified\":\"2026-03-19T13:45:18+00:00\",\"description\":\"\u0420\u0430\u0441\u043a\u043b\u0430\u0434\u043d\u043e\u0439 \u0441\u0442\u043e\u043b Outwell Coledale L \u2014 \u0438\u0434\u0435\u0430\u043b\u044c\u043d\u044b\u0439 \u0432\u044b\u0431\u043e\u0440 \u0434\u043b\u044f \u0430\u043a\u0442\u0438\u0432\u043d\u043e\u0433\u043e \u043e\u0442\u0434\u044b\u0445\u0430 \u0441 \u0441\u0435\u043c\u044c\u0435\u0439. \u041b\u0435\u0433\u043a\u0438\u0439, \u043a\u043e\u043c\u043f\u0430\u043a\u0442\u043d\u044b\u0439 \u0438 \u0443\u0434\u043e\u0431\u043d\u044b\u0439 \u0432 \u0442\u0440\u0430\u043d\u0441\u043f\u043e\u0440\u0442\u0438\u0440\u043e\u0432\u043a\u0435. \u0423\u0437\u043d\u0430\u0439\u0442\u0435 \u0431\u043e\u043b\u044c\u0448\u0435!\",\"breadcrumb\":{\"@id\":\"https:\\\/\\\/xstyle.md\\\/product\\\/raskladnoj-stol-outwell-coledale-l\\\/#breadcrumb\"},\"inLanguage\":\"ro-RO\",\"potentialAction\":[{\"@type\":\"ReadAction\",\"target\":[\"https:\\\/\\\/xstyle.md\\\/product\\\/raskladnoj-stol-outwell-coledale-l\\\/\"]}]},{\"@type\":\"ImageObject\",\"inLanguage\":\"ro-RO\",\"@id\":\"https:\\\/\\\/xstyle.md\\\/product\\\/raskladnoj-stol-outwell-coledale-l\\\/#primaryimage\",\"url\":\"https:\\\/\\\/xstyle.md\\\/wp-content\\\/uploads\\\/2021\\\/06\\\/outwell-coledale-l.jpg\",\"contentUrl\":\"https:\\\/\\\/xstyle.md\\\/wp-content\\\/uploads\\\/2021\\\/06\\\/outwell-coledale-l.jpg\",\"width\":1230,\"height\":692,\"caption\":\"\u041a\u043e\u043c\u043f\u0430\u043a\u0442\u043d\u044b\u0439 \u0440\u0430\u0441\u043a\u043b\u0430\u0434\u043d\u043e\u0439 \u0441\u0442\u043e\u043b Outwell Coledale L \u0434\u043b\u044f \u0430\u043a\u0442\u0438\u0432\u043d\u043e\u0433\u043e \u043e\u0442\u0434\u044b\u0445\u0430, \u043f\u0435\u0448\u0438\u0445 \u043f\u043e\u0445\u043e\u0434\u043e\u0432, \u043f\u0443\u0442\u0435\u0448\u0435\u0441\u0442\u0432\u0438\u0439 \u0438 \u043a\u0435\u043c\u043f\u0438\u043d\u0433\u0430, \u043f\u043e\u0434\u0445\u043e\u0434\u044f\u0449\u0438\u0439 \u0434\u043b\u044f \u0441\u043f\u043e\u0440\u0442\u0438\u0432\u043d\u043e\u0439 \u043e\u0434\u0435\u0436\u0434\u044b \u0438 \u043e\u0431\u0443\u0432\u0438 \u0432 \u0438\u043d\u0442\u0435\u0440\u043d\u0435\u0442-\u043c\u0430\u0433\u0430\u0437\u0438\u043d\u0435 \u0442\u043e\u0432\u0430\u0440\u043e\u0432 \u0434\u043b\u044f \u0430\u043a\u0442\u0438\u0432\u043d\u043e\u0439 \u0436\u0438\u0437\u043d\u0438\"},{\"@type\":\"BreadcrumbList\",\"@id\":\"https:\\\/\\\/xstyle.md\\\/product\\\/raskladnoj-stol-outwell-coledale-l\\\/#breadcrumb\",\"itemListElement\":[{\"@type\":\"ListItem\",\"position\":1,\"name\":\"\u0413\u043b\u0430\u0432\u043d\u0430\u044f \u0441\u0442\u0440\u0430\u043d\u0438\u0446\u0430\",\"item\":\"https:\\\/\\\/xstyle.md\\\/\"},{\"@type\":\"ListItem\",\"position\":2,\"name\":\"\u041c\u0430\u0433\u0430\u0437\u0438\u043d\",\"item\":\"https:\\\/\\\/xstyle.md\\\/shop\\\/\"},{\"@type\":\"ListItem\",\"position\":3,\"name\":\"\u0420\u0430\u0441\u043a\u043b\u0430\u0434\u043d\u043e\u0439 \u0441\u0442\u043e\u043b Outwell Coledale L\"}]},{\"@type\":\"WebSite\",\"@id\":\"https:\\\/\\\/xstyle.md\\\/#website\",\"url\":\"https:\\\/\\\/xstyle.md\\\/\",\"name\":\"\u041c\u0430\u0433\u0430\u0437\u0438\u043d Xstyle\",\"description\":\"C\u043d\u0430\u0440\u044f\u0436\u0435\u043d\u0438\u0435 \u0434\u043b\u044f \u0442\u0443\u0440\u0438\u0437\u043c\u0430 \u0438 \u044d\u043a\u0441\u0442\u0440\u0435\u043c\u0430\u043b\u044c\u043d\u044b\u0445 \u0432\u0438\u0434\u043e\u0432 \u0441\u043f\u043e\u0440\u0442\u0430 \u0432 \u041c\u043e\u043b\u0434\u043e\u0432\u0435.. \u0426\u0435\u043d\u044b, \u0444\u043e\u0442\u043e, \u0445\u0430\u0440\u0430\u043a\u0442\u0435\u0440\u0438\u0441\u0442\u0438\u043a\u0438 \u0432 \u041c\u043e\u043b\u0434\u043e\u0432\u0435.\",\"publisher\":{\"@id\":\"https:\\\/\\\/xstyle.md\\\/#organization\"},\"alternateName\":\"X-Style\",\"potentialAction\":[{\"@type\":\"SearchAction\",\"target\":{\"@type\":\"EntryPoint\",\"urlTemplate\":\"https:\\\/\\\/xstyle.md\\\/?s={search_term_string}\"},\"query-input\":{\"@type\":\"PropertyValueSpecification\",\"valueRequired\":true,\"valueName\":\"search_term_string\"}}],\"inLanguage\":\"ro-RO\"},{\"@type\":\"Organization\",\"@id\":\"https:\\\/\\\/xstyle.md\\\/#organization\",\"name\":\"\u041c\u0430\u0433\u0430\u0437\u0438\u043d Xstyle\",\"alternateName\":\"x-style\",\"url\":\"https:\\\/\\\/xstyle.md\\\/\",\"logo\":{\"@type\":\"ImageObject\",\"inLanguage\":\"ro-RO\",\"@id\":\"https:\\\/\\\/xstyle.md\\\/#\\\/schema\\\/logo\\\/image\\\/\",\"url\":\"https:\\\/\\\/xstyle.md\\\/wp-content\\\/uploads\\\/2020\\\/06\\\/logoicon.svg\",\"contentUrl\":\"https:\\\/\\\/xstyle.md\\\/wp-content\\\/uploads\\\/2020\\\/06\\\/logoicon.svg\",\"caption\":\"\u041c\u0430\u0433\u0430\u0437\u0438\u043d Xstyle\"},\"image\":{\"@id\":\"https:\\\/\\\/xstyle.md\\\/#\\\/schema\\\/logo\\\/image\\\/\"},\"sameAs\":[\"https:\\\/\\\/www.facebook.com\\\/xstylemd\",\"https:\\\/\\\/www.instagram.com\\\/xstyle_md\\\/\",\"https:\\\/\\\/t.me\\\/xstyle_outdoor\"],\"hasMerchantReturnPolicy\":{\"@type\":\"MerchantReturnPolicy\",\"merchantReturnLink\":\"https:\\\/\\\/xstyle.md\\\/ro\\\/conditions\\\/\"}}]}<\/script>\n<meta property=\"product:price:amount\" content=\"4190.00\" \/>\n<meta property=\"product:price:currency\" content=\"MDL\" \/>\n<meta property=\"og:availability\" content=\"instock\" \/>\n<meta property=\"product:availability\" content=\"instock\" \/>\n<meta property=\"product:retailer_item_id\" content=\"5709388110367\" \/>\n<meta property=\"product:condition\" content=\"new\" \/>\n<!-- \/ Yoast SEO plugin. -->","yoast_head_json":{"title":"Mas\u0103 pliant\u0103 Outwell Coledale L - Magazin Xstyle","description":"Masa pliabil\u0103 Outwell Coledale L este alegerea ideal\u0103 pentru recreere activ\u0103 cu familia. U\u0219oar\u0103, compact\u0103 \u0219i u\u0219or de transportat. Afl\u0103 mai multe!","robots":{"index":"index","follow":"follow","max-snippet":"max-snippet:-1","max-image-preview":"max-image-preview:large","max-video-preview":"max-video-preview:-1"},"canonical":"https:\/\/xstyle.md\/ro\/produs\/raskladnoj-stol-outwell-coledale-l\/","og_locale":"ro_RO","og_type":"article","og_title":"\u0420\u0430\u0441\u043a\u043b\u0430\u0434\u043d\u043e\u0439 \u0441\u0442\u043e\u043b Outwell Coledale L - \u041c\u0430\u0433\u0430\u0437\u0438\u043d Xstyle","og_description":"\u0420\u0430\u0441\u043a\u043b\u0430\u0434\u043d\u043e\u0439 \u0441\u0442\u043e\u043b Outwell Coledale L \u2014 \u0438\u0434\u0435\u0430\u043b\u044c\u043d\u044b\u0439 \u0432\u044b\u0431\u043e\u0440 \u0434\u043b\u044f \u0430\u043a\u0442\u0438\u0432\u043d\u043e\u0433\u043e \u043e\u0442\u0434\u044b\u0445\u0430 \u0441 \u0441\u0435\u043c\u044c\u0435\u0439. \u041b\u0435\u0433\u043a\u0438\u0439, \u043a\u043e\u043c\u043f\u0430\u043a\u0442\u043d\u044b\u0439 \u0438 \u0443\u0434\u043e\u0431\u043d\u044b\u0439 \u0432 \u0442\u0440\u0430\u043d\u0441\u043f\u043e\u0440\u0442\u0438\u0440\u043e\u0432\u043a\u0435. \u0423\u0437\u043d\u0430\u0439\u0442\u0435 \u0431\u043e\u043b\u044c\u0448\u0435!","og_url":"https:\/\/xstyle.md\/ro\/produs\/raskladnoj-stol-outwell-coledale-l\/","og_site_name":"\u041c\u0430\u0433\u0430\u0437\u0438\u043d Xstyle","article_publisher":"https:\/\/www.facebook.com\/xstylemd","article_modified_time":"2026-03-19T13:45:18+00:00","og_image":[{"width":1230,"height":692,"url":"https:\/\/xstyle.md\/wp-content\/uploads\/2021\/06\/outwell-coledale-l.jpg","type":"image\/jpeg"}],"twitter_card":"summary_large_image","twitter_misc":{"Pre\u021b":"4.190&nbsp;MDL","Disponibilitate":"\u00cen stoc"},"schema":{"@context":"https:\/\/schema.org","@graph":[{"@type":"WebPage","@id":"https:\/\/xstyle.md\/product\/raskladnoj-stol-outwell-coledale-l\/","url":"https:\/\/xstyle.md\/product\/raskladnoj-stol-outwell-coledale-l\/","name":"Mas\u0103 pliant\u0103 Outwell Coledale L - Magazin Xstyle","isPartOf":{"@id":"https:\/\/xstyle.md\/#website"},"primaryImageOfPage":{"@id":"https:\/\/xstyle.md\/product\/raskladnoj-stol-outwell-coledale-l\/#primaryimage"},"image":{"@id":"https:\/\/xstyle.md\/product\/raskladnoj-stol-outwell-coledale-l\/#primaryimage"},"thumbnailUrl":"https:\/\/xstyle.md\/wp-content\/uploads\/2021\/06\/outwell-coledale-l.jpg","datePublished":"2021-06-23T10:49:12+00:00","dateModified":"2026-03-19T13:45:18+00:00","description":"Masa pliabil\u0103 Outwell Coledale L este alegerea ideal\u0103 pentru recreere activ\u0103 cu familia. U\u0219oar\u0103, compact\u0103 \u0219i u\u0219or de transportat. Afl\u0103 mai multe!","breadcrumb":{"@id":"https:\/\/xstyle.md\/product\/raskladnoj-stol-outwell-coledale-l\/#breadcrumb"},"inLanguage":"ro-RO","potentialAction":[{"@type":"ReadAction","target":["https:\/\/xstyle.md\/product\/raskladnoj-stol-outwell-coledale-l\/"]}]},{"@type":"ImageObject","inLanguage":"ro-RO","@id":"https:\/\/xstyle.md\/product\/raskladnoj-stol-outwell-coledale-l\/#primaryimage","url":"https:\/\/xstyle.md\/wp-content\/uploads\/2021\/06\/outwell-coledale-l.jpg","contentUrl":"https:\/\/xstyle.md\/wp-content\/uploads\/2021\/06\/outwell-coledale-l.jpg","width":1230,"height":692,"caption":"\u041a\u043e\u043c\u043f\u0430\u043a\u0442\u043d\u044b\u0439 \u0440\u0430\u0441\u043a\u043b\u0430\u0434\u043d\u043e\u0439 \u0441\u0442\u043e\u043b Outwell Coledale L \u0434\u043b\u044f \u0430\u043a\u0442\u0438\u0432\u043d\u043e\u0433\u043e \u043e\u0442\u0434\u044b\u0445\u0430, \u043f\u0435\u0448\u0438\u0445 \u043f\u043e\u0445\u043e\u0434\u043e\u0432, \u043f\u0443\u0442\u0435\u0448\u0435\u0441\u0442\u0432\u0438\u0439 \u0438 \u043a\u0435\u043c\u043f\u0438\u043d\u0433\u0430, \u043f\u043e\u0434\u0445\u043e\u0434\u044f\u0449\u0438\u0439 \u0434\u043b\u044f \u0441\u043f\u043e\u0440\u0442\u0438\u0432\u043d\u043e\u0439 \u043e\u0434\u0435\u0436\u0434\u044b \u0438 \u043e\u0431\u0443\u0432\u0438 \u0432 \u0438\u043d\u0442\u0435\u0440\u043d\u0435\u0442-\u043c\u0430\u0433\u0430\u0437\u0438\u043d\u0435 \u0442\u043e\u0432\u0430\u0440\u043e\u0432 \u0434\u043b\u044f \u0430\u043a\u0442\u0438\u0432\u043d\u043e\u0439 \u0436\u0438\u0437\u043d\u0438"},{"@type":"BreadcrumbList","@id":"https:\/\/xstyle.md\/product\/raskladnoj-stol-outwell-coledale-l\/#breadcrumb","itemListElement":[{"@type":"ListItem","position":1,"name":"\u0413\u043b\u0430\u0432\u043d\u0430\u044f \u0441\u0442\u0440\u0430\u043d\u0438\u0446\u0430","item":"https:\/\/xstyle.md\/"},{"@type":"ListItem","position":2,"name":"\u041c\u0430\u0433\u0430\u0437\u0438\u043d","item":"https:\/\/xstyle.md\/shop\/"},{"@type":"ListItem","position":3,"name":"\u0420\u0430\u0441\u043a\u043b\u0430\u0434\u043d\u043e\u0439 \u0441\u0442\u043e\u043b Outwell Coledale L"}]},{"@type":"WebSite","@id":"https:\/\/xstyle.md\/#website","url":"https:\/\/xstyle.md\/","name":"Magazinul X-Style","description":"Echipamente pentru turism \u0219i sporturi extreme \u00een Moldova. Pre\u021buri, fotografii, caracteristici \u00een Moldova.","publisher":{"@id":"https:\/\/xstyle.md\/#organization"},"alternateName":"X-Style","potentialAction":[{"@type":"SearchAction","target":{"@type":"EntryPoint","urlTemplate":"https:\/\/xstyle.md\/?s={search_term_string}"},"query-input":{"@type":"PropertyValueSpecification","valueRequired":true,"valueName":"search_term_string"}}],"inLanguage":"ro-RO"},{"@type":"Organization","@id":"https:\/\/xstyle.md\/#organization","name":"Magazinul X-Style","alternateName":"x-style","url":"https:\/\/xstyle.md\/","logo":{"@type":"ImageObject","inLanguage":"ro-RO","@id":"https:\/\/xstyle.md\/#\/schema\/logo\/image\/","url":"https:\/\/xstyle.md\/wp-content\/uploads\/2020\/06\/logoicon.svg","contentUrl":"https:\/\/xstyle.md\/wp-content\/uploads\/2020\/06\/logoicon.svg","caption":"\u041c\u0430\u0433\u0430\u0437\u0438\u043d Xstyle"},"image":{"@id":"https:\/\/xstyle.md\/#\/schema\/logo\/image\/"},"sameAs":["https:\/\/www.facebook.com\/xstylemd","https:\/\/www.instagram.com\/xstyle_md\/","https:\/\/t.me\/xstyle_outdoor"],"hasMerchantReturnPolicy":{"@type":"MerchantReturnPolicy","merchantReturnLink":"https:\/\/xstyle.md\/ro\/conditions\/"}}]},"product_price_amount":"4190.00","product_price_currency":"MDL","og_availability":"instock","product_availability":"instock","product_retailer_item_id":"5709388110367","product_condition":"new"},"_links":{"self":[{"href":"https:\/\/xstyle.md\/ro\/wp-json\/wp\/v2\/product\/36221","targetHints":{"allow":["GET"]}}],"collection":[{"href":"https:\/\/xstyle.md\/ro\/wp-json\/wp\/v2\/product"}],"about":[{"href":"https:\/\/xstyle.md\/ro\/wp-json\/wp\/v2\/types\/product"}],"replies":[{"embeddable":true,"href":"https:\/\/xstyle.md\/ro\/wp-json\/wp\/v2\/comments?post=36221"}],"wp:featuredmedia":[{"embeddable":true,"href":"https:\/\/xstyle.md\/ro\/wp-json\/wp\/v2\/media\/36430"}],"wp:attachment":[{"href":"https:\/\/xstyle.md\/ro\/wp-json\/wp\/v2\/media?parent=36221"}],"wp:term":[{"taxonomy":"product_brand","embeddable":true,"href":"https:\/\/xstyle.md\/ro\/wp-json\/wp\/v2\/product_brand?post=36221"},{"taxonomy":"product_cat","embeddable":true,"href":"https:\/\/xstyle.md\/ro\/wp-json\/wp\/v2\/product_cat?post=36221"},{"taxonomy":"product_tag","embeddable":true,"href":"https:\/\/xstyle.md\/ro\/wp-json\/wp\/v2\/product_tag?post=36221"}],"curies":[{"name":"wp","href":"https:\/\/api.w.org\/{rel}","templated":true}]}}