{"id":36174,"date":"2021-06-23T13:48:59","date_gmt":"2021-06-23T10:48:59","guid":{"rendered":"https:\/\/xstyle.md\/?post_type=product&#038;p=36174"},"modified":"2024-10-20T00:16:06","modified_gmt":"2024-10-19T21:16:06","slug":"rubashka-outdoor-research-astroman-s-s-sun-mns-naval-blue-plaid","status":"publish","type":"product","link":"https:\/\/xstyle.md\/ro\/produs\/rubashka-outdoor-research-astroman-s-s-sun-mns-naval-blue-plaid\/","title":{"rendered":"C\u0103ma\u0219\u0103 Outdoor Research Astroman S\/S Sun Mns naval blue plaid"},"content":{"rendered":"<\/p>\n<p><strong>Outdoor Research Astroman S\/S Sun Shirt<\/strong> \u2013 c\u0103ma\u0219a pentru b\u0103rba\u021bi ofer\u0103 protec\u021bie \u00eempotriva razelor UV, \u021bes\u0103tura elastic\u0103 elimin\u0103 umezeala, este respirabil\u0103 \u0219i se usuc\u0103 rapid. Protec\u021bia solar\u0103 suplimentar\u0103 este asigurat\u0103 de Sun Snap Collar\u2122, care poate fi ridicat pentru a v\u0103 proteja g\u00e2tul de razele soarelui.<\/p>\n<h3>Particularit\u0103\u021bi<\/h3>\n<ul>\n<li>Guler pliabil pentru protec\u021bie solar\u0103<\/li>\n<li>\u021aes\u0103tur\u0103 respirabil\u0103 \u0219i u\u0219oar\u0103<\/li>\n<li>Protec\u021bie UV UPF 50+<\/li>\n<li>Elimin\u0103 umezeala \u0219i se usuc\u0103 rapid<\/li>\n<li>Buzunar cu nasturi la piept<\/li>\n<li>\u00cenchidere cu nasturi \u00een fa\u021b\u0103.<\/li>\n<\/ul>\n<h3>Caracteristici<\/h3>\n<ul>\n<li>Material &#8212; 85% nailon, 15% spandex<\/li>\n<li>Sezonul &#8212; prim\u0103var\u0103\/var\u0103<\/li>\n<li>Aplicare &#8212; odihn\u0103 activ\u0103 \/ turism<\/li>\n<li>Model - b\u0103rba\u021bi.<\/li>\n<\/ul>\n<h3>Marca<\/h3>\n<p>Outdoor Research\u00ae este o companie fondat\u0103 de alpinistul Ron Gregg \u00een anii &#8217;80, \u00een SUA, ca urmare a dorin\u021bei de a produce echipament de cea mai \u00eenalt\u0103 calitate, care s\u0103 nu v\u0103 dezam\u0103geasc\u0103 \u00een nicio circumstan\u021b\u0103. Outdoor Research\u00ae ofer\u0103 o gam\u0103 larg\u0103 de produse pentru sporturi extreme, activit\u0103\u021bi \u00een aer liber \u0219i turism. \u00cembr\u0103c\u0103minte, rucsacuri \u0219i gen\u021bi, \u0219alupe, pungi de compresie \u0219i de etan\u0219are, sisteme de depozitare \u0219i multe altele &#8212; totul pentru a te sim\u021bi confortabil \u00een toate climatele departe de cas\u0103.<\/p>\n<p><\/p>","protected":false},"excerpt":{"rendered":"<p>C\u0103ma\u0219\u0103 Outdoor Research Astroman S\/S Sun Mns naval blue plaid<\/p>","protected":false},"featured_media":36689,"comment_status":"open","ping_status":"closed","template":"","meta":{"_acf_changed":false,"inline_featured_image":false},"product_brand":[1328],"product_cat":[403],"product_tag":[],"class_list":{"0":"post-36174","1":"product","2":"type-product","3":"status-publish","4":"has-post-thumbnail","6":"product_brand-outdoor-research","7":"product_cat-camasi-barbati","9":"first","10":"instock","11":"sale","12":"shipping-taxable","13":"purchasable","14":"product-type-simple"},"acf":[],"yoast_head":"<!-- This site is optimized with the Yoast SEO plugin v27.4 - https:\/\/yoast.com\/product\/yoast-seo-wordpress\/ -->\n<title>\u0420\u0443\u0431\u0430\u0448\u043a\u0430 Outdoor Research Astroman S\/S Sun Mns naval blue plaid - \u041c\u0430\u0433\u0430\u0437\u0438\u043d Xstyle<\/title>\n<meta name=\"description\" content=\"\u0420\u0443\u0431\u0430\u0448\u043a\u0430 Outdoor Research Astroman S\/S \u0432 \u043c\u043e\u0440\u0441\u043a\u043e\u043c \u0441\u0438\u043d\u0435\u043c \u043a\u043b\u0435\u0442\u0447\u0430\u0442\u043e\u043c \u0434\u0438\u0437\u0430\u0439\u043d\u0435: \u0437\u0430\u0449\u0438\u0442\u0430 UPF 50, \u0434\u044b\u0448\u0430\u0449\u0430\u044f \u0442\u043a\u0430\u043d\u044c, \u0431\u044b\u0441\u0442\u0440\u043e\u0435 \u0432\u044b\u0441\u044b\u0445\u0430\u043d\u0438\u0435 \u0438 \u0443\u0434\u043e\u0431\u043d\u044b\u0439 \u0432\u043e\u0440\u043e\u0442\u043d\u0438\u043a.\" \/>\n<meta name=\"robots\" content=\"index, follow, max-snippet:-1, max-image-preview:large, max-video-preview:-1\" \/>\n<link rel=\"canonical\" href=\"https:\/\/xstyle.md\/ro\/produs\/rubashka-outdoor-research-astroman-s-s-sun-mns-naval-blue-plaid\/\" \/>\n<meta property=\"og:locale\" content=\"ro_RO\" \/>\n<meta property=\"og:type\" content=\"article\" \/>\n<meta property=\"og:title\" content=\"\u0420\u0443\u0431\u0430\u0448\u043a\u0430 Outdoor Research Astroman S\/S Sun Mns naval blue plaid - \u041c\u0430\u0433\u0430\u0437\u0438\u043d Xstyle\" \/>\n<meta property=\"og:description\" content=\"\u0420\u0443\u0431\u0430\u0448\u043a\u0430 Outdoor Research Astroman S\/S \u0432 \u043c\u043e\u0440\u0441\u043a\u043e\u043c \u0441\u0438\u043d\u0435\u043c \u043a\u043b\u0435\u0442\u0447\u0430\u0442\u043e\u043c \u0434\u0438\u0437\u0430\u0439\u043d\u0435: \u0437\u0430\u0449\u0438\u0442\u0430 UPF 50, \u0434\u044b\u0448\u0430\u0449\u0430\u044f \u0442\u043a\u0430\u043d\u044c, \u0431\u044b\u0441\u0442\u0440\u043e\u0435 \u0432\u044b\u0441\u044b\u0445\u0430\u043d\u0438\u0435 \u0438 \u0443\u0434\u043e\u0431\u043d\u044b\u0439 \u0432\u043e\u0440\u043e\u0442\u043d\u0438\u043a.\" \/>\n<meta property=\"og:url\" content=\"https:\/\/xstyle.md\/ro\/produs\/rubashka-outdoor-research-astroman-s-s-sun-mns-naval-blue-plaid\/\" \/>\n<meta property=\"og:site_name\" content=\"\u041c\u0430\u0433\u0430\u0437\u0438\u043d Xstyle\" \/>\n<meta property=\"article:publisher\" content=\"https:\/\/www.facebook.com\/xstylemd\" \/>\n<meta property=\"article:modified_time\" content=\"2024-10-19T21:16:06+00:00\" \/>\n<meta property=\"og:image\" content=\"https:\/\/xstyle.md\/wp-content\/uploads\/2021\/06\/outdoor-research-astroman-ss-sun-mns-naval-blue-plaid.jpg\" \/>\n\t<meta property=\"og:image:width\" content=\"700\" \/>\n\t<meta property=\"og:image:height\" content=\"700\" \/>\n\t<meta property=\"og:image:type\" content=\"image\/jpeg\" \/>\n<meta name=\"twitter:card\" content=\"summary_large_image\" \/>\n<meta name=\"twitter:label1\" content=\"Pre\u021b\" \/>\n\t<meta name=\"twitter:data1\" content=\"1.194&nbsp;MDL\" \/>\n\t<meta name=\"twitter:label2\" content=\"Disponibilitate\" \/>\n\t<meta name=\"twitter:data2\" content=\"\u00cen stoc\" \/>\n<script type=\"application\/ld+json\" class=\"yoast-schema-graph\">{\"@context\":\"https:\\\/\\\/schema.org\",\"@graph\":[{\"@type\":\"WebPage\",\"@id\":\"https:\\\/\\\/xstyle.md\\\/product\\\/rubashka-outdoor-research-astroman-s-s-sun-mns-naval-blue-plaid\\\/\",\"url\":\"https:\\\/\\\/xstyle.md\\\/product\\\/rubashka-outdoor-research-astroman-s-s-sun-mns-naval-blue-plaid\\\/\",\"name\":\"\u0420\u0443\u0431\u0430\u0448\u043a\u0430 Outdoor Research Astroman S\\\/S Sun Mns naval blue plaid - \u041c\u0430\u0433\u0430\u0437\u0438\u043d Xstyle\",\"isPartOf\":{\"@id\":\"https:\\\/\\\/xstyle.md\\\/#website\"},\"primaryImageOfPage\":{\"@id\":\"https:\\\/\\\/xstyle.md\\\/product\\\/rubashka-outdoor-research-astroman-s-s-sun-mns-naval-blue-plaid\\\/#primaryimage\"},\"image\":{\"@id\":\"https:\\\/\\\/xstyle.md\\\/product\\\/rubashka-outdoor-research-astroman-s-s-sun-mns-naval-blue-plaid\\\/#primaryimage\"},\"thumbnailUrl\":\"https:\\\/\\\/xstyle.md\\\/wp-content\\\/uploads\\\/2021\\\/06\\\/outdoor-research-astroman-ss-sun-mns-naval-blue-plaid.jpg\",\"datePublished\":\"2021-06-23T10:48:59+00:00\",\"dateModified\":\"2024-10-19T21:16:06+00:00\",\"description\":\"\u0420\u0443\u0431\u0430\u0448\u043a\u0430 Outdoor Research Astroman S\\\/S \u0432 \u043c\u043e\u0440\u0441\u043a\u043e\u043c \u0441\u0438\u043d\u0435\u043c \u043a\u043b\u0435\u0442\u0447\u0430\u0442\u043e\u043c \u0434\u0438\u0437\u0430\u0439\u043d\u0435: \u0437\u0430\u0449\u0438\u0442\u0430 UPF 50, \u0434\u044b\u0448\u0430\u0449\u0430\u044f \u0442\u043a\u0430\u043d\u044c, \u0431\u044b\u0441\u0442\u0440\u043e\u0435 \u0432\u044b\u0441\u044b\u0445\u0430\u043d\u0438\u0435 \u0438 \u0443\u0434\u043e\u0431\u043d\u044b\u0439 \u0432\u043e\u0440\u043e\u0442\u043d\u0438\u043a.\",\"breadcrumb\":{\"@id\":\"https:\\\/\\\/xstyle.md\\\/product\\\/rubashka-outdoor-research-astroman-s-s-sun-mns-naval-blue-plaid\\\/#breadcrumb\"},\"inLanguage\":\"ro-RO\",\"potentialAction\":[{\"@type\":\"ReadAction\",\"target\":[\"https:\\\/\\\/xstyle.md\\\/product\\\/rubashka-outdoor-research-astroman-s-s-sun-mns-naval-blue-plaid\\\/\"]}]},{\"@type\":\"ImageObject\",\"inLanguage\":\"ro-RO\",\"@id\":\"https:\\\/\\\/xstyle.md\\\/product\\\/rubashka-outdoor-research-astroman-s-s-sun-mns-naval-blue-plaid\\\/#primaryimage\",\"url\":\"https:\\\/\\\/xstyle.md\\\/wp-content\\\/uploads\\\/2021\\\/06\\\/outdoor-research-astroman-ss-sun-mns-naval-blue-plaid.jpg\",\"contentUrl\":\"https:\\\/\\\/xstyle.md\\\/wp-content\\\/uploads\\\/2021\\\/06\\\/outdoor-research-astroman-ss-sun-mns-naval-blue-plaid.jpg\",\"width\":700,\"height\":700,\"caption\":\"\u0420\u0443\u0431\u0430\u0448\u043a\u0430 Outdoor Research Astroman S\\\/S Sun Mns \u0432 \u043c\u043e\u0440\u0441\u043a\u043e\u0439 \u0441\u0438\u043d\u0435\u0439 \u043a\u043b\u0435\u0442\u043a\u0443 \u0434\u043b\u044f \u0430\u043a\u0442\u0438\u0432\u043d\u043e\u0433\u043e \u043e\u0442\u0434\u044b\u0445\u0430 \u043f\u043e\u0445\u043e\u0434\u043e\u0432 \u0438 \u043f\u0443\u0442\u0435\u0448\u0435\u0441\u0442\u0432\u0438\u0439 \u043d\u0430 \u0441\u0430\u0439\u0442\u0435 \u0438\u043d\u0442\u0435\u0440\u043d\u0435\u0442-\u043c\u0430\u0433\u0430\u0437\u0438\u043d\u0430 \u0442\u043e\u0432\u0430\u0440\u043e\u0432 \u0434\u043b\u044f \u0430\u043a\u0442\u0438\u0432\u043d\u043e\u0433\u043e \u043e\u0431\u0440\u0430\u0437\u0430 \u0436\u0438\u0437\u043d\u0438 \u043e\u0431\u0443\u0432\u044c \u043e\u0434\u0435\u0436\u0434\u0430 \u0438 \u0441\u043d\u0430\u0440\u044f\u0436\u0435\u043d\u0438\u0435\"},{\"@type\":\"BreadcrumbList\",\"@id\":\"https:\\\/\\\/xstyle.md\\\/product\\\/rubashka-outdoor-research-astroman-s-s-sun-mns-naval-blue-plaid\\\/#breadcrumb\",\"itemListElement\":[{\"@type\":\"ListItem\",\"position\":1,\"name\":\"\u0413\u043b\u0430\u0432\u043d\u0430\u044f \u0441\u0442\u0440\u0430\u043d\u0438\u0446\u0430\",\"item\":\"https:\\\/\\\/xstyle.md\\\/\"},{\"@type\":\"ListItem\",\"position\":2,\"name\":\"\u041c\u0430\u0433\u0430\u0437\u0438\u043d\",\"item\":\"https:\\\/\\\/xstyle.md\\\/shop\\\/\"},{\"@type\":\"ListItem\",\"position\":3,\"name\":\"\u0420\u0443\u0431\u0430\u0448\u043a\u0430 Outdoor Research Astroman S\\\/S Sun Mns naval blue plaid\"}]},{\"@type\":\"WebSite\",\"@id\":\"https:\\\/\\\/xstyle.md\\\/#website\",\"url\":\"https:\\\/\\\/xstyle.md\\\/\",\"name\":\"\u041c\u0430\u0433\u0430\u0437\u0438\u043d Xstyle\",\"description\":\"C\u043d\u0430\u0440\u044f\u0436\u0435\u043d\u0438\u0435 \u0434\u043b\u044f \u0442\u0443\u0440\u0438\u0437\u043c\u0430 \u0438 \u044d\u043a\u0441\u0442\u0440\u0435\u043c\u0430\u043b\u044c\u043d\u044b\u0445 \u0432\u0438\u0434\u043e\u0432 \u0441\u043f\u043e\u0440\u0442\u0430 \u0432 \u041c\u043e\u043b\u0434\u043e\u0432\u0435.. \u0426\u0435\u043d\u044b, \u0444\u043e\u0442\u043e, \u0445\u0430\u0440\u0430\u043a\u0442\u0435\u0440\u0438\u0441\u0442\u0438\u043a\u0438 \u0432 \u041c\u043e\u043b\u0434\u043e\u0432\u0435.\",\"publisher\":{\"@id\":\"https:\\\/\\\/xstyle.md\\\/#organization\"},\"alternateName\":\"X-Style\",\"potentialAction\":[{\"@type\":\"SearchAction\",\"target\":{\"@type\":\"EntryPoint\",\"urlTemplate\":\"https:\\\/\\\/xstyle.md\\\/?s={search_term_string}\"},\"query-input\":{\"@type\":\"PropertyValueSpecification\",\"valueRequired\":true,\"valueName\":\"search_term_string\"}}],\"inLanguage\":\"ro-RO\"},{\"@type\":\"Organization\",\"@id\":\"https:\\\/\\\/xstyle.md\\\/#organization\",\"name\":\"\u041c\u0430\u0433\u0430\u0437\u0438\u043d Xstyle\",\"alternateName\":\"x-style\",\"url\":\"https:\\\/\\\/xstyle.md\\\/\",\"logo\":{\"@type\":\"ImageObject\",\"inLanguage\":\"ro-RO\",\"@id\":\"https:\\\/\\\/xstyle.md\\\/#\\\/schema\\\/logo\\\/image\\\/\",\"url\":\"https:\\\/\\\/xstyle.md\\\/wp-content\\\/uploads\\\/2020\\\/06\\\/logoicon.svg\",\"contentUrl\":\"https:\\\/\\\/xstyle.md\\\/wp-content\\\/uploads\\\/2020\\\/06\\\/logoicon.svg\",\"caption\":\"\u041c\u0430\u0433\u0430\u0437\u0438\u043d Xstyle\"},\"image\":{\"@id\":\"https:\\\/\\\/xstyle.md\\\/#\\\/schema\\\/logo\\\/image\\\/\"},\"sameAs\":[\"https:\\\/\\\/www.facebook.com\\\/xstylemd\",\"https:\\\/\\\/www.instagram.com\\\/xstyle_md\\\/\",\"https:\\\/\\\/t.me\\\/xstyle_outdoor\"],\"hasMerchantReturnPolicy\":{\"@type\":\"MerchantReturnPolicy\",\"merchantReturnLink\":\"https:\\\/\\\/xstyle.md\\\/ro\\\/conditions\\\/\"}}]}<\/script>\n<meta property=\"product:price:amount\" content=\"1194.00\" \/>\n<meta property=\"product:price:currency\" content=\"MDL\" \/>\n<meta property=\"og:availability\" content=\"instock\" \/>\n<meta property=\"product:availability\" content=\"instock\" \/>\n<meta property=\"product:retailer_item_id\" content=\"727602957425\" \/>\n<meta property=\"product:condition\" content=\"new\" \/>\n<!-- \/ Yoast SEO plugin. -->","yoast_head_json":{"title":"C\u0103ma\u0219\u0103 Outdoor Research Astroman S\/S Sun Mns naval blue plaid - Magazin Xstyle","description":"C\u0103ma\u0219a Outdoor Research Astroman S\/S \u00een design cu carouri de culoare albastru marin: protec\u021bie UPF 50, \u021bes\u0103tur\u0103 breathable, uscare rapid\u0103 \u0219i guler confortabil.","robots":{"index":"index","follow":"follow","max-snippet":"max-snippet:-1","max-image-preview":"max-image-preview:large","max-video-preview":"max-video-preview:-1"},"canonical":"https:\/\/xstyle.md\/ro\/produs\/rubashka-outdoor-research-astroman-s-s-sun-mns-naval-blue-plaid\/","og_locale":"ro_RO","og_type":"article","og_title":"\u0420\u0443\u0431\u0430\u0448\u043a\u0430 Outdoor Research Astroman S\/S Sun Mns naval blue plaid - \u041c\u0430\u0433\u0430\u0437\u0438\u043d Xstyle","og_description":"\u0420\u0443\u0431\u0430\u0448\u043a\u0430 Outdoor Research Astroman S\/S \u0432 \u043c\u043e\u0440\u0441\u043a\u043e\u043c \u0441\u0438\u043d\u0435\u043c \u043a\u043b\u0435\u0442\u0447\u0430\u0442\u043e\u043c \u0434\u0438\u0437\u0430\u0439\u043d\u0435: \u0437\u0430\u0449\u0438\u0442\u0430 UPF 50, \u0434\u044b\u0448\u0430\u0449\u0430\u044f \u0442\u043a\u0430\u043d\u044c, \u0431\u044b\u0441\u0442\u0440\u043e\u0435 \u0432\u044b\u0441\u044b\u0445\u0430\u043d\u0438\u0435 \u0438 \u0443\u0434\u043e\u0431\u043d\u044b\u0439 \u0432\u043e\u0440\u043e\u0442\u043d\u0438\u043a.","og_url":"https:\/\/xstyle.md\/ro\/produs\/rubashka-outdoor-research-astroman-s-s-sun-mns-naval-blue-plaid\/","og_site_name":"\u041c\u0430\u0433\u0430\u0437\u0438\u043d Xstyle","article_publisher":"https:\/\/www.facebook.com\/xstylemd","article_modified_time":"2024-10-19T21:16:06+00:00","og_image":[{"width":700,"height":700,"url":"https:\/\/xstyle.md\/wp-content\/uploads\/2021\/06\/outdoor-research-astroman-ss-sun-mns-naval-blue-plaid.jpg","type":"image\/jpeg"}],"twitter_card":"summary_large_image","twitter_misc":{"Pre\u021b":"1.194&nbsp;MDL","Disponibilitate":"\u00cen stoc"},"schema":{"@context":"https:\/\/schema.org","@graph":[{"@type":"WebPage","@id":"https:\/\/xstyle.md\/product\/rubashka-outdoor-research-astroman-s-s-sun-mns-naval-blue-plaid\/","url":"https:\/\/xstyle.md\/product\/rubashka-outdoor-research-astroman-s-s-sun-mns-naval-blue-plaid\/","name":"C\u0103ma\u0219\u0103 Outdoor Research Astroman S\/S Sun Mns naval blue plaid - Magazin Xstyle","isPartOf":{"@id":"https:\/\/xstyle.md\/#website"},"primaryImageOfPage":{"@id":"https:\/\/xstyle.md\/product\/rubashka-outdoor-research-astroman-s-s-sun-mns-naval-blue-plaid\/#primaryimage"},"image":{"@id":"https:\/\/xstyle.md\/product\/rubashka-outdoor-research-astroman-s-s-sun-mns-naval-blue-plaid\/#primaryimage"},"thumbnailUrl":"https:\/\/xstyle.md\/wp-content\/uploads\/2021\/06\/outdoor-research-astroman-ss-sun-mns-naval-blue-plaid.jpg","datePublished":"2021-06-23T10:48:59+00:00","dateModified":"2024-10-19T21:16:06+00:00","description":"C\u0103ma\u0219a Outdoor Research Astroman S\/S \u00een design cu carouri de culoare albastru marin: protec\u021bie UPF 50, \u021bes\u0103tur\u0103 breathable, uscare rapid\u0103 \u0219i guler confortabil.","breadcrumb":{"@id":"https:\/\/xstyle.md\/product\/rubashka-outdoor-research-astroman-s-s-sun-mns-naval-blue-plaid\/#breadcrumb"},"inLanguage":"ro-RO","potentialAction":[{"@type":"ReadAction","target":["https:\/\/xstyle.md\/product\/rubashka-outdoor-research-astroman-s-s-sun-mns-naval-blue-plaid\/"]}]},{"@type":"ImageObject","inLanguage":"ro-RO","@id":"https:\/\/xstyle.md\/product\/rubashka-outdoor-research-astroman-s-s-sun-mns-naval-blue-plaid\/#primaryimage","url":"https:\/\/xstyle.md\/wp-content\/uploads\/2021\/06\/outdoor-research-astroman-ss-sun-mns-naval-blue-plaid.jpg","contentUrl":"https:\/\/xstyle.md\/wp-content\/uploads\/2021\/06\/outdoor-research-astroman-ss-sun-mns-naval-blue-plaid.jpg","width":700,"height":700,"caption":"\u0420\u0443\u0431\u0430\u0448\u043a\u0430 Outdoor Research Astroman S\/S Sun Mns \u0432 \u043c\u043e\u0440\u0441\u043a\u043e\u0439 \u0441\u0438\u043d\u0435\u0439 \u043a\u043b\u0435\u0442\u043a\u0443 \u0434\u043b\u044f \u0430\u043a\u0442\u0438\u0432\u043d\u043e\u0433\u043e \u043e\u0442\u0434\u044b\u0445\u0430 \u043f\u043e\u0445\u043e\u0434\u043e\u0432 \u0438 \u043f\u0443\u0442\u0435\u0448\u0435\u0441\u0442\u0432\u0438\u0439 \u043d\u0430 \u0441\u0430\u0439\u0442\u0435 \u0438\u043d\u0442\u0435\u0440\u043d\u0435\u0442-\u043c\u0430\u0433\u0430\u0437\u0438\u043d\u0430 \u0442\u043e\u0432\u0430\u0440\u043e\u0432 \u0434\u043b\u044f \u0430\u043a\u0442\u0438\u0432\u043d\u043e\u0433\u043e \u043e\u0431\u0440\u0430\u0437\u0430 \u0436\u0438\u0437\u043d\u0438 \u043e\u0431\u0443\u0432\u044c \u043e\u0434\u0435\u0436\u0434\u0430 \u0438 \u0441\u043d\u0430\u0440\u044f\u0436\u0435\u043d\u0438\u0435"},{"@type":"BreadcrumbList","@id":"https:\/\/xstyle.md\/product\/rubashka-outdoor-research-astroman-s-s-sun-mns-naval-blue-plaid\/#breadcrumb","itemListElement":[{"@type":"ListItem","position":1,"name":"\u0413\u043b\u0430\u0432\u043d\u0430\u044f \u0441\u0442\u0440\u0430\u043d\u0438\u0446\u0430","item":"https:\/\/xstyle.md\/"},{"@type":"ListItem","position":2,"name":"\u041c\u0430\u0433\u0430\u0437\u0438\u043d","item":"https:\/\/xstyle.md\/shop\/"},{"@type":"ListItem","position":3,"name":"\u0420\u0443\u0431\u0430\u0448\u043a\u0430 Outdoor Research Astroman S\/S Sun Mns naval blue plaid"}]},{"@type":"WebSite","@id":"https:\/\/xstyle.md\/#website","url":"https:\/\/xstyle.md\/","name":"Magazinul X-Style","description":"Echipamente pentru turism \u0219i sporturi extreme \u00een Moldova. Pre\u021buri, fotografii, caracteristici \u00een Moldova.","publisher":{"@id":"https:\/\/xstyle.md\/#organization"},"alternateName":"X-Style","potentialAction":[{"@type":"SearchAction","target":{"@type":"EntryPoint","urlTemplate":"https:\/\/xstyle.md\/?s={search_term_string}"},"query-input":{"@type":"PropertyValueSpecification","valueRequired":true,"valueName":"search_term_string"}}],"inLanguage":"ro-RO"},{"@type":"Organization","@id":"https:\/\/xstyle.md\/#organization","name":"Magazinul X-Style","alternateName":"x-style","url":"https:\/\/xstyle.md\/","logo":{"@type":"ImageObject","inLanguage":"ro-RO","@id":"https:\/\/xstyle.md\/#\/schema\/logo\/image\/","url":"https:\/\/xstyle.md\/wp-content\/uploads\/2020\/06\/logoicon.svg","contentUrl":"https:\/\/xstyle.md\/wp-content\/uploads\/2020\/06\/logoicon.svg","caption":"\u041c\u0430\u0433\u0430\u0437\u0438\u043d Xstyle"},"image":{"@id":"https:\/\/xstyle.md\/#\/schema\/logo\/image\/"},"sameAs":["https:\/\/www.facebook.com\/xstylemd","https:\/\/www.instagram.com\/xstyle_md\/","https:\/\/t.me\/xstyle_outdoor"],"hasMerchantReturnPolicy":{"@type":"MerchantReturnPolicy","merchantReturnLink":"https:\/\/xstyle.md\/ro\/conditions\/"}}]},"product_price_amount":"1194.00","product_price_currency":"MDL","og_availability":"instock","product_availability":"instock","product_retailer_item_id":"727602957425","product_condition":"new"},"_links":{"self":[{"href":"https:\/\/xstyle.md\/ro\/wp-json\/wp\/v2\/product\/36174","targetHints":{"allow":["GET"]}}],"collection":[{"href":"https:\/\/xstyle.md\/ro\/wp-json\/wp\/v2\/product"}],"about":[{"href":"https:\/\/xstyle.md\/ro\/wp-json\/wp\/v2\/types\/product"}],"replies":[{"embeddable":true,"href":"https:\/\/xstyle.md\/ro\/wp-json\/wp\/v2\/comments?post=36174"}],"wp:featuredmedia":[{"embeddable":true,"href":"https:\/\/xstyle.md\/ro\/wp-json\/wp\/v2\/media\/36689"}],"wp:attachment":[{"href":"https:\/\/xstyle.md\/ro\/wp-json\/wp\/v2\/media?parent=36174"}],"wp:term":[{"taxonomy":"product_brand","embeddable":true,"href":"https:\/\/xstyle.md\/ro\/wp-json\/wp\/v2\/product_brand?post=36174"},{"taxonomy":"product_cat","embeddable":true,"href":"https:\/\/xstyle.md\/ro\/wp-json\/wp\/v2\/product_cat?post=36174"},{"taxonomy":"product_tag","embeddable":true,"href":"https:\/\/xstyle.md\/ro\/wp-json\/wp\/v2\/product_tag?post=36174"}],"curies":[{"name":"wp","href":"https:\/\/api.w.org\/{rel}","templated":true}]}}