{"id":36158,"date":"2021-06-23T13:48:55","date_gmt":"2021-06-23T10:48:55","guid":{"rendered":"https:\/\/xstyle.md\/?post_type=product&#038;p=36158"},"modified":"2026-03-19T16:25:56","modified_gmt":"2026-03-19T13:25:56","slug":"rjukzak-lifeventure-packable-25-l","status":"publish","type":"product","link":"https:\/\/xstyle.md\/ro\/produs\/rjukzak-lifeventure-packable-25-l\/","title":{"rendered":"Rucsac Lifeventure Packable 25 L"},"content":{"rendered":"<\/p>\n<p><strong>Lifeventure Packable 25 L<\/strong> &#8212; rucsac pliabil u\u0219or \u0219i compact pentru ora\u0219 \u0219i c\u0103l\u0103torii. Poate fi depozitat \u00een propriul buzunar cu fermoar \u0219i, atunci c\u00e2nd este \u00eempachetat, are dimensiunea unei po\u0219ete medii. Foarte util atunci c\u00e2nd cantitatea de cump\u0103r\u0103turi sau suveniruri dintr-o c\u0103l\u0103torie este mai mare dec\u00e2t se a\u0219tepta.<\/p>\n<h3>Particularit\u0103\u021bi<\/h3>\n<ul>\n<li>Compartiment principal cu fermoar \u0219i dou\u0103 palete pentru obiecte mari<\/li>\n<li>Buzunar cu fermoar pe panoul frontal al rucsacului pentru lucruri mici (\u0219erve\u021bele, chei, etc.)<\/li>\n<li>Buzunar intern cu fermoar care serve\u0219te drept buzunar de \u00eempachetare pentru rucsacul propriu-zis<\/li>\n<li>Dou\u0103 buzunare laterale cu inser\u021bie elastic\u0103 pentru o sticl\u0103 de ap\u0103 sau un termos.<\/li>\n<li>Curele de um\u0103r u\u0219oare \u0219i ventilate pentru confort pe vreme cald\u0103 \u0219i pentru a reduce greutatea total\u0103 a rucsacului<\/li>\n<li>M\u00e2ner de transport<\/li>\n<li>Clem\u0103 pentru prosoape sau tricouri<\/li>\n<\/ul>\n<h3>Caracteristici<\/h3>\n<ul>\n<li>Volum &#8212; 16 litri<\/li>\n<li>Material &#8212; 70D Ripstop Nylon<\/li>\n<li>Dimensiuni desf\u0103\u0219urate &#8212; 50 x 29 x 18 cm<\/li>\n<li>Dimensiuni \u00een ambalaj &#8212; 16 x 17 x 4 cm<\/li>\n<li>Greutate &#8212; 235 g<\/li>\n<\/ul>\n<p><\/p>","protected":false},"excerpt":{"rendered":"<p>Rucsac Lifeventure Packable 25 L<\/p>","protected":false},"featured_media":36485,"comment_status":"open","ping_status":"closed","template":"","meta":{"_acf_changed":false,"inline_featured_image":false},"product_brand":[1421],"product_cat":[876],"product_tag":[],"class_list":{"0":"post-36158","1":"product","2":"type-product","3":"status-publish","4":"has-post-thumbnail","6":"product_brand-lifeventure","7":"product_cat-ultrabag","9":"first","10":"outofstock","11":"shipping-taxable","12":"product-type-simple"},"acf":[],"yoast_head":"<!-- This site is optimized with the Yoast SEO plugin v27.2 - https:\/\/yoast.com\/product\/yoast-seo-wordpress\/ -->\n<title>\u0420\u044e\u043a\u0437\u0430\u043a Lifeventure Packable 25 L - \u041c\u0430\u0433\u0430\u0437\u0438\u043d Xstyle<\/title>\n<meta name=\"description\" content=\"\u041b\u0435\u0433\u043a\u0438\u0439 \u0438 \u043a\u043e\u043c\u043f\u0430\u043a\u0442\u043d\u044b\u0439 \u0440\u044e\u043a\u0437\u0430\u043a Lifeventure Packable 25 L \u0438\u0434\u0435\u0430\u043b\u044c\u043d\u043e \u043f\u043e\u0434\u0445\u043e\u0434\u0438\u0442 \u0434\u043b\u044f \u043f\u0443\u0442\u0435\u0448\u0435\u0441\u0442\u0432\u0438\u0439 \u0438 \u0433\u043e\u0440\u043e\u0434\u0430. \u0423\u0434\u043e\u0431\u043d\u043e \u0443\u043f\u0430\u043a\u043e\u0432\u044b\u0432\u0430\u0435\u0442\u0441\u044f \u0432 \u0441\u043e\u0431\u0441\u0442\u0432\u0435\u043d\u043d\u044b\u0439 \u043a\u0430\u0440\u043c\u0430\u043d.\" \/>\n<meta name=\"robots\" content=\"index, follow, max-snippet:-1, max-image-preview:large, max-video-preview:-1\" \/>\n<link rel=\"canonical\" href=\"https:\/\/xstyle.md\/ro\/produs\/rjukzak-lifeventure-packable-25-l\/\" \/>\n<meta property=\"og:locale\" content=\"ro_RO\" \/>\n<meta property=\"og:type\" content=\"article\" \/>\n<meta property=\"og:title\" content=\"\u0420\u044e\u043a\u0437\u0430\u043a Lifeventure Packable 25 L - \u041c\u0430\u0433\u0430\u0437\u0438\u043d Xstyle\" \/>\n<meta property=\"og:description\" content=\"\u041b\u0435\u0433\u043a\u0438\u0439 \u0438 \u043a\u043e\u043c\u043f\u0430\u043a\u0442\u043d\u044b\u0439 \u0440\u044e\u043a\u0437\u0430\u043a Lifeventure Packable 25 L \u0438\u0434\u0435\u0430\u043b\u044c\u043d\u043e \u043f\u043e\u0434\u0445\u043e\u0434\u0438\u0442 \u0434\u043b\u044f \u043f\u0443\u0442\u0435\u0448\u0435\u0441\u0442\u0432\u0438\u0439 \u0438 \u0433\u043e\u0440\u043e\u0434\u0430. \u0423\u0434\u043e\u0431\u043d\u043e \u0443\u043f\u0430\u043a\u043e\u0432\u044b\u0432\u0430\u0435\u0442\u0441\u044f \u0432 \u0441\u043e\u0431\u0441\u0442\u0432\u0435\u043d\u043d\u044b\u0439 \u043a\u0430\u0440\u043c\u0430\u043d.\" \/>\n<meta property=\"og:url\" content=\"https:\/\/xstyle.md\/ro\/produs\/rjukzak-lifeventure-packable-25-l\/\" \/>\n<meta property=\"og:site_name\" content=\"\u041c\u0430\u0433\u0430\u0437\u0438\u043d Xstyle\" \/>\n<meta property=\"article:publisher\" content=\"https:\/\/www.facebook.com\/xstylemd\" \/>\n<meta property=\"article:modified_time\" content=\"2026-03-19T13:25:56+00:00\" \/>\n<meta property=\"og:image\" content=\"https:\/\/xstyle.md\/wp-content\/uploads\/2021\/06\/lifeventure-packable-25-l.jpg\" \/>\n\t<meta property=\"og:image:width\" content=\"486\" \/>\n\t<meta property=\"og:image:height\" content=\"537\" \/>\n\t<meta property=\"og:image:type\" content=\"image\/jpeg\" \/>\n<meta name=\"twitter:card\" content=\"summary_large_image\" \/>\n<meta name=\"twitter:label1\" content=\"Pre\u021b\" \/>\n\t<meta name=\"twitter:data1\" content=\"990&nbsp;MDL\" \/>\n\t<meta name=\"twitter:label2\" content=\"Disponibilitate\" \/>\n\t<meta name=\"twitter:data2\" content=\"Stoc epuizat\" \/>\n<script type=\"application\/ld+json\" class=\"yoast-schema-graph\">{\"@context\":\"https:\/\/schema.org\",\"@graph\":[{\"@type\":\"WebPage\",\"@id\":\"https:\/\/xstyle.md\/product\/rjukzak-lifeventure-packable-25-l\/\",\"url\":\"https:\/\/xstyle.md\/product\/rjukzak-lifeventure-packable-25-l\/\",\"name\":\"\u0420\u044e\u043a\u0437\u0430\u043a Lifeventure Packable 25 L - \u041c\u0430\u0433\u0430\u0437\u0438\u043d Xstyle\",\"isPartOf\":{\"@id\":\"https:\/\/xstyle.md\/#website\"},\"primaryImageOfPage\":{\"@id\":\"https:\/\/xstyle.md\/product\/rjukzak-lifeventure-packable-25-l\/#primaryimage\"},\"image\":{\"@id\":\"https:\/\/xstyle.md\/product\/rjukzak-lifeventure-packable-25-l\/#primaryimage\"},\"thumbnailUrl\":\"https:\/\/xstyle.md\/wp-content\/uploads\/2021\/06\/lifeventure-packable-25-l.jpg\",\"datePublished\":\"2021-06-23T10:48:55+00:00\",\"dateModified\":\"2026-03-19T13:25:56+00:00\",\"description\":\"\u041b\u0435\u0433\u043a\u0438\u0439 \u0438 \u043a\u043e\u043c\u043f\u0430\u043a\u0442\u043d\u044b\u0439 \u0440\u044e\u043a\u0437\u0430\u043a Lifeventure Packable 25 L \u0438\u0434\u0435\u0430\u043b\u044c\u043d\u043e \u043f\u043e\u0434\u0445\u043e\u0434\u0438\u0442 \u0434\u043b\u044f \u043f\u0443\u0442\u0435\u0448\u0435\u0441\u0442\u0432\u0438\u0439 \u0438 \u0433\u043e\u0440\u043e\u0434\u0430. \u0423\u0434\u043e\u0431\u043d\u043e \u0443\u043f\u0430\u043a\u043e\u0432\u044b\u0432\u0430\u0435\u0442\u0441\u044f \u0432 \u0441\u043e\u0431\u0441\u0442\u0432\u0435\u043d\u043d\u044b\u0439 \u043a\u0430\u0440\u043c\u0430\u043d.\",\"breadcrumb\":{\"@id\":\"https:\/\/xstyle.md\/product\/rjukzak-lifeventure-packable-25-l\/#breadcrumb\"},\"inLanguage\":\"ro-RO\",\"potentialAction\":[{\"@type\":\"ReadAction\",\"target\":[\"https:\/\/xstyle.md\/product\/rjukzak-lifeventure-packable-25-l\/\"]}]},{\"@type\":\"ImageObject\",\"inLanguage\":\"ro-RO\",\"@id\":\"https:\/\/xstyle.md\/product\/rjukzak-lifeventure-packable-25-l\/#primaryimage\",\"url\":\"https:\/\/xstyle.md\/wp-content\/uploads\/2021\/06\/lifeventure-packable-25-l.jpg\",\"contentUrl\":\"https:\/\/xstyle.md\/wp-content\/uploads\/2021\/06\/lifeventure-packable-25-l.jpg\",\"width\":486,\"height\":537,\"caption\":\"\u0420\u044e\u043a\u0437\u0430\u043a Lifeventure Packable 25 \u041b \u0434\u043b\u044f \u0430\u043a\u0442\u0438\u0432\u043d\u043e\u0433\u043e \u043e\u0442\u0434\u044b\u0445\u0430, \u043f\u043e\u0445\u043e\u0434\u043e\u0432, \u043f\u0443\u0442\u0435\u0448\u0435\u0441\u0442\u0432\u0438\u0439 \u0438 \u0430\u043b\u044c\u043f\u0438\u043d\u0438\u0437\u043c\u0430, \u0442\u043e\u0432\u0430\u0440\u044b \u0434\u043b\u044f \u0430\u043a\u0442\u0438\u0432\u043d\u043e\u0439 \u0436\u0438\u0437\u043d\u0438, \u0441\u043f\u043e\u0440\u0442 \u0438 \u0442\u0443\u0440\u0438\u0437\u043c\"},{\"@type\":\"BreadcrumbList\",\"@id\":\"https:\/\/xstyle.md\/product\/rjukzak-lifeventure-packable-25-l\/#breadcrumb\",\"itemListElement\":[{\"@type\":\"ListItem\",\"position\":1,\"name\":\"\u0413\u043b\u0430\u0432\u043d\u0430\u044f \u0441\u0442\u0440\u0430\u043d\u0438\u0446\u0430\",\"item\":\"https:\/\/xstyle.md\/\"},{\"@type\":\"ListItem\",\"position\":2,\"name\":\"\u041c\u0430\u0433\u0430\u0437\u0438\u043d\",\"item\":\"https:\/\/xstyle.md\/shop\/\"},{\"@type\":\"ListItem\",\"position\":3,\"name\":\"\u0420\u044e\u043a\u0437\u0430\u043a Lifeventure Packable 25 L\"}]},{\"@type\":\"WebSite\",\"@id\":\"https:\/\/xstyle.md\/#website\",\"url\":\"https:\/\/xstyle.md\/\",\"name\":\"\u041c\u0430\u0433\u0430\u0437\u0438\u043d Xstyle\",\"description\":\"C\u043d\u0430\u0440\u044f\u0436\u0435\u043d\u0438\u0435 \u0434\u043b\u044f \u0442\u0443\u0440\u0438\u0437\u043c\u0430 \u0438 \u044d\u043a\u0441\u0442\u0440\u0435\u043c\u0430\u043b\u044c\u043d\u044b\u0445 \u0432\u0438\u0434\u043e\u0432 \u0441\u043f\u043e\u0440\u0442\u0430 \u0432 \u041c\u043e\u043b\u0434\u043e\u0432\u0435.. \u0426\u0435\u043d\u044b, \u0444\u043e\u0442\u043e, \u0445\u0430\u0440\u0430\u043a\u0442\u0435\u0440\u0438\u0441\u0442\u0438\u043a\u0438 \u0432 \u041c\u043e\u043b\u0434\u043e\u0432\u0435.\",\"publisher\":{\"@id\":\"https:\/\/xstyle.md\/#organization\"},\"alternateName\":\"X-Style\",\"potentialAction\":[{\"@type\":\"SearchAction\",\"target\":{\"@type\":\"EntryPoint\",\"urlTemplate\":\"https:\/\/xstyle.md\/?s={search_term_string}\"},\"query-input\":{\"@type\":\"PropertyValueSpecification\",\"valueRequired\":true,\"valueName\":\"search_term_string\"}}],\"inLanguage\":\"ro-RO\"},{\"@type\":\"Organization\",\"@id\":\"https:\/\/xstyle.md\/#organization\",\"name\":\"\u041c\u0430\u0433\u0430\u0437\u0438\u043d Xstyle\",\"alternateName\":\"x-style\",\"url\":\"https:\/\/xstyle.md\/\",\"logo\":{\"@type\":\"ImageObject\",\"inLanguage\":\"ro-RO\",\"@id\":\"https:\/\/xstyle.md\/#\/schema\/logo\/image\/\",\"url\":\"https:\/\/xstyle.md\/wp-content\/uploads\/2020\/06\/logoicon.svg\",\"contentUrl\":\"https:\/\/xstyle.md\/wp-content\/uploads\/2020\/06\/logoicon.svg\",\"caption\":\"\u041c\u0430\u0433\u0430\u0437\u0438\u043d Xstyle\"},\"image\":{\"@id\":\"https:\/\/xstyle.md\/#\/schema\/logo\/image\/\"},\"sameAs\":[\"https:\/\/www.facebook.com\/xstylemd\",\"https:\/\/www.instagram.com\/xstyle_md\/\",\"https:\/\/t.me\/xstyle_outdoor\"],\"hasMerchantReturnPolicy\":{\"@type\":\"MerchantReturnPolicy\",\"merchantReturnLink\":\"https:\/\/xstyle.md\/ro\/conditions\/\"}}]}<\/script>\n<meta property=\"product:price:amount\" content=\"990.00\" \/>\n<meta property=\"product:price:currency\" content=\"MDL\" \/>\n<meta property=\"og:availability\" content=\"out of stock\" \/>\n<meta property=\"product:availability\" content=\"out of stock\" \/>\n<meta property=\"product:retailer_item_id\" content=\"5031863531207\" \/>\n<meta property=\"product:condition\" content=\"new\" \/>\n<!-- \/ Yoast SEO plugin. -->","yoast_head_json":{"title":"Rucsac Lifeventure Packable 25 L - Magazin Xstyle","description":"Rucsacul u\u0219or \u0219i compact Lifeventure Packable 25 L este perfect pentru c\u0103l\u0103torii \u0219i ora\u0219. Se \u00eempacheteaz\u0103 comod \u00een propriul s\u0103u buzunar.","robots":{"index":"index","follow":"follow","max-snippet":"max-snippet:-1","max-image-preview":"max-image-preview:large","max-video-preview":"max-video-preview:-1"},"canonical":"https:\/\/xstyle.md\/ro\/produs\/rjukzak-lifeventure-packable-25-l\/","og_locale":"ro_RO","og_type":"article","og_title":"\u0420\u044e\u043a\u0437\u0430\u043a Lifeventure Packable 25 L - \u041c\u0430\u0433\u0430\u0437\u0438\u043d Xstyle","og_description":"\u041b\u0435\u0433\u043a\u0438\u0439 \u0438 \u043a\u043e\u043c\u043f\u0430\u043a\u0442\u043d\u044b\u0439 \u0440\u044e\u043a\u0437\u0430\u043a Lifeventure Packable 25 L \u0438\u0434\u0435\u0430\u043b\u044c\u043d\u043e \u043f\u043e\u0434\u0445\u043e\u0434\u0438\u0442 \u0434\u043b\u044f \u043f\u0443\u0442\u0435\u0448\u0435\u0441\u0442\u0432\u0438\u0439 \u0438 \u0433\u043e\u0440\u043e\u0434\u0430. \u0423\u0434\u043e\u0431\u043d\u043e \u0443\u043f\u0430\u043a\u043e\u0432\u044b\u0432\u0430\u0435\u0442\u0441\u044f \u0432 \u0441\u043e\u0431\u0441\u0442\u0432\u0435\u043d\u043d\u044b\u0439 \u043a\u0430\u0440\u043c\u0430\u043d.","og_url":"https:\/\/xstyle.md\/ro\/produs\/rjukzak-lifeventure-packable-25-l\/","og_site_name":"\u041c\u0430\u0433\u0430\u0437\u0438\u043d Xstyle","article_publisher":"https:\/\/www.facebook.com\/xstylemd","article_modified_time":"2026-03-19T13:25:56+00:00","og_image":[{"width":486,"height":537,"url":"https:\/\/xstyle.md\/wp-content\/uploads\/2021\/06\/lifeventure-packable-25-l.jpg","type":"image\/jpeg"}],"twitter_card":"summary_large_image","twitter_misc":{"Pre\u021b":"990&nbsp;MDL","Disponibilitate":"Stoc epuizat"},"schema":{"@context":"https:\/\/schema.org","@graph":[{"@type":"WebPage","@id":"https:\/\/xstyle.md\/product\/rjukzak-lifeventure-packable-25-l\/","url":"https:\/\/xstyle.md\/product\/rjukzak-lifeventure-packable-25-l\/","name":"Rucsac Lifeventure Packable 25 L - Magazin Xstyle","isPartOf":{"@id":"https:\/\/xstyle.md\/#website"},"primaryImageOfPage":{"@id":"https:\/\/xstyle.md\/product\/rjukzak-lifeventure-packable-25-l\/#primaryimage"},"image":{"@id":"https:\/\/xstyle.md\/product\/rjukzak-lifeventure-packable-25-l\/#primaryimage"},"thumbnailUrl":"https:\/\/xstyle.md\/wp-content\/uploads\/2021\/06\/lifeventure-packable-25-l.jpg","datePublished":"2021-06-23T10:48:55+00:00","dateModified":"2026-03-19T13:25:56+00:00","description":"Rucsacul u\u0219or \u0219i compact Lifeventure Packable 25 L este perfect pentru c\u0103l\u0103torii \u0219i ora\u0219. Se \u00eempacheteaz\u0103 comod \u00een propriul s\u0103u buzunar.","breadcrumb":{"@id":"https:\/\/xstyle.md\/product\/rjukzak-lifeventure-packable-25-l\/#breadcrumb"},"inLanguage":"ro-RO","potentialAction":[{"@type":"ReadAction","target":["https:\/\/xstyle.md\/product\/rjukzak-lifeventure-packable-25-l\/"]}]},{"@type":"ImageObject","inLanguage":"ro-RO","@id":"https:\/\/xstyle.md\/product\/rjukzak-lifeventure-packable-25-l\/#primaryimage","url":"https:\/\/xstyle.md\/wp-content\/uploads\/2021\/06\/lifeventure-packable-25-l.jpg","contentUrl":"https:\/\/xstyle.md\/wp-content\/uploads\/2021\/06\/lifeventure-packable-25-l.jpg","width":486,"height":537,"caption":"\u0420\u044e\u043a\u0437\u0430\u043a Lifeventure Packable 25 \u041b \u0434\u043b\u044f \u0430\u043a\u0442\u0438\u0432\u043d\u043e\u0433\u043e \u043e\u0442\u0434\u044b\u0445\u0430, \u043f\u043e\u0445\u043e\u0434\u043e\u0432, \u043f\u0443\u0442\u0435\u0448\u0435\u0441\u0442\u0432\u0438\u0439 \u0438 \u0430\u043b\u044c\u043f\u0438\u043d\u0438\u0437\u043c\u0430, \u0442\u043e\u0432\u0430\u0440\u044b \u0434\u043b\u044f \u0430\u043a\u0442\u0438\u0432\u043d\u043e\u0439 \u0436\u0438\u0437\u043d\u0438, \u0441\u043f\u043e\u0440\u0442 \u0438 \u0442\u0443\u0440\u0438\u0437\u043c"},{"@type":"BreadcrumbList","@id":"https:\/\/xstyle.md\/product\/rjukzak-lifeventure-packable-25-l\/#breadcrumb","itemListElement":[{"@type":"ListItem","position":1,"name":"\u0413\u043b\u0430\u0432\u043d\u0430\u044f \u0441\u0442\u0440\u0430\u043d\u0438\u0446\u0430","item":"https:\/\/xstyle.md\/"},{"@type":"ListItem","position":2,"name":"\u041c\u0430\u0433\u0430\u0437\u0438\u043d","item":"https:\/\/xstyle.md\/shop\/"},{"@type":"ListItem","position":3,"name":"\u0420\u044e\u043a\u0437\u0430\u043a Lifeventure Packable 25 L"}]},{"@type":"WebSite","@id":"https:\/\/xstyle.md\/#website","url":"https:\/\/xstyle.md\/","name":"Magazinul X-Style","description":"Echipamente pentru turism \u0219i sporturi extreme \u00een Moldova. Pre\u021buri, fotografii, caracteristici \u00een Moldova.","publisher":{"@id":"https:\/\/xstyle.md\/#organization"},"alternateName":"X-Style","potentialAction":[{"@type":"SearchAction","target":{"@type":"EntryPoint","urlTemplate":"https:\/\/xstyle.md\/?s={search_term_string}"},"query-input":{"@type":"PropertyValueSpecification","valueRequired":true,"valueName":"search_term_string"}}],"inLanguage":"ro-RO"},{"@type":"Organization","@id":"https:\/\/xstyle.md\/#organization","name":"Magazinul X-Style","alternateName":"x-style","url":"https:\/\/xstyle.md\/","logo":{"@type":"ImageObject","inLanguage":"ro-RO","@id":"https:\/\/xstyle.md\/#\/schema\/logo\/image\/","url":"https:\/\/xstyle.md\/wp-content\/uploads\/2020\/06\/logoicon.svg","contentUrl":"https:\/\/xstyle.md\/wp-content\/uploads\/2020\/06\/logoicon.svg","caption":"\u041c\u0430\u0433\u0430\u0437\u0438\u043d Xstyle"},"image":{"@id":"https:\/\/xstyle.md\/#\/schema\/logo\/image\/"},"sameAs":["https:\/\/www.facebook.com\/xstylemd","https:\/\/www.instagram.com\/xstyle_md\/","https:\/\/t.me\/xstyle_outdoor"],"hasMerchantReturnPolicy":{"@type":"MerchantReturnPolicy","merchantReturnLink":"https:\/\/xstyle.md\/ro\/conditions\/"}}]},"product_price_amount":"990.00","product_price_currency":"MDL","og_availability":"out of stock","product_availability":"out of stock","product_retailer_item_id":"5031863531207","product_condition":"new"},"post_mailing_queue_ids":[],"_links":{"self":[{"href":"https:\/\/xstyle.md\/ro\/wp-json\/wp\/v2\/product\/36158","targetHints":{"allow":["GET"]}}],"collection":[{"href":"https:\/\/xstyle.md\/ro\/wp-json\/wp\/v2\/product"}],"about":[{"href":"https:\/\/xstyle.md\/ro\/wp-json\/wp\/v2\/types\/product"}],"replies":[{"embeddable":true,"href":"https:\/\/xstyle.md\/ro\/wp-json\/wp\/v2\/comments?post=36158"}],"wp:featuredmedia":[{"embeddable":true,"href":"https:\/\/xstyle.md\/ro\/wp-json\/wp\/v2\/media\/36485"}],"wp:attachment":[{"href":"https:\/\/xstyle.md\/ro\/wp-json\/wp\/v2\/media?parent=36158"}],"wp:term":[{"taxonomy":"product_brand","embeddable":true,"href":"https:\/\/xstyle.md\/ro\/wp-json\/wp\/v2\/product_brand?post=36158"},{"taxonomy":"product_cat","embeddable":true,"href":"https:\/\/xstyle.md\/ro\/wp-json\/wp\/v2\/product_cat?post=36158"},{"taxonomy":"product_tag","embeddable":true,"href":"https:\/\/xstyle.md\/ro\/wp-json\/wp\/v2\/product_tag?post=36158"}],"curies":[{"name":"wp","href":"https:\/\/api.w.org\/{rel}","templated":true}]}}