{"id":36152,"date":"2021-06-23T13:48:54","date_gmt":"2021-06-23T10:48:54","guid":{"rendered":"https:\/\/xstyle.md\/?post_type=product&#038;p=36152"},"modified":"2025-10-02T19:02:18","modified_gmt":"2025-10-02T16:02:18","slug":"antimoskitnaja-setka-lifesystems-midge-mosquito-head-net","status":"publish","type":"product","link":"https:\/\/xstyle.md\/ro\/produs\/antimoskitnaja-setka-lifesystems-midge-mosquito-head-net\/","title":{"rendered":"Plas\u0103 anti-\u021b\u00e2n\u021bari Lifesystems Midge\/Mosquito Head Net"},"content":{"rendered":"<\/p>\n<p><strong>Lifesystems Midge\/Mosquito Head Net<\/strong> &#8212; plasa anti-\u021b\u00e2n\u021bari este fabricat\u0103 din \u021bes\u0103tur\u0103 durabil\u0103 din poliester \u0219i are un cordon de str\u00e2ngere \u00een partea de jos. Aceast\u0103 casc\u0103 v\u0103 protejeaz\u0103 eficient capul, fa\u021ba \u0219i g\u00e2tul de insectele zbur\u0103toare enervante din exterior. Este recomandat\u0103 pentru utilizare \u00een zonele cu popula\u021bii mari de midges, \u021b\u00e2n\u021bari \u0219i alte insecte mici care mu\u0219c\u0103. Este recomandat s\u0103 purta\u021bi plasa pe o casc\u0103: panama, p\u0103l\u0103rie sau \u0219apc\u0103.<\/p>\n<h3>Particularit\u0103\u021bi<\/h3>\n<ul>\n<li>Plas\u0103 neagr\u0103 fin\u0103 cu 1001 g\u0103uri pe centimetru p\u0103trat<\/li>\n<li>\u0218nur de str\u00e2ngere \u00een partea de jos a plasei de \u021b\u00e2n\u021bari<\/li>\n<li>Greutate ultrau\u0219oar\u0103<\/li>\n<li>Geant\u0103 de depozitare \u0219i transport inclus\u0103<\/li>\n<\/ul>\n<h3>Caracteristici<\/h3>\n<ul>\n<li>Material &#8212; poliester<\/li>\n<li>Dimensiuni &#8212; 59 x 59 x 53 cm<\/li>\n<li>Greutate &#8212; 40g<\/li>\n<\/ul>\n<h3>Marca<\/h3>\n<p>Lifesystems este o companie britanic\u0103 care produce unelte \u0219i echipamente pentru turi\u0219ti \u0219i c\u0103l\u0103tori. Sub acest brand se produc truse de prim ajutor, spray-uri \u00eempotriva insectelor, creme de protec\u021bie solar\u0103, produse pentru purificarea \u0219i dezinfectarea apei, plase de \u021b\u00e2n\u021bari \u0219i alte lucruri utile pentru turi\u0219ti. O aten\u021bie deosebit\u0103 este acordat\u0103 calit\u0103\u021bii produselor. Acestea sunt foarte func\u021bionale, capabile s\u0103 r\u0103spund\u0103 nevoilor majorit\u0103\u021bii pasiona\u021bilor de activit\u0103\u021bi \u00een aer liber \u0219i a sportivilor extremi, testate pe teren, \u00een cele mai periculoase \u0219i greu accesibile locuri ale planetei.<\/p>\n<p><\/p>","protected":false},"excerpt":{"rendered":"<p>Plas\u0103 anti-\u021b\u00e2n\u021bari Lifesystems Midge\/Mosquito Head Net<\/p>","protected":false},"featured_media":36514,"comment_status":"open","ping_status":"closed","template":"","meta":{"_acf_changed":false,"inline_featured_image":false},"product_brand":[1417],"product_cat":[315],"product_tag":[],"class_list":{"0":"post-36152","1":"product","2":"type-product","3":"status-publish","4":"has-post-thumbnail","6":"product_brand-lifesystems","7":"product_cat-protection","9":"first","10":"instock","11":"shipping-taxable","12":"purchasable","13":"product-type-simple"},"acf":[],"yoast_head":"<!-- This site is optimized with the Yoast SEO plugin v27.2 - https:\/\/yoast.com\/product\/yoast-seo-wordpress\/ -->\n<title>\u0410\u043d\u0442\u0438\u043c\u043e\u0441\u043a\u0438\u0442\u043d\u0430\u044f \u0441\u0435\u0442\u043a\u0430 Lifesystems Midge\/Mosquito Head Net - \u041c\u0430\u0433\u0430\u0437\u0438\u043d Xstyle<\/title>\n<meta name=\"description\" content=\"\u0417\u0430\u0449\u0438\u0442\u0438\u0442\u0435 \u0441\u0435\u0431\u044f \u043e\u0442 \u043a\u043e\u043c\u0430\u0440\u043e\u0432 \u0441 \u0430\u043d\u0442\u0438\u043c\u043e\u0441\u043a\u0438\u0442\u043d\u043e\u0439 \u0441\u0435\u0442\u043a\u043e\u0439 Lifesystems Midge\/Mosquito Head Net. \u0423\u0434\u043e\u0431\u043d\u0430\u044f, \u043f\u0440\u043e\u0447\u043d\u0430\u044f \u0438 \u044d\u0444\u0444\u0435\u043a\u0442\u0438\u0432\u043d\u0430\u044f \u0437\u0430\u0449\u0438\u0442\u0430 \u0434\u043b\u044f \u0432\u0430\u0448\u0435\u0433\u043e \u043b\u0438\u0446\u0430 \u0438 \u0448\u0435\u0438!\" \/>\n<meta name=\"robots\" content=\"index, follow, max-snippet:-1, max-image-preview:large, max-video-preview:-1\" \/>\n<link rel=\"canonical\" href=\"https:\/\/xstyle.md\/ro\/produs\/antimoskitnaja-setka-lifesystems-midge-mosquito-head-net\/\" \/>\n<meta property=\"og:locale\" content=\"ro_RO\" \/>\n<meta property=\"og:type\" content=\"article\" \/>\n<meta property=\"og:title\" content=\"\u0410\u043d\u0442\u0438\u043c\u043e\u0441\u043a\u0438\u0442\u043d\u0430\u044f \u0441\u0435\u0442\u043a\u0430 Lifesystems Midge\/Mosquito Head Net - \u041c\u0430\u0433\u0430\u0437\u0438\u043d Xstyle\" \/>\n<meta property=\"og:description\" content=\"\u0417\u0430\u0449\u0438\u0442\u0438\u0442\u0435 \u0441\u0435\u0431\u044f \u043e\u0442 \u043a\u043e\u043c\u0430\u0440\u043e\u0432 \u0441 \u0430\u043d\u0442\u0438\u043c\u043e\u0441\u043a\u0438\u0442\u043d\u043e\u0439 \u0441\u0435\u0442\u043a\u043e\u0439 Lifesystems Midge\/Mosquito Head Net. \u0423\u0434\u043e\u0431\u043d\u0430\u044f, \u043f\u0440\u043e\u0447\u043d\u0430\u044f \u0438 \u044d\u0444\u0444\u0435\u043a\u0442\u0438\u0432\u043d\u0430\u044f \u0437\u0430\u0449\u0438\u0442\u0430 \u0434\u043b\u044f \u0432\u0430\u0448\u0435\u0433\u043e \u043b\u0438\u0446\u0430 \u0438 \u0448\u0435\u0438!\" \/>\n<meta property=\"og:url\" content=\"https:\/\/xstyle.md\/ro\/produs\/antimoskitnaja-setka-lifesystems-midge-mosquito-head-net\/\" \/>\n<meta property=\"og:site_name\" content=\"\u041c\u0430\u0433\u0430\u0437\u0438\u043d Xstyle\" \/>\n<meta property=\"article:publisher\" content=\"https:\/\/www.facebook.com\/xstylemd\" \/>\n<meta property=\"article:modified_time\" content=\"2025-10-02T16:02:18+00:00\" \/>\n<meta property=\"og:image\" content=\"https:\/\/xstyle.md\/wp-content\/uploads\/2021\/06\/lifesystems-midgemosquito-head-net.jpg\" \/>\n\t<meta property=\"og:image:width\" content=\"1092\" \/>\n\t<meta property=\"og:image:height\" content=\"1092\" \/>\n\t<meta property=\"og:image:type\" content=\"image\/jpeg\" \/>\n<meta name=\"twitter:card\" content=\"summary_large_image\" \/>\n<meta name=\"twitter:label1\" content=\"Pre\u021b\" \/>\n\t<meta name=\"twitter:data1\" content=\"145&nbsp;MDL\" \/>\n\t<meta name=\"twitter:label2\" content=\"Disponibilitate\" \/>\n\t<meta name=\"twitter:data2\" content=\"\u00cen stoc\" \/>\n<script type=\"application\/ld+json\" class=\"yoast-schema-graph\">{\"@context\":\"https:\/\/schema.org\",\"@graph\":[{\"@type\":\"WebPage\",\"@id\":\"https:\/\/xstyle.md\/product\/antimoskitnaja-setka-lifesystems-midge-mosquito-head-net\/\",\"url\":\"https:\/\/xstyle.md\/product\/antimoskitnaja-setka-lifesystems-midge-mosquito-head-net\/\",\"name\":\"\u0410\u043d\u0442\u0438\u043c\u043e\u0441\u043a\u0438\u0442\u043d\u0430\u044f \u0441\u0435\u0442\u043a\u0430 Lifesystems Midge\/Mosquito Head Net - \u041c\u0430\u0433\u0430\u0437\u0438\u043d Xstyle\",\"isPartOf\":{\"@id\":\"https:\/\/xstyle.md\/#website\"},\"primaryImageOfPage\":{\"@id\":\"https:\/\/xstyle.md\/product\/antimoskitnaja-setka-lifesystems-midge-mosquito-head-net\/#primaryimage\"},\"image\":{\"@id\":\"https:\/\/xstyle.md\/product\/antimoskitnaja-setka-lifesystems-midge-mosquito-head-net\/#primaryimage\"},\"thumbnailUrl\":\"https:\/\/xstyle.md\/wp-content\/uploads\/2021\/06\/lifesystems-midgemosquito-head-net.jpg\",\"datePublished\":\"2021-06-23T10:48:54+00:00\",\"dateModified\":\"2025-10-02T16:02:18+00:00\",\"description\":\"\u0417\u0430\u0449\u0438\u0442\u0438\u0442\u0435 \u0441\u0435\u0431\u044f \u043e\u0442 \u043a\u043e\u043c\u0430\u0440\u043e\u0432 \u0441 \u0430\u043d\u0442\u0438\u043c\u043e\u0441\u043a\u0438\u0442\u043d\u043e\u0439 \u0441\u0435\u0442\u043a\u043e\u0439 Lifesystems Midge\/Mosquito Head Net. \u0423\u0434\u043e\u0431\u043d\u0430\u044f, \u043f\u0440\u043e\u0447\u043d\u0430\u044f \u0438 \u044d\u0444\u0444\u0435\u043a\u0442\u0438\u0432\u043d\u0430\u044f \u0437\u0430\u0449\u0438\u0442\u0430 \u0434\u043b\u044f \u0432\u0430\u0448\u0435\u0433\u043e \u043b\u0438\u0446\u0430 \u0438 \u0448\u0435\u0438!\",\"breadcrumb\":{\"@id\":\"https:\/\/xstyle.md\/product\/antimoskitnaja-setka-lifesystems-midge-mosquito-head-net\/#breadcrumb\"},\"inLanguage\":\"ro-RO\",\"potentialAction\":[{\"@type\":\"ReadAction\",\"target\":[\"https:\/\/xstyle.md\/product\/antimoskitnaja-setka-lifesystems-midge-mosquito-head-net\/\"]}]},{\"@type\":\"ImageObject\",\"inLanguage\":\"ro-RO\",\"@id\":\"https:\/\/xstyle.md\/product\/antimoskitnaja-setka-lifesystems-midge-mosquito-head-net\/#primaryimage\",\"url\":\"https:\/\/xstyle.md\/wp-content\/uploads\/2021\/06\/lifesystems-midgemosquito-head-net.jpg\",\"contentUrl\":\"https:\/\/xstyle.md\/wp-content\/uploads\/2021\/06\/lifesystems-midgemosquito-head-net.jpg\",\"width\":1092,\"height\":1092,\"caption\":\"\u0410\u043d\u0442\u0438\u043c\u043e\u0441\u043a\u0438\u0442\u043d\u0430\u044f \u0441\u0435\u0442\u043a\u0430 Lifesystems \u0434\u043b\u044f \u0430\u043a\u0442\u0438\u0432\u043d\u043e\u0433\u043e \u043e\u0442\u0434\u044b\u0445\u0430, \u043f\u043e\u0445\u043e\u0434\u043e\u0432 \u0438 \u043f\u0443\u0442\u0435\u0448\u0435\u0441\u0442\u0432\u0438\u0439, \u0437\u0430\u0449\u0438\u0442\u0430 \u043e\u0442 \u043a\u043e\u043c\u0430\u0440\u043e\u0432 \u0438 \u043d\u0430\u0441\u0435\u043a\u043e\u043c\u044b\u0445, \u0434\u043e\u0441\u0442\u0430\u0432\u043a\u0430 \u043e\u0434\u0435\u0436\u0434\u044b \u0438 \u043e\u0431\u0443\u0432\u0438 \u0434\u043b\u044f \u0442\u0443\u0440\u0438\u0437\u043c\u0430 \u0438 \u0430\u043b\u044c\u043f\u0438\u043d\u0438\u0437\u043c\u0430\"},{\"@type\":\"BreadcrumbList\",\"@id\":\"https:\/\/xstyle.md\/product\/antimoskitnaja-setka-lifesystems-midge-mosquito-head-net\/#breadcrumb\",\"itemListElement\":[{\"@type\":\"ListItem\",\"position\":1,\"name\":\"\u0413\u043b\u0430\u0432\u043d\u0430\u044f \u0441\u0442\u0440\u0430\u043d\u0438\u0446\u0430\",\"item\":\"https:\/\/xstyle.md\/\"},{\"@type\":\"ListItem\",\"position\":2,\"name\":\"\u041c\u0430\u0433\u0430\u0437\u0438\u043d\",\"item\":\"https:\/\/xstyle.md\/shop\/\"},{\"@type\":\"ListItem\",\"position\":3,\"name\":\"\u0410\u043d\u0442\u0438\u043c\u043e\u0441\u043a\u0438\u0442\u043d\u0430\u044f \u0441\u0435\u0442\u043a\u0430 Lifesystems Midge\/Mosquito Head Net\"}]},{\"@type\":\"WebSite\",\"@id\":\"https:\/\/xstyle.md\/#website\",\"url\":\"https:\/\/xstyle.md\/\",\"name\":\"\u041c\u0430\u0433\u0430\u0437\u0438\u043d Xstyle\",\"description\":\"C\u043d\u0430\u0440\u044f\u0436\u0435\u043d\u0438\u0435 \u0434\u043b\u044f \u0442\u0443\u0440\u0438\u0437\u043c\u0430 \u0438 \u044d\u043a\u0441\u0442\u0440\u0435\u043c\u0430\u043b\u044c\u043d\u044b\u0445 \u0432\u0438\u0434\u043e\u0432 \u0441\u043f\u043e\u0440\u0442\u0430 \u0432 \u041c\u043e\u043b\u0434\u043e\u0432\u0435.. \u0426\u0435\u043d\u044b, \u0444\u043e\u0442\u043e, \u0445\u0430\u0440\u0430\u043a\u0442\u0435\u0440\u0438\u0441\u0442\u0438\u043a\u0438 \u0432 \u041c\u043e\u043b\u0434\u043e\u0432\u0435.\",\"publisher\":{\"@id\":\"https:\/\/xstyle.md\/#organization\"},\"alternateName\":\"X-Style\",\"potentialAction\":[{\"@type\":\"SearchAction\",\"target\":{\"@type\":\"EntryPoint\",\"urlTemplate\":\"https:\/\/xstyle.md\/?s={search_term_string}\"},\"query-input\":{\"@type\":\"PropertyValueSpecification\",\"valueRequired\":true,\"valueName\":\"search_term_string\"}}],\"inLanguage\":\"ro-RO\"},{\"@type\":\"Organization\",\"@id\":\"https:\/\/xstyle.md\/#organization\",\"name\":\"\u041c\u0430\u0433\u0430\u0437\u0438\u043d Xstyle\",\"alternateName\":\"x-style\",\"url\":\"https:\/\/xstyle.md\/\",\"logo\":{\"@type\":\"ImageObject\",\"inLanguage\":\"ro-RO\",\"@id\":\"https:\/\/xstyle.md\/#\/schema\/logo\/image\/\",\"url\":\"https:\/\/xstyle.md\/wp-content\/uploads\/2020\/06\/logoicon.svg\",\"contentUrl\":\"https:\/\/xstyle.md\/wp-content\/uploads\/2020\/06\/logoicon.svg\",\"caption\":\"\u041c\u0430\u0433\u0430\u0437\u0438\u043d Xstyle\"},\"image\":{\"@id\":\"https:\/\/xstyle.md\/#\/schema\/logo\/image\/\"},\"sameAs\":[\"https:\/\/www.facebook.com\/xstylemd\",\"https:\/\/www.instagram.com\/xstyle_md\/\",\"https:\/\/t.me\/xstyle_outdoor\"],\"hasMerchantReturnPolicy\":{\"@type\":\"MerchantReturnPolicy\",\"merchantReturnLink\":\"https:\/\/xstyle.md\/ro\/conditions\/\"}}]}<\/script>\n<meta property=\"product:price:amount\" content=\"145.00\" \/>\n<meta property=\"product:price:currency\" content=\"MDL\" \/>\n<meta property=\"og:availability\" content=\"instock\" \/>\n<meta property=\"product:availability\" content=\"instock\" \/>\n<meta property=\"product:retailer_item_id\" content=\"5031863050609\" \/>\n<meta property=\"product:condition\" content=\"new\" \/>\n<!-- \/ Yoast SEO plugin. -->","yoast_head_json":{"title":"Plas\u0103 anti-\u021b\u00e2n\u021bari Lifesystems Midge\/Mosquito Head Net - Magazin Xstyle","description":"Proteja\u021bi-v\u0103 de \u021b\u00e2n\u021bari cu plas\u0103 pentru cap antimosquito Lifesystems Midge\/Mosquito. O protec\u021bie confortabil\u0103, durabil\u0103 \u0219i eficient\u0103 pentru fa\u021ba \u0219i g\u00e2tul dumneavoastr\u0103!","robots":{"index":"index","follow":"follow","max-snippet":"max-snippet:-1","max-image-preview":"max-image-preview:large","max-video-preview":"max-video-preview:-1"},"canonical":"https:\/\/xstyle.md\/ro\/produs\/antimoskitnaja-setka-lifesystems-midge-mosquito-head-net\/","og_locale":"ro_RO","og_type":"article","og_title":"\u0410\u043d\u0442\u0438\u043c\u043e\u0441\u043a\u0438\u0442\u043d\u0430\u044f \u0441\u0435\u0442\u043a\u0430 Lifesystems Midge\/Mosquito Head Net - \u041c\u0430\u0433\u0430\u0437\u0438\u043d Xstyle","og_description":"\u0417\u0430\u0449\u0438\u0442\u0438\u0442\u0435 \u0441\u0435\u0431\u044f \u043e\u0442 \u043a\u043e\u043c\u0430\u0440\u043e\u0432 \u0441 \u0430\u043d\u0442\u0438\u043c\u043e\u0441\u043a\u0438\u0442\u043d\u043e\u0439 \u0441\u0435\u0442\u043a\u043e\u0439 Lifesystems Midge\/Mosquito Head Net. \u0423\u0434\u043e\u0431\u043d\u0430\u044f, \u043f\u0440\u043e\u0447\u043d\u0430\u044f \u0438 \u044d\u0444\u0444\u0435\u043a\u0442\u0438\u0432\u043d\u0430\u044f \u0437\u0430\u0449\u0438\u0442\u0430 \u0434\u043b\u044f \u0432\u0430\u0448\u0435\u0433\u043e \u043b\u0438\u0446\u0430 \u0438 \u0448\u0435\u0438!","og_url":"https:\/\/xstyle.md\/ro\/produs\/antimoskitnaja-setka-lifesystems-midge-mosquito-head-net\/","og_site_name":"\u041c\u0430\u0433\u0430\u0437\u0438\u043d Xstyle","article_publisher":"https:\/\/www.facebook.com\/xstylemd","article_modified_time":"2025-10-02T16:02:18+00:00","og_image":[{"width":1092,"height":1092,"url":"https:\/\/xstyle.md\/wp-content\/uploads\/2021\/06\/lifesystems-midgemosquito-head-net.jpg","type":"image\/jpeg"}],"twitter_card":"summary_large_image","twitter_misc":{"Pre\u021b":"145&nbsp;MDL","Disponibilitate":"\u00cen stoc"},"schema":{"@context":"https:\/\/schema.org","@graph":[{"@type":"WebPage","@id":"https:\/\/xstyle.md\/product\/antimoskitnaja-setka-lifesystems-midge-mosquito-head-net\/","url":"https:\/\/xstyle.md\/product\/antimoskitnaja-setka-lifesystems-midge-mosquito-head-net\/","name":"Plas\u0103 anti-\u021b\u00e2n\u021bari Lifesystems Midge\/Mosquito Head Net - Magazin Xstyle","isPartOf":{"@id":"https:\/\/xstyle.md\/#website"},"primaryImageOfPage":{"@id":"https:\/\/xstyle.md\/product\/antimoskitnaja-setka-lifesystems-midge-mosquito-head-net\/#primaryimage"},"image":{"@id":"https:\/\/xstyle.md\/product\/antimoskitnaja-setka-lifesystems-midge-mosquito-head-net\/#primaryimage"},"thumbnailUrl":"https:\/\/xstyle.md\/wp-content\/uploads\/2021\/06\/lifesystems-midgemosquito-head-net.jpg","datePublished":"2021-06-23T10:48:54+00:00","dateModified":"2025-10-02T16:02:18+00:00","description":"Proteja\u021bi-v\u0103 de \u021b\u00e2n\u021bari cu plas\u0103 pentru cap antimosquito Lifesystems Midge\/Mosquito. O protec\u021bie confortabil\u0103, durabil\u0103 \u0219i eficient\u0103 pentru fa\u021ba \u0219i g\u00e2tul dumneavoastr\u0103!","breadcrumb":{"@id":"https:\/\/xstyle.md\/product\/antimoskitnaja-setka-lifesystems-midge-mosquito-head-net\/#breadcrumb"},"inLanguage":"ro-RO","potentialAction":[{"@type":"ReadAction","target":["https:\/\/xstyle.md\/product\/antimoskitnaja-setka-lifesystems-midge-mosquito-head-net\/"]}]},{"@type":"ImageObject","inLanguage":"ro-RO","@id":"https:\/\/xstyle.md\/product\/antimoskitnaja-setka-lifesystems-midge-mosquito-head-net\/#primaryimage","url":"https:\/\/xstyle.md\/wp-content\/uploads\/2021\/06\/lifesystems-midgemosquito-head-net.jpg","contentUrl":"https:\/\/xstyle.md\/wp-content\/uploads\/2021\/06\/lifesystems-midgemosquito-head-net.jpg","width":1092,"height":1092,"caption":"\u0410\u043d\u0442\u0438\u043c\u043e\u0441\u043a\u0438\u0442\u043d\u0430\u044f \u0441\u0435\u0442\u043a\u0430 Lifesystems \u0434\u043b\u044f \u0430\u043a\u0442\u0438\u0432\u043d\u043e\u0433\u043e \u043e\u0442\u0434\u044b\u0445\u0430, \u043f\u043e\u0445\u043e\u0434\u043e\u0432 \u0438 \u043f\u0443\u0442\u0435\u0448\u0435\u0441\u0442\u0432\u0438\u0439, \u0437\u0430\u0449\u0438\u0442\u0430 \u043e\u0442 \u043a\u043e\u043c\u0430\u0440\u043e\u0432 \u0438 \u043d\u0430\u0441\u0435\u043a\u043e\u043c\u044b\u0445, \u0434\u043e\u0441\u0442\u0430\u0432\u043a\u0430 \u043e\u0434\u0435\u0436\u0434\u044b \u0438 \u043e\u0431\u0443\u0432\u0438 \u0434\u043b\u044f \u0442\u0443\u0440\u0438\u0437\u043c\u0430 \u0438 \u0430\u043b\u044c\u043f\u0438\u043d\u0438\u0437\u043c\u0430"},{"@type":"BreadcrumbList","@id":"https:\/\/xstyle.md\/product\/antimoskitnaja-setka-lifesystems-midge-mosquito-head-net\/#breadcrumb","itemListElement":[{"@type":"ListItem","position":1,"name":"\u0413\u043b\u0430\u0432\u043d\u0430\u044f \u0441\u0442\u0440\u0430\u043d\u0438\u0446\u0430","item":"https:\/\/xstyle.md\/"},{"@type":"ListItem","position":2,"name":"\u041c\u0430\u0433\u0430\u0437\u0438\u043d","item":"https:\/\/xstyle.md\/shop\/"},{"@type":"ListItem","position":3,"name":"\u0410\u043d\u0442\u0438\u043c\u043e\u0441\u043a\u0438\u0442\u043d\u0430\u044f \u0441\u0435\u0442\u043a\u0430 Lifesystems Midge\/Mosquito Head Net"}]},{"@type":"WebSite","@id":"https:\/\/xstyle.md\/#website","url":"https:\/\/xstyle.md\/","name":"Magazinul X-Style","description":"Echipamente pentru turism \u0219i sporturi extreme \u00een Moldova. Pre\u021buri, fotografii, caracteristici \u00een Moldova.","publisher":{"@id":"https:\/\/xstyle.md\/#organization"},"alternateName":"X-Style","potentialAction":[{"@type":"SearchAction","target":{"@type":"EntryPoint","urlTemplate":"https:\/\/xstyle.md\/?s={search_term_string}"},"query-input":{"@type":"PropertyValueSpecification","valueRequired":true,"valueName":"search_term_string"}}],"inLanguage":"ro-RO"},{"@type":"Organization","@id":"https:\/\/xstyle.md\/#organization","name":"Magazinul X-Style","alternateName":"x-style","url":"https:\/\/xstyle.md\/","logo":{"@type":"ImageObject","inLanguage":"ro-RO","@id":"https:\/\/xstyle.md\/#\/schema\/logo\/image\/","url":"https:\/\/xstyle.md\/wp-content\/uploads\/2020\/06\/logoicon.svg","contentUrl":"https:\/\/xstyle.md\/wp-content\/uploads\/2020\/06\/logoicon.svg","caption":"\u041c\u0430\u0433\u0430\u0437\u0438\u043d Xstyle"},"image":{"@id":"https:\/\/xstyle.md\/#\/schema\/logo\/image\/"},"sameAs":["https:\/\/www.facebook.com\/xstylemd","https:\/\/www.instagram.com\/xstyle_md\/","https:\/\/t.me\/xstyle_outdoor"],"hasMerchantReturnPolicy":{"@type":"MerchantReturnPolicy","merchantReturnLink":"https:\/\/xstyle.md\/ro\/conditions\/"}}]},"product_price_amount":"145.00","product_price_currency":"MDL","og_availability":"instock","product_availability":"instock","product_retailer_item_id":"5031863050609","product_condition":"new"},"post_mailing_queue_ids":[],"_links":{"self":[{"href":"https:\/\/xstyle.md\/ro\/wp-json\/wp\/v2\/product\/36152","targetHints":{"allow":["GET"]}}],"collection":[{"href":"https:\/\/xstyle.md\/ro\/wp-json\/wp\/v2\/product"}],"about":[{"href":"https:\/\/xstyle.md\/ro\/wp-json\/wp\/v2\/types\/product"}],"replies":[{"embeddable":true,"href":"https:\/\/xstyle.md\/ro\/wp-json\/wp\/v2\/comments?post=36152"}],"wp:featuredmedia":[{"embeddable":true,"href":"https:\/\/xstyle.md\/ro\/wp-json\/wp\/v2\/media\/36514"}],"wp:attachment":[{"href":"https:\/\/xstyle.md\/ro\/wp-json\/wp\/v2\/media?parent=36152"}],"wp:term":[{"taxonomy":"product_brand","embeddable":true,"href":"https:\/\/xstyle.md\/ro\/wp-json\/wp\/v2\/product_brand?post=36152"},{"taxonomy":"product_cat","embeddable":true,"href":"https:\/\/xstyle.md\/ro\/wp-json\/wp\/v2\/product_cat?post=36152"},{"taxonomy":"product_tag","embeddable":true,"href":"https:\/\/xstyle.md\/ro\/wp-json\/wp\/v2\/product_tag?post=36152"}],"curies":[{"name":"wp","href":"https:\/\/api.w.org\/{rel}","templated":true}]}}