{"id":36150,"date":"2021-06-23T13:48:52","date_gmt":"2021-06-23T10:48:52","guid":{"rendered":"https:\/\/xstyle.md\/?post_type=product&#038;p=36150"},"modified":"2026-03-14T21:48:20","modified_gmt":"2026-03-14T18:48:20","slug":"tabletki-obezzarazhivajushhie-lifesystems-chlorine-wp-tablets","status":"publish","type":"product","link":"https:\/\/xstyle.md\/ro\/produs\/tabletki-obezzarazhivajushhie-lifesystems-chlorine-wp-tablets\/","title":{"rendered":"Tablete decontaminare Lifesystems Chlorine WP Tablets"},"content":{"rendered":"<\/p>\n<p><strong>Lifesystems Chlorine WP Tablets<\/strong> &#8212; tablete pentru dezinfec\u021bia chimic\u0103 a apei. Va fi indispensabil\u0103 pentru camping, c\u0103l\u0103torii \u0219i \u00een locurile unde apa este de origine necunoscut\u0103 sau \u00eendoielnic\u0103. Clorul este un dezinfectant utilizat pe scar\u0103 larg\u0103, care distruge majoritatea virusurilor \u0219i bacteriilor din ap\u0103. Tabletele pot fi utilizate at\u00e2t pentru purificarea apei potabile, c\u00e2t \u0219i pentru dezinfectarea apei pentru sp\u0103larea din\u021bilor, sp\u0103larea fructelor \u0219i legumelor. Dezactiveaz\u0103 bacteriile, virusurile, chisturile, inclusiv Giardia \u0219i Cryptosporidium.<\/p>\n<h3>Particularit\u0103\u021bi<\/h3>\n<ul>\n<li>Timpul de dezinfec\u021bie este de numai 30 min.<\/li>\n<li>Baza comprimatelor &#8212; dioxidul de clor &#8212; este cel mai eficient \u0219i sigur mod de a purifica apa \u00een condi\u021bii de teren.<\/li>\n<li>Apa dezinfectat\u0103 \u00een acest mod nu are practic nici un miros \u0219i nici un gust rezidual.<\/li>\n<li>Un pachet de tablete (60 buc.) este suficient pentru a dezinfecta 60 de litri de ap\u0103.<\/li>\n<li>Recipient de depozitare din plastic inclus.<\/li>\n<\/ul>\n<h3>Caracteristici<\/h3>\n<ul>\n<li>Num\u0103r de tablete &#8212; 60 buc<\/li>\n<li>Volumul de ap\u0103 care urmeaz\u0103 s\u0103 fie tratat &#8212; 60 litri<\/li>\n<li>Termen de valabilitate &#8212; 3 ani.<\/li>\n<\/ul>\n<h3>Modul de utilizare<\/h3>\n<ol>\n<li>Elibera\u021bi apa de murd\u0103rie \u0219i resturi, strecur\u00e2nd-o cu o c\u00e2rp\u0103 bine \u021besut\u0103 &#8212; apa trebuie s\u0103 fie relativ limpede pentru dezinfectarea ulterioar\u0103.<\/li>\n<li>Ad\u0103uga\u021bi comprimatele \u00een rezervorul de ap\u0103 \u00een propor\u021bie de 1 comprimat la 1 litru de ap\u0103. \u00cen cazul \u00een care apa care urmeaz\u0103 s\u0103 fie tratat\u0103 este foarte rece sau poten\u021bial bogat\u0103 \u00een microorganisme, dubla\u021bi doza &#8212; 2 tablete la 1 litru de ap\u0103.<\/li>\n<li>Se amestec\u0103 bine \u0219i se a\u0219teapt\u0103 30 de minute p\u00e2n\u0103 c\u00e2nd apa este gata de utilizare.<\/li>\n<\/ol>\n<p><\/p>","protected":false},"excerpt":{"rendered":"<p>Tablete decontaminare Lifesystems Chlorine WP Tablets<\/p>","protected":false},"featured_media":37889,"comment_status":"open","ping_status":"closed","template":"","meta":{"_acf_changed":false,"inline_featured_image":false},"product_brand":[1421],"product_cat":[860],"product_tag":[],"class_list":{"0":"post-36150","1":"product","2":"type-product","3":"status-publish","4":"has-post-thumbnail","6":"product_brand-lifeventure","7":"product_cat-filtre-pentru-apa","9":"first","10":"outofstock","11":"shipping-taxable","12":"product-type-simple"},"acf":[],"yoast_head":"<!-- This site is optimized with the Yoast SEO plugin v27.4 - https:\/\/yoast.com\/product\/yoast-seo-wordpress\/ -->\n<title>\u0422\u0430\u0431\u043b\u0435\u0442\u043a\u0438 \u043e\u0431\u0435\u0437\u0437\u0430\u0440\u0430\u0436\u0438\u0432\u0430\u044e\u0449\u0438\u0435 Lifesystems Chlorine WP Tablets - \u041c\u0430\u0433\u0430\u0437\u0438\u043d Xstyle<\/title>\n<meta name=\"description\" content=\"\u0422\u0430\u0431\u043b\u0435\u0442\u043a\u0438 Lifesystems Chlorine WP \u0434\u043b\u044f \u043e\u0431\u0435\u0437\u0437\u0430\u0440\u0430\u0436\u0438\u0432\u0430\u043d\u0438\u044f \u0432\u043e\u0434\u044b \u044d\u0444\u0444\u0435\u043a\u0442\u0438\u0432\u043d\u043e \u0443\u043d\u0438\u0447\u0442\u043e\u0436\u0430\u044e\u0442 Giardia \u0438 Cryptosporidium. \u0418\u0434\u0435\u0430\u043b\u044c\u043d\u044b \u0434\u043b\u044f \u043a\u0435\u043c\u043f\u0438\u043d\u0433\u0430 \u0438 \u043f\u0443\u0442\u0435\u0448\u0435\u0441\u0442\u0432\u0438\u0439.\" \/>\n<meta name=\"robots\" content=\"index, follow, max-snippet:-1, max-image-preview:large, max-video-preview:-1\" \/>\n<link rel=\"canonical\" href=\"https:\/\/xstyle.md\/ro\/produs\/tabletki-obezzarazhivajushhie-lifesystems-chlorine-wp-tablets\/\" \/>\n<meta property=\"og:locale\" content=\"ro_RO\" \/>\n<meta property=\"og:type\" content=\"article\" \/>\n<meta property=\"og:title\" content=\"\u0422\u0430\u0431\u043b\u0435\u0442\u043a\u0438 \u043e\u0431\u0435\u0437\u0437\u0430\u0440\u0430\u0436\u0438\u0432\u0430\u044e\u0449\u0438\u0435 Lifesystems Chlorine WP Tablets - \u041c\u0430\u0433\u0430\u0437\u0438\u043d Xstyle\" \/>\n<meta property=\"og:description\" content=\"\u0422\u0430\u0431\u043b\u0435\u0442\u043a\u0438 Lifesystems Chlorine WP \u0434\u043b\u044f \u043e\u0431\u0435\u0437\u0437\u0430\u0440\u0430\u0436\u0438\u0432\u0430\u043d\u0438\u044f \u0432\u043e\u0434\u044b \u044d\u0444\u0444\u0435\u043a\u0442\u0438\u0432\u043d\u043e \u0443\u043d\u0438\u0447\u0442\u043e\u0436\u0430\u044e\u0442 Giardia \u0438 Cryptosporidium. \u0418\u0434\u0435\u0430\u043b\u044c\u043d\u044b \u0434\u043b\u044f \u043a\u0435\u043c\u043f\u0438\u043d\u0433\u0430 \u0438 \u043f\u0443\u0442\u0435\u0448\u0435\u0441\u0442\u0432\u0438\u0439.\" \/>\n<meta property=\"og:url\" content=\"https:\/\/xstyle.md\/ro\/produs\/tabletki-obezzarazhivajushhie-lifesystems-chlorine-wp-tablets\/\" \/>\n<meta property=\"og:site_name\" content=\"\u041c\u0430\u0433\u0430\u0437\u0438\u043d Xstyle\" \/>\n<meta property=\"article:publisher\" content=\"https:\/\/www.facebook.com\/xstylemd\" \/>\n<meta property=\"article:modified_time\" content=\"2026-03-14T18:48:20+00:00\" \/>\n<meta property=\"og:image\" content=\"https:\/\/xstyle.md\/wp-content\/uploads\/2021\/06\/lifesystems-chlorine-wp-tablets-500x481-1.jpeg\" \/>\n\t<meta property=\"og:image:width\" content=\"361\" \/>\n\t<meta property=\"og:image:height\" content=\"430\" \/>\n\t<meta property=\"og:image:type\" content=\"image\/jpeg\" \/>\n<meta name=\"twitter:card\" content=\"summary_large_image\" \/>\n<meta name=\"twitter:label1\" content=\"Pre\u021b\" \/>\n\t<meta name=\"twitter:data1\" content=\"85&nbsp;MDL\" \/>\n\t<meta name=\"twitter:label2\" content=\"Disponibilitate\" \/>\n\t<meta name=\"twitter:data2\" content=\"Stoc epuizat\" \/>\n<script type=\"application\/ld+json\" class=\"yoast-schema-graph\">{\"@context\":\"https:\\\/\\\/schema.org\",\"@graph\":[{\"@type\":\"WebPage\",\"@id\":\"https:\\\/\\\/xstyle.md\\\/product\\\/tabletki-obezzarazhivajushhie-lifesystems-chlorine-wp-tablets\\\/\",\"url\":\"https:\\\/\\\/xstyle.md\\\/product\\\/tabletki-obezzarazhivajushhie-lifesystems-chlorine-wp-tablets\\\/\",\"name\":\"\u0422\u0430\u0431\u043b\u0435\u0442\u043a\u0438 \u043e\u0431\u0435\u0437\u0437\u0430\u0440\u0430\u0436\u0438\u0432\u0430\u044e\u0449\u0438\u0435 Lifesystems Chlorine WP Tablets - \u041c\u0430\u0433\u0430\u0437\u0438\u043d Xstyle\",\"isPartOf\":{\"@id\":\"https:\\\/\\\/xstyle.md\\\/#website\"},\"primaryImageOfPage\":{\"@id\":\"https:\\\/\\\/xstyle.md\\\/product\\\/tabletki-obezzarazhivajushhie-lifesystems-chlorine-wp-tablets\\\/#primaryimage\"},\"image\":{\"@id\":\"https:\\\/\\\/xstyle.md\\\/product\\\/tabletki-obezzarazhivajushhie-lifesystems-chlorine-wp-tablets\\\/#primaryimage\"},\"thumbnailUrl\":\"https:\\\/\\\/xstyle.md\\\/wp-content\\\/uploads\\\/2021\\\/06\\\/lifesystems-chlorine-wp-tablets-500x481-1.jpeg\",\"datePublished\":\"2021-06-23T10:48:52+00:00\",\"dateModified\":\"2026-03-14T18:48:20+00:00\",\"description\":\"\u0422\u0430\u0431\u043b\u0435\u0442\u043a\u0438 Lifesystems Chlorine WP \u0434\u043b\u044f \u043e\u0431\u0435\u0437\u0437\u0430\u0440\u0430\u0436\u0438\u0432\u0430\u043d\u0438\u044f \u0432\u043e\u0434\u044b \u044d\u0444\u0444\u0435\u043a\u0442\u0438\u0432\u043d\u043e \u0443\u043d\u0438\u0447\u0442\u043e\u0436\u0430\u044e\u0442 Giardia \u0438 Cryptosporidium. \u0418\u0434\u0435\u0430\u043b\u044c\u043d\u044b \u0434\u043b\u044f \u043a\u0435\u043c\u043f\u0438\u043d\u0433\u0430 \u0438 \u043f\u0443\u0442\u0435\u0448\u0435\u0441\u0442\u0432\u0438\u0439.\",\"breadcrumb\":{\"@id\":\"https:\\\/\\\/xstyle.md\\\/product\\\/tabletki-obezzarazhivajushhie-lifesystems-chlorine-wp-tablets\\\/#breadcrumb\"},\"inLanguage\":\"ro-RO\",\"potentialAction\":[{\"@type\":\"ReadAction\",\"target\":[\"https:\\\/\\\/xstyle.md\\\/product\\\/tabletki-obezzarazhivajushhie-lifesystems-chlorine-wp-tablets\\\/\"]}]},{\"@type\":\"ImageObject\",\"inLanguage\":\"ro-RO\",\"@id\":\"https:\\\/\\\/xstyle.md\\\/product\\\/tabletki-obezzarazhivajushhie-lifesystems-chlorine-wp-tablets\\\/#primaryimage\",\"url\":\"https:\\\/\\\/xstyle.md\\\/wp-content\\\/uploads\\\/2021\\\/06\\\/lifesystems-chlorine-wp-tablets-500x481-1.jpeg\",\"contentUrl\":\"https:\\\/\\\/xstyle.md\\\/wp-content\\\/uploads\\\/2021\\\/06\\\/lifesystems-chlorine-wp-tablets-500x481-1.jpeg\",\"width\":361,\"height\":430,\"caption\":\"\u041e\u0431\u0435\u0437\u0437\u0430\u0440\u0430\u0436\u0438\u0432\u0430\u044e\u0449\u0438\u0435 \u0442\u0430\u0431\u043b\u0435\u0442\u043a\u0438 \u0434\u043b\u044f \u0430\u043a\u0442\u0438\u0432\u043d\u043e\u0439 \u0436\u0438\u0437\u043d\u0438, \u043f\u043e\u0445\u043e\u0434\u043e\u0432 \u0438 \u043f\u0443\u0442\u0435\u0448\u0435\u0441\u0442\u0432\u0438\u0439, \u0441\u0440\u0435\u0434\u0441\u0442\u0432\u0430 \u0434\u043b\u044f \u0433\u0438\u0433\u0438\u0435\u043d\u044b, \u044d\u043a\u0438\u043f\u0438\u0440\u043e\u0432\u043a\u0430 \u0434\u043b\u044f \u0442\u0443\u0440\u0438\u0437\u043c\u0430 \u0438 \u0430\u043b\u044c\u043f\u0438\u043d\u0438\u0437\u043c\u0430, \u043e\u0431\u0443\u0432\u044c \u0438 \u043e\u0434\u0435\u0436\u0434\u0430 \u0434\u043b\u044f \u0430\u043a\u0442\u0438\u0432\u043d\u043e\u0433\u043e \u043e\u0442\u0434\u044b\u0445\u0430\"},{\"@type\":\"BreadcrumbList\",\"@id\":\"https:\\\/\\\/xstyle.md\\\/product\\\/tabletki-obezzarazhivajushhie-lifesystems-chlorine-wp-tablets\\\/#breadcrumb\",\"itemListElement\":[{\"@type\":\"ListItem\",\"position\":1,\"name\":\"\u0413\u043b\u0430\u0432\u043d\u0430\u044f \u0441\u0442\u0440\u0430\u043d\u0438\u0446\u0430\",\"item\":\"https:\\\/\\\/xstyle.md\\\/\"},{\"@type\":\"ListItem\",\"position\":2,\"name\":\"\u041c\u0430\u0433\u0430\u0437\u0438\u043d\",\"item\":\"https:\\\/\\\/xstyle.md\\\/shop\\\/\"},{\"@type\":\"ListItem\",\"position\":3,\"name\":\"\u0422\u0430\u0431\u043b\u0435\u0442\u043a\u0438 \u043e\u0431\u0435\u0437\u0437\u0430\u0440\u0430\u0436\u0438\u0432\u0430\u044e\u0449\u0438\u0435 Lifesystems Chlorine WP Tablets\"}]},{\"@type\":\"WebSite\",\"@id\":\"https:\\\/\\\/xstyle.md\\\/#website\",\"url\":\"https:\\\/\\\/xstyle.md\\\/\",\"name\":\"\u041c\u0430\u0433\u0430\u0437\u0438\u043d Xstyle\",\"description\":\"C\u043d\u0430\u0440\u044f\u0436\u0435\u043d\u0438\u0435 \u0434\u043b\u044f \u0442\u0443\u0440\u0438\u0437\u043c\u0430 \u0438 \u044d\u043a\u0441\u0442\u0440\u0435\u043c\u0430\u043b\u044c\u043d\u044b\u0445 \u0432\u0438\u0434\u043e\u0432 \u0441\u043f\u043e\u0440\u0442\u0430 \u0432 \u041c\u043e\u043b\u0434\u043e\u0432\u0435.. \u0426\u0435\u043d\u044b, \u0444\u043e\u0442\u043e, \u0445\u0430\u0440\u0430\u043a\u0442\u0435\u0440\u0438\u0441\u0442\u0438\u043a\u0438 \u0432 \u041c\u043e\u043b\u0434\u043e\u0432\u0435.\",\"publisher\":{\"@id\":\"https:\\\/\\\/xstyle.md\\\/#organization\"},\"alternateName\":\"X-Style\",\"potentialAction\":[{\"@type\":\"SearchAction\",\"target\":{\"@type\":\"EntryPoint\",\"urlTemplate\":\"https:\\\/\\\/xstyle.md\\\/?s={search_term_string}\"},\"query-input\":{\"@type\":\"PropertyValueSpecification\",\"valueRequired\":true,\"valueName\":\"search_term_string\"}}],\"inLanguage\":\"ro-RO\"},{\"@type\":\"Organization\",\"@id\":\"https:\\\/\\\/xstyle.md\\\/#organization\",\"name\":\"\u041c\u0430\u0433\u0430\u0437\u0438\u043d Xstyle\",\"alternateName\":\"x-style\",\"url\":\"https:\\\/\\\/xstyle.md\\\/\",\"logo\":{\"@type\":\"ImageObject\",\"inLanguage\":\"ro-RO\",\"@id\":\"https:\\\/\\\/xstyle.md\\\/#\\\/schema\\\/logo\\\/image\\\/\",\"url\":\"https:\\\/\\\/xstyle.md\\\/wp-content\\\/uploads\\\/2020\\\/06\\\/logoicon.svg\",\"contentUrl\":\"https:\\\/\\\/xstyle.md\\\/wp-content\\\/uploads\\\/2020\\\/06\\\/logoicon.svg\",\"caption\":\"\u041c\u0430\u0433\u0430\u0437\u0438\u043d Xstyle\"},\"image\":{\"@id\":\"https:\\\/\\\/xstyle.md\\\/#\\\/schema\\\/logo\\\/image\\\/\"},\"sameAs\":[\"https:\\\/\\\/www.facebook.com\\\/xstylemd\",\"https:\\\/\\\/www.instagram.com\\\/xstyle_md\\\/\",\"https:\\\/\\\/t.me\\\/xstyle_outdoor\"],\"hasMerchantReturnPolicy\":{\"@type\":\"MerchantReturnPolicy\",\"merchantReturnLink\":\"https:\\\/\\\/xstyle.md\\\/ro\\\/conditions\\\/\"}}]}<\/script>\n<meta property=\"product:price:amount\" content=\"85.00\" \/>\n<meta property=\"product:price:currency\" content=\"MDL\" \/>\n<meta property=\"og:availability\" content=\"out of stock\" \/>\n<meta property=\"product:availability\" content=\"out of stock\" \/>\n<meta property=\"product:retailer_item_id\" content=\"5031863003124\" \/>\n<meta property=\"product:condition\" content=\"new\" \/>\n<!-- \/ Yoast SEO plugin. -->","yoast_head_json":{"title":"Tablete decontaminare Lifesystems Chlorine WP Tablets - Magazin Xstyle","description":"Tabletele Lifesystems Chlorine WP pentru dezinfectarea apei distrug eficient Giardia \u0219i Cryptosporidium. Sunt ideale pentru camping \u0219i c\u0103l\u0103torii.","robots":{"index":"index","follow":"follow","max-snippet":"max-snippet:-1","max-image-preview":"max-image-preview:large","max-video-preview":"max-video-preview:-1"},"canonical":"https:\/\/xstyle.md\/ro\/produs\/tabletki-obezzarazhivajushhie-lifesystems-chlorine-wp-tablets\/","og_locale":"ro_RO","og_type":"article","og_title":"\u0422\u0430\u0431\u043b\u0435\u0442\u043a\u0438 \u043e\u0431\u0435\u0437\u0437\u0430\u0440\u0430\u0436\u0438\u0432\u0430\u044e\u0449\u0438\u0435 Lifesystems Chlorine WP Tablets - \u041c\u0430\u0433\u0430\u0437\u0438\u043d Xstyle","og_description":"\u0422\u0430\u0431\u043b\u0435\u0442\u043a\u0438 Lifesystems Chlorine WP \u0434\u043b\u044f \u043e\u0431\u0435\u0437\u0437\u0430\u0440\u0430\u0436\u0438\u0432\u0430\u043d\u0438\u044f \u0432\u043e\u0434\u044b \u044d\u0444\u0444\u0435\u043a\u0442\u0438\u0432\u043d\u043e \u0443\u043d\u0438\u0447\u0442\u043e\u0436\u0430\u044e\u0442 Giardia \u0438 Cryptosporidium. \u0418\u0434\u0435\u0430\u043b\u044c\u043d\u044b \u0434\u043b\u044f \u043a\u0435\u043c\u043f\u0438\u043d\u0433\u0430 \u0438 \u043f\u0443\u0442\u0435\u0448\u0435\u0441\u0442\u0432\u0438\u0439.","og_url":"https:\/\/xstyle.md\/ro\/produs\/tabletki-obezzarazhivajushhie-lifesystems-chlorine-wp-tablets\/","og_site_name":"\u041c\u0430\u0433\u0430\u0437\u0438\u043d Xstyle","article_publisher":"https:\/\/www.facebook.com\/xstylemd","article_modified_time":"2026-03-14T18:48:20+00:00","og_image":[{"width":361,"height":430,"url":"https:\/\/xstyle.md\/wp-content\/uploads\/2021\/06\/lifesystems-chlorine-wp-tablets-500x481-1.jpeg","type":"image\/jpeg"}],"twitter_card":"summary_large_image","twitter_misc":{"Pre\u021b":"85&nbsp;MDL","Disponibilitate":"Stoc epuizat"},"schema":{"@context":"https:\/\/schema.org","@graph":[{"@type":"WebPage","@id":"https:\/\/xstyle.md\/product\/tabletki-obezzarazhivajushhie-lifesystems-chlorine-wp-tablets\/","url":"https:\/\/xstyle.md\/product\/tabletki-obezzarazhivajushhie-lifesystems-chlorine-wp-tablets\/","name":"Tablete decontaminare Lifesystems Chlorine WP Tablets - Magazin Xstyle","isPartOf":{"@id":"https:\/\/xstyle.md\/#website"},"primaryImageOfPage":{"@id":"https:\/\/xstyle.md\/product\/tabletki-obezzarazhivajushhie-lifesystems-chlorine-wp-tablets\/#primaryimage"},"image":{"@id":"https:\/\/xstyle.md\/product\/tabletki-obezzarazhivajushhie-lifesystems-chlorine-wp-tablets\/#primaryimage"},"thumbnailUrl":"https:\/\/xstyle.md\/wp-content\/uploads\/2021\/06\/lifesystems-chlorine-wp-tablets-500x481-1.jpeg","datePublished":"2021-06-23T10:48:52+00:00","dateModified":"2026-03-14T18:48:20+00:00","description":"Tabletele Lifesystems Chlorine WP pentru dezinfectarea apei distrug eficient Giardia \u0219i Cryptosporidium. Sunt ideale pentru camping \u0219i c\u0103l\u0103torii.","breadcrumb":{"@id":"https:\/\/xstyle.md\/product\/tabletki-obezzarazhivajushhie-lifesystems-chlorine-wp-tablets\/#breadcrumb"},"inLanguage":"ro-RO","potentialAction":[{"@type":"ReadAction","target":["https:\/\/xstyle.md\/product\/tabletki-obezzarazhivajushhie-lifesystems-chlorine-wp-tablets\/"]}]},{"@type":"ImageObject","inLanguage":"ro-RO","@id":"https:\/\/xstyle.md\/product\/tabletki-obezzarazhivajushhie-lifesystems-chlorine-wp-tablets\/#primaryimage","url":"https:\/\/xstyle.md\/wp-content\/uploads\/2021\/06\/lifesystems-chlorine-wp-tablets-500x481-1.jpeg","contentUrl":"https:\/\/xstyle.md\/wp-content\/uploads\/2021\/06\/lifesystems-chlorine-wp-tablets-500x481-1.jpeg","width":361,"height":430,"caption":"\u041e\u0431\u0435\u0437\u0437\u0430\u0440\u0430\u0436\u0438\u0432\u0430\u044e\u0449\u0438\u0435 \u0442\u0430\u0431\u043b\u0435\u0442\u043a\u0438 \u0434\u043b\u044f \u0430\u043a\u0442\u0438\u0432\u043d\u043e\u0439 \u0436\u0438\u0437\u043d\u0438, \u043f\u043e\u0445\u043e\u0434\u043e\u0432 \u0438 \u043f\u0443\u0442\u0435\u0448\u0435\u0441\u0442\u0432\u0438\u0439, \u0441\u0440\u0435\u0434\u0441\u0442\u0432\u0430 \u0434\u043b\u044f \u0433\u0438\u0433\u0438\u0435\u043d\u044b, \u044d\u043a\u0438\u043f\u0438\u0440\u043e\u0432\u043a\u0430 \u0434\u043b\u044f \u0442\u0443\u0440\u0438\u0437\u043c\u0430 \u0438 \u0430\u043b\u044c\u043f\u0438\u043d\u0438\u0437\u043c\u0430, \u043e\u0431\u0443\u0432\u044c \u0438 \u043e\u0434\u0435\u0436\u0434\u0430 \u0434\u043b\u044f \u0430\u043a\u0442\u0438\u0432\u043d\u043e\u0433\u043e \u043e\u0442\u0434\u044b\u0445\u0430"},{"@type":"BreadcrumbList","@id":"https:\/\/xstyle.md\/product\/tabletki-obezzarazhivajushhie-lifesystems-chlorine-wp-tablets\/#breadcrumb","itemListElement":[{"@type":"ListItem","position":1,"name":"\u0413\u043b\u0430\u0432\u043d\u0430\u044f \u0441\u0442\u0440\u0430\u043d\u0438\u0446\u0430","item":"https:\/\/xstyle.md\/"},{"@type":"ListItem","position":2,"name":"\u041c\u0430\u0433\u0430\u0437\u0438\u043d","item":"https:\/\/xstyle.md\/shop\/"},{"@type":"ListItem","position":3,"name":"\u0422\u0430\u0431\u043b\u0435\u0442\u043a\u0438 \u043e\u0431\u0435\u0437\u0437\u0430\u0440\u0430\u0436\u0438\u0432\u0430\u044e\u0449\u0438\u0435 Lifesystems Chlorine WP Tablets"}]},{"@type":"WebSite","@id":"https:\/\/xstyle.md\/#website","url":"https:\/\/xstyle.md\/","name":"Magazinul X-Style","description":"Echipamente pentru turism \u0219i sporturi extreme \u00een Moldova. Pre\u021buri, fotografii, caracteristici \u00een Moldova.","publisher":{"@id":"https:\/\/xstyle.md\/#organization"},"alternateName":"X-Style","potentialAction":[{"@type":"SearchAction","target":{"@type":"EntryPoint","urlTemplate":"https:\/\/xstyle.md\/?s={search_term_string}"},"query-input":{"@type":"PropertyValueSpecification","valueRequired":true,"valueName":"search_term_string"}}],"inLanguage":"ro-RO"},{"@type":"Organization","@id":"https:\/\/xstyle.md\/#organization","name":"Magazinul X-Style","alternateName":"x-style","url":"https:\/\/xstyle.md\/","logo":{"@type":"ImageObject","inLanguage":"ro-RO","@id":"https:\/\/xstyle.md\/#\/schema\/logo\/image\/","url":"https:\/\/xstyle.md\/wp-content\/uploads\/2020\/06\/logoicon.svg","contentUrl":"https:\/\/xstyle.md\/wp-content\/uploads\/2020\/06\/logoicon.svg","caption":"\u041c\u0430\u0433\u0430\u0437\u0438\u043d Xstyle"},"image":{"@id":"https:\/\/xstyle.md\/#\/schema\/logo\/image\/"},"sameAs":["https:\/\/www.facebook.com\/xstylemd","https:\/\/www.instagram.com\/xstyle_md\/","https:\/\/t.me\/xstyle_outdoor"],"hasMerchantReturnPolicy":{"@type":"MerchantReturnPolicy","merchantReturnLink":"https:\/\/xstyle.md\/ro\/conditions\/"}}]},"product_price_amount":"85.00","product_price_currency":"MDL","og_availability":"out of stock","product_availability":"out of stock","product_retailer_item_id":"5031863003124","product_condition":"new"},"post_mailing_queue_ids":[],"_links":{"self":[{"href":"https:\/\/xstyle.md\/ro\/wp-json\/wp\/v2\/product\/36150","targetHints":{"allow":["GET"]}}],"collection":[{"href":"https:\/\/xstyle.md\/ro\/wp-json\/wp\/v2\/product"}],"about":[{"href":"https:\/\/xstyle.md\/ro\/wp-json\/wp\/v2\/types\/product"}],"replies":[{"embeddable":true,"href":"https:\/\/xstyle.md\/ro\/wp-json\/wp\/v2\/comments?post=36150"}],"wp:featuredmedia":[{"embeddable":true,"href":"https:\/\/xstyle.md\/ro\/wp-json\/wp\/v2\/media\/37889"}],"wp:attachment":[{"href":"https:\/\/xstyle.md\/ro\/wp-json\/wp\/v2\/media?parent=36150"}],"wp:term":[{"taxonomy":"product_brand","embeddable":true,"href":"https:\/\/xstyle.md\/ro\/wp-json\/wp\/v2\/product_brand?post=36150"},{"taxonomy":"product_cat","embeddable":true,"href":"https:\/\/xstyle.md\/ro\/wp-json\/wp\/v2\/product_cat?post=36150"},{"taxonomy":"product_tag","embeddable":true,"href":"https:\/\/xstyle.md\/ro\/wp-json\/wp\/v2\/product_tag?post=36150"}],"curies":[{"name":"wp","href":"https:\/\/api.w.org\/{rel}","templated":true}]}}