{"id":36136,"date":"2021-06-23T13:48:49","date_gmt":"2021-06-23T10:48:49","guid":{"rendered":"https:\/\/xstyle.md\/?post_type=product&#038;p=36136"},"modified":"2025-10-24T13:05:56","modified_gmt":"2025-10-24T10:05:56","slug":"multitul-roxon-phantom-s802","status":"publish","type":"product","link":"https:\/\/xstyle.md\/ro\/produs\/multitul-roxon-phantom-s802\/","title":{"rendered":"Multitool Roxon Phantom S802"},"content":{"rendered":"<\/p>\n<p>Multitool <strong>Roxon Phantom S802<\/strong> seam\u0103n\u0103 cu multi-tool-ul familiar Storm S801S. Produsul este completat cu lame \u0219i cleme interschimbabile. Dimensiune compact\u0103, utilizare extrem de convenabil\u0103, multifunc\u021bionalitate \u0219i eficien\u021b\u0103. Modelul este proiectat pe principiul unui multitool clasic, instrumentul principal este un cle\u0219te. Exist\u0103 15 func\u021bii pentru a efectua diverse tipuri de lucr\u0103ri \u00een practic\u0103.<\/p>\n<p>Pute\u021bi deschide literalmente instrumentele cu o singur\u0103 m\u00e2n\u0103, ceea ce este rapid \u0219i convenabil. \u00centr-o singur\u0103 mi\u0219care, 7 func\u021bii utilizate frecvent pot fi extrase \u0219i aplicate simultan, \u0219i este u\u0219or s\u0103 face\u021bi acest lucru chiar \u0219i atunci c\u00e2nd purta\u021bi m\u0103nu\u0219i. Foarfecele modelului sunt suficient de mari \u0219i sigure pentru a lucra cu ele \u0219i este destul de u\u0219or s\u0103 t\u0103ia\u021bi fr\u00e2nghii sau fr\u00e2nghii destul de groase. M\u00e2nerul foarfecii are un comutator de blocare pentru lucrul stabil cu instrumentul. Forma lamei cu\u021bitului din multitool este Tanto, cu\u021bitul trebuie s\u0103 achizi\u021bioneze \u00een plus diferite lame. Este posibil s\u0103 efectua\u021bi o mare varietate de lucr\u0103ri, folosind unul sau alt tip de lam\u0103 pentru acestea \u0219i optimiz\u00e2nd astfel procesul.<\/p>\n<h3>Include\u021bi<\/h3>\n<ul>\n<li>Cle\u0219te normal<\/li>\n<li>Cle\u0219te ascu\u021bit<\/li>\n<li>Cle\u0219te moale<\/li>\n<li>Cle\u0219te dur<\/li>\n<li>Rigl\u0103<\/li>\n<li>Foarfece<\/li>\n<li>Cu\u021bit \u00eenlocuibil<\/li>\n<li>Dezizolator de s\u00e2rm\u0103<\/li>\n<li>Cutter pentru sticl\u0103<\/li>\n<li>\u0218urubelni\u021b\u0103 Phillips<\/li>\n<li>Fer\u0103str\u0103u<\/li>\n<li>\u0218urubelni\u021b\u0103<\/li>\n<li>\u0218urubelni\u021b\u0103 cu capac plat<\/li>\n<li>Deschizator de cutii<\/li>\n<li>Deschizator de sticle<\/li>\n<\/ul>\n<h3>Particularit\u0103\u021bi<\/h3>\n<ul>\n<li>Foarte u\u0219or.<\/li>\n<li>Aspect elegant.<\/li>\n<li>Versatil, este la \u00eendem\u00e2n\u0103 acas\u0103, \u00een c\u0103l\u0103torii, etc.<\/li>\n<li>Dimensiuni mici, ceea ce este foarte convenabil pentru depozitare \u0219i utilizare.<\/li>\n<\/ul>\n<h3>Caracteristici<\/h3>\n<ul>\n<li>Dimensiuni: 104 x 43 x 22 cm<\/li>\n<li>Num\u0103r de func\u021bii: 15<\/li>\n<li>O\u021bel: o\u021bel inoxidabil<\/li>\n<li>Greutate: 310 g<\/li>\n<\/ul>\n<p><\/p>","protected":false},"excerpt":{"rendered":"<p>Multitool Roxon Phantom S802<\/p>","protected":false},"featured_media":36638,"comment_status":"open","ping_status":"closed","template":"","meta":{"_acf_changed":false,"inline_featured_image":false},"product_brand":[1431],"product_cat":[415],"product_tag":[],"class_list":{"0":"post-36136","1":"product","2":"type-product","3":"status-publish","4":"has-post-thumbnail","6":"product_brand-roxon","7":"product_cat-multitools","9":"first","10":"instock","11":"shipping-taxable","12":"purchasable","13":"product-type-simple"},"acf":[],"yoast_head":"<!-- This site is optimized with the Yoast SEO plugin v27.2 - https:\/\/yoast.com\/product\/yoast-seo-wordpress\/ -->\n<title>\u041c\u0443\u043b\u044c\u0442\u0438\u0442\u0443\u043b Roxon Phantom S802 - \u041c\u0430\u0433\u0430\u0437\u0438\u043d Xstyle<\/title>\n<meta name=\"description\" content=\"\u041c\u0443\u043b\u044c\u0442\u0438\u0442\u0443\u043b Roxon Phantom S802 - \u043a\u043e\u043c\u043f\u0430\u043a\u0442\u043d\u044b\u0439 \u0438 \u043c\u043d\u043e\u0433\u043e\u0444\u0443\u043d\u043a\u0446\u0438\u043e\u043d\u0430\u043b\u044c\u043d\u044b\u0439 \u0438\u043d\u0441\u0442\u0440\u0443\u043c\u0435\u043d\u0442 \u0441 \u0441\u043c\u0435\u043d\u043d\u044b\u043c\u0438 \u043b\u0435\u0437\u0432\u0438\u044f\u043c\u0438. \u0418\u0434\u0435\u0430\u043b\u0435\u043d \u0434\u043b\u044f \u043f\u0443\u0442\u0435\u0448\u0435\u0441\u0442\u0432\u0438\u0439 \u0438 \u0430\u043a\u0442\u0438\u0432\u043d\u043e\u0433\u043e \u043e\u0442\u0434\u044b\u0445\u0430!\" \/>\n<meta name=\"robots\" content=\"index, follow, max-snippet:-1, max-image-preview:large, max-video-preview:-1\" \/>\n<link rel=\"canonical\" href=\"https:\/\/xstyle.md\/ro\/produs\/multitul-roxon-phantom-s802\/\" \/>\n<meta property=\"og:locale\" content=\"ro_RO\" \/>\n<meta property=\"og:type\" content=\"article\" \/>\n<meta property=\"og:title\" content=\"\u041c\u0443\u043b\u044c\u0442\u0438\u0442\u0443\u043b Roxon Phantom S802 - \u041c\u0430\u0433\u0430\u0437\u0438\u043d Xstyle\" \/>\n<meta property=\"og:description\" content=\"\u041c\u0443\u043b\u044c\u0442\u0438\u0442\u0443\u043b Roxon Phantom S802 - \u043a\u043e\u043c\u043f\u0430\u043a\u0442\u043d\u044b\u0439 \u0438 \u043c\u043d\u043e\u0433\u043e\u0444\u0443\u043d\u043a\u0446\u0438\u043e\u043d\u0430\u043b\u044c\u043d\u044b\u0439 \u0438\u043d\u0441\u0442\u0440\u0443\u043c\u0435\u043d\u0442 \u0441 \u0441\u043c\u0435\u043d\u043d\u044b\u043c\u0438 \u043b\u0435\u0437\u0432\u0438\u044f\u043c\u0438. \u0418\u0434\u0435\u0430\u043b\u0435\u043d \u0434\u043b\u044f \u043f\u0443\u0442\u0435\u0448\u0435\u0441\u0442\u0432\u0438\u0439 \u0438 \u0430\u043a\u0442\u0438\u0432\u043d\u043e\u0433\u043e \u043e\u0442\u0434\u044b\u0445\u0430!\" \/>\n<meta property=\"og:url\" content=\"https:\/\/xstyle.md\/ro\/produs\/multitul-roxon-phantom-s802\/\" \/>\n<meta property=\"og:site_name\" content=\"\u041c\u0430\u0433\u0430\u0437\u0438\u043d Xstyle\" \/>\n<meta property=\"article:publisher\" content=\"https:\/\/www.facebook.com\/xstylemd\" \/>\n<meta property=\"article:modified_time\" content=\"2025-10-24T10:05:56+00:00\" \/>\n<meta property=\"og:image\" content=\"https:\/\/xstyle.md\/wp-content\/uploads\/2021\/06\/roxon-phantom-s802.png\" \/>\n\t<meta property=\"og:image:width\" content=\"392\" \/>\n\t<meta property=\"og:image:height\" content=\"455\" \/>\n\t<meta property=\"og:image:type\" content=\"image\/png\" \/>\n<meta name=\"twitter:card\" content=\"summary_large_image\" \/>\n<meta name=\"twitter:label1\" content=\"Pre\u021b\" \/>\n\t<meta name=\"twitter:data1\" content=\"1.390&nbsp;MDL\" \/>\n\t<meta name=\"twitter:label2\" content=\"Disponibilitate\" \/>\n\t<meta name=\"twitter:data2\" content=\"\u00cen stoc\" \/>\n<script type=\"application\/ld+json\" class=\"yoast-schema-graph\">{\"@context\":\"https:\/\/schema.org\",\"@graph\":[{\"@type\":\"WebPage\",\"@id\":\"https:\/\/xstyle.md\/product\/multitul-roxon-phantom-s802\/\",\"url\":\"https:\/\/xstyle.md\/product\/multitul-roxon-phantom-s802\/\",\"name\":\"\u041c\u0443\u043b\u044c\u0442\u0438\u0442\u0443\u043b Roxon Phantom S802 - \u041c\u0430\u0433\u0430\u0437\u0438\u043d Xstyle\",\"isPartOf\":{\"@id\":\"https:\/\/xstyle.md\/#website\"},\"primaryImageOfPage\":{\"@id\":\"https:\/\/xstyle.md\/product\/multitul-roxon-phantom-s802\/#primaryimage\"},\"image\":{\"@id\":\"https:\/\/xstyle.md\/product\/multitul-roxon-phantom-s802\/#primaryimage\"},\"thumbnailUrl\":\"https:\/\/xstyle.md\/wp-content\/uploads\/2021\/06\/roxon-phantom-s802.png\",\"datePublished\":\"2021-06-23T10:48:49+00:00\",\"dateModified\":\"2025-10-24T10:05:56+00:00\",\"description\":\"\u041c\u0443\u043b\u044c\u0442\u0438\u0442\u0443\u043b Roxon Phantom S802 - \u043a\u043e\u043c\u043f\u0430\u043a\u0442\u043d\u044b\u0439 \u0438 \u043c\u043d\u043e\u0433\u043e\u0444\u0443\u043d\u043a\u0446\u0438\u043e\u043d\u0430\u043b\u044c\u043d\u044b\u0439 \u0438\u043d\u0441\u0442\u0440\u0443\u043c\u0435\u043d\u0442 \u0441 \u0441\u043c\u0435\u043d\u043d\u044b\u043c\u0438 \u043b\u0435\u0437\u0432\u0438\u044f\u043c\u0438. \u0418\u0434\u0435\u0430\u043b\u0435\u043d \u0434\u043b\u044f \u043f\u0443\u0442\u0435\u0448\u0435\u0441\u0442\u0432\u0438\u0439 \u0438 \u0430\u043a\u0442\u0438\u0432\u043d\u043e\u0433\u043e \u043e\u0442\u0434\u044b\u0445\u0430!\",\"breadcrumb\":{\"@id\":\"https:\/\/xstyle.md\/product\/multitul-roxon-phantom-s802\/#breadcrumb\"},\"inLanguage\":\"ro-RO\",\"potentialAction\":[{\"@type\":\"ReadAction\",\"target\":[\"https:\/\/xstyle.md\/product\/multitul-roxon-phantom-s802\/\"]}]},{\"@type\":\"ImageObject\",\"inLanguage\":\"ro-RO\",\"@id\":\"https:\/\/xstyle.md\/product\/multitul-roxon-phantom-s802\/#primaryimage\",\"url\":\"https:\/\/xstyle.md\/wp-content\/uploads\/2021\/06\/roxon-phantom-s802.png\",\"contentUrl\":\"https:\/\/xstyle.md\/wp-content\/uploads\/2021\/06\/roxon-phantom-s802.png\",\"width\":392,\"height\":455,\"caption\":\"\u041c\u0443\u043b\u044c\u0442\u0438\u0442\u0443\u043b Roxon Phantom S802 \u0434\u043b\u044f \u0430\u043a\u0442\u0438\u0432\u043d\u043e\u0439 \u0436\u0438\u0437\u043d\u0438, \u043f\u043e\u0445\u043e\u0434\u043e\u0432 \u0438 \u043f\u0443\u0442\u0435\u0448\u0435\u0441\u0442\u0432\u0438\u0439, \u044d\u043a\u0438\u043f\u0438\u0440\u043e\u0432\u043a\u0430 \u0434\u043b\u044f \u0430\u043b\u044c\u043f\u0438\u043d\u0438\u0437\u043c\u0430 \u0438 \u0442\u0443\u0440\u0438\u0441\u0442\u0430, \u043e\u0431\u0443\u0432\u044c \u0438 \u043e\u0434\u0435\u0436\u0434\u0430 \u0434\u043b\u044f \u044d\u043a\u0441\u0442\u0440\u0435\u043c\u0430\u043b\u044c\u043d\u044b\u0445 \u0432\u0438\u0434\u043e\u0432 \u0441\u043f\u043e\u0440\u0442\u0430\"},{\"@type\":\"BreadcrumbList\",\"@id\":\"https:\/\/xstyle.md\/product\/multitul-roxon-phantom-s802\/#breadcrumb\",\"itemListElement\":[{\"@type\":\"ListItem\",\"position\":1,\"name\":\"\u0413\u043b\u0430\u0432\u043d\u0430\u044f \u0441\u0442\u0440\u0430\u043d\u0438\u0446\u0430\",\"item\":\"https:\/\/xstyle.md\/\"},{\"@type\":\"ListItem\",\"position\":2,\"name\":\"\u041c\u0430\u0433\u0430\u0437\u0438\u043d\",\"item\":\"https:\/\/xstyle.md\/shop\/\"},{\"@type\":\"ListItem\",\"position\":3,\"name\":\"\u041c\u0443\u043b\u044c\u0442\u0438\u0442\u0443\u043b Roxon Phantom S802\"}]},{\"@type\":\"WebSite\",\"@id\":\"https:\/\/xstyle.md\/#website\",\"url\":\"https:\/\/xstyle.md\/\",\"name\":\"\u041c\u0430\u0433\u0430\u0437\u0438\u043d Xstyle\",\"description\":\"C\u043d\u0430\u0440\u044f\u0436\u0435\u043d\u0438\u0435 \u0434\u043b\u044f \u0442\u0443\u0440\u0438\u0437\u043c\u0430 \u0438 \u044d\u043a\u0441\u0442\u0440\u0435\u043c\u0430\u043b\u044c\u043d\u044b\u0445 \u0432\u0438\u0434\u043e\u0432 \u0441\u043f\u043e\u0440\u0442\u0430 \u0432 \u041c\u043e\u043b\u0434\u043e\u0432\u0435.. \u0426\u0435\u043d\u044b, \u0444\u043e\u0442\u043e, \u0445\u0430\u0440\u0430\u043a\u0442\u0435\u0440\u0438\u0441\u0442\u0438\u043a\u0438 \u0432 \u041c\u043e\u043b\u0434\u043e\u0432\u0435.\",\"publisher\":{\"@id\":\"https:\/\/xstyle.md\/#organization\"},\"alternateName\":\"X-Style\",\"potentialAction\":[{\"@type\":\"SearchAction\",\"target\":{\"@type\":\"EntryPoint\",\"urlTemplate\":\"https:\/\/xstyle.md\/?s={search_term_string}\"},\"query-input\":{\"@type\":\"PropertyValueSpecification\",\"valueRequired\":true,\"valueName\":\"search_term_string\"}}],\"inLanguage\":\"ro-RO\"},{\"@type\":\"Organization\",\"@id\":\"https:\/\/xstyle.md\/#organization\",\"name\":\"\u041c\u0430\u0433\u0430\u0437\u0438\u043d Xstyle\",\"alternateName\":\"x-style\",\"url\":\"https:\/\/xstyle.md\/\",\"logo\":{\"@type\":\"ImageObject\",\"inLanguage\":\"ro-RO\",\"@id\":\"https:\/\/xstyle.md\/#\/schema\/logo\/image\/\",\"url\":\"https:\/\/xstyle.md\/wp-content\/uploads\/2020\/06\/logoicon.svg\",\"contentUrl\":\"https:\/\/xstyle.md\/wp-content\/uploads\/2020\/06\/logoicon.svg\",\"caption\":\"\u041c\u0430\u0433\u0430\u0437\u0438\u043d Xstyle\"},\"image\":{\"@id\":\"https:\/\/xstyle.md\/#\/schema\/logo\/image\/\"},\"sameAs\":[\"https:\/\/www.facebook.com\/xstylemd\",\"https:\/\/www.instagram.com\/xstyle_md\/\",\"https:\/\/t.me\/xstyle_outdoor\"],\"hasMerchantReturnPolicy\":{\"@type\":\"MerchantReturnPolicy\",\"merchantReturnLink\":\"https:\/\/xstyle.md\/ro\/conditions\/\"}}]}<\/script>\n<meta property=\"product:price:amount\" content=\"1390.00\" \/>\n<meta property=\"product:price:currency\" content=\"MDL\" \/>\n<meta property=\"og:availability\" content=\"instock\" \/>\n<meta property=\"product:availability\" content=\"instock\" \/>\n<meta property=\"product:retailer_item_id\" content=\"2000990051653\" \/>\n<meta property=\"product:condition\" content=\"new\" \/>\n<!-- \/ Yoast SEO plugin. -->","yoast_head_json":{"title":"Multitool Roxon Phantom S802 - Magazin Xstyle","description":"Multitool Roxon Phantom S802 - un instrument compact \u0219i multifunc\u021bional, cu lame interschimbabile. Ideal pentru c\u0103l\u0103torii \u0219i activit\u0103\u021bi \u00een natur\u0103!","robots":{"index":"index","follow":"follow","max-snippet":"max-snippet:-1","max-image-preview":"max-image-preview:large","max-video-preview":"max-video-preview:-1"},"canonical":"https:\/\/xstyle.md\/ro\/produs\/multitul-roxon-phantom-s802\/","og_locale":"ro_RO","og_type":"article","og_title":"\u041c\u0443\u043b\u044c\u0442\u0438\u0442\u0443\u043b Roxon Phantom S802 - \u041c\u0430\u0433\u0430\u0437\u0438\u043d Xstyle","og_description":"\u041c\u0443\u043b\u044c\u0442\u0438\u0442\u0443\u043b Roxon Phantom S802 - \u043a\u043e\u043c\u043f\u0430\u043a\u0442\u043d\u044b\u0439 \u0438 \u043c\u043d\u043e\u0433\u043e\u0444\u0443\u043d\u043a\u0446\u0438\u043e\u043d\u0430\u043b\u044c\u043d\u044b\u0439 \u0438\u043d\u0441\u0442\u0440\u0443\u043c\u0435\u043d\u0442 \u0441 \u0441\u043c\u0435\u043d\u043d\u044b\u043c\u0438 \u043b\u0435\u0437\u0432\u0438\u044f\u043c\u0438. \u0418\u0434\u0435\u0430\u043b\u0435\u043d \u0434\u043b\u044f \u043f\u0443\u0442\u0435\u0448\u0435\u0441\u0442\u0432\u0438\u0439 \u0438 \u0430\u043a\u0442\u0438\u0432\u043d\u043e\u0433\u043e \u043e\u0442\u0434\u044b\u0445\u0430!","og_url":"https:\/\/xstyle.md\/ro\/produs\/multitul-roxon-phantom-s802\/","og_site_name":"\u041c\u0430\u0433\u0430\u0437\u0438\u043d Xstyle","article_publisher":"https:\/\/www.facebook.com\/xstylemd","article_modified_time":"2025-10-24T10:05:56+00:00","og_image":[{"width":392,"height":455,"url":"https:\/\/xstyle.md\/wp-content\/uploads\/2021\/06\/roxon-phantom-s802.png","type":"image\/png"}],"twitter_card":"summary_large_image","twitter_misc":{"Pre\u021b":"1.390&nbsp;MDL","Disponibilitate":"\u00cen stoc"},"schema":{"@context":"https:\/\/schema.org","@graph":[{"@type":"WebPage","@id":"https:\/\/xstyle.md\/product\/multitul-roxon-phantom-s802\/","url":"https:\/\/xstyle.md\/product\/multitul-roxon-phantom-s802\/","name":"Multitool Roxon Phantom S802 - Magazin Xstyle","isPartOf":{"@id":"https:\/\/xstyle.md\/#website"},"primaryImageOfPage":{"@id":"https:\/\/xstyle.md\/product\/multitul-roxon-phantom-s802\/#primaryimage"},"image":{"@id":"https:\/\/xstyle.md\/product\/multitul-roxon-phantom-s802\/#primaryimage"},"thumbnailUrl":"https:\/\/xstyle.md\/wp-content\/uploads\/2021\/06\/roxon-phantom-s802.png","datePublished":"2021-06-23T10:48:49+00:00","dateModified":"2025-10-24T10:05:56+00:00","description":"Multitool Roxon Phantom S802 - un instrument compact \u0219i multifunc\u021bional, cu lame interschimbabile. Ideal pentru c\u0103l\u0103torii \u0219i activit\u0103\u021bi \u00een natur\u0103!","breadcrumb":{"@id":"https:\/\/xstyle.md\/product\/multitul-roxon-phantom-s802\/#breadcrumb"},"inLanguage":"ro-RO","potentialAction":[{"@type":"ReadAction","target":["https:\/\/xstyle.md\/product\/multitul-roxon-phantom-s802\/"]}]},{"@type":"ImageObject","inLanguage":"ro-RO","@id":"https:\/\/xstyle.md\/product\/multitul-roxon-phantom-s802\/#primaryimage","url":"https:\/\/xstyle.md\/wp-content\/uploads\/2021\/06\/roxon-phantom-s802.png","contentUrl":"https:\/\/xstyle.md\/wp-content\/uploads\/2021\/06\/roxon-phantom-s802.png","width":392,"height":455,"caption":"\u041c\u0443\u043b\u044c\u0442\u0438\u0442\u0443\u043b Roxon Phantom S802 \u0434\u043b\u044f \u0430\u043a\u0442\u0438\u0432\u043d\u043e\u0439 \u0436\u0438\u0437\u043d\u0438, \u043f\u043e\u0445\u043e\u0434\u043e\u0432 \u0438 \u043f\u0443\u0442\u0435\u0448\u0435\u0441\u0442\u0432\u0438\u0439, \u044d\u043a\u0438\u043f\u0438\u0440\u043e\u0432\u043a\u0430 \u0434\u043b\u044f \u0430\u043b\u044c\u043f\u0438\u043d\u0438\u0437\u043c\u0430 \u0438 \u0442\u0443\u0440\u0438\u0441\u0442\u0430, \u043e\u0431\u0443\u0432\u044c \u0438 \u043e\u0434\u0435\u0436\u0434\u0430 \u0434\u043b\u044f \u044d\u043a\u0441\u0442\u0440\u0435\u043c\u0430\u043b\u044c\u043d\u044b\u0445 \u0432\u0438\u0434\u043e\u0432 \u0441\u043f\u043e\u0440\u0442\u0430"},{"@type":"BreadcrumbList","@id":"https:\/\/xstyle.md\/product\/multitul-roxon-phantom-s802\/#breadcrumb","itemListElement":[{"@type":"ListItem","position":1,"name":"\u0413\u043b\u0430\u0432\u043d\u0430\u044f \u0441\u0442\u0440\u0430\u043d\u0438\u0446\u0430","item":"https:\/\/xstyle.md\/"},{"@type":"ListItem","position":2,"name":"\u041c\u0430\u0433\u0430\u0437\u0438\u043d","item":"https:\/\/xstyle.md\/shop\/"},{"@type":"ListItem","position":3,"name":"\u041c\u0443\u043b\u044c\u0442\u0438\u0442\u0443\u043b Roxon Phantom S802"}]},{"@type":"WebSite","@id":"https:\/\/xstyle.md\/#website","url":"https:\/\/xstyle.md\/","name":"Magazinul X-Style","description":"Echipamente pentru turism \u0219i sporturi extreme \u00een Moldova. Pre\u021buri, fotografii, caracteristici \u00een Moldova.","publisher":{"@id":"https:\/\/xstyle.md\/#organization"},"alternateName":"X-Style","potentialAction":[{"@type":"SearchAction","target":{"@type":"EntryPoint","urlTemplate":"https:\/\/xstyle.md\/?s={search_term_string}"},"query-input":{"@type":"PropertyValueSpecification","valueRequired":true,"valueName":"search_term_string"}}],"inLanguage":"ro-RO"},{"@type":"Organization","@id":"https:\/\/xstyle.md\/#organization","name":"Magazinul X-Style","alternateName":"x-style","url":"https:\/\/xstyle.md\/","logo":{"@type":"ImageObject","inLanguage":"ro-RO","@id":"https:\/\/xstyle.md\/#\/schema\/logo\/image\/","url":"https:\/\/xstyle.md\/wp-content\/uploads\/2020\/06\/logoicon.svg","contentUrl":"https:\/\/xstyle.md\/wp-content\/uploads\/2020\/06\/logoicon.svg","caption":"\u041c\u0430\u0433\u0430\u0437\u0438\u043d Xstyle"},"image":{"@id":"https:\/\/xstyle.md\/#\/schema\/logo\/image\/"},"sameAs":["https:\/\/www.facebook.com\/xstylemd","https:\/\/www.instagram.com\/xstyle_md\/","https:\/\/t.me\/xstyle_outdoor"],"hasMerchantReturnPolicy":{"@type":"MerchantReturnPolicy","merchantReturnLink":"https:\/\/xstyle.md\/ro\/conditions\/"}}]},"product_price_amount":"1390.00","product_price_currency":"MDL","og_availability":"instock","product_availability":"instock","product_retailer_item_id":"2000990051653","product_condition":"new"},"post_mailing_queue_ids":[],"_links":{"self":[{"href":"https:\/\/xstyle.md\/ro\/wp-json\/wp\/v2\/product\/36136","targetHints":{"allow":["GET"]}}],"collection":[{"href":"https:\/\/xstyle.md\/ro\/wp-json\/wp\/v2\/product"}],"about":[{"href":"https:\/\/xstyle.md\/ro\/wp-json\/wp\/v2\/types\/product"}],"replies":[{"embeddable":true,"href":"https:\/\/xstyle.md\/ro\/wp-json\/wp\/v2\/comments?post=36136"}],"wp:featuredmedia":[{"embeddable":true,"href":"https:\/\/xstyle.md\/ro\/wp-json\/wp\/v2\/media\/36638"}],"wp:attachment":[{"href":"https:\/\/xstyle.md\/ro\/wp-json\/wp\/v2\/media?parent=36136"}],"wp:term":[{"taxonomy":"product_brand","embeddable":true,"href":"https:\/\/xstyle.md\/ro\/wp-json\/wp\/v2\/product_brand?post=36136"},{"taxonomy":"product_cat","embeddable":true,"href":"https:\/\/xstyle.md\/ro\/wp-json\/wp\/v2\/product_cat?post=36136"},{"taxonomy":"product_tag","embeddable":true,"href":"https:\/\/xstyle.md\/ro\/wp-json\/wp\/v2\/product_tag?post=36136"}],"curies":[{"name":"wp","href":"https:\/\/api.w.org\/{rel}","templated":true}]}}