{"id":3593,"date":"2020-07-16T19:07:19","date_gmt":"2020-07-16T16:07:19","guid":{"rendered":"https:\/\/xstyle.md\/product\/therm-a-rest-remnabor-dlja-kovrov-instant-field-repair-kit"},"modified":"2024-10-21T09:01:30","modified_gmt":"2024-10-21T06:01:30","slug":"therm-a-rest-remnabor-dlja-kovrov-instant-field-repair-kit","status":"publish","type":"product","link":"https:\/\/xstyle.md\/ro\/produs\/therm-a-rest-remnabor-dlja-kovrov-instant-field-repair-kit\/","title":{"rendered":"Therm-a-Rest set repara\u021bie covora\u0219e Instant Field Repair Kit"},"content":{"rendered":"<\/p>\n<p><strong>Therm-a-Rest set repara\u021bie covora\u0219e Instant Field Repair Kit &#8212;\u00a0<\/strong>versiune light a setului de repara\u021bie pentru covora\u0219ele autogonflabile.<\/p>\n<h3>Particularit\u0103\u021bi<\/h3>\n<ul>\n<li>Plasturii impermeabili sunt rezisten\u021bi la rupere \u0219i abraziune \u0219i sunt concepu\u021bi pentru ani de utilizare<\/li>\n<li>Potrivite pentru \u00een\u021bep\u0103turi<\/li>\n<li>Setul compact se potrive\u0219te \u00een buzunar.<\/li>\n<\/ul>\n<h3>Setul include<\/h3>\n<ul>\n<li>\u0218erve\u021bele cu alcool &#8212; 3 buc<\/li>\n<li>Lipici pentru pic\u0103turi &#8212; 6 buc<\/li>\n<li>Plasture transparent &#8212; 3 buc\u0103\u021bi.<\/li>\n<\/ul>\n<h3>Aplica\u021bie<\/h3>\n<ul>\n<li>Cur\u0103\u021ba\u021bi suprafa\u021ba deteriorat\u0103 cu tampoane de alcool pentru a \u00eendep\u0103rta murd\u0103ria<\/li>\n<li>Folosi\u021bi lipici \u00een pic\u0103turi, apoi un plasture transparent<\/li>\n<li>Lipi\u021bi \u00een a\u0219a fel \u00eenc\u00e2t s\u0103 nu existe bule de aer \u00eentre angrenaj \u0219i plasture.<\/li>\n<\/ul>\n<h3>Marca<\/h3>\n<p>Therm-a-rest este un pionier \u00een domeniul covora\u0219elor auto-gonflabile, astfel \u00eenc\u00e2t Therm-a-rest este foarte confortabil pe pia\u021ba de exterior. Dar nu ofer\u0103 doar saltele pentru dormit, ci \u0219i perne pentru drume\u021bii, spume elegante, scaune gonflabile, \u0219ezlonguri compacte, scaune pliabile.<\/p>\n<p>Culorile vii, designul futurist \u0219i ingineria \u00eendr\u0103znea\u021b\u0103 fac ca produsele Therm-a-rest s\u0103 fie recunoscute \u00een \u00eentreaga lume, at\u00e2t de c\u0103tre cei care c\u0103l\u0103toresc pe distan\u021be lungi, c\u00e2t \u0219i de cei care doresc s\u0103 petreac\u0103 o zi relaxant\u0103 \u00een aer liber.<\/p>\n<p><\/p>","protected":false},"excerpt":{"rendered":"<p>Therm-a-Rest set repara\u021bie covora\u0219e Instant Field Repair Kit<\/p>","protected":false},"featured_media":3592,"comment_status":"open","ping_status":"closed","template":"","meta":{"_acf_changed":false,"inline_featured_image":false},"product_brand":[1286],"product_cat":[204,206],"product_tag":[],"class_list":{"0":"post-3593","1":"product","2":"type-product","3":"status-publish","4":"has-post-thumbnail","6":"product_brand-therm-a-rest","7":"product_cat-accessories-mats","8":"product_cat-repairkits","10":"first","11":"instock","12":"shipping-taxable","13":"purchasable","14":"product-type-simple"},"acf":[],"yoast_head":"<!-- This site is optimized with the Yoast SEO plugin v27.4 - https:\/\/yoast.com\/product\/yoast-seo-wordpress\/ -->\n<title>\u0420\u0435\u043c\u043d\u0430\u0431\u043e\u0440 \u0434\u043b\u044f \u043a\u043e\u0432\u0440\u043e\u0432 Therm-a-Rest Instant Field Repair Kit - \u041c\u0430\u0433\u0430\u0437\u0438\u043d Xstyle<\/title>\n<meta name=\"description\" content=\"\u041d\u0430\u0431\u043e\u0440 \u0434\u043b\u044f \u0440\u0435\u043c\u043e\u043d\u0442\u0430 \u043a\u043e\u0432\u0440\u043e\u0432 Therm-a-Rest Instant Field Repair Kit: \u043a\u043e\u043c\u043f\u0430\u043a\u0442\u043d\u044b\u0439, \u043f\u0440\u043e\u0447\u043d\u044b\u0439, \u0432\u043e\u0434\u043e\u043d\u0435\u043f\u0440\u043e\u043d\u0438\u0446\u0430\u0435\u043c\u044b\u0439. \u0418\u0434\u0435\u0430\u043b\u0435\u043d \u0434\u043b\u044f \u0431\u044b\u0441\u0442\u0440\u043e\u0433\u043e \u0432\u043e\u0441\u0441\u0442\u0430\u043d\u043e\u0432\u043b\u0435\u043d\u0438\u044f \u043d\u0430 \u043f\u0440\u0438\u0440\u043e\u0434\u0435.\" \/>\n<meta name=\"robots\" content=\"index, follow, max-snippet:-1, max-image-preview:large, max-video-preview:-1\" \/>\n<link rel=\"canonical\" href=\"https:\/\/xstyle.md\/ro\/produs\/therm-a-rest-remnabor-dlja-kovrov-instant-field-repair-kit\/\" \/>\n<meta property=\"og:locale\" content=\"ro_RO\" \/>\n<meta property=\"og:type\" content=\"article\" \/>\n<meta property=\"og:title\" content=\"\u0420\u0435\u043c\u043d\u0430\u0431\u043e\u0440 \u0434\u043b\u044f \u043a\u043e\u0432\u0440\u043e\u0432 Therm-a-Rest Instant Field Repair Kit - \u041c\u0430\u0433\u0430\u0437\u0438\u043d Xstyle\" \/>\n<meta property=\"og:description\" content=\"\u041d\u0430\u0431\u043e\u0440 \u0434\u043b\u044f \u0440\u0435\u043c\u043e\u043d\u0442\u0430 \u043a\u043e\u0432\u0440\u043e\u0432 Therm-a-Rest Instant Field Repair Kit: \u043a\u043e\u043c\u043f\u0430\u043a\u0442\u043d\u044b\u0439, \u043f\u0440\u043e\u0447\u043d\u044b\u0439, \u0432\u043e\u0434\u043e\u043d\u0435\u043f\u0440\u043e\u043d\u0438\u0446\u0430\u0435\u043c\u044b\u0439. \u0418\u0434\u0435\u0430\u043b\u0435\u043d \u0434\u043b\u044f \u0431\u044b\u0441\u0442\u0440\u043e\u0433\u043e \u0432\u043e\u0441\u0441\u0442\u0430\u043d\u043e\u0432\u043b\u0435\u043d\u0438\u044f \u043d\u0430 \u043f\u0440\u0438\u0440\u043e\u0434\u0435.\" \/>\n<meta property=\"og:url\" content=\"https:\/\/xstyle.md\/ro\/produs\/therm-a-rest-remnabor-dlja-kovrov-instant-field-repair-kit\/\" \/>\n<meta property=\"og:site_name\" content=\"\u041c\u0430\u0433\u0430\u0437\u0438\u043d Xstyle\" \/>\n<meta property=\"article:publisher\" content=\"https:\/\/www.facebook.com\/xstylemd\" \/>\n<meta property=\"article:modified_time\" content=\"2024-10-21T06:01:30+00:00\" \/>\n<meta property=\"og:image\" content=\"https:\/\/xstyle.md\/wp-content\/uploads\/2020\/07\/1337346324-tar_fl_kit__1_.jpg\" \/>\n\t<meta property=\"og:image:width\" content=\"469\" \/>\n\t<meta property=\"og:image:height\" content=\"450\" \/>\n\t<meta property=\"og:image:type\" content=\"image\/jpeg\" \/>\n<meta name=\"twitter:card\" content=\"summary_large_image\" \/>\n<meta name=\"twitter:label1\" content=\"Pre\u021b\" \/>\n\t<meta name=\"twitter:data1\" content=\"295&nbsp;MDL\" \/>\n\t<meta name=\"twitter:label2\" content=\"Disponibilitate\" \/>\n\t<meta name=\"twitter:data2\" content=\"\u00cen stoc\" \/>\n<script type=\"application\/ld+json\" class=\"yoast-schema-graph\">{\"@context\":\"https:\\\/\\\/schema.org\",\"@graph\":[{\"@type\":\"WebPage\",\"@id\":\"https:\\\/\\\/xstyle.md\\\/product\\\/therm-a-rest-remnabor-dlja-kovrov-instant-field-repair-kit\\\/\",\"url\":\"https:\\\/\\\/xstyle.md\\\/product\\\/therm-a-rest-remnabor-dlja-kovrov-instant-field-repair-kit\\\/\",\"name\":\"\u0420\u0435\u043c\u043d\u0430\u0431\u043e\u0440 \u0434\u043b\u044f \u043a\u043e\u0432\u0440\u043e\u0432 Therm-a-Rest Instant Field Repair Kit - \u041c\u0430\u0433\u0430\u0437\u0438\u043d Xstyle\",\"isPartOf\":{\"@id\":\"https:\\\/\\\/xstyle.md\\\/#website\"},\"primaryImageOfPage\":{\"@id\":\"https:\\\/\\\/xstyle.md\\\/product\\\/therm-a-rest-remnabor-dlja-kovrov-instant-field-repair-kit\\\/#primaryimage\"},\"image\":{\"@id\":\"https:\\\/\\\/xstyle.md\\\/product\\\/therm-a-rest-remnabor-dlja-kovrov-instant-field-repair-kit\\\/#primaryimage\"},\"thumbnailUrl\":\"https:\\\/\\\/xstyle.md\\\/wp-content\\\/uploads\\\/2020\\\/07\\\/1337346324-tar_fl_kit__1_.jpg\",\"datePublished\":\"2020-07-16T16:07:19+00:00\",\"dateModified\":\"2024-10-21T06:01:30+00:00\",\"description\":\"\u041d\u0430\u0431\u043e\u0440 \u0434\u043b\u044f \u0440\u0435\u043c\u043e\u043d\u0442\u0430 \u043a\u043e\u0432\u0440\u043e\u0432 Therm-a-Rest Instant Field Repair Kit: \u043a\u043e\u043c\u043f\u0430\u043a\u0442\u043d\u044b\u0439, \u043f\u0440\u043e\u0447\u043d\u044b\u0439, \u0432\u043e\u0434\u043e\u043d\u0435\u043f\u0440\u043e\u043d\u0438\u0446\u0430\u0435\u043c\u044b\u0439. \u0418\u0434\u0435\u0430\u043b\u0435\u043d \u0434\u043b\u044f \u0431\u044b\u0441\u0442\u0440\u043e\u0433\u043e \u0432\u043e\u0441\u0441\u0442\u0430\u043d\u043e\u0432\u043b\u0435\u043d\u0438\u044f \u043d\u0430 \u043f\u0440\u0438\u0440\u043e\u0434\u0435.\",\"breadcrumb\":{\"@id\":\"https:\\\/\\\/xstyle.md\\\/product\\\/therm-a-rest-remnabor-dlja-kovrov-instant-field-repair-kit\\\/#breadcrumb\"},\"inLanguage\":\"ro-RO\",\"potentialAction\":[{\"@type\":\"ReadAction\",\"target\":[\"https:\\\/\\\/xstyle.md\\\/product\\\/therm-a-rest-remnabor-dlja-kovrov-instant-field-repair-kit\\\/\"]}]},{\"@type\":\"ImageObject\",\"inLanguage\":\"ro-RO\",\"@id\":\"https:\\\/\\\/xstyle.md\\\/product\\\/therm-a-rest-remnabor-dlja-kovrov-instant-field-repair-kit\\\/#primaryimage\",\"url\":\"https:\\\/\\\/xstyle.md\\\/wp-content\\\/uploads\\\/2020\\\/07\\\/1337346324-tar_fl_kit__1_.jpg\",\"contentUrl\":\"https:\\\/\\\/xstyle.md\\\/wp-content\\\/uploads\\\/2020\\\/07\\\/1337346324-tar_fl_kit__1_.jpg\",\"width\":469,\"height\":450},{\"@type\":\"BreadcrumbList\",\"@id\":\"https:\\\/\\\/xstyle.md\\\/product\\\/therm-a-rest-remnabor-dlja-kovrov-instant-field-repair-kit\\\/#breadcrumb\",\"itemListElement\":[{\"@type\":\"ListItem\",\"position\":1,\"name\":\"\u0413\u043b\u0430\u0432\u043d\u0430\u044f \u0441\u0442\u0440\u0430\u043d\u0438\u0446\u0430\",\"item\":\"https:\\\/\\\/xstyle.md\\\/\"},{\"@type\":\"ListItem\",\"position\":2,\"name\":\"\u041c\u0430\u0433\u0430\u0437\u0438\u043d\",\"item\":\"https:\\\/\\\/xstyle.md\\\/shop\\\/\"},{\"@type\":\"ListItem\",\"position\":3,\"name\":\"\u0420\u0435\u043c\u043d\u0430\u0431\u043e\u0440 \u0434\u043b\u044f \u043a\u043e\u0432\u0440\u043e\u0432 Therm-a-Rest Instant Field Repair Kit\"}]},{\"@type\":\"WebSite\",\"@id\":\"https:\\\/\\\/xstyle.md\\\/#website\",\"url\":\"https:\\\/\\\/xstyle.md\\\/\",\"name\":\"\u041c\u0430\u0433\u0430\u0437\u0438\u043d Xstyle\",\"description\":\"C\u043d\u0430\u0440\u044f\u0436\u0435\u043d\u0438\u0435 \u0434\u043b\u044f \u0442\u0443\u0440\u0438\u0437\u043c\u0430 \u0438 \u044d\u043a\u0441\u0442\u0440\u0435\u043c\u0430\u043b\u044c\u043d\u044b\u0445 \u0432\u0438\u0434\u043e\u0432 \u0441\u043f\u043e\u0440\u0442\u0430 \u0432 \u041c\u043e\u043b\u0434\u043e\u0432\u0435.. \u0426\u0435\u043d\u044b, \u0444\u043e\u0442\u043e, \u0445\u0430\u0440\u0430\u043a\u0442\u0435\u0440\u0438\u0441\u0442\u0438\u043a\u0438 \u0432 \u041c\u043e\u043b\u0434\u043e\u0432\u0435.\",\"publisher\":{\"@id\":\"https:\\\/\\\/xstyle.md\\\/#organization\"},\"alternateName\":\"X-Style\",\"potentialAction\":[{\"@type\":\"SearchAction\",\"target\":{\"@type\":\"EntryPoint\",\"urlTemplate\":\"https:\\\/\\\/xstyle.md\\\/?s={search_term_string}\"},\"query-input\":{\"@type\":\"PropertyValueSpecification\",\"valueRequired\":true,\"valueName\":\"search_term_string\"}}],\"inLanguage\":\"ro-RO\"},{\"@type\":\"Organization\",\"@id\":\"https:\\\/\\\/xstyle.md\\\/#organization\",\"name\":\"\u041c\u0430\u0433\u0430\u0437\u0438\u043d Xstyle\",\"alternateName\":\"x-style\",\"url\":\"https:\\\/\\\/xstyle.md\\\/\",\"logo\":{\"@type\":\"ImageObject\",\"inLanguage\":\"ro-RO\",\"@id\":\"https:\\\/\\\/xstyle.md\\\/#\\\/schema\\\/logo\\\/image\\\/\",\"url\":\"https:\\\/\\\/xstyle.md\\\/wp-content\\\/uploads\\\/2020\\\/06\\\/logoicon.svg\",\"contentUrl\":\"https:\\\/\\\/xstyle.md\\\/wp-content\\\/uploads\\\/2020\\\/06\\\/logoicon.svg\",\"caption\":\"\u041c\u0430\u0433\u0430\u0437\u0438\u043d Xstyle\"},\"image\":{\"@id\":\"https:\\\/\\\/xstyle.md\\\/#\\\/schema\\\/logo\\\/image\\\/\"},\"sameAs\":[\"https:\\\/\\\/www.facebook.com\\\/xstylemd\",\"https:\\\/\\\/www.instagram.com\\\/xstyle_md\\\/\",\"https:\\\/\\\/t.me\\\/xstyle_outdoor\"],\"hasMerchantReturnPolicy\":{\"@type\":\"MerchantReturnPolicy\",\"merchantReturnLink\":\"https:\\\/\\\/xstyle.md\\\/ro\\\/conditions\\\/\"}}]}<\/script>\n<meta property=\"product:price:amount\" content=\"295.00\" \/>\n<meta property=\"product:price:currency\" content=\"MDL\" \/>\n<meta property=\"og:availability\" content=\"instock\" \/>\n<meta property=\"product:availability\" content=\"instock\" \/>\n<meta property=\"product:retailer_item_id\" content=\"40818035887\" \/>\n<meta property=\"product:condition\" content=\"new\" \/>\n<!-- \/ Yoast SEO plugin. -->","yoast_head_json":{"title":"Therm-a-Rest set repara\u021bie covora\u0219e Instant Field Repair Kit - Magazin Xstyle","description":"Setul pentru repararea covoarelor Therm-a-Rest Instant Field Repair Kit: compact, durabil, impermeabil. Ideal pentru restaurarea rapid\u0103 \u00een natur\u0103.","robots":{"index":"index","follow":"follow","max-snippet":"max-snippet:-1","max-image-preview":"max-image-preview:large","max-video-preview":"max-video-preview:-1"},"canonical":"https:\/\/xstyle.md\/ro\/produs\/therm-a-rest-remnabor-dlja-kovrov-instant-field-repair-kit\/","og_locale":"ro_RO","og_type":"article","og_title":"\u0420\u0435\u043c\u043d\u0430\u0431\u043e\u0440 \u0434\u043b\u044f \u043a\u043e\u0432\u0440\u043e\u0432 Therm-a-Rest Instant Field Repair Kit - \u041c\u0430\u0433\u0430\u0437\u0438\u043d Xstyle","og_description":"\u041d\u0430\u0431\u043e\u0440 \u0434\u043b\u044f \u0440\u0435\u043c\u043e\u043d\u0442\u0430 \u043a\u043e\u0432\u0440\u043e\u0432 Therm-a-Rest Instant Field Repair Kit: \u043a\u043e\u043c\u043f\u0430\u043a\u0442\u043d\u044b\u0439, \u043f\u0440\u043e\u0447\u043d\u044b\u0439, \u0432\u043e\u0434\u043e\u043d\u0435\u043f\u0440\u043e\u043d\u0438\u0446\u0430\u0435\u043c\u044b\u0439. \u0418\u0434\u0435\u0430\u043b\u0435\u043d \u0434\u043b\u044f \u0431\u044b\u0441\u0442\u0440\u043e\u0433\u043e \u0432\u043e\u0441\u0441\u0442\u0430\u043d\u043e\u0432\u043b\u0435\u043d\u0438\u044f \u043d\u0430 \u043f\u0440\u0438\u0440\u043e\u0434\u0435.","og_url":"https:\/\/xstyle.md\/ro\/produs\/therm-a-rest-remnabor-dlja-kovrov-instant-field-repair-kit\/","og_site_name":"\u041c\u0430\u0433\u0430\u0437\u0438\u043d Xstyle","article_publisher":"https:\/\/www.facebook.com\/xstylemd","article_modified_time":"2024-10-21T06:01:30+00:00","og_image":[{"width":469,"height":450,"url":"https:\/\/xstyle.md\/wp-content\/uploads\/2020\/07\/1337346324-tar_fl_kit__1_.jpg","type":"image\/jpeg"}],"twitter_card":"summary_large_image","twitter_misc":{"Pre\u021b":"295&nbsp;MDL","Disponibilitate":"\u00cen stoc"},"schema":{"@context":"https:\/\/schema.org","@graph":[{"@type":"WebPage","@id":"https:\/\/xstyle.md\/product\/therm-a-rest-remnabor-dlja-kovrov-instant-field-repair-kit\/","url":"https:\/\/xstyle.md\/product\/therm-a-rest-remnabor-dlja-kovrov-instant-field-repair-kit\/","name":"Therm-a-Rest set repara\u021bie covora\u0219e Instant Field Repair Kit - Magazin Xstyle","isPartOf":{"@id":"https:\/\/xstyle.md\/#website"},"primaryImageOfPage":{"@id":"https:\/\/xstyle.md\/product\/therm-a-rest-remnabor-dlja-kovrov-instant-field-repair-kit\/#primaryimage"},"image":{"@id":"https:\/\/xstyle.md\/product\/therm-a-rest-remnabor-dlja-kovrov-instant-field-repair-kit\/#primaryimage"},"thumbnailUrl":"https:\/\/xstyle.md\/wp-content\/uploads\/2020\/07\/1337346324-tar_fl_kit__1_.jpg","datePublished":"2020-07-16T16:07:19+00:00","dateModified":"2024-10-21T06:01:30+00:00","description":"Setul pentru repararea covoarelor Therm-a-Rest Instant Field Repair Kit: compact, durabil, impermeabil. Ideal pentru restaurarea rapid\u0103 \u00een natur\u0103.","breadcrumb":{"@id":"https:\/\/xstyle.md\/product\/therm-a-rest-remnabor-dlja-kovrov-instant-field-repair-kit\/#breadcrumb"},"inLanguage":"ro-RO","potentialAction":[{"@type":"ReadAction","target":["https:\/\/xstyle.md\/product\/therm-a-rest-remnabor-dlja-kovrov-instant-field-repair-kit\/"]}]},{"@type":"ImageObject","inLanguage":"ro-RO","@id":"https:\/\/xstyle.md\/product\/therm-a-rest-remnabor-dlja-kovrov-instant-field-repair-kit\/#primaryimage","url":"https:\/\/xstyle.md\/wp-content\/uploads\/2020\/07\/1337346324-tar_fl_kit__1_.jpg","contentUrl":"https:\/\/xstyle.md\/wp-content\/uploads\/2020\/07\/1337346324-tar_fl_kit__1_.jpg","width":469,"height":450},{"@type":"BreadcrumbList","@id":"https:\/\/xstyle.md\/product\/therm-a-rest-remnabor-dlja-kovrov-instant-field-repair-kit\/#breadcrumb","itemListElement":[{"@type":"ListItem","position":1,"name":"\u0413\u043b\u0430\u0432\u043d\u0430\u044f \u0441\u0442\u0440\u0430\u043d\u0438\u0446\u0430","item":"https:\/\/xstyle.md\/"},{"@type":"ListItem","position":2,"name":"\u041c\u0430\u0433\u0430\u0437\u0438\u043d","item":"https:\/\/xstyle.md\/shop\/"},{"@type":"ListItem","position":3,"name":"\u0420\u0435\u043c\u043d\u0430\u0431\u043e\u0440 \u0434\u043b\u044f \u043a\u043e\u0432\u0440\u043e\u0432 Therm-a-Rest Instant Field Repair Kit"}]},{"@type":"WebSite","@id":"https:\/\/xstyle.md\/#website","url":"https:\/\/xstyle.md\/","name":"Magazinul X-Style","description":"Echipamente pentru turism \u0219i sporturi extreme \u00een Moldova. Pre\u021buri, fotografii, caracteristici \u00een Moldova.","publisher":{"@id":"https:\/\/xstyle.md\/#organization"},"alternateName":"X-Style","potentialAction":[{"@type":"SearchAction","target":{"@type":"EntryPoint","urlTemplate":"https:\/\/xstyle.md\/?s={search_term_string}"},"query-input":{"@type":"PropertyValueSpecification","valueRequired":true,"valueName":"search_term_string"}}],"inLanguage":"ro-RO"},{"@type":"Organization","@id":"https:\/\/xstyle.md\/#organization","name":"Magazinul X-Style","alternateName":"x-style","url":"https:\/\/xstyle.md\/","logo":{"@type":"ImageObject","inLanguage":"ro-RO","@id":"https:\/\/xstyle.md\/#\/schema\/logo\/image\/","url":"https:\/\/xstyle.md\/wp-content\/uploads\/2020\/06\/logoicon.svg","contentUrl":"https:\/\/xstyle.md\/wp-content\/uploads\/2020\/06\/logoicon.svg","caption":"\u041c\u0430\u0433\u0430\u0437\u0438\u043d Xstyle"},"image":{"@id":"https:\/\/xstyle.md\/#\/schema\/logo\/image\/"},"sameAs":["https:\/\/www.facebook.com\/xstylemd","https:\/\/www.instagram.com\/xstyle_md\/","https:\/\/t.me\/xstyle_outdoor"],"hasMerchantReturnPolicy":{"@type":"MerchantReturnPolicy","merchantReturnLink":"https:\/\/xstyle.md\/ro\/conditions\/"}}]},"product_price_amount":"295.00","product_price_currency":"MDL","og_availability":"instock","product_availability":"instock","product_retailer_item_id":"40818035887","product_condition":"new"},"_links":{"self":[{"href":"https:\/\/xstyle.md\/ro\/wp-json\/wp\/v2\/product\/3593","targetHints":{"allow":["GET"]}}],"collection":[{"href":"https:\/\/xstyle.md\/ro\/wp-json\/wp\/v2\/product"}],"about":[{"href":"https:\/\/xstyle.md\/ro\/wp-json\/wp\/v2\/types\/product"}],"replies":[{"embeddable":true,"href":"https:\/\/xstyle.md\/ro\/wp-json\/wp\/v2\/comments?post=3593"}],"wp:featuredmedia":[{"embeddable":true,"href":"https:\/\/xstyle.md\/ro\/wp-json\/wp\/v2\/media\/3592"}],"wp:attachment":[{"href":"https:\/\/xstyle.md\/ro\/wp-json\/wp\/v2\/media?parent=3593"}],"wp:term":[{"taxonomy":"product_brand","embeddable":true,"href":"https:\/\/xstyle.md\/ro\/wp-json\/wp\/v2\/product_brand?post=3593"},{"taxonomy":"product_cat","embeddable":true,"href":"https:\/\/xstyle.md\/ro\/wp-json\/wp\/v2\/product_cat?post=3593"},{"taxonomy":"product_tag","embeddable":true,"href":"https:\/\/xstyle.md\/ro\/wp-json\/wp\/v2\/product_tag?post=3593"}],"curies":[{"name":"wp","href":"https:\/\/api.w.org\/{rel}","templated":true}]}}