{"id":3583,"date":"2020-07-16T19:07:00","date_gmt":"2020-07-16T16:07:00","guid":{"rendered":"https:\/\/xstyle.md\/product\/pit-evaja-sistema-platypus-platy-bottle-2-0l-w-closure-cap-clear"},"modified":"2026-04-15T12:38:13","modified_gmt":"2026-04-15T09:38:13","slug":"pit-evaja-sistema-platypus-platy-bottle-2-0l-w-closure-cap-clear","status":"publish","type":"product","link":"https:\/\/xstyle.md\/ro\/produs\/pit-evaja-sistema-platypus-platy-bottle-2-0l-w-closure-cap-clear\/","title":{"rendered":"\u041f\u0438\u0442\u044c\u0435\u0432\u0430\u044f \u0441\u0438\u0441\u0442\u0435\u043c\u0430 Platypus Platy Bottle &#8212; 2.0L w\/ Closure Cap &#8212; Clear"},"content":{"rendered":"<\/p>\n<p><strong>Sistem de hidratare\u00a0 Platypus Platy Bottle &#8212; 2.0L w\/ Closure Cap &#8212; Clear<\/strong> &#8212; un rezervor de ap\u0103 robust, flexibil \u0219i compact de doi litri. Poate fi folosit ca balon sau ca rezervor de ap\u0103, iar cu ajutorul accesoriului Source Convertube poate fi transformat \u00eentr-un sistem de b\u0103utur\u0103.<\/p>\n<h3>Particularit\u0103\u021bi<\/h3>\n<ul>\n<li>Foarte flexibil &#8212; un flacon gol poate fi rulat \u00eentr-un tub \u0219i poate fi \u00eempachetat \u00een cel mai mic buzunar.<\/li>\n<li>Foarte u\u0219or &#8212; mai u\u0219or dec\u00e2t baloanele din o\u021bel \u0219i aluminiu<\/li>\n<li>Nu absoarbe mirosurile, nu denatureaz\u0103 gustul lichidului, p\u0103streaz\u0103 lichidul proasp\u0103t pentru o perioad\u0103 lung\u0103 de timp.<\/li>\n<li>Nu con\u021bine bisfenol A (f\u0103r\u0103 BPA).<\/li>\n<li>Datorit\u0103 formei sale speciale, flaconul st\u0103 ferm pe suprafa\u021b\u0103.<\/li>\n<li>\u00cenveli\u0219 exterior durabil.<\/li>\n<\/ul>\n<h3>Caracteristici<\/h3>\n<ul>\n<li>Materialul flaconului &#8212; nailon\/polietilen\u0103<\/li>\n<li>Material capac &#8212; polipropilen\u0103<\/li>\n<li>Capac &#8212; capac de \u00eenchidere<\/li>\n<li>Dimensiuni &#8212; 19 x 35 cm<\/li>\n<li>Volum &#8212; 2 litri<\/li>\n<li>Greutate &#8212; 36 g<\/li>\n<\/ul>\n<h3>Tehnologie<\/h3>\n<ul>\n<li><strong>BPA<\/strong> este un compus chimic organic \u0219i este folosit pentru fabricarea materialelor plastice, a policarbonatului \u0219i a r\u0103\u0219inii epoxidice. De asemenea, aceast\u0103 substan\u021b\u0103 este ad\u0103ugat\u0103 la produsele din plastic \u0219i la conservele alimentare. Principalele propriet\u0103\u021bi ale bisfenolului-A sunt propriet\u0103\u021bile de \u00eent\u0103rire \u0219i antioxidante. BPA este capabil s\u0103 p\u0103trund\u0103 \u00een corpul uman nu numai cu ajutorul alimentelor \u0219i al apei, ci \u0219i prin piele \u0219i pl\u0103m\u00e2ni. Contactul prelungit al lichidelor \u0219i al alimentelor umede cu plasticul, care con\u021bine bisfenol-A, contribuie la eliberarea acestei substan\u021be \u00een alimente. \u00cenc\u0103lzirea unor astfel de recipiente accelereaz\u0103 \u00een mod semnificativ eliberarea de bisfenol-A. Acest recipient este etichetat bpa fre\u0435, ceea ce indic\u0103 faptul c\u0103 la fabricarea acestui sistem de b\u0103utur\u0103 nu a fost utilizat bisfenol-A.<\/li>\n<\/ul>\n<p><\/p>","protected":false},"excerpt":{"rendered":"<p>\u041f\u0438\u0442\u044c\u0435\u0432\u0430\u044f \u0441\u0438\u0441\u0442\u0435\u043c\u0430 Platypus Platy Bottle &#8212; 2.0L w\/ Closure Cap &#8212; Clear<\/p>","protected":false},"featured_media":3582,"comment_status":"open","ping_status":"closed","template":"","meta":{"_acf_changed":false,"inline_featured_image":false},"product_brand":[1279],"product_cat":[407],"product_tag":[],"class_list":{"0":"post-3583","1":"product","2":"type-product","3":"status-publish","4":"has-post-thumbnail","6":"product_brand-msr","7":"product_cat-drinking-systems","9":"first","10":"instock","11":"shipping-taxable","12":"purchasable","13":"product-type-simple"},"acf":[],"yoast_head":"<!-- This site is optimized with the Yoast SEO plugin v27.4 - https:\/\/yoast.com\/product\/yoast-seo-wordpress\/ -->\n<title>\u041f\u0438\u0442\u044c\u0435\u0432\u0430\u044f \u0441\u0438\u0441\u0442\u0435\u043c\u0430 Platypus Platy Bottle - 2.0L w\/ Closure Cap - Clear - \u041c\u0430\u0433\u0430\u0437\u0438\u043d Xstyle<\/title>\n<meta name=\"description\" content=\"\u041f\u0438\u0442\u044c\u0435\u0432\u0430\u044f \u0441\u0438\u0441\u0442\u0435\u043c\u0430 Platypus Platy Bottle 2.0L \u0441 \u043a\u0440\u044b\u0448\u043a\u043e\u0439: BPA-free, \u043a\u043e\u043c\u043f\u0430\u043a\u0442\u0435\u043d \u0438 \u0433\u0438\u0431\u043e\u043a. \u0418\u0434\u0435\u0430\u043b\u0435\u043d \u0434\u043b\u044f \u043f\u0443\u0442\u0435\u0448\u0435\u0441\u0442\u0432\u0438\u0439. \u041f\u0440\u043e\u0441\u0442\u043e\u0439 \u0441\u043f\u043e\u0441\u043e\u0431 \u043e\u0441\u0442\u0430\u0432\u0430\u0442\u044c\u0441\u044f \u0433\u0438\u0434\u0440\u0430\u0442\u0438\u0440\u043e\u0432\u0430\u043d\u043d\u044b\u043c!\" \/>\n<meta name=\"robots\" content=\"index, follow, max-snippet:-1, max-image-preview:large, max-video-preview:-1\" \/>\n<link rel=\"canonical\" href=\"https:\/\/xstyle.md\/ro\/produs\/pit-evaja-sistema-platypus-platy-bottle-2-0l-w-closure-cap-clear\/\" \/>\n<meta property=\"og:locale\" content=\"ro_RO\" \/>\n<meta property=\"og:type\" content=\"article\" \/>\n<meta property=\"og:title\" content=\"\u041f\u0438\u0442\u044c\u0435\u0432\u0430\u044f \u0441\u0438\u0441\u0442\u0435\u043c\u0430 Platypus Platy Bottle - 2.0L w\/ Closure Cap - Clear - \u041c\u0430\u0433\u0430\u0437\u0438\u043d Xstyle\" \/>\n<meta property=\"og:description\" content=\"\u041f\u0438\u0442\u044c\u0435\u0432\u0430\u044f \u0441\u0438\u0441\u0442\u0435\u043c\u0430 Platypus Platy Bottle 2.0L \u0441 \u043a\u0440\u044b\u0448\u043a\u043e\u0439: BPA-free, \u043a\u043e\u043c\u043f\u0430\u043a\u0442\u0435\u043d \u0438 \u0433\u0438\u0431\u043e\u043a. \u0418\u0434\u0435\u0430\u043b\u0435\u043d \u0434\u043b\u044f \u043f\u0443\u0442\u0435\u0448\u0435\u0441\u0442\u0432\u0438\u0439. \u041f\u0440\u043e\u0441\u0442\u043e\u0439 \u0441\u043f\u043e\u0441\u043e\u0431 \u043e\u0441\u0442\u0430\u0432\u0430\u0442\u044c\u0441\u044f \u0433\u0438\u0434\u0440\u0430\u0442\u0438\u0440\u043e\u0432\u0430\u043d\u043d\u044b\u043c!\" \/>\n<meta property=\"og:url\" content=\"https:\/\/xstyle.md\/ro\/produs\/pit-evaja-sistema-platypus-platy-bottle-2-0l-w-closure-cap-clear\/\" \/>\n<meta property=\"og:site_name\" content=\"\u041c\u0430\u0433\u0430\u0437\u0438\u043d Xstyle\" \/>\n<meta property=\"article:publisher\" content=\"https:\/\/www.facebook.com\/xstylemd\" \/>\n<meta property=\"article:modified_time\" content=\"2026-04-15T09:38:13+00:00\" \/>\n<meta property=\"og:image\" content=\"https:\/\/xstyle.md\/wp-content\/uploads\/2020\/07\/platypus-platy-bottle-20l-w-closure-cap-clear-384px-384px.png\" \/>\n\t<meta property=\"og:image:width\" content=\"384\" \/>\n\t<meta property=\"og:image:height\" content=\"384\" \/>\n\t<meta property=\"og:image:type\" content=\"image\/png\" \/>\n<meta name=\"twitter:card\" content=\"summary_large_image\" \/>\n<meta name=\"twitter:label1\" content=\"Pre\u021b\" \/>\n\t<meta name=\"twitter:data1\" content=\"410&nbsp;MDL\" \/>\n\t<meta name=\"twitter:label2\" content=\"Disponibilitate\" \/>\n\t<meta name=\"twitter:data2\" content=\"\u00cen stoc\" \/>\n<script type=\"application\/ld+json\" class=\"yoast-schema-graph\">{\"@context\":\"https:\\\/\\\/schema.org\",\"@graph\":[{\"@type\":\"WebPage\",\"@id\":\"https:\\\/\\\/xstyle.md\\\/product\\\/pit-evaja-sistema-platypus-platy-bottle-2-0l-w-closure-cap-clear\\\/\",\"url\":\"https:\\\/\\\/xstyle.md\\\/product\\\/pit-evaja-sistema-platypus-platy-bottle-2-0l-w-closure-cap-clear\\\/\",\"name\":\"\u041f\u0438\u0442\u044c\u0435\u0432\u0430\u044f \u0441\u0438\u0441\u0442\u0435\u043c\u0430 Platypus Platy Bottle - 2.0L w\\\/ Closure Cap - Clear - \u041c\u0430\u0433\u0430\u0437\u0438\u043d Xstyle\",\"isPartOf\":{\"@id\":\"https:\\\/\\\/xstyle.md\\\/#website\"},\"primaryImageOfPage\":{\"@id\":\"https:\\\/\\\/xstyle.md\\\/product\\\/pit-evaja-sistema-platypus-platy-bottle-2-0l-w-closure-cap-clear\\\/#primaryimage\"},\"image\":{\"@id\":\"https:\\\/\\\/xstyle.md\\\/product\\\/pit-evaja-sistema-platypus-platy-bottle-2-0l-w-closure-cap-clear\\\/#primaryimage\"},\"thumbnailUrl\":\"https:\\\/\\\/xstyle.md\\\/wp-content\\\/uploads\\\/2020\\\/07\\\/platypus-platy-bottle-20l-w-closure-cap-clear-384px-384px.png\",\"datePublished\":\"2020-07-16T16:07:00+00:00\",\"dateModified\":\"2026-04-15T09:38:13+00:00\",\"description\":\"\u041f\u0438\u0442\u044c\u0435\u0432\u0430\u044f \u0441\u0438\u0441\u0442\u0435\u043c\u0430 Platypus Platy Bottle 2.0L \u0441 \u043a\u0440\u044b\u0448\u043a\u043e\u0439: BPA-free, \u043a\u043e\u043c\u043f\u0430\u043a\u0442\u0435\u043d \u0438 \u0433\u0438\u0431\u043e\u043a. \u0418\u0434\u0435\u0430\u043b\u0435\u043d \u0434\u043b\u044f \u043f\u0443\u0442\u0435\u0448\u0435\u0441\u0442\u0432\u0438\u0439. \u041f\u0440\u043e\u0441\u0442\u043e\u0439 \u0441\u043f\u043e\u0441\u043e\u0431 \u043e\u0441\u0442\u0430\u0432\u0430\u0442\u044c\u0441\u044f \u0433\u0438\u0434\u0440\u0430\u0442\u0438\u0440\u043e\u0432\u0430\u043d\u043d\u044b\u043c!\",\"breadcrumb\":{\"@id\":\"https:\\\/\\\/xstyle.md\\\/product\\\/pit-evaja-sistema-platypus-platy-bottle-2-0l-w-closure-cap-clear\\\/#breadcrumb\"},\"inLanguage\":\"ro-RO\",\"potentialAction\":[{\"@type\":\"ReadAction\",\"target\":[\"https:\\\/\\\/xstyle.md\\\/product\\\/pit-evaja-sistema-platypus-platy-bottle-2-0l-w-closure-cap-clear\\\/\"]}]},{\"@type\":\"ImageObject\",\"inLanguage\":\"ro-RO\",\"@id\":\"https:\\\/\\\/xstyle.md\\\/product\\\/pit-evaja-sistema-platypus-platy-bottle-2-0l-w-closure-cap-clear\\\/#primaryimage\",\"url\":\"https:\\\/\\\/xstyle.md\\\/wp-content\\\/uploads\\\/2020\\\/07\\\/platypus-platy-bottle-20l-w-closure-cap-clear-384px-384px.png\",\"contentUrl\":\"https:\\\/\\\/xstyle.md\\\/wp-content\\\/uploads\\\/2020\\\/07\\\/platypus-platy-bottle-20l-w-closure-cap-clear-384px-384px.png\",\"width\":384,\"height\":384},{\"@type\":\"BreadcrumbList\",\"@id\":\"https:\\\/\\\/xstyle.md\\\/product\\\/pit-evaja-sistema-platypus-platy-bottle-2-0l-w-closure-cap-clear\\\/#breadcrumb\",\"itemListElement\":[{\"@type\":\"ListItem\",\"position\":1,\"name\":\"\u0413\u043b\u0430\u0432\u043d\u0430\u044f \u0441\u0442\u0440\u0430\u043d\u0438\u0446\u0430\",\"item\":\"https:\\\/\\\/xstyle.md\\\/\"},{\"@type\":\"ListItem\",\"position\":2,\"name\":\"\u041c\u0430\u0433\u0430\u0437\u0438\u043d\",\"item\":\"https:\\\/\\\/xstyle.md\\\/shop\\\/\"},{\"@type\":\"ListItem\",\"position\":3,\"name\":\"\u041f\u0438\u0442\u044c\u0435\u0432\u0430\u044f \u0441\u0438\u0441\u0442\u0435\u043c\u0430 Platypus Platy Bottle &#8211; 2.0L w\\\/ Closure Cap &#8211; Clear\"}]},{\"@type\":\"WebSite\",\"@id\":\"https:\\\/\\\/xstyle.md\\\/#website\",\"url\":\"https:\\\/\\\/xstyle.md\\\/\",\"name\":\"\u041c\u0430\u0433\u0430\u0437\u0438\u043d Xstyle\",\"description\":\"C\u043d\u0430\u0440\u044f\u0436\u0435\u043d\u0438\u0435 \u0434\u043b\u044f \u0442\u0443\u0440\u0438\u0437\u043c\u0430 \u0438 \u044d\u043a\u0441\u0442\u0440\u0435\u043c\u0430\u043b\u044c\u043d\u044b\u0445 \u0432\u0438\u0434\u043e\u0432 \u0441\u043f\u043e\u0440\u0442\u0430 \u0432 \u041c\u043e\u043b\u0434\u043e\u0432\u0435.. \u0426\u0435\u043d\u044b, \u0444\u043e\u0442\u043e, \u0445\u0430\u0440\u0430\u043a\u0442\u0435\u0440\u0438\u0441\u0442\u0438\u043a\u0438 \u0432 \u041c\u043e\u043b\u0434\u043e\u0432\u0435.\",\"publisher\":{\"@id\":\"https:\\\/\\\/xstyle.md\\\/#organization\"},\"alternateName\":\"X-Style\",\"potentialAction\":[{\"@type\":\"SearchAction\",\"target\":{\"@type\":\"EntryPoint\",\"urlTemplate\":\"https:\\\/\\\/xstyle.md\\\/?s={search_term_string}\"},\"query-input\":{\"@type\":\"PropertyValueSpecification\",\"valueRequired\":true,\"valueName\":\"search_term_string\"}}],\"inLanguage\":\"ro-RO\"},{\"@type\":\"Organization\",\"@id\":\"https:\\\/\\\/xstyle.md\\\/#organization\",\"name\":\"\u041c\u0430\u0433\u0430\u0437\u0438\u043d Xstyle\",\"alternateName\":\"x-style\",\"url\":\"https:\\\/\\\/xstyle.md\\\/\",\"logo\":{\"@type\":\"ImageObject\",\"inLanguage\":\"ro-RO\",\"@id\":\"https:\\\/\\\/xstyle.md\\\/#\\\/schema\\\/logo\\\/image\\\/\",\"url\":\"https:\\\/\\\/xstyle.md\\\/wp-content\\\/uploads\\\/2020\\\/06\\\/logoicon.svg\",\"contentUrl\":\"https:\\\/\\\/xstyle.md\\\/wp-content\\\/uploads\\\/2020\\\/06\\\/logoicon.svg\",\"caption\":\"\u041c\u0430\u0433\u0430\u0437\u0438\u043d Xstyle\"},\"image\":{\"@id\":\"https:\\\/\\\/xstyle.md\\\/#\\\/schema\\\/logo\\\/image\\\/\"},\"sameAs\":[\"https:\\\/\\\/www.facebook.com\\\/xstylemd\",\"https:\\\/\\\/www.instagram.com\\\/xstyle_md\\\/\",\"https:\\\/\\\/t.me\\\/xstyle_outdoor\"],\"hasMerchantReturnPolicy\":{\"@type\":\"MerchantReturnPolicy\",\"merchantReturnLink\":\"https:\\\/\\\/xstyle.md\\\/ro\\\/conditions\\\/\"}}]}<\/script>\n<meta property=\"product:price:amount\" content=\"410.00\" \/>\n<meta property=\"product:price:currency\" content=\"MDL\" \/>\n<meta property=\"og:availability\" content=\"instock\" \/>\n<meta property=\"product:availability\" content=\"instock\" \/>\n<meta property=\"product:retailer_item_id\" content=\"5390459076011\" \/>\n<meta property=\"product:condition\" content=\"new\" \/>\n<!-- \/ Yoast SEO plugin. -->","yoast_head_json":{"title":"Sistem de hidratare Platypus Platy Bottle - 2.0L w\/ Closure Cap - Clear - Magazin Xstyle","description":"Sistem de b\u0103ut Platypus Platy Bottle 2.0L cu capac: f\u0103r\u0103 BPA, compact \u0219i flexibil. Ideal pentru c\u0103l\u0103torii. O modalitate simpl\u0103 de a r\u0103m\u00e2ne hidratat!","robots":{"index":"index","follow":"follow","max-snippet":"max-snippet:-1","max-image-preview":"max-image-preview:large","max-video-preview":"max-video-preview:-1"},"canonical":"https:\/\/xstyle.md\/ro\/produs\/pit-evaja-sistema-platypus-platy-bottle-2-0l-w-closure-cap-clear\/","og_locale":"ro_RO","og_type":"article","og_title":"\u041f\u0438\u0442\u044c\u0435\u0432\u0430\u044f \u0441\u0438\u0441\u0442\u0435\u043c\u0430 Platypus Platy Bottle - 2.0L w\/ Closure Cap - Clear - \u041c\u0430\u0433\u0430\u0437\u0438\u043d Xstyle","og_description":"\u041f\u0438\u0442\u044c\u0435\u0432\u0430\u044f \u0441\u0438\u0441\u0442\u0435\u043c\u0430 Platypus Platy Bottle 2.0L \u0441 \u043a\u0440\u044b\u0448\u043a\u043e\u0439: BPA-free, \u043a\u043e\u043c\u043f\u0430\u043a\u0442\u0435\u043d \u0438 \u0433\u0438\u0431\u043e\u043a. \u0418\u0434\u0435\u0430\u043b\u0435\u043d \u0434\u043b\u044f \u043f\u0443\u0442\u0435\u0448\u0435\u0441\u0442\u0432\u0438\u0439. \u041f\u0440\u043e\u0441\u0442\u043e\u0439 \u0441\u043f\u043e\u0441\u043e\u0431 \u043e\u0441\u0442\u0430\u0432\u0430\u0442\u044c\u0441\u044f \u0433\u0438\u0434\u0440\u0430\u0442\u0438\u0440\u043e\u0432\u0430\u043d\u043d\u044b\u043c!","og_url":"https:\/\/xstyle.md\/ro\/produs\/pit-evaja-sistema-platypus-platy-bottle-2-0l-w-closure-cap-clear\/","og_site_name":"\u041c\u0430\u0433\u0430\u0437\u0438\u043d Xstyle","article_publisher":"https:\/\/www.facebook.com\/xstylemd","article_modified_time":"2026-04-15T09:38:13+00:00","og_image":[{"width":384,"height":384,"url":"https:\/\/xstyle.md\/wp-content\/uploads\/2020\/07\/platypus-platy-bottle-20l-w-closure-cap-clear-384px-384px.png","type":"image\/png"}],"twitter_card":"summary_large_image","twitter_misc":{"Pre\u021b":"410&nbsp;MDL","Disponibilitate":"\u00cen stoc"},"schema":{"@context":"https:\/\/schema.org","@graph":[{"@type":"WebPage","@id":"https:\/\/xstyle.md\/product\/pit-evaja-sistema-platypus-platy-bottle-2-0l-w-closure-cap-clear\/","url":"https:\/\/xstyle.md\/product\/pit-evaja-sistema-platypus-platy-bottle-2-0l-w-closure-cap-clear\/","name":"Sistem de hidratare Platypus Platy Bottle - 2.0L w\/ Closure Cap - Clear - Magazin Xstyle","isPartOf":{"@id":"https:\/\/xstyle.md\/#website"},"primaryImageOfPage":{"@id":"https:\/\/xstyle.md\/product\/pit-evaja-sistema-platypus-platy-bottle-2-0l-w-closure-cap-clear\/#primaryimage"},"image":{"@id":"https:\/\/xstyle.md\/product\/pit-evaja-sistema-platypus-platy-bottle-2-0l-w-closure-cap-clear\/#primaryimage"},"thumbnailUrl":"https:\/\/xstyle.md\/wp-content\/uploads\/2020\/07\/platypus-platy-bottle-20l-w-closure-cap-clear-384px-384px.png","datePublished":"2020-07-16T16:07:00+00:00","dateModified":"2026-04-15T09:38:13+00:00","description":"Sistem de b\u0103ut Platypus Platy Bottle 2.0L cu capac: f\u0103r\u0103 BPA, compact \u0219i flexibil. Ideal pentru c\u0103l\u0103torii. O modalitate simpl\u0103 de a r\u0103m\u00e2ne hidratat!","breadcrumb":{"@id":"https:\/\/xstyle.md\/product\/pit-evaja-sistema-platypus-platy-bottle-2-0l-w-closure-cap-clear\/#breadcrumb"},"inLanguage":"ro-RO","potentialAction":[{"@type":"ReadAction","target":["https:\/\/xstyle.md\/product\/pit-evaja-sistema-platypus-platy-bottle-2-0l-w-closure-cap-clear\/"]}]},{"@type":"ImageObject","inLanguage":"ro-RO","@id":"https:\/\/xstyle.md\/product\/pit-evaja-sistema-platypus-platy-bottle-2-0l-w-closure-cap-clear\/#primaryimage","url":"https:\/\/xstyle.md\/wp-content\/uploads\/2020\/07\/platypus-platy-bottle-20l-w-closure-cap-clear-384px-384px.png","contentUrl":"https:\/\/xstyle.md\/wp-content\/uploads\/2020\/07\/platypus-platy-bottle-20l-w-closure-cap-clear-384px-384px.png","width":384,"height":384},{"@type":"BreadcrumbList","@id":"https:\/\/xstyle.md\/product\/pit-evaja-sistema-platypus-platy-bottle-2-0l-w-closure-cap-clear\/#breadcrumb","itemListElement":[{"@type":"ListItem","position":1,"name":"\u0413\u043b\u0430\u0432\u043d\u0430\u044f \u0441\u0442\u0440\u0430\u043d\u0438\u0446\u0430","item":"https:\/\/xstyle.md\/"},{"@type":"ListItem","position":2,"name":"\u041c\u0430\u0433\u0430\u0437\u0438\u043d","item":"https:\/\/xstyle.md\/shop\/"},{"@type":"ListItem","position":3,"name":"\u041f\u0438\u0442\u044c\u0435\u0432\u0430\u044f \u0441\u0438\u0441\u0442\u0435\u043c\u0430 Platypus Platy Bottle &#8211; 2.0L w\/ Closure Cap &#8211; Clear"}]},{"@type":"WebSite","@id":"https:\/\/xstyle.md\/#website","url":"https:\/\/xstyle.md\/","name":"Magazinul X-Style","description":"Echipamente pentru turism \u0219i sporturi extreme \u00een Moldova. Pre\u021buri, fotografii, caracteristici \u00een Moldova.","publisher":{"@id":"https:\/\/xstyle.md\/#organization"},"alternateName":"X-Style","potentialAction":[{"@type":"SearchAction","target":{"@type":"EntryPoint","urlTemplate":"https:\/\/xstyle.md\/?s={search_term_string}"},"query-input":{"@type":"PropertyValueSpecification","valueRequired":true,"valueName":"search_term_string"}}],"inLanguage":"ro-RO"},{"@type":"Organization","@id":"https:\/\/xstyle.md\/#organization","name":"Magazinul X-Style","alternateName":"x-style","url":"https:\/\/xstyle.md\/","logo":{"@type":"ImageObject","inLanguage":"ro-RO","@id":"https:\/\/xstyle.md\/#\/schema\/logo\/image\/","url":"https:\/\/xstyle.md\/wp-content\/uploads\/2020\/06\/logoicon.svg","contentUrl":"https:\/\/xstyle.md\/wp-content\/uploads\/2020\/06\/logoicon.svg","caption":"\u041c\u0430\u0433\u0430\u0437\u0438\u043d Xstyle"},"image":{"@id":"https:\/\/xstyle.md\/#\/schema\/logo\/image\/"},"sameAs":["https:\/\/www.facebook.com\/xstylemd","https:\/\/www.instagram.com\/xstyle_md\/","https:\/\/t.me\/xstyle_outdoor"],"hasMerchantReturnPolicy":{"@type":"MerchantReturnPolicy","merchantReturnLink":"https:\/\/xstyle.md\/ro\/conditions\/"}}]},"product_price_amount":"410.00","product_price_currency":"MDL","og_availability":"instock","product_availability":"instock","product_retailer_item_id":"5390459076011","product_condition":"new"},"post_mailing_queue_ids":[],"_links":{"self":[{"href":"https:\/\/xstyle.md\/ro\/wp-json\/wp\/v2\/product\/3583","targetHints":{"allow":["GET"]}}],"collection":[{"href":"https:\/\/xstyle.md\/ro\/wp-json\/wp\/v2\/product"}],"about":[{"href":"https:\/\/xstyle.md\/ro\/wp-json\/wp\/v2\/types\/product"}],"replies":[{"embeddable":true,"href":"https:\/\/xstyle.md\/ro\/wp-json\/wp\/v2\/comments?post=3583"}],"wp:featuredmedia":[{"embeddable":true,"href":"https:\/\/xstyle.md\/ro\/wp-json\/wp\/v2\/media\/3582"}],"wp:attachment":[{"href":"https:\/\/xstyle.md\/ro\/wp-json\/wp\/v2\/media?parent=3583"}],"wp:term":[{"taxonomy":"product_brand","embeddable":true,"href":"https:\/\/xstyle.md\/ro\/wp-json\/wp\/v2\/product_brand?post=3583"},{"taxonomy":"product_cat","embeddable":true,"href":"https:\/\/xstyle.md\/ro\/wp-json\/wp\/v2\/product_cat?post=3583"},{"taxonomy":"product_tag","embeddable":true,"href":"https:\/\/xstyle.md\/ro\/wp-json\/wp\/v2\/product_tag?post=3583"}],"curies":[{"name":"wp","href":"https:\/\/api.w.org\/{rel}","templated":true}]}}