{"id":3519,"date":"2020-07-16T19:04:26","date_gmt":"2020-07-16T16:04:26","guid":{"rendered":"https:\/\/xstyle.md\/product\/bodonepronicaemye-chehly-cascade-design-eseries-17"},"modified":"2024-10-19T23:41:40","modified_gmt":"2024-10-19T20:41:40","slug":"bodonepronicaemye-chehly-cascade-design-eseries-17","status":"publish","type":"product","link":"https:\/\/xstyle.md\/ro\/produs\/bodonepronicaemye-chehly-cascade-design-eseries-17\/","title":{"rendered":"Huse impermeabile Cascade Design eSeries 17"},"content":{"rendered":"<\/p>\n<p>Huse impermeabile <strong>Cascade Design eSeries 17<\/strong> &#8212; ideal\u0103 pentru p\u0103strarea a obiectelor de uz zilnic uscate, ofer\u0103 protec\u021bie atunci c\u00e2nd este scufundat\u0103 \u00een ap\u0103, men\u021bin\u00e2nd \u00een acela\u0219i timp func\u021bionalitatea complet\u0103 a dispozitivelor cu ecran tactil. Designul sub\u021bire faciliteaz\u0103 punerea husei \u00een buzunar sau ascunderea acesteia \u00een geant\u0103.<\/p>\n<h3>Particularit\u0103\u021bi<\/h3>\n<ul>\n<li>Carcasa este complet sigilat\u0103 \u0219i testat\u0103 individual conform IPX 7<\/li>\n<li>Poliuretan robust, transparent, rezistent la UV, performan\u021b\u0103 excelent\u0103 a senzorilor<\/li>\n<li>P\u0103streaz\u0103 toate func\u021bionalit\u0103\u021bile specifice gadgeturilor<\/li>\n<li>Col\u021bul carcasei are g\u0103uri speciale pentru fixare.<\/li>\n<\/ul>\n<h3>Caracteristici<\/h3>\n<ul>\n<li>Material &#8212; poliuretan<\/li>\n<li>Dimensiuni &#8212; 20,1 x 28,7 cm<\/li>\n<li>Model potrivit &#8212; Samsung Galaxy Note 8.0, Amazon Kindle Fire HD 8.9, Barnes &amp; Noble NOOK HD +.<\/li>\n<\/ul>\n<h3>Tehnologie<\/h3>\n<p><strong>Ce este IPXY?\u00a0<\/strong><\/p>\n<p>Oficial, &#171;IP&#187; \u00eenseamn\u0103 &#171;protec\u021bie interna\u021bional\u0103&#187;, deoarece standardul a fost inventat de Comisia Electrotehnic\u0103 Interna\u021bional\u0103 (IEC). Dar, acronimul &#171;IP&#187; este mai frecvent descifrat ca &#171;Ingress Protection&#187; (trad. &#171;Protec\u021bie \u00eempotriva influen\u021belor externe&#187;). Numerele care urmeaz\u0103 dup\u0103 litere indic\u0103 gradul \u0219i tipul de protec\u021bie.<\/p>\n<p>&#171;X&#187; este responsabil pentru protec\u021bia \u00eempotriva prafului: un num\u0103r de la 0 la 6 indic\u0103 gradul de protec\u021bie. Gradul zero nu ofer\u0103 niciun fel de protec\u021bie, \u00een timp ce gradul \u0219ase este cel mai \u00eenalt (praful nu va p\u0103trunde chiar \u0219i \u00een cazul unei expuneri prelungite).<\/p>\n<p>Litera &#171;Y&#187; indic\u0103 nivelul de protec\u021bie (de la 0 la 8) \u00eempotriva lichidelor. Zero, desigur, \u00eenseamn\u0103 c\u0103 nu exist\u0103 protec\u021bie, \u00een timp ce opt permite ca dispozitivul s\u0103 fie scufundat \u00een ap\u0103 la o ad\u00e2ncime de 3 metri timp de 30 de minute.<\/p>\n<p><\/p>","protected":false},"excerpt":{"rendered":"<p>Huse impermeabile Cascade Design eSeries 17<\/p>","protected":false},"featured_media":3517,"comment_status":"open","ping_status":"closed","template":"","meta":{"_acf_changed":false,"inline_featured_image":false},"product_brand":[1286],"product_cat":[878],"product_tag":[],"class_list":{"0":"post-3519","1":"product","2":"type-product","3":"status-publish","4":"has-post-thumbnail","6":"product_brand-therm-a-rest","7":"product_cat-shelves-for-documents-and-phones","9":"first","10":"instock","11":"sale","12":"shipping-taxable","13":"purchasable","14":"product-type-simple"},"acf":[],"yoast_head":"<!-- This site is optimized with the Yoast SEO plugin v27.4 - https:\/\/yoast.com\/product\/yoast-seo-wordpress\/ -->\n<title>\u0412\u043e\u0434\u043e\u043d\u0435\u043f\u0440\u043e\u043d\u0438\u0446\u0430\u0435\u043c\u044b\u0435 \u0447\u0435\u0445\u043b\u044b Cascade Design eSeries 17 - \u041c\u0430\u0433\u0430\u0437\u0438\u043d Xstyle<\/title>\n<meta name=\"description\" content=\"\u0412\u043e\u0434\u043e\u043d\u0435\u043f\u0440\u043e\u043d\u0438\u0446\u0430\u0435\u043c\u044b\u0435 \u0447\u0435\u0445\u043b\u044b Cascade Design eSeries 17 \u0438\u0434\u0435\u0430\u043b\u044c\u043d\u044b \u0434\u043b\u044f \u0437\u0430\u0449\u0438\u0442\u044b \u0432\u0430\u0448\u0438\u0445 \u0443\u0441\u0442\u0440\u043e\u0439\u0441\u0442\u0432. \u041e\u0431\u0435\u0441\u043f\u0435\u0447\u0438\u0432\u0430\u044e\u0442 \u0437\u0430\u0449\u0438\u0442\u0443 IPX7 \u0438 \u0441\u043e\u0445\u0440\u0430\u043d\u044f\u044e\u0442 \u0444\u0443\u043d\u043a\u0446\u0438\u043e\u043d\u0430\u043b\u044c\u043d\u043e\u0441\u0442\u044c \u0430\u043a\u0441\u0435\u0441\u0441\u0443\u0430\u0440\u043e\u0432.\" \/>\n<meta name=\"robots\" content=\"index, follow, max-snippet:-1, max-image-preview:large, max-video-preview:-1\" \/>\n<link rel=\"canonical\" href=\"https:\/\/xstyle.md\/ro\/produs\/bodonepronicaemye-chehly-cascade-design-eseries-17\/\" \/>\n<meta property=\"og:locale\" content=\"ro_RO\" \/>\n<meta property=\"og:type\" content=\"article\" \/>\n<meta property=\"og:title\" content=\"\u0412\u043e\u0434\u043e\u043d\u0435\u043f\u0440\u043e\u043d\u0438\u0446\u0430\u0435\u043c\u044b\u0435 \u0447\u0435\u0445\u043b\u044b Cascade Design eSeries 17 - \u041c\u0430\u0433\u0430\u0437\u0438\u043d Xstyle\" \/>\n<meta property=\"og:description\" content=\"\u0412\u043e\u0434\u043e\u043d\u0435\u043f\u0440\u043e\u043d\u0438\u0446\u0430\u0435\u043c\u044b\u0435 \u0447\u0435\u0445\u043b\u044b Cascade Design eSeries 17 \u0438\u0434\u0435\u0430\u043b\u044c\u043d\u044b \u0434\u043b\u044f \u0437\u0430\u0449\u0438\u0442\u044b \u0432\u0430\u0448\u0438\u0445 \u0443\u0441\u0442\u0440\u043e\u0439\u0441\u0442\u0432. \u041e\u0431\u0435\u0441\u043f\u0435\u0447\u0438\u0432\u0430\u044e\u0442 \u0437\u0430\u0449\u0438\u0442\u0443 IPX7 \u0438 \u0441\u043e\u0445\u0440\u0430\u043d\u044f\u044e\u0442 \u0444\u0443\u043d\u043a\u0446\u0438\u043e\u043d\u0430\u043b\u044c\u043d\u043e\u0441\u0442\u044c \u0430\u043a\u0441\u0435\u0441\u0441\u0443\u0430\u0440\u043e\u0432.\" \/>\n<meta property=\"og:url\" content=\"https:\/\/xstyle.md\/ro\/produs\/bodonepronicaemye-chehly-cascade-design-eseries-17\/\" \/>\n<meta property=\"og:site_name\" content=\"\u041c\u0430\u0433\u0430\u0437\u0438\u043d Xstyle\" \/>\n<meta property=\"article:publisher\" content=\"https:\/\/www.facebook.com\/xstylemd\" \/>\n<meta property=\"article:modified_time\" content=\"2024-10-19T20:41:40+00:00\" \/>\n<meta property=\"og:image\" content=\"https:\/\/xstyle.md\/wp-content\/uploads\/2020\/07\/eseries_17.jpg\" \/>\n\t<meta property=\"og:image:width\" content=\"460\" \/>\n\t<meta property=\"og:image:height\" content=\"300\" \/>\n\t<meta property=\"og:image:type\" content=\"image\/jpeg\" \/>\n<meta name=\"twitter:card\" content=\"summary_large_image\" \/>\n<meta name=\"twitter:label1\" content=\"Pre\u021b\" \/>\n\t<meta name=\"twitter:data1\" content=\"396&nbsp;MDL\" \/>\n\t<meta name=\"twitter:label2\" content=\"Disponibilitate\" \/>\n\t<meta name=\"twitter:data2\" content=\"\u00cen stoc\" \/>\n<script type=\"application\/ld+json\" class=\"yoast-schema-graph\">{\"@context\":\"https:\\\/\\\/schema.org\",\"@graph\":[{\"@type\":\"WebPage\",\"@id\":\"https:\\\/\\\/xstyle.md\\\/product\\\/bodonepronicaemye-chehly-cascade-design-eseries-17\\\/\",\"url\":\"https:\\\/\\\/xstyle.md\\\/product\\\/bodonepronicaemye-chehly-cascade-design-eseries-17\\\/\",\"name\":\"\u0412\u043e\u0434\u043e\u043d\u0435\u043f\u0440\u043e\u043d\u0438\u0446\u0430\u0435\u043c\u044b\u0435 \u0447\u0435\u0445\u043b\u044b Cascade Design eSeries 17 - \u041c\u0430\u0433\u0430\u0437\u0438\u043d Xstyle\",\"isPartOf\":{\"@id\":\"https:\\\/\\\/xstyle.md\\\/#website\"},\"primaryImageOfPage\":{\"@id\":\"https:\\\/\\\/xstyle.md\\\/product\\\/bodonepronicaemye-chehly-cascade-design-eseries-17\\\/#primaryimage\"},\"image\":{\"@id\":\"https:\\\/\\\/xstyle.md\\\/product\\\/bodonepronicaemye-chehly-cascade-design-eseries-17\\\/#primaryimage\"},\"thumbnailUrl\":\"https:\\\/\\\/xstyle.md\\\/wp-content\\\/uploads\\\/2020\\\/07\\\/eseries_17.jpg\",\"datePublished\":\"2020-07-16T16:04:26+00:00\",\"dateModified\":\"2024-10-19T20:41:40+00:00\",\"description\":\"\u0412\u043e\u0434\u043e\u043d\u0435\u043f\u0440\u043e\u043d\u0438\u0446\u0430\u0435\u043c\u044b\u0435 \u0447\u0435\u0445\u043b\u044b Cascade Design eSeries 17 \u0438\u0434\u0435\u0430\u043b\u044c\u043d\u044b \u0434\u043b\u044f \u0437\u0430\u0449\u0438\u0442\u044b \u0432\u0430\u0448\u0438\u0445 \u0443\u0441\u0442\u0440\u043e\u0439\u0441\u0442\u0432. \u041e\u0431\u0435\u0441\u043f\u0435\u0447\u0438\u0432\u0430\u044e\u0442 \u0437\u0430\u0449\u0438\u0442\u0443 IPX7 \u0438 \u0441\u043e\u0445\u0440\u0430\u043d\u044f\u044e\u0442 \u0444\u0443\u043d\u043a\u0446\u0438\u043e\u043d\u0430\u043b\u044c\u043d\u043e\u0441\u0442\u044c \u0430\u043a\u0441\u0435\u0441\u0441\u0443\u0430\u0440\u043e\u0432.\",\"breadcrumb\":{\"@id\":\"https:\\\/\\\/xstyle.md\\\/product\\\/bodonepronicaemye-chehly-cascade-design-eseries-17\\\/#breadcrumb\"},\"inLanguage\":\"ro-RO\",\"potentialAction\":[{\"@type\":\"ReadAction\",\"target\":[\"https:\\\/\\\/xstyle.md\\\/product\\\/bodonepronicaemye-chehly-cascade-design-eseries-17\\\/\"]}]},{\"@type\":\"ImageObject\",\"inLanguage\":\"ro-RO\",\"@id\":\"https:\\\/\\\/xstyle.md\\\/product\\\/bodonepronicaemye-chehly-cascade-design-eseries-17\\\/#primaryimage\",\"url\":\"https:\\\/\\\/xstyle.md\\\/wp-content\\\/uploads\\\/2020\\\/07\\\/eseries_17.jpg\",\"contentUrl\":\"https:\\\/\\\/xstyle.md\\\/wp-content\\\/uploads\\\/2020\\\/07\\\/eseries_17.jpg\",\"width\":460,\"height\":300},{\"@type\":\"BreadcrumbList\",\"@id\":\"https:\\\/\\\/xstyle.md\\\/product\\\/bodonepronicaemye-chehly-cascade-design-eseries-17\\\/#breadcrumb\",\"itemListElement\":[{\"@type\":\"ListItem\",\"position\":1,\"name\":\"\u0413\u043b\u0430\u0432\u043d\u0430\u044f \u0441\u0442\u0440\u0430\u043d\u0438\u0446\u0430\",\"item\":\"https:\\\/\\\/xstyle.md\\\/\"},{\"@type\":\"ListItem\",\"position\":2,\"name\":\"\u041c\u0430\u0433\u0430\u0437\u0438\u043d\",\"item\":\"https:\\\/\\\/xstyle.md\\\/shop\\\/\"},{\"@type\":\"ListItem\",\"position\":3,\"name\":\"\u0412\u043e\u0434\u043e\u043d\u0435\u043f\u0440\u043e\u043d\u0438\u0446\u0430\u0435\u043c\u044b\u0435 \u0447\u0435\u0445\u043b\u044b Cascade Design eSeries 17\"}]},{\"@type\":\"WebSite\",\"@id\":\"https:\\\/\\\/xstyle.md\\\/#website\",\"url\":\"https:\\\/\\\/xstyle.md\\\/\",\"name\":\"\u041c\u0430\u0433\u0430\u0437\u0438\u043d Xstyle\",\"description\":\"C\u043d\u0430\u0440\u044f\u0436\u0435\u043d\u0438\u0435 \u0434\u043b\u044f \u0442\u0443\u0440\u0438\u0437\u043c\u0430 \u0438 \u044d\u043a\u0441\u0442\u0440\u0435\u043c\u0430\u043b\u044c\u043d\u044b\u0445 \u0432\u0438\u0434\u043e\u0432 \u0441\u043f\u043e\u0440\u0442\u0430 \u0432 \u041c\u043e\u043b\u0434\u043e\u0432\u0435.. \u0426\u0435\u043d\u044b, \u0444\u043e\u0442\u043e, \u0445\u0430\u0440\u0430\u043a\u0442\u0435\u0440\u0438\u0441\u0442\u0438\u043a\u0438 \u0432 \u041c\u043e\u043b\u0434\u043e\u0432\u0435.\",\"publisher\":{\"@id\":\"https:\\\/\\\/xstyle.md\\\/#organization\"},\"alternateName\":\"X-Style\",\"potentialAction\":[{\"@type\":\"SearchAction\",\"target\":{\"@type\":\"EntryPoint\",\"urlTemplate\":\"https:\\\/\\\/xstyle.md\\\/?s={search_term_string}\"},\"query-input\":{\"@type\":\"PropertyValueSpecification\",\"valueRequired\":true,\"valueName\":\"search_term_string\"}}],\"inLanguage\":\"ro-RO\"},{\"@type\":\"Organization\",\"@id\":\"https:\\\/\\\/xstyle.md\\\/#organization\",\"name\":\"\u041c\u0430\u0433\u0430\u0437\u0438\u043d Xstyle\",\"alternateName\":\"x-style\",\"url\":\"https:\\\/\\\/xstyle.md\\\/\",\"logo\":{\"@type\":\"ImageObject\",\"inLanguage\":\"ro-RO\",\"@id\":\"https:\\\/\\\/xstyle.md\\\/#\\\/schema\\\/logo\\\/image\\\/\",\"url\":\"https:\\\/\\\/xstyle.md\\\/wp-content\\\/uploads\\\/2020\\\/06\\\/logoicon.svg\",\"contentUrl\":\"https:\\\/\\\/xstyle.md\\\/wp-content\\\/uploads\\\/2020\\\/06\\\/logoicon.svg\",\"caption\":\"\u041c\u0430\u0433\u0430\u0437\u0438\u043d Xstyle\"},\"image\":{\"@id\":\"https:\\\/\\\/xstyle.md\\\/#\\\/schema\\\/logo\\\/image\\\/\"},\"sameAs\":[\"https:\\\/\\\/www.facebook.com\\\/xstylemd\",\"https:\\\/\\\/www.instagram.com\\\/xstyle_md\\\/\",\"https:\\\/\\\/t.me\\\/xstyle_outdoor\"],\"hasMerchantReturnPolicy\":{\"@type\":\"MerchantReturnPolicy\",\"merchantReturnLink\":\"https:\\\/\\\/xstyle.md\\\/ro\\\/conditions\\\/\"}}]}<\/script>\n<meta property=\"product:price:amount\" content=\"396.00\" \/>\n<meta property=\"product:price:currency\" content=\"MDL\" \/>\n<meta property=\"og:availability\" content=\"instock\" \/>\n<meta property=\"product:availability\" content=\"instock\" \/>\n<meta property=\"product:retailer_item_id\" content=\"40818050880\" \/>\n<meta property=\"product:condition\" content=\"new\" \/>\n<!-- \/ Yoast SEO plugin. -->","yoast_head_json":{"title":"Huse impermeabile Cascade Design eSeries 17 - Magazin Xstyle","description":"Carcasele impermeabile Cascade Design eSeries 17 sunt ideale pentru protejarea dispozitivelor dumneavoastr\u0103. Ofer\u0103 protec\u021bie IPX7 \u0219i p\u0103streaz\u0103 func\u021bionalitatea accesoriilor.","robots":{"index":"index","follow":"follow","max-snippet":"max-snippet:-1","max-image-preview":"max-image-preview:large","max-video-preview":"max-video-preview:-1"},"canonical":"https:\/\/xstyle.md\/ro\/produs\/bodonepronicaemye-chehly-cascade-design-eseries-17\/","og_locale":"ro_RO","og_type":"article","og_title":"\u0412\u043e\u0434\u043e\u043d\u0435\u043f\u0440\u043e\u043d\u0438\u0446\u0430\u0435\u043c\u044b\u0435 \u0447\u0435\u0445\u043b\u044b Cascade Design eSeries 17 - \u041c\u0430\u0433\u0430\u0437\u0438\u043d Xstyle","og_description":"\u0412\u043e\u0434\u043e\u043d\u0435\u043f\u0440\u043e\u043d\u0438\u0446\u0430\u0435\u043c\u044b\u0435 \u0447\u0435\u0445\u043b\u044b Cascade Design eSeries 17 \u0438\u0434\u0435\u0430\u043b\u044c\u043d\u044b \u0434\u043b\u044f \u0437\u0430\u0449\u0438\u0442\u044b \u0432\u0430\u0448\u0438\u0445 \u0443\u0441\u0442\u0440\u043e\u0439\u0441\u0442\u0432. \u041e\u0431\u0435\u0441\u043f\u0435\u0447\u0438\u0432\u0430\u044e\u0442 \u0437\u0430\u0449\u0438\u0442\u0443 IPX7 \u0438 \u0441\u043e\u0445\u0440\u0430\u043d\u044f\u044e\u0442 \u0444\u0443\u043d\u043a\u0446\u0438\u043e\u043d\u0430\u043b\u044c\u043d\u043e\u0441\u0442\u044c \u0430\u043a\u0441\u0435\u0441\u0441\u0443\u0430\u0440\u043e\u0432.","og_url":"https:\/\/xstyle.md\/ro\/produs\/bodonepronicaemye-chehly-cascade-design-eseries-17\/","og_site_name":"\u041c\u0430\u0433\u0430\u0437\u0438\u043d Xstyle","article_publisher":"https:\/\/www.facebook.com\/xstylemd","article_modified_time":"2024-10-19T20:41:40+00:00","og_image":[{"width":460,"height":300,"url":"https:\/\/xstyle.md\/wp-content\/uploads\/2020\/07\/eseries_17.jpg","type":"image\/jpeg"}],"twitter_card":"summary_large_image","twitter_misc":{"Pre\u021b":"396&nbsp;MDL","Disponibilitate":"\u00cen stoc"},"schema":{"@context":"https:\/\/schema.org","@graph":[{"@type":"WebPage","@id":"https:\/\/xstyle.md\/product\/bodonepronicaemye-chehly-cascade-design-eseries-17\/","url":"https:\/\/xstyle.md\/product\/bodonepronicaemye-chehly-cascade-design-eseries-17\/","name":"Huse impermeabile Cascade Design eSeries 17 - Magazin Xstyle","isPartOf":{"@id":"https:\/\/xstyle.md\/#website"},"primaryImageOfPage":{"@id":"https:\/\/xstyle.md\/product\/bodonepronicaemye-chehly-cascade-design-eseries-17\/#primaryimage"},"image":{"@id":"https:\/\/xstyle.md\/product\/bodonepronicaemye-chehly-cascade-design-eseries-17\/#primaryimage"},"thumbnailUrl":"https:\/\/xstyle.md\/wp-content\/uploads\/2020\/07\/eseries_17.jpg","datePublished":"2020-07-16T16:04:26+00:00","dateModified":"2024-10-19T20:41:40+00:00","description":"Carcasele impermeabile Cascade Design eSeries 17 sunt ideale pentru protejarea dispozitivelor dumneavoastr\u0103. Ofer\u0103 protec\u021bie IPX7 \u0219i p\u0103streaz\u0103 func\u021bionalitatea accesoriilor.","breadcrumb":{"@id":"https:\/\/xstyle.md\/product\/bodonepronicaemye-chehly-cascade-design-eseries-17\/#breadcrumb"},"inLanguage":"ro-RO","potentialAction":[{"@type":"ReadAction","target":["https:\/\/xstyle.md\/product\/bodonepronicaemye-chehly-cascade-design-eseries-17\/"]}]},{"@type":"ImageObject","inLanguage":"ro-RO","@id":"https:\/\/xstyle.md\/product\/bodonepronicaemye-chehly-cascade-design-eseries-17\/#primaryimage","url":"https:\/\/xstyle.md\/wp-content\/uploads\/2020\/07\/eseries_17.jpg","contentUrl":"https:\/\/xstyle.md\/wp-content\/uploads\/2020\/07\/eseries_17.jpg","width":460,"height":300},{"@type":"BreadcrumbList","@id":"https:\/\/xstyle.md\/product\/bodonepronicaemye-chehly-cascade-design-eseries-17\/#breadcrumb","itemListElement":[{"@type":"ListItem","position":1,"name":"\u0413\u043b\u0430\u0432\u043d\u0430\u044f \u0441\u0442\u0440\u0430\u043d\u0438\u0446\u0430","item":"https:\/\/xstyle.md\/"},{"@type":"ListItem","position":2,"name":"\u041c\u0430\u0433\u0430\u0437\u0438\u043d","item":"https:\/\/xstyle.md\/shop\/"},{"@type":"ListItem","position":3,"name":"\u0412\u043e\u0434\u043e\u043d\u0435\u043f\u0440\u043e\u043d\u0438\u0446\u0430\u0435\u043c\u044b\u0435 \u0447\u0435\u0445\u043b\u044b Cascade Design eSeries 17"}]},{"@type":"WebSite","@id":"https:\/\/xstyle.md\/#website","url":"https:\/\/xstyle.md\/","name":"Magazinul X-Style","description":"Echipamente pentru turism \u0219i sporturi extreme \u00een Moldova. Pre\u021buri, fotografii, caracteristici \u00een Moldova.","publisher":{"@id":"https:\/\/xstyle.md\/#organization"},"alternateName":"X-Style","potentialAction":[{"@type":"SearchAction","target":{"@type":"EntryPoint","urlTemplate":"https:\/\/xstyle.md\/?s={search_term_string}"},"query-input":{"@type":"PropertyValueSpecification","valueRequired":true,"valueName":"search_term_string"}}],"inLanguage":"ro-RO"},{"@type":"Organization","@id":"https:\/\/xstyle.md\/#organization","name":"Magazinul X-Style","alternateName":"x-style","url":"https:\/\/xstyle.md\/","logo":{"@type":"ImageObject","inLanguage":"ro-RO","@id":"https:\/\/xstyle.md\/#\/schema\/logo\/image\/","url":"https:\/\/xstyle.md\/wp-content\/uploads\/2020\/06\/logoicon.svg","contentUrl":"https:\/\/xstyle.md\/wp-content\/uploads\/2020\/06\/logoicon.svg","caption":"\u041c\u0430\u0433\u0430\u0437\u0438\u043d Xstyle"},"image":{"@id":"https:\/\/xstyle.md\/#\/schema\/logo\/image\/"},"sameAs":["https:\/\/www.facebook.com\/xstylemd","https:\/\/www.instagram.com\/xstyle_md\/","https:\/\/t.me\/xstyle_outdoor"],"hasMerchantReturnPolicy":{"@type":"MerchantReturnPolicy","merchantReturnLink":"https:\/\/xstyle.md\/ro\/conditions\/"}}]},"product_price_amount":"396.00","product_price_currency":"MDL","og_availability":"instock","product_availability":"instock","product_retailer_item_id":"40818050880","product_condition":"new"},"_links":{"self":[{"href":"https:\/\/xstyle.md\/ro\/wp-json\/wp\/v2\/product\/3519","targetHints":{"allow":["GET"]}}],"collection":[{"href":"https:\/\/xstyle.md\/ro\/wp-json\/wp\/v2\/product"}],"about":[{"href":"https:\/\/xstyle.md\/ro\/wp-json\/wp\/v2\/types\/product"}],"replies":[{"embeddable":true,"href":"https:\/\/xstyle.md\/ro\/wp-json\/wp\/v2\/comments?post=3519"}],"wp:featuredmedia":[{"embeddable":true,"href":"https:\/\/xstyle.md\/ro\/wp-json\/wp\/v2\/media\/3517"}],"wp:attachment":[{"href":"https:\/\/xstyle.md\/ro\/wp-json\/wp\/v2\/media?parent=3519"}],"wp:term":[{"taxonomy":"product_brand","embeddable":true,"href":"https:\/\/xstyle.md\/ro\/wp-json\/wp\/v2\/product_brand?post=3519"},{"taxonomy":"product_cat","embeddable":true,"href":"https:\/\/xstyle.md\/ro\/wp-json\/wp\/v2\/product_cat?post=3519"},{"taxonomy":"product_tag","embeddable":true,"href":"https:\/\/xstyle.md\/ro\/wp-json\/wp\/v2\/product_tag?post=3519"}],"curies":[{"name":"wp","href":"https:\/\/api.w.org\/{rel}","templated":true}]}}