{"id":3512,"date":"2020-07-16T19:04:15","date_gmt":"2020-07-16T16:04:15","guid":{"rendered":"https:\/\/xstyle.md\/product\/emkost-dlja-vody-msr-dromedary-bags-4l"},"modified":"2025-04-23T16:34:44","modified_gmt":"2025-04-23T13:34:44","slug":"emkost-dlja-vody-msr-dromedary-bags-4l","status":"publish","type":"product","link":"https:\/\/xstyle.md\/ro\/produs\/emkost-dlja-vody-msr-dromedary-bags-4l\/","title":{"rendered":"Rezervor ap\u0103 MSR Dromedary Bags 4L"},"content":{"rendered":"<\/p>\n<p><strong>Rezervor ap\u0103 MSR Dromedary Bags 4L<\/strong> &#8212; din Cordura\u00ae 500 \u0219i Cordura\u00ae 1000-Denier, cu rezisten\u021b\u0103 la uzur\u0103, \u00een interior acoperite cu poliuretan alimentar. Transportul inclusiv a apei congelate \u0219i fierbin\u021bi. Echipat cu un capac de 3 \u00een 1, care faciliteaz\u0103 \u00eenc\u0103rcarea \u0219i consumul de ap\u0103, precum \u0219i g\u0103uri \u0219i o curea la \u00eendem\u00e2n\u0103, care v\u0103 permite s\u0103 fixa\u021bi recipientul pe rucsac.<\/p>\n<h3>Particularit\u0103\u021bi<\/h3>\n<ul>\n<li>Ultra-durabil: material Cordura rezistent la abraziune, laminat cu poliuretan de calitate alimentar\u0103 \u0219i foarte rezistent la atacul temperaturii.<\/li>\n<li>Versatil: capacul 3 \u00een 1 face ca umplerea, b\u0103utul \u0219i turnarea apei s\u0103 fie u\u0219oare \u0219i convenabile.<\/li>\n<li>U\u0219or de umplut: m\u00e2nerul ergonomic face ca umplerea pungii cu ap\u0103 s\u0103 fie foarte convenabil\u0103.<\/li>\n<li>Curea perimetral\u0103: v\u0103 permite s\u0103 ata\u0219a\u021bi cu u\u0219urin\u021b\u0103 punga la rucsac sau s\u0103 o ag\u0103\u021ba\u021bi.<\/li>\n<li>F\u0103r\u0103 BPA: nu con\u021bine bisfenol-A.<\/li>\n<\/ul>\n<h3>Caracteristici<\/h3>\n<ul>\n<li>Material &#8212; Cordura\u00ae 500, Cordura\u00ae 1000-Denier<\/li>\n<li>Volum &#8212; 4 litri.<\/li>\n<\/ul>\n<h3>Tehnologie<\/h3>\n<ul>\n<li><strong>BPA<\/strong> &#8212; este un compus chimic organic \u0219i este utilizat pentru fabricarea materialelor plastice, a policarbonatului \u0219i a r\u0103\u0219inii epoxidice. De asemenea, este ad\u0103ugat la produsele din plastic \u0219i la conservele alimentare. Principalele propriet\u0103\u021bi ale bisfenolului-A sunt propriet\u0103\u021bile de \u00eent\u0103rire \u0219i antioxidante. BPA este capabil s\u0103 p\u0103trund\u0103 \u00een corpul uman nu numai cu ajutorul alimentelor \u0219i al apei, ci \u0219i prin piele \u0219i pl\u0103m\u00e2ni. Contactul prelungit al lichidelor \u0219i al alimentelor umede cu plasticul care con\u021bine bisfenol-A contribuie la eliberarea acestei substan\u021be \u00een alimente. \u00cenc\u0103lzirea unor astfel de recipiente accelereaz\u0103 semnificativ eliberarea de bisfenol-A.<br \/>\nAceasta plosc\u0103 este etichetat bpa fre\u0435, ceea ce indic\u0103 faptul c\u0103 bisfenol-A nu a fost utilizat la fabricarea acestui recipient.<\/li>\n<\/ul>\n<h3>Marca<\/h3>\n<p>MSR este un cunoscut produc\u0103tor de articole sportive, care produce echipamente pentru alpini\u0219tii profesioni\u0219ti \u0219i pentru cei care prefer\u0103 activit\u0103\u021bile de agrement \u00een aer liber. Produsele sunt concepute pentru a face c\u00e2t mai u\u0219or posibil ca o persoan\u0103 s\u0103 r\u0103m\u00e2n\u0103 \u00een aer liber pentru perioade lungi de timp. Acestea sunt dispozitive universale care pot fi folosite at\u00e2t \u00eentr-o drume\u021bie obi\u0219nuit\u0103, c\u00e2t \u0219i \u00eentr-o expedi\u021bie complex\u0103.<\/p>\n<p><\/p>","protected":false},"excerpt":{"rendered":"<p>Rezervor ap\u0103 MSR Dromedary Bags 4L<\/p>","protected":false},"featured_media":3511,"comment_status":"open","ping_status":"closed","template":"","meta":{"_acf_changed":false,"inline_featured_image":false},"product_brand":[1279],"product_cat":[875],"product_tag":[],"class_list":{"0":"post-3512","1":"product","2":"type-product","3":"status-publish","4":"has-post-thumbnail","6":"product_brand-msr","7":"product_cat-water-tanks","9":"first","10":"instock","11":"shipping-taxable","12":"purchasable","13":"product-type-simple"},"acf":[],"yoast_head":"<!-- This site is optimized with the Yoast SEO plugin v27.4 - https:\/\/yoast.com\/product\/yoast-seo-wordpress\/ -->\n<title>\u0415\u043c\u043a\u043e\u0441\u0442\u044c \u0434\u043b\u044f \u0432\u043e\u0434\u044b MSR Dromedary Bags 4L - \u041c\u0430\u0433\u0430\u0437\u0438\u043d Xstyle<\/title>\n<meta name=\"description\" content=\"\u0415\u043c\u043a\u043e\u0441\u0442\u044c \u0434\u043b\u044f \u0432\u043e\u0434\u044b MSR Dromedary Bags 4L \u0438\u0437 \u043f\u0440\u043e\u0447\u043d\u043e\u0433\u043e Cordura: \u043b\u0435\u0433\u043a\u0430\u044f, BPA-free, \u043f\u043e\u0434\u0445\u043e\u0434\u0438\u0442 \u0434\u043b\u044f \u0433\u043e\u0440\u044f\u0447\u0435\u0439 \u0438 \u0437\u0430\u043c\u043e\u0440\u043e\u0436\u0435\u043d\u043d\u043e\u0439 \u0432\u043e\u0434\u044b. \u0418\u0434\u0435\u0430\u043b\u044c\u043d\u044b\u0439 \u0432\u044b\u0431\u043e\u0440 \u0434\u043b\u044f \u0430\u043a\u0442\u0438\u0432\u043d\u043e\u0433\u043e \u043e\u0442\u0434\u044b\u0445\u0430!\" \/>\n<meta name=\"robots\" content=\"index, follow, max-snippet:-1, max-image-preview:large, max-video-preview:-1\" \/>\n<link rel=\"canonical\" href=\"https:\/\/xstyle.md\/ro\/produs\/emkost-dlja-vody-msr-dromedary-bags-4l\/\" \/>\n<meta property=\"og:locale\" content=\"ro_RO\" \/>\n<meta property=\"og:type\" content=\"article\" \/>\n<meta property=\"og:title\" content=\"\u0415\u043c\u043a\u043e\u0441\u0442\u044c \u0434\u043b\u044f \u0432\u043e\u0434\u044b MSR Dromedary Bags 4L - \u041c\u0430\u0433\u0430\u0437\u0438\u043d Xstyle\" \/>\n<meta property=\"og:description\" content=\"\u0415\u043c\u043a\u043e\u0441\u0442\u044c \u0434\u043b\u044f \u0432\u043e\u0434\u044b MSR Dromedary Bags 4L \u0438\u0437 \u043f\u0440\u043e\u0447\u043d\u043e\u0433\u043e Cordura: \u043b\u0435\u0433\u043a\u0430\u044f, BPA-free, \u043f\u043e\u0434\u0445\u043e\u0434\u0438\u0442 \u0434\u043b\u044f \u0433\u043e\u0440\u044f\u0447\u0435\u0439 \u0438 \u0437\u0430\u043c\u043e\u0440\u043e\u0436\u0435\u043d\u043d\u043e\u0439 \u0432\u043e\u0434\u044b. \u0418\u0434\u0435\u0430\u043b\u044c\u043d\u044b\u0439 \u0432\u044b\u0431\u043e\u0440 \u0434\u043b\u044f \u0430\u043a\u0442\u0438\u0432\u043d\u043e\u0433\u043e \u043e\u0442\u0434\u044b\u0445\u0430!\" \/>\n<meta property=\"og:url\" content=\"https:\/\/xstyle.md\/ro\/produs\/emkost-dlja-vody-msr-dromedary-bags-4l\/\" \/>\n<meta property=\"og:site_name\" content=\"\u041c\u0430\u0433\u0430\u0437\u0438\u043d Xstyle\" \/>\n<meta property=\"article:publisher\" content=\"https:\/\/www.facebook.com\/xstylemd\" \/>\n<meta property=\"article:modified_time\" content=\"2025-04-23T13:34:44+00:00\" \/>\n<meta property=\"og:image\" content=\"https:\/\/xstyle.md\/wp-content\/uploads\/2020\/07\/4_1l_dromedary_bag_black.jpg\" \/>\n\t<meta property=\"og:image:width\" content=\"1500\" \/>\n\t<meta property=\"og:image:height\" content=\"1500\" \/>\n\t<meta property=\"og:image:type\" content=\"image\/jpeg\" \/>\n<meta name=\"twitter:card\" content=\"summary_large_image\" \/>\n<meta name=\"twitter:label1\" content=\"Pre\u021b\" \/>\n\t<meta name=\"twitter:data1\" content=\"1.190&nbsp;MDL\" \/>\n\t<meta name=\"twitter:label2\" content=\"Disponibilitate\" \/>\n\t<meta name=\"twitter:data2\" content=\"\u00cen stoc\" \/>\n<script type=\"application\/ld+json\" class=\"yoast-schema-graph\">{\"@context\":\"https:\\\/\\\/schema.org\",\"@graph\":[{\"@type\":\"WebPage\",\"@id\":\"https:\\\/\\\/xstyle.md\\\/product\\\/emkost-dlja-vody-msr-dromedary-bags-4l\\\/\",\"url\":\"https:\\\/\\\/xstyle.md\\\/product\\\/emkost-dlja-vody-msr-dromedary-bags-4l\\\/\",\"name\":\"\u0415\u043c\u043a\u043e\u0441\u0442\u044c \u0434\u043b\u044f \u0432\u043e\u0434\u044b MSR Dromedary Bags 4L - \u041c\u0430\u0433\u0430\u0437\u0438\u043d Xstyle\",\"isPartOf\":{\"@id\":\"https:\\\/\\\/xstyle.md\\\/#website\"},\"primaryImageOfPage\":{\"@id\":\"https:\\\/\\\/xstyle.md\\\/product\\\/emkost-dlja-vody-msr-dromedary-bags-4l\\\/#primaryimage\"},\"image\":{\"@id\":\"https:\\\/\\\/xstyle.md\\\/product\\\/emkost-dlja-vody-msr-dromedary-bags-4l\\\/#primaryimage\"},\"thumbnailUrl\":\"https:\\\/\\\/xstyle.md\\\/wp-content\\\/uploads\\\/2020\\\/07\\\/4_1l_dromedary_bag_black.jpg\",\"datePublished\":\"2020-07-16T16:04:15+00:00\",\"dateModified\":\"2025-04-23T13:34:44+00:00\",\"description\":\"\u0415\u043c\u043a\u043e\u0441\u0442\u044c \u0434\u043b\u044f \u0432\u043e\u0434\u044b MSR Dromedary Bags 4L \u0438\u0437 \u043f\u0440\u043e\u0447\u043d\u043e\u0433\u043e Cordura: \u043b\u0435\u0433\u043a\u0430\u044f, BPA-free, \u043f\u043e\u0434\u0445\u043e\u0434\u0438\u0442 \u0434\u043b\u044f \u0433\u043e\u0440\u044f\u0447\u0435\u0439 \u0438 \u0437\u0430\u043c\u043e\u0440\u043e\u0436\u0435\u043d\u043d\u043e\u0439 \u0432\u043e\u0434\u044b. \u0418\u0434\u0435\u0430\u043b\u044c\u043d\u044b\u0439 \u0432\u044b\u0431\u043e\u0440 \u0434\u043b\u044f \u0430\u043a\u0442\u0438\u0432\u043d\u043e\u0433\u043e \u043e\u0442\u0434\u044b\u0445\u0430!\",\"breadcrumb\":{\"@id\":\"https:\\\/\\\/xstyle.md\\\/product\\\/emkost-dlja-vody-msr-dromedary-bags-4l\\\/#breadcrumb\"},\"inLanguage\":\"ro-RO\",\"potentialAction\":[{\"@type\":\"ReadAction\",\"target\":[\"https:\\\/\\\/xstyle.md\\\/product\\\/emkost-dlja-vody-msr-dromedary-bags-4l\\\/\"]}]},{\"@type\":\"ImageObject\",\"inLanguage\":\"ro-RO\",\"@id\":\"https:\\\/\\\/xstyle.md\\\/product\\\/emkost-dlja-vody-msr-dromedary-bags-4l\\\/#primaryimage\",\"url\":\"https:\\\/\\\/xstyle.md\\\/wp-content\\\/uploads\\\/2020\\\/07\\\/4_1l_dromedary_bag_black.jpg\",\"contentUrl\":\"https:\\\/\\\/xstyle.md\\\/wp-content\\\/uploads\\\/2020\\\/07\\\/4_1l_dromedary_bag_black.jpg\",\"width\":1500,\"height\":1500},{\"@type\":\"BreadcrumbList\",\"@id\":\"https:\\\/\\\/xstyle.md\\\/product\\\/emkost-dlja-vody-msr-dromedary-bags-4l\\\/#breadcrumb\",\"itemListElement\":[{\"@type\":\"ListItem\",\"position\":1,\"name\":\"\u0413\u043b\u0430\u0432\u043d\u0430\u044f \u0441\u0442\u0440\u0430\u043d\u0438\u0446\u0430\",\"item\":\"https:\\\/\\\/xstyle.md\\\/\"},{\"@type\":\"ListItem\",\"position\":2,\"name\":\"\u041c\u0430\u0433\u0430\u0437\u0438\u043d\",\"item\":\"https:\\\/\\\/xstyle.md\\\/shop\\\/\"},{\"@type\":\"ListItem\",\"position\":3,\"name\":\"\u0415\u043c\u043a\u043e\u0441\u0442\u044c \u0434\u043b\u044f \u0432\u043e\u0434\u044b MSR Dromedary Bags 4L\"}]},{\"@type\":\"WebSite\",\"@id\":\"https:\\\/\\\/xstyle.md\\\/#website\",\"url\":\"https:\\\/\\\/xstyle.md\\\/\",\"name\":\"\u041c\u0430\u0433\u0430\u0437\u0438\u043d Xstyle\",\"description\":\"C\u043d\u0430\u0440\u044f\u0436\u0435\u043d\u0438\u0435 \u0434\u043b\u044f \u0442\u0443\u0440\u0438\u0437\u043c\u0430 \u0438 \u044d\u043a\u0441\u0442\u0440\u0435\u043c\u0430\u043b\u044c\u043d\u044b\u0445 \u0432\u0438\u0434\u043e\u0432 \u0441\u043f\u043e\u0440\u0442\u0430 \u0432 \u041c\u043e\u043b\u0434\u043e\u0432\u0435.. \u0426\u0435\u043d\u044b, \u0444\u043e\u0442\u043e, \u0445\u0430\u0440\u0430\u043a\u0442\u0435\u0440\u0438\u0441\u0442\u0438\u043a\u0438 \u0432 \u041c\u043e\u043b\u0434\u043e\u0432\u0435.\",\"publisher\":{\"@id\":\"https:\\\/\\\/xstyle.md\\\/#organization\"},\"alternateName\":\"X-Style\",\"potentialAction\":[{\"@type\":\"SearchAction\",\"target\":{\"@type\":\"EntryPoint\",\"urlTemplate\":\"https:\\\/\\\/xstyle.md\\\/?s={search_term_string}\"},\"query-input\":{\"@type\":\"PropertyValueSpecification\",\"valueRequired\":true,\"valueName\":\"search_term_string\"}}],\"inLanguage\":\"ro-RO\"},{\"@type\":\"Organization\",\"@id\":\"https:\\\/\\\/xstyle.md\\\/#organization\",\"name\":\"\u041c\u0430\u0433\u0430\u0437\u0438\u043d Xstyle\",\"alternateName\":\"x-style\",\"url\":\"https:\\\/\\\/xstyle.md\\\/\",\"logo\":{\"@type\":\"ImageObject\",\"inLanguage\":\"ro-RO\",\"@id\":\"https:\\\/\\\/xstyle.md\\\/#\\\/schema\\\/logo\\\/image\\\/\",\"url\":\"https:\\\/\\\/xstyle.md\\\/wp-content\\\/uploads\\\/2020\\\/06\\\/logoicon.svg\",\"contentUrl\":\"https:\\\/\\\/xstyle.md\\\/wp-content\\\/uploads\\\/2020\\\/06\\\/logoicon.svg\",\"caption\":\"\u041c\u0430\u0433\u0430\u0437\u0438\u043d Xstyle\"},\"image\":{\"@id\":\"https:\\\/\\\/xstyle.md\\\/#\\\/schema\\\/logo\\\/image\\\/\"},\"sameAs\":[\"https:\\\/\\\/www.facebook.com\\\/xstylemd\",\"https:\\\/\\\/www.instagram.com\\\/xstyle_md\\\/\",\"https:\\\/\\\/t.me\\\/xstyle_outdoor\"],\"hasMerchantReturnPolicy\":{\"@type\":\"MerchantReturnPolicy\",\"merchantReturnLink\":\"https:\\\/\\\/xstyle.md\\\/ro\\\/conditions\\\/\"}}]}<\/script>\n<meta property=\"product:price:amount\" content=\"1190.00\" \/>\n<meta property=\"product:price:currency\" content=\"MDL\" \/>\n<meta property=\"og:availability\" content=\"instock\" \/>\n<meta property=\"product:availability\" content=\"instock\" \/>\n<meta property=\"product:retailer_item_id\" content=\"40818570579\" \/>\n<meta property=\"product:condition\" content=\"new\" \/>\n<!-- \/ Yoast SEO plugin. -->","yoast_head_json":{"title":"Rezervor ap\u0103 MSR Dromedary Bags 4L - Magazin Xstyle","description":"Capacitate pentru ap\u0103 MSR Dromedary Bags 4L din Cordura rezistent: u\u0219oar\u0103, f\u0103r\u0103 BPA, potrivit\u0103 pentru ap\u0103 cald\u0103 \u0219i \u00eenghe\u021bat\u0103. Alegerea ideal\u0103 pentru activit\u0103\u021bi \u00een aer liber!","robots":{"index":"index","follow":"follow","max-snippet":"max-snippet:-1","max-image-preview":"max-image-preview:large","max-video-preview":"max-video-preview:-1"},"canonical":"https:\/\/xstyle.md\/ro\/produs\/emkost-dlja-vody-msr-dromedary-bags-4l\/","og_locale":"ro_RO","og_type":"article","og_title":"\u0415\u043c\u043a\u043e\u0441\u0442\u044c \u0434\u043b\u044f \u0432\u043e\u0434\u044b MSR Dromedary Bags 4L - \u041c\u0430\u0433\u0430\u0437\u0438\u043d Xstyle","og_description":"\u0415\u043c\u043a\u043e\u0441\u0442\u044c \u0434\u043b\u044f \u0432\u043e\u0434\u044b MSR Dromedary Bags 4L \u0438\u0437 \u043f\u0440\u043e\u0447\u043d\u043e\u0433\u043e Cordura: \u043b\u0435\u0433\u043a\u0430\u044f, BPA-free, \u043f\u043e\u0434\u0445\u043e\u0434\u0438\u0442 \u0434\u043b\u044f \u0433\u043e\u0440\u044f\u0447\u0435\u0439 \u0438 \u0437\u0430\u043c\u043e\u0440\u043e\u0436\u0435\u043d\u043d\u043e\u0439 \u0432\u043e\u0434\u044b. \u0418\u0434\u0435\u0430\u043b\u044c\u043d\u044b\u0439 \u0432\u044b\u0431\u043e\u0440 \u0434\u043b\u044f \u0430\u043a\u0442\u0438\u0432\u043d\u043e\u0433\u043e \u043e\u0442\u0434\u044b\u0445\u0430!","og_url":"https:\/\/xstyle.md\/ro\/produs\/emkost-dlja-vody-msr-dromedary-bags-4l\/","og_site_name":"\u041c\u0430\u0433\u0430\u0437\u0438\u043d Xstyle","article_publisher":"https:\/\/www.facebook.com\/xstylemd","article_modified_time":"2025-04-23T13:34:44+00:00","og_image":[{"width":1500,"height":1500,"url":"https:\/\/xstyle.md\/wp-content\/uploads\/2020\/07\/4_1l_dromedary_bag_black.jpg","type":"image\/jpeg"}],"twitter_card":"summary_large_image","twitter_misc":{"Pre\u021b":"1.190&nbsp;MDL","Disponibilitate":"\u00cen stoc"},"schema":{"@context":"https:\/\/schema.org","@graph":[{"@type":"WebPage","@id":"https:\/\/xstyle.md\/product\/emkost-dlja-vody-msr-dromedary-bags-4l\/","url":"https:\/\/xstyle.md\/product\/emkost-dlja-vody-msr-dromedary-bags-4l\/","name":"Rezervor ap\u0103 MSR Dromedary Bags 4L - Magazin Xstyle","isPartOf":{"@id":"https:\/\/xstyle.md\/#website"},"primaryImageOfPage":{"@id":"https:\/\/xstyle.md\/product\/emkost-dlja-vody-msr-dromedary-bags-4l\/#primaryimage"},"image":{"@id":"https:\/\/xstyle.md\/product\/emkost-dlja-vody-msr-dromedary-bags-4l\/#primaryimage"},"thumbnailUrl":"https:\/\/xstyle.md\/wp-content\/uploads\/2020\/07\/4_1l_dromedary_bag_black.jpg","datePublished":"2020-07-16T16:04:15+00:00","dateModified":"2025-04-23T13:34:44+00:00","description":"Capacitate pentru ap\u0103 MSR Dromedary Bags 4L din Cordura rezistent: u\u0219oar\u0103, f\u0103r\u0103 BPA, potrivit\u0103 pentru ap\u0103 cald\u0103 \u0219i \u00eenghe\u021bat\u0103. Alegerea ideal\u0103 pentru activit\u0103\u021bi \u00een aer liber!","breadcrumb":{"@id":"https:\/\/xstyle.md\/product\/emkost-dlja-vody-msr-dromedary-bags-4l\/#breadcrumb"},"inLanguage":"ro-RO","potentialAction":[{"@type":"ReadAction","target":["https:\/\/xstyle.md\/product\/emkost-dlja-vody-msr-dromedary-bags-4l\/"]}]},{"@type":"ImageObject","inLanguage":"ro-RO","@id":"https:\/\/xstyle.md\/product\/emkost-dlja-vody-msr-dromedary-bags-4l\/#primaryimage","url":"https:\/\/xstyle.md\/wp-content\/uploads\/2020\/07\/4_1l_dromedary_bag_black.jpg","contentUrl":"https:\/\/xstyle.md\/wp-content\/uploads\/2020\/07\/4_1l_dromedary_bag_black.jpg","width":1500,"height":1500},{"@type":"BreadcrumbList","@id":"https:\/\/xstyle.md\/product\/emkost-dlja-vody-msr-dromedary-bags-4l\/#breadcrumb","itemListElement":[{"@type":"ListItem","position":1,"name":"\u0413\u043b\u0430\u0432\u043d\u0430\u044f \u0441\u0442\u0440\u0430\u043d\u0438\u0446\u0430","item":"https:\/\/xstyle.md\/"},{"@type":"ListItem","position":2,"name":"\u041c\u0430\u0433\u0430\u0437\u0438\u043d","item":"https:\/\/xstyle.md\/shop\/"},{"@type":"ListItem","position":3,"name":"\u0415\u043c\u043a\u043e\u0441\u0442\u044c \u0434\u043b\u044f \u0432\u043e\u0434\u044b MSR Dromedary Bags 4L"}]},{"@type":"WebSite","@id":"https:\/\/xstyle.md\/#website","url":"https:\/\/xstyle.md\/","name":"Magazinul X-Style","description":"Echipamente pentru turism \u0219i sporturi extreme \u00een Moldova. Pre\u021buri, fotografii, caracteristici \u00een Moldova.","publisher":{"@id":"https:\/\/xstyle.md\/#organization"},"alternateName":"X-Style","potentialAction":[{"@type":"SearchAction","target":{"@type":"EntryPoint","urlTemplate":"https:\/\/xstyle.md\/?s={search_term_string}"},"query-input":{"@type":"PropertyValueSpecification","valueRequired":true,"valueName":"search_term_string"}}],"inLanguage":"ro-RO"},{"@type":"Organization","@id":"https:\/\/xstyle.md\/#organization","name":"Magazinul X-Style","alternateName":"x-style","url":"https:\/\/xstyle.md\/","logo":{"@type":"ImageObject","inLanguage":"ro-RO","@id":"https:\/\/xstyle.md\/#\/schema\/logo\/image\/","url":"https:\/\/xstyle.md\/wp-content\/uploads\/2020\/06\/logoicon.svg","contentUrl":"https:\/\/xstyle.md\/wp-content\/uploads\/2020\/06\/logoicon.svg","caption":"\u041c\u0430\u0433\u0430\u0437\u0438\u043d Xstyle"},"image":{"@id":"https:\/\/xstyle.md\/#\/schema\/logo\/image\/"},"sameAs":["https:\/\/www.facebook.com\/xstylemd","https:\/\/www.instagram.com\/xstyle_md\/","https:\/\/t.me\/xstyle_outdoor"],"hasMerchantReturnPolicy":{"@type":"MerchantReturnPolicy","merchantReturnLink":"https:\/\/xstyle.md\/ro\/conditions\/"}}]},"product_price_amount":"1190.00","product_price_currency":"MDL","og_availability":"instock","product_availability":"instock","product_retailer_item_id":"40818570579","product_condition":"new"},"post_mailing_queue_ids":[],"_links":{"self":[{"href":"https:\/\/xstyle.md\/ro\/wp-json\/wp\/v2\/product\/3512","targetHints":{"allow":["GET"]}}],"collection":[{"href":"https:\/\/xstyle.md\/ro\/wp-json\/wp\/v2\/product"}],"about":[{"href":"https:\/\/xstyle.md\/ro\/wp-json\/wp\/v2\/types\/product"}],"replies":[{"embeddable":true,"href":"https:\/\/xstyle.md\/ro\/wp-json\/wp\/v2\/comments?post=3512"}],"wp:featuredmedia":[{"embeddable":true,"href":"https:\/\/xstyle.md\/ro\/wp-json\/wp\/v2\/media\/3511"}],"wp:attachment":[{"href":"https:\/\/xstyle.md\/ro\/wp-json\/wp\/v2\/media?parent=3512"}],"wp:term":[{"taxonomy":"product_brand","embeddable":true,"href":"https:\/\/xstyle.md\/ro\/wp-json\/wp\/v2\/product_brand?post=3512"},{"taxonomy":"product_cat","embeddable":true,"href":"https:\/\/xstyle.md\/ro\/wp-json\/wp\/v2\/product_cat?post=3512"},{"taxonomy":"product_tag","embeddable":true,"href":"https:\/\/xstyle.md\/ro\/wp-json\/wp\/v2\/product_tag?post=3512"}],"curies":[{"name":"wp","href":"https:\/\/api.w.org\/{rel}","templated":true}]}}