{"id":3510,"date":"2020-07-16T19:04:06","date_gmt":"2020-07-16T16:04:06","guid":{"rendered":"https:\/\/xstyle.md\/product\/emkost-dlja-vody-msr-dromedary-bags"},"modified":"2024-10-02T20:49:39","modified_gmt":"2024-10-02T17:49:39","slug":"emkost-dlja-vody-msr-dromedary-bags","status":"publish","type":"product","link":"https:\/\/xstyle.md\/ro\/produs\/emkost-dlja-vody-msr-dromedary-bags\/","title":{"rendered":"Rezervor ap\u0103 MSR Dromedary Bags 10L"},"content":{"rendered":"<\/p>\n<p><strong>Rezervor ap\u0103 MSR Dromedary Bags 10L\u00a0<\/strong>din Cordura\u00ae 500 \u0219i Cordura\u00ae 1000-Denier, cu rezisten\u021b\u0103 la uzur\u0103, \u00een interior acoperite cu poliuretan alimentar. Transportul inclusiv a apei congelate \u0219i fierbin\u021bi. Echipat cu un capac de 3 \u00een 1, care faciliteaz\u0103 \u00eenc\u0103rcarea \u0219i consumul de ap\u0103, precum \u0219i g\u0103uri \u0219i o curea la \u00eendem\u00e2n\u0103, care v\u0103 permite s\u0103 fixa\u021bi recipientul pe rucsac.<\/p>\n<h3>Particularit\u0103\u021bi<\/h3>\n<ul>\n<li>Ultra-durabil: material Cordura rezistent la abraziune, laminat cu poliuretan de calitate alimentar\u0103 \u0219i foarte rezistent la atacul temperaturii<\/li>\n<li>Versatil: capacul 3 \u00een 1 face ca umplerea, b\u0103utul \u0219i turnarea apei s\u0103 fie u\u0219or \u0219i convenabil.<\/li>\n<li>U\u0219or de umplut: m\u00e2nerul ergonomic face ca umplerea pungii cu ap\u0103 s\u0103 fie foarte convenabil\u0103.<\/li>\n<li>Curea perimetral\u0103: v\u0103 permite s\u0103 ata\u0219a\u021bi cu u\u0219urin\u021b\u0103 punga la rucsac sau s\u0103 o ag\u0103\u021ba\u021bi.<\/li>\n<li>F\u0103r\u0103 BPA: nu con\u021bine bisfenol-A.<\/li>\n<\/ul>\n<h3>Caracteristici<\/h3>\n<ul>\n<li>Material &#8212; Cordura\u00ae 500, Cordura\u00ae 1000-Denier<\/li>\n<li>Volum &#8212; 10 litri.<\/li>\n<\/ul>\n<h3>Marca<\/h3>\n<p>MSR este un cunoscut produc\u0103tor de articole sportive, care produce echipamente pentru alpini\u0219tii profesioni\u0219ti \u0219i pentru cei care prefer\u0103 activit\u0103\u021bile de agrement \u00een aer liber. Produsele sunt concepute pentru a face c\u00e2t mai u\u0219or posibil ca o persoan\u0103 s\u0103 r\u0103m\u00e2n\u0103 \u00een aer liber pentru perioade lungi de timp. Acestea sunt dispozitive universale care pot fi folosite at\u00e2t \u00eentr-o drume\u021bie obi\u0219nuit\u0103, c\u00e2t \u0219i \u00eentr-o expedi\u021bie complex\u0103.<\/p>\n<p><\/p>","protected":false},"excerpt":{"rendered":"<p>Rezervor ap\u0103 MSR Dromedary Bags 10L<\/p>","protected":false},"featured_media":3509,"comment_status":"open","ping_status":"closed","template":"","meta":{"_acf_changed":false,"inline_featured_image":false},"product_brand":[1279],"product_cat":[875],"product_tag":[],"class_list":{"0":"post-3510","1":"product","2":"type-product","3":"status-publish","4":"has-post-thumbnail","6":"product_brand-msr","7":"product_cat-water-tanks","9":"first","10":"instock","11":"shipping-taxable","12":"purchasable","13":"product-type-simple"},"acf":[],"yoast_head":"<!-- This site is optimized with the Yoast SEO plugin v27.4 - https:\/\/yoast.com\/product\/yoast-seo-wordpress\/ -->\n<title>\u0415\u043c\u043a\u043e\u0441\u0442\u044c \u0434\u043b\u044f \u0432\u043e\u0434\u044b MSR Dromedary Bags 10L - \u041c\u0430\u0433\u0430\u0437\u0438\u043d Xstyle<\/title>\n<meta name=\"description\" content=\"\u0415\u043c\u043a\u043e\u0441\u0442\u044c \u0434\u043b\u044f \u0432\u043e\u0434\u044b MSR Dromedary Bags 10L: \u043f\u0440\u043e\u0447\u043d\u044b\u0439 \u0438 \u043b\u0435\u0433\u043a\u0438\u0439 \u0440\u0435\u0437\u0435\u0440\u0432\u0443\u0430\u0440 \u0438\u0437 Cordura, \u043f\u043e\u0434\u0445\u043e\u0434\u0438\u0442 \u0434\u043b\u044f \u0433\u043e\u0440\u044f\u0447\u0435\u0439 \u0438 \u0445\u043e\u043b\u043e\u0434\u043d\u043e\u0439 \u0432\u043e\u0434\u044b. \u0411\u0435\u0437\u043e\u043f\u0430\u0441\u043d\u043e \u0434\u043b\u044f \u0438\u0441\u043f\u043e\u043b\u044c\u0437\u043e\u0432\u0430\u043d\u0438\u044f, BPA free!\" \/>\n<meta name=\"robots\" content=\"index, follow, max-snippet:-1, max-image-preview:large, max-video-preview:-1\" \/>\n<link rel=\"canonical\" href=\"https:\/\/xstyle.md\/ro\/produs\/emkost-dlja-vody-msr-dromedary-bags\/\" \/>\n<meta property=\"og:locale\" content=\"ro_RO\" \/>\n<meta property=\"og:type\" content=\"article\" \/>\n<meta property=\"og:title\" content=\"\u0415\u043c\u043a\u043e\u0441\u0442\u044c \u0434\u043b\u044f \u0432\u043e\u0434\u044b MSR Dromedary Bags 10L - \u041c\u0430\u0433\u0430\u0437\u0438\u043d Xstyle\" \/>\n<meta property=\"og:description\" content=\"\u0415\u043c\u043a\u043e\u0441\u0442\u044c \u0434\u043b\u044f \u0432\u043e\u0434\u044b MSR Dromedary Bags 10L: \u043f\u0440\u043e\u0447\u043d\u044b\u0439 \u0438 \u043b\u0435\u0433\u043a\u0438\u0439 \u0440\u0435\u0437\u0435\u0440\u0432\u0443\u0430\u0440 \u0438\u0437 Cordura, \u043f\u043e\u0434\u0445\u043e\u0434\u0438\u0442 \u0434\u043b\u044f \u0433\u043e\u0440\u044f\u0447\u0435\u0439 \u0438 \u0445\u043e\u043b\u043e\u0434\u043d\u043e\u0439 \u0432\u043e\u0434\u044b. \u0411\u0435\u0437\u043e\u043f\u0430\u0441\u043d\u043e \u0434\u043b\u044f \u0438\u0441\u043f\u043e\u043b\u044c\u0437\u043e\u0432\u0430\u043d\u0438\u044f, BPA free!\" \/>\n<meta property=\"og:url\" content=\"https:\/\/xstyle.md\/ro\/produs\/emkost-dlja-vody-msr-dromedary-bags\/\" \/>\n<meta property=\"og:site_name\" content=\"\u041c\u0430\u0433\u0430\u0437\u0438\u043d Xstyle\" \/>\n<meta property=\"article:publisher\" content=\"https:\/\/www.facebook.com\/xstylemd\" \/>\n<meta property=\"article:modified_time\" content=\"2024-10-02T17:49:39+00:00\" \/>\n<meta property=\"og:image\" content=\"https:\/\/xstyle.md\/wp-content\/uploads\/2020\/07\/10l_dromedary_bag_black.jpg\" \/>\n\t<meta property=\"og:image:width\" content=\"466\" \/>\n\t<meta property=\"og:image:height\" content=\"466\" \/>\n\t<meta property=\"og:image:type\" content=\"image\/jpeg\" \/>\n<meta name=\"twitter:card\" content=\"summary_large_image\" \/>\n<meta name=\"twitter:label1\" content=\"Pre\u021b\" \/>\n\t<meta name=\"twitter:data1\" content=\"1.395&nbsp;MDL\" \/>\n\t<meta name=\"twitter:label2\" content=\"Disponibilitate\" \/>\n\t<meta name=\"twitter:data2\" content=\"\u00cen stoc\" \/>\n<script type=\"application\/ld+json\" class=\"yoast-schema-graph\">{\"@context\":\"https:\\\/\\\/schema.org\",\"@graph\":[{\"@type\":\"WebPage\",\"@id\":\"https:\\\/\\\/xstyle.md\\\/product\\\/emkost-dlja-vody-msr-dromedary-bags\\\/\",\"url\":\"https:\\\/\\\/xstyle.md\\\/product\\\/emkost-dlja-vody-msr-dromedary-bags\\\/\",\"name\":\"\u0415\u043c\u043a\u043e\u0441\u0442\u044c \u0434\u043b\u044f \u0432\u043e\u0434\u044b MSR Dromedary Bags 10L - \u041c\u0430\u0433\u0430\u0437\u0438\u043d Xstyle\",\"isPartOf\":{\"@id\":\"https:\\\/\\\/xstyle.md\\\/#website\"},\"primaryImageOfPage\":{\"@id\":\"https:\\\/\\\/xstyle.md\\\/product\\\/emkost-dlja-vody-msr-dromedary-bags\\\/#primaryimage\"},\"image\":{\"@id\":\"https:\\\/\\\/xstyle.md\\\/product\\\/emkost-dlja-vody-msr-dromedary-bags\\\/#primaryimage\"},\"thumbnailUrl\":\"https:\\\/\\\/xstyle.md\\\/wp-content\\\/uploads\\\/2020\\\/07\\\/10l_dromedary_bag_black.jpg\",\"datePublished\":\"2020-07-16T16:04:06+00:00\",\"dateModified\":\"2024-10-02T17:49:39+00:00\",\"description\":\"\u0415\u043c\u043a\u043e\u0441\u0442\u044c \u0434\u043b\u044f \u0432\u043e\u0434\u044b MSR Dromedary Bags 10L: \u043f\u0440\u043e\u0447\u043d\u044b\u0439 \u0438 \u043b\u0435\u0433\u043a\u0438\u0439 \u0440\u0435\u0437\u0435\u0440\u0432\u0443\u0430\u0440 \u0438\u0437 Cordura, \u043f\u043e\u0434\u0445\u043e\u0434\u0438\u0442 \u0434\u043b\u044f \u0433\u043e\u0440\u044f\u0447\u0435\u0439 \u0438 \u0445\u043e\u043b\u043e\u0434\u043d\u043e\u0439 \u0432\u043e\u0434\u044b. \u0411\u0435\u0437\u043e\u043f\u0430\u0441\u043d\u043e \u0434\u043b\u044f \u0438\u0441\u043f\u043e\u043b\u044c\u0437\u043e\u0432\u0430\u043d\u0438\u044f, BPA free!\",\"breadcrumb\":{\"@id\":\"https:\\\/\\\/xstyle.md\\\/product\\\/emkost-dlja-vody-msr-dromedary-bags\\\/#breadcrumb\"},\"inLanguage\":\"ro-RO\",\"potentialAction\":[{\"@type\":\"ReadAction\",\"target\":[\"https:\\\/\\\/xstyle.md\\\/product\\\/emkost-dlja-vody-msr-dromedary-bags\\\/\"]}]},{\"@type\":\"ImageObject\",\"inLanguage\":\"ro-RO\",\"@id\":\"https:\\\/\\\/xstyle.md\\\/product\\\/emkost-dlja-vody-msr-dromedary-bags\\\/#primaryimage\",\"url\":\"https:\\\/\\\/xstyle.md\\\/wp-content\\\/uploads\\\/2020\\\/07\\\/10l_dromedary_bag_black.jpg\",\"contentUrl\":\"https:\\\/\\\/xstyle.md\\\/wp-content\\\/uploads\\\/2020\\\/07\\\/10l_dromedary_bag_black.jpg\",\"width\":466,\"height\":466},{\"@type\":\"BreadcrumbList\",\"@id\":\"https:\\\/\\\/xstyle.md\\\/product\\\/emkost-dlja-vody-msr-dromedary-bags\\\/#breadcrumb\",\"itemListElement\":[{\"@type\":\"ListItem\",\"position\":1,\"name\":\"\u0413\u043b\u0430\u0432\u043d\u0430\u044f \u0441\u0442\u0440\u0430\u043d\u0438\u0446\u0430\",\"item\":\"https:\\\/\\\/xstyle.md\\\/\"},{\"@type\":\"ListItem\",\"position\":2,\"name\":\"\u041c\u0430\u0433\u0430\u0437\u0438\u043d\",\"item\":\"https:\\\/\\\/xstyle.md\\\/shop\\\/\"},{\"@type\":\"ListItem\",\"position\":3,\"name\":\"\u0415\u043c\u043a\u043e\u0441\u0442\u044c \u0434\u043b\u044f \u0432\u043e\u0434\u044b MSR Dromedary Bags 10L\"}]},{\"@type\":\"WebSite\",\"@id\":\"https:\\\/\\\/xstyle.md\\\/#website\",\"url\":\"https:\\\/\\\/xstyle.md\\\/\",\"name\":\"\u041c\u0430\u0433\u0430\u0437\u0438\u043d Xstyle\",\"description\":\"C\u043d\u0430\u0440\u044f\u0436\u0435\u043d\u0438\u0435 \u0434\u043b\u044f \u0442\u0443\u0440\u0438\u0437\u043c\u0430 \u0438 \u044d\u043a\u0441\u0442\u0440\u0435\u043c\u0430\u043b\u044c\u043d\u044b\u0445 \u0432\u0438\u0434\u043e\u0432 \u0441\u043f\u043e\u0440\u0442\u0430 \u0432 \u041c\u043e\u043b\u0434\u043e\u0432\u0435.. \u0426\u0435\u043d\u044b, \u0444\u043e\u0442\u043e, \u0445\u0430\u0440\u0430\u043a\u0442\u0435\u0440\u0438\u0441\u0442\u0438\u043a\u0438 \u0432 \u041c\u043e\u043b\u0434\u043e\u0432\u0435.\",\"publisher\":{\"@id\":\"https:\\\/\\\/xstyle.md\\\/#organization\"},\"alternateName\":\"X-Style\",\"potentialAction\":[{\"@type\":\"SearchAction\",\"target\":{\"@type\":\"EntryPoint\",\"urlTemplate\":\"https:\\\/\\\/xstyle.md\\\/?s={search_term_string}\"},\"query-input\":{\"@type\":\"PropertyValueSpecification\",\"valueRequired\":true,\"valueName\":\"search_term_string\"}}],\"inLanguage\":\"ro-RO\"},{\"@type\":\"Organization\",\"@id\":\"https:\\\/\\\/xstyle.md\\\/#organization\",\"name\":\"\u041c\u0430\u0433\u0430\u0437\u0438\u043d Xstyle\",\"alternateName\":\"x-style\",\"url\":\"https:\\\/\\\/xstyle.md\\\/\",\"logo\":{\"@type\":\"ImageObject\",\"inLanguage\":\"ro-RO\",\"@id\":\"https:\\\/\\\/xstyle.md\\\/#\\\/schema\\\/logo\\\/image\\\/\",\"url\":\"https:\\\/\\\/xstyle.md\\\/wp-content\\\/uploads\\\/2020\\\/06\\\/logoicon.svg\",\"contentUrl\":\"https:\\\/\\\/xstyle.md\\\/wp-content\\\/uploads\\\/2020\\\/06\\\/logoicon.svg\",\"caption\":\"\u041c\u0430\u0433\u0430\u0437\u0438\u043d Xstyle\"},\"image\":{\"@id\":\"https:\\\/\\\/xstyle.md\\\/#\\\/schema\\\/logo\\\/image\\\/\"},\"sameAs\":[\"https:\\\/\\\/www.facebook.com\\\/xstylemd\",\"https:\\\/\\\/www.instagram.com\\\/xstyle_md\\\/\",\"https:\\\/\\\/t.me\\\/xstyle_outdoor\"],\"hasMerchantReturnPolicy\":{\"@type\":\"MerchantReturnPolicy\",\"merchantReturnLink\":\"https:\\\/\\\/xstyle.md\\\/ro\\\/conditions\\\/\"}}]}<\/script>\n<meta property=\"product:price:amount\" content=\"1395.00\" \/>\n<meta property=\"product:price:currency\" content=\"MDL\" \/>\n<meta property=\"og:availability\" content=\"instock\" \/>\n<meta property=\"product:availability\" content=\"instock\" \/>\n<meta property=\"product:retailer_item_id\" content=\"40818570593\" \/>\n<meta property=\"product:condition\" content=\"new\" \/>\n<!-- \/ Yoast SEO plugin. -->","yoast_head_json":{"title":"Rezervor ap\u0103 MSR Dromedary Bags 10L - Magazin Xstyle","description":"Recipient pentru ap\u0103 MSR Dromedary Bags 10L: rezervor durabil \u0219i u\u0219or din Cordura, potrivit pentru ap\u0103 cald\u0103 \u0219i rece. Sigur pentru utilizare, f\u0103r\u0103 BPA!","robots":{"index":"index","follow":"follow","max-snippet":"max-snippet:-1","max-image-preview":"max-image-preview:large","max-video-preview":"max-video-preview:-1"},"canonical":"https:\/\/xstyle.md\/ro\/produs\/emkost-dlja-vody-msr-dromedary-bags\/","og_locale":"ro_RO","og_type":"article","og_title":"\u0415\u043c\u043a\u043e\u0441\u0442\u044c \u0434\u043b\u044f \u0432\u043e\u0434\u044b MSR Dromedary Bags 10L - \u041c\u0430\u0433\u0430\u0437\u0438\u043d Xstyle","og_description":"\u0415\u043c\u043a\u043e\u0441\u0442\u044c \u0434\u043b\u044f \u0432\u043e\u0434\u044b MSR Dromedary Bags 10L: \u043f\u0440\u043e\u0447\u043d\u044b\u0439 \u0438 \u043b\u0435\u0433\u043a\u0438\u0439 \u0440\u0435\u0437\u0435\u0440\u0432\u0443\u0430\u0440 \u0438\u0437 Cordura, \u043f\u043e\u0434\u0445\u043e\u0434\u0438\u0442 \u0434\u043b\u044f \u0433\u043e\u0440\u044f\u0447\u0435\u0439 \u0438 \u0445\u043e\u043b\u043e\u0434\u043d\u043e\u0439 \u0432\u043e\u0434\u044b. \u0411\u0435\u0437\u043e\u043f\u0430\u0441\u043d\u043e \u0434\u043b\u044f \u0438\u0441\u043f\u043e\u043b\u044c\u0437\u043e\u0432\u0430\u043d\u0438\u044f, BPA free!","og_url":"https:\/\/xstyle.md\/ro\/produs\/emkost-dlja-vody-msr-dromedary-bags\/","og_site_name":"\u041c\u0430\u0433\u0430\u0437\u0438\u043d Xstyle","article_publisher":"https:\/\/www.facebook.com\/xstylemd","article_modified_time":"2024-10-02T17:49:39+00:00","og_image":[{"width":466,"height":466,"url":"https:\/\/xstyle.md\/wp-content\/uploads\/2020\/07\/10l_dromedary_bag_black.jpg","type":"image\/jpeg"}],"twitter_card":"summary_large_image","twitter_misc":{"Pre\u021b":"1.395&nbsp;MDL","Disponibilitate":"\u00cen stoc"},"schema":{"@context":"https:\/\/schema.org","@graph":[{"@type":"WebPage","@id":"https:\/\/xstyle.md\/product\/emkost-dlja-vody-msr-dromedary-bags\/","url":"https:\/\/xstyle.md\/product\/emkost-dlja-vody-msr-dromedary-bags\/","name":"Rezervor ap\u0103 MSR Dromedary Bags 10L - Magazin Xstyle","isPartOf":{"@id":"https:\/\/xstyle.md\/#website"},"primaryImageOfPage":{"@id":"https:\/\/xstyle.md\/product\/emkost-dlja-vody-msr-dromedary-bags\/#primaryimage"},"image":{"@id":"https:\/\/xstyle.md\/product\/emkost-dlja-vody-msr-dromedary-bags\/#primaryimage"},"thumbnailUrl":"https:\/\/xstyle.md\/wp-content\/uploads\/2020\/07\/10l_dromedary_bag_black.jpg","datePublished":"2020-07-16T16:04:06+00:00","dateModified":"2024-10-02T17:49:39+00:00","description":"Recipient pentru ap\u0103 MSR Dromedary Bags 10L: rezervor durabil \u0219i u\u0219or din Cordura, potrivit pentru ap\u0103 cald\u0103 \u0219i rece. Sigur pentru utilizare, f\u0103r\u0103 BPA!","breadcrumb":{"@id":"https:\/\/xstyle.md\/product\/emkost-dlja-vody-msr-dromedary-bags\/#breadcrumb"},"inLanguage":"ro-RO","potentialAction":[{"@type":"ReadAction","target":["https:\/\/xstyle.md\/product\/emkost-dlja-vody-msr-dromedary-bags\/"]}]},{"@type":"ImageObject","inLanguage":"ro-RO","@id":"https:\/\/xstyle.md\/product\/emkost-dlja-vody-msr-dromedary-bags\/#primaryimage","url":"https:\/\/xstyle.md\/wp-content\/uploads\/2020\/07\/10l_dromedary_bag_black.jpg","contentUrl":"https:\/\/xstyle.md\/wp-content\/uploads\/2020\/07\/10l_dromedary_bag_black.jpg","width":466,"height":466},{"@type":"BreadcrumbList","@id":"https:\/\/xstyle.md\/product\/emkost-dlja-vody-msr-dromedary-bags\/#breadcrumb","itemListElement":[{"@type":"ListItem","position":1,"name":"\u0413\u043b\u0430\u0432\u043d\u0430\u044f \u0441\u0442\u0440\u0430\u043d\u0438\u0446\u0430","item":"https:\/\/xstyle.md\/"},{"@type":"ListItem","position":2,"name":"\u041c\u0430\u0433\u0430\u0437\u0438\u043d","item":"https:\/\/xstyle.md\/shop\/"},{"@type":"ListItem","position":3,"name":"\u0415\u043c\u043a\u043e\u0441\u0442\u044c \u0434\u043b\u044f \u0432\u043e\u0434\u044b MSR Dromedary Bags 10L"}]},{"@type":"WebSite","@id":"https:\/\/xstyle.md\/#website","url":"https:\/\/xstyle.md\/","name":"Magazinul X-Style","description":"Echipamente pentru turism \u0219i sporturi extreme \u00een Moldova. Pre\u021buri, fotografii, caracteristici \u00een Moldova.","publisher":{"@id":"https:\/\/xstyle.md\/#organization"},"alternateName":"X-Style","potentialAction":[{"@type":"SearchAction","target":{"@type":"EntryPoint","urlTemplate":"https:\/\/xstyle.md\/?s={search_term_string}"},"query-input":{"@type":"PropertyValueSpecification","valueRequired":true,"valueName":"search_term_string"}}],"inLanguage":"ro-RO"},{"@type":"Organization","@id":"https:\/\/xstyle.md\/#organization","name":"Magazinul X-Style","alternateName":"x-style","url":"https:\/\/xstyle.md\/","logo":{"@type":"ImageObject","inLanguage":"ro-RO","@id":"https:\/\/xstyle.md\/#\/schema\/logo\/image\/","url":"https:\/\/xstyle.md\/wp-content\/uploads\/2020\/06\/logoicon.svg","contentUrl":"https:\/\/xstyle.md\/wp-content\/uploads\/2020\/06\/logoicon.svg","caption":"\u041c\u0430\u0433\u0430\u0437\u0438\u043d Xstyle"},"image":{"@id":"https:\/\/xstyle.md\/#\/schema\/logo\/image\/"},"sameAs":["https:\/\/www.facebook.com\/xstylemd","https:\/\/www.instagram.com\/xstyle_md\/","https:\/\/t.me\/xstyle_outdoor"],"hasMerchantReturnPolicy":{"@type":"MerchantReturnPolicy","merchantReturnLink":"https:\/\/xstyle.md\/ro\/conditions\/"}}]},"product_price_amount":"1395.00","product_price_currency":"MDL","og_availability":"instock","product_availability":"instock","product_retailer_item_id":"40818570593","product_condition":"new"},"_links":{"self":[{"href":"https:\/\/xstyle.md\/ro\/wp-json\/wp\/v2\/product\/3510","targetHints":{"allow":["GET"]}}],"collection":[{"href":"https:\/\/xstyle.md\/ro\/wp-json\/wp\/v2\/product"}],"about":[{"href":"https:\/\/xstyle.md\/ro\/wp-json\/wp\/v2\/types\/product"}],"replies":[{"embeddable":true,"href":"https:\/\/xstyle.md\/ro\/wp-json\/wp\/v2\/comments?post=3510"}],"wp:featuredmedia":[{"embeddable":true,"href":"https:\/\/xstyle.md\/ro\/wp-json\/wp\/v2\/media\/3509"}],"wp:attachment":[{"href":"https:\/\/xstyle.md\/ro\/wp-json\/wp\/v2\/media?parent=3510"}],"wp:term":[{"taxonomy":"product_brand","embeddable":true,"href":"https:\/\/xstyle.md\/ro\/wp-json\/wp\/v2\/product_brand?post=3510"},{"taxonomy":"product_cat","embeddable":true,"href":"https:\/\/xstyle.md\/ro\/wp-json\/wp\/v2\/product_cat?post=3510"},{"taxonomy":"product_tag","embeddable":true,"href":"https:\/\/xstyle.md\/ro\/wp-json\/wp\/v2\/product_tag?post=3510"}],"curies":[{"name":"wp","href":"https:\/\/api.w.org\/{rel}","templated":true}]}}