{"id":34911,"date":"2021-05-31T16:35:15","date_gmt":"2021-05-31T13:35:15","guid":{"rendered":"https:\/\/xstyle.md\/?post_type=product&#038;p=34911"},"modified":"2025-08-08T15:52:08","modified_gmt":"2025-08-08T12:52:08","slug":"amortizator-ryvka-singing-rock-reactor-140-y","status":"publish","type":"product","link":"https:\/\/xstyle.md\/ro\/produs\/amortizator-ryvka-singing-rock-reactor-140-y\/","title":{"rendered":"Absorbitor de energie Singing Rock Reactor 140 Y"},"content":{"rendered":"<\/p>\n<p>Absorbitor de energie <strong>Singing Rock Reactor 140 Y<\/strong> &#8212; este conceput pentru utilizatori cu o greutate maxim\u0103 de 140 kg (inclusiv echipamentul). Acest produs este un element al unui lan\u021b de siguran\u021b\u0103 care previne posibilitatea de c\u0103dere de la \u00een\u0103l\u021bime. Este destinat utiliz\u0103rii cu fr\u00e2nghii statice \u0219i dinamice. Dac\u0103 este utilizat \u00een combina\u021bie cu elemente statice (fr\u00e2nghie static\u0103, bucl\u0103 etc.), \u00een cazul unui risc crescut de c\u0103dere, este necesar s\u0103 se utilizeze un amortizor suplimentar pentru a reduce for\u021ba de smucitur\u0103 dinamic\u0103.<\/p>\n<p>Conceput special pentru a permite utilizatorului s\u0103 utilizeze ca puncte de ancorare grinzi largi care nu sunt potrivite pentru carabin\u0103. Este ideal pentru lucrul pe structuri de o\u021bel, turnuri de telefonie mobil\u0103 sau sc\u0103ri. Greutatea redus\u0103, precum \u0219i amortizorul de \u0219ocuri jerk asamblat compact nu \u00eempiedic\u0103 utilizatorul s\u0103 efectueze lucr\u0103ri. Amortizorul de \u0219ocuri este depozitat &#171;ca un melc&#187; \u00eentr-o hus\u0103 cu fermoar pe tot perimetrul \u0219i are un indicator portocaliu special pentru o inspec\u021bie u\u0219oar\u0103.<\/p>\n<h3>Particularit\u0103\u021bi<\/h3>\n<ul>\n<li>Ideal pentru lucr\u0103torii de pe structuri, sc\u0103ri \u0219i piloni<\/li>\n<li>Greutatea redus\u0103 \u0219i forma practic\u0103 nu limiteaz\u0103 utilizatorul la locul de munc\u0103<\/li>\n<li>Conceput pentru a prinde \u00een siguran\u021b\u0103 o persoan\u0103 cu o greutate de 140 kg (inclusiv echipamentul)<\/li>\n<li>Lungimea maxim\u0103 de rupere activ\u0103 a amortizorului este de 175 cm<\/li>\n<li>\u00cenveli\u0219ul este fabricat din cauciuc sintetic negru \u0219i cordurra acoperit\u0103 cu poliuretan<\/li>\n<li>Fermoar \u00een jurul perimetrului husei pentru o inspec\u021bie u\u0219oar\u0103 a amortizorului de energie<\/li>\n<li>Indicator portocaliu intact de activare a amortizorului de energie pentru o inspec\u021bie rapid\u0103 \u0219i u\u0219oar\u0103<\/li>\n<li>Indicatorul portocaliu p\u0103trunde \u00een balamalele de fixare \u0219i indic\u0103 deteriorarea real\u0103.<\/li>\n<\/ul>\n<h3>Caracteristici<\/h3>\n<ul>\n<li>Greutate &#8212; 170 g (f\u0103r\u0103 conectori \u0219i amortizoare)<\/li>\n<li>Certificare &#8212; CE 1019, EN 355, RFU 11.074<\/li>\n<\/ul>\n<h3>Marca<\/h3>\n<p>SINGING ROCK este o companie ceh\u0103 angajat\u0103 \u00een produc\u021bia de echipamente de alpinism \u0219i escalad\u0103. A fondat\u0103 \u00een 1992 de doi alpini\u0219ti cehi \u0219i de un om de afaceri belgian. Compania se concentreaz\u0103 pe utilizarea celor mai moderne progrese \u0219i evolu\u021bii \u00een produc\u021bie. SingingRock lucreaz\u0103 \u00een str\u00e2ns\u0103 leg\u0103tur\u0103 cu mul\u021bi alpini\u0219ti renumi\u021bi care testeaz\u0103 noile produse \u0219i ale c\u0103ror opinii suntotdeauna luate \u00een considerare \u00een timpul dezvolt\u0103rii.<\/p>\n<p>SINGING ROCK este una dintre cele mai importante companii din lume \u00een domeniul echipamentelor profesionale, \u00een scopul instruirii \u00een domeniul criminalit\u0103\u021bii, pentru militari \u0219 i pentru serviciile de urgen\u021b\u0103. Societatea furnizeaz\u0103 hamuri, fr\u00e2nghii, scripe\u021bi \u0219i carabiniere, dispozitive de cobor\u00e2re \u00een rapel, dispozitive de siguran\u021b\u0103 pentru lucrul \u00een\u0103l\u021bime, dispozitive de prindere ancorelor, fr\u00e2nghii de siguran\u021b\u0103 \u0219i alte echipamente necesare pentru acest tip de munc\u0103. Toate aceste produse sunt dezvoltate \u0219i fabricate \u00een Republica Ceh\u0103, \u00een Europa. Acestea sunt certificate \u0219i respect\u0103 standardele interna\u021bionale de securitate a muncii.<\/p>\n<p><\/p>","protected":false},"excerpt":{"rendered":"<p>Absorbitor de energie Singing Rock Reactor 140 Y<\/p>","protected":false},"featured_media":35621,"comment_status":"open","ping_status":"closed","template":"","meta":{"_acf_changed":false,"inline_featured_image":false},"product_brand":[1276],"product_cat":[104],"product_tag":[],"class_list":{"0":"post-34911","1":"product","2":"type-product","3":"status-publish","4":"has-post-thumbnail","6":"product_brand-singing-rock","7":"product_cat-backup","9":"first","10":"instock","11":"shipping-taxable","12":"purchasable","13":"product-type-simple"},"acf":[],"yoast_head":"<!-- This site is optimized with the Yoast SEO plugin v27.2 - https:\/\/yoast.com\/product\/yoast-seo-wordpress\/ -->\n<title>\u0410\u043c\u043e\u0440\u0442\u0438\u0437\u0430\u0442\u043e\u0440 \u0440\u044b\u0432\u043a\u0430 Singing Rock Reactor 140 Y - \u041c\u0430\u0433\u0430\u0437\u0438\u043d Xstyle<\/title>\n<meta name=\"description\" content=\"\u0410\u043c\u043e\u0440\u0442\u0438\u0437\u0430\u0442\u043e\u0440 \u0440\u044b\u0432\u043a\u0430 Singing Rock Reactor 140 Y \u0434\u043b\u044f \u043f\u043e\u043b\u044c\u0437\u043e\u0432\u0430\u0442\u0435\u043b\u0435\u0439 \u0434\u043e 140 \u043a\u0433. \u041e\u0431\u0435\u0441\u043f\u0435\u0447\u0438\u0432\u0430\u0435\u0442 \u0431\u0435\u0437\u043e\u043f\u0430\u0441\u043d\u043e\u0441\u0442\u044c \u043f\u0440\u0438 \u0440\u0430\u0431\u043e\u0442\u0435 \u043d\u0430 \u0432\u044b\u0441\u043e\u0442\u0435. \u0418\u0434\u0435\u0430\u043b\u0435\u043d \u0434\u043b\u044f \u0434\u0438\u043d\u0430\u043c\u0438\u0447\u0435\u0441\u043a\u0438\u0445 \u0438 \u0441\u0442\u0430\u0442\u0438\u0447\u0435\u0441\u043a\u0438\u0445 \u0442\u0440\u043e\u0441\u043e\u0432.\" \/>\n<meta name=\"robots\" content=\"index, follow, max-snippet:-1, max-image-preview:large, max-video-preview:-1\" \/>\n<link rel=\"canonical\" href=\"https:\/\/xstyle.md\/ro\/produs\/amortizator-ryvka-singing-rock-reactor-140-y\/\" \/>\n<meta property=\"og:locale\" content=\"ro_RO\" \/>\n<meta property=\"og:type\" content=\"article\" \/>\n<meta property=\"og:title\" content=\"\u0410\u043c\u043e\u0440\u0442\u0438\u0437\u0430\u0442\u043e\u0440 \u0440\u044b\u0432\u043a\u0430 Singing Rock Reactor 140 Y - \u041c\u0430\u0433\u0430\u0437\u0438\u043d Xstyle\" \/>\n<meta property=\"og:description\" content=\"\u0410\u043c\u043e\u0440\u0442\u0438\u0437\u0430\u0442\u043e\u0440 \u0440\u044b\u0432\u043a\u0430 Singing Rock Reactor 140 Y \u0434\u043b\u044f \u043f\u043e\u043b\u044c\u0437\u043e\u0432\u0430\u0442\u0435\u043b\u0435\u0439 \u0434\u043e 140 \u043a\u0433. \u041e\u0431\u0435\u0441\u043f\u0435\u0447\u0438\u0432\u0430\u0435\u0442 \u0431\u0435\u0437\u043e\u043f\u0430\u0441\u043d\u043e\u0441\u0442\u044c \u043f\u0440\u0438 \u0440\u0430\u0431\u043e\u0442\u0435 \u043d\u0430 \u0432\u044b\u0441\u043e\u0442\u0435. \u0418\u0434\u0435\u0430\u043b\u0435\u043d \u0434\u043b\u044f \u0434\u0438\u043d\u0430\u043c\u0438\u0447\u0435\u0441\u043a\u0438\u0445 \u0438 \u0441\u0442\u0430\u0442\u0438\u0447\u0435\u0441\u043a\u0438\u0445 \u0442\u0440\u043e\u0441\u043e\u0432.\" \/>\n<meta property=\"og:url\" content=\"https:\/\/xstyle.md\/ro\/produs\/amortizator-ryvka-singing-rock-reactor-140-y\/\" \/>\n<meta property=\"og:site_name\" content=\"\u041c\u0430\u0433\u0430\u0437\u0438\u043d Xstyle\" \/>\n<meta property=\"article:publisher\" content=\"https:\/\/www.facebook.com\/xstylemd\" \/>\n<meta property=\"article:modified_time\" content=\"2025-08-08T12:52:08+00:00\" \/>\n<meta property=\"og:image\" content=\"https:\/\/xstyle.md\/wp-content\/uploads\/2021\/05\/singing-rock-reactor-140-y.jpg\" \/>\n\t<meta property=\"og:image:width\" content=\"790\" \/>\n\t<meta property=\"og:image:height\" content=\"790\" \/>\n\t<meta property=\"og:image:type\" content=\"image\/jpeg\" \/>\n<meta name=\"twitter:card\" content=\"summary_large_image\" \/>\n<meta name=\"twitter:label1\" content=\"Pre\u021b\" \/>\n\t<meta name=\"twitter:data1\" content=\"2.790&nbsp;MDL\" \/>\n\t<meta name=\"twitter:label2\" content=\"Disponibilitate\" \/>\n\t<meta name=\"twitter:data2\" content=\"\u00cen stoc\" \/>\n<script type=\"application\/ld+json\" class=\"yoast-schema-graph\">{\"@context\":\"https:\/\/schema.org\",\"@graph\":[{\"@type\":\"WebPage\",\"@id\":\"https:\/\/xstyle.md\/product\/amortizator-ryvka-singing-rock-reactor-140-y\/\",\"url\":\"https:\/\/xstyle.md\/product\/amortizator-ryvka-singing-rock-reactor-140-y\/\",\"name\":\"\u0410\u043c\u043e\u0440\u0442\u0438\u0437\u0430\u0442\u043e\u0440 \u0440\u044b\u0432\u043a\u0430 Singing Rock Reactor 140 Y - \u041c\u0430\u0433\u0430\u0437\u0438\u043d Xstyle\",\"isPartOf\":{\"@id\":\"https:\/\/xstyle.md\/#website\"},\"primaryImageOfPage\":{\"@id\":\"https:\/\/xstyle.md\/product\/amortizator-ryvka-singing-rock-reactor-140-y\/#primaryimage\"},\"image\":{\"@id\":\"https:\/\/xstyle.md\/product\/amortizator-ryvka-singing-rock-reactor-140-y\/#primaryimage\"},\"thumbnailUrl\":\"https:\/\/xstyle.md\/wp-content\/uploads\/2021\/05\/singing-rock-reactor-140-y.jpg\",\"datePublished\":\"2021-05-31T13:35:15+00:00\",\"dateModified\":\"2025-08-08T12:52:08+00:00\",\"description\":\"\u0410\u043c\u043e\u0440\u0442\u0438\u0437\u0430\u0442\u043e\u0440 \u0440\u044b\u0432\u043a\u0430 Singing Rock Reactor 140 Y \u0434\u043b\u044f \u043f\u043e\u043b\u044c\u0437\u043e\u0432\u0430\u0442\u0435\u043b\u0435\u0439 \u0434\u043e 140 \u043a\u0433. \u041e\u0431\u0435\u0441\u043f\u0435\u0447\u0438\u0432\u0430\u0435\u0442 \u0431\u0435\u0437\u043e\u043f\u0430\u0441\u043d\u043e\u0441\u0442\u044c \u043f\u0440\u0438 \u0440\u0430\u0431\u043e\u0442\u0435 \u043d\u0430 \u0432\u044b\u0441\u043e\u0442\u0435. \u0418\u0434\u0435\u0430\u043b\u0435\u043d \u0434\u043b\u044f \u0434\u0438\u043d\u0430\u043c\u0438\u0447\u0435\u0441\u043a\u0438\u0445 \u0438 \u0441\u0442\u0430\u0442\u0438\u0447\u0435\u0441\u043a\u0438\u0445 \u0442\u0440\u043e\u0441\u043e\u0432.\",\"breadcrumb\":{\"@id\":\"https:\/\/xstyle.md\/product\/amortizator-ryvka-singing-rock-reactor-140-y\/#breadcrumb\"},\"inLanguage\":\"ro-RO\",\"potentialAction\":[{\"@type\":\"ReadAction\",\"target\":[\"https:\/\/xstyle.md\/product\/amortizator-ryvka-singing-rock-reactor-140-y\/\"]}]},{\"@type\":\"ImageObject\",\"inLanguage\":\"ro-RO\",\"@id\":\"https:\/\/xstyle.md\/product\/amortizator-ryvka-singing-rock-reactor-140-y\/#primaryimage\",\"url\":\"https:\/\/xstyle.md\/wp-content\/uploads\/2021\/05\/singing-rock-reactor-140-y.jpg\",\"contentUrl\":\"https:\/\/xstyle.md\/wp-content\/uploads\/2021\/05\/singing-rock-reactor-140-y.jpg\",\"width\":790,\"height\":790,\"caption\":\"\u0410\u043c\u043e\u0440\u0442\u0438\u0437\u0430\u0442\u043e\u0440 \u0440\u044b\u0432\u043a\u0430 Singing Rock Reactor 140 Y \u0434\u043b\u044f \u0430\u043a\u0442\u0438\u0432\u043d\u043e\u0433\u043e \u043e\u0442\u0434\u044b\u0445\u0430, \u0441\u043a\u0430\u043b\u043e\u043b\u0430\u0437\u0430\u043d\u0438\u044f, \u0442\u0443\u0440\u0438\u0437\u043c\u0430 \u0438 \u043f\u043e\u0445\u043e\u0434\u043e\u0432 \u043d\u0430 \u0441\u0430\u0439\u0442\u0435 \u0438\u043d\u0442\u0435\u0440\u043d\u0435\u0442-\u043c\u0430\u0433\u0430\u0437\u0438\u043d\u0430 \u044d\u043a\u0438\u043f\u0438\u0440\u043e\u0432\u043a\u0438 \u0434\u043b\u044f \u0430\u043a\u0442\u0438\u0432\u043d\u043e\u0439 \u0436\u0438\u0437\u043d\u0438\"},{\"@type\":\"BreadcrumbList\",\"@id\":\"https:\/\/xstyle.md\/product\/amortizator-ryvka-singing-rock-reactor-140-y\/#breadcrumb\",\"itemListElement\":[{\"@type\":\"ListItem\",\"position\":1,\"name\":\"\u0413\u043b\u0430\u0432\u043d\u0430\u044f \u0441\u0442\u0440\u0430\u043d\u0438\u0446\u0430\",\"item\":\"https:\/\/xstyle.md\/\"},{\"@type\":\"ListItem\",\"position\":2,\"name\":\"\u041c\u0430\u0433\u0430\u0437\u0438\u043d\",\"item\":\"https:\/\/xstyle.md\/shop\/\"},{\"@type\":\"ListItem\",\"position\":3,\"name\":\"\u0410\u043c\u043e\u0440\u0442\u0438\u0437\u0430\u0442\u043e\u0440 \u0440\u044b\u0432\u043a\u0430 Singing Rock Reactor 140 Y\"}]},{\"@type\":\"WebSite\",\"@id\":\"https:\/\/xstyle.md\/#website\",\"url\":\"https:\/\/xstyle.md\/\",\"name\":\"\u041c\u0430\u0433\u0430\u0437\u0438\u043d Xstyle\",\"description\":\"C\u043d\u0430\u0440\u044f\u0436\u0435\u043d\u0438\u0435 \u0434\u043b\u044f \u0442\u0443\u0440\u0438\u0437\u043c\u0430 \u0438 \u044d\u043a\u0441\u0442\u0440\u0435\u043c\u0430\u043b\u044c\u043d\u044b\u0445 \u0432\u0438\u0434\u043e\u0432 \u0441\u043f\u043e\u0440\u0442\u0430 \u0432 \u041c\u043e\u043b\u0434\u043e\u0432\u0435.. \u0426\u0435\u043d\u044b, \u0444\u043e\u0442\u043e, \u0445\u0430\u0440\u0430\u043a\u0442\u0435\u0440\u0438\u0441\u0442\u0438\u043a\u0438 \u0432 \u041c\u043e\u043b\u0434\u043e\u0432\u0435.\",\"publisher\":{\"@id\":\"https:\/\/xstyle.md\/#organization\"},\"alternateName\":\"X-Style\",\"potentialAction\":[{\"@type\":\"SearchAction\",\"target\":{\"@type\":\"EntryPoint\",\"urlTemplate\":\"https:\/\/xstyle.md\/?s={search_term_string}\"},\"query-input\":{\"@type\":\"PropertyValueSpecification\",\"valueRequired\":true,\"valueName\":\"search_term_string\"}}],\"inLanguage\":\"ro-RO\"},{\"@type\":\"Organization\",\"@id\":\"https:\/\/xstyle.md\/#organization\",\"name\":\"\u041c\u0430\u0433\u0430\u0437\u0438\u043d Xstyle\",\"alternateName\":\"x-style\",\"url\":\"https:\/\/xstyle.md\/\",\"logo\":{\"@type\":\"ImageObject\",\"inLanguage\":\"ro-RO\",\"@id\":\"https:\/\/xstyle.md\/#\/schema\/logo\/image\/\",\"url\":\"https:\/\/xstyle.md\/wp-content\/uploads\/2020\/06\/logoicon.svg\",\"contentUrl\":\"https:\/\/xstyle.md\/wp-content\/uploads\/2020\/06\/logoicon.svg\",\"caption\":\"\u041c\u0430\u0433\u0430\u0437\u0438\u043d Xstyle\"},\"image\":{\"@id\":\"https:\/\/xstyle.md\/#\/schema\/logo\/image\/\"},\"sameAs\":[\"https:\/\/www.facebook.com\/xstylemd\",\"https:\/\/www.instagram.com\/xstyle_md\/\",\"https:\/\/t.me\/xstyle_outdoor\"],\"hasMerchantReturnPolicy\":{\"@type\":\"MerchantReturnPolicy\",\"merchantReturnLink\":\"https:\/\/xstyle.md\/ro\/conditions\/\"}}]}<\/script>\n<meta property=\"product:price:amount\" content=\"2790.00\" \/>\n<meta property=\"product:price:currency\" content=\"MDL\" \/>\n<meta property=\"og:availability\" content=\"instock\" \/>\n<meta property=\"product:availability\" content=\"instock\" \/>\n<meta property=\"product:retailer_item_id\" content=\"8595033348172\" \/>\n<meta property=\"product:condition\" content=\"new\" \/>\n<!-- \/ Yoast SEO plugin. -->","yoast_head_json":{"title":"Absorbitor de energie Singing Rock Reactor 140 Y - Magazin Xstyle","description":"Amortizor de \u0219oc Singing Rock Reactor 140 Y pentru utilizatori de p\u00e2n\u0103 la 140 kg. Asigur\u0103 siguran\u021ba \u00een activit\u0103\u021bile la \u00een\u0103l\u021bime. Ideal pentru cabluri dinamice \u0219i statice.","robots":{"index":"index","follow":"follow","max-snippet":"max-snippet:-1","max-image-preview":"max-image-preview:large","max-video-preview":"max-video-preview:-1"},"canonical":"https:\/\/xstyle.md\/ro\/produs\/amortizator-ryvka-singing-rock-reactor-140-y\/","og_locale":"ro_RO","og_type":"article","og_title":"\u0410\u043c\u043e\u0440\u0442\u0438\u0437\u0430\u0442\u043e\u0440 \u0440\u044b\u0432\u043a\u0430 Singing Rock Reactor 140 Y - \u041c\u0430\u0433\u0430\u0437\u0438\u043d Xstyle","og_description":"\u0410\u043c\u043e\u0440\u0442\u0438\u0437\u0430\u0442\u043e\u0440 \u0440\u044b\u0432\u043a\u0430 Singing Rock Reactor 140 Y \u0434\u043b\u044f \u043f\u043e\u043b\u044c\u0437\u043e\u0432\u0430\u0442\u0435\u043b\u0435\u0439 \u0434\u043e 140 \u043a\u0433. \u041e\u0431\u0435\u0441\u043f\u0435\u0447\u0438\u0432\u0430\u0435\u0442 \u0431\u0435\u0437\u043e\u043f\u0430\u0441\u043d\u043e\u0441\u0442\u044c \u043f\u0440\u0438 \u0440\u0430\u0431\u043e\u0442\u0435 \u043d\u0430 \u0432\u044b\u0441\u043e\u0442\u0435. \u0418\u0434\u0435\u0430\u043b\u0435\u043d \u0434\u043b\u044f \u0434\u0438\u043d\u0430\u043c\u0438\u0447\u0435\u0441\u043a\u0438\u0445 \u0438 \u0441\u0442\u0430\u0442\u0438\u0447\u0435\u0441\u043a\u0438\u0445 \u0442\u0440\u043e\u0441\u043e\u0432.","og_url":"https:\/\/xstyle.md\/ro\/produs\/amortizator-ryvka-singing-rock-reactor-140-y\/","og_site_name":"\u041c\u0430\u0433\u0430\u0437\u0438\u043d Xstyle","article_publisher":"https:\/\/www.facebook.com\/xstylemd","article_modified_time":"2025-08-08T12:52:08+00:00","og_image":[{"width":790,"height":790,"url":"https:\/\/xstyle.md\/wp-content\/uploads\/2021\/05\/singing-rock-reactor-140-y.jpg","type":"image\/jpeg"}],"twitter_card":"summary_large_image","twitter_misc":{"Pre\u021b":"2.790&nbsp;MDL","Disponibilitate":"\u00cen stoc"},"schema":{"@context":"https:\/\/schema.org","@graph":[{"@type":"WebPage","@id":"https:\/\/xstyle.md\/product\/amortizator-ryvka-singing-rock-reactor-140-y\/","url":"https:\/\/xstyle.md\/product\/amortizator-ryvka-singing-rock-reactor-140-y\/","name":"Absorbitor de energie Singing Rock Reactor 140 Y - Magazin Xstyle","isPartOf":{"@id":"https:\/\/xstyle.md\/#website"},"primaryImageOfPage":{"@id":"https:\/\/xstyle.md\/product\/amortizator-ryvka-singing-rock-reactor-140-y\/#primaryimage"},"image":{"@id":"https:\/\/xstyle.md\/product\/amortizator-ryvka-singing-rock-reactor-140-y\/#primaryimage"},"thumbnailUrl":"https:\/\/xstyle.md\/wp-content\/uploads\/2021\/05\/singing-rock-reactor-140-y.jpg","datePublished":"2021-05-31T13:35:15+00:00","dateModified":"2025-08-08T12:52:08+00:00","description":"Amortizor de \u0219oc Singing Rock Reactor 140 Y pentru utilizatori de p\u00e2n\u0103 la 140 kg. Asigur\u0103 siguran\u021ba \u00een activit\u0103\u021bile la \u00een\u0103l\u021bime. Ideal pentru cabluri dinamice \u0219i statice.","breadcrumb":{"@id":"https:\/\/xstyle.md\/product\/amortizator-ryvka-singing-rock-reactor-140-y\/#breadcrumb"},"inLanguage":"ro-RO","potentialAction":[{"@type":"ReadAction","target":["https:\/\/xstyle.md\/product\/amortizator-ryvka-singing-rock-reactor-140-y\/"]}]},{"@type":"ImageObject","inLanguage":"ro-RO","@id":"https:\/\/xstyle.md\/product\/amortizator-ryvka-singing-rock-reactor-140-y\/#primaryimage","url":"https:\/\/xstyle.md\/wp-content\/uploads\/2021\/05\/singing-rock-reactor-140-y.jpg","contentUrl":"https:\/\/xstyle.md\/wp-content\/uploads\/2021\/05\/singing-rock-reactor-140-y.jpg","width":790,"height":790,"caption":"\u0410\u043c\u043e\u0440\u0442\u0438\u0437\u0430\u0442\u043e\u0440 \u0440\u044b\u0432\u043a\u0430 Singing Rock Reactor 140 Y \u0434\u043b\u044f \u0430\u043a\u0442\u0438\u0432\u043d\u043e\u0433\u043e \u043e\u0442\u0434\u044b\u0445\u0430, \u0441\u043a\u0430\u043b\u043e\u043b\u0430\u0437\u0430\u043d\u0438\u044f, \u0442\u0443\u0440\u0438\u0437\u043c\u0430 \u0438 \u043f\u043e\u0445\u043e\u0434\u043e\u0432 \u043d\u0430 \u0441\u0430\u0439\u0442\u0435 \u0438\u043d\u0442\u0435\u0440\u043d\u0435\u0442-\u043c\u0430\u0433\u0430\u0437\u0438\u043d\u0430 \u044d\u043a\u0438\u043f\u0438\u0440\u043e\u0432\u043a\u0438 \u0434\u043b\u044f \u0430\u043a\u0442\u0438\u0432\u043d\u043e\u0439 \u0436\u0438\u0437\u043d\u0438"},{"@type":"BreadcrumbList","@id":"https:\/\/xstyle.md\/product\/amortizator-ryvka-singing-rock-reactor-140-y\/#breadcrumb","itemListElement":[{"@type":"ListItem","position":1,"name":"\u0413\u043b\u0430\u0432\u043d\u0430\u044f \u0441\u0442\u0440\u0430\u043d\u0438\u0446\u0430","item":"https:\/\/xstyle.md\/"},{"@type":"ListItem","position":2,"name":"\u041c\u0430\u0433\u0430\u0437\u0438\u043d","item":"https:\/\/xstyle.md\/shop\/"},{"@type":"ListItem","position":3,"name":"\u0410\u043c\u043e\u0440\u0442\u0438\u0437\u0430\u0442\u043e\u0440 \u0440\u044b\u0432\u043a\u0430 Singing Rock Reactor 140 Y"}]},{"@type":"WebSite","@id":"https:\/\/xstyle.md\/#website","url":"https:\/\/xstyle.md\/","name":"Magazinul X-Style","description":"Echipamente pentru turism \u0219i sporturi extreme \u00een Moldova. Pre\u021buri, fotografii, caracteristici \u00een Moldova.","publisher":{"@id":"https:\/\/xstyle.md\/#organization"},"alternateName":"X-Style","potentialAction":[{"@type":"SearchAction","target":{"@type":"EntryPoint","urlTemplate":"https:\/\/xstyle.md\/?s={search_term_string}"},"query-input":{"@type":"PropertyValueSpecification","valueRequired":true,"valueName":"search_term_string"}}],"inLanguage":"ro-RO"},{"@type":"Organization","@id":"https:\/\/xstyle.md\/#organization","name":"Magazinul X-Style","alternateName":"x-style","url":"https:\/\/xstyle.md\/","logo":{"@type":"ImageObject","inLanguage":"ro-RO","@id":"https:\/\/xstyle.md\/#\/schema\/logo\/image\/","url":"https:\/\/xstyle.md\/wp-content\/uploads\/2020\/06\/logoicon.svg","contentUrl":"https:\/\/xstyle.md\/wp-content\/uploads\/2020\/06\/logoicon.svg","caption":"\u041c\u0430\u0433\u0430\u0437\u0438\u043d Xstyle"},"image":{"@id":"https:\/\/xstyle.md\/#\/schema\/logo\/image\/"},"sameAs":["https:\/\/www.facebook.com\/xstylemd","https:\/\/www.instagram.com\/xstyle_md\/","https:\/\/t.me\/xstyle_outdoor"],"hasMerchantReturnPolicy":{"@type":"MerchantReturnPolicy","merchantReturnLink":"https:\/\/xstyle.md\/ro\/conditions\/"}}]},"product_price_amount":"2790.00","product_price_currency":"MDL","og_availability":"instock","product_availability":"instock","product_retailer_item_id":"8595033348172","product_condition":"new"},"post_mailing_queue_ids":[],"_links":{"self":[{"href":"https:\/\/xstyle.md\/ro\/wp-json\/wp\/v2\/product\/34911","targetHints":{"allow":["GET"]}}],"collection":[{"href":"https:\/\/xstyle.md\/ro\/wp-json\/wp\/v2\/product"}],"about":[{"href":"https:\/\/xstyle.md\/ro\/wp-json\/wp\/v2\/types\/product"}],"replies":[{"embeddable":true,"href":"https:\/\/xstyle.md\/ro\/wp-json\/wp\/v2\/comments?post=34911"}],"wp:featuredmedia":[{"embeddable":true,"href":"https:\/\/xstyle.md\/ro\/wp-json\/wp\/v2\/media\/35621"}],"wp:attachment":[{"href":"https:\/\/xstyle.md\/ro\/wp-json\/wp\/v2\/media?parent=34911"}],"wp:term":[{"taxonomy":"product_brand","embeddable":true,"href":"https:\/\/xstyle.md\/ro\/wp-json\/wp\/v2\/product_brand?post=34911"},{"taxonomy":"product_cat","embeddable":true,"href":"https:\/\/xstyle.md\/ro\/wp-json\/wp\/v2\/product_cat?post=34911"},{"taxonomy":"product_tag","embeddable":true,"href":"https:\/\/xstyle.md\/ro\/wp-json\/wp\/v2\/product_tag?post=34911"}],"curies":[{"name":"wp","href":"https:\/\/api.w.org\/{rel}","templated":true}]}}