{"id":34896,"date":"2021-05-31T16:35:07","date_gmt":"2021-05-31T13:35:07","guid":{"rendered":"https:\/\/xstyle.md\/?post_type=product&#038;p=34896"},"modified":"2026-04-07T15:26:41","modified_gmt":"2026-04-07T12:26:41","slug":"perednij-fonar-rockbros-yq-qd200lm","status":"publish","type":"product","link":"https:\/\/xstyle.md\/ro\/produs\/perednij-fonar-rockbros-yq-qd200lm\/","title":{"rendered":"Lantern\u0103 de biciclet\u0103 RockBros YQ-QD200LM"},"content":{"rendered":"<p><\/p>\n<p><strong>RockBros YQ-QD200LM\u00a0<\/strong> &#8212; este o lantern\u0103 compact\u0103 pentru biciclet\u0103, dotat\u0103 cu LED-uri puternice \u0219i un acumulator cu capacitatea de 2000 mAh. Aceasta ofer\u0103 4 moduri de func\u021bionare: dou\u0103 moduri cu lumin\u0103 constant\u0103 \u0219i intensitate de 150 sau 400 lumeni, precum \u0219i dou\u0103 moduri cu lumin\u0103 intermitent\u0103 (flash).<\/p>\n<p>Pentru a activa modul flash, trebuie s\u0103 \u021bine\u021bi ap\u0103sat butonul timp de c\u00e2teva secunde \u00een timp ce lanterna este aprins\u0103. Comutarea \u00eentre diferitele tipuri de flash se face prin ap\u0103s\u0103ri succesive ale butonului. Lanterna poate fi fixat\u0103 pe cozorocul casc\u0103i (dac\u0103 aceasta are decupaje potrivite) sau pe protec\u021bia pentru b\u0103rbie a unei c\u0103\u0219ti de tip full-face.<\/p>\n<h3>Setul con\u021bine<\/h3>\n<ul>\n<li>Lantern\u0103 pentru biciclet\u0103<\/li>\n<li>Cablu de \u00eenc\u0103rcare<\/li>\n<li>Suport universal de fixare<\/li>\n<\/ul>\n<h3>Caracteristici<\/h3>\n<ul>\n<li>Acumulator- 2000 mAh<\/li>\n<li>Luminozitate maxim\u0103 &#8212; 400 lumeni<\/li>\n<li>Versatilitate &#8212; Poate fi folosit\u0103 at\u00e2t pe ghidon, c\u00e2t \u0219i pe casc\u0103<\/li>\n<\/ul>\n<p><\/p>\n<h3>Marca<\/h3>\n<p>RockBros - este un brand popular specializat \u00een produc\u021bia de accesorii calitative \u0219i accesibile pentru ciclism \u0219i activit\u0103\u021bi \u00een aer liber. Produsele companiei se remarc\u0103 prin designul modern, durabilitate \u0219i utilizarea materialelor inovatoare, fiind o alegere excelent\u0103 at\u00e2t pentru amatori, c\u00e2t \u0219i pentru bicicli\u0219tii experimenta\u021bi.<\/p>","protected":false},"excerpt":{"rendered":"<p>Lantern\u0103 de biciclet\u0103 RockBros YQ-QD200LM<\/p>","protected":false},"featured_media":35764,"comment_status":"open","ping_status":"closed","template":"","meta":{"_acf_changed":false,"inline_featured_image":false},"product_brand":[1429],"product_cat":[502],"product_tag":[],"class_list":{"0":"post-34896","1":"product","2":"type-product","3":"status-publish","4":"has-post-thumbnail","6":"product_brand-rockbros","7":"product_cat-bicycle-lights","9":"first","10":"outofstock","11":"shipping-taxable","12":"product-type-simple"},"acf":[],"yoast_head":"<!-- This site is optimized with the Yoast SEO plugin v27.2 - https:\/\/yoast.com\/product\/yoast-seo-wordpress\/ -->\n<title>\u041f\u0435\u0440\u0435\u0434\u043d\u0438\u0439 \u0444\u043e\u043d\u0430\u0440\u044c RockBros YQ-QD200LM - \u041c\u0430\u0433\u0430\u0437\u0438\u043d Xstyle<\/title>\n<meta name=\"description\" content=\"\u041f\u0435\u0440\u0435\u0434\u043d\u0438\u0439 \u0444\u043e\u043d\u0430\u0440\u044c RockBros YQ-QD200LM \u043c\u043e\u0449\u043d\u043e\u0441\u0442\u044c\u044e 2000 \u043b\u044e\u043c\u0435\u043d, \u0441 \u0431\u0430\u0442\u0430\u0440\u0435\u0435\u0439 2000 \u043c\u0410\u0447, USB \u0438 \u0437\u0430\u0449\u0438\u0442\u043e\u0439 IPX4. \u0418\u0434\u0435\u0430\u043b\u0435\u043d \u0434\u043b\u044f \u043d\u043e\u0447\u043d\u044b\u0445 \u043f\u043e\u0435\u0437\u0434\u043e\u043a \u0438 \u0434\u043b\u0438\u0442\u0435\u043b\u044c\u043d\u044b\u0445 \u043c\u0430\u0440\u0448\u0440\u0443\u0442\u043e\u0432.\" \/>\n<meta name=\"robots\" content=\"index, follow, max-snippet:-1, max-image-preview:large, max-video-preview:-1\" \/>\n<link rel=\"canonical\" href=\"https:\/\/xstyle.md\/ro\/produs\/perednij-fonar-rockbros-yq-qd200lm\/\" \/>\n<meta property=\"og:locale\" content=\"ro_RO\" \/>\n<meta property=\"og:type\" content=\"article\" \/>\n<meta property=\"og:title\" content=\"\u041f\u0435\u0440\u0435\u0434\u043d\u0438\u0439 \u0444\u043e\u043d\u0430\u0440\u044c RockBros YQ-QD200LM - \u041c\u0430\u0433\u0430\u0437\u0438\u043d Xstyle\" \/>\n<meta property=\"og:description\" content=\"\u041f\u0435\u0440\u0435\u0434\u043d\u0438\u0439 \u0444\u043e\u043d\u0430\u0440\u044c RockBros YQ-QD200LM \u043c\u043e\u0449\u043d\u043e\u0441\u0442\u044c\u044e 2000 \u043b\u044e\u043c\u0435\u043d, \u0441 \u0431\u0430\u0442\u0430\u0440\u0435\u0435\u0439 2000 \u043c\u0410\u0447, USB \u0438 \u0437\u0430\u0449\u0438\u0442\u043e\u0439 IPX4. \u0418\u0434\u0435\u0430\u043b\u0435\u043d \u0434\u043b\u044f \u043d\u043e\u0447\u043d\u044b\u0445 \u043f\u043e\u0435\u0437\u0434\u043e\u043a \u0438 \u0434\u043b\u0438\u0442\u0435\u043b\u044c\u043d\u044b\u0445 \u043c\u0430\u0440\u0448\u0440\u0443\u0442\u043e\u0432.\" \/>\n<meta property=\"og:url\" content=\"https:\/\/xstyle.md\/ro\/produs\/perednij-fonar-rockbros-yq-qd200lm\/\" \/>\n<meta property=\"og:site_name\" content=\"\u041c\u0430\u0433\u0430\u0437\u0438\u043d Xstyle\" \/>\n<meta property=\"article:publisher\" content=\"https:\/\/www.facebook.com\/xstylemd\" \/>\n<meta property=\"article:modified_time\" content=\"2026-04-07T12:26:41+00:00\" \/>\n<meta property=\"og:image\" content=\"https:\/\/xstyle.md\/wp-content\/uploads\/2021\/05\/rockbros-yq-qd200lm.jpeg\" \/>\n\t<meta property=\"og:image:width\" content=\"1000\" \/>\n\t<meta property=\"og:image:height\" content=\"1000\" \/>\n\t<meta property=\"og:image:type\" content=\"image\/jpeg\" \/>\n<meta name=\"twitter:card\" content=\"summary_large_image\" \/>\n<meta name=\"twitter:label1\" content=\"Pre\u021b\" \/>\n\t<meta name=\"twitter:data1\" content=\"590&nbsp;MDL\" \/>\n\t<meta name=\"twitter:label2\" content=\"Disponibilitate\" \/>\n\t<meta name=\"twitter:data2\" content=\"Stoc epuizat\" \/>\n<script type=\"application\/ld+json\" class=\"yoast-schema-graph\">{\"@context\":\"https:\/\/schema.org\",\"@graph\":[{\"@type\":\"WebPage\",\"@id\":\"https:\/\/xstyle.md\/product\/perednij-fonar-rockbros-yq-qd200lm\/\",\"url\":\"https:\/\/xstyle.md\/product\/perednij-fonar-rockbros-yq-qd200lm\/\",\"name\":\"\u041f\u0435\u0440\u0435\u0434\u043d\u0438\u0439 \u0444\u043e\u043d\u0430\u0440\u044c RockBros YQ-QD200LM - \u041c\u0430\u0433\u0430\u0437\u0438\u043d Xstyle\",\"isPartOf\":{\"@id\":\"https:\/\/xstyle.md\/#website\"},\"primaryImageOfPage\":{\"@id\":\"https:\/\/xstyle.md\/product\/perednij-fonar-rockbros-yq-qd200lm\/#primaryimage\"},\"image\":{\"@id\":\"https:\/\/xstyle.md\/product\/perednij-fonar-rockbros-yq-qd200lm\/#primaryimage\"},\"thumbnailUrl\":\"https:\/\/xstyle.md\/wp-content\/uploads\/2021\/05\/rockbros-yq-qd200lm.jpeg\",\"datePublished\":\"2021-05-31T13:35:07+00:00\",\"dateModified\":\"2026-04-07T12:26:41+00:00\",\"description\":\"\u041f\u0435\u0440\u0435\u0434\u043d\u0438\u0439 \u0444\u043e\u043d\u0430\u0440\u044c RockBros YQ-QD200LM \u043c\u043e\u0449\u043d\u043e\u0441\u0442\u044c\u044e 2000 \u043b\u044e\u043c\u0435\u043d, \u0441 \u0431\u0430\u0442\u0430\u0440\u0435\u0435\u0439 2000 \u043c\u0410\u0447, USB \u0438 \u0437\u0430\u0449\u0438\u0442\u043e\u0439 IPX4. \u0418\u0434\u0435\u0430\u043b\u0435\u043d \u0434\u043b\u044f \u043d\u043e\u0447\u043d\u044b\u0445 \u043f\u043e\u0435\u0437\u0434\u043e\u043a \u0438 \u0434\u043b\u0438\u0442\u0435\u043b\u044c\u043d\u044b\u0445 \u043c\u0430\u0440\u0448\u0440\u0443\u0442\u043e\u0432.\",\"breadcrumb\":{\"@id\":\"https:\/\/xstyle.md\/product\/perednij-fonar-rockbros-yq-qd200lm\/#breadcrumb\"},\"inLanguage\":\"ro-RO\",\"potentialAction\":[{\"@type\":\"ReadAction\",\"target\":[\"https:\/\/xstyle.md\/product\/perednij-fonar-rockbros-yq-qd200lm\/\"]}]},{\"@type\":\"ImageObject\",\"inLanguage\":\"ro-RO\",\"@id\":\"https:\/\/xstyle.md\/product\/perednij-fonar-rockbros-yq-qd200lm\/#primaryimage\",\"url\":\"https:\/\/xstyle.md\/wp-content\/uploads\/2021\/05\/rockbros-yq-qd200lm.jpeg\",\"contentUrl\":\"https:\/\/xstyle.md\/wp-content\/uploads\/2021\/05\/rockbros-yq-qd200lm.jpeg\",\"width\":1000,\"height\":1000,\"caption\":\"\u041f\u0435\u0440\u0435\u0434\u043d\u0438\u0439 \u0444\u043e\u043d\u0430\u0440\u044c RockBros YQ-QD200LM \u0434\u043b\u044f \u0430\u043a\u0442\u0438\u0432\u043d\u043e\u0439 \u0436\u0438\u0437\u043d\u0438, \u043f\u0443\u0442\u0435\u0448\u0435\u0441\u0442\u0432\u0438\u0439, \u0445\u0430\u0439\u043a\u0438\u043d\u0433\u0430, \u0441\u043a\u0430\u043b\u043e\u043b\u0430\u0437\u0430\u043d\u0438\u044f, \u043e\u0434\u0435\u0436\u0434\u044b \u0438 \u043e\u0431\u0443\u0432\u0438 \u0434\u043b\u044f \u0442\u0443\u0440\u0438\u0437\u043c\u0430 \u0438 \u0430\u043b\u044c\u043f\u0438\u043d\u0438\u0437\u043c\u0430\"},{\"@type\":\"BreadcrumbList\",\"@id\":\"https:\/\/xstyle.md\/product\/perednij-fonar-rockbros-yq-qd200lm\/#breadcrumb\",\"itemListElement\":[{\"@type\":\"ListItem\",\"position\":1,\"name\":\"\u0413\u043b\u0430\u0432\u043d\u0430\u044f \u0441\u0442\u0440\u0430\u043d\u0438\u0446\u0430\",\"item\":\"https:\/\/xstyle.md\/\"},{\"@type\":\"ListItem\",\"position\":2,\"name\":\"\u041c\u0430\u0433\u0430\u0437\u0438\u043d\",\"item\":\"https:\/\/xstyle.md\/shop\/\"},{\"@type\":\"ListItem\",\"position\":3,\"name\":\"\u041f\u0435\u0440\u0435\u0434\u043d\u0438\u0439 \u0444\u043e\u043d\u0430\u0440\u044c RockBros YQ-QD200LM\"}]},{\"@type\":\"WebSite\",\"@id\":\"https:\/\/xstyle.md\/#website\",\"url\":\"https:\/\/xstyle.md\/\",\"name\":\"\u041c\u0430\u0433\u0430\u0437\u0438\u043d Xstyle\",\"description\":\"C\u043d\u0430\u0440\u044f\u0436\u0435\u043d\u0438\u0435 \u0434\u043b\u044f \u0442\u0443\u0440\u0438\u0437\u043c\u0430 \u0438 \u044d\u043a\u0441\u0442\u0440\u0435\u043c\u0430\u043b\u044c\u043d\u044b\u0445 \u0432\u0438\u0434\u043e\u0432 \u0441\u043f\u043e\u0440\u0442\u0430 \u0432 \u041c\u043e\u043b\u0434\u043e\u0432\u0435.. \u0426\u0435\u043d\u044b, \u0444\u043e\u0442\u043e, \u0445\u0430\u0440\u0430\u043a\u0442\u0435\u0440\u0438\u0441\u0442\u0438\u043a\u0438 \u0432 \u041c\u043e\u043b\u0434\u043e\u0432\u0435.\",\"publisher\":{\"@id\":\"https:\/\/xstyle.md\/#organization\"},\"alternateName\":\"X-Style\",\"potentialAction\":[{\"@type\":\"SearchAction\",\"target\":{\"@type\":\"EntryPoint\",\"urlTemplate\":\"https:\/\/xstyle.md\/?s={search_term_string}\"},\"query-input\":{\"@type\":\"PropertyValueSpecification\",\"valueRequired\":true,\"valueName\":\"search_term_string\"}}],\"inLanguage\":\"ro-RO\"},{\"@type\":\"Organization\",\"@id\":\"https:\/\/xstyle.md\/#organization\",\"name\":\"\u041c\u0430\u0433\u0430\u0437\u0438\u043d Xstyle\",\"alternateName\":\"x-style\",\"url\":\"https:\/\/xstyle.md\/\",\"logo\":{\"@type\":\"ImageObject\",\"inLanguage\":\"ro-RO\",\"@id\":\"https:\/\/xstyle.md\/#\/schema\/logo\/image\/\",\"url\":\"https:\/\/xstyle.md\/wp-content\/uploads\/2020\/06\/logoicon.svg\",\"contentUrl\":\"https:\/\/xstyle.md\/wp-content\/uploads\/2020\/06\/logoicon.svg\",\"caption\":\"\u041c\u0430\u0433\u0430\u0437\u0438\u043d Xstyle\"},\"image\":{\"@id\":\"https:\/\/xstyle.md\/#\/schema\/logo\/image\/\"},\"sameAs\":[\"https:\/\/www.facebook.com\/xstylemd\",\"https:\/\/www.instagram.com\/xstyle_md\/\",\"https:\/\/t.me\/xstyle_outdoor\"],\"hasMerchantReturnPolicy\":{\"@type\":\"MerchantReturnPolicy\",\"merchantReturnLink\":\"https:\/\/xstyle.md\/ro\/conditions\/\"}}]}<\/script>\n<meta property=\"product:price:amount\" content=\"590.00\" \/>\n<meta property=\"product:price:currency\" content=\"MDL\" \/>\n<meta property=\"og:availability\" content=\"out of stock\" \/>\n<meta property=\"product:availability\" content=\"out of stock\" \/>\n<meta property=\"product:retailer_item_id\" content=\"2000990051493\" \/>\n<meta property=\"product:condition\" content=\"new\" \/>\n<!-- \/ Yoast SEO plugin. -->","yoast_head_json":{"title":"Lanterna frontal\u0103 RockBros YQ-QD200LM - Magazin Xstyle","description":"Farul frontal RockBros YQ-QD200LM cu o putere de 2000 de lumeni, cu baterie de 2000 mAh, USB \u0219i protec\u021bie IPX4. Ideal pentru plimb\u0103ri nocturne \u0219i trasee lungi.","robots":{"index":"index","follow":"follow","max-snippet":"max-snippet:-1","max-image-preview":"max-image-preview:large","max-video-preview":"max-video-preview:-1"},"canonical":"https:\/\/xstyle.md\/ro\/produs\/perednij-fonar-rockbros-yq-qd200lm\/","og_locale":"ro_RO","og_type":"article","og_title":"\u041f\u0435\u0440\u0435\u0434\u043d\u0438\u0439 \u0444\u043e\u043d\u0430\u0440\u044c RockBros YQ-QD200LM - \u041c\u0430\u0433\u0430\u0437\u0438\u043d Xstyle","og_description":"\u041f\u0435\u0440\u0435\u0434\u043d\u0438\u0439 \u0444\u043e\u043d\u0430\u0440\u044c RockBros YQ-QD200LM \u043c\u043e\u0449\u043d\u043e\u0441\u0442\u044c\u044e 2000 \u043b\u044e\u043c\u0435\u043d, \u0441 \u0431\u0430\u0442\u0430\u0440\u0435\u0435\u0439 2000 \u043c\u0410\u0447, USB \u0438 \u0437\u0430\u0449\u0438\u0442\u043e\u0439 IPX4. \u0418\u0434\u0435\u0430\u043b\u0435\u043d \u0434\u043b\u044f \u043d\u043e\u0447\u043d\u044b\u0445 \u043f\u043e\u0435\u0437\u0434\u043e\u043a \u0438 \u0434\u043b\u0438\u0442\u0435\u043b\u044c\u043d\u044b\u0445 \u043c\u0430\u0440\u0448\u0440\u0443\u0442\u043e\u0432.","og_url":"https:\/\/xstyle.md\/ro\/produs\/perednij-fonar-rockbros-yq-qd200lm\/","og_site_name":"\u041c\u0430\u0433\u0430\u0437\u0438\u043d Xstyle","article_publisher":"https:\/\/www.facebook.com\/xstylemd","article_modified_time":"2026-04-07T12:26:41+00:00","og_image":[{"width":1000,"height":1000,"url":"https:\/\/xstyle.md\/wp-content\/uploads\/2021\/05\/rockbros-yq-qd200lm.jpeg","type":"image\/jpeg"}],"twitter_card":"summary_large_image","twitter_misc":{"Pre\u021b":"590&nbsp;MDL","Disponibilitate":"Stoc epuizat"},"schema":{"@context":"https:\/\/schema.org","@graph":[{"@type":"WebPage","@id":"https:\/\/xstyle.md\/product\/perednij-fonar-rockbros-yq-qd200lm\/","url":"https:\/\/xstyle.md\/product\/perednij-fonar-rockbros-yq-qd200lm\/","name":"Lanterna frontal\u0103 RockBros YQ-QD200LM - Magazin Xstyle","isPartOf":{"@id":"https:\/\/xstyle.md\/#website"},"primaryImageOfPage":{"@id":"https:\/\/xstyle.md\/product\/perednij-fonar-rockbros-yq-qd200lm\/#primaryimage"},"image":{"@id":"https:\/\/xstyle.md\/product\/perednij-fonar-rockbros-yq-qd200lm\/#primaryimage"},"thumbnailUrl":"https:\/\/xstyle.md\/wp-content\/uploads\/2021\/05\/rockbros-yq-qd200lm.jpeg","datePublished":"2021-05-31T13:35:07+00:00","dateModified":"2026-04-07T12:26:41+00:00","description":"Farul frontal RockBros YQ-QD200LM cu o putere de 2000 de lumeni, cu baterie de 2000 mAh, USB \u0219i protec\u021bie IPX4. Ideal pentru plimb\u0103ri nocturne \u0219i trasee lungi.","breadcrumb":{"@id":"https:\/\/xstyle.md\/product\/perednij-fonar-rockbros-yq-qd200lm\/#breadcrumb"},"inLanguage":"ro-RO","potentialAction":[{"@type":"ReadAction","target":["https:\/\/xstyle.md\/product\/perednij-fonar-rockbros-yq-qd200lm\/"]}]},{"@type":"ImageObject","inLanguage":"ro-RO","@id":"https:\/\/xstyle.md\/product\/perednij-fonar-rockbros-yq-qd200lm\/#primaryimage","url":"https:\/\/xstyle.md\/wp-content\/uploads\/2021\/05\/rockbros-yq-qd200lm.jpeg","contentUrl":"https:\/\/xstyle.md\/wp-content\/uploads\/2021\/05\/rockbros-yq-qd200lm.jpeg","width":1000,"height":1000,"caption":"\u041f\u0435\u0440\u0435\u0434\u043d\u0438\u0439 \u0444\u043e\u043d\u0430\u0440\u044c RockBros YQ-QD200LM \u0434\u043b\u044f \u0430\u043a\u0442\u0438\u0432\u043d\u043e\u0439 \u0436\u0438\u0437\u043d\u0438, \u043f\u0443\u0442\u0435\u0448\u0435\u0441\u0442\u0432\u0438\u0439, \u0445\u0430\u0439\u043a\u0438\u043d\u0433\u0430, \u0441\u043a\u0430\u043b\u043e\u043b\u0430\u0437\u0430\u043d\u0438\u044f, \u043e\u0434\u0435\u0436\u0434\u044b \u0438 \u043e\u0431\u0443\u0432\u0438 \u0434\u043b\u044f \u0442\u0443\u0440\u0438\u0437\u043c\u0430 \u0438 \u0430\u043b\u044c\u043f\u0438\u043d\u0438\u0437\u043c\u0430"},{"@type":"BreadcrumbList","@id":"https:\/\/xstyle.md\/product\/perednij-fonar-rockbros-yq-qd200lm\/#breadcrumb","itemListElement":[{"@type":"ListItem","position":1,"name":"\u0413\u043b\u0430\u0432\u043d\u0430\u044f \u0441\u0442\u0440\u0430\u043d\u0438\u0446\u0430","item":"https:\/\/xstyle.md\/"},{"@type":"ListItem","position":2,"name":"\u041c\u0430\u0433\u0430\u0437\u0438\u043d","item":"https:\/\/xstyle.md\/shop\/"},{"@type":"ListItem","position":3,"name":"\u041f\u0435\u0440\u0435\u0434\u043d\u0438\u0439 \u0444\u043e\u043d\u0430\u0440\u044c RockBros YQ-QD200LM"}]},{"@type":"WebSite","@id":"https:\/\/xstyle.md\/#website","url":"https:\/\/xstyle.md\/","name":"Magazinul X-Style","description":"Echipamente pentru turism \u0219i sporturi extreme \u00een Moldova. Pre\u021buri, fotografii, caracteristici \u00een Moldova.","publisher":{"@id":"https:\/\/xstyle.md\/#organization"},"alternateName":"X-Style","potentialAction":[{"@type":"SearchAction","target":{"@type":"EntryPoint","urlTemplate":"https:\/\/xstyle.md\/?s={search_term_string}"},"query-input":{"@type":"PropertyValueSpecification","valueRequired":true,"valueName":"search_term_string"}}],"inLanguage":"ro-RO"},{"@type":"Organization","@id":"https:\/\/xstyle.md\/#organization","name":"Magazinul X-Style","alternateName":"x-style","url":"https:\/\/xstyle.md\/","logo":{"@type":"ImageObject","inLanguage":"ro-RO","@id":"https:\/\/xstyle.md\/#\/schema\/logo\/image\/","url":"https:\/\/xstyle.md\/wp-content\/uploads\/2020\/06\/logoicon.svg","contentUrl":"https:\/\/xstyle.md\/wp-content\/uploads\/2020\/06\/logoicon.svg","caption":"\u041c\u0430\u0433\u0430\u0437\u0438\u043d Xstyle"},"image":{"@id":"https:\/\/xstyle.md\/#\/schema\/logo\/image\/"},"sameAs":["https:\/\/www.facebook.com\/xstylemd","https:\/\/www.instagram.com\/xstyle_md\/","https:\/\/t.me\/xstyle_outdoor"],"hasMerchantReturnPolicy":{"@type":"MerchantReturnPolicy","merchantReturnLink":"https:\/\/xstyle.md\/ro\/conditions\/"}}]},"product_price_amount":"590.00","product_price_currency":"MDL","og_availability":"out of stock","product_availability":"out of stock","product_retailer_item_id":"2000990051493","product_condition":"new"},"post_mailing_queue_ids":[],"_links":{"self":[{"href":"https:\/\/xstyle.md\/ro\/wp-json\/wp\/v2\/product\/34896","targetHints":{"allow":["GET"]}}],"collection":[{"href":"https:\/\/xstyle.md\/ro\/wp-json\/wp\/v2\/product"}],"about":[{"href":"https:\/\/xstyle.md\/ro\/wp-json\/wp\/v2\/types\/product"}],"replies":[{"embeddable":true,"href":"https:\/\/xstyle.md\/ro\/wp-json\/wp\/v2\/comments?post=34896"}],"wp:featuredmedia":[{"embeddable":true,"href":"https:\/\/xstyle.md\/ro\/wp-json\/wp\/v2\/media\/35764"}],"wp:attachment":[{"href":"https:\/\/xstyle.md\/ro\/wp-json\/wp\/v2\/media?parent=34896"}],"wp:term":[{"taxonomy":"product_brand","embeddable":true,"href":"https:\/\/xstyle.md\/ro\/wp-json\/wp\/v2\/product_brand?post=34896"},{"taxonomy":"product_cat","embeddable":true,"href":"https:\/\/xstyle.md\/ro\/wp-json\/wp\/v2\/product_cat?post=34896"},{"taxonomy":"product_tag","embeddable":true,"href":"https:\/\/xstyle.md\/ro\/wp-json\/wp\/v2\/product_tag?post=34896"}],"curies":[{"name":"wp","href":"https:\/\/api.w.org\/{rel}","templated":true}]}}