{"id":34887,"date":"2021-05-31T16:35:04","date_gmt":"2021-05-31T13:35:04","guid":{"rendered":"https:\/\/xstyle.md\/?post_type=product&#038;p=34887"},"modified":"2026-03-19T16:45:01","modified_gmt":"2026-03-19T13:45:01","slug":"shljapa-scippis-summerhat-madura","status":"publish","type":"product","link":"https:\/\/xstyle.md\/ro\/produs\/shljapa-scippis-summerhat-madura\/","title":{"rendered":"P\u0103l\u0103rie Scippis Summerhat Madura"},"content":{"rendered":"<p><strong>Scippis Summerhat Madura<\/strong> &#8212; \u043b\u0435\u0433\u043a\u0430\u044f \u043b\u0435\u0442\u043d\u044f\u044f \u0448\u043b\u044f\u043f\u0430 \u0441 \u043e\u0447\u0435\u043d\u044c \u0448\u0438\u0440\u043e\u043a\u0438\u043c\u0438 \u043f\u043e\u043b\u044f\u043c\u0438. \u0423\u0437\u043a\u0430\u044f \u043e\u043f\u043b\u0435\u0442\u043a\u0430 \u0434\u0435\u043b\u0430\u0435\u0442 \u0435\u0435 \u0438\u0434\u0435\u0430\u043b\u044c\u043d\u043e\u0439 \u0437\u0430\u0449\u0438\u0442\u043e\u0439 \u043e\u0442 \u0441\u043e\u043b\u043d\u0446\u0430. \u041c\u0430\u0442\u0435\u0440\u0438\u0430\u043b \u043b\u0435\u0433\u043a\u0438\u0439 \u0438 \u043c\u044f\u0433\u043a\u0438\u0439.\u00a0\u041a\u0440\u0430\u0441\u0438\u0432\u044b\u0439 \u0448\u043d\u0443\u0440\u043e\u043a \u0443\u043a\u0440\u0430\u0448\u0430\u0435\u0442 \u043e\u0431\u043e\u0434\u043e\u043a \u0448\u043b\u044f\u043f\u044b, \u0434\u0435\u043b\u0430\u044f \u0435\u0435 \u0441\u0442\u0438\u043b\u044c\u043d\u044b\u043c \u0430\u043a\u0441\u0435\u0441\u0441\u0443\u0430\u0440\u043e\u043c \u0438 \u0434\u043e\u043f\u043e\u043b\u043d\u0435\u043d\u0438\u0435\u043c \u043a \u043b\u0435\u0442\u043d\u0435\u043c\u0443 \u043e\u0431\u0440\u0430\u0437\u0443.<\/p>\n<h3>Particularit\u0103\u021bi<\/h3>\n<ul>\n<li>\u041f\u043b\u043e\u0442\u043d\u0430\u044f \u0442\u043a\u0430\u043d\u044c<\/li>\n<li>\u0417\u0430\u0449\u0438\u0442\u0430 \u043e\u0442 \u0441\u043e\u043b\u043d\u0446\u0430 UPF<\/li>\n<li>\u041b\u0435\u0433\u043a\u0438\u0439 \u0432\u0435\u0441 \u043d\u0435 \u043e\u0449\u0443\u0449\u0430\u0435\u0442\u0441\u044f \u043d\u0430 \u0433\u043e\u043b\u043e\u0432\u0435<\/li>\n<li>\u0428\u043d\u0443\u0440\u043e\u043a \u0441 \u0431\u0443\u0441\u0438\u043d\u0430\u043c\u0438 \u043d\u0430 \u043e\u0431\u043e\u0434\u043a\u0435<\/li>\n<\/ul>\n<h3>Caracteristici<\/h3>\n<ul>\n<li>Compozi\u021bie \u2014 100% Bumbac;<\/li>\n<li>\u0421\u0435\u0437\u043e\u043d &#8212; \u043b\u0435\u0442\u043e<\/li>\n<li>Model - pentru femei.<\/li>\n<\/ul>","protected":false},"excerpt":{"rendered":"<p>P\u0103l\u0103rie Scippis Summerhat Madura<\/p>","protected":false},"featured_media":35733,"comment_status":"open","ping_status":"closed","template":"","meta":{"_acf_changed":false,"inline_featured_image":false},"product_brand":[1380],"product_cat":[382],"product_tag":[],"class_list":{"0":"post-34887","1":"product","2":"type-product","3":"status-publish","4":"has-post-thumbnail","6":"product_brand-relags","7":"product_cat-hats","9":"first","10":"instock","11":"shipping-taxable","12":"purchasable","13":"product-type-simple"},"acf":[],"yoast_head":"<!-- This site is optimized with the Yoast SEO plugin v27.2 - https:\/\/yoast.com\/product\/yoast-seo-wordpress\/ -->\n<title>\u0428\u043b\u044f\u043f\u0430 Scippis Summerhat Madura - \u041c\u0430\u0433\u0430\u0437\u0438\u043d Xstyle<\/title>\n<meta name=\"description\" content=\"\u0428\u043b\u044f\u043f\u0430 Scippis Summerhat Madura \u2014 \u0438\u0434\u0435\u0430\u043b\u044c\u043d\u044b\u0439 \u0430\u043a\u0441\u0435\u0441\u0441\u0443\u0430\u0440 \u0434\u043b\u044f \u043b\u0435\u0442\u0430. \u0423\u0434\u043e\u0431\u0441\u0442\u0432\u043e \u0438 \u0441\u0442\u0438\u043b\u044c \u0432 \u043a\u0430\u0436\u0434\u043e\u043c \u044d\u043b\u0435\u043c\u0435\u043d\u0442\u0435. \u0417\u0430\u0449\u0438\u0442\u0438\u0442\u0435 \u0441\u0435\u0431\u044f \u043e\u0442 \u0441\u043e\u043b\u043d\u0446\u0430 \u0441 \u043a\u043e\u043c\u0444\u043e\u0440\u0442\u043e\u043c!\" \/>\n<meta name=\"robots\" content=\"index, follow, max-snippet:-1, max-image-preview:large, max-video-preview:-1\" \/>\n<link rel=\"canonical\" href=\"https:\/\/xstyle.md\/ro\/produs\/shljapa-scippis-summerhat-madura\/\" \/>\n<meta property=\"og:locale\" content=\"ro_RO\" \/>\n<meta property=\"og:type\" content=\"article\" \/>\n<meta property=\"og:title\" content=\"\u0428\u043b\u044f\u043f\u0430 Scippis Summerhat Madura - \u041c\u0430\u0433\u0430\u0437\u0438\u043d Xstyle\" \/>\n<meta property=\"og:description\" content=\"\u0428\u043b\u044f\u043f\u0430 Scippis Summerhat Madura \u2014 \u0438\u0434\u0435\u0430\u043b\u044c\u043d\u044b\u0439 \u0430\u043a\u0441\u0435\u0441\u0441\u0443\u0430\u0440 \u0434\u043b\u044f \u043b\u0435\u0442\u0430. \u0423\u0434\u043e\u0431\u0441\u0442\u0432\u043e \u0438 \u0441\u0442\u0438\u043b\u044c \u0432 \u043a\u0430\u0436\u0434\u043e\u043c \u044d\u043b\u0435\u043c\u0435\u043d\u0442\u0435. \u0417\u0430\u0449\u0438\u0442\u0438\u0442\u0435 \u0441\u0435\u0431\u044f \u043e\u0442 \u0441\u043e\u043b\u043d\u0446\u0430 \u0441 \u043a\u043e\u043c\u0444\u043e\u0440\u0442\u043e\u043c!\" \/>\n<meta property=\"og:url\" content=\"https:\/\/xstyle.md\/ro\/produs\/shljapa-scippis-summerhat-madura\/\" \/>\n<meta property=\"og:site_name\" content=\"\u041c\u0430\u0433\u0430\u0437\u0438\u043d Xstyle\" \/>\n<meta property=\"article:publisher\" content=\"https:\/\/www.facebook.com\/xstylemd\" \/>\n<meta property=\"article:modified_time\" content=\"2026-03-19T13:45:01+00:00\" \/>\n<meta property=\"og:image\" content=\"https:\/\/xstyle.md\/wp-content\/uploads\/2021\/05\/scippis-summerhat-madura.jpg\" \/>\n\t<meta property=\"og:image:width\" content=\"800\" \/>\n\t<meta property=\"og:image:height\" content=\"800\" \/>\n\t<meta property=\"og:image:type\" content=\"image\/jpeg\" \/>\n<meta name=\"twitter:card\" content=\"summary_large_image\" \/>\n<meta name=\"twitter:label1\" content=\"Pre\u021b\" \/>\n\t<meta name=\"twitter:data1\" content=\"480&nbsp;MDL\" \/>\n\t<meta name=\"twitter:label2\" content=\"Disponibilitate\" \/>\n\t<meta name=\"twitter:data2\" content=\"\u00cen stoc\" \/>\n<script type=\"application\/ld+json\" class=\"yoast-schema-graph\">{\"@context\":\"https:\/\/schema.org\",\"@graph\":[{\"@type\":\"WebPage\",\"@id\":\"https:\/\/xstyle.md\/product\/shljapa-scippis-summerhat-madura\/\",\"url\":\"https:\/\/xstyle.md\/product\/shljapa-scippis-summerhat-madura\/\",\"name\":\"\u0428\u043b\u044f\u043f\u0430 Scippis Summerhat Madura - \u041c\u0430\u0433\u0430\u0437\u0438\u043d Xstyle\",\"isPartOf\":{\"@id\":\"https:\/\/xstyle.md\/#website\"},\"primaryImageOfPage\":{\"@id\":\"https:\/\/xstyle.md\/product\/shljapa-scippis-summerhat-madura\/#primaryimage\"},\"image\":{\"@id\":\"https:\/\/xstyle.md\/product\/shljapa-scippis-summerhat-madura\/#primaryimage\"},\"thumbnailUrl\":\"https:\/\/xstyle.md\/wp-content\/uploads\/2021\/05\/scippis-summerhat-madura.jpg\",\"datePublished\":\"2021-05-31T13:35:04+00:00\",\"dateModified\":\"2026-03-19T13:45:01+00:00\",\"description\":\"\u0428\u043b\u044f\u043f\u0430 Scippis Summerhat Madura \u2014 \u0438\u0434\u0435\u0430\u043b\u044c\u043d\u044b\u0439 \u0430\u043a\u0441\u0435\u0441\u0441\u0443\u0430\u0440 \u0434\u043b\u044f \u043b\u0435\u0442\u0430. \u0423\u0434\u043e\u0431\u0441\u0442\u0432\u043e \u0438 \u0441\u0442\u0438\u043b\u044c \u0432 \u043a\u0430\u0436\u0434\u043e\u043c \u044d\u043b\u0435\u043c\u0435\u043d\u0442\u0435. \u0417\u0430\u0449\u0438\u0442\u0438\u0442\u0435 \u0441\u0435\u0431\u044f \u043e\u0442 \u0441\u043e\u043b\u043d\u0446\u0430 \u0441 \u043a\u043e\u043c\u0444\u043e\u0440\u0442\u043e\u043c!\",\"breadcrumb\":{\"@id\":\"https:\/\/xstyle.md\/product\/shljapa-scippis-summerhat-madura\/#breadcrumb\"},\"inLanguage\":\"ro-RO\",\"potentialAction\":[{\"@type\":\"ReadAction\",\"target\":[\"https:\/\/xstyle.md\/product\/shljapa-scippis-summerhat-madura\/\"]}]},{\"@type\":\"ImageObject\",\"inLanguage\":\"ro-RO\",\"@id\":\"https:\/\/xstyle.md\/product\/shljapa-scippis-summerhat-madura\/#primaryimage\",\"url\":\"https:\/\/xstyle.md\/wp-content\/uploads\/2021\/05\/scippis-summerhat-madura.jpg\",\"contentUrl\":\"https:\/\/xstyle.md\/wp-content\/uploads\/2021\/05\/scippis-summerhat-madura.jpg\",\"width\":800,\"height\":800,\"caption\":\"\u041b\u0435\u0442\u0430\u044f \u0448\u043b\u044f\u043f\u0430 Scippis Summerhat Madura \u0434\u043b\u044f \u0430\u043a\u0442\u0438\u0432\u043d\u043e\u0433\u043e \u043e\u0442\u0434\u044b\u0445\u0430, \u043f\u0443\u0442\u0435\u0448\u0435\u0441\u0442\u0432\u0438\u0439, \u043f\u043e\u0445\u043e\u0434\u043e\u0432 \u0438 \u0430\u043b\u044c\u043f\u0438\u043d\u0438\u0437\u043c\u0430 \u2014 \u0441\u0442\u0438\u043b\u044c\u043d\u0430\u044f \u043b\u0435\u0442\u043d\u044f\u044f \u0448\u043b\u044f\u043f\u0430 \u0434\u043b\u044f \u0442\u0443\u0440\u0438\u0441\u0442\u043e\u0432 \u0438 \u043b\u044e\u0431\u0438\u0442\u0435\u043b\u0435\u0439 outdoor \u0430\u043a\u0442\u0438\u0432\u043d\u043e\u0441\u0442\u0435\u0439 \u0432 \u0438\u043d\u0442\u0435\u0440\u043d\u0435\u0442-\u043c\u0430\u0433\u0430\u0437\u0438\u043d\u0435\"},{\"@type\":\"BreadcrumbList\",\"@id\":\"https:\/\/xstyle.md\/product\/shljapa-scippis-summerhat-madura\/#breadcrumb\",\"itemListElement\":[{\"@type\":\"ListItem\",\"position\":1,\"name\":\"\u0413\u043b\u0430\u0432\u043d\u0430\u044f \u0441\u0442\u0440\u0430\u043d\u0438\u0446\u0430\",\"item\":\"https:\/\/xstyle.md\/\"},{\"@type\":\"ListItem\",\"position\":2,\"name\":\"\u041c\u0430\u0433\u0430\u0437\u0438\u043d\",\"item\":\"https:\/\/xstyle.md\/shop\/\"},{\"@type\":\"ListItem\",\"position\":3,\"name\":\"\u0428\u043b\u044f\u043f\u0430 Scippis Summerhat Madura\"}]},{\"@type\":\"WebSite\",\"@id\":\"https:\/\/xstyle.md\/#website\",\"url\":\"https:\/\/xstyle.md\/\",\"name\":\"\u041c\u0430\u0433\u0430\u0437\u0438\u043d Xstyle\",\"description\":\"C\u043d\u0430\u0440\u044f\u0436\u0435\u043d\u0438\u0435 \u0434\u043b\u044f \u0442\u0443\u0440\u0438\u0437\u043c\u0430 \u0438 \u044d\u043a\u0441\u0442\u0440\u0435\u043c\u0430\u043b\u044c\u043d\u044b\u0445 \u0432\u0438\u0434\u043e\u0432 \u0441\u043f\u043e\u0440\u0442\u0430 \u0432 \u041c\u043e\u043b\u0434\u043e\u0432\u0435.. \u0426\u0435\u043d\u044b, \u0444\u043e\u0442\u043e, \u0445\u0430\u0440\u0430\u043a\u0442\u0435\u0440\u0438\u0441\u0442\u0438\u043a\u0438 \u0432 \u041c\u043e\u043b\u0434\u043e\u0432\u0435.\",\"publisher\":{\"@id\":\"https:\/\/xstyle.md\/#organization\"},\"alternateName\":\"X-Style\",\"potentialAction\":[{\"@type\":\"SearchAction\",\"target\":{\"@type\":\"EntryPoint\",\"urlTemplate\":\"https:\/\/xstyle.md\/?s={search_term_string}\"},\"query-input\":{\"@type\":\"PropertyValueSpecification\",\"valueRequired\":true,\"valueName\":\"search_term_string\"}}],\"inLanguage\":\"ro-RO\"},{\"@type\":\"Organization\",\"@id\":\"https:\/\/xstyle.md\/#organization\",\"name\":\"\u041c\u0430\u0433\u0430\u0437\u0438\u043d Xstyle\",\"alternateName\":\"x-style\",\"url\":\"https:\/\/xstyle.md\/\",\"logo\":{\"@type\":\"ImageObject\",\"inLanguage\":\"ro-RO\",\"@id\":\"https:\/\/xstyle.md\/#\/schema\/logo\/image\/\",\"url\":\"https:\/\/xstyle.md\/wp-content\/uploads\/2020\/06\/logoicon.svg\",\"contentUrl\":\"https:\/\/xstyle.md\/wp-content\/uploads\/2020\/06\/logoicon.svg\",\"caption\":\"\u041c\u0430\u0433\u0430\u0437\u0438\u043d Xstyle\"},\"image\":{\"@id\":\"https:\/\/xstyle.md\/#\/schema\/logo\/image\/\"},\"sameAs\":[\"https:\/\/www.facebook.com\/xstylemd\",\"https:\/\/www.instagram.com\/xstyle_md\/\",\"https:\/\/t.me\/xstyle_outdoor\"],\"hasMerchantReturnPolicy\":{\"@type\":\"MerchantReturnPolicy\",\"merchantReturnLink\":\"https:\/\/xstyle.md\/ro\/conditions\/\"}}]}<\/script>\n<meta property=\"product:price:amount\" content=\"480.00\" \/>\n<meta property=\"product:price:currency\" content=\"MDL\" \/>\n<meta property=\"og:availability\" content=\"instock\" \/>\n<meta property=\"product:availability\" content=\"instock\" \/>\n<meta property=\"product:retailer_item_id\" content=\"4250533617855\" \/>\n<meta property=\"product:condition\" content=\"new\" \/>\n<!-- \/ Yoast SEO plugin. -->","yoast_head_json":{"title":"P\u0103l\u0103rie Scippis Summerhat Madura - Magazin Xstyle","description":"P\u0103l\u0103ria Scippis Summerhat Madura \u2014 accesoriul perfect pentru var\u0103. Confort \u0219i stil \u00een fiecare detaliu. Protejeaz\u0103-te de soare cu confort!","robots":{"index":"index","follow":"follow","max-snippet":"max-snippet:-1","max-image-preview":"max-image-preview:large","max-video-preview":"max-video-preview:-1"},"canonical":"https:\/\/xstyle.md\/ro\/produs\/shljapa-scippis-summerhat-madura\/","og_locale":"ro_RO","og_type":"article","og_title":"\u0428\u043b\u044f\u043f\u0430 Scippis Summerhat Madura - \u041c\u0430\u0433\u0430\u0437\u0438\u043d Xstyle","og_description":"\u0428\u043b\u044f\u043f\u0430 Scippis Summerhat Madura \u2014 \u0438\u0434\u0435\u0430\u043b\u044c\u043d\u044b\u0439 \u0430\u043a\u0441\u0435\u0441\u0441\u0443\u0430\u0440 \u0434\u043b\u044f \u043b\u0435\u0442\u0430. \u0423\u0434\u043e\u0431\u0441\u0442\u0432\u043e \u0438 \u0441\u0442\u0438\u043b\u044c \u0432 \u043a\u0430\u0436\u0434\u043e\u043c \u044d\u043b\u0435\u043c\u0435\u043d\u0442\u0435. \u0417\u0430\u0449\u0438\u0442\u0438\u0442\u0435 \u0441\u0435\u0431\u044f \u043e\u0442 \u0441\u043e\u043b\u043d\u0446\u0430 \u0441 \u043a\u043e\u043c\u0444\u043e\u0440\u0442\u043e\u043c!","og_url":"https:\/\/xstyle.md\/ro\/produs\/shljapa-scippis-summerhat-madura\/","og_site_name":"\u041c\u0430\u0433\u0430\u0437\u0438\u043d Xstyle","article_publisher":"https:\/\/www.facebook.com\/xstylemd","article_modified_time":"2026-03-19T13:45:01+00:00","og_image":[{"width":800,"height":800,"url":"https:\/\/xstyle.md\/wp-content\/uploads\/2021\/05\/scippis-summerhat-madura.jpg","type":"image\/jpeg"}],"twitter_card":"summary_large_image","twitter_misc":{"Pre\u021b":"480&nbsp;MDL","Disponibilitate":"\u00cen stoc"},"schema":{"@context":"https:\/\/schema.org","@graph":[{"@type":"WebPage","@id":"https:\/\/xstyle.md\/product\/shljapa-scippis-summerhat-madura\/","url":"https:\/\/xstyle.md\/product\/shljapa-scippis-summerhat-madura\/","name":"P\u0103l\u0103rie Scippis Summerhat Madura - Magazin Xstyle","isPartOf":{"@id":"https:\/\/xstyle.md\/#website"},"primaryImageOfPage":{"@id":"https:\/\/xstyle.md\/product\/shljapa-scippis-summerhat-madura\/#primaryimage"},"image":{"@id":"https:\/\/xstyle.md\/product\/shljapa-scippis-summerhat-madura\/#primaryimage"},"thumbnailUrl":"https:\/\/xstyle.md\/wp-content\/uploads\/2021\/05\/scippis-summerhat-madura.jpg","datePublished":"2021-05-31T13:35:04+00:00","dateModified":"2026-03-19T13:45:01+00:00","description":"P\u0103l\u0103ria Scippis Summerhat Madura \u2014 accesoriul perfect pentru var\u0103. Confort \u0219i stil \u00een fiecare detaliu. Protejeaz\u0103-te de soare cu confort!","breadcrumb":{"@id":"https:\/\/xstyle.md\/product\/shljapa-scippis-summerhat-madura\/#breadcrumb"},"inLanguage":"ro-RO","potentialAction":[{"@type":"ReadAction","target":["https:\/\/xstyle.md\/product\/shljapa-scippis-summerhat-madura\/"]}]},{"@type":"ImageObject","inLanguage":"ro-RO","@id":"https:\/\/xstyle.md\/product\/shljapa-scippis-summerhat-madura\/#primaryimage","url":"https:\/\/xstyle.md\/wp-content\/uploads\/2021\/05\/scippis-summerhat-madura.jpg","contentUrl":"https:\/\/xstyle.md\/wp-content\/uploads\/2021\/05\/scippis-summerhat-madura.jpg","width":800,"height":800,"caption":"\u041b\u0435\u0442\u0430\u044f \u0448\u043b\u044f\u043f\u0430 Scippis Summerhat Madura \u0434\u043b\u044f \u0430\u043a\u0442\u0438\u0432\u043d\u043e\u0433\u043e \u043e\u0442\u0434\u044b\u0445\u0430, \u043f\u0443\u0442\u0435\u0448\u0435\u0441\u0442\u0432\u0438\u0439, \u043f\u043e\u0445\u043e\u0434\u043e\u0432 \u0438 \u0430\u043b\u044c\u043f\u0438\u043d\u0438\u0437\u043c\u0430 \u2014 \u0441\u0442\u0438\u043b\u044c\u043d\u0430\u044f \u043b\u0435\u0442\u043d\u044f\u044f \u0448\u043b\u044f\u043f\u0430 \u0434\u043b\u044f \u0442\u0443\u0440\u0438\u0441\u0442\u043e\u0432 \u0438 \u043b\u044e\u0431\u0438\u0442\u0435\u043b\u0435\u0439 outdoor \u0430\u043a\u0442\u0438\u0432\u043d\u043e\u0441\u0442\u0435\u0439 \u0432 \u0438\u043d\u0442\u0435\u0440\u043d\u0435\u0442-\u043c\u0430\u0433\u0430\u0437\u0438\u043d\u0435"},{"@type":"BreadcrumbList","@id":"https:\/\/xstyle.md\/product\/shljapa-scippis-summerhat-madura\/#breadcrumb","itemListElement":[{"@type":"ListItem","position":1,"name":"\u0413\u043b\u0430\u0432\u043d\u0430\u044f \u0441\u0442\u0440\u0430\u043d\u0438\u0446\u0430","item":"https:\/\/xstyle.md\/"},{"@type":"ListItem","position":2,"name":"\u041c\u0430\u0433\u0430\u0437\u0438\u043d","item":"https:\/\/xstyle.md\/shop\/"},{"@type":"ListItem","position":3,"name":"\u0428\u043b\u044f\u043f\u0430 Scippis Summerhat Madura"}]},{"@type":"WebSite","@id":"https:\/\/xstyle.md\/#website","url":"https:\/\/xstyle.md\/","name":"Magazinul X-Style","description":"Echipamente pentru turism \u0219i sporturi extreme \u00een Moldova. Pre\u021buri, fotografii, caracteristici \u00een Moldova.","publisher":{"@id":"https:\/\/xstyle.md\/#organization"},"alternateName":"X-Style","potentialAction":[{"@type":"SearchAction","target":{"@type":"EntryPoint","urlTemplate":"https:\/\/xstyle.md\/?s={search_term_string}"},"query-input":{"@type":"PropertyValueSpecification","valueRequired":true,"valueName":"search_term_string"}}],"inLanguage":"ro-RO"},{"@type":"Organization","@id":"https:\/\/xstyle.md\/#organization","name":"Magazinul X-Style","alternateName":"x-style","url":"https:\/\/xstyle.md\/","logo":{"@type":"ImageObject","inLanguage":"ro-RO","@id":"https:\/\/xstyle.md\/#\/schema\/logo\/image\/","url":"https:\/\/xstyle.md\/wp-content\/uploads\/2020\/06\/logoicon.svg","contentUrl":"https:\/\/xstyle.md\/wp-content\/uploads\/2020\/06\/logoicon.svg","caption":"\u041c\u0430\u0433\u0430\u0437\u0438\u043d Xstyle"},"image":{"@id":"https:\/\/xstyle.md\/#\/schema\/logo\/image\/"},"sameAs":["https:\/\/www.facebook.com\/xstylemd","https:\/\/www.instagram.com\/xstyle_md\/","https:\/\/t.me\/xstyle_outdoor"],"hasMerchantReturnPolicy":{"@type":"MerchantReturnPolicy","merchantReturnLink":"https:\/\/xstyle.md\/ro\/conditions\/"}}]},"product_price_amount":"480.00","product_price_currency":"MDL","og_availability":"instock","product_availability":"instock","product_retailer_item_id":"4250533617855","product_condition":"new"},"post_mailing_queue_ids":[],"_links":{"self":[{"href":"https:\/\/xstyle.md\/ro\/wp-json\/wp\/v2\/product\/34887","targetHints":{"allow":["GET"]}}],"collection":[{"href":"https:\/\/xstyle.md\/ro\/wp-json\/wp\/v2\/product"}],"about":[{"href":"https:\/\/xstyle.md\/ro\/wp-json\/wp\/v2\/types\/product"}],"replies":[{"embeddable":true,"href":"https:\/\/xstyle.md\/ro\/wp-json\/wp\/v2\/comments?post=34887"}],"wp:featuredmedia":[{"embeddable":true,"href":"https:\/\/xstyle.md\/ro\/wp-json\/wp\/v2\/media\/35733"}],"wp:attachment":[{"href":"https:\/\/xstyle.md\/ro\/wp-json\/wp\/v2\/media?parent=34887"}],"wp:term":[{"taxonomy":"product_brand","embeddable":true,"href":"https:\/\/xstyle.md\/ro\/wp-json\/wp\/v2\/product_brand?post=34887"},{"taxonomy":"product_cat","embeddable":true,"href":"https:\/\/xstyle.md\/ro\/wp-json\/wp\/v2\/product_cat?post=34887"},{"taxonomy":"product_tag","embeddable":true,"href":"https:\/\/xstyle.md\/ro\/wp-json\/wp\/v2\/product_tag?post=34887"}],"curies":[{"name":"wp","href":"https:\/\/api.w.org\/{rel}","templated":true}]}}