{"id":34830,"date":"2021-05-31T16:34:40","date_gmt":"2021-05-31T13:34:40","guid":{"rendered":"https:\/\/xstyle.md\/?post_type=product&#038;p=34830"},"modified":"2025-06-18T17:08:38","modified_gmt":"2025-06-18T14:08:38","slug":"sumka-osprey-daylite-duffel-30","status":"publish","type":"product","link":"https:\/\/xstyle.md\/ro\/produs\/sumka-osprey-daylite-duffel-30\/","title":{"rendered":"Geanta Osprey Daylite Duffel 30"},"content":{"rendered":"<\/p>\n<p><strong>Osprey Daylite Duffel 30<\/strong> &#8212; o geant\u0103 de zi cu zi convenabil\u0103 \u0219i func\u021bional\u0103, care poate fi luat\u0103 cu dvs. pe drum, la sala de sport, la birou \u0219i \u00een weekenduri la \u021bar\u0103. Geanta se transform\u0103 rapid \u00eentr-un rucsac cu un buzunar pentru sticla de ap\u0103, buzunare laterale u\u0219or accesibile \u0219i buzunare laterale cu fermoar. Fabricat\u0103 din materiale reciclate certificate GRS \u0219i \u021bes\u0103turi mainstream aprobate de bluesign\u00ae. geant\u0103 de c\u0103l\u0103torie.<\/p>\n<p>Principalul truc al gen\u021bii: trei op\u021biuni de transport &#8212; ca rucsac, pe um\u0103r sau \u00een m\u00e2ini. Fiecare alege op\u021biunea cea mai confortabil\u0103 pentru sine. Exist\u0103 un compartiment principal spa\u021bios, buzunare laterale cu fermoare \u0219i un carabinier pentru chei. Aceast\u0103 geant\u0103 transformer v\u0103 va surprinde zilnic cu func\u021bionalitatea \u0219i confortul s\u0103u.<\/p>\n<h3>Particularit\u0103\u021bi<\/h3>\n<ul>\n<li>Suport de cheie intern<\/li>\n<li>Fund moale<\/li>\n<li>Buzunar lateral cu fermoar<\/li>\n<li>M\u00e2ner de transport<\/li>\n<li>Buzunar extensibil din plas\u0103 pe lateral<\/li>\n<\/ul>\n<h3>Caracteristici<\/h3>\n<ul>\n<li>Greutate &#8212; 600 g<\/li>\n<li>Volum &#8212; 30 litri<\/li>\n<li>Dimensiuni &#8212; 50 x 33 x 24 cm<\/li>\n<li>Material &#8212; 300D reciclat Pet Packcloth reciclat<\/li>\n<li>Potrivit pentru bagajele de m\u00e2n\u0103<\/li>\n<li>Scop &#8212; c\u0103l\u0103torie, sal\u0103 de sport, deplasare<\/li>\n<li>Gen &#8212; unisex<\/li>\n<\/ul>\n<h3>Marca<\/h3>\n<p>Osprey este un produc\u0103tor american care produce rucsacuri moderne excelente pentru o varietate de sarcini, gen\u021bi \u0219i accesorii pentru drume\u021bii. Calitatea produselor marca Osprey se datoreaz\u0103 interesului \u0219i implic\u0103rii personale \u00een dezvoltarea \u0219i controlul proprietarului, Mike Pfotenhauer.<\/p>\n<p>Din 1974, c\u00e2nd a \u00eenregistrat compania, el a verificat fiecare element al rucsacurilor \u0219i al altor produse fabricate anatomic. Aceast\u0103 abordare este cea care a f\u0103cut ca \u00een c\u00e2\u021biva ani de la introducerea Osprey, marca s\u0103 primeasc\u0103 calificative de top din partea clien\u021bilor, prin cererea mare de produse.<\/p>\n<p>\u0218i chiar \u0219i acum, mai bine de 40 de ani mai t\u00e2rziu, Mike viziteaz\u0103 zilnic compania, verific\u00e2nd \u0219i ajust\u00e2nd toate procesele. Aceast\u0103 abordare a afacerii a dus la capacitatea de a oferi o garan\u021bie pe via\u021b\u0103 pentru produsele lor. Principalele caracteristici ale produselor Osprey sunt calitatea ridicat\u0103, tehnologia \u0219i inova\u021bia.<\/p>\n<p><\/p>","protected":false},"excerpt":{"rendered":"<p>Geanta Osprey Daylite Duffel 30<\/p>","protected":false},"featured_media":67595,"comment_status":"open","ping_status":"closed","template":"","meta":{"_acf_changed":false,"inline_featured_image":false},"product_brand":[1260],"product_cat":[126],"product_tag":[],"class_list":{"0":"post-34830","1":"product","2":"type-product","3":"status-publish","4":"has-post-thumbnail","6":"product_brand-osprey","7":"product_cat-travel-bags","9":"first","10":"instock","11":"shipping-taxable","12":"purchasable","13":"product-type-simple"},"acf":[],"yoast_head":"<!-- This site is optimized with the Yoast SEO plugin v27.2 - https:\/\/yoast.com\/product\/yoast-seo-wordpress\/ -->\n<title>\u0421\u0443\u043c\u043a\u0430 Osprey Daylite Duffel 30 - \u041c\u0430\u0433\u0430\u0437\u0438\u043d Xstyle<\/title>\n<meta name=\"description\" content=\"\u0421\u0443\u043c\u043a\u0430 Osprey Daylite Duffel 30 \u2014 \u0443\u0434\u043e\u0431\u043d\u044b\u0439 \u0438 \u0444\u0443\u043d\u043a\u0446\u0438\u043e\u043d\u0430\u043b\u044c\u043d\u044b\u0439 \u0430\u043a\u0441\u0435\u0441\u0441\u0443\u0430\u0440 \u0434\u043b\u044f \u0441\u043f\u043e\u0440\u0442\u0430 \u0438 \u043f\u0443\u0442\u0435\u0448\u0435\u0441\u0442\u0432\u0438\u0439. \u041b\u0435\u0433\u043a\u043e \u0442\u0440\u0430\u043d\u0441\u0444\u043e\u0440\u043c\u0438\u0440\u0443\u0435\u0442\u0441\u044f \u0432 \u0440\u044e\u043a\u0437\u0430\u043a, \u0438\u043c\u0435\u0435\u0442 \u043a\u0430\u0440\u043c\u0430\u043d\u044b \u0434\u043b\u044f \u0443\u0434\u043e\u0431\u0441\u0442\u0432\u0430.\" \/>\n<meta name=\"robots\" content=\"index, follow, max-snippet:-1, max-image-preview:large, max-video-preview:-1\" \/>\n<link rel=\"canonical\" href=\"https:\/\/xstyle.md\/ro\/produs\/sumka-osprey-daylite-duffel-30\/\" \/>\n<meta property=\"og:locale\" content=\"ro_RO\" \/>\n<meta property=\"og:type\" content=\"article\" \/>\n<meta property=\"og:title\" content=\"\u0421\u0443\u043c\u043a\u0430 Osprey Daylite Duffel 30 - \u041c\u0430\u0433\u0430\u0437\u0438\u043d Xstyle\" \/>\n<meta property=\"og:description\" content=\"\u0421\u0443\u043c\u043a\u0430 Osprey Daylite Duffel 30 \u2014 \u0443\u0434\u043e\u0431\u043d\u044b\u0439 \u0438 \u0444\u0443\u043d\u043a\u0446\u0438\u043e\u043d\u0430\u043b\u044c\u043d\u044b\u0439 \u0430\u043a\u0441\u0435\u0441\u0441\u0443\u0430\u0440 \u0434\u043b\u044f \u0441\u043f\u043e\u0440\u0442\u0430 \u0438 \u043f\u0443\u0442\u0435\u0448\u0435\u0441\u0442\u0432\u0438\u0439. \u041b\u0435\u0433\u043a\u043e \u0442\u0440\u0430\u043d\u0441\u0444\u043e\u0440\u043c\u0438\u0440\u0443\u0435\u0442\u0441\u044f \u0432 \u0440\u044e\u043a\u0437\u0430\u043a, \u0438\u043c\u0435\u0435\u0442 \u043a\u0430\u0440\u043c\u0430\u043d\u044b \u0434\u043b\u044f \u0443\u0434\u043e\u0431\u0441\u0442\u0432\u0430.\" \/>\n<meta property=\"og:url\" content=\"https:\/\/xstyle.md\/ro\/produs\/sumka-osprey-daylite-duffel-30\/\" \/>\n<meta property=\"og:site_name\" content=\"\u041c\u0430\u0433\u0430\u0437\u0438\u043d Xstyle\" \/>\n<meta property=\"article:publisher\" content=\"https:\/\/www.facebook.com\/xstylemd\" \/>\n<meta property=\"article:modified_time\" content=\"2025-06-18T14:08:38+00:00\" \/>\n<meta property=\"og:image\" content=\"https:\/\/xstyle.md\/wp-content\/uploads\/2021\/05\/osprey-daylite-duffel-30-black.jpg\" \/>\n\t<meta property=\"og:image:width\" content=\"1000\" \/>\n\t<meta property=\"og:image:height\" content=\"1000\" \/>\n\t<meta property=\"og:image:type\" content=\"image\/jpeg\" \/>\n<meta name=\"twitter:card\" content=\"summary_large_image\" \/>\n<meta name=\"twitter:label1\" content=\"Pre\u021b\" \/>\n\t<meta name=\"twitter:data1\" content=\"1.690&nbsp;MDL\" \/>\n\t<meta name=\"twitter:label2\" content=\"Disponibilitate\" \/>\n\t<meta name=\"twitter:data2\" content=\"\u00cen stoc\" \/>\n<script type=\"application\/ld+json\" class=\"yoast-schema-graph\">{\"@context\":\"https:\/\/schema.org\",\"@graph\":[{\"@type\":\"WebPage\",\"@id\":\"https:\/\/xstyle.md\/product\/sumka-osprey-daylite-duffel-30\/\",\"url\":\"https:\/\/xstyle.md\/product\/sumka-osprey-daylite-duffel-30\/\",\"name\":\"\u0421\u0443\u043c\u043a\u0430 Osprey Daylite Duffel 30 - \u041c\u0430\u0433\u0430\u0437\u0438\u043d Xstyle\",\"isPartOf\":{\"@id\":\"https:\/\/xstyle.md\/#website\"},\"primaryImageOfPage\":{\"@id\":\"https:\/\/xstyle.md\/product\/sumka-osprey-daylite-duffel-30\/#primaryimage\"},\"image\":{\"@id\":\"https:\/\/xstyle.md\/product\/sumka-osprey-daylite-duffel-30\/#primaryimage\"},\"thumbnailUrl\":\"https:\/\/xstyle.md\/wp-content\/uploads\/2021\/05\/osprey-daylite-duffel-30-black.jpg\",\"datePublished\":\"2021-05-31T13:34:40+00:00\",\"dateModified\":\"2025-06-18T14:08:38+00:00\",\"description\":\"\u0421\u0443\u043c\u043a\u0430 Osprey Daylite Duffel 30 \u2014 \u0443\u0434\u043e\u0431\u043d\u044b\u0439 \u0438 \u0444\u0443\u043d\u043a\u0446\u0438\u043e\u043d\u0430\u043b\u044c\u043d\u044b\u0439 \u0430\u043a\u0441\u0435\u0441\u0441\u0443\u0430\u0440 \u0434\u043b\u044f \u0441\u043f\u043e\u0440\u0442\u0430 \u0438 \u043f\u0443\u0442\u0435\u0448\u0435\u0441\u0442\u0432\u0438\u0439. \u041b\u0435\u0433\u043a\u043e \u0442\u0440\u0430\u043d\u0441\u0444\u043e\u0440\u043c\u0438\u0440\u0443\u0435\u0442\u0441\u044f \u0432 \u0440\u044e\u043a\u0437\u0430\u043a, \u0438\u043c\u0435\u0435\u0442 \u043a\u0430\u0440\u043c\u0430\u043d\u044b \u0434\u043b\u044f \u0443\u0434\u043e\u0431\u0441\u0442\u0432\u0430.\",\"breadcrumb\":{\"@id\":\"https:\/\/xstyle.md\/product\/sumka-osprey-daylite-duffel-30\/#breadcrumb\"},\"inLanguage\":\"ro-RO\",\"potentialAction\":[{\"@type\":\"ReadAction\",\"target\":[\"https:\/\/xstyle.md\/product\/sumka-osprey-daylite-duffel-30\/\"]}]},{\"@type\":\"ImageObject\",\"inLanguage\":\"ro-RO\",\"@id\":\"https:\/\/xstyle.md\/product\/sumka-osprey-daylite-duffel-30\/#primaryimage\",\"url\":\"https:\/\/xstyle.md\/wp-content\/uploads\/2021\/05\/osprey-daylite-duffel-30-black.jpg\",\"contentUrl\":\"https:\/\/xstyle.md\/wp-content\/uploads\/2021\/05\/osprey-daylite-duffel-30-black.jpg\",\"width\":1000,\"height\":1000,\"caption\":\"\u041f\u043e\u0440\u0442\u0430\u0442\u0438\u0432\u043d\u0430\u044f \u0441\u0443\u043c\u043a\u0430 Osprey Daylite Duffel 30 \u0434\u043b\u044f \u0430\u043a\u0442\u0438\u0432\u043d\u043e\u0433\u043e \u043e\u0442\u0434\u044b\u0445\u0430, \u043f\u0440\u043e\u0433\u0443\u043b\u043e\u043a, \u043f\u0443\u0442\u0435\u0448\u0435\u0441\u0442\u0432\u0438\u0439 \u0438 \u043f\u043e\u0445\u043e\u0434\u043e\u0432 \u0441 \u043b\u0435\u0433\u043a\u043e\u0439 \u0441\u043f\u043e\u0440\u0442\u0438\u0432\u043d\u043e\u0439 \u043e\u0431\u0443\u0432\u044c\u044e \u0438 \u043e\u0434\u0435\u0436\u0434\u043e\u0439 \u0434\u043b\u044f \u0445\u0430\u0439\u043a\u0438\u043d\u0433\u0430 \u0438 \u0430\u043b\u044c\u043f\u0438\u043d\u0438\u0437\u043c\u0430 \u0432 \u043e\u043d\u043b\u0430\u0439\u043d \u043c\u0430\u0433\u0430\u0437\u0438\u043d\u0435 \u0442\u043e\u0432\u0430\u0440\u043e\u0432 \u0434\u043b\u044f \u0430\u043a\u0442\u0438\u0432\u043d\u043e\u0439 \u0436\u0438\u0437\u043d\u0438\"},{\"@type\":\"BreadcrumbList\",\"@id\":\"https:\/\/xstyle.md\/product\/sumka-osprey-daylite-duffel-30\/#breadcrumb\",\"itemListElement\":[{\"@type\":\"ListItem\",\"position\":1,\"name\":\"\u0413\u043b\u0430\u0432\u043d\u0430\u044f \u0441\u0442\u0440\u0430\u043d\u0438\u0446\u0430\",\"item\":\"https:\/\/xstyle.md\/\"},{\"@type\":\"ListItem\",\"position\":2,\"name\":\"\u041c\u0430\u0433\u0430\u0437\u0438\u043d\",\"item\":\"https:\/\/xstyle.md\/shop\/\"},{\"@type\":\"ListItem\",\"position\":3,\"name\":\"\u0421\u0443\u043c\u043a\u0430 Osprey Daylite Duffel 30\"}]},{\"@type\":\"WebSite\",\"@id\":\"https:\/\/xstyle.md\/#website\",\"url\":\"https:\/\/xstyle.md\/\",\"name\":\"\u041c\u0430\u0433\u0430\u0437\u0438\u043d Xstyle\",\"description\":\"C\u043d\u0430\u0440\u044f\u0436\u0435\u043d\u0438\u0435 \u0434\u043b\u044f \u0442\u0443\u0440\u0438\u0437\u043c\u0430 \u0438 \u044d\u043a\u0441\u0442\u0440\u0435\u043c\u0430\u043b\u044c\u043d\u044b\u0445 \u0432\u0438\u0434\u043e\u0432 \u0441\u043f\u043e\u0440\u0442\u0430 \u0432 \u041c\u043e\u043b\u0434\u043e\u0432\u0435.. \u0426\u0435\u043d\u044b, \u0444\u043e\u0442\u043e, \u0445\u0430\u0440\u0430\u043a\u0442\u0435\u0440\u0438\u0441\u0442\u0438\u043a\u0438 \u0432 \u041c\u043e\u043b\u0434\u043e\u0432\u0435.\",\"publisher\":{\"@id\":\"https:\/\/xstyle.md\/#organization\"},\"alternateName\":\"X-Style\",\"potentialAction\":[{\"@type\":\"SearchAction\",\"target\":{\"@type\":\"EntryPoint\",\"urlTemplate\":\"https:\/\/xstyle.md\/?s={search_term_string}\"},\"query-input\":{\"@type\":\"PropertyValueSpecification\",\"valueRequired\":true,\"valueName\":\"search_term_string\"}}],\"inLanguage\":\"ro-RO\"},{\"@type\":\"Organization\",\"@id\":\"https:\/\/xstyle.md\/#organization\",\"name\":\"\u041c\u0430\u0433\u0430\u0437\u0438\u043d Xstyle\",\"alternateName\":\"x-style\",\"url\":\"https:\/\/xstyle.md\/\",\"logo\":{\"@type\":\"ImageObject\",\"inLanguage\":\"ro-RO\",\"@id\":\"https:\/\/xstyle.md\/#\/schema\/logo\/image\/\",\"url\":\"https:\/\/xstyle.md\/wp-content\/uploads\/2020\/06\/logoicon.svg\",\"contentUrl\":\"https:\/\/xstyle.md\/wp-content\/uploads\/2020\/06\/logoicon.svg\",\"caption\":\"\u041c\u0430\u0433\u0430\u0437\u0438\u043d Xstyle\"},\"image\":{\"@id\":\"https:\/\/xstyle.md\/#\/schema\/logo\/image\/\"},\"sameAs\":[\"https:\/\/www.facebook.com\/xstylemd\",\"https:\/\/www.instagram.com\/xstyle_md\/\",\"https:\/\/t.me\/xstyle_outdoor\"],\"hasMerchantReturnPolicy\":{\"@type\":\"MerchantReturnPolicy\",\"merchantReturnLink\":\"https:\/\/xstyle.md\/ro\/conditions\/\"}}]}<\/script>\n<meta property=\"product:price:amount\" content=\"1690.00\" \/>\n<meta property=\"product:price:currency\" content=\"MDL\" \/>\n<meta property=\"og:availability\" content=\"instock\" \/>\n<meta property=\"product:availability\" content=\"instock\" \/>\n<meta property=\"product:retailer_item_id\" content=\"843820102147\" \/>\n<meta property=\"product:condition\" content=\"new\" \/>\n<!-- \/ Yoast SEO plugin. -->","yoast_head_json":{"title":"Geanta Osprey Daylite Duffel 30 - Magazin Xstyle","description":"Geanta Osprey Daylite Duffel 30 \u2014 un accesoriu confortabil \u0219i func\u021bional pentru sport \u0219i c\u0103l\u0103torii. Se transform\u0103 u\u0219or \u00een rucsac \u0219i are buzunare pentru confort.","robots":{"index":"index","follow":"follow","max-snippet":"max-snippet:-1","max-image-preview":"max-image-preview:large","max-video-preview":"max-video-preview:-1"},"canonical":"https:\/\/xstyle.md\/ro\/produs\/sumka-osprey-daylite-duffel-30\/","og_locale":"ro_RO","og_type":"article","og_title":"\u0421\u0443\u043c\u043a\u0430 Osprey Daylite Duffel 30 - \u041c\u0430\u0433\u0430\u0437\u0438\u043d Xstyle","og_description":"\u0421\u0443\u043c\u043a\u0430 Osprey Daylite Duffel 30 \u2014 \u0443\u0434\u043e\u0431\u043d\u044b\u0439 \u0438 \u0444\u0443\u043d\u043a\u0446\u0438\u043e\u043d\u0430\u043b\u044c\u043d\u044b\u0439 \u0430\u043a\u0441\u0435\u0441\u0441\u0443\u0430\u0440 \u0434\u043b\u044f \u0441\u043f\u043e\u0440\u0442\u0430 \u0438 \u043f\u0443\u0442\u0435\u0448\u0435\u0441\u0442\u0432\u0438\u0439. \u041b\u0435\u0433\u043a\u043e \u0442\u0440\u0430\u043d\u0441\u0444\u043e\u0440\u043c\u0438\u0440\u0443\u0435\u0442\u0441\u044f \u0432 \u0440\u044e\u043a\u0437\u0430\u043a, \u0438\u043c\u0435\u0435\u0442 \u043a\u0430\u0440\u043c\u0430\u043d\u044b \u0434\u043b\u044f \u0443\u0434\u043e\u0431\u0441\u0442\u0432\u0430.","og_url":"https:\/\/xstyle.md\/ro\/produs\/sumka-osprey-daylite-duffel-30\/","og_site_name":"\u041c\u0430\u0433\u0430\u0437\u0438\u043d Xstyle","article_publisher":"https:\/\/www.facebook.com\/xstylemd","article_modified_time":"2025-06-18T14:08:38+00:00","og_image":[{"width":1000,"height":1000,"url":"https:\/\/xstyle.md\/wp-content\/uploads\/2021\/05\/osprey-daylite-duffel-30-black.jpg","type":"image\/jpeg"}],"twitter_card":"summary_large_image","twitter_misc":{"Pre\u021b":"1.690&nbsp;MDL","Disponibilitate":"\u00cen stoc"},"schema":{"@context":"https:\/\/schema.org","@graph":[{"@type":"WebPage","@id":"https:\/\/xstyle.md\/product\/sumka-osprey-daylite-duffel-30\/","url":"https:\/\/xstyle.md\/product\/sumka-osprey-daylite-duffel-30\/","name":"Geanta Osprey Daylite Duffel 30 - Magazin Xstyle","isPartOf":{"@id":"https:\/\/xstyle.md\/#website"},"primaryImageOfPage":{"@id":"https:\/\/xstyle.md\/product\/sumka-osprey-daylite-duffel-30\/#primaryimage"},"image":{"@id":"https:\/\/xstyle.md\/product\/sumka-osprey-daylite-duffel-30\/#primaryimage"},"thumbnailUrl":"https:\/\/xstyle.md\/wp-content\/uploads\/2021\/05\/osprey-daylite-duffel-30-black.jpg","datePublished":"2021-05-31T13:34:40+00:00","dateModified":"2025-06-18T14:08:38+00:00","description":"Geanta Osprey Daylite Duffel 30 \u2014 un accesoriu confortabil \u0219i func\u021bional pentru sport \u0219i c\u0103l\u0103torii. Se transform\u0103 u\u0219or \u00een rucsac \u0219i are buzunare pentru confort.","breadcrumb":{"@id":"https:\/\/xstyle.md\/product\/sumka-osprey-daylite-duffel-30\/#breadcrumb"},"inLanguage":"ro-RO","potentialAction":[{"@type":"ReadAction","target":["https:\/\/xstyle.md\/product\/sumka-osprey-daylite-duffel-30\/"]}]},{"@type":"ImageObject","inLanguage":"ro-RO","@id":"https:\/\/xstyle.md\/product\/sumka-osprey-daylite-duffel-30\/#primaryimage","url":"https:\/\/xstyle.md\/wp-content\/uploads\/2021\/05\/osprey-daylite-duffel-30-black.jpg","contentUrl":"https:\/\/xstyle.md\/wp-content\/uploads\/2021\/05\/osprey-daylite-duffel-30-black.jpg","width":1000,"height":1000,"caption":"\u041f\u043e\u0440\u0442\u0430\u0442\u0438\u0432\u043d\u0430\u044f \u0441\u0443\u043c\u043a\u0430 Osprey Daylite Duffel 30 \u0434\u043b\u044f \u0430\u043a\u0442\u0438\u0432\u043d\u043e\u0433\u043e \u043e\u0442\u0434\u044b\u0445\u0430, \u043f\u0440\u043e\u0433\u0443\u043b\u043e\u043a, \u043f\u0443\u0442\u0435\u0448\u0435\u0441\u0442\u0432\u0438\u0439 \u0438 \u043f\u043e\u0445\u043e\u0434\u043e\u0432 \u0441 \u043b\u0435\u0433\u043a\u043e\u0439 \u0441\u043f\u043e\u0440\u0442\u0438\u0432\u043d\u043e\u0439 \u043e\u0431\u0443\u0432\u044c\u044e \u0438 \u043e\u0434\u0435\u0436\u0434\u043e\u0439 \u0434\u043b\u044f \u0445\u0430\u0439\u043a\u0438\u043d\u0433\u0430 \u0438 \u0430\u043b\u044c\u043f\u0438\u043d\u0438\u0437\u043c\u0430 \u0432 \u043e\u043d\u043b\u0430\u0439\u043d \u043c\u0430\u0433\u0430\u0437\u0438\u043d\u0435 \u0442\u043e\u0432\u0430\u0440\u043e\u0432 \u0434\u043b\u044f \u0430\u043a\u0442\u0438\u0432\u043d\u043e\u0439 \u0436\u0438\u0437\u043d\u0438"},{"@type":"BreadcrumbList","@id":"https:\/\/xstyle.md\/product\/sumka-osprey-daylite-duffel-30\/#breadcrumb","itemListElement":[{"@type":"ListItem","position":1,"name":"\u0413\u043b\u0430\u0432\u043d\u0430\u044f \u0441\u0442\u0440\u0430\u043d\u0438\u0446\u0430","item":"https:\/\/xstyle.md\/"},{"@type":"ListItem","position":2,"name":"\u041c\u0430\u0433\u0430\u0437\u0438\u043d","item":"https:\/\/xstyle.md\/shop\/"},{"@type":"ListItem","position":3,"name":"\u0421\u0443\u043c\u043a\u0430 Osprey Daylite Duffel 30"}]},{"@type":"WebSite","@id":"https:\/\/xstyle.md\/#website","url":"https:\/\/xstyle.md\/","name":"Magazinul X-Style","description":"Echipamente pentru turism \u0219i sporturi extreme \u00een Moldova. Pre\u021buri, fotografii, caracteristici \u00een Moldova.","publisher":{"@id":"https:\/\/xstyle.md\/#organization"},"alternateName":"X-Style","potentialAction":[{"@type":"SearchAction","target":{"@type":"EntryPoint","urlTemplate":"https:\/\/xstyle.md\/?s={search_term_string}"},"query-input":{"@type":"PropertyValueSpecification","valueRequired":true,"valueName":"search_term_string"}}],"inLanguage":"ro-RO"},{"@type":"Organization","@id":"https:\/\/xstyle.md\/#organization","name":"Magazinul X-Style","alternateName":"x-style","url":"https:\/\/xstyle.md\/","logo":{"@type":"ImageObject","inLanguage":"ro-RO","@id":"https:\/\/xstyle.md\/#\/schema\/logo\/image\/","url":"https:\/\/xstyle.md\/wp-content\/uploads\/2020\/06\/logoicon.svg","contentUrl":"https:\/\/xstyle.md\/wp-content\/uploads\/2020\/06\/logoicon.svg","caption":"\u041c\u0430\u0433\u0430\u0437\u0438\u043d Xstyle"},"image":{"@id":"https:\/\/xstyle.md\/#\/schema\/logo\/image\/"},"sameAs":["https:\/\/www.facebook.com\/xstylemd","https:\/\/www.instagram.com\/xstyle_md\/","https:\/\/t.me\/xstyle_outdoor"],"hasMerchantReturnPolicy":{"@type":"MerchantReturnPolicy","merchantReturnLink":"https:\/\/xstyle.md\/ro\/conditions\/"}}]},"product_price_amount":"1690.00","product_price_currency":"MDL","og_availability":"instock","product_availability":"instock","product_retailer_item_id":"843820102147","product_condition":"new"},"post_mailing_queue_ids":[],"_links":{"self":[{"href":"https:\/\/xstyle.md\/ro\/wp-json\/wp\/v2\/product\/34830","targetHints":{"allow":["GET"]}}],"collection":[{"href":"https:\/\/xstyle.md\/ro\/wp-json\/wp\/v2\/product"}],"about":[{"href":"https:\/\/xstyle.md\/ro\/wp-json\/wp\/v2\/types\/product"}],"replies":[{"embeddable":true,"href":"https:\/\/xstyle.md\/ro\/wp-json\/wp\/v2\/comments?post=34830"}],"wp:featuredmedia":[{"embeddable":true,"href":"https:\/\/xstyle.md\/ro\/wp-json\/wp\/v2\/media\/67595"}],"wp:attachment":[{"href":"https:\/\/xstyle.md\/ro\/wp-json\/wp\/v2\/media?parent=34830"}],"wp:term":[{"taxonomy":"product_brand","embeddable":true,"href":"https:\/\/xstyle.md\/ro\/wp-json\/wp\/v2\/product_brand?post=34830"},{"taxonomy":"product_cat","embeddable":true,"href":"https:\/\/xstyle.md\/ro\/wp-json\/wp\/v2\/product_cat?post=34830"},{"taxonomy":"product_tag","embeddable":true,"href":"https:\/\/xstyle.md\/ro\/wp-json\/wp\/v2\/product_tag?post=34830"}],"curies":[{"name":"wp","href":"https:\/\/api.w.org\/{rel}","templated":true}]}}