{"id":34825,"date":"2021-05-31T16:34:39","date_gmt":"2021-05-31T13:34:39","guid":{"rendered":"https:\/\/xstyle.md\/?post_type=product&#038;p=34825"},"modified":"2024-10-21T09:33:43","modified_gmt":"2024-10-21T06:33:43","slug":"met-union-black","status":"publish","type":"product","link":"https:\/\/xstyle.md\/ro\/produs\/met-union-black\/","title":{"rendered":"M\u0103nu\u0219i Met Union Black"},"content":{"rendered":"<\/p>\n<p><strong>Met Union Black<\/strong> &#8212; m\u0103nu\u0219ile sunt concepute pentru ciclismul montan. M\u0103nu\u0219ile versatile pot fi luate cu dvs. \u00een orice plimbare. Acestea au o potrivire ergonomic\u0103 \u0219i cus\u0103turi de calitate care se potrivesc cu \u021bes\u0103turile tehnice din care este confec\u021bionat\u0103. Un adev\u0103rat confort \u00een timpul pedal\u0103rilor rapide. Plasa de pe construc\u021bia superioar\u0103 se \u00eentinde \u00een patru direc\u021bii. Aceast\u0103 elasticitate asigur\u0103 libertatea de mi\u0219care a m\u00e2inii dvs.<\/p>\n<h3>Particularit\u0103\u021bi<\/h3>\n<ul>\n<li>\u021aes\u0103tura superioar\u0103 din plas\u0103 se \u00eentinde pe 4 laturi<\/li>\n<li>Design respirabil<\/li>\n<li>Man\u0219et\u0103 sub\u021bire din neopren pentru confort maxim<\/li>\n<li>Palm\u0103 ventilat\u0103 dintr-o singur\u0103 bucat\u0103<\/li>\n<li>\u021aes\u0103tur\u0103 ranforsat\u0103 \u00eentre degetul mare \u0219i ar\u0103t\u0103tor pentru o rezisten\u021b\u0103 suplimentar\u0103<\/li>\n<li>M\u00e2nere de silicon pe degete pentru o aderen\u021b\u0103 sporit\u0103<\/li>\n<li>Func\u021bionare cu ecran tactil<\/li>\n<li>M\u0103nu\u0219\u0103 durabil\u0103 pentru rigorile ciclismului montan<\/li>\n<\/ul>\n<h3>Caracteristici<\/h3>\n<ul>\n<li>Material &#8212; 82% poliester, 13% elastan, 5% cloropren<\/li>\n<li>Tip &#8212; v\u00e2rf lung<\/li>\n<li>Sezon \u2014 var\u0103<\/li>\n<li>Model \u2014 unisex<\/li>\n<\/ul>\n<p><\/p>\n<h3>Marca<\/h3>\n<p>MET - este un produc\u0103tor de c\u0103\u0219ti de protec\u021bie originar din Italia. Pentru c\u0103 italienii nu au doar un sim\u021b \u00eenn\u0103scut al stilului, ci \u0219i o dragoste pentru biciclete, reu\u0219esc s\u0103 creeze c\u0103\u0219ti care sunt at\u00e2t elegante, c\u00e2t \u0219i robuste \u0219i confortabile.<\/p>\n<p>Fiecare casc\u0103 MET exprim\u0103 un stil unic care reune\u0219te o istorie lung\u0103 \u0219i bogat\u0103 a designului italian. Liniile clare \u0219i expresive, formele compacte \u0219i armonioase \u0219i mai ales culorile luminoase ale produselor MET sunt exemple clasice ale acestei bogate tradi\u021bii.<\/p>\n<p>C\u0103\u0219tile MET sunt mai mult dec\u00e2t o simpl\u0103 protec\u021bie, ele nu sunt doar unice prin stilul lor excep\u021bional, ci \u0219i de \u00eenalt\u0103 tehnologie. Cu inova\u021bii introduse \u00een fiecare an de inginerii MET, compania continu\u0103 s\u0103 men\u021bin\u0103 calitatea materialelor \u0219i a manoperei fiec\u0103rui model de casc\u0103 pe tot parcursul procesului de fabrica\u021bie. MET ofer\u0103 fiec\u0103rui ciclist o adev\u0103rat\u0103 experien\u021b\u0103 de ciclism.<\/p>","protected":false},"excerpt":{"rendered":"<p>M\u0103nu\u0219i Met Union Black<\/p>","protected":false},"featured_media":35893,"comment_status":"open","ping_status":"closed","template":"","meta":{"_acf_changed":false,"inline_featured_image":false},"product_brand":[1371],"product_cat":[886],"product_tag":[],"class_list":{"0":"post-34825","1":"product","2":"type-product","3":"status-publish","4":"has-post-thumbnail","6":"product_brand-met","7":"product_cat-manusi-de-ciclism","9":"first","10":"instock","11":"shipping-taxable","12":"purchasable","13":"product-type-simple"},"acf":[],"yoast_head":"<!-- This site is optimized with the Yoast SEO plugin v27.2 - https:\/\/yoast.com\/product\/yoast-seo-wordpress\/ -->\n<title>\u0412\u0435\u043b\u043e\u043f\u0435\u0440\u0447\u0430\u0442\u043a\u0438 Met Union Black - \u041c\u0430\u0433\u0430\u0437\u0438\u043d Xstyle<\/title>\n<meta name=\"description\" content=\"\u0412\u0435\u043b\u043e\u043f\u0435\u0440\u0447\u0430\u0442\u043a\u0438 Met Union Black \u043f\u0440\u0435\u0434\u043d\u0430\u0437\u043d\u0430\u0447\u0435\u043d\u044b \u0434\u043b\u044f \u043a\u043e\u043c\u0444\u043e\u0440\u0442\u043d\u043e\u0433\u043e \u043a\u0430\u0442\u0430\u043d\u0438\u044f \u043d\u0430 \u0433\u043e\u0440\u043d\u044b\u0445 \u0432\u0435\u043b\u043e\u0441\u0438\u043f\u0435\u0434\u0430\u0445. \u042d\u0440\u0433\u043e\u043d\u043e\u043c\u0438\u0447\u043d\u044b\u0439 \u0434\u0438\u0437\u0430\u0439\u043d \u0438 \u0434\u044b\u0448\u0430\u0449\u0438\u0435 \u043c\u0430\u0442\u0435\u0440\u0438\u0430\u043b\u044b \u0434\u043b\u044f \u0430\u043a\u0442\u0438\u0432\u043d\u044b\u0445 \u043f\u043e\u0435\u0437\u0434\u043e\u043a.\" \/>\n<meta name=\"robots\" content=\"index, follow, max-snippet:-1, max-image-preview:large, max-video-preview:-1\" \/>\n<link rel=\"canonical\" href=\"https:\/\/xstyle.md\/ro\/produs\/met-union-black\/\" \/>\n<meta property=\"og:locale\" content=\"ro_RO\" \/>\n<meta property=\"og:type\" content=\"article\" \/>\n<meta property=\"og:title\" content=\"\u0412\u0435\u043b\u043e\u043f\u0435\u0440\u0447\u0430\u0442\u043a\u0438 Met Union Black - \u041c\u0430\u0433\u0430\u0437\u0438\u043d Xstyle\" \/>\n<meta property=\"og:description\" content=\"\u0412\u0435\u043b\u043e\u043f\u0435\u0440\u0447\u0430\u0442\u043a\u0438 Met Union Black \u043f\u0440\u0435\u0434\u043d\u0430\u0437\u043d\u0430\u0447\u0435\u043d\u044b \u0434\u043b\u044f \u043a\u043e\u043c\u0444\u043e\u0440\u0442\u043d\u043e\u0433\u043e \u043a\u0430\u0442\u0430\u043d\u0438\u044f \u043d\u0430 \u0433\u043e\u0440\u043d\u044b\u0445 \u0432\u0435\u043b\u043e\u0441\u0438\u043f\u0435\u0434\u0430\u0445. \u042d\u0440\u0433\u043e\u043d\u043e\u043c\u0438\u0447\u043d\u044b\u0439 \u0434\u0438\u0437\u0430\u0439\u043d \u0438 \u0434\u044b\u0448\u0430\u0449\u0438\u0435 \u043c\u0430\u0442\u0435\u0440\u0438\u0430\u043b\u044b \u0434\u043b\u044f \u0430\u043a\u0442\u0438\u0432\u043d\u044b\u0445 \u043f\u043e\u0435\u0437\u0434\u043e\u043a.\" \/>\n<meta property=\"og:url\" content=\"https:\/\/xstyle.md\/ro\/produs\/met-union-black\/\" \/>\n<meta property=\"og:site_name\" content=\"\u041c\u0430\u0433\u0430\u0437\u0438\u043d Xstyle\" \/>\n<meta property=\"article:publisher\" content=\"https:\/\/www.facebook.com\/xstylemd\" \/>\n<meta property=\"article:modified_time\" content=\"2024-10-21T06:33:43+00:00\" \/>\n<meta property=\"og:image\" content=\"https:\/\/xstyle.md\/wp-content\/uploads\/2021\/05\/met-union-black.jpg\" \/>\n\t<meta property=\"og:image:width\" content=\"1200\" \/>\n\t<meta property=\"og:image:height\" content=\"780\" \/>\n\t<meta property=\"og:image:type\" content=\"image\/jpeg\" \/>\n<meta name=\"twitter:card\" content=\"summary_large_image\" \/>\n<meta name=\"twitter:label1\" content=\"Pre\u021b\" \/>\n\t<meta name=\"twitter:data1\" content=\"595&nbsp;MDL\" \/>\n\t<meta name=\"twitter:label2\" content=\"Disponibilitate\" \/>\n\t<meta name=\"twitter:data2\" content=\"\u00cen stoc\" \/>\n<script type=\"application\/ld+json\" class=\"yoast-schema-graph\">{\"@context\":\"https:\/\/schema.org\",\"@graph\":[{\"@type\":\"WebPage\",\"@id\":\"https:\/\/xstyle.md\/product\/met-union-black\/\",\"url\":\"https:\/\/xstyle.md\/product\/met-union-black\/\",\"name\":\"\u0412\u0435\u043b\u043e\u043f\u0435\u0440\u0447\u0430\u0442\u043a\u0438 Met Union Black - \u041c\u0430\u0433\u0430\u0437\u0438\u043d Xstyle\",\"isPartOf\":{\"@id\":\"https:\/\/xstyle.md\/#website\"},\"primaryImageOfPage\":{\"@id\":\"https:\/\/xstyle.md\/product\/met-union-black\/#primaryimage\"},\"image\":{\"@id\":\"https:\/\/xstyle.md\/product\/met-union-black\/#primaryimage\"},\"thumbnailUrl\":\"https:\/\/xstyle.md\/wp-content\/uploads\/2021\/05\/met-union-black.jpg\",\"datePublished\":\"2021-05-31T13:34:39+00:00\",\"dateModified\":\"2024-10-21T06:33:43+00:00\",\"description\":\"\u0412\u0435\u043b\u043e\u043f\u0435\u0440\u0447\u0430\u0442\u043a\u0438 Met Union Black \u043f\u0440\u0435\u0434\u043d\u0430\u0437\u043d\u0430\u0447\u0435\u043d\u044b \u0434\u043b\u044f \u043a\u043e\u043c\u0444\u043e\u0440\u0442\u043d\u043e\u0433\u043e \u043a\u0430\u0442\u0430\u043d\u0438\u044f \u043d\u0430 \u0433\u043e\u0440\u043d\u044b\u0445 \u0432\u0435\u043b\u043e\u0441\u0438\u043f\u0435\u0434\u0430\u0445. \u042d\u0440\u0433\u043e\u043d\u043e\u043c\u0438\u0447\u043d\u044b\u0439 \u0434\u0438\u0437\u0430\u0439\u043d \u0438 \u0434\u044b\u0448\u0430\u0449\u0438\u0435 \u043c\u0430\u0442\u0435\u0440\u0438\u0430\u043b\u044b \u0434\u043b\u044f \u0430\u043a\u0442\u0438\u0432\u043d\u044b\u0445 \u043f\u043e\u0435\u0437\u0434\u043e\u043a.\",\"breadcrumb\":{\"@id\":\"https:\/\/xstyle.md\/product\/met-union-black\/#breadcrumb\"},\"inLanguage\":\"ro-RO\",\"potentialAction\":[{\"@type\":\"ReadAction\",\"target\":[\"https:\/\/xstyle.md\/product\/met-union-black\/\"]}]},{\"@type\":\"ImageObject\",\"inLanguage\":\"ro-RO\",\"@id\":\"https:\/\/xstyle.md\/product\/met-union-black\/#primaryimage\",\"url\":\"https:\/\/xstyle.md\/wp-content\/uploads\/2021\/05\/met-union-black.jpg\",\"contentUrl\":\"https:\/\/xstyle.md\/wp-content\/uploads\/2021\/05\/met-union-black.jpg\",\"width\":1200,\"height\":780,\"caption\":\"\u0412\u0435\u043b\u043e\u043f\u0435\u0440\u0447\u0430\u0442\u043a\u0438 Met Union Black \u0434\u043b\u044f \u0430\u043a\u0442\u0438\u0432\u043d\u043e\u0433\u043e \u043e\u0442\u0434\u044b\u0445\u0430, \u043f\u0443\u0442\u0435\u0448\u0435\u0441\u0442\u0432\u0438\u0439, \u0445\u0430\u0439\u043a\u0438\u043d\u0433\u0430, \u0430\u043b\u044c\u043f\u0438\u043d\u0438\u0437\u043c\u0430 \u0438 \u0441\u043f\u043e\u0440\u0442\u0438\u0432\u043d\u043e\u0439 \u043e\u0431\u0443\u0432\u0438 \u0438 \u043e\u0434\u0435\u0436\u0434\u044b \u0434\u043b\u044f \u043e\u043d\u043b\u0430\u0439\u043d-\u043c\u0430\u0433\u0430\u0437\u0438\u043d\u0430\"},{\"@type\":\"BreadcrumbList\",\"@id\":\"https:\/\/xstyle.md\/product\/met-union-black\/#breadcrumb\",\"itemListElement\":[{\"@type\":\"ListItem\",\"position\":1,\"name\":\"\u0413\u043b\u0430\u0432\u043d\u0430\u044f \u0441\u0442\u0440\u0430\u043d\u0438\u0446\u0430\",\"item\":\"https:\/\/xstyle.md\/\"},{\"@type\":\"ListItem\",\"position\":2,\"name\":\"\u041c\u0430\u0433\u0430\u0437\u0438\u043d\",\"item\":\"https:\/\/xstyle.md\/shop\/\"},{\"@type\":\"ListItem\",\"position\":3,\"name\":\"\u0412\u0435\u043b\u043e\u043f\u0435\u0440\u0447\u0430\u0442\u043a\u0438 Met Union Black\"}]},{\"@type\":\"WebSite\",\"@id\":\"https:\/\/xstyle.md\/#website\",\"url\":\"https:\/\/xstyle.md\/\",\"name\":\"\u041c\u0430\u0433\u0430\u0437\u0438\u043d Xstyle\",\"description\":\"C\u043d\u0430\u0440\u044f\u0436\u0435\u043d\u0438\u0435 \u0434\u043b\u044f \u0442\u0443\u0440\u0438\u0437\u043c\u0430 \u0438 \u044d\u043a\u0441\u0442\u0440\u0435\u043c\u0430\u043b\u044c\u043d\u044b\u0445 \u0432\u0438\u0434\u043e\u0432 \u0441\u043f\u043e\u0440\u0442\u0430 \u0432 \u041c\u043e\u043b\u0434\u043e\u0432\u0435.. \u0426\u0435\u043d\u044b, \u0444\u043e\u0442\u043e, \u0445\u0430\u0440\u0430\u043a\u0442\u0435\u0440\u0438\u0441\u0442\u0438\u043a\u0438 \u0432 \u041c\u043e\u043b\u0434\u043e\u0432\u0435.\",\"publisher\":{\"@id\":\"https:\/\/xstyle.md\/#organization\"},\"alternateName\":\"X-Style\",\"potentialAction\":[{\"@type\":\"SearchAction\",\"target\":{\"@type\":\"EntryPoint\",\"urlTemplate\":\"https:\/\/xstyle.md\/?s={search_term_string}\"},\"query-input\":{\"@type\":\"PropertyValueSpecification\",\"valueRequired\":true,\"valueName\":\"search_term_string\"}}],\"inLanguage\":\"ro-RO\"},{\"@type\":\"Organization\",\"@id\":\"https:\/\/xstyle.md\/#organization\",\"name\":\"\u041c\u0430\u0433\u0430\u0437\u0438\u043d Xstyle\",\"alternateName\":\"x-style\",\"url\":\"https:\/\/xstyle.md\/\",\"logo\":{\"@type\":\"ImageObject\",\"inLanguage\":\"ro-RO\",\"@id\":\"https:\/\/xstyle.md\/#\/schema\/logo\/image\/\",\"url\":\"https:\/\/xstyle.md\/wp-content\/uploads\/2020\/06\/logoicon.svg\",\"contentUrl\":\"https:\/\/xstyle.md\/wp-content\/uploads\/2020\/06\/logoicon.svg\",\"caption\":\"\u041c\u0430\u0433\u0430\u0437\u0438\u043d Xstyle\"},\"image\":{\"@id\":\"https:\/\/xstyle.md\/#\/schema\/logo\/image\/\"},\"sameAs\":[\"https:\/\/www.facebook.com\/xstylemd\",\"https:\/\/www.instagram.com\/xstyle_md\/\",\"https:\/\/t.me\/xstyle_outdoor\"],\"hasMerchantReturnPolicy\":{\"@type\":\"MerchantReturnPolicy\",\"merchantReturnLink\":\"https:\/\/xstyle.md\/ro\/conditions\/\"}}]}<\/script>\n<meta property=\"product:price:amount\" content=\"595.00\" \/>\n<meta property=\"product:price:currency\" content=\"MDL\" \/>\n<meta property=\"og:availability\" content=\"instock\" \/>\n<meta property=\"product:availability\" content=\"instock\" \/>\n<meta property=\"product:retailer_item_id\" content=\"8015190272955\" \/>\n<meta property=\"product:condition\" content=\"new\" \/>\n<!-- \/ Yoast SEO plugin. -->","yoast_head_json":{"title":"M\u0103nu\u0219i Met Union Black - Magazin Xstyle","description":"M\u0103nu\u0219ile de biciclet\u0103 Met Union Black sunt concepute pentru o plimbare confortabil\u0103 cu biciclete montane. Designul ergonomic \u0219i materialele respirabile sunt ideale pentru excursii active.","robots":{"index":"index","follow":"follow","max-snippet":"max-snippet:-1","max-image-preview":"max-image-preview:large","max-video-preview":"max-video-preview:-1"},"canonical":"https:\/\/xstyle.md\/ro\/produs\/met-union-black\/","og_locale":"ro_RO","og_type":"article","og_title":"\u0412\u0435\u043b\u043e\u043f\u0435\u0440\u0447\u0430\u0442\u043a\u0438 Met Union Black - \u041c\u0430\u0433\u0430\u0437\u0438\u043d Xstyle","og_description":"\u0412\u0435\u043b\u043e\u043f\u0435\u0440\u0447\u0430\u0442\u043a\u0438 Met Union Black \u043f\u0440\u0435\u0434\u043d\u0430\u0437\u043d\u0430\u0447\u0435\u043d\u044b \u0434\u043b\u044f \u043a\u043e\u043c\u0444\u043e\u0440\u0442\u043d\u043e\u0433\u043e \u043a\u0430\u0442\u0430\u043d\u0438\u044f \u043d\u0430 \u0433\u043e\u0440\u043d\u044b\u0445 \u0432\u0435\u043b\u043e\u0441\u0438\u043f\u0435\u0434\u0430\u0445. \u042d\u0440\u0433\u043e\u043d\u043e\u043c\u0438\u0447\u043d\u044b\u0439 \u0434\u0438\u0437\u0430\u0439\u043d \u0438 \u0434\u044b\u0448\u0430\u0449\u0438\u0435 \u043c\u0430\u0442\u0435\u0440\u0438\u0430\u043b\u044b \u0434\u043b\u044f \u0430\u043a\u0442\u0438\u0432\u043d\u044b\u0445 \u043f\u043e\u0435\u0437\u0434\u043e\u043a.","og_url":"https:\/\/xstyle.md\/ro\/produs\/met-union-black\/","og_site_name":"\u041c\u0430\u0433\u0430\u0437\u0438\u043d Xstyle","article_publisher":"https:\/\/www.facebook.com\/xstylemd","article_modified_time":"2024-10-21T06:33:43+00:00","og_image":[{"width":1200,"height":780,"url":"https:\/\/xstyle.md\/wp-content\/uploads\/2021\/05\/met-union-black.jpg","type":"image\/jpeg"}],"twitter_card":"summary_large_image","twitter_misc":{"Pre\u021b":"595&nbsp;MDL","Disponibilitate":"\u00cen stoc"},"schema":{"@context":"https:\/\/schema.org","@graph":[{"@type":"WebPage","@id":"https:\/\/xstyle.md\/product\/met-union-black\/","url":"https:\/\/xstyle.md\/product\/met-union-black\/","name":"M\u0103nu\u0219i Met Union Black - Magazin Xstyle","isPartOf":{"@id":"https:\/\/xstyle.md\/#website"},"primaryImageOfPage":{"@id":"https:\/\/xstyle.md\/product\/met-union-black\/#primaryimage"},"image":{"@id":"https:\/\/xstyle.md\/product\/met-union-black\/#primaryimage"},"thumbnailUrl":"https:\/\/xstyle.md\/wp-content\/uploads\/2021\/05\/met-union-black.jpg","datePublished":"2021-05-31T13:34:39+00:00","dateModified":"2024-10-21T06:33:43+00:00","description":"M\u0103nu\u0219ile de biciclet\u0103 Met Union Black sunt concepute pentru o plimbare confortabil\u0103 cu biciclete montane. Designul ergonomic \u0219i materialele respirabile sunt ideale pentru excursii active.","breadcrumb":{"@id":"https:\/\/xstyle.md\/product\/met-union-black\/#breadcrumb"},"inLanguage":"ro-RO","potentialAction":[{"@type":"ReadAction","target":["https:\/\/xstyle.md\/product\/met-union-black\/"]}]},{"@type":"ImageObject","inLanguage":"ro-RO","@id":"https:\/\/xstyle.md\/product\/met-union-black\/#primaryimage","url":"https:\/\/xstyle.md\/wp-content\/uploads\/2021\/05\/met-union-black.jpg","contentUrl":"https:\/\/xstyle.md\/wp-content\/uploads\/2021\/05\/met-union-black.jpg","width":1200,"height":780,"caption":"\u0412\u0435\u043b\u043e\u043f\u0435\u0440\u0447\u0430\u0442\u043a\u0438 Met Union Black \u0434\u043b\u044f \u0430\u043a\u0442\u0438\u0432\u043d\u043e\u0433\u043e \u043e\u0442\u0434\u044b\u0445\u0430, \u043f\u0443\u0442\u0435\u0448\u0435\u0441\u0442\u0432\u0438\u0439, \u0445\u0430\u0439\u043a\u0438\u043d\u0433\u0430, \u0430\u043b\u044c\u043f\u0438\u043d\u0438\u0437\u043c\u0430 \u0438 \u0441\u043f\u043e\u0440\u0442\u0438\u0432\u043d\u043e\u0439 \u043e\u0431\u0443\u0432\u0438 \u0438 \u043e\u0434\u0435\u0436\u0434\u044b \u0434\u043b\u044f \u043e\u043d\u043b\u0430\u0439\u043d-\u043c\u0430\u0433\u0430\u0437\u0438\u043d\u0430"},{"@type":"BreadcrumbList","@id":"https:\/\/xstyle.md\/product\/met-union-black\/#breadcrumb","itemListElement":[{"@type":"ListItem","position":1,"name":"\u0413\u043b\u0430\u0432\u043d\u0430\u044f \u0441\u0442\u0440\u0430\u043d\u0438\u0446\u0430","item":"https:\/\/xstyle.md\/"},{"@type":"ListItem","position":2,"name":"\u041c\u0430\u0433\u0430\u0437\u0438\u043d","item":"https:\/\/xstyle.md\/shop\/"},{"@type":"ListItem","position":3,"name":"\u0412\u0435\u043b\u043e\u043f\u0435\u0440\u0447\u0430\u0442\u043a\u0438 Met Union Black"}]},{"@type":"WebSite","@id":"https:\/\/xstyle.md\/#website","url":"https:\/\/xstyle.md\/","name":"Magazinul X-Style","description":"Echipamente pentru turism \u0219i sporturi extreme \u00een Moldova. Pre\u021buri, fotografii, caracteristici \u00een Moldova.","publisher":{"@id":"https:\/\/xstyle.md\/#organization"},"alternateName":"X-Style","potentialAction":[{"@type":"SearchAction","target":{"@type":"EntryPoint","urlTemplate":"https:\/\/xstyle.md\/?s={search_term_string}"},"query-input":{"@type":"PropertyValueSpecification","valueRequired":true,"valueName":"search_term_string"}}],"inLanguage":"ro-RO"},{"@type":"Organization","@id":"https:\/\/xstyle.md\/#organization","name":"Magazinul X-Style","alternateName":"x-style","url":"https:\/\/xstyle.md\/","logo":{"@type":"ImageObject","inLanguage":"ro-RO","@id":"https:\/\/xstyle.md\/#\/schema\/logo\/image\/","url":"https:\/\/xstyle.md\/wp-content\/uploads\/2020\/06\/logoicon.svg","contentUrl":"https:\/\/xstyle.md\/wp-content\/uploads\/2020\/06\/logoicon.svg","caption":"\u041c\u0430\u0433\u0430\u0437\u0438\u043d Xstyle"},"image":{"@id":"https:\/\/xstyle.md\/#\/schema\/logo\/image\/"},"sameAs":["https:\/\/www.facebook.com\/xstylemd","https:\/\/www.instagram.com\/xstyle_md\/","https:\/\/t.me\/xstyle_outdoor"],"hasMerchantReturnPolicy":{"@type":"MerchantReturnPolicy","merchantReturnLink":"https:\/\/xstyle.md\/ro\/conditions\/"}}]},"product_price_amount":"595.00","product_price_currency":"MDL","og_availability":"instock","product_availability":"instock","product_retailer_item_id":"8015190272955","product_condition":"new"},"post_mailing_queue_ids":[],"_links":{"self":[{"href":"https:\/\/xstyle.md\/ro\/wp-json\/wp\/v2\/product\/34825","targetHints":{"allow":["GET"]}}],"collection":[{"href":"https:\/\/xstyle.md\/ro\/wp-json\/wp\/v2\/product"}],"about":[{"href":"https:\/\/xstyle.md\/ro\/wp-json\/wp\/v2\/types\/product"}],"replies":[{"embeddable":true,"href":"https:\/\/xstyle.md\/ro\/wp-json\/wp\/v2\/comments?post=34825"}],"wp:featuredmedia":[{"embeddable":true,"href":"https:\/\/xstyle.md\/ro\/wp-json\/wp\/v2\/media\/35893"}],"wp:attachment":[{"href":"https:\/\/xstyle.md\/ro\/wp-json\/wp\/v2\/media?parent=34825"}],"wp:term":[{"taxonomy":"product_brand","embeddable":true,"href":"https:\/\/xstyle.md\/ro\/wp-json\/wp\/v2\/product_brand?post=34825"},{"taxonomy":"product_cat","embeddable":true,"href":"https:\/\/xstyle.md\/ro\/wp-json\/wp\/v2\/product_cat?post=34825"},{"taxonomy":"product_tag","embeddable":true,"href":"https:\/\/xstyle.md\/ro\/wp-json\/wp\/v2\/product_tag?post=34825"}],"curies":[{"name":"wp","href":"https:\/\/api.w.org\/{rel}","templated":true}]}}