{"id":34797,"date":"2021-05-31T16:34:28","date_gmt":"2021-05-31T13:34:28","guid":{"rendered":"https:\/\/xstyle.md\/?post_type=product&#038;p=34797"},"modified":"2025-10-24T12:47:55","modified_gmt":"2025-10-24T09:47:55","slug":"noski-lorpen-x3rpfw","status":"publish","type":"product","link":"https:\/\/xstyle.md\/ro\/produs\/noski-lorpen-x3rpfw\/","title":{"rendered":"\u0218osete Lorpen X3RPFW berry"},"content":{"rendered":"<\/p>\n<p><strong>Lorpen X3RPFW <\/strong><span data-sheets-value=\"{&quot;1&quot;:2,&quot;2&quot;:&quot;\u041d\u043e\u0441\u043a\u0438 Lorpen X3RPF&quot;}\" data-sheets-userformat=\"{&quot;2&quot;:4995,&quot;3&quot;:{&quot;1&quot;:0},&quot;4&quot;:[null,2,14279154],&quot;10&quot;:2,&quot;11&quot;:0,&quot;12&quot;:0,&quot;15&quot;:&quot;Arial&quot;}\">\u2013 \u0219osete de alergare pentru femei cu o structur\u0103 T3 \u00een trei straturi, combinat\u0103 cu tehnologia unic\u0103 SLS. \u0218osete foarte rezistente \u0219i u\u0219oare, cu etan\u0219are, se potrivesc bine piciorului pe toat\u0103 lungimea \u0219osetei. Limba dubl\u0103 ajut\u0103 la protejarea piciorului de irita\u021bii. Construc\u021bia este adaptat\u0103 la anatomia piciorului feminin.\u00a0<\/span><\/p>\n<h3>Particularitati<\/h3>\n<ul>\n<li>Limb\u0103 dubl\u0103<\/li>\n<li>\u0218osetele se potrivesc perfect pe picior datorit\u0103 lycra elastic\u0103.<\/li>\n<li>Lega\u021bi cu tehnologia TriLayer (trei straturi)<\/li>\n<li>Stratul interior realizat din poliester Coolmax hidrofob Coolmax elimin\u0103 rapid umezeala de pe suprafa\u021ba piciorului.<\/li>\n<li>Stratul mijlociu realizat din fibre de eucalipt Tencel absoarbe bine umiditatea.<\/li>\n<li>C\u0103ptu\u0219eal\u0103 \u00een c\u0103lc\u00e2i \u0219i \u00een v\u00e2rf<\/li>\n<li>Protec\u021bie a gleznei \u0219i protec\u021bie \u00eempotriva b\u0103\u0219icilor datorit\u0103 unei structuri liniare continue care confer\u0103 \u0219osetei o potrivire perfect\u0103 pe picior<\/li>\n<li>Forma anatomic\u0103, universal\u0103 pentru piciorul st\u00e2ng \u0219i drept, asigur\u0103 durabilitate \u0219i protec\u021bie dubl\u0103<\/li>\n<li>Cus\u0103tura unic\u0103 \u0219i plat\u0103 a degetelor de la picioare nu se freac\u0103 de degetele de la picioare, pentru un plus de confort.<\/li>\n<\/ul>\n<h3>Caracteristici<\/h3>\n<ul>\n<li>Material &#8212; 48% nailon, 25% Coolmax, 17% Tencel, 10% Lycra<\/li>\n<li>Material principal &#8212; Coolmax<\/li>\n<li>Num\u0103r de straturi &#8212; trei straturi (T3)<\/li>\n<li>Scop &#8212; alergare\/sport<\/li>\n<li>Sezonul &#8212; prim\u0103var\u0103\/var\u0103\/toamn\u0103<\/li>\n<li>Grosime &#8212; 1\/4<\/li>\n<li>Model &#8212; femei.<\/li>\n<\/ul>\n<h3>Tehnologie<\/h3>\n<ul>\n<li><strong>Coolmax<\/strong> \u2013 fibra de poliester brevetat\u0103 de Invista, care nu are o sec\u021biune transversal\u0103 circular\u0103, ci este format\u0103 din patru canale care \u00eendep\u0103rteaz\u0103 \u00een mod eficient umezeala de piele. Coolmax este utilizat ca strat adiacent pielii pentru gestionarea ultra-eficient\u0103 a umidit\u0103\u021bii.<\/li>\n<li><strong>Tencel<\/strong> \u2013 fibr\u0103 de celuloz\u0103 de la Lenzing, ob\u021binut\u0103 din lemn de eucalipt cultivat \u00een ferme ecologice certificate. Fibrele ultrafine Tencel absorb complet umezeala, o elimin\u0103 \u0219i se usuc\u0103 rapid. Suprafa\u021ba materialului este foarte neted\u0103, moale \u0219i pl\u0103cut\u0103 la atingere. Tencel este utilizat ca strat intermediar \u00een linia de \u0219osete T3 de la Lorpen, deoarece activit\u0103\u021bile aerobice necesit\u0103 o gestionare ultra-eficient\u0103 a umidit\u0103\u021bii.<\/li>\n<li><strong>Tehnologia T3<\/strong> &#8212; tehnologie care utilizeaz\u0103 trei straturi de fibre cu propriet\u0103\u021bi diferite: stratul hidrofob de contact evacueaz\u0103 \u00een mod activ umezeala \u0219i men\u021bine pielea uscat\u0103; stratul hidrofil de mijloc absoarbe umezeala \u0219i o distribuie pe suprafa\u021b\u0103 pentru a accelera uscarea; stratul exterior rezistent la abraziune este fabricat din nailon, care protejeaz\u0103 zonele cele mai predispuse la abraziune.<\/li>\n<li><strong>Lycra sau elastan <\/strong>&#8212; fibre sintetice care se caracterizeaz\u0103 prin elasticitate \u0219i rezilien\u021b\u0103 excep\u021bionale. Con\u021binutul de Lycra al \u0219osetelor Lorpen este de obicei \u00eentre 5 \u0219i 10%. Acest lucru asigur\u0103 faptul c\u0103 \u0219osetele se potrivesc perfect la picior \u0219i nu alunec\u0103.<\/li>\n<li><strong>Nylon<\/strong> &#8212; un fir sintetic din fibre continue, caracterizat prin rezisten\u021b\u0103 la uzur\u0103 \u0219i propriet\u0103\u021bi de amortizare. Nailonul este utilizat \u00een stratul exterior al \u0219osetelor Lorpen, ceea ce le confer\u0103 o durat\u0103 de via\u021b\u0103 lung\u0103.<\/li>\n<\/ul>\n<h3>Marca<\/h3>\n<p>Lorpen este un cunoscut produc\u0103tor spaniol de \u0219osete sport de \u00eenalt\u0103 calitate, care se num\u0103r\u0103 printre cele mai populare pe pia\u021ba mondial\u0103 actual\u0103. Gama lor include modele de trekking, alergare, expedi\u021bie \u0219i schi, pentru a se potrivi tuturor gusturilor.<\/p>\n<p>Principalul obiectiv al Lorpen este de a crea cele mai avansate \u0219osete din punct de vedere tehnologic din lume. Odat\u0103 ce a\u021bi \u00eencercat \u0219osetele termice Lorpen, care func\u021bioneaz\u0103 toat\u0103 ziua, chiar \u0219i \u00een timpul efortului intens, ajut\u00e2nd la reglarea c\u0103ldurii \u0219i a nivelului de umiditate din picioare, nu ve\u021bi mai putea purta niciodat\u0103 \u0219osete obi\u0219nuite din bumbac.<\/p>\n<p><\/p>\n","protected":false},"excerpt":{"rendered":"<p>\u041d\u043e\u0441\u043a\u0438 Lorpen X3RPFW<\/p>","protected":false},"featured_media":35333,"comment_status":"open","ping_status":"closed","template":"","meta":{"_acf_changed":false,"inline_featured_image":false},"product_brand":[1293],"product_cat":[387],"product_tag":[],"class_list":{"0":"post-34797","1":"product","2":"type-product","3":"status-publish","4":"has-post-thumbnail","6":"product_brand-lorpen","7":"product_cat-multisport","9":"first","10":"instock","11":"shipping-taxable","12":"purchasable","13":"product-type-simple"},"acf":[],"yoast_head":"<!-- This site is optimized with the Yoast SEO plugin v27.4 - https:\/\/yoast.com\/product\/yoast-seo-wordpress\/ -->\n<title>\u041d\u043e\u0441\u043a\u0438 Lorpen X3RPFW berry - \u041c\u0430\u0433\u0430\u0437\u0438\u043d Xstyle<\/title>\n<meta name=\"description\" content=\"\u041d\u043e\u0441\u043a\u0438 Lorpen X3RPFW berry \u043e\u0431\u0435\u0441\u043f\u0435\u0447\u0438\u0432\u0430\u044e\u0442 \u043a\u043e\u043c\u0444\u043e\u0440\u0442 \u0438 \u043f\u043e\u0434\u0434\u0435\u0440\u0436\u043a\u0443 \u0431\u043b\u0430\u0433\u043e\u0434\u0430\u0440\u044f \u0442\u0440\u0435\u0445\u0441\u043b\u043e\u0439\u043d\u043e\u0439 \u0441\u0442\u0440\u0443\u043a\u0442\u0443\u0440\u0435 \u0438 \u0443\u043d\u0438\u043a\u0430\u043b\u044c\u043d\u043e\u0439 \u0442\u0435\u0445\u043d\u043e\u043b\u043e\u0433\u0438\u0438 SLS. \u0418\u0434\u0435\u0430\u043b\u044c\u043d\u043e \u043f\u043e\u0434\u0445\u043e\u0434\u044f\u0442 \u0434\u043b\u044f \u0430\u043a\u0442\u0438\u0432\u043d\u043e\u0433\u043e \u043e\u0442\u0434\u044b\u0445\u0430!\" \/>\n<meta name=\"robots\" content=\"index, follow, max-snippet:-1, max-image-preview:large, max-video-preview:-1\" \/>\n<link rel=\"canonical\" href=\"https:\/\/xstyle.md\/ro\/produs\/noski-lorpen-x3rpfw\/\" \/>\n<meta property=\"og:locale\" content=\"ro_RO\" \/>\n<meta property=\"og:type\" content=\"article\" \/>\n<meta property=\"og:title\" content=\"\u041d\u043e\u0441\u043a\u0438 Lorpen X3RPFW berry - \u041c\u0430\u0433\u0430\u0437\u0438\u043d Xstyle\" \/>\n<meta property=\"og:description\" content=\"\u041d\u043e\u0441\u043a\u0438 Lorpen X3RPFW berry \u043e\u0431\u0435\u0441\u043f\u0435\u0447\u0438\u0432\u0430\u044e\u0442 \u043a\u043e\u043c\u0444\u043e\u0440\u0442 \u0438 \u043f\u043e\u0434\u0434\u0435\u0440\u0436\u043a\u0443 \u0431\u043b\u0430\u0433\u043e\u0434\u0430\u0440\u044f \u0442\u0440\u0435\u0445\u0441\u043b\u043e\u0439\u043d\u043e\u0439 \u0441\u0442\u0440\u0443\u043a\u0442\u0443\u0440\u0435 \u0438 \u0443\u043d\u0438\u043a\u0430\u043b\u044c\u043d\u043e\u0439 \u0442\u0435\u0445\u043d\u043e\u043b\u043e\u0433\u0438\u0438 SLS. \u0418\u0434\u0435\u0430\u043b\u044c\u043d\u043e \u043f\u043e\u0434\u0445\u043e\u0434\u044f\u0442 \u0434\u043b\u044f \u0430\u043a\u0442\u0438\u0432\u043d\u043e\u0433\u043e \u043e\u0442\u0434\u044b\u0445\u0430!\" \/>\n<meta property=\"og:url\" content=\"https:\/\/xstyle.md\/ro\/produs\/noski-lorpen-x3rpfw\/\" \/>\n<meta property=\"og:site_name\" content=\"\u041c\u0430\u0433\u0430\u0437\u0438\u043d Xstyle\" \/>\n<meta property=\"article:publisher\" content=\"https:\/\/www.facebook.com\/xstylemd\" \/>\n<meta property=\"article:modified_time\" content=\"2025-10-24T09:47:55+00:00\" \/>\n<meta property=\"og:image\" content=\"https:\/\/xstyle.md\/wp-content\/uploads\/2021\/05\/lorpen-x3rpfw.jpg\" \/>\n\t<meta property=\"og:image:width\" content=\"800\" \/>\n\t<meta property=\"og:image:height\" content=\"800\" \/>\n\t<meta property=\"og:image:type\" content=\"image\/jpeg\" \/>\n<meta name=\"twitter:card\" content=\"summary_large_image\" \/>\n<meta name=\"twitter:label1\" content=\"Pre\u021b\" \/>\n\t<meta name=\"twitter:data1\" content=\"260&nbsp;MDL\" \/>\n\t<meta name=\"twitter:label2\" content=\"Disponibilitate\" \/>\n\t<meta name=\"twitter:data2\" content=\"\u00cen stoc\" \/>\n<script type=\"application\/ld+json\" class=\"yoast-schema-graph\">{\"@context\":\"https:\\\/\\\/schema.org\",\"@graph\":[{\"@type\":\"WebPage\",\"@id\":\"https:\\\/\\\/xstyle.md\\\/product\\\/noski-lorpen-x3rpfw\\\/\",\"url\":\"https:\\\/\\\/xstyle.md\\\/product\\\/noski-lorpen-x3rpfw\\\/\",\"name\":\"\u041d\u043e\u0441\u043a\u0438 Lorpen X3RPFW berry - \u041c\u0430\u0433\u0430\u0437\u0438\u043d Xstyle\",\"isPartOf\":{\"@id\":\"https:\\\/\\\/xstyle.md\\\/#website\"},\"primaryImageOfPage\":{\"@id\":\"https:\\\/\\\/xstyle.md\\\/product\\\/noski-lorpen-x3rpfw\\\/#primaryimage\"},\"image\":{\"@id\":\"https:\\\/\\\/xstyle.md\\\/product\\\/noski-lorpen-x3rpfw\\\/#primaryimage\"},\"thumbnailUrl\":\"https:\\\/\\\/xstyle.md\\\/wp-content\\\/uploads\\\/2021\\\/05\\\/lorpen-x3rpfw.jpg\",\"datePublished\":\"2021-05-31T13:34:28+00:00\",\"dateModified\":\"2025-10-24T09:47:55+00:00\",\"description\":\"\u041d\u043e\u0441\u043a\u0438 Lorpen X3RPFW berry \u043e\u0431\u0435\u0441\u043f\u0435\u0447\u0438\u0432\u0430\u044e\u0442 \u043a\u043e\u043c\u0444\u043e\u0440\u0442 \u0438 \u043f\u043e\u0434\u0434\u0435\u0440\u0436\u043a\u0443 \u0431\u043b\u0430\u0433\u043e\u0434\u0430\u0440\u044f \u0442\u0440\u0435\u0445\u0441\u043b\u043e\u0439\u043d\u043e\u0439 \u0441\u0442\u0440\u0443\u043a\u0442\u0443\u0440\u0435 \u0438 \u0443\u043d\u0438\u043a\u0430\u043b\u044c\u043d\u043e\u0439 \u0442\u0435\u0445\u043d\u043e\u043b\u043e\u0433\u0438\u0438 SLS. \u0418\u0434\u0435\u0430\u043b\u044c\u043d\u043e \u043f\u043e\u0434\u0445\u043e\u0434\u044f\u0442 \u0434\u043b\u044f \u0430\u043a\u0442\u0438\u0432\u043d\u043e\u0433\u043e \u043e\u0442\u0434\u044b\u0445\u0430!\",\"breadcrumb\":{\"@id\":\"https:\\\/\\\/xstyle.md\\\/product\\\/noski-lorpen-x3rpfw\\\/#breadcrumb\"},\"inLanguage\":\"ro-RO\",\"potentialAction\":[{\"@type\":\"ReadAction\",\"target\":[\"https:\\\/\\\/xstyle.md\\\/product\\\/noski-lorpen-x3rpfw\\\/\"]}]},{\"@type\":\"ImageObject\",\"inLanguage\":\"ro-RO\",\"@id\":\"https:\\\/\\\/xstyle.md\\\/product\\\/noski-lorpen-x3rpfw\\\/#primaryimage\",\"url\":\"https:\\\/\\\/xstyle.md\\\/wp-content\\\/uploads\\\/2021\\\/05\\\/lorpen-x3rpfw.jpg\",\"contentUrl\":\"https:\\\/\\\/xstyle.md\\\/wp-content\\\/uploads\\\/2021\\\/05\\\/lorpen-x3rpfw.jpg\",\"width\":800,\"height\":800,\"caption\":\"\u0422\u0435\u043f\u043b\u044b\u0435 \u043d\u043e\u0441\u043a\u0438 Lorpen X3RPFW \u0434\u043b\u044f \u0430\u043a\u0442\u0438\u0432\u043d\u043e\u0433\u043e \u043e\u0442\u0434\u044b\u0445\u0430, \u043f\u043e\u0445\u043e\u0434\u043e\u0432 \u0438 \u043f\u0443\u0442\u0435\u0448\u0435\u0441\u0442\u0432\u0438\u0439, \u044d\u043a\u0438\u043f\u0438\u0440\u043e\u0432\u043a\u0430 \u0434\u043b\u044f \u0433\u043e\u0440\u043d\u044b\u0445 \u043f\u043e\u0445\u043e\u0434\u043e\u0432 \u0438 \u0430\u043a\u0442\u0438\u0432\u043d\u043e\u0439 \u0436\u0438\u0437\u043d\u0438, \u043e\u0431\u0443\u0432\u044c \u0434\u043b\u044f \u0442\u0443\u0440\u0438\u0437\u043c\u0430 \u0438 \u0430\u043b\u044c\u043f\u0438\u043d\u0438\u0437\u043c\u0430\"},{\"@type\":\"BreadcrumbList\",\"@id\":\"https:\\\/\\\/xstyle.md\\\/product\\\/noski-lorpen-x3rpfw\\\/#breadcrumb\",\"itemListElement\":[{\"@type\":\"ListItem\",\"position\":1,\"name\":\"\u0413\u043b\u0430\u0432\u043d\u0430\u044f \u0441\u0442\u0440\u0430\u043d\u0438\u0446\u0430\",\"item\":\"https:\\\/\\\/xstyle.md\\\/\"},{\"@type\":\"ListItem\",\"position\":2,\"name\":\"\u041c\u0430\u0433\u0430\u0437\u0438\u043d\",\"item\":\"https:\\\/\\\/xstyle.md\\\/shop\\\/\"},{\"@type\":\"ListItem\",\"position\":3,\"name\":\"\u041d\u043e\u0441\u043a\u0438 Lorpen X3RPFW berry\"}]},{\"@type\":\"WebSite\",\"@id\":\"https:\\\/\\\/xstyle.md\\\/#website\",\"url\":\"https:\\\/\\\/xstyle.md\\\/\",\"name\":\"\u041c\u0430\u0433\u0430\u0437\u0438\u043d Xstyle\",\"description\":\"C\u043d\u0430\u0440\u044f\u0436\u0435\u043d\u0438\u0435 \u0434\u043b\u044f \u0442\u0443\u0440\u0438\u0437\u043c\u0430 \u0438 \u044d\u043a\u0441\u0442\u0440\u0435\u043c\u0430\u043b\u044c\u043d\u044b\u0445 \u0432\u0438\u0434\u043e\u0432 \u0441\u043f\u043e\u0440\u0442\u0430 \u0432 \u041c\u043e\u043b\u0434\u043e\u0432\u0435.. \u0426\u0435\u043d\u044b, \u0444\u043e\u0442\u043e, \u0445\u0430\u0440\u0430\u043a\u0442\u0435\u0440\u0438\u0441\u0442\u0438\u043a\u0438 \u0432 \u041c\u043e\u043b\u0434\u043e\u0432\u0435.\",\"publisher\":{\"@id\":\"https:\\\/\\\/xstyle.md\\\/#organization\"},\"alternateName\":\"X-Style\",\"potentialAction\":[{\"@type\":\"SearchAction\",\"target\":{\"@type\":\"EntryPoint\",\"urlTemplate\":\"https:\\\/\\\/xstyle.md\\\/?s={search_term_string}\"},\"query-input\":{\"@type\":\"PropertyValueSpecification\",\"valueRequired\":true,\"valueName\":\"search_term_string\"}}],\"inLanguage\":\"ro-RO\"},{\"@type\":\"Organization\",\"@id\":\"https:\\\/\\\/xstyle.md\\\/#organization\",\"name\":\"\u041c\u0430\u0433\u0430\u0437\u0438\u043d Xstyle\",\"alternateName\":\"x-style\",\"url\":\"https:\\\/\\\/xstyle.md\\\/\",\"logo\":{\"@type\":\"ImageObject\",\"inLanguage\":\"ro-RO\",\"@id\":\"https:\\\/\\\/xstyle.md\\\/#\\\/schema\\\/logo\\\/image\\\/\",\"url\":\"https:\\\/\\\/xstyle.md\\\/wp-content\\\/uploads\\\/2020\\\/06\\\/logoicon.svg\",\"contentUrl\":\"https:\\\/\\\/xstyle.md\\\/wp-content\\\/uploads\\\/2020\\\/06\\\/logoicon.svg\",\"caption\":\"\u041c\u0430\u0433\u0430\u0437\u0438\u043d Xstyle\"},\"image\":{\"@id\":\"https:\\\/\\\/xstyle.md\\\/#\\\/schema\\\/logo\\\/image\\\/\"},\"sameAs\":[\"https:\\\/\\\/www.facebook.com\\\/xstylemd\",\"https:\\\/\\\/www.instagram.com\\\/xstyle_md\\\/\",\"https:\\\/\\\/t.me\\\/xstyle_outdoor\"],\"hasMerchantReturnPolicy\":{\"@type\":\"MerchantReturnPolicy\",\"merchantReturnLink\":\"https:\\\/\\\/xstyle.md\\\/ro\\\/conditions\\\/\"}}]}<\/script>\n<meta property=\"product:price:amount\" content=\"260.00\" \/>\n<meta property=\"product:price:currency\" content=\"MDL\" \/>\n<meta property=\"og:availability\" content=\"instock\" \/>\n<meta property=\"product:availability\" content=\"instock\" \/>\n<meta property=\"product:retailer_item_id\" content=\"8445042423301\" \/>\n<meta property=\"product:condition\" content=\"new\" \/>\n<!-- \/ Yoast SEO plugin. -->","yoast_head_json":{"title":"\u0218osete Lorpen X3RPFW berry - Magazin Xstyle","description":"Sosetele Lorpen X3RPFW berry ofer\u0103 confort \u0219i suport datorit\u0103 structurii lor \u00een trei straturi \u0219i tehnologiei unice SLS. Sunt perfecte pentru activit\u0103\u021bi \u00een aer liber!","robots":{"index":"index","follow":"follow","max-snippet":"max-snippet:-1","max-image-preview":"max-image-preview:large","max-video-preview":"max-video-preview:-1"},"canonical":"https:\/\/xstyle.md\/ro\/produs\/noski-lorpen-x3rpfw\/","og_locale":"ro_RO","og_type":"article","og_title":"\u041d\u043e\u0441\u043a\u0438 Lorpen X3RPFW berry - \u041c\u0430\u0433\u0430\u0437\u0438\u043d Xstyle","og_description":"\u041d\u043e\u0441\u043a\u0438 Lorpen X3RPFW berry \u043e\u0431\u0435\u0441\u043f\u0435\u0447\u0438\u0432\u0430\u044e\u0442 \u043a\u043e\u043c\u0444\u043e\u0440\u0442 \u0438 \u043f\u043e\u0434\u0434\u0435\u0440\u0436\u043a\u0443 \u0431\u043b\u0430\u0433\u043e\u0434\u0430\u0440\u044f \u0442\u0440\u0435\u0445\u0441\u043b\u043e\u0439\u043d\u043e\u0439 \u0441\u0442\u0440\u0443\u043a\u0442\u0443\u0440\u0435 \u0438 \u0443\u043d\u0438\u043a\u0430\u043b\u044c\u043d\u043e\u0439 \u0442\u0435\u0445\u043d\u043e\u043b\u043e\u0433\u0438\u0438 SLS. \u0418\u0434\u0435\u0430\u043b\u044c\u043d\u043e \u043f\u043e\u0434\u0445\u043e\u0434\u044f\u0442 \u0434\u043b\u044f \u0430\u043a\u0442\u0438\u0432\u043d\u043e\u0433\u043e \u043e\u0442\u0434\u044b\u0445\u0430!","og_url":"https:\/\/xstyle.md\/ro\/produs\/noski-lorpen-x3rpfw\/","og_site_name":"\u041c\u0430\u0433\u0430\u0437\u0438\u043d Xstyle","article_publisher":"https:\/\/www.facebook.com\/xstylemd","article_modified_time":"2025-10-24T09:47:55+00:00","og_image":[{"width":800,"height":800,"url":"https:\/\/xstyle.md\/wp-content\/uploads\/2021\/05\/lorpen-x3rpfw.jpg","type":"image\/jpeg"}],"twitter_card":"summary_large_image","twitter_misc":{"Pre\u021b":"260&nbsp;MDL","Disponibilitate":"\u00cen stoc"},"schema":{"@context":"https:\/\/schema.org","@graph":[{"@type":"WebPage","@id":"https:\/\/xstyle.md\/product\/noski-lorpen-x3rpfw\/","url":"https:\/\/xstyle.md\/product\/noski-lorpen-x3rpfw\/","name":"\u0218osete Lorpen X3RPFW berry - Magazin Xstyle","isPartOf":{"@id":"https:\/\/xstyle.md\/#website"},"primaryImageOfPage":{"@id":"https:\/\/xstyle.md\/product\/noski-lorpen-x3rpfw\/#primaryimage"},"image":{"@id":"https:\/\/xstyle.md\/product\/noski-lorpen-x3rpfw\/#primaryimage"},"thumbnailUrl":"https:\/\/xstyle.md\/wp-content\/uploads\/2021\/05\/lorpen-x3rpfw.jpg","datePublished":"2021-05-31T13:34:28+00:00","dateModified":"2025-10-24T09:47:55+00:00","description":"Sosetele Lorpen X3RPFW berry ofer\u0103 confort \u0219i suport datorit\u0103 structurii lor \u00een trei straturi \u0219i tehnologiei unice SLS. Sunt perfecte pentru activit\u0103\u021bi \u00een aer liber!","breadcrumb":{"@id":"https:\/\/xstyle.md\/product\/noski-lorpen-x3rpfw\/#breadcrumb"},"inLanguage":"ro-RO","potentialAction":[{"@type":"ReadAction","target":["https:\/\/xstyle.md\/product\/noski-lorpen-x3rpfw\/"]}]},{"@type":"ImageObject","inLanguage":"ro-RO","@id":"https:\/\/xstyle.md\/product\/noski-lorpen-x3rpfw\/#primaryimage","url":"https:\/\/xstyle.md\/wp-content\/uploads\/2021\/05\/lorpen-x3rpfw.jpg","contentUrl":"https:\/\/xstyle.md\/wp-content\/uploads\/2021\/05\/lorpen-x3rpfw.jpg","width":800,"height":800,"caption":"\u0422\u0435\u043f\u043b\u044b\u0435 \u043d\u043e\u0441\u043a\u0438 Lorpen X3RPFW \u0434\u043b\u044f \u0430\u043a\u0442\u0438\u0432\u043d\u043e\u0433\u043e \u043e\u0442\u0434\u044b\u0445\u0430, \u043f\u043e\u0445\u043e\u0434\u043e\u0432 \u0438 \u043f\u0443\u0442\u0435\u0448\u0435\u0441\u0442\u0432\u0438\u0439, \u044d\u043a\u0438\u043f\u0438\u0440\u043e\u0432\u043a\u0430 \u0434\u043b\u044f \u0433\u043e\u0440\u043d\u044b\u0445 \u043f\u043e\u0445\u043e\u0434\u043e\u0432 \u0438 \u0430\u043a\u0442\u0438\u0432\u043d\u043e\u0439 \u0436\u0438\u0437\u043d\u0438, \u043e\u0431\u0443\u0432\u044c \u0434\u043b\u044f \u0442\u0443\u0440\u0438\u0437\u043c\u0430 \u0438 \u0430\u043b\u044c\u043f\u0438\u043d\u0438\u0437\u043c\u0430"},{"@type":"BreadcrumbList","@id":"https:\/\/xstyle.md\/product\/noski-lorpen-x3rpfw\/#breadcrumb","itemListElement":[{"@type":"ListItem","position":1,"name":"\u0413\u043b\u0430\u0432\u043d\u0430\u044f \u0441\u0442\u0440\u0430\u043d\u0438\u0446\u0430","item":"https:\/\/xstyle.md\/"},{"@type":"ListItem","position":2,"name":"\u041c\u0430\u0433\u0430\u0437\u0438\u043d","item":"https:\/\/xstyle.md\/shop\/"},{"@type":"ListItem","position":3,"name":"\u041d\u043e\u0441\u043a\u0438 Lorpen X3RPFW berry"}]},{"@type":"WebSite","@id":"https:\/\/xstyle.md\/#website","url":"https:\/\/xstyle.md\/","name":"Magazinul X-Style","description":"Echipamente pentru turism \u0219i sporturi extreme \u00een Moldova. Pre\u021buri, fotografii, caracteristici \u00een Moldova.","publisher":{"@id":"https:\/\/xstyle.md\/#organization"},"alternateName":"X-Style","potentialAction":[{"@type":"SearchAction","target":{"@type":"EntryPoint","urlTemplate":"https:\/\/xstyle.md\/?s={search_term_string}"},"query-input":{"@type":"PropertyValueSpecification","valueRequired":true,"valueName":"search_term_string"}}],"inLanguage":"ro-RO"},{"@type":"Organization","@id":"https:\/\/xstyle.md\/#organization","name":"Magazinul X-Style","alternateName":"x-style","url":"https:\/\/xstyle.md\/","logo":{"@type":"ImageObject","inLanguage":"ro-RO","@id":"https:\/\/xstyle.md\/#\/schema\/logo\/image\/","url":"https:\/\/xstyle.md\/wp-content\/uploads\/2020\/06\/logoicon.svg","contentUrl":"https:\/\/xstyle.md\/wp-content\/uploads\/2020\/06\/logoicon.svg","caption":"\u041c\u0430\u0433\u0430\u0437\u0438\u043d Xstyle"},"image":{"@id":"https:\/\/xstyle.md\/#\/schema\/logo\/image\/"},"sameAs":["https:\/\/www.facebook.com\/xstylemd","https:\/\/www.instagram.com\/xstyle_md\/","https:\/\/t.me\/xstyle_outdoor"],"hasMerchantReturnPolicy":{"@type":"MerchantReturnPolicy","merchantReturnLink":"https:\/\/xstyle.md\/ro\/conditions\/"}}]},"product_price_amount":"260.00","product_price_currency":"MDL","og_availability":"instock","product_availability":"instock","product_retailer_item_id":"8445042423301","product_condition":"new"},"_links":{"self":[{"href":"https:\/\/xstyle.md\/ro\/wp-json\/wp\/v2\/product\/34797","targetHints":{"allow":["GET"]}}],"collection":[{"href":"https:\/\/xstyle.md\/ro\/wp-json\/wp\/v2\/product"}],"about":[{"href":"https:\/\/xstyle.md\/ro\/wp-json\/wp\/v2\/types\/product"}],"replies":[{"embeddable":true,"href":"https:\/\/xstyle.md\/ro\/wp-json\/wp\/v2\/comments?post=34797"}],"wp:featuredmedia":[{"embeddable":true,"href":"https:\/\/xstyle.md\/ro\/wp-json\/wp\/v2\/media\/35333"}],"wp:attachment":[{"href":"https:\/\/xstyle.md\/ro\/wp-json\/wp\/v2\/media?parent=34797"}],"wp:term":[{"taxonomy":"product_brand","embeddable":true,"href":"https:\/\/xstyle.md\/ro\/wp-json\/wp\/v2\/product_brand?post=34797"},{"taxonomy":"product_cat","embeddable":true,"href":"https:\/\/xstyle.md\/ro\/wp-json\/wp\/v2\/product_cat?post=34797"},{"taxonomy":"product_tag","embeddable":true,"href":"https:\/\/xstyle.md\/ro\/wp-json\/wp\/v2\/product_tag?post=34797"}],"curies":[{"name":"wp","href":"https:\/\/api.w.org\/{rel}","templated":true}]}}