{"id":34787,"date":"2021-05-31T16:34:22","date_gmt":"2021-05-31T13:34:22","guid":{"rendered":"https:\/\/xstyle.md\/?post_type=product&#038;p=34787"},"modified":"2026-04-07T15:26:41","modified_gmt":"2026-04-07T12:26:41","slug":"sandalii-keen-clearwater-cnx-wmn-dark-red-coral","status":"publish","type":"product","link":"https:\/\/xstyle.md\/ro\/produs\/sandalii-keen-clearwater-cnx-wmn-dark-red-coral\/","title":{"rendered":"Sandale Keen Clearwater CNX Wmn dark red\/coral"},"content":{"rendered":"<\/p>\n<p><strong>Keen Clearwater CNX<\/strong>\u00a0&#8212; un model feminin de \u00eencredere combin\u0103 cu abilitate propriet\u0103\u021bile unei sandale u\u0219oare cu propriet\u0103\u021bile pantofilor durabili pentru drume\u021bie. O talp\u0103 plan\u0103 cu o talp\u0103 multidirec\u021bional\u0103 accentueaz\u0103 flexibilitatea natural\u0103 a piciorului \u0219i optimizeaz\u0103 trac\u021biunea.<\/p>\n<p>T\u0103ieturile speciale mici de pe talp\u0103 asigur\u0103 stabilitate pe suprafe\u021be netede. Inser\u021bii anatomice pentru sus\u021binerea arcului piciorului. Excelent pentru activit\u0103\u021bi \u00een aer liber, via\u021b\u0103 \u00een ora\u0219. Construc\u021bia asem\u0103n\u0103toare cu sandale asigur\u0103 o circula\u021bie optim\u0103 a aerului. \u00cen acela\u0219i timp, \u00eenc\u0103l\u021b\u0103mintea are o protec\u021bie practic\u0103 a degetelor.<\/p>\n<h3>Specificatii<\/h3>\n<ul>\n<li>Partea superioar\u0103: material lavabil din poliester, asigur\u0103 o cur\u0103\u021bare u\u0219oar\u0103 de murd\u0103rie.<\/li>\n<li>Materialele hidrofobe ofer\u0103 cea mai rapid\u0103 uscare a sandalelor.<\/li>\n<li>C\u0103ptu\u0219eal\u0103: plas\u0103 hidrofob\u0103 tratat\u0103 cu scut microbian AEGIS.<\/li>\n<li>Amortizarea piciorului, sprijinirea arcului piciorului, \u0219i o talp\u0103 anatomic\u0103 deta\u0219abil\u0103 &#8212; o garan\u021bie a confortului \u0219i a calit\u0103\u021bii.<\/li>\n<li>Talpa asigur\u0103 o trac\u021biune superioar\u0103. Protec\u021bia patentat\u0103 a zonei protejeaz\u0103 degetele de lovituri \u0219i r\u0103ni.<\/li>\n<li>Talp\u0103 anatomic\u0103 deta\u0219abil\u0103 pentru confort excep\u021bional.<\/li>\n<li>Tehnologia S3 &#8212; pentru un plus de protec\u021bie, sprijin \u0219i amortizare a zonei c\u0103lc\u00e2iului.<\/li>\n<li>Suportul ESS pentru stabilitatea torsiunii &#8212; elimin\u0103 r\u0103sucirea psandalelor.<\/li>\n<li>Datorit\u0103 \u021bes\u0103turii superioare impermeabile \u0219i a c\u0103ptu\u0219elii din plas\u0103 hidrofug\u0103, pute\u021bi traversa cu u\u0219urin\u021b\u0103 apa \u00een excursiile dvs.<\/li>\n<\/ul>\n<h3>Caracteristici<\/h3>\n<ul>\n<li>Exterior: sintetice.<\/li>\n<li>C\u0103ptu\u0219eal\u0103: nylon \u0219i plas\u0103 hidrofob\u0103.<\/li>\n<li>Protec\u021bie \u00een zona degetelor.<\/li>\n<li>Talp\u0103 modelat\u0103: EVA cu suport pentru picioare ofer\u0103 confort \u00een timpul mersului.<\/li>\n<li>Sistem de fixare rapid\u0103.<\/li>\n<li>Talp\u0103: cauciuc.<\/li>\n<li>Destina\u021bie: ora\u0219, trekking.<\/li>\n<li>Greutate: 214 gr.<\/li>\n<\/ul>\n<p><\/p>","protected":false},"excerpt":{"rendered":"<p>\u0421\u0430\u043d\u0434\u0430\u043b\u0438\u0438 \u0436\u0435\u043d\u0441\u043a\u0438\u0435 Keen Clearwater CNX dark red\/coral<\/p>","protected":false},"featured_media":35306,"comment_status":"open","ping_status":"closed","template":"","meta":{"_acf_changed":false,"inline_featured_image":false},"product_brand":[1335],"product_cat":[134],"product_tag":[],"class_list":{"0":"post-34787","1":"product","2":"type-product","3":"status-publish","4":"has-post-thumbnail","6":"product_brand-keen","7":"product_cat-summer-shoes","9":"first","10":"outofstock","11":"shipping-taxable","12":"product-type-simple"},"acf":[],"yoast_head":"<!-- This site is optimized with the Yoast SEO plugin v27.4 - https:\/\/yoast.com\/product\/yoast-seo-wordpress\/ -->\n<title>\u0421\u0430\u043d\u0434\u0430\u043b\u0438\u0438 Keen Clearwater CNX Wmn dark red\/coral - \u041c\u0430\u0433\u0430\u0437\u0438\u043d Xstyle<\/title>\n<meta name=\"description\" content=\"\u0421\u0430\u043d\u0434\u0430\u043b\u0438\u0438 Keen Clearwater CNX Wmn \u0432 \u0442\u0435\u043c\u043d\u043e-\u043a\u0440\u0430\u0441\u043d\u043e\u043c\/\u043a\u043e\u0440\u0430\u043b\u043b\u043e\u0432\u043e\u043c \u0446\u0432\u0435\u0442\u0435 \u0441\u043e\u0447\u0435\u0442\u0430\u0435\u0442 \u043b\u0435\u0433\u043a\u043e\u0441\u0442\u044c \u0438 \u0434\u043e\u043b\u0433\u043e\u0432\u0435\u0447\u043d\u043e\u0441\u0442\u044c, \u0438\u0434\u0435\u0430\u043b\u044c\u043d\u044b \u0434\u043b\u044f \u043f\u043e\u0445\u043e\u0434\u043e\u0432 \u0438 \u0433\u043e\u0440\u043e\u0434\u0441\u043a\u043e\u0439 \u0436\u0438\u0437\u043d\u0438.\" \/>\n<meta name=\"robots\" content=\"index, follow, max-snippet:-1, max-image-preview:large, max-video-preview:-1\" \/>\n<link rel=\"canonical\" href=\"https:\/\/xstyle.md\/ro\/produs\/sandalii-keen-clearwater-cnx-wmn-dark-red-coral\/\" \/>\n<meta property=\"og:locale\" content=\"ro_RO\" \/>\n<meta property=\"og:type\" content=\"article\" \/>\n<meta property=\"og:title\" content=\"\u0421\u0430\u043d\u0434\u0430\u043b\u0438\u0438 Keen Clearwater CNX Wmn dark red\/coral - \u041c\u0430\u0433\u0430\u0437\u0438\u043d Xstyle\" \/>\n<meta property=\"og:description\" content=\"\u0421\u0430\u043d\u0434\u0430\u043b\u0438\u0438 Keen Clearwater CNX Wmn \u0432 \u0442\u0435\u043c\u043d\u043e-\u043a\u0440\u0430\u0441\u043d\u043e\u043c\/\u043a\u043e\u0440\u0430\u043b\u043b\u043e\u0432\u043e\u043c \u0446\u0432\u0435\u0442\u0435 \u0441\u043e\u0447\u0435\u0442\u0430\u0435\u0442 \u043b\u0435\u0433\u043a\u043e\u0441\u0442\u044c \u0438 \u0434\u043e\u043b\u0433\u043e\u0432\u0435\u0447\u043d\u043e\u0441\u0442\u044c, \u0438\u0434\u0435\u0430\u043b\u044c\u043d\u044b \u0434\u043b\u044f \u043f\u043e\u0445\u043e\u0434\u043e\u0432 \u0438 \u0433\u043e\u0440\u043e\u0434\u0441\u043a\u043e\u0439 \u0436\u0438\u0437\u043d\u0438.\" \/>\n<meta property=\"og:url\" content=\"https:\/\/xstyle.md\/ro\/produs\/sandalii-keen-clearwater-cnx-wmn-dark-red-coral\/\" \/>\n<meta property=\"og:site_name\" content=\"\u041c\u0430\u0433\u0430\u0437\u0438\u043d Xstyle\" \/>\n<meta property=\"article:publisher\" content=\"https:\/\/www.facebook.com\/xstylemd\" \/>\n<meta property=\"article:modified_time\" content=\"2026-04-07T12:26:41+00:00\" \/>\n<meta property=\"og:image\" content=\"https:\/\/xstyle.md\/wp-content\/uploads\/2021\/05\/keen-clearwater-cnx-dark-red-coral.jpg\" \/>\n\t<meta property=\"og:image:width\" content=\"550\" \/>\n\t<meta property=\"og:image:height\" content=\"550\" \/>\n\t<meta property=\"og:image:type\" content=\"image\/jpeg\" \/>\n<meta name=\"twitter:card\" content=\"summary_large_image\" \/>\n<meta name=\"twitter:label1\" content=\"Pre\u021b\" \/>\n\t<meta name=\"twitter:data1\" content=\"2.100&nbsp;MDL\" \/>\n\t<meta name=\"twitter:label2\" content=\"Disponibilitate\" \/>\n\t<meta name=\"twitter:data2\" content=\"Stoc epuizat\" \/>\n<script type=\"application\/ld+json\" class=\"yoast-schema-graph\">{\"@context\":\"https:\\\/\\\/schema.org\",\"@graph\":[{\"@type\":\"WebPage\",\"@id\":\"https:\\\/\\\/xstyle.md\\\/product\\\/sandalii-keen-clearwater-cnx-wmn-dark-red-coral\\\/\",\"url\":\"https:\\\/\\\/xstyle.md\\\/product\\\/sandalii-keen-clearwater-cnx-wmn-dark-red-coral\\\/\",\"name\":\"\u0421\u0430\u043d\u0434\u0430\u043b\u0438\u0438 Keen Clearwater CNX Wmn dark red\\\/coral - \u041c\u0430\u0433\u0430\u0437\u0438\u043d Xstyle\",\"isPartOf\":{\"@id\":\"https:\\\/\\\/xstyle.md\\\/#website\"},\"primaryImageOfPage\":{\"@id\":\"https:\\\/\\\/xstyle.md\\\/product\\\/sandalii-keen-clearwater-cnx-wmn-dark-red-coral\\\/#primaryimage\"},\"image\":{\"@id\":\"https:\\\/\\\/xstyle.md\\\/product\\\/sandalii-keen-clearwater-cnx-wmn-dark-red-coral\\\/#primaryimage\"},\"thumbnailUrl\":\"https:\\\/\\\/xstyle.md\\\/wp-content\\\/uploads\\\/2021\\\/05\\\/keen-clearwater-cnx-dark-red-coral.jpg\",\"datePublished\":\"2021-05-31T13:34:22+00:00\",\"dateModified\":\"2026-04-07T12:26:41+00:00\",\"description\":\"\u0421\u0430\u043d\u0434\u0430\u043b\u0438\u0438 Keen Clearwater CNX Wmn \u0432 \u0442\u0435\u043c\u043d\u043e-\u043a\u0440\u0430\u0441\u043d\u043e\u043c\\\/\u043a\u043e\u0440\u0430\u043b\u043b\u043e\u0432\u043e\u043c \u0446\u0432\u0435\u0442\u0435 \u0441\u043e\u0447\u0435\u0442\u0430\u0435\u0442 \u043b\u0435\u0433\u043a\u043e\u0441\u0442\u044c \u0438 \u0434\u043e\u043b\u0433\u043e\u0432\u0435\u0447\u043d\u043e\u0441\u0442\u044c, \u0438\u0434\u0435\u0430\u043b\u044c\u043d\u044b \u0434\u043b\u044f \u043f\u043e\u0445\u043e\u0434\u043e\u0432 \u0438 \u0433\u043e\u0440\u043e\u0434\u0441\u043a\u043e\u0439 \u0436\u0438\u0437\u043d\u0438.\",\"breadcrumb\":{\"@id\":\"https:\\\/\\\/xstyle.md\\\/product\\\/sandalii-keen-clearwater-cnx-wmn-dark-red-coral\\\/#breadcrumb\"},\"inLanguage\":\"ro-RO\",\"potentialAction\":[{\"@type\":\"ReadAction\",\"target\":[\"https:\\\/\\\/xstyle.md\\\/product\\\/sandalii-keen-clearwater-cnx-wmn-dark-red-coral\\\/\"]}]},{\"@type\":\"ImageObject\",\"inLanguage\":\"ro-RO\",\"@id\":\"https:\\\/\\\/xstyle.md\\\/product\\\/sandalii-keen-clearwater-cnx-wmn-dark-red-coral\\\/#primaryimage\",\"url\":\"https:\\\/\\\/xstyle.md\\\/wp-content\\\/uploads\\\/2021\\\/05\\\/keen-clearwater-cnx-dark-red-coral.jpg\",\"contentUrl\":\"https:\\\/\\\/xstyle.md\\\/wp-content\\\/uploads\\\/2021\\\/05\\\/keen-clearwater-cnx-dark-red-coral.jpg\",\"width\":550,\"height\":550,\"caption\":\"\u0421\u0430\u043d\u0434\u0430\u043b\u0438\u0438 Keen Clearwater CNX Wmn \u0434\u043b\u044f \u0430\u043a\u0442\u0438\u0432\u043d\u043e\u0433\u043e \u043e\u0442\u0434\u044b\u0445\u0430, \u043e\u0431\u0443\u0432\u044c \u0434\u043b\u044f \u043f\u043e\u0445\u043e\u0434\u043e\u0432 \u0438 \u043f\u0443\u0442\u0435\u0448\u0435\u0441\u0442\u0432\u0438\u0439, \u043a\u043e\u0436\u0430 \u0442\u0435\u043c\u043d\u043e-\u043a\u0440\u0430\u0441\u043d\u043e\u0433\u043e \u0438 \u043a\u043e\u0440\u0430\u043b\u043b\u043e\u0432\u043e\u0433\u043e \u0446\u0432\u0435\u0442\u0430, \u0438\u0434\u0435\u0430\u043b\u044c\u043d\u044b \u0434\u043b\u044f \u0445\u0430\u0439\u043a\u0438\u043d\u0433\u0430 \u0438 \u0442\u0440\u0435\u043a\u043a\u0438\u043d\u0433\u0430 \u0432 \u043e\u043d\u043b\u0430\u0439\u043d \u043c\u0430\u0433\u0430\u0437\u0438\u043d\u0435 \u0442\u043e\u0432\u0430\u0440\u043e\u0432 \u0434\u043b\u044f \u0430\u043a\u0442\u0438\u0432\u043d\u043e\u0433\u043e \u043e\u0431\u0440\u0430\u0437\u0430 \u0436\u0438\u0437\u043d\u0438\"},{\"@type\":\"BreadcrumbList\",\"@id\":\"https:\\\/\\\/xstyle.md\\\/product\\\/sandalii-keen-clearwater-cnx-wmn-dark-red-coral\\\/#breadcrumb\",\"itemListElement\":[{\"@type\":\"ListItem\",\"position\":1,\"name\":\"\u0413\u043b\u0430\u0432\u043d\u0430\u044f \u0441\u0442\u0440\u0430\u043d\u0438\u0446\u0430\",\"item\":\"https:\\\/\\\/xstyle.md\\\/\"},{\"@type\":\"ListItem\",\"position\":2,\"name\":\"\u041c\u0430\u0433\u0430\u0437\u0438\u043d\",\"item\":\"https:\\\/\\\/xstyle.md\\\/shop\\\/\"},{\"@type\":\"ListItem\",\"position\":3,\"name\":\"\u0421\u0430\u043d\u0434\u0430\u043b\u0438\u0438 Keen Clearwater CNX Wmn dark red\\\/coral\"}]},{\"@type\":\"WebSite\",\"@id\":\"https:\\\/\\\/xstyle.md\\\/#website\",\"url\":\"https:\\\/\\\/xstyle.md\\\/\",\"name\":\"\u041c\u0430\u0433\u0430\u0437\u0438\u043d Xstyle\",\"description\":\"C\u043d\u0430\u0440\u044f\u0436\u0435\u043d\u0438\u0435 \u0434\u043b\u044f \u0442\u0443\u0440\u0438\u0437\u043c\u0430 \u0438 \u044d\u043a\u0441\u0442\u0440\u0435\u043c\u0430\u043b\u044c\u043d\u044b\u0445 \u0432\u0438\u0434\u043e\u0432 \u0441\u043f\u043e\u0440\u0442\u0430 \u0432 \u041c\u043e\u043b\u0434\u043e\u0432\u0435.. \u0426\u0435\u043d\u044b, \u0444\u043e\u0442\u043e, \u0445\u0430\u0440\u0430\u043a\u0442\u0435\u0440\u0438\u0441\u0442\u0438\u043a\u0438 \u0432 \u041c\u043e\u043b\u0434\u043e\u0432\u0435.\",\"publisher\":{\"@id\":\"https:\\\/\\\/xstyle.md\\\/#organization\"},\"alternateName\":\"X-Style\",\"potentialAction\":[{\"@type\":\"SearchAction\",\"target\":{\"@type\":\"EntryPoint\",\"urlTemplate\":\"https:\\\/\\\/xstyle.md\\\/?s={search_term_string}\"},\"query-input\":{\"@type\":\"PropertyValueSpecification\",\"valueRequired\":true,\"valueName\":\"search_term_string\"}}],\"inLanguage\":\"ro-RO\"},{\"@type\":\"Organization\",\"@id\":\"https:\\\/\\\/xstyle.md\\\/#organization\",\"name\":\"\u041c\u0430\u0433\u0430\u0437\u0438\u043d Xstyle\",\"alternateName\":\"x-style\",\"url\":\"https:\\\/\\\/xstyle.md\\\/\",\"logo\":{\"@type\":\"ImageObject\",\"inLanguage\":\"ro-RO\",\"@id\":\"https:\\\/\\\/xstyle.md\\\/#\\\/schema\\\/logo\\\/image\\\/\",\"url\":\"https:\\\/\\\/xstyle.md\\\/wp-content\\\/uploads\\\/2020\\\/06\\\/logoicon.svg\",\"contentUrl\":\"https:\\\/\\\/xstyle.md\\\/wp-content\\\/uploads\\\/2020\\\/06\\\/logoicon.svg\",\"caption\":\"\u041c\u0430\u0433\u0430\u0437\u0438\u043d Xstyle\"},\"image\":{\"@id\":\"https:\\\/\\\/xstyle.md\\\/#\\\/schema\\\/logo\\\/image\\\/\"},\"sameAs\":[\"https:\\\/\\\/www.facebook.com\\\/xstylemd\",\"https:\\\/\\\/www.instagram.com\\\/xstyle_md\\\/\",\"https:\\\/\\\/t.me\\\/xstyle_outdoor\"],\"hasMerchantReturnPolicy\":{\"@type\":\"MerchantReturnPolicy\",\"merchantReturnLink\":\"https:\\\/\\\/xstyle.md\\\/ro\\\/conditions\\\/\"}}]}<\/script>\n<meta property=\"product:price:amount\" content=\"2100.00\" \/>\n<meta property=\"product:price:currency\" content=\"MDL\" \/>\n<meta property=\"og:availability\" content=\"out of stock\" \/>\n<meta property=\"product:availability\" content=\"out of stock\" \/>\n<meta property=\"product:retailer_item_id\" content=\"191190520178\" \/>\n<meta property=\"product:condition\" content=\"new\" \/>\n<!-- \/ Yoast SEO plugin. -->","yoast_head_json":{"title":"Sandale pentru femei Keen Clearwater CNX Wmn dark red\/coral - Magazin Xstyle","description":"Sandalien Keen Clearwater CNX Wmn \u00een culoarea ro\u0219u \u00eenchis\/coral combin\u0103 u\u0219urin\u021ba \u0219i durabilitatea, fiind ideale pentru drume\u021bii \u0219i via\u021ba urban\u0103.","robots":{"index":"index","follow":"follow","max-snippet":"max-snippet:-1","max-image-preview":"max-image-preview:large","max-video-preview":"max-video-preview:-1"},"canonical":"https:\/\/xstyle.md\/ro\/produs\/sandalii-keen-clearwater-cnx-wmn-dark-red-coral\/","og_locale":"ro_RO","og_type":"article","og_title":"\u0421\u0430\u043d\u0434\u0430\u043b\u0438\u0438 Keen Clearwater CNX Wmn dark red\/coral - \u041c\u0430\u0433\u0430\u0437\u0438\u043d Xstyle","og_description":"\u0421\u0430\u043d\u0434\u0430\u043b\u0438\u0438 Keen Clearwater CNX Wmn \u0432 \u0442\u0435\u043c\u043d\u043e-\u043a\u0440\u0430\u0441\u043d\u043e\u043c\/\u043a\u043e\u0440\u0430\u043b\u043b\u043e\u0432\u043e\u043c \u0446\u0432\u0435\u0442\u0435 \u0441\u043e\u0447\u0435\u0442\u0430\u0435\u0442 \u043b\u0435\u0433\u043a\u043e\u0441\u0442\u044c \u0438 \u0434\u043e\u043b\u0433\u043e\u0432\u0435\u0447\u043d\u043e\u0441\u0442\u044c, \u0438\u0434\u0435\u0430\u043b\u044c\u043d\u044b \u0434\u043b\u044f \u043f\u043e\u0445\u043e\u0434\u043e\u0432 \u0438 \u0433\u043e\u0440\u043e\u0434\u0441\u043a\u043e\u0439 \u0436\u0438\u0437\u043d\u0438.","og_url":"https:\/\/xstyle.md\/ro\/produs\/sandalii-keen-clearwater-cnx-wmn-dark-red-coral\/","og_site_name":"\u041c\u0430\u0433\u0430\u0437\u0438\u043d Xstyle","article_publisher":"https:\/\/www.facebook.com\/xstylemd","article_modified_time":"2026-04-07T12:26:41+00:00","og_image":[{"width":550,"height":550,"url":"https:\/\/xstyle.md\/wp-content\/uploads\/2021\/05\/keen-clearwater-cnx-dark-red-coral.jpg","type":"image\/jpeg"}],"twitter_card":"summary_large_image","twitter_misc":{"Pre\u021b":"2.100&nbsp;MDL","Disponibilitate":"Stoc epuizat"},"schema":{"@context":"https:\/\/schema.org","@graph":[{"@type":"WebPage","@id":"https:\/\/xstyle.md\/product\/sandalii-keen-clearwater-cnx-wmn-dark-red-coral\/","url":"https:\/\/xstyle.md\/product\/sandalii-keen-clearwater-cnx-wmn-dark-red-coral\/","name":"Sandale pentru femei Keen Clearwater CNX Wmn dark red\/coral - Magazin Xstyle","isPartOf":{"@id":"https:\/\/xstyle.md\/#website"},"primaryImageOfPage":{"@id":"https:\/\/xstyle.md\/product\/sandalii-keen-clearwater-cnx-wmn-dark-red-coral\/#primaryimage"},"image":{"@id":"https:\/\/xstyle.md\/product\/sandalii-keen-clearwater-cnx-wmn-dark-red-coral\/#primaryimage"},"thumbnailUrl":"https:\/\/xstyle.md\/wp-content\/uploads\/2021\/05\/keen-clearwater-cnx-dark-red-coral.jpg","datePublished":"2021-05-31T13:34:22+00:00","dateModified":"2026-04-07T12:26:41+00:00","description":"Sandalien Keen Clearwater CNX Wmn \u00een culoarea ro\u0219u \u00eenchis\/coral combin\u0103 u\u0219urin\u021ba \u0219i durabilitatea, fiind ideale pentru drume\u021bii \u0219i via\u021ba urban\u0103.","breadcrumb":{"@id":"https:\/\/xstyle.md\/product\/sandalii-keen-clearwater-cnx-wmn-dark-red-coral\/#breadcrumb"},"inLanguage":"ro-RO","potentialAction":[{"@type":"ReadAction","target":["https:\/\/xstyle.md\/product\/sandalii-keen-clearwater-cnx-wmn-dark-red-coral\/"]}]},{"@type":"ImageObject","inLanguage":"ro-RO","@id":"https:\/\/xstyle.md\/product\/sandalii-keen-clearwater-cnx-wmn-dark-red-coral\/#primaryimage","url":"https:\/\/xstyle.md\/wp-content\/uploads\/2021\/05\/keen-clearwater-cnx-dark-red-coral.jpg","contentUrl":"https:\/\/xstyle.md\/wp-content\/uploads\/2021\/05\/keen-clearwater-cnx-dark-red-coral.jpg","width":550,"height":550,"caption":"\u0421\u0430\u043d\u0434\u0430\u043b\u0438\u0438 Keen Clearwater CNX Wmn \u0434\u043b\u044f \u0430\u043a\u0442\u0438\u0432\u043d\u043e\u0433\u043e \u043e\u0442\u0434\u044b\u0445\u0430, \u043e\u0431\u0443\u0432\u044c \u0434\u043b\u044f \u043f\u043e\u0445\u043e\u0434\u043e\u0432 \u0438 \u043f\u0443\u0442\u0435\u0448\u0435\u0441\u0442\u0432\u0438\u0439, \u043a\u043e\u0436\u0430 \u0442\u0435\u043c\u043d\u043e-\u043a\u0440\u0430\u0441\u043d\u043e\u0433\u043e \u0438 \u043a\u043e\u0440\u0430\u043b\u043b\u043e\u0432\u043e\u0433\u043e \u0446\u0432\u0435\u0442\u0430, \u0438\u0434\u0435\u0430\u043b\u044c\u043d\u044b \u0434\u043b\u044f \u0445\u0430\u0439\u043a\u0438\u043d\u0433\u0430 \u0438 \u0442\u0440\u0435\u043a\u043a\u0438\u043d\u0433\u0430 \u0432 \u043e\u043d\u043b\u0430\u0439\u043d \u043c\u0430\u0433\u0430\u0437\u0438\u043d\u0435 \u0442\u043e\u0432\u0430\u0440\u043e\u0432 \u0434\u043b\u044f \u0430\u043a\u0442\u0438\u0432\u043d\u043e\u0433\u043e \u043e\u0431\u0440\u0430\u0437\u0430 \u0436\u0438\u0437\u043d\u0438"},{"@type":"BreadcrumbList","@id":"https:\/\/xstyle.md\/product\/sandalii-keen-clearwater-cnx-wmn-dark-red-coral\/#breadcrumb","itemListElement":[{"@type":"ListItem","position":1,"name":"\u0413\u043b\u0430\u0432\u043d\u0430\u044f \u0441\u0442\u0440\u0430\u043d\u0438\u0446\u0430","item":"https:\/\/xstyle.md\/"},{"@type":"ListItem","position":2,"name":"\u041c\u0430\u0433\u0430\u0437\u0438\u043d","item":"https:\/\/xstyle.md\/shop\/"},{"@type":"ListItem","position":3,"name":"\u0421\u0430\u043d\u0434\u0430\u043b\u0438\u0438 Keen Clearwater CNX Wmn dark red\/coral"}]},{"@type":"WebSite","@id":"https:\/\/xstyle.md\/#website","url":"https:\/\/xstyle.md\/","name":"Magazinul X-Style","description":"Echipamente pentru turism \u0219i sporturi extreme \u00een Moldova. Pre\u021buri, fotografii, caracteristici \u00een Moldova.","publisher":{"@id":"https:\/\/xstyle.md\/#organization"},"alternateName":"X-Style","potentialAction":[{"@type":"SearchAction","target":{"@type":"EntryPoint","urlTemplate":"https:\/\/xstyle.md\/?s={search_term_string}"},"query-input":{"@type":"PropertyValueSpecification","valueRequired":true,"valueName":"search_term_string"}}],"inLanguage":"ro-RO"},{"@type":"Organization","@id":"https:\/\/xstyle.md\/#organization","name":"Magazinul X-Style","alternateName":"x-style","url":"https:\/\/xstyle.md\/","logo":{"@type":"ImageObject","inLanguage":"ro-RO","@id":"https:\/\/xstyle.md\/#\/schema\/logo\/image\/","url":"https:\/\/xstyle.md\/wp-content\/uploads\/2020\/06\/logoicon.svg","contentUrl":"https:\/\/xstyle.md\/wp-content\/uploads\/2020\/06\/logoicon.svg","caption":"\u041c\u0430\u0433\u0430\u0437\u0438\u043d Xstyle"},"image":{"@id":"https:\/\/xstyle.md\/#\/schema\/logo\/image\/"},"sameAs":["https:\/\/www.facebook.com\/xstylemd","https:\/\/www.instagram.com\/xstyle_md\/","https:\/\/t.me\/xstyle_outdoor"],"hasMerchantReturnPolicy":{"@type":"MerchantReturnPolicy","merchantReturnLink":"https:\/\/xstyle.md\/ro\/conditions\/"}}]},"product_price_amount":"2100.00","product_price_currency":"MDL","og_availability":"out of stock","product_availability":"out of stock","product_retailer_item_id":"191190520178","product_condition":"new"},"_links":{"self":[{"href":"https:\/\/xstyle.md\/ro\/wp-json\/wp\/v2\/product\/34787","targetHints":{"allow":["GET"]}}],"collection":[{"href":"https:\/\/xstyle.md\/ro\/wp-json\/wp\/v2\/product"}],"about":[{"href":"https:\/\/xstyle.md\/ro\/wp-json\/wp\/v2\/types\/product"}],"replies":[{"embeddable":true,"href":"https:\/\/xstyle.md\/ro\/wp-json\/wp\/v2\/comments?post=34787"}],"wp:featuredmedia":[{"embeddable":true,"href":"https:\/\/xstyle.md\/ro\/wp-json\/wp\/v2\/media\/35306"}],"wp:attachment":[{"href":"https:\/\/xstyle.md\/ro\/wp-json\/wp\/v2\/media?parent=34787"}],"wp:term":[{"taxonomy":"product_brand","embeddable":true,"href":"https:\/\/xstyle.md\/ro\/wp-json\/wp\/v2\/product_brand?post=34787"},{"taxonomy":"product_cat","embeddable":true,"href":"https:\/\/xstyle.md\/ro\/wp-json\/wp\/v2\/product_cat?post=34787"},{"taxonomy":"product_tag","embeddable":true,"href":"https:\/\/xstyle.md\/ro\/wp-json\/wp\/v2\/product_tag?post=34787"}],"curies":[{"name":"wp","href":"https:\/\/api.w.org\/{rel}","templated":true}]}}