{"id":34770,"date":"2021-05-31T16:34:17","date_gmt":"2021-05-31T13:34:17","guid":{"rendered":"https:\/\/xstyle.md\/?post_type=product&#038;p=34770"},"modified":"2025-05-08T10:27:20","modified_gmt":"2025-05-08T07:27:20","slug":"hannah-migella-jr-geranium-mel","status":"publish","type":"product","link":"https:\/\/xstyle.md\/ro\/produs\/hannah-migella-jr-geranium-mel\/","title":{"rendered":"Tricou Hannah Migella JR Geranium Mel"},"content":{"rendered":"<p><strong>Hannah Migella<\/strong> - acest tricou de var\u0103 pentru copii este fabricat din material u\u0219or, respirabil. Tricoul se usuc\u0103 rapid \u0219i este ideal pentru alergare, ciclism sau exerci\u021bii pe vreme cald\u0103.<\/p>\n<h3><strong>Particularit\u0103\u021bi<\/strong><\/h3>\n<ul>\n<li>Fabricat din bumbac moale;<\/li>\n<li>Ideal\u0103 pentru sporturi pe vreme c\u0103lduroas\u0103;<\/li>\n<li>Material u\u0219or, respirabil;<\/li>\n<li>Se usuc\u0103 repede;<\/li>\n<li>Croial\u0103 liber\u0103;<\/li>\n<li>M\u00e2nec\u0103 scurt\u0103;<\/li>\n<li>Culori aprinse.<\/li>\n<\/ul>\n<h3>Caracteristici<\/h3>\n<ul>\n<li>Material - Bumbac, Polyester;<\/li>\n<li>Sezon - prim\u0103var\u0103\/var\u0103;<\/li>\n<li>Aplicare - sporturi active\/turism\/utilizare zilnic\u0103;<\/li>\n<li>Model - pentru copii.<\/li>\n<\/ul>\n<h3>Marca<\/h3>\n<p>Hannah \u2014 este un brand interna\u021bional, specializat \u00een produc\u021bia de produse turistice \u0219i \u00eembr\u0103c\u0103minte sportiv\u0103 pentru orice sezon. Brandul Hannah a fost fondat \u00een Cehia \u00een 1991. Compania a ob\u021binut succese bune pe pia\u021ba intern\u0103, datorit\u0103 calit\u0103\u021bii \u00eenalte \u0219i politicii de pre\u021buri accesibile pentru fiecare produs.<\/p>\n<p>La \u00eenceput, compania fabrica produse conform standardelor interna\u021bionale, deoarece au \u00een\u021beles pe deplin importan\u021ba unei reputa\u021bii excelente. \u00cen acest sens, s-a alocat mult timp selec\u021biei materialelor de \u00eenalt\u0103 calitate, care sunt rezistente la uzur\u0103 \u0219i rezistente la ap\u0103. Ast\u0103zi, brandul nu st\u0103 pe loc, catalogul lor este \u00een permanen\u021b\u0103 actualizat \u0219i extins, iar produsele pot fi g\u0103site \u00een toat\u0103 lumea.<\/p>","protected":false},"excerpt":{"rendered":"<p>Tricou Hannah Migella JR Geranium Mel<\/p>","protected":false},"featured_media":58688,"comment_status":"open","ping_status":"closed","template":"","meta":{"_acf_changed":false,"inline_featured_image":false},"product_brand":[1271],"product_cat":[314],"product_tag":[],"class_list":{"0":"post-34770","1":"product","2":"type-product","3":"status-publish","4":"has-post-thumbnail","6":"product_brand-hannah","7":"product_cat-tricouri-copii","9":"first","10":"outofstock","11":"shipping-taxable","12":"product-type-simple"},"acf":[],"yoast_head":"<!-- This site is optimized with the Yoast SEO plugin v27.2 - https:\/\/yoast.com\/product\/yoast-seo-wordpress\/ -->\n<title>\u0424\u0443\u0442\u0431\u043e\u043b\u043a\u0430 Hannah Migella JR geranium mel - \u041c\u0430\u0433\u0430\u0437\u0438\u043d Xstyle<\/title>\n<meta name=\"description\" content=\"\u0424\u0443\u0442\u0431\u043e\u043b\u043a\u0430 Hannah Migella JR \u0432 \u0446\u0432\u0435\u0442\u0435 \u0433\u0435\u0440\u0430\u043d\u0438: \u0441\u0442\u0438\u043b\u044c\u043d\u0430\u044f \u0438 \u043a\u043e\u043c\u0444\u043e\u0440\u0442\u043d\u0430\u044f \u043c\u043e\u0434\u0435\u043b\u044c \u0434\u043b\u044f \u044e\u043d\u044b\u0445 \u043c\u043e\u0434\u043d\u0438\u043a\u043e\u0432. \u041a\u0430\u0447\u0435\u0441\u0442\u0432\u043e \u0438 \u0434\u0438\u0437\u0430\u0439\u043d \u043e\u0442 1991 \u0433\u043e\u0434\u0430. \u0417\u0430\u043a\u0430\u0436\u0438\u0442\u0435 \u0441\u0435\u0439\u0447\u0430\u0441!\" \/>\n<meta name=\"robots\" content=\"index, follow, max-snippet:-1, max-image-preview:large, max-video-preview:-1\" \/>\n<link rel=\"canonical\" href=\"https:\/\/xstyle.md\/ro\/produs\/hannah-migella-jr-geranium-mel\/\" \/>\n<meta property=\"og:locale\" content=\"ro_RO\" \/>\n<meta property=\"og:type\" content=\"article\" \/>\n<meta property=\"og:title\" content=\"\u0424\u0443\u0442\u0431\u043e\u043b\u043a\u0430 Hannah Migella JR geranium mel - \u041c\u0430\u0433\u0430\u0437\u0438\u043d Xstyle\" \/>\n<meta property=\"og:description\" content=\"\u0424\u0443\u0442\u0431\u043e\u043b\u043a\u0430 Hannah Migella JR \u0432 \u0446\u0432\u0435\u0442\u0435 \u0433\u0435\u0440\u0430\u043d\u0438: \u0441\u0442\u0438\u043b\u044c\u043d\u0430\u044f \u0438 \u043a\u043e\u043c\u0444\u043e\u0440\u0442\u043d\u0430\u044f \u043c\u043e\u0434\u0435\u043b\u044c \u0434\u043b\u044f \u044e\u043d\u044b\u0445 \u043c\u043e\u0434\u043d\u0438\u043a\u043e\u0432. \u041a\u0430\u0447\u0435\u0441\u0442\u0432\u043e \u0438 \u0434\u0438\u0437\u0430\u0439\u043d \u043e\u0442 1991 \u0433\u043e\u0434\u0430. \u0417\u0430\u043a\u0430\u0436\u0438\u0442\u0435 \u0441\u0435\u0439\u0447\u0430\u0441!\" \/>\n<meta property=\"og:url\" content=\"https:\/\/xstyle.md\/ro\/produs\/hannah-migella-jr-geranium-mel\/\" \/>\n<meta property=\"og:site_name\" content=\"\u041c\u0430\u0433\u0430\u0437\u0438\u043d Xstyle\" \/>\n<meta property=\"article:publisher\" content=\"https:\/\/www.facebook.com\/xstylemd\" \/>\n<meta property=\"article:modified_time\" content=\"2025-05-08T07:27:20+00:00\" \/>\n<meta property=\"og:image\" content=\"https:\/\/xstyle.md\/wp-content\/uploads\/2021\/05\/hannah-migella-jr-geranium-mel.jpg\" \/>\n\t<meta property=\"og:image:width\" content=\"1316\" \/>\n\t<meta property=\"og:image:height\" content=\"1269\" \/>\n\t<meta property=\"og:image:type\" content=\"image\/jpeg\" \/>\n<meta name=\"twitter:card\" content=\"summary_large_image\" \/>\n<meta name=\"twitter:label1\" content=\"Pre\u021b\" \/>\n\t<meta name=\"twitter:data1\" content=\"370&nbsp;MDL\" \/>\n\t<meta name=\"twitter:label2\" content=\"Disponibilitate\" \/>\n\t<meta name=\"twitter:data2\" content=\"Stoc epuizat\" \/>\n<script type=\"application\/ld+json\" class=\"yoast-schema-graph\">{\"@context\":\"https:\/\/schema.org\",\"@graph\":[{\"@type\":\"WebPage\",\"@id\":\"https:\/\/xstyle.md\/product\/hannah-migella-jr-geranium-mel\/\",\"url\":\"https:\/\/xstyle.md\/product\/hannah-migella-jr-geranium-mel\/\",\"name\":\"\u0424\u0443\u0442\u0431\u043e\u043b\u043a\u0430 Hannah Migella JR geranium mel - \u041c\u0430\u0433\u0430\u0437\u0438\u043d Xstyle\",\"isPartOf\":{\"@id\":\"https:\/\/xstyle.md\/#website\"},\"primaryImageOfPage\":{\"@id\":\"https:\/\/xstyle.md\/product\/hannah-migella-jr-geranium-mel\/#primaryimage\"},\"image\":{\"@id\":\"https:\/\/xstyle.md\/product\/hannah-migella-jr-geranium-mel\/#primaryimage\"},\"thumbnailUrl\":\"https:\/\/xstyle.md\/wp-content\/uploads\/2021\/05\/hannah-migella-jr-geranium-mel.jpg\",\"datePublished\":\"2021-05-31T13:34:17+00:00\",\"dateModified\":\"2025-05-08T07:27:20+00:00\",\"description\":\"\u0424\u0443\u0442\u0431\u043e\u043b\u043a\u0430 Hannah Migella JR \u0432 \u0446\u0432\u0435\u0442\u0435 \u0433\u0435\u0440\u0430\u043d\u0438: \u0441\u0442\u0438\u043b\u044c\u043d\u0430\u044f \u0438 \u043a\u043e\u043c\u0444\u043e\u0440\u0442\u043d\u0430\u044f \u043c\u043e\u0434\u0435\u043b\u044c \u0434\u043b\u044f \u044e\u043d\u044b\u0445 \u043c\u043e\u0434\u043d\u0438\u043a\u043e\u0432. \u041a\u0430\u0447\u0435\u0441\u0442\u0432\u043e \u0438 \u0434\u0438\u0437\u0430\u0439\u043d \u043e\u0442 1991 \u0433\u043e\u0434\u0430. \u0417\u0430\u043a\u0430\u0436\u0438\u0442\u0435 \u0441\u0435\u0439\u0447\u0430\u0441!\",\"breadcrumb\":{\"@id\":\"https:\/\/xstyle.md\/product\/hannah-migella-jr-geranium-mel\/#breadcrumb\"},\"inLanguage\":\"ro-RO\",\"potentialAction\":[{\"@type\":\"ReadAction\",\"target\":[\"https:\/\/xstyle.md\/product\/hannah-migella-jr-geranium-mel\/\"]}]},{\"@type\":\"ImageObject\",\"inLanguage\":\"ro-RO\",\"@id\":\"https:\/\/xstyle.md\/product\/hannah-migella-jr-geranium-mel\/#primaryimage\",\"url\":\"https:\/\/xstyle.md\/wp-content\/uploads\/2021\/05\/hannah-migella-jr-geranium-mel.jpg\",\"contentUrl\":\"https:\/\/xstyle.md\/wp-content\/uploads\/2021\/05\/hannah-migella-jr-geranium-mel.jpg\",\"width\":1316,\"height\":1269,\"caption\":\"\u0414\u0435\u0442\u0441\u043a\u0430\u044f \u0444\u0443\u0442\u0431\u043e\u043b\u043a\u0430 Hannah Migella JR Geranium Mel \u0434\u043b\u044f \u0430\u043a\u0442\u0438\u0432\u043d\u043e\u0433\u043e \u043e\u0442\u0434\u044b\u0445\u0430 \u043f\u043e\u0445\u043e\u0434\u043e\u0432 \u0438 \u043f\u0443\u0442\u0435\u0448\u0435\u0441\u0442\u0432\u0438\u0439 \u0441\u043f\u043e\u0440\u0442\u0438\u0432\u043d\u0430\u044f \u043e\u0434\u0435\u0436\u0434\u0430 \u043e\u0431\u0443\u0432\u044c \u0434\u043b\u044f \u0442\u0443\u0440\u0438\u0437\u043c\u0430 \u0438 \u0430\u043b\u044c\u043f\u0438\u043d\u0438\u0437\u043c\u0430\"},{\"@type\":\"BreadcrumbList\",\"@id\":\"https:\/\/xstyle.md\/product\/hannah-migella-jr-geranium-mel\/#breadcrumb\",\"itemListElement\":[{\"@type\":\"ListItem\",\"position\":1,\"name\":\"\u0413\u043b\u0430\u0432\u043d\u0430\u044f \u0441\u0442\u0440\u0430\u043d\u0438\u0446\u0430\",\"item\":\"https:\/\/xstyle.md\/\"},{\"@type\":\"ListItem\",\"position\":2,\"name\":\"\u041c\u0430\u0433\u0430\u0437\u0438\u043d\",\"item\":\"https:\/\/xstyle.md\/shop\/\"},{\"@type\":\"ListItem\",\"position\":3,\"name\":\"\u0424\u0443\u0442\u0431\u043e\u043b\u043a\u0430 Hannah Migella JR geranium mel\"}]},{\"@type\":\"WebSite\",\"@id\":\"https:\/\/xstyle.md\/#website\",\"url\":\"https:\/\/xstyle.md\/\",\"name\":\"\u041c\u0430\u0433\u0430\u0437\u0438\u043d Xstyle\",\"description\":\"C\u043d\u0430\u0440\u044f\u0436\u0435\u043d\u0438\u0435 \u0434\u043b\u044f \u0442\u0443\u0440\u0438\u0437\u043c\u0430 \u0438 \u044d\u043a\u0441\u0442\u0440\u0435\u043c\u0430\u043b\u044c\u043d\u044b\u0445 \u0432\u0438\u0434\u043e\u0432 \u0441\u043f\u043e\u0440\u0442\u0430 \u0432 \u041c\u043e\u043b\u0434\u043e\u0432\u0435.. \u0426\u0435\u043d\u044b, \u0444\u043e\u0442\u043e, \u0445\u0430\u0440\u0430\u043a\u0442\u0435\u0440\u0438\u0441\u0442\u0438\u043a\u0438 \u0432 \u041c\u043e\u043b\u0434\u043e\u0432\u0435.\",\"publisher\":{\"@id\":\"https:\/\/xstyle.md\/#organization\"},\"alternateName\":\"X-Style\",\"potentialAction\":[{\"@type\":\"SearchAction\",\"target\":{\"@type\":\"EntryPoint\",\"urlTemplate\":\"https:\/\/xstyle.md\/?s={search_term_string}\"},\"query-input\":{\"@type\":\"PropertyValueSpecification\",\"valueRequired\":true,\"valueName\":\"search_term_string\"}}],\"inLanguage\":\"ro-RO\"},{\"@type\":\"Organization\",\"@id\":\"https:\/\/xstyle.md\/#organization\",\"name\":\"\u041c\u0430\u0433\u0430\u0437\u0438\u043d Xstyle\",\"alternateName\":\"x-style\",\"url\":\"https:\/\/xstyle.md\/\",\"logo\":{\"@type\":\"ImageObject\",\"inLanguage\":\"ro-RO\",\"@id\":\"https:\/\/xstyle.md\/#\/schema\/logo\/image\/\",\"url\":\"https:\/\/xstyle.md\/wp-content\/uploads\/2020\/06\/logoicon.svg\",\"contentUrl\":\"https:\/\/xstyle.md\/wp-content\/uploads\/2020\/06\/logoicon.svg\",\"caption\":\"\u041c\u0430\u0433\u0430\u0437\u0438\u043d Xstyle\"},\"image\":{\"@id\":\"https:\/\/xstyle.md\/#\/schema\/logo\/image\/\"},\"sameAs\":[\"https:\/\/www.facebook.com\/xstylemd\",\"https:\/\/www.instagram.com\/xstyle_md\/\",\"https:\/\/t.me\/xstyle_outdoor\"],\"hasMerchantReturnPolicy\":{\"@type\":\"MerchantReturnPolicy\",\"merchantReturnLink\":\"https:\/\/xstyle.md\/ro\/conditions\/\"}}]}<\/script>\n<meta property=\"product:price:amount\" content=\"370.00\" \/>\n<meta property=\"product:price:currency\" content=\"MDL\" \/>\n<meta property=\"og:availability\" content=\"out of stock\" \/>\n<meta property=\"product:availability\" content=\"out of stock\" \/>\n<meta property=\"product:retailer_item_id\" content=\"8591203218535\" \/>\n<meta property=\"product:condition\" content=\"new\" \/>\n<!-- \/ Yoast SEO plugin. -->","yoast_head_json":{"title":"Tricou Hannah Migella JR geranium mel - Magazin Xstyle","description":"Tricoul Hannah Migella JR \u00een culoarea geranium: un model elegan\u021b pentru tinerii fashioni\u0219ti. Calitate \u0219i design din 1991. Comand\u0103 acum!","robots":{"index":"index","follow":"follow","max-snippet":"max-snippet:-1","max-image-preview":"max-image-preview:large","max-video-preview":"max-video-preview:-1"},"canonical":"https:\/\/xstyle.md\/ro\/produs\/hannah-migella-jr-geranium-mel\/","og_locale":"ro_RO","og_type":"article","og_title":"\u0424\u0443\u0442\u0431\u043e\u043b\u043a\u0430 Hannah Migella JR geranium mel - \u041c\u0430\u0433\u0430\u0437\u0438\u043d Xstyle","og_description":"\u0424\u0443\u0442\u0431\u043e\u043b\u043a\u0430 Hannah Migella JR \u0432 \u0446\u0432\u0435\u0442\u0435 \u0433\u0435\u0440\u0430\u043d\u0438: \u0441\u0442\u0438\u043b\u044c\u043d\u0430\u044f \u0438 \u043a\u043e\u043c\u0444\u043e\u0440\u0442\u043d\u0430\u044f \u043c\u043e\u0434\u0435\u043b\u044c \u0434\u043b\u044f \u044e\u043d\u044b\u0445 \u043c\u043e\u0434\u043d\u0438\u043a\u043e\u0432. \u041a\u0430\u0447\u0435\u0441\u0442\u0432\u043e \u0438 \u0434\u0438\u0437\u0430\u0439\u043d \u043e\u0442 1991 \u0433\u043e\u0434\u0430. \u0417\u0430\u043a\u0430\u0436\u0438\u0442\u0435 \u0441\u0435\u0439\u0447\u0430\u0441!","og_url":"https:\/\/xstyle.md\/ro\/produs\/hannah-migella-jr-geranium-mel\/","og_site_name":"\u041c\u0430\u0433\u0430\u0437\u0438\u043d Xstyle","article_publisher":"https:\/\/www.facebook.com\/xstylemd","article_modified_time":"2025-05-08T07:27:20+00:00","og_image":[{"width":1316,"height":1269,"url":"https:\/\/xstyle.md\/wp-content\/uploads\/2021\/05\/hannah-migella-jr-geranium-mel.jpg","type":"image\/jpeg"}],"twitter_card":"summary_large_image","twitter_misc":{"Pre\u021b":"370&nbsp;MDL","Disponibilitate":"Stoc epuizat"},"schema":{"@context":"https:\/\/schema.org","@graph":[{"@type":"WebPage","@id":"https:\/\/xstyle.md\/product\/hannah-migella-jr-geranium-mel\/","url":"https:\/\/xstyle.md\/product\/hannah-migella-jr-geranium-mel\/","name":"Tricou Hannah Migella JR geranium mel - Magazin Xstyle","isPartOf":{"@id":"https:\/\/xstyle.md\/#website"},"primaryImageOfPage":{"@id":"https:\/\/xstyle.md\/product\/hannah-migella-jr-geranium-mel\/#primaryimage"},"image":{"@id":"https:\/\/xstyle.md\/product\/hannah-migella-jr-geranium-mel\/#primaryimage"},"thumbnailUrl":"https:\/\/xstyle.md\/wp-content\/uploads\/2021\/05\/hannah-migella-jr-geranium-mel.jpg","datePublished":"2021-05-31T13:34:17+00:00","dateModified":"2025-05-08T07:27:20+00:00","description":"Tricoul Hannah Migella JR \u00een culoarea geranium: un model elegan\u021b pentru tinerii fashioni\u0219ti. Calitate \u0219i design din 1991. Comand\u0103 acum!","breadcrumb":{"@id":"https:\/\/xstyle.md\/product\/hannah-migella-jr-geranium-mel\/#breadcrumb"},"inLanguage":"ro-RO","potentialAction":[{"@type":"ReadAction","target":["https:\/\/xstyle.md\/product\/hannah-migella-jr-geranium-mel\/"]}]},{"@type":"ImageObject","inLanguage":"ro-RO","@id":"https:\/\/xstyle.md\/product\/hannah-migella-jr-geranium-mel\/#primaryimage","url":"https:\/\/xstyle.md\/wp-content\/uploads\/2021\/05\/hannah-migella-jr-geranium-mel.jpg","contentUrl":"https:\/\/xstyle.md\/wp-content\/uploads\/2021\/05\/hannah-migella-jr-geranium-mel.jpg","width":1316,"height":1269,"caption":"\u0414\u0435\u0442\u0441\u043a\u0430\u044f \u0444\u0443\u0442\u0431\u043e\u043b\u043a\u0430 Hannah Migella JR Geranium Mel \u0434\u043b\u044f \u0430\u043a\u0442\u0438\u0432\u043d\u043e\u0433\u043e \u043e\u0442\u0434\u044b\u0445\u0430 \u043f\u043e\u0445\u043e\u0434\u043e\u0432 \u0438 \u043f\u0443\u0442\u0435\u0448\u0435\u0441\u0442\u0432\u0438\u0439 \u0441\u043f\u043e\u0440\u0442\u0438\u0432\u043d\u0430\u044f \u043e\u0434\u0435\u0436\u0434\u0430 \u043e\u0431\u0443\u0432\u044c \u0434\u043b\u044f \u0442\u0443\u0440\u0438\u0437\u043c\u0430 \u0438 \u0430\u043b\u044c\u043f\u0438\u043d\u0438\u0437\u043c\u0430"},{"@type":"BreadcrumbList","@id":"https:\/\/xstyle.md\/product\/hannah-migella-jr-geranium-mel\/#breadcrumb","itemListElement":[{"@type":"ListItem","position":1,"name":"\u0413\u043b\u0430\u0432\u043d\u0430\u044f \u0441\u0442\u0440\u0430\u043d\u0438\u0446\u0430","item":"https:\/\/xstyle.md\/"},{"@type":"ListItem","position":2,"name":"\u041c\u0430\u0433\u0430\u0437\u0438\u043d","item":"https:\/\/xstyle.md\/shop\/"},{"@type":"ListItem","position":3,"name":"\u0424\u0443\u0442\u0431\u043e\u043b\u043a\u0430 Hannah Migella JR geranium mel"}]},{"@type":"WebSite","@id":"https:\/\/xstyle.md\/#website","url":"https:\/\/xstyle.md\/","name":"Magazinul X-Style","description":"Echipamente pentru turism \u0219i sporturi extreme \u00een Moldova. Pre\u021buri, fotografii, caracteristici \u00een Moldova.","publisher":{"@id":"https:\/\/xstyle.md\/#organization"},"alternateName":"X-Style","potentialAction":[{"@type":"SearchAction","target":{"@type":"EntryPoint","urlTemplate":"https:\/\/xstyle.md\/?s={search_term_string}"},"query-input":{"@type":"PropertyValueSpecification","valueRequired":true,"valueName":"search_term_string"}}],"inLanguage":"ro-RO"},{"@type":"Organization","@id":"https:\/\/xstyle.md\/#organization","name":"Magazinul X-Style","alternateName":"x-style","url":"https:\/\/xstyle.md\/","logo":{"@type":"ImageObject","inLanguage":"ro-RO","@id":"https:\/\/xstyle.md\/#\/schema\/logo\/image\/","url":"https:\/\/xstyle.md\/wp-content\/uploads\/2020\/06\/logoicon.svg","contentUrl":"https:\/\/xstyle.md\/wp-content\/uploads\/2020\/06\/logoicon.svg","caption":"\u041c\u0430\u0433\u0430\u0437\u0438\u043d Xstyle"},"image":{"@id":"https:\/\/xstyle.md\/#\/schema\/logo\/image\/"},"sameAs":["https:\/\/www.facebook.com\/xstylemd","https:\/\/www.instagram.com\/xstyle_md\/","https:\/\/t.me\/xstyle_outdoor"],"hasMerchantReturnPolicy":{"@type":"MerchantReturnPolicy","merchantReturnLink":"https:\/\/xstyle.md\/ro\/conditions\/"}}]},"product_price_amount":"370.00","product_price_currency":"MDL","og_availability":"out of stock","product_availability":"out of stock","product_retailer_item_id":"8591203218535","product_condition":"new"},"post_mailing_queue_ids":[],"_links":{"self":[{"href":"https:\/\/xstyle.md\/ro\/wp-json\/wp\/v2\/product\/34770","targetHints":{"allow":["GET"]}}],"collection":[{"href":"https:\/\/xstyle.md\/ro\/wp-json\/wp\/v2\/product"}],"about":[{"href":"https:\/\/xstyle.md\/ro\/wp-json\/wp\/v2\/types\/product"}],"replies":[{"embeddable":true,"href":"https:\/\/xstyle.md\/ro\/wp-json\/wp\/v2\/comments?post=34770"}],"wp:featuredmedia":[{"embeddable":true,"href":"https:\/\/xstyle.md\/ro\/wp-json\/wp\/v2\/media\/58688"}],"wp:attachment":[{"href":"https:\/\/xstyle.md\/ro\/wp-json\/wp\/v2\/media?parent=34770"}],"wp:term":[{"taxonomy":"product_brand","embeddable":true,"href":"https:\/\/xstyle.md\/ro\/wp-json\/wp\/v2\/product_brand?post=34770"},{"taxonomy":"product_cat","embeddable":true,"href":"https:\/\/xstyle.md\/ro\/wp-json\/wp\/v2\/product_cat?post=34770"},{"taxonomy":"product_tag","embeddable":true,"href":"https:\/\/xstyle.md\/ro\/wp-json\/wp\/v2\/product_tag?post=34770"}],"curies":[{"name":"wp","href":"https:\/\/api.w.org\/{rel}","templated":true}]}}