{"id":34750,"date":"2021-05-31T16:34:07","date_gmt":"2021-05-31T13:34:07","guid":{"rendered":"https:\/\/xstyle.md\/?post_type=product&#038;p=34750"},"modified":"2026-03-19T16:44:48","modified_gmt":"2026-03-19T13:44:48","slug":"sofa-amazonas-siena-due-taupe","status":"publish","type":"product","link":"https:\/\/xstyle.md\/ro\/produs\/sofa-amazonas-siena-due-taupe\/","title":{"rendered":"Canapea Amazonas Siena Due taupe"},"content":{"rendered":"<\/p>\n<p><strong>Amazonas Siena Due taupe<\/strong> &#8212; o canapea cu dou\u0103 locuri, cu cadru din lemn \u0219i perne moi, perfect\u0103 pentru utilizare at\u00e2t \u00een exterior, c\u00e2t \u0219i \u00een interior. U\u0219or \u0219i simplu de montat. Pernele moi pot fi \u00eendep\u0103rtate pentru sp\u0103lare, dac\u0103 este necesar. Lemnul este prelucrat \u0219i nu este afectat de umiditate, iar p\u0103r\u021bile metalice sunt fabricate din o\u021bel inoxidabil de \u00eenalt\u0103 calitate \u0219i nu ruginesc.<\/p>\n<h3>Particularit\u0103\u021bi<\/h3>\n<ul>\n<li>Canapea pentru p\u00e2n\u0103 la dou\u0103 persoane<\/li>\n<li>Perne foarte moi<\/li>\n<li>\u00cenvelitoare din \u021bes\u0103tur\u0103 agora extrem de durabil\u0103, la fel de rezistent\u0103 \u0219i moale ca bumbacul<\/li>\n<li>Rezistente la mucegai, resping\u0103toare de murd\u0103rie, u\u0219or de \u00eentre\u021binut \u0219i lavabile<\/li>\n<li>C\u0103ptu\u0219eal\u0103 hidrofug\u0103 \u0219i cu uscare rapid\u0103<\/li>\n<li>Lemn de calitate superioar\u0103, certificat FSC TM (molid rezistent la intemperii), din p\u0103duri na\u021bionale europene durabile<\/li>\n<li>Lipirea manual\u0103 de \u00eenalt\u0103 calitate a straturilor pentru stabilitate \u0219i siguran\u021b\u0103 maxim\u0103<\/li>\n<li>Toate materiile prime provin din Europa \u0219i sunt prelucrate \u00eentr-un mod ecologic.<\/li>\n<\/ul>\n<h3>Caracteristici<\/h3>\n<ul>\n<li>Material textil &#8212; 100% acrilic vopsit \u00een solu\u021bie (rezisten\u021b\u0103 la lumin\u0103 7\/8)<\/li>\n<li>Material lemnos &#8212; molid, \u00eenmuiat \u00eentr-o baie de imersie, certificat FSC (TM)<\/li>\n<li>Material de umplutur\u0103 &#8212; 100% poliester<\/li>\n<li>Accesorii &#8212; metal galvanizat f\u0103r\u0103 rugin\u0103<\/li>\n<li>Incarcare maxim\u0103 &#8212; p\u00e2n\u0103 la 250 kg<\/li>\n<li>Dimensiuni &#8212; 171,5 x 94 x 67 cm<\/li>\n<li>Greutate &#8212; 27,8 kg.<\/li>\n<\/ul>\n<h3>Marca<\/h3>\n<p>Amazonas \u2013 sunt unii dintre cei mai remarcabili produc\u0103tori de hamacuri. Ace\u0219tia sunt cunoscu\u021bi \u00een primul r\u00e2nd pentru hamacele lor originale din bumbac brazilian. De asemenea, ace\u0219tia produc o gam\u0103 de hamace ultrau\u0219oare \u0219i accesorii pentru c\u0103l\u0103tori, cum ar fi scaune suspendate, corturi \u0219i p\u0103turi de relaxare, precum \u0219i o gam\u0103 de produse pentru copii (c\u0103rucioare, hamace, scaune etc.).<\/p>\n<p><\/p>","protected":false},"excerpt":{"rendered":"<p>Canapea Amazonas Siena Due taupe<\/p>","protected":false},"featured_media":35053,"comment_status":"open","ping_status":"closed","template":"","meta":{"_acf_changed":false,"inline_featured_image":false},"product_brand":[1285],"product_cat":[120],"product_tag":[],"class_list":{"0":"post-34750","1":"product","2":"type-product","3":"status-publish","4":"has-post-thumbnail","6":"product_brand-amazonas","7":"product_cat-sun-loungers","9":"first","10":"instock","11":"shipping-taxable","12":"purchasable","13":"product-type-simple"},"acf":[],"yoast_head":"<!-- This site is optimized with the Yoast SEO plugin v27.2 - https:\/\/yoast.com\/product\/yoast-seo-wordpress\/ -->\n<title>\u0421\u043e\u0444\u0430 Amazonas Siena Due taupe - \u041c\u0430\u0433\u0430\u0437\u0438\u043d Xstyle<\/title>\n<meta name=\"description\" content=\"\u0421\u043e\u0444\u0430 Amazonas Siena Due taupe \u2014 \u0441\u0442\u0438\u043b\u044c\u043d\u0430\u044f \u0438 \u043f\u0440\u0430\u043a\u0442\u0438\u0447\u043d\u0430\u044f \u043a\u0430\u043d\u0430\u043f\u0435 \u043d\u0430 \u0434\u0432\u0430 \u043c\u0435\u0441\u0442\u0430, \u0438\u0434\u0435\u0430\u043b\u044c\u043d\u0430\u044f \u0434\u043b\u044f \u0438\u043d\u0442\u0435\u0440\u044c\u0435\u0440\u0430 \u0438 \u044d\u043a\u0441\u0442\u0435\u0440\u044c\u0435\u0440\u0430. \u041b\u0435\u0433\u043a\u0438\u0439 \u043c\u043e\u043d\u0442\u0430\u0436, \u0441\u044a\u0435\u043c\u043d\u044b\u0435 \u043f\u043e\u0434\u0443\u0448\u043a\u0438, \u0443\u0441\u0442\u043e\u0439\u0447\u0438\u0432\u044b\u0439 \u043a \u0432\u043b\u0430\u0433\u0435.\" \/>\n<meta name=\"robots\" content=\"index, follow, max-snippet:-1, max-image-preview:large, max-video-preview:-1\" \/>\n<link rel=\"canonical\" href=\"https:\/\/xstyle.md\/ro\/produs\/sofa-amazonas-siena-due-taupe\/\" \/>\n<meta property=\"og:locale\" content=\"ro_RO\" \/>\n<meta property=\"og:type\" content=\"article\" \/>\n<meta property=\"og:title\" content=\"\u0421\u043e\u0444\u0430 Amazonas Siena Due taupe - \u041c\u0430\u0433\u0430\u0437\u0438\u043d Xstyle\" \/>\n<meta property=\"og:description\" content=\"\u0421\u043e\u0444\u0430 Amazonas Siena Due taupe \u2014 \u0441\u0442\u0438\u043b\u044c\u043d\u0430\u044f \u0438 \u043f\u0440\u0430\u043a\u0442\u0438\u0447\u043d\u0430\u044f \u043a\u0430\u043d\u0430\u043f\u0435 \u043d\u0430 \u0434\u0432\u0430 \u043c\u0435\u0441\u0442\u0430, \u0438\u0434\u0435\u0430\u043b\u044c\u043d\u0430\u044f \u0434\u043b\u044f \u0438\u043d\u0442\u0435\u0440\u044c\u0435\u0440\u0430 \u0438 \u044d\u043a\u0441\u0442\u0435\u0440\u044c\u0435\u0440\u0430. \u041b\u0435\u0433\u043a\u0438\u0439 \u043c\u043e\u043d\u0442\u0430\u0436, \u0441\u044a\u0435\u043c\u043d\u044b\u0435 \u043f\u043e\u0434\u0443\u0448\u043a\u0438, \u0443\u0441\u0442\u043e\u0439\u0447\u0438\u0432\u044b\u0439 \u043a \u0432\u043b\u0430\u0433\u0435.\" \/>\n<meta property=\"og:url\" content=\"https:\/\/xstyle.md\/ro\/produs\/sofa-amazonas-siena-due-taupe\/\" \/>\n<meta property=\"og:site_name\" content=\"\u041c\u0430\u0433\u0430\u0437\u0438\u043d Xstyle\" \/>\n<meta property=\"article:publisher\" content=\"https:\/\/www.facebook.com\/xstylemd\" \/>\n<meta property=\"article:modified_time\" content=\"2026-03-19T13:44:48+00:00\" \/>\n<meta property=\"og:image\" content=\"https:\/\/xstyle.md\/wp-content\/uploads\/2021\/05\/sofa-amazonas-siena-due-taupe.jpg\" \/>\n\t<meta property=\"og:image:width\" content=\"1500\" \/>\n\t<meta property=\"og:image:height\" content=\"998\" \/>\n\t<meta property=\"og:image:type\" content=\"image\/jpeg\" \/>\n<meta name=\"twitter:card\" content=\"summary_large_image\" \/>\n<meta name=\"twitter:label1\" content=\"Pre\u021b\" \/>\n\t<meta name=\"twitter:data1\" content=\"15.590&nbsp;MDL\" \/>\n\t<meta name=\"twitter:label2\" content=\"Disponibilitate\" \/>\n\t<meta name=\"twitter:data2\" content=\"\u00cen stoc\" \/>\n<script type=\"application\/ld+json\" class=\"yoast-schema-graph\">{\"@context\":\"https:\/\/schema.org\",\"@graph\":[{\"@type\":\"WebPage\",\"@id\":\"https:\/\/xstyle.md\/product\/sofa-amazonas-siena-due-taupe\/\",\"url\":\"https:\/\/xstyle.md\/product\/sofa-amazonas-siena-due-taupe\/\",\"name\":\"\u0421\u043e\u0444\u0430 Amazonas Siena Due taupe - \u041c\u0430\u0433\u0430\u0437\u0438\u043d Xstyle\",\"isPartOf\":{\"@id\":\"https:\/\/xstyle.md\/#website\"},\"primaryImageOfPage\":{\"@id\":\"https:\/\/xstyle.md\/product\/sofa-amazonas-siena-due-taupe\/#primaryimage\"},\"image\":{\"@id\":\"https:\/\/xstyle.md\/product\/sofa-amazonas-siena-due-taupe\/#primaryimage\"},\"thumbnailUrl\":\"https:\/\/xstyle.md\/wp-content\/uploads\/2021\/05\/sofa-amazonas-siena-due-taupe.jpg\",\"datePublished\":\"2021-05-31T13:34:07+00:00\",\"dateModified\":\"2026-03-19T13:44:48+00:00\",\"description\":\"\u0421\u043e\u0444\u0430 Amazonas Siena Due taupe \u2014 \u0441\u0442\u0438\u043b\u044c\u043d\u0430\u044f \u0438 \u043f\u0440\u0430\u043a\u0442\u0438\u0447\u043d\u0430\u044f \u043a\u0430\u043d\u0430\u043f\u0435 \u043d\u0430 \u0434\u0432\u0430 \u043c\u0435\u0441\u0442\u0430, \u0438\u0434\u0435\u0430\u043b\u044c\u043d\u0430\u044f \u0434\u043b\u044f \u0438\u043d\u0442\u0435\u0440\u044c\u0435\u0440\u0430 \u0438 \u044d\u043a\u0441\u0442\u0435\u0440\u044c\u0435\u0440\u0430. \u041b\u0435\u0433\u043a\u0438\u0439 \u043c\u043e\u043d\u0442\u0430\u0436, \u0441\u044a\u0435\u043c\u043d\u044b\u0435 \u043f\u043e\u0434\u0443\u0448\u043a\u0438, \u0443\u0441\u0442\u043e\u0439\u0447\u0438\u0432\u044b\u0439 \u043a \u0432\u043b\u0430\u0433\u0435.\",\"breadcrumb\":{\"@id\":\"https:\/\/xstyle.md\/product\/sofa-amazonas-siena-due-taupe\/#breadcrumb\"},\"inLanguage\":\"ro-RO\",\"potentialAction\":[{\"@type\":\"ReadAction\",\"target\":[\"https:\/\/xstyle.md\/product\/sofa-amazonas-siena-due-taupe\/\"]}]},{\"@type\":\"ImageObject\",\"inLanguage\":\"ro-RO\",\"@id\":\"https:\/\/xstyle.md\/product\/sofa-amazonas-siena-due-taupe\/#primaryimage\",\"url\":\"https:\/\/xstyle.md\/wp-content\/uploads\/2021\/05\/sofa-amazonas-siena-due-taupe.jpg\",\"contentUrl\":\"https:\/\/xstyle.md\/wp-content\/uploads\/2021\/05\/sofa-amazonas-siena-due-taupe.jpg\",\"width\":1500,\"height\":998,\"caption\":\"\u0410\u043a\u0442\u0438\u0432\u043d\u0430\u044f \u0436\u0438\u0437\u043d\u044c \u0438 \u043f\u0443\u0442\u0435\u0448\u0435\u0441\u0442\u0432\u0438\u044f \u043c\u0435\u0431\u0435\u043b\u044c \u0421\u043e\u0444\u0430 Amazonas Siena Due taupe \u0434\u043b\u044f \u043e\u0434\u0435\u0436\u0434\u044b \u0438 \u0441\u043d\u0430\u0440\u044f\u0436\u0435\u043d\u0438\u044f \u0434\u043b\u044f \u043f\u043e\u0445\u043e\u0434\u043e\u0432 \u0438 \u0430\u043b\u044c\u043f\u0438\u043d\u0438\u0437\u043c\u0430 \u043d\u0430 \u043e\u043d\u043b\u0430\u0439\u043d \u043c\u0430\u0433\u0430\u0437\u0438\u043d\u0435\"},{\"@type\":\"BreadcrumbList\",\"@id\":\"https:\/\/xstyle.md\/product\/sofa-amazonas-siena-due-taupe\/#breadcrumb\",\"itemListElement\":[{\"@type\":\"ListItem\",\"position\":1,\"name\":\"\u0413\u043b\u0430\u0432\u043d\u0430\u044f \u0441\u0442\u0440\u0430\u043d\u0438\u0446\u0430\",\"item\":\"https:\/\/xstyle.md\/\"},{\"@type\":\"ListItem\",\"position\":2,\"name\":\"\u041c\u0430\u0433\u0430\u0437\u0438\u043d\",\"item\":\"https:\/\/xstyle.md\/shop\/\"},{\"@type\":\"ListItem\",\"position\":3,\"name\":\"\u0421\u043e\u0444\u0430 Amazonas Siena Due taupe\"}]},{\"@type\":\"WebSite\",\"@id\":\"https:\/\/xstyle.md\/#website\",\"url\":\"https:\/\/xstyle.md\/\",\"name\":\"\u041c\u0430\u0433\u0430\u0437\u0438\u043d Xstyle\",\"description\":\"C\u043d\u0430\u0440\u044f\u0436\u0435\u043d\u0438\u0435 \u0434\u043b\u044f \u0442\u0443\u0440\u0438\u0437\u043c\u0430 \u0438 \u044d\u043a\u0441\u0442\u0440\u0435\u043c\u0430\u043b\u044c\u043d\u044b\u0445 \u0432\u0438\u0434\u043e\u0432 \u0441\u043f\u043e\u0440\u0442\u0430 \u0432 \u041c\u043e\u043b\u0434\u043e\u0432\u0435.. \u0426\u0435\u043d\u044b, \u0444\u043e\u0442\u043e, \u0445\u0430\u0440\u0430\u043a\u0442\u0435\u0440\u0438\u0441\u0442\u0438\u043a\u0438 \u0432 \u041c\u043e\u043b\u0434\u043e\u0432\u0435.\",\"publisher\":{\"@id\":\"https:\/\/xstyle.md\/#organization\"},\"alternateName\":\"X-Style\",\"potentialAction\":[{\"@type\":\"SearchAction\",\"target\":{\"@type\":\"EntryPoint\",\"urlTemplate\":\"https:\/\/xstyle.md\/?s={search_term_string}\"},\"query-input\":{\"@type\":\"PropertyValueSpecification\",\"valueRequired\":true,\"valueName\":\"search_term_string\"}}],\"inLanguage\":\"ro-RO\"},{\"@type\":\"Organization\",\"@id\":\"https:\/\/xstyle.md\/#organization\",\"name\":\"\u041c\u0430\u0433\u0430\u0437\u0438\u043d Xstyle\",\"alternateName\":\"x-style\",\"url\":\"https:\/\/xstyle.md\/\",\"logo\":{\"@type\":\"ImageObject\",\"inLanguage\":\"ro-RO\",\"@id\":\"https:\/\/xstyle.md\/#\/schema\/logo\/image\/\",\"url\":\"https:\/\/xstyle.md\/wp-content\/uploads\/2020\/06\/logoicon.svg\",\"contentUrl\":\"https:\/\/xstyle.md\/wp-content\/uploads\/2020\/06\/logoicon.svg\",\"caption\":\"\u041c\u0430\u0433\u0430\u0437\u0438\u043d Xstyle\"},\"image\":{\"@id\":\"https:\/\/xstyle.md\/#\/schema\/logo\/image\/\"},\"sameAs\":[\"https:\/\/www.facebook.com\/xstylemd\",\"https:\/\/www.instagram.com\/xstyle_md\/\",\"https:\/\/t.me\/xstyle_outdoor\"],\"hasMerchantReturnPolicy\":{\"@type\":\"MerchantReturnPolicy\",\"merchantReturnLink\":\"https:\/\/xstyle.md\/ro\/conditions\/\"}}]}<\/script>\n<meta property=\"product:price:amount\" content=\"15590.00\" \/>\n<meta property=\"product:price:currency\" content=\"MDL\" \/>\n<meta property=\"og:availability\" content=\"instock\" \/>\n<meta property=\"product:availability\" content=\"instock\" \/>\n<meta property=\"product:retailer_item_id\" content=\"4030454006583\" \/>\n<meta property=\"product:condition\" content=\"new\" \/>\n<!-- \/ Yoast SEO plugin. -->","yoast_head_json":{"title":"Canapea Amazonas Siena Due taupe - Magazin Xstyle","description":"Sofa Amazonas Siena Due taupe \u2014 o canapea elegant\u0103 \u0219i practic\u0103 pentru dou\u0103 persoane, perfect\u0103 pentru interior \u0219i exterior. Montaj u\u0219or, perne deta\u0219abile, rezistent\u0103 la umiditate.","robots":{"index":"index","follow":"follow","max-snippet":"max-snippet:-1","max-image-preview":"max-image-preview:large","max-video-preview":"max-video-preview:-1"},"canonical":"https:\/\/xstyle.md\/ro\/produs\/sofa-amazonas-siena-due-taupe\/","og_locale":"ro_RO","og_type":"article","og_title":"\u0421\u043e\u0444\u0430 Amazonas Siena Due taupe - \u041c\u0430\u0433\u0430\u0437\u0438\u043d Xstyle","og_description":"\u0421\u043e\u0444\u0430 Amazonas Siena Due taupe \u2014 \u0441\u0442\u0438\u043b\u044c\u043d\u0430\u044f \u0438 \u043f\u0440\u0430\u043a\u0442\u0438\u0447\u043d\u0430\u044f \u043a\u0430\u043d\u0430\u043f\u0435 \u043d\u0430 \u0434\u0432\u0430 \u043c\u0435\u0441\u0442\u0430, \u0438\u0434\u0435\u0430\u043b\u044c\u043d\u0430\u044f \u0434\u043b\u044f \u0438\u043d\u0442\u0435\u0440\u044c\u0435\u0440\u0430 \u0438 \u044d\u043a\u0441\u0442\u0435\u0440\u044c\u0435\u0440\u0430. \u041b\u0435\u0433\u043a\u0438\u0439 \u043c\u043e\u043d\u0442\u0430\u0436, \u0441\u044a\u0435\u043c\u043d\u044b\u0435 \u043f\u043e\u0434\u0443\u0448\u043a\u0438, \u0443\u0441\u0442\u043e\u0439\u0447\u0438\u0432\u044b\u0439 \u043a \u0432\u043b\u0430\u0433\u0435.","og_url":"https:\/\/xstyle.md\/ro\/produs\/sofa-amazonas-siena-due-taupe\/","og_site_name":"\u041c\u0430\u0433\u0430\u0437\u0438\u043d Xstyle","article_publisher":"https:\/\/www.facebook.com\/xstylemd","article_modified_time":"2026-03-19T13:44:48+00:00","og_image":[{"width":1500,"height":998,"url":"https:\/\/xstyle.md\/wp-content\/uploads\/2021\/05\/sofa-amazonas-siena-due-taupe.jpg","type":"image\/jpeg"}],"twitter_card":"summary_large_image","twitter_misc":{"Pre\u021b":"15.590&nbsp;MDL","Disponibilitate":"\u00cen stoc"},"schema":{"@context":"https:\/\/schema.org","@graph":[{"@type":"WebPage","@id":"https:\/\/xstyle.md\/product\/sofa-amazonas-siena-due-taupe\/","url":"https:\/\/xstyle.md\/product\/sofa-amazonas-siena-due-taupe\/","name":"Canapea Amazonas Siena Due taupe - Magazin Xstyle","isPartOf":{"@id":"https:\/\/xstyle.md\/#website"},"primaryImageOfPage":{"@id":"https:\/\/xstyle.md\/product\/sofa-amazonas-siena-due-taupe\/#primaryimage"},"image":{"@id":"https:\/\/xstyle.md\/product\/sofa-amazonas-siena-due-taupe\/#primaryimage"},"thumbnailUrl":"https:\/\/xstyle.md\/wp-content\/uploads\/2021\/05\/sofa-amazonas-siena-due-taupe.jpg","datePublished":"2021-05-31T13:34:07+00:00","dateModified":"2026-03-19T13:44:48+00:00","description":"Sofa Amazonas Siena Due taupe \u2014 o canapea elegant\u0103 \u0219i practic\u0103 pentru dou\u0103 persoane, perfect\u0103 pentru interior \u0219i exterior. Montaj u\u0219or, perne deta\u0219abile, rezistent\u0103 la umiditate.","breadcrumb":{"@id":"https:\/\/xstyle.md\/product\/sofa-amazonas-siena-due-taupe\/#breadcrumb"},"inLanguage":"ro-RO","potentialAction":[{"@type":"ReadAction","target":["https:\/\/xstyle.md\/product\/sofa-amazonas-siena-due-taupe\/"]}]},{"@type":"ImageObject","inLanguage":"ro-RO","@id":"https:\/\/xstyle.md\/product\/sofa-amazonas-siena-due-taupe\/#primaryimage","url":"https:\/\/xstyle.md\/wp-content\/uploads\/2021\/05\/sofa-amazonas-siena-due-taupe.jpg","contentUrl":"https:\/\/xstyle.md\/wp-content\/uploads\/2021\/05\/sofa-amazonas-siena-due-taupe.jpg","width":1500,"height":998,"caption":"\u0410\u043a\u0442\u0438\u0432\u043d\u0430\u044f \u0436\u0438\u0437\u043d\u044c \u0438 \u043f\u0443\u0442\u0435\u0448\u0435\u0441\u0442\u0432\u0438\u044f \u043c\u0435\u0431\u0435\u043b\u044c \u0421\u043e\u0444\u0430 Amazonas Siena Due taupe \u0434\u043b\u044f \u043e\u0434\u0435\u0436\u0434\u044b \u0438 \u0441\u043d\u0430\u0440\u044f\u0436\u0435\u043d\u0438\u044f \u0434\u043b\u044f \u043f\u043e\u0445\u043e\u0434\u043e\u0432 \u0438 \u0430\u043b\u044c\u043f\u0438\u043d\u0438\u0437\u043c\u0430 \u043d\u0430 \u043e\u043d\u043b\u0430\u0439\u043d \u043c\u0430\u0433\u0430\u0437\u0438\u043d\u0435"},{"@type":"BreadcrumbList","@id":"https:\/\/xstyle.md\/product\/sofa-amazonas-siena-due-taupe\/#breadcrumb","itemListElement":[{"@type":"ListItem","position":1,"name":"\u0413\u043b\u0430\u0432\u043d\u0430\u044f \u0441\u0442\u0440\u0430\u043d\u0438\u0446\u0430","item":"https:\/\/xstyle.md\/"},{"@type":"ListItem","position":2,"name":"\u041c\u0430\u0433\u0430\u0437\u0438\u043d","item":"https:\/\/xstyle.md\/shop\/"},{"@type":"ListItem","position":3,"name":"\u0421\u043e\u0444\u0430 Amazonas Siena Due taupe"}]},{"@type":"WebSite","@id":"https:\/\/xstyle.md\/#website","url":"https:\/\/xstyle.md\/","name":"Magazinul X-Style","description":"Echipamente pentru turism \u0219i sporturi extreme \u00een Moldova. Pre\u021buri, fotografii, caracteristici \u00een Moldova.","publisher":{"@id":"https:\/\/xstyle.md\/#organization"},"alternateName":"X-Style","potentialAction":[{"@type":"SearchAction","target":{"@type":"EntryPoint","urlTemplate":"https:\/\/xstyle.md\/?s={search_term_string}"},"query-input":{"@type":"PropertyValueSpecification","valueRequired":true,"valueName":"search_term_string"}}],"inLanguage":"ro-RO"},{"@type":"Organization","@id":"https:\/\/xstyle.md\/#organization","name":"Magazinul X-Style","alternateName":"x-style","url":"https:\/\/xstyle.md\/","logo":{"@type":"ImageObject","inLanguage":"ro-RO","@id":"https:\/\/xstyle.md\/#\/schema\/logo\/image\/","url":"https:\/\/xstyle.md\/wp-content\/uploads\/2020\/06\/logoicon.svg","contentUrl":"https:\/\/xstyle.md\/wp-content\/uploads\/2020\/06\/logoicon.svg","caption":"\u041c\u0430\u0433\u0430\u0437\u0438\u043d Xstyle"},"image":{"@id":"https:\/\/xstyle.md\/#\/schema\/logo\/image\/"},"sameAs":["https:\/\/www.facebook.com\/xstylemd","https:\/\/www.instagram.com\/xstyle_md\/","https:\/\/t.me\/xstyle_outdoor"],"hasMerchantReturnPolicy":{"@type":"MerchantReturnPolicy","merchantReturnLink":"https:\/\/xstyle.md\/ro\/conditions\/"}}]},"product_price_amount":"15590.00","product_price_currency":"MDL","og_availability":"instock","product_availability":"instock","product_retailer_item_id":"4030454006583","product_condition":"new"},"post_mailing_queue_ids":[],"_links":{"self":[{"href":"https:\/\/xstyle.md\/ro\/wp-json\/wp\/v2\/product\/34750","targetHints":{"allow":["GET"]}}],"collection":[{"href":"https:\/\/xstyle.md\/ro\/wp-json\/wp\/v2\/product"}],"about":[{"href":"https:\/\/xstyle.md\/ro\/wp-json\/wp\/v2\/types\/product"}],"replies":[{"embeddable":true,"href":"https:\/\/xstyle.md\/ro\/wp-json\/wp\/v2\/comments?post=34750"}],"wp:featuredmedia":[{"embeddable":true,"href":"https:\/\/xstyle.md\/ro\/wp-json\/wp\/v2\/media\/35053"}],"wp:attachment":[{"href":"https:\/\/xstyle.md\/ro\/wp-json\/wp\/v2\/media?parent=34750"}],"wp:term":[{"taxonomy":"product_brand","embeddable":true,"href":"https:\/\/xstyle.md\/ro\/wp-json\/wp\/v2\/product_brand?post=34750"},{"taxonomy":"product_cat","embeddable":true,"href":"https:\/\/xstyle.md\/ro\/wp-json\/wp\/v2\/product_cat?post=34750"},{"taxonomy":"product_tag","embeddable":true,"href":"https:\/\/xstyle.md\/ro\/wp-json\/wp\/v2\/product_tag?post=34750"}],"curies":[{"name":"wp","href":"https:\/\/api.w.org\/{rel}","templated":true}]}}