{"id":34114,"date":"2021-05-18T13:45:45","date_gmt":"2021-05-18T10:45:45","guid":{"rendered":"https:\/\/xstyle.md\/?post_type=product&#038;p=34114"},"modified":"2026-03-19T16:44:41","modified_gmt":"2026-03-19T13:44:41","slug":"sandalii-zhenskie-keen-terradora-ll","status":"publish","type":"product","link":"https:\/\/xstyle.md\/ro\/produs\/sandalii-zhenskie-keen-terradora-ll\/","title":{"rendered":"Sandale Keen Terradora ll Wmn"},"content":{"rendered":"<\/p>\n<p><strong>Sandale pentru femei Keen Terradora ll &#8212;\u00a0<\/strong>noile sandale pentru femei sunt concepute pentru reprezentan\u021bii activi \u0219i pozitivi ai sexului frumos, care sunt mereu \u00een mi\u0219care \u0219i nu se vor opri pentru nimic.<\/p>\n<p>Curelele frontale reglabile pe lipici \u0219i curelele din plastic din spate faciliteaz\u0103 ajustarea la dimensiunea potrivit\u0103. Talpa exterioar\u0103 KEEN.ALL-TERRAIN are o aderen\u021b\u0103 excelent\u0103 pe orice suprafa\u021b\u0103.<\/p>\n<p>O caracteristic\u0103 distinctiv\u0103 a acestui model este luarea \u00een considerare a caracteristicilor anatomice ale piciorului feminin \u00een combina\u021bie cu o serie de dezvolt\u0103ri de \u00eenalt\u0103 tehnologie: t\u0103lpi interioare cu efect de \u201ememorie\u201d \u0219i suport suplimentar pentru arcul piciorului, izola\u021bie extrem de func\u021bional\u0103, \u201eanti-alunecare\u201d cu proeminen\u021be multidirec\u021bionale \u0219i multe altele. \u00cen ora\u0219, sandalele vor satisface orice nevoie!<\/p>\n<h3>Particularit\u0103\u021bi<\/h3>\n<ul>\n<li>Talpa nu las\u0103 urme pe podea;<\/li>\n<li>KEEN.ALL-TERRAIN &#8212; talpa exterioara din cauciuc;<\/li>\n<li>Aderen\u021b\u0103 \u0219i amortizare maxim\u0103;<\/li>\n<li>Curelele sunt fabricate din sticle de plastic reciclate;<\/li>\n<li>Bretelele din fa\u021b\u0103 pe lipici, bretelele din spate pe clem\u0103 cu \u0219nur.<\/li>\n<\/ul>\n<\/div>\n<div>\n<h3>Caracteristici<\/h3>\n<ul>\n<li>Material superior &#8212; curele realizate din sticle de plastic reciclat PET;<\/li>\n<li>Talp\u0103 interioar\u0103 &#8212; EVA;<\/li>\n<li>Talp\u0103 intermediar\u0103 &#8212; EVA cu suport pentru picior;<\/li>\n<li>Talp\u0103 exterioar\u0103 \u2013 cauciuc;<\/li>\n<li>Destina\u021bie &#8212; ora\u0219;<\/li>\n<li>Greutate \u2013 233 g.<\/li>\n<\/ul>\n<\/div>\n<div>\n<h3>Tehnologii<\/h3>\n<ul>\n<li><strong>Cleansport NXT &#8212;<\/strong>\u00a0tehnologie inovatoare de control al mirosurilor. Respira\u021bia urat mirositoare este cauzat\u0103 de bacteriile care se dezvolt\u0103 prin transpira\u021bie. Pentru a neutraliza mirosul, al\u021bi microbi sunt utiliza\u021bi pentru a se hr\u0103ni cu bacteriile care cauzeaz\u0103 mirosul, transform\u00e2nd transpira\u021bia \u00een ap\u0103 \u0219i CO2. Tehnologia este non-toxic\u0103 \u0219i nu d\u0103uneaz\u0103 mediului \u00eenconjur\u0103tor. Pe fiecare centimetru p\u0103trat al c\u0103ptu\u0219elii se afl\u0103 100.000.000 de microbi activi, form\u00e2nd un strat protector care este gata s\u0103 reac\u021bioneze de \u00eendat\u0103 ce are loc contactul cu transpira\u021bia. Aceast\u0103 tehnologie men\u021bine \u00eenc\u0103l\u021b\u0103mintea proasp\u0103t\u0103.<\/li>\n<\/ul>\n<p><img decoding=\"async\" class=\"alignnone\" src=\"https:\/\/xstyle.md\/wp-content\/uploads\/2021\/01\/razmer_keen.jpg\" alt=\"\" \/><\/p>\n<h3 class=\"clear\" data-reader-unique-id=\"32\">Marca<\/h3>\n<p>KEEN \u2014 compania outdoor cu cea mai rapid\u0103 cre\u0219tere din lume. Keen s-a n\u0103scut relativ recent, \u00een martie 2003. Fondatorii s\u0103i, Martin Keane \u0219i Rory Fuest, \u0219i-au propus s\u0103 creeze sandale care s\u0103 ofere protec\u021bie degetelor de la picioare.<\/p>\n<p>Primii pantofi KEEN au fost concepu\u021bi pentru sporturi nautice. O tr\u0103s\u0103tur\u0103 distinctiv\u0103 a modelelor este pernu\u021ba \u00eent\u0103rit\u0103 care protejeaz\u0103 degetele, de asemenea protejeaz\u0103 de uzur\u0103 \u0219i deteriorare.<\/p>\n<p>\u00cen prezent, KEEN ofer\u0103 at\u00e2t \u00eenc\u0103l\u021b\u0103minte conceput\u0103 pentru activit\u0103\u021bi \u00een aer liber \u0219i sport, c\u00e2t \u0219i \u00eenc\u0103l\u021b\u0103minte la mod\u0103 pentru ora\u0219. Compania este \u00een cre\u0219tere \u0219i se dezvolt\u0103 rapid, odat\u0103 cu cre\u0219terea, se schimb\u0103 constant: \u00ee\u0219i extinde gama, ad\u0103ug\u0103 noi stiluri \u0219i culori.<\/p>\n<p><\/p>","protected":false},"excerpt":{"rendered":"<p>Sandale Keen Terradora ll Wmn<\/p>","protected":false},"featured_media":34115,"comment_status":"open","ping_status":"closed","template":"","meta":{"_acf_changed":false,"inline_featured_image":false},"product_brand":[1335],"product_cat":[134],"product_tag":[],"class_list":{"0":"post-34114","1":"product","2":"type-product","3":"status-publish","4":"has-post-thumbnail","6":"product_brand-keen","7":"product_cat-summer-shoes","9":"first","10":"instock","11":"shipping-taxable","12":"purchasable","13":"product-type-simple"},"acf":[],"yoast_head":"<!-- This site is optimized with the Yoast SEO plugin v27.2 - https:\/\/yoast.com\/product\/yoast-seo-wordpress\/ -->\n<title>\u0421\u0430\u043d\u0434\u0430\u043b\u0438\u0438 \u0436\u0435\u043d\u0441\u043a\u0438\u0435 Keen Terradora ll - \u041c\u0430\u0433\u0430\u0437\u0438\u043d Xstyle<\/title>\n<meta name=\"description\" content=\"\u0421\u0430\u043d\u0434\u0430\u043b\u0438\u0438 \u0436\u0435\u043d\u0441\u043a\u0438\u0435 Keen Terradora ll \u2014 \u0438\u0434\u0435\u0430\u043b\u044c\u043d\u044b\u0439 \u0432\u044b\u0431\u043e\u0440 \u0434\u043b\u044f \u0430\u043a\u0442\u0438\u0432\u043d\u044b\u0445 \u0436\u0435\u043d\u0449\u0438\u043d! \u0423\u0434\u043e\u0431\u0441\u0442\u0432\u043e, \u0441\u0442\u0438\u043b\u044c \u0438 \u043d\u0430\u0434\u0435\u0436\u043d\u043e\u0441\u0442\u044c. \u041f\u043e\u0434\u0434\u0435\u0440\u0436\u0438\u0442\u0435 \u0441\u0432\u043e\u0438 \u043f\u0440\u0438\u043a\u043b\u044e\u0447\u0435\u043d\u0438\u044f \u0441 Keen!\" \/>\n<meta name=\"robots\" content=\"index, follow, max-snippet:-1, max-image-preview:large, max-video-preview:-1\" \/>\n<link rel=\"canonical\" href=\"https:\/\/xstyle.md\/ro\/produs\/sandalii-zhenskie-keen-terradora-ll\/\" \/>\n<meta property=\"og:locale\" content=\"ro_RO\" \/>\n<meta property=\"og:type\" content=\"article\" \/>\n<meta property=\"og:title\" content=\"\u0421\u0430\u043d\u0434\u0430\u043b\u0438\u0438 \u0436\u0435\u043d\u0441\u043a\u0438\u0435 Keen Terradora ll - \u041c\u0430\u0433\u0430\u0437\u0438\u043d Xstyle\" \/>\n<meta property=\"og:description\" content=\"\u0421\u0430\u043d\u0434\u0430\u043b\u0438\u0438 \u0436\u0435\u043d\u0441\u043a\u0438\u0435 Keen Terradora ll \u2014 \u0438\u0434\u0435\u0430\u043b\u044c\u043d\u044b\u0439 \u0432\u044b\u0431\u043e\u0440 \u0434\u043b\u044f \u0430\u043a\u0442\u0438\u0432\u043d\u044b\u0445 \u0436\u0435\u043d\u0449\u0438\u043d! \u0423\u0434\u043e\u0431\u0441\u0442\u0432\u043e, \u0441\u0442\u0438\u043b\u044c \u0438 \u043d\u0430\u0434\u0435\u0436\u043d\u043e\u0441\u0442\u044c. \u041f\u043e\u0434\u0434\u0435\u0440\u0436\u0438\u0442\u0435 \u0441\u0432\u043e\u0438 \u043f\u0440\u0438\u043a\u043b\u044e\u0447\u0435\u043d\u0438\u044f \u0441 Keen!\" \/>\n<meta property=\"og:url\" content=\"https:\/\/xstyle.md\/ro\/produs\/sandalii-zhenskie-keen-terradora-ll\/\" \/>\n<meta property=\"og:site_name\" content=\"\u041c\u0430\u0433\u0430\u0437\u0438\u043d Xstyle\" \/>\n<meta property=\"article:publisher\" content=\"https:\/\/www.facebook.com\/xstylemd\" \/>\n<meta property=\"article:modified_time\" content=\"2026-03-19T13:44:41+00:00\" \/>\n<meta property=\"og:image\" content=\"https:\/\/xstyle.md\/wp-content\/uploads\/2021\/05\/sandalii-zhenskie-keen-terradora-ll.jpg\" \/>\n\t<meta property=\"og:image:width\" content=\"1100\" \/>\n\t<meta property=\"og:image:height\" content=\"1100\" \/>\n\t<meta property=\"og:image:type\" content=\"image\/jpeg\" \/>\n<meta name=\"twitter:card\" content=\"summary_large_image\" \/>\n<meta name=\"twitter:label1\" content=\"Pre\u021b\" \/>\n\t<meta name=\"twitter:data1\" content=\"1.690&nbsp;MDL\" \/>\n\t<meta name=\"twitter:label2\" content=\"Disponibilitate\" \/>\n\t<meta name=\"twitter:data2\" content=\"\u00cen stoc\" \/>\n<script type=\"application\/ld+json\" class=\"yoast-schema-graph\">{\"@context\":\"https:\/\/schema.org\",\"@graph\":[{\"@type\":\"WebPage\",\"@id\":\"https:\/\/xstyle.md\/product\/sandalii-zhenskie-keen-terradora-ll\/\",\"url\":\"https:\/\/xstyle.md\/product\/sandalii-zhenskie-keen-terradora-ll\/\",\"name\":\"\u0421\u0430\u043d\u0434\u0430\u043b\u0438\u0438 \u0436\u0435\u043d\u0441\u043a\u0438\u0435 Keen Terradora ll - \u041c\u0430\u0433\u0430\u0437\u0438\u043d Xstyle\",\"isPartOf\":{\"@id\":\"https:\/\/xstyle.md\/#website\"},\"primaryImageOfPage\":{\"@id\":\"https:\/\/xstyle.md\/product\/sandalii-zhenskie-keen-terradora-ll\/#primaryimage\"},\"image\":{\"@id\":\"https:\/\/xstyle.md\/product\/sandalii-zhenskie-keen-terradora-ll\/#primaryimage\"},\"thumbnailUrl\":\"https:\/\/xstyle.md\/wp-content\/uploads\/2021\/05\/sandalii-zhenskie-keen-terradora-ll.jpg\",\"datePublished\":\"2021-05-18T10:45:45+00:00\",\"dateModified\":\"2026-03-19T13:44:41+00:00\",\"description\":\"\u0421\u0430\u043d\u0434\u0430\u043b\u0438\u0438 \u0436\u0435\u043d\u0441\u043a\u0438\u0435 Keen Terradora ll \u2014 \u0438\u0434\u0435\u0430\u043b\u044c\u043d\u044b\u0439 \u0432\u044b\u0431\u043e\u0440 \u0434\u043b\u044f \u0430\u043a\u0442\u0438\u0432\u043d\u044b\u0445 \u0436\u0435\u043d\u0449\u0438\u043d! \u0423\u0434\u043e\u0431\u0441\u0442\u0432\u043e, \u0441\u0442\u0438\u043b\u044c \u0438 \u043d\u0430\u0434\u0435\u0436\u043d\u043e\u0441\u0442\u044c. \u041f\u043e\u0434\u0434\u0435\u0440\u0436\u0438\u0442\u0435 \u0441\u0432\u043e\u0438 \u043f\u0440\u0438\u043a\u043b\u044e\u0447\u0435\u043d\u0438\u044f \u0441 Keen!\",\"breadcrumb\":{\"@id\":\"https:\/\/xstyle.md\/product\/sandalii-zhenskie-keen-terradora-ll\/#breadcrumb\"},\"inLanguage\":\"ro-RO\",\"potentialAction\":[{\"@type\":\"ReadAction\",\"target\":[\"https:\/\/xstyle.md\/product\/sandalii-zhenskie-keen-terradora-ll\/\"]}]},{\"@type\":\"ImageObject\",\"inLanguage\":\"ro-RO\",\"@id\":\"https:\/\/xstyle.md\/product\/sandalii-zhenskie-keen-terradora-ll\/#primaryimage\",\"url\":\"https:\/\/xstyle.md\/wp-content\/uploads\/2021\/05\/sandalii-zhenskie-keen-terradora-ll.jpg\",\"contentUrl\":\"https:\/\/xstyle.md\/wp-content\/uploads\/2021\/05\/sandalii-zhenskie-keen-terradora-ll.jpg\",\"width\":1100,\"height\":1100,\"caption\":\"\u0416\u0435\u043d\u0441\u043a\u0438\u0435 \u0441\u0430\u043d\u0434\u0430\u043b\u0438\u0438 Keen Terradora ll \u0434\u043b\u044f \u0430\u043a\u0442\u0438\u0432\u043d\u043e\u0433\u043e \u043e\u0442\u0434\u044b\u0445\u0430 \u0438 \u043f\u0443\u0442\u0435\u0448\u0435\u0441\u0442\u0432\u0438\u0439, \u043e\u0431\u0443\u0432\u044c \u0434\u043b\u044f \u0445\u0430\u0439\u043a\u0438\u043d\u0433\u0430 \u0438 \u0430\u043b\u044c\u043f\u0438\u043d\u0438\u0437\u043c\u0430, \u0441\u043f\u043e\u0440\u0442\u0438\u0432\u043d\u0430\u044f \u044d\u043a\u0438\u043f\u0438\u0440\u043e\u0432\u043a\u0430 \u0434\u043b\u044f \u0430\u043a\u0442\u0438\u0432\u043d\u043e\u0439 \u0436\u0438\u0437\u043d\u0438\"},{\"@type\":\"BreadcrumbList\",\"@id\":\"https:\/\/xstyle.md\/product\/sandalii-zhenskie-keen-terradora-ll\/#breadcrumb\",\"itemListElement\":[{\"@type\":\"ListItem\",\"position\":1,\"name\":\"\u0413\u043b\u0430\u0432\u043d\u0430\u044f \u0441\u0442\u0440\u0430\u043d\u0438\u0446\u0430\",\"item\":\"https:\/\/xstyle.md\/\"},{\"@type\":\"ListItem\",\"position\":2,\"name\":\"\u041c\u0430\u0433\u0430\u0437\u0438\u043d\",\"item\":\"https:\/\/xstyle.md\/shop\/\"},{\"@type\":\"ListItem\",\"position\":3,\"name\":\"\u0421\u0430\u043d\u0434\u0430\u043b\u0438\u0438 \u0436\u0435\u043d\u0441\u043a\u0438\u0435 Keen Terradora ll\"}]},{\"@type\":\"WebSite\",\"@id\":\"https:\/\/xstyle.md\/#website\",\"url\":\"https:\/\/xstyle.md\/\",\"name\":\"\u041c\u0430\u0433\u0430\u0437\u0438\u043d Xstyle\",\"description\":\"C\u043d\u0430\u0440\u044f\u0436\u0435\u043d\u0438\u0435 \u0434\u043b\u044f \u0442\u0443\u0440\u0438\u0437\u043c\u0430 \u0438 \u044d\u043a\u0441\u0442\u0440\u0435\u043c\u0430\u043b\u044c\u043d\u044b\u0445 \u0432\u0438\u0434\u043e\u0432 \u0441\u043f\u043e\u0440\u0442\u0430 \u0432 \u041c\u043e\u043b\u0434\u043e\u0432\u0435.. \u0426\u0435\u043d\u044b, \u0444\u043e\u0442\u043e, \u0445\u0430\u0440\u0430\u043a\u0442\u0435\u0440\u0438\u0441\u0442\u0438\u043a\u0438 \u0432 \u041c\u043e\u043b\u0434\u043e\u0432\u0435.\",\"publisher\":{\"@id\":\"https:\/\/xstyle.md\/#organization\"},\"alternateName\":\"X-Style\",\"potentialAction\":[{\"@type\":\"SearchAction\",\"target\":{\"@type\":\"EntryPoint\",\"urlTemplate\":\"https:\/\/xstyle.md\/?s={search_term_string}\"},\"query-input\":{\"@type\":\"PropertyValueSpecification\",\"valueRequired\":true,\"valueName\":\"search_term_string\"}}],\"inLanguage\":\"ro-RO\"},{\"@type\":\"Organization\",\"@id\":\"https:\/\/xstyle.md\/#organization\",\"name\":\"\u041c\u0430\u0433\u0430\u0437\u0438\u043d Xstyle\",\"alternateName\":\"x-style\",\"url\":\"https:\/\/xstyle.md\/\",\"logo\":{\"@type\":\"ImageObject\",\"inLanguage\":\"ro-RO\",\"@id\":\"https:\/\/xstyle.md\/#\/schema\/logo\/image\/\",\"url\":\"https:\/\/xstyle.md\/wp-content\/uploads\/2020\/06\/logoicon.svg\",\"contentUrl\":\"https:\/\/xstyle.md\/wp-content\/uploads\/2020\/06\/logoicon.svg\",\"caption\":\"\u041c\u0430\u0433\u0430\u0437\u0438\u043d Xstyle\"},\"image\":{\"@id\":\"https:\/\/xstyle.md\/#\/schema\/logo\/image\/\"},\"sameAs\":[\"https:\/\/www.facebook.com\/xstylemd\",\"https:\/\/www.instagram.com\/xstyle_md\/\",\"https:\/\/t.me\/xstyle_outdoor\"],\"hasMerchantReturnPolicy\":{\"@type\":\"MerchantReturnPolicy\",\"merchantReturnLink\":\"https:\/\/xstyle.md\/ro\/conditions\/\"}}]}<\/script>\n<meta property=\"product:price:amount\" content=\"1690.00\" \/>\n<meta property=\"product:price:currency\" content=\"MDL\" \/>\n<meta property=\"og:availability\" content=\"instock\" \/>\n<meta property=\"product:availability\" content=\"instock\" \/>\n<meta property=\"product:retailer_item_id\" content=\"191190490600\" \/>\n<meta property=\"product:condition\" content=\"new\" \/>\n<!-- \/ Yoast SEO plugin. -->","yoast_head_json":{"title":"Sandale pentru femei Keen Terradora ll - Magazin Xstyle","description":"Sandale femei Keen Terradora ll \u2014 alegerea ideal\u0103 pentru femeile active! Confort, stil \u0219i fiabilitate. Sus\u021bine-\u021bi aventurile cu Keen!","robots":{"index":"index","follow":"follow","max-snippet":"max-snippet:-1","max-image-preview":"max-image-preview:large","max-video-preview":"max-video-preview:-1"},"canonical":"https:\/\/xstyle.md\/ro\/produs\/sandalii-zhenskie-keen-terradora-ll\/","og_locale":"ro_RO","og_type":"article","og_title":"\u0421\u0430\u043d\u0434\u0430\u043b\u0438\u0438 \u0436\u0435\u043d\u0441\u043a\u0438\u0435 Keen Terradora ll - \u041c\u0430\u0433\u0430\u0437\u0438\u043d Xstyle","og_description":"\u0421\u0430\u043d\u0434\u0430\u043b\u0438\u0438 \u0436\u0435\u043d\u0441\u043a\u0438\u0435 Keen Terradora ll \u2014 \u0438\u0434\u0435\u0430\u043b\u044c\u043d\u044b\u0439 \u0432\u044b\u0431\u043e\u0440 \u0434\u043b\u044f \u0430\u043a\u0442\u0438\u0432\u043d\u044b\u0445 \u0436\u0435\u043d\u0449\u0438\u043d! \u0423\u0434\u043e\u0431\u0441\u0442\u0432\u043e, \u0441\u0442\u0438\u043b\u044c \u0438 \u043d\u0430\u0434\u0435\u0436\u043d\u043e\u0441\u0442\u044c. \u041f\u043e\u0434\u0434\u0435\u0440\u0436\u0438\u0442\u0435 \u0441\u0432\u043e\u0438 \u043f\u0440\u0438\u043a\u043b\u044e\u0447\u0435\u043d\u0438\u044f \u0441 Keen!","og_url":"https:\/\/xstyle.md\/ro\/produs\/sandalii-zhenskie-keen-terradora-ll\/","og_site_name":"\u041c\u0430\u0433\u0430\u0437\u0438\u043d Xstyle","article_publisher":"https:\/\/www.facebook.com\/xstylemd","article_modified_time":"2026-03-19T13:44:41+00:00","og_image":[{"width":1100,"height":1100,"url":"https:\/\/xstyle.md\/wp-content\/uploads\/2021\/05\/sandalii-zhenskie-keen-terradora-ll.jpg","type":"image\/jpeg"}],"twitter_card":"summary_large_image","twitter_misc":{"Pre\u021b":"1.690&nbsp;MDL","Disponibilitate":"\u00cen stoc"},"schema":{"@context":"https:\/\/schema.org","@graph":[{"@type":"WebPage","@id":"https:\/\/xstyle.md\/product\/sandalii-zhenskie-keen-terradora-ll\/","url":"https:\/\/xstyle.md\/product\/sandalii-zhenskie-keen-terradora-ll\/","name":"Sandale pentru femei Keen Terradora ll - Magazin Xstyle","isPartOf":{"@id":"https:\/\/xstyle.md\/#website"},"primaryImageOfPage":{"@id":"https:\/\/xstyle.md\/product\/sandalii-zhenskie-keen-terradora-ll\/#primaryimage"},"image":{"@id":"https:\/\/xstyle.md\/product\/sandalii-zhenskie-keen-terradora-ll\/#primaryimage"},"thumbnailUrl":"https:\/\/xstyle.md\/wp-content\/uploads\/2021\/05\/sandalii-zhenskie-keen-terradora-ll.jpg","datePublished":"2021-05-18T10:45:45+00:00","dateModified":"2026-03-19T13:44:41+00:00","description":"Sandale femei Keen Terradora ll \u2014 alegerea ideal\u0103 pentru femeile active! Confort, stil \u0219i fiabilitate. Sus\u021bine-\u021bi aventurile cu Keen!","breadcrumb":{"@id":"https:\/\/xstyle.md\/product\/sandalii-zhenskie-keen-terradora-ll\/#breadcrumb"},"inLanguage":"ro-RO","potentialAction":[{"@type":"ReadAction","target":["https:\/\/xstyle.md\/product\/sandalii-zhenskie-keen-terradora-ll\/"]}]},{"@type":"ImageObject","inLanguage":"ro-RO","@id":"https:\/\/xstyle.md\/product\/sandalii-zhenskie-keen-terradora-ll\/#primaryimage","url":"https:\/\/xstyle.md\/wp-content\/uploads\/2021\/05\/sandalii-zhenskie-keen-terradora-ll.jpg","contentUrl":"https:\/\/xstyle.md\/wp-content\/uploads\/2021\/05\/sandalii-zhenskie-keen-terradora-ll.jpg","width":1100,"height":1100,"caption":"\u0416\u0435\u043d\u0441\u043a\u0438\u0435 \u0441\u0430\u043d\u0434\u0430\u043b\u0438\u0438 Keen Terradora ll \u0434\u043b\u044f \u0430\u043a\u0442\u0438\u0432\u043d\u043e\u0433\u043e \u043e\u0442\u0434\u044b\u0445\u0430 \u0438 \u043f\u0443\u0442\u0435\u0448\u0435\u0441\u0442\u0432\u0438\u0439, \u043e\u0431\u0443\u0432\u044c \u0434\u043b\u044f \u0445\u0430\u0439\u043a\u0438\u043d\u0433\u0430 \u0438 \u0430\u043b\u044c\u043f\u0438\u043d\u0438\u0437\u043c\u0430, \u0441\u043f\u043e\u0440\u0442\u0438\u0432\u043d\u0430\u044f \u044d\u043a\u0438\u043f\u0438\u0440\u043e\u0432\u043a\u0430 \u0434\u043b\u044f \u0430\u043a\u0442\u0438\u0432\u043d\u043e\u0439 \u0436\u0438\u0437\u043d\u0438"},{"@type":"BreadcrumbList","@id":"https:\/\/xstyle.md\/product\/sandalii-zhenskie-keen-terradora-ll\/#breadcrumb","itemListElement":[{"@type":"ListItem","position":1,"name":"\u0413\u043b\u0430\u0432\u043d\u0430\u044f \u0441\u0442\u0440\u0430\u043d\u0438\u0446\u0430","item":"https:\/\/xstyle.md\/"},{"@type":"ListItem","position":2,"name":"\u041c\u0430\u0433\u0430\u0437\u0438\u043d","item":"https:\/\/xstyle.md\/shop\/"},{"@type":"ListItem","position":3,"name":"\u0421\u0430\u043d\u0434\u0430\u043b\u0438\u0438 \u0436\u0435\u043d\u0441\u043a\u0438\u0435 Keen Terradora ll"}]},{"@type":"WebSite","@id":"https:\/\/xstyle.md\/#website","url":"https:\/\/xstyle.md\/","name":"Magazinul X-Style","description":"Echipamente pentru turism \u0219i sporturi extreme \u00een Moldova. Pre\u021buri, fotografii, caracteristici \u00een Moldova.","publisher":{"@id":"https:\/\/xstyle.md\/#organization"},"alternateName":"X-Style","potentialAction":[{"@type":"SearchAction","target":{"@type":"EntryPoint","urlTemplate":"https:\/\/xstyle.md\/?s={search_term_string}"},"query-input":{"@type":"PropertyValueSpecification","valueRequired":true,"valueName":"search_term_string"}}],"inLanguage":"ro-RO"},{"@type":"Organization","@id":"https:\/\/xstyle.md\/#organization","name":"Magazinul X-Style","alternateName":"x-style","url":"https:\/\/xstyle.md\/","logo":{"@type":"ImageObject","inLanguage":"ro-RO","@id":"https:\/\/xstyle.md\/#\/schema\/logo\/image\/","url":"https:\/\/xstyle.md\/wp-content\/uploads\/2020\/06\/logoicon.svg","contentUrl":"https:\/\/xstyle.md\/wp-content\/uploads\/2020\/06\/logoicon.svg","caption":"\u041c\u0430\u0433\u0430\u0437\u0438\u043d Xstyle"},"image":{"@id":"https:\/\/xstyle.md\/#\/schema\/logo\/image\/"},"sameAs":["https:\/\/www.facebook.com\/xstylemd","https:\/\/www.instagram.com\/xstyle_md\/","https:\/\/t.me\/xstyle_outdoor"],"hasMerchantReturnPolicy":{"@type":"MerchantReturnPolicy","merchantReturnLink":"https:\/\/xstyle.md\/ro\/conditions\/"}}]},"product_price_amount":"1690.00","product_price_currency":"MDL","og_availability":"instock","product_availability":"instock","product_retailer_item_id":"191190490600","product_condition":"new"},"post_mailing_queue_ids":[],"_links":{"self":[{"href":"https:\/\/xstyle.md\/ro\/wp-json\/wp\/v2\/product\/34114","targetHints":{"allow":["GET"]}}],"collection":[{"href":"https:\/\/xstyle.md\/ro\/wp-json\/wp\/v2\/product"}],"about":[{"href":"https:\/\/xstyle.md\/ro\/wp-json\/wp\/v2\/types\/product"}],"replies":[{"embeddable":true,"href":"https:\/\/xstyle.md\/ro\/wp-json\/wp\/v2\/comments?post=34114"}],"wp:featuredmedia":[{"embeddable":true,"href":"https:\/\/xstyle.md\/ro\/wp-json\/wp\/v2\/media\/34115"}],"wp:attachment":[{"href":"https:\/\/xstyle.md\/ro\/wp-json\/wp\/v2\/media?parent=34114"}],"wp:term":[{"taxonomy":"product_brand","embeddable":true,"href":"https:\/\/xstyle.md\/ro\/wp-json\/wp\/v2\/product_brand?post=34114"},{"taxonomy":"product_cat","embeddable":true,"href":"https:\/\/xstyle.md\/ro\/wp-json\/wp\/v2\/product_cat?post=34114"},{"taxonomy":"product_tag","embeddable":true,"href":"https:\/\/xstyle.md\/ro\/wp-json\/wp\/v2\/product_tag?post=34114"}],"curies":[{"name":"wp","href":"https:\/\/api.w.org\/{rel}","templated":true}]}}