{"id":34089,"date":"2021-05-28T12:27:47","date_gmt":"2021-05-28T09:27:47","guid":{"rendered":"https:\/\/xstyle.md\/?post_type=product&#038;p=34089"},"modified":"2026-03-19T16:21:00","modified_gmt":"2026-03-19T13:21:00","slug":"podlozhka-hannah-groundsheet-2-graphite-2","status":"publish","type":"product","link":"https:\/\/xstyle.md\/ro\/produs\/podlozhka-hannah-groundsheet-2-graphite-2\/","title":{"rendered":"Suport Hannah GroundSheet 2 Graphite"},"content":{"rendered":"<\/p>\n<p>Suport <strong>Hannah GroundSheet 2 Graphite\u00a0<\/strong>protejeaz\u0103 cortul \u00eempotriva deterior\u0103rilor mecanice. Pute\u021bi amplasa cortul pe teren umed sau pe iarb\u0103. Rezisten\u021b\u0103 foarte mare la ap\u0103, de 10.000 mm coloan\u0103 de ap\u0103. Are patru bucle pentru fixarea la cort.<\/p>\n<h3>Caracteristici<\/h3>\n<ul>\n<li>Material &#8212; poliuretan 68D PU, 10000 mm<\/li>\n<li>Dimensiuni &#8212; 225 x 155 cm<\/li>\n<li>Greutate &#8212; 350g.<\/li>\n<\/ul>\n<p><\/p>\n<h3>Marca<\/h3>\n<p>Hannah \u2014 este un brand interna\u021bional, specializat \u00een produc\u021bia de produse turistice \u0219i \u00eembr\u0103c\u0103minte sportiv\u0103 pentru orice sezon. Brandul Hannah a fost fondat \u00een Cehia \u00een 1991. Compania a ob\u021binut succese bune pe pia\u021ba intern\u0103, datorit\u0103 calit\u0103\u021bii \u00eenalte \u0219i politicii de pre\u021buri accesibile pentru fiecare produs.<\/p>\n<p>La \u00eenceput, compania fabrica produse conform standardelor interna\u021bionale, deoarece au \u00een\u021beles pe deplin importan\u021ba unei reputa\u021bii excelente. \u00cen acest sens, s-a alocat mult timp selec\u021biei materialelor de \u00eenalt\u0103 calitate, care sunt rezistente la uzur\u0103 \u0219i rezistente la ap\u0103. Ast\u0103zi, brandul nu st\u0103 pe loc, catalogul lor este \u00een permanen\u021b\u0103 actualizat \u0219i extins, iar produsele pot fi g\u0103site \u00een toat\u0103 lumea.<\/p>","protected":false},"excerpt":{"rendered":"<p>Suport Hannah GroundSheet 2 Graphite<\/p>","protected":false},"featured_media":34091,"comment_status":"open","ping_status":"closed","template":"","meta":{"_acf_changed":false,"inline_featured_image":false},"product_brand":[1271],"product_cat":[312],"product_tag":[],"class_list":{"0":"post-34089","1":"product","2":"type-product","3":"status-publish","4":"has-post-thumbnail","6":"product_brand-hannah","7":"product_cat-accessories-for-tents","9":"first","10":"instock","11":"shipping-taxable","12":"purchasable","13":"product-type-simple"},"acf":[],"yoast_head":"<!-- This site is optimized with the Yoast SEO plugin v27.4 - https:\/\/yoast.com\/product\/yoast-seo-wordpress\/ -->\n<title>\u041f\u043e\u0434\u043b\u043e\u0436\u043a\u0430 Hannah GroundSheet 2 Graphite - \u041c\u0430\u0433\u0430\u0437\u0438\u043d Xstyle<\/title>\n<meta name=\"description\" content=\"\u041f\u043e\u0434\u043b\u043e\u0436\u043a\u0430 Hannah GroundSheet 2 Graphite \u0437\u0430\u0449\u0438\u0449\u0430\u0435\u0442 \u0432\u0430\u0448 \u0442\u0435\u043d\u0442 \u043e\u0442 \u043f\u043e\u0432\u0440\u0435\u0436\u0434\u0435\u043d\u0438\u0439, \u043f\u043e\u0434\u0445\u043e\u0434\u0438\u0442 \u0434\u043b\u044f \u0432\u043b\u0430\u0436\u043d\u044b\u0445 \u0443\u0441\u043b\u043e\u0432\u0438\u0439, \u043e\u0431\u0435\u0441\u043f\u0435\u0447\u0438\u0432\u0430\u044f \u0437\u0430\u0449\u0438\u0442\u0443 \u043f\u0440\u0438 \u0434\u043e\u0436\u0434\u043b\u0438\u0432\u043e\u0439 \u043f\u043e\u0433\u043e\u0434\u0435.\" \/>\n<meta name=\"robots\" content=\"index, follow, max-snippet:-1, max-image-preview:large, max-video-preview:-1\" \/>\n<link rel=\"canonical\" href=\"https:\/\/xstyle.md\/ro\/produs\/podlozhka-hannah-groundsheet-2-graphite-2\/\" \/>\n<meta property=\"og:locale\" content=\"ro_RO\" \/>\n<meta property=\"og:type\" content=\"article\" \/>\n<meta property=\"og:title\" content=\"\u041f\u043e\u0434\u043b\u043e\u0436\u043a\u0430 Hannah GroundSheet 2 Graphite - \u041c\u0430\u0433\u0430\u0437\u0438\u043d Xstyle\" \/>\n<meta property=\"og:description\" content=\"\u041f\u043e\u0434\u043b\u043e\u0436\u043a\u0430 Hannah GroundSheet 2 Graphite \u0437\u0430\u0449\u0438\u0449\u0430\u0435\u0442 \u0432\u0430\u0448 \u0442\u0435\u043d\u0442 \u043e\u0442 \u043f\u043e\u0432\u0440\u0435\u0436\u0434\u0435\u043d\u0438\u0439, \u043f\u043e\u0434\u0445\u043e\u0434\u0438\u0442 \u0434\u043b\u044f \u0432\u043b\u0430\u0436\u043d\u044b\u0445 \u0443\u0441\u043b\u043e\u0432\u0438\u0439, \u043e\u0431\u0435\u0441\u043f\u0435\u0447\u0438\u0432\u0430\u044f \u0437\u0430\u0449\u0438\u0442\u0443 \u043f\u0440\u0438 \u0434\u043e\u0436\u0434\u043b\u0438\u0432\u043e\u0439 \u043f\u043e\u0433\u043e\u0434\u0435.\" \/>\n<meta property=\"og:url\" content=\"https:\/\/xstyle.md\/ro\/produs\/podlozhka-hannah-groundsheet-2-graphite-2\/\" \/>\n<meta property=\"og:site_name\" content=\"\u041c\u0430\u0433\u0430\u0437\u0438\u043d Xstyle\" \/>\n<meta property=\"article:publisher\" content=\"https:\/\/www.facebook.com\/xstylemd\" \/>\n<meta property=\"article:modified_time\" content=\"2026-03-19T13:21:00+00:00\" \/>\n<meta property=\"og:image\" content=\"https:\/\/xstyle.md\/wp-content\/uploads\/2021\/05\/podlozhka-hannah-groundsheet-2-graphite.jpg\" \/>\n\t<meta property=\"og:image:width\" content=\"1000\" \/>\n\t<meta property=\"og:image:height\" content=\"704\" \/>\n\t<meta property=\"og:image:type\" content=\"image\/jpeg\" \/>\n<meta name=\"twitter:card\" content=\"summary_large_image\" \/>\n<meta name=\"twitter:label1\" content=\"Pre\u021b\" \/>\n\t<meta name=\"twitter:data1\" content=\"590&nbsp;MDL\" \/>\n\t<meta name=\"twitter:label2\" content=\"Disponibilitate\" \/>\n\t<meta name=\"twitter:data2\" content=\"\u00cen stoc\" \/>\n<script type=\"application\/ld+json\" class=\"yoast-schema-graph\">{\"@context\":\"https:\\\/\\\/schema.org\",\"@graph\":[{\"@type\":\"WebPage\",\"@id\":\"https:\\\/\\\/xstyle.md\\\/product\\\/podlozhka-hannah-groundsheet-2-graphite-2\\\/\",\"url\":\"https:\\\/\\\/xstyle.md\\\/product\\\/podlozhka-hannah-groundsheet-2-graphite-2\\\/\",\"name\":\"\u041f\u043e\u0434\u043b\u043e\u0436\u043a\u0430 Hannah GroundSheet 2 Graphite - \u041c\u0430\u0433\u0430\u0437\u0438\u043d Xstyle\",\"isPartOf\":{\"@id\":\"https:\\\/\\\/xstyle.md\\\/#website\"},\"primaryImageOfPage\":{\"@id\":\"https:\\\/\\\/xstyle.md\\\/product\\\/podlozhka-hannah-groundsheet-2-graphite-2\\\/#primaryimage\"},\"image\":{\"@id\":\"https:\\\/\\\/xstyle.md\\\/product\\\/podlozhka-hannah-groundsheet-2-graphite-2\\\/#primaryimage\"},\"thumbnailUrl\":\"https:\\\/\\\/xstyle.md\\\/wp-content\\\/uploads\\\/2021\\\/05\\\/podlozhka-hannah-groundsheet-2-graphite.jpg\",\"datePublished\":\"2021-05-28T09:27:47+00:00\",\"dateModified\":\"2026-03-19T13:21:00+00:00\",\"description\":\"\u041f\u043e\u0434\u043b\u043e\u0436\u043a\u0430 Hannah GroundSheet 2 Graphite \u0437\u0430\u0449\u0438\u0449\u0430\u0435\u0442 \u0432\u0430\u0448 \u0442\u0435\u043d\u0442 \u043e\u0442 \u043f\u043e\u0432\u0440\u0435\u0436\u0434\u0435\u043d\u0438\u0439, \u043f\u043e\u0434\u0445\u043e\u0434\u0438\u0442 \u0434\u043b\u044f \u0432\u043b\u0430\u0436\u043d\u044b\u0445 \u0443\u0441\u043b\u043e\u0432\u0438\u0439, \u043e\u0431\u0435\u0441\u043f\u0435\u0447\u0438\u0432\u0430\u044f \u0437\u0430\u0449\u0438\u0442\u0443 \u043f\u0440\u0438 \u0434\u043e\u0436\u0434\u043b\u0438\u0432\u043e\u0439 \u043f\u043e\u0433\u043e\u0434\u0435.\",\"breadcrumb\":{\"@id\":\"https:\\\/\\\/xstyle.md\\\/product\\\/podlozhka-hannah-groundsheet-2-graphite-2\\\/#breadcrumb\"},\"inLanguage\":\"ro-RO\",\"potentialAction\":[{\"@type\":\"ReadAction\",\"target\":[\"https:\\\/\\\/xstyle.md\\\/product\\\/podlozhka-hannah-groundsheet-2-graphite-2\\\/\"]}]},{\"@type\":\"ImageObject\",\"inLanguage\":\"ro-RO\",\"@id\":\"https:\\\/\\\/xstyle.md\\\/product\\\/podlozhka-hannah-groundsheet-2-graphite-2\\\/#primaryimage\",\"url\":\"https:\\\/\\\/xstyle.md\\\/wp-content\\\/uploads\\\/2021\\\/05\\\/podlozhka-hannah-groundsheet-2-graphite.jpg\",\"contentUrl\":\"https:\\\/\\\/xstyle.md\\\/wp-content\\\/uploads\\\/2021\\\/05\\\/podlozhka-hannah-groundsheet-2-graphite.jpg\",\"width\":1000,\"height\":704,\"caption\":\"\u041f\u043e\u0434\u043b\u043e\u0436\u043a\u0430 Hannah GroundSheet 2 Graphite \u0434\u043b\u044f \u0430\u043a\u0442\u0438\u0432\u043d\u043e\u0433\u043e \u043e\u0442\u0434\u044b\u0445\u0430, \u043f\u043e\u0445\u043e\u0434\u043e\u0432 \u0438 \u043f\u0443\u0442\u0435\u0448\u0435\u0441\u0442\u0432\u0438\u0439, \u043e\u0434\u0435\u0436\u0434\u0430 \u0438 \u043e\u0431\u0443\u0432\u044c \u0434\u043b\u044f \u0442\u0443\u0440\u0438\u0437\u043c\u0430 \u0438 \u0430\u043b\u044c\u043f\u0438\u043d\u0438\u0437\u043c\u0430\"},{\"@type\":\"BreadcrumbList\",\"@id\":\"https:\\\/\\\/xstyle.md\\\/product\\\/podlozhka-hannah-groundsheet-2-graphite-2\\\/#breadcrumb\",\"itemListElement\":[{\"@type\":\"ListItem\",\"position\":1,\"name\":\"\u0413\u043b\u0430\u0432\u043d\u0430\u044f \u0441\u0442\u0440\u0430\u043d\u0438\u0446\u0430\",\"item\":\"https:\\\/\\\/xstyle.md\\\/\"},{\"@type\":\"ListItem\",\"position\":2,\"name\":\"\u041c\u0430\u0433\u0430\u0437\u0438\u043d\",\"item\":\"https:\\\/\\\/xstyle.md\\\/shop\\\/\"},{\"@type\":\"ListItem\",\"position\":3,\"name\":\"\u041f\u043e\u0434\u043b\u043e\u0436\u043a\u0430 Hannah GroundSheet 2 Graphite\"}]},{\"@type\":\"WebSite\",\"@id\":\"https:\\\/\\\/xstyle.md\\\/#website\",\"url\":\"https:\\\/\\\/xstyle.md\\\/\",\"name\":\"\u041c\u0430\u0433\u0430\u0437\u0438\u043d Xstyle\",\"description\":\"C\u043d\u0430\u0440\u044f\u0436\u0435\u043d\u0438\u0435 \u0434\u043b\u044f \u0442\u0443\u0440\u0438\u0437\u043c\u0430 \u0438 \u044d\u043a\u0441\u0442\u0440\u0435\u043c\u0430\u043b\u044c\u043d\u044b\u0445 \u0432\u0438\u0434\u043e\u0432 \u0441\u043f\u043e\u0440\u0442\u0430 \u0432 \u041c\u043e\u043b\u0434\u043e\u0432\u0435.. \u0426\u0435\u043d\u044b, \u0444\u043e\u0442\u043e, \u0445\u0430\u0440\u0430\u043a\u0442\u0435\u0440\u0438\u0441\u0442\u0438\u043a\u0438 \u0432 \u041c\u043e\u043b\u0434\u043e\u0432\u0435.\",\"publisher\":{\"@id\":\"https:\\\/\\\/xstyle.md\\\/#organization\"},\"alternateName\":\"X-Style\",\"potentialAction\":[{\"@type\":\"SearchAction\",\"target\":{\"@type\":\"EntryPoint\",\"urlTemplate\":\"https:\\\/\\\/xstyle.md\\\/?s={search_term_string}\"},\"query-input\":{\"@type\":\"PropertyValueSpecification\",\"valueRequired\":true,\"valueName\":\"search_term_string\"}}],\"inLanguage\":\"ro-RO\"},{\"@type\":\"Organization\",\"@id\":\"https:\\\/\\\/xstyle.md\\\/#organization\",\"name\":\"\u041c\u0430\u0433\u0430\u0437\u0438\u043d Xstyle\",\"alternateName\":\"x-style\",\"url\":\"https:\\\/\\\/xstyle.md\\\/\",\"logo\":{\"@type\":\"ImageObject\",\"inLanguage\":\"ro-RO\",\"@id\":\"https:\\\/\\\/xstyle.md\\\/#\\\/schema\\\/logo\\\/image\\\/\",\"url\":\"https:\\\/\\\/xstyle.md\\\/wp-content\\\/uploads\\\/2020\\\/06\\\/logoicon.svg\",\"contentUrl\":\"https:\\\/\\\/xstyle.md\\\/wp-content\\\/uploads\\\/2020\\\/06\\\/logoicon.svg\",\"caption\":\"\u041c\u0430\u0433\u0430\u0437\u0438\u043d Xstyle\"},\"image\":{\"@id\":\"https:\\\/\\\/xstyle.md\\\/#\\\/schema\\\/logo\\\/image\\\/\"},\"sameAs\":[\"https:\\\/\\\/www.facebook.com\\\/xstylemd\",\"https:\\\/\\\/www.instagram.com\\\/xstyle_md\\\/\",\"https:\\\/\\\/t.me\\\/xstyle_outdoor\"],\"hasMerchantReturnPolicy\":{\"@type\":\"MerchantReturnPolicy\",\"merchantReturnLink\":\"https:\\\/\\\/xstyle.md\\\/ro\\\/conditions\\\/\"}}]}<\/script>\n<meta property=\"product:price:amount\" content=\"590.00\" \/>\n<meta property=\"product:price:currency\" content=\"MDL\" \/>\n<meta property=\"og:availability\" content=\"instock\" \/>\n<meta property=\"product:availability\" content=\"instock\" \/>\n<meta property=\"product:retailer_item_id\" content=\"8591203681186\" \/>\n<meta property=\"product:condition\" content=\"new\" \/>\n<!-- \/ Yoast SEO plugin. -->","yoast_head_json":{"title":"Suport Hannah GroundSheet 2 Graphite - Magazin Xstyle","description":"Substratul Hannah GroundSheet 2 Graphite protejeaz\u0103 cortul dumneavoastr\u0103 de daune, fiind potrivit pentru condi\u021bii umede, oferind protec\u021bie \u00een vreme ploioas\u0103.","robots":{"index":"index","follow":"follow","max-snippet":"max-snippet:-1","max-image-preview":"max-image-preview:large","max-video-preview":"max-video-preview:-1"},"canonical":"https:\/\/xstyle.md\/ro\/produs\/podlozhka-hannah-groundsheet-2-graphite-2\/","og_locale":"ro_RO","og_type":"article","og_title":"\u041f\u043e\u0434\u043b\u043e\u0436\u043a\u0430 Hannah GroundSheet 2 Graphite - \u041c\u0430\u0433\u0430\u0437\u0438\u043d Xstyle","og_description":"\u041f\u043e\u0434\u043b\u043e\u0436\u043a\u0430 Hannah GroundSheet 2 Graphite \u0437\u0430\u0449\u0438\u0449\u0430\u0435\u0442 \u0432\u0430\u0448 \u0442\u0435\u043d\u0442 \u043e\u0442 \u043f\u043e\u0432\u0440\u0435\u0436\u0434\u0435\u043d\u0438\u0439, \u043f\u043e\u0434\u0445\u043e\u0434\u0438\u0442 \u0434\u043b\u044f \u0432\u043b\u0430\u0436\u043d\u044b\u0445 \u0443\u0441\u043b\u043e\u0432\u0438\u0439, \u043e\u0431\u0435\u0441\u043f\u0435\u0447\u0438\u0432\u0430\u044f \u0437\u0430\u0449\u0438\u0442\u0443 \u043f\u0440\u0438 \u0434\u043e\u0436\u0434\u043b\u0438\u0432\u043e\u0439 \u043f\u043e\u0433\u043e\u0434\u0435.","og_url":"https:\/\/xstyle.md\/ro\/produs\/podlozhka-hannah-groundsheet-2-graphite-2\/","og_site_name":"\u041c\u0430\u0433\u0430\u0437\u0438\u043d Xstyle","article_publisher":"https:\/\/www.facebook.com\/xstylemd","article_modified_time":"2026-03-19T13:21:00+00:00","og_image":[{"width":1000,"height":704,"url":"https:\/\/xstyle.md\/wp-content\/uploads\/2021\/05\/podlozhka-hannah-groundsheet-2-graphite.jpg","type":"image\/jpeg"}],"twitter_card":"summary_large_image","twitter_misc":{"Pre\u021b":"590&nbsp;MDL","Disponibilitate":"\u00cen stoc"},"schema":{"@context":"https:\/\/schema.org","@graph":[{"@type":"WebPage","@id":"https:\/\/xstyle.md\/product\/podlozhka-hannah-groundsheet-2-graphite-2\/","url":"https:\/\/xstyle.md\/product\/podlozhka-hannah-groundsheet-2-graphite-2\/","name":"Suport Hannah GroundSheet 2 Graphite - Magazin Xstyle","isPartOf":{"@id":"https:\/\/xstyle.md\/#website"},"primaryImageOfPage":{"@id":"https:\/\/xstyle.md\/product\/podlozhka-hannah-groundsheet-2-graphite-2\/#primaryimage"},"image":{"@id":"https:\/\/xstyle.md\/product\/podlozhka-hannah-groundsheet-2-graphite-2\/#primaryimage"},"thumbnailUrl":"https:\/\/xstyle.md\/wp-content\/uploads\/2021\/05\/podlozhka-hannah-groundsheet-2-graphite.jpg","datePublished":"2021-05-28T09:27:47+00:00","dateModified":"2026-03-19T13:21:00+00:00","description":"Substratul Hannah GroundSheet 2 Graphite protejeaz\u0103 cortul dumneavoastr\u0103 de daune, fiind potrivit pentru condi\u021bii umede, oferind protec\u021bie \u00een vreme ploioas\u0103.","breadcrumb":{"@id":"https:\/\/xstyle.md\/product\/podlozhka-hannah-groundsheet-2-graphite-2\/#breadcrumb"},"inLanguage":"ro-RO","potentialAction":[{"@type":"ReadAction","target":["https:\/\/xstyle.md\/product\/podlozhka-hannah-groundsheet-2-graphite-2\/"]}]},{"@type":"ImageObject","inLanguage":"ro-RO","@id":"https:\/\/xstyle.md\/product\/podlozhka-hannah-groundsheet-2-graphite-2\/#primaryimage","url":"https:\/\/xstyle.md\/wp-content\/uploads\/2021\/05\/podlozhka-hannah-groundsheet-2-graphite.jpg","contentUrl":"https:\/\/xstyle.md\/wp-content\/uploads\/2021\/05\/podlozhka-hannah-groundsheet-2-graphite.jpg","width":1000,"height":704,"caption":"\u041f\u043e\u0434\u043b\u043e\u0436\u043a\u0430 Hannah GroundSheet 2 Graphite \u0434\u043b\u044f \u0430\u043a\u0442\u0438\u0432\u043d\u043e\u0433\u043e \u043e\u0442\u0434\u044b\u0445\u0430, \u043f\u043e\u0445\u043e\u0434\u043e\u0432 \u0438 \u043f\u0443\u0442\u0435\u0448\u0435\u0441\u0442\u0432\u0438\u0439, \u043e\u0434\u0435\u0436\u0434\u0430 \u0438 \u043e\u0431\u0443\u0432\u044c \u0434\u043b\u044f \u0442\u0443\u0440\u0438\u0437\u043c\u0430 \u0438 \u0430\u043b\u044c\u043f\u0438\u043d\u0438\u0437\u043c\u0430"},{"@type":"BreadcrumbList","@id":"https:\/\/xstyle.md\/product\/podlozhka-hannah-groundsheet-2-graphite-2\/#breadcrumb","itemListElement":[{"@type":"ListItem","position":1,"name":"\u0413\u043b\u0430\u0432\u043d\u0430\u044f \u0441\u0442\u0440\u0430\u043d\u0438\u0446\u0430","item":"https:\/\/xstyle.md\/"},{"@type":"ListItem","position":2,"name":"\u041c\u0430\u0433\u0430\u0437\u0438\u043d","item":"https:\/\/xstyle.md\/shop\/"},{"@type":"ListItem","position":3,"name":"\u041f\u043e\u0434\u043b\u043e\u0436\u043a\u0430 Hannah GroundSheet 2 Graphite"}]},{"@type":"WebSite","@id":"https:\/\/xstyle.md\/#website","url":"https:\/\/xstyle.md\/","name":"Magazinul X-Style","description":"Echipamente pentru turism \u0219i sporturi extreme \u00een Moldova. Pre\u021buri, fotografii, caracteristici \u00een Moldova.","publisher":{"@id":"https:\/\/xstyle.md\/#organization"},"alternateName":"X-Style","potentialAction":[{"@type":"SearchAction","target":{"@type":"EntryPoint","urlTemplate":"https:\/\/xstyle.md\/?s={search_term_string}"},"query-input":{"@type":"PropertyValueSpecification","valueRequired":true,"valueName":"search_term_string"}}],"inLanguage":"ro-RO"},{"@type":"Organization","@id":"https:\/\/xstyle.md\/#organization","name":"Magazinul X-Style","alternateName":"x-style","url":"https:\/\/xstyle.md\/","logo":{"@type":"ImageObject","inLanguage":"ro-RO","@id":"https:\/\/xstyle.md\/#\/schema\/logo\/image\/","url":"https:\/\/xstyle.md\/wp-content\/uploads\/2020\/06\/logoicon.svg","contentUrl":"https:\/\/xstyle.md\/wp-content\/uploads\/2020\/06\/logoicon.svg","caption":"\u041c\u0430\u0433\u0430\u0437\u0438\u043d Xstyle"},"image":{"@id":"https:\/\/xstyle.md\/#\/schema\/logo\/image\/"},"sameAs":["https:\/\/www.facebook.com\/xstylemd","https:\/\/www.instagram.com\/xstyle_md\/","https:\/\/t.me\/xstyle_outdoor"],"hasMerchantReturnPolicy":{"@type":"MerchantReturnPolicy","merchantReturnLink":"https:\/\/xstyle.md\/ro\/conditions\/"}}]},"product_price_amount":"590.00","product_price_currency":"MDL","og_availability":"instock","product_availability":"instock","product_retailer_item_id":"8591203681186","product_condition":"new"},"post_mailing_queue_ids":[],"_links":{"self":[{"href":"https:\/\/xstyle.md\/ro\/wp-json\/wp\/v2\/product\/34089","targetHints":{"allow":["GET"]}}],"collection":[{"href":"https:\/\/xstyle.md\/ro\/wp-json\/wp\/v2\/product"}],"about":[{"href":"https:\/\/xstyle.md\/ro\/wp-json\/wp\/v2\/types\/product"}],"replies":[{"embeddable":true,"href":"https:\/\/xstyle.md\/ro\/wp-json\/wp\/v2\/comments?post=34089"}],"wp:featuredmedia":[{"embeddable":true,"href":"https:\/\/xstyle.md\/ro\/wp-json\/wp\/v2\/media\/34091"}],"wp:attachment":[{"href":"https:\/\/xstyle.md\/ro\/wp-json\/wp\/v2\/media?parent=34089"}],"wp:term":[{"taxonomy":"product_brand","embeddable":true,"href":"https:\/\/xstyle.md\/ro\/wp-json\/wp\/v2\/product_brand?post=34089"},{"taxonomy":"product_cat","embeddable":true,"href":"https:\/\/xstyle.md\/ro\/wp-json\/wp\/v2\/product_cat?post=34089"},{"taxonomy":"product_tag","embeddable":true,"href":"https:\/\/xstyle.md\/ro\/wp-json\/wp\/v2\/product_tag?post=34089"}],"curies":[{"name":"wp","href":"https:\/\/api.w.org\/{rel}","templated":true}]}}