{"id":3404,"date":"2020-07-16T19:00:17","date_gmt":"2020-07-16T16:00:17","guid":{"rendered":"https:\/\/xstyle.md\/product\/rjukzak-deuter-ypsilon"},"modified":"2024-10-19T23:41:29","modified_gmt":"2024-10-19T20:41:29","slug":"rjukzak-deuter-ypsilon","status":"publish","type":"product","link":"https:\/\/xstyle.md\/ro\/produs\/rjukzak-deuter-ypsilon\/","title":{"rendered":"Rucsac Deuter Ypsilon"},"content":{"rendered":"<\/p>\n<p><strong>Rucsac Deuter Ypsilon<\/strong> perfect pentru \u0219coal\u0103, ora\u0219, c\u0103l\u0103torii \u0219i drume\u021bii u\u0219oare. Se a\u0219eaz\u0103 confortabil pe spate \u0219i \u00eei permite copilului dvs. s\u0103 fie activ f\u0103r\u0103 a-i restric\u021biona mi\u0219c\u0103rile. Sistemul de sp\u0103tar permite aerului s\u0103 circule liber \u00eentre rucsac \u0219i spate \u0219i distribuie \u00eenc\u0103rc\u0103tura c\u00e2t mai uniform posibil. Designul inteligent asigur\u0103 libertate de mi\u0219care \u0219i confort. Rucsacul a fost proiectat \u021bin\u00e2nd cont de anatomia copiilor, cu un spate mai scurt \u0219i curele u\u0219or mai \u00eenguste dec\u00e2t de obicei.<\/p>\n<h3>Particularit\u0103\u021bi<\/h3>\n<ul>\n<li>Sistem unic de ventila\u021bie spate Airstripes<\/li>\n<li>Cureaua de \u0219old reglabil\u0103 u\u0219or \u0219i simplu<\/li>\n<li>Cureaua elastic\u0103 reglabil\u0103 pentru piept<\/li>\n<li>Curele de um\u0103r ergonomice, robuste \u0219i fiabile, cu margini c\u0103ptu\u0219ite<\/li>\n<li>Curele de compresie moi \u0219i confortabile<\/li>\n<li>Compartiment interior spa\u021bios \u0219i mare<\/li>\n<li>Dou\u0103 buzunare frontale mari cu \u00eenchidere cu fermoar<\/li>\n<li>Dou\u0103 buzunare mici laterale elastice<\/li>\n<li>Bucla practic\u0103 pentru ata\u0219area unei lanterne<\/li>\n<li>Reflectoare moderne 3M<\/li>\n<\/ul>\n<h3>Caracteristici<\/h3>\n<ul>\n<li>Greutate &#8212; 1200 g<\/li>\n<li>Volum &#8212; 28 litri<\/li>\n<li>Dimensiuni &#8212; 46 x 32 x 22 (H x L x P) cm<\/li>\n<li>Material &#8212; Super-Polytex<\/li>\n<li>Potrivit pentru bagajele de m\u00e2n\u0103<\/li>\n<li>Hus\u0103 de ploaie &#8212; nu<\/li>\n<li>Ventila\u021bie &#8212; da<\/li>\n<li>Destina\u021bie &#8212; urban\u0103, drume\u021bii<\/li>\n<li>Model &#8212; pentru copii<\/li>\n<\/ul>\n<h3>Tehnologie<\/h3>\n<ul>\n<li><strong>Airstripes System<\/strong> asigur\u0103 o potrivire confortabil\u0103 \u0219i o ventila\u021bie eficient\u0103. Se bazeaz\u0103 pe dou\u0103 profile de spum\u0103 turnat\u0103 cu multiple canale de aer acoperite cu Wide Air Mesh respirabil. Acest sistem de suspensie asigur\u0103 nu numai o ventila\u021bie eficient\u0103, ci \u0219i cel mai bun echilibru posibil al \u00eenc\u0103rc\u0103turii.<\/li>\n<li><strong>Super-Polytex<\/strong> &#8212; \u021bes\u0103tur\u0103 durabil\u0103, u\u0219oar\u0103, multifunc\u021bional\u0103, fabricat\u0103 din fire de 600 den cu \u00eenveli\u0219 PU \u00eent\u0103rit. Folosit\u0103 pentru a reduce greutatea rucsacurilor utilizate \u00een condi\u021bii moderate.<\/li>\n<\/ul>\n<h3>Marca<\/h3>\n<p>Deuter este o marc\u0103 german\u0103 de gen\u021bi de sport \u0219i gen\u021bi pentru drume\u021bii, trekking, sporturi de iarn\u0103 \u0219i alte scopuri. Istoria companiei dateaz\u0103 de mai bine de 100 de ani: fondat\u0103 de Hans Deuter \u00een 1898, la \u00eenceputul secolului XX Deuter furniza deja saci po\u0219tali pentru Po\u0219ta Regal\u0103 Bavarez\u0103, iar \u00een anii 1910 &#8212; rucsacuri, gen\u021bi, curele \u0219i corturi pentru armat\u0103.<\/p>\n<p>Fiind unul dintre cei mai importan\u021bi produc\u0103tori de rucsacuri, Deuter a cooperat \u00eentotdeauna cu alpini\u0219ti experimenta\u021bi, care \u00eemp\u0103rt\u0103\u0219esc din experien\u021ba \u0219i cuno\u0219tin\u021bele lor bogate. Deuter nu se opre\u0219te la rezultatele ob\u021binute, lucr\u00e2nd \u00een mod constant la calitate \u0219i la \u00eembun\u0103t\u0103\u021birea produselor sale. Speciali\u0219tii companiei sunt mereu \u00een c\u0103utare de noi solu\u021bii tehnice care s\u0103 v\u0103 asigure confortul \u0219i siguran\u021ba.<\/p>\n<p><\/p>","protected":false},"excerpt":{"rendered":"<p>Rucsac Deuter Ypsilon<\/p>","protected":false},"featured_media":86856,"comment_status":"open","ping_status":"closed","template":"","meta":{"_acf_changed":false,"inline_featured_image":false},"product_brand":[1261],"product_cat":[844,1169],"product_tag":[],"class_list":{"0":"post-3404","1":"product","2":"type-product","3":"status-publish","4":"has-post-thumbnail","6":"product_brand-deuter","7":"product_cat-children-bag","8":"product_cat-rucsacuri-de-scoala","10":"first","11":"instock","12":"sale","13":"shipping-taxable","14":"purchasable","15":"product-type-simple"},"acf":[],"yoast_head":"<!-- This site is optimized with the Yoast SEO plugin v27.4 - https:\/\/yoast.com\/product\/yoast-seo-wordpress\/ -->\n<title>\u0420\u044e\u043a\u0437\u0430\u043a Deuter Ypsilon - \u041c\u0430\u0433\u0430\u0437\u0438\u043d Xstyle<\/title>\n<meta name=\"description\" content=\"\u0420\u044e\u043a\u0437\u0430\u043a Deuter Ypsilon \u0438\u0434\u0435\u0430\u043b\u044c\u043d\u043e \u043f\u043e\u0434\u0445\u043e\u0434\u0438\u0442 \u0434\u043b\u044f \u0448\u043a\u043e\u043b\u044b, \u043f\u0443\u0442\u0435\u0448\u0435\u0441\u0442\u0432\u0438\u0439 \u0438 \u043b\u0435\u0433\u043a\u0438\u0445 \u043f\u043e\u0445\u043e\u0434\u043e\u0432. \u0423\u0434\u043e\u0431\u043d\u0430\u044f \u0441\u043f\u0438\u043d\u043a\u0430 \u0438 \u0432\u043e\u0437\u0434\u0443\u0445\u043e\u043f\u0440\u043e\u043d\u0438\u0446\u0430\u0435\u043c\u044b\u0435 \u043c\u0430\u0442\u0435\u0440\u0438\u0430\u043b\u044b \u043e\u0431\u0435\u0441\u043f\u0435\u0447\u0438\u0432\u0430\u044e\u0442 \u043a\u043e\u043c\u0444\u043e\u0440\u0442.\" \/>\n<meta name=\"robots\" content=\"index, follow, max-snippet:-1, max-image-preview:large, max-video-preview:-1\" \/>\n<link rel=\"canonical\" href=\"https:\/\/xstyle.md\/ro\/produs\/rjukzak-deuter-ypsilon\/\" \/>\n<meta property=\"og:locale\" content=\"ro_RO\" \/>\n<meta property=\"og:type\" content=\"article\" \/>\n<meta property=\"og:title\" content=\"\u0420\u044e\u043a\u0437\u0430\u043a Deuter Ypsilon - \u041c\u0430\u0433\u0430\u0437\u0438\u043d Xstyle\" \/>\n<meta property=\"og:description\" content=\"\u0420\u044e\u043a\u0437\u0430\u043a Deuter Ypsilon \u0438\u0434\u0435\u0430\u043b\u044c\u043d\u043e \u043f\u043e\u0434\u0445\u043e\u0434\u0438\u0442 \u0434\u043b\u044f \u0448\u043a\u043e\u043b\u044b, \u043f\u0443\u0442\u0435\u0448\u0435\u0441\u0442\u0432\u0438\u0439 \u0438 \u043b\u0435\u0433\u043a\u0438\u0445 \u043f\u043e\u0445\u043e\u0434\u043e\u0432. \u0423\u0434\u043e\u0431\u043d\u0430\u044f \u0441\u043f\u0438\u043d\u043a\u0430 \u0438 \u0432\u043e\u0437\u0434\u0443\u0445\u043e\u043f\u0440\u043e\u043d\u0438\u0446\u0430\u0435\u043c\u044b\u0435 \u043c\u0430\u0442\u0435\u0440\u0438\u0430\u043b\u044b \u043e\u0431\u0435\u0441\u043f\u0435\u0447\u0438\u0432\u0430\u044e\u0442 \u043a\u043e\u043c\u0444\u043e\u0440\u0442.\" \/>\n<meta property=\"og:url\" content=\"https:\/\/xstyle.md\/ro\/produs\/rjukzak-deuter-ypsilon\/\" \/>\n<meta property=\"og:site_name\" content=\"\u041c\u0430\u0433\u0430\u0437\u0438\u043d Xstyle\" \/>\n<meta property=\"article:publisher\" content=\"https:\/\/www.facebook.com\/xstylemd\" \/>\n<meta property=\"article:modified_time\" content=\"2024-10-19T20:41:29+00:00\" \/>\n<meta property=\"og:image\" content=\"https:\/\/xstyle.md\/wp-content\/uploads\/2020\/07\/deuter-ypsilon-bay-steel.jpg\" \/>\n\t<meta property=\"og:image:width\" content=\"1206\" \/>\n\t<meta property=\"og:image:height\" content=\"1158\" \/>\n\t<meta property=\"og:image:type\" content=\"image\/jpeg\" \/>\n<meta name=\"twitter:card\" content=\"summary_large_image\" \/>\n<meta name=\"twitter:label1\" content=\"Pre\u021b\" \/>\n\t<meta name=\"twitter:data1\" content=\"1.680&nbsp;MDL\" \/>\n\t<meta name=\"twitter:label2\" content=\"Disponibilitate\" \/>\n\t<meta name=\"twitter:data2\" content=\"\u00cen stoc\" \/>\n<script type=\"application\/ld+json\" class=\"yoast-schema-graph\">{\"@context\":\"https:\\\/\\\/schema.org\",\"@graph\":[{\"@type\":\"WebPage\",\"@id\":\"https:\\\/\\\/xstyle.md\\\/product\\\/rjukzak-deuter-ypsilon\\\/\",\"url\":\"https:\\\/\\\/xstyle.md\\\/product\\\/rjukzak-deuter-ypsilon\\\/\",\"name\":\"\u0420\u044e\u043a\u0437\u0430\u043a Deuter Ypsilon - \u041c\u0430\u0433\u0430\u0437\u0438\u043d Xstyle\",\"isPartOf\":{\"@id\":\"https:\\\/\\\/xstyle.md\\\/#website\"},\"primaryImageOfPage\":{\"@id\":\"https:\\\/\\\/xstyle.md\\\/product\\\/rjukzak-deuter-ypsilon\\\/#primaryimage\"},\"image\":{\"@id\":\"https:\\\/\\\/xstyle.md\\\/product\\\/rjukzak-deuter-ypsilon\\\/#primaryimage\"},\"thumbnailUrl\":\"https:\\\/\\\/xstyle.md\\\/wp-content\\\/uploads\\\/2020\\\/07\\\/deuter-ypsilon-bay-steel.jpg\",\"datePublished\":\"2020-07-16T16:00:17+00:00\",\"dateModified\":\"2024-10-19T20:41:29+00:00\",\"description\":\"\u0420\u044e\u043a\u0437\u0430\u043a Deuter Ypsilon \u0438\u0434\u0435\u0430\u043b\u044c\u043d\u043e \u043f\u043e\u0434\u0445\u043e\u0434\u0438\u0442 \u0434\u043b\u044f \u0448\u043a\u043e\u043b\u044b, \u043f\u0443\u0442\u0435\u0448\u0435\u0441\u0442\u0432\u0438\u0439 \u0438 \u043b\u0435\u0433\u043a\u0438\u0445 \u043f\u043e\u0445\u043e\u0434\u043e\u0432. \u0423\u0434\u043e\u0431\u043d\u0430\u044f \u0441\u043f\u0438\u043d\u043a\u0430 \u0438 \u0432\u043e\u0437\u0434\u0443\u0445\u043e\u043f\u0440\u043e\u043d\u0438\u0446\u0430\u0435\u043c\u044b\u0435 \u043c\u0430\u0442\u0435\u0440\u0438\u0430\u043b\u044b \u043e\u0431\u0435\u0441\u043f\u0435\u0447\u0438\u0432\u0430\u044e\u0442 \u043a\u043e\u043c\u0444\u043e\u0440\u0442.\",\"breadcrumb\":{\"@id\":\"https:\\\/\\\/xstyle.md\\\/product\\\/rjukzak-deuter-ypsilon\\\/#breadcrumb\"},\"inLanguage\":\"ro-RO\",\"potentialAction\":[{\"@type\":\"ReadAction\",\"target\":[\"https:\\\/\\\/xstyle.md\\\/product\\\/rjukzak-deuter-ypsilon\\\/\"]}]},{\"@type\":\"ImageObject\",\"inLanguage\":\"ro-RO\",\"@id\":\"https:\\\/\\\/xstyle.md\\\/product\\\/rjukzak-deuter-ypsilon\\\/#primaryimage\",\"url\":\"https:\\\/\\\/xstyle.md\\\/wp-content\\\/uploads\\\/2020\\\/07\\\/deuter-ypsilon-bay-steel.jpg\",\"contentUrl\":\"https:\\\/\\\/xstyle.md\\\/wp-content\\\/uploads\\\/2020\\\/07\\\/deuter-ypsilon-bay-steel.jpg\",\"width\":1206,\"height\":1158,\"caption\":\"\u0420\u044e\u043a\u0437\u0430\u043a Deuter Ypsilon \u0434\u043b\u044f \u0430\u043a\u0442\u0438\u0432\u043d\u043e\u0433\u043e \u043e\u0442\u0434\u044b\u0445\u0430, \u043f\u043e\u0445\u043e\u0434\u043e\u0432 \u0438 \u043f\u0443\u0442\u0435\u0448\u0435\u0441\u0442\u0432\u0438\u0439, \u0443\u0434\u043e\u0431\u043d\u0430\u044f \u0441\u043f\u043e\u0440\u0442\u0438\u0432\u043d\u0430\u044f \u043e\u0434\u0435\u0436\u0434\u0430 \u0438 \u043e\u0431\u0443\u0432\u044c \u0434\u043b\u044f \u0445\u0430\u0439\u043a\u0438\u043d\u0433\u0430 \u0438 \u0430\u043b\u044c\u043f\u0438\u043d\u0438\u0437\u043c\u0430\"},{\"@type\":\"BreadcrumbList\",\"@id\":\"https:\\\/\\\/xstyle.md\\\/product\\\/rjukzak-deuter-ypsilon\\\/#breadcrumb\",\"itemListElement\":[{\"@type\":\"ListItem\",\"position\":1,\"name\":\"\u0413\u043b\u0430\u0432\u043d\u0430\u044f \u0441\u0442\u0440\u0430\u043d\u0438\u0446\u0430\",\"item\":\"https:\\\/\\\/xstyle.md\\\/\"},{\"@type\":\"ListItem\",\"position\":2,\"name\":\"\u041c\u0430\u0433\u0430\u0437\u0438\u043d\",\"item\":\"https:\\\/\\\/xstyle.md\\\/shop\\\/\"},{\"@type\":\"ListItem\",\"position\":3,\"name\":\"\u0420\u044e\u043a\u0437\u0430\u043a Deuter Ypsilon\"}]},{\"@type\":\"WebSite\",\"@id\":\"https:\\\/\\\/xstyle.md\\\/#website\",\"url\":\"https:\\\/\\\/xstyle.md\\\/\",\"name\":\"\u041c\u0430\u0433\u0430\u0437\u0438\u043d Xstyle\",\"description\":\"C\u043d\u0430\u0440\u044f\u0436\u0435\u043d\u0438\u0435 \u0434\u043b\u044f \u0442\u0443\u0440\u0438\u0437\u043c\u0430 \u0438 \u044d\u043a\u0441\u0442\u0440\u0435\u043c\u0430\u043b\u044c\u043d\u044b\u0445 \u0432\u0438\u0434\u043e\u0432 \u0441\u043f\u043e\u0440\u0442\u0430 \u0432 \u041c\u043e\u043b\u0434\u043e\u0432\u0435.. \u0426\u0435\u043d\u044b, \u0444\u043e\u0442\u043e, \u0445\u0430\u0440\u0430\u043a\u0442\u0435\u0440\u0438\u0441\u0442\u0438\u043a\u0438 \u0432 \u041c\u043e\u043b\u0434\u043e\u0432\u0435.\",\"publisher\":{\"@id\":\"https:\\\/\\\/xstyle.md\\\/#organization\"},\"alternateName\":\"X-Style\",\"potentialAction\":[{\"@type\":\"SearchAction\",\"target\":{\"@type\":\"EntryPoint\",\"urlTemplate\":\"https:\\\/\\\/xstyle.md\\\/?s={search_term_string}\"},\"query-input\":{\"@type\":\"PropertyValueSpecification\",\"valueRequired\":true,\"valueName\":\"search_term_string\"}}],\"inLanguage\":\"ro-RO\"},{\"@type\":\"Organization\",\"@id\":\"https:\\\/\\\/xstyle.md\\\/#organization\",\"name\":\"\u041c\u0430\u0433\u0430\u0437\u0438\u043d Xstyle\",\"alternateName\":\"x-style\",\"url\":\"https:\\\/\\\/xstyle.md\\\/\",\"logo\":{\"@type\":\"ImageObject\",\"inLanguage\":\"ro-RO\",\"@id\":\"https:\\\/\\\/xstyle.md\\\/#\\\/schema\\\/logo\\\/image\\\/\",\"url\":\"https:\\\/\\\/xstyle.md\\\/wp-content\\\/uploads\\\/2020\\\/06\\\/logoicon.svg\",\"contentUrl\":\"https:\\\/\\\/xstyle.md\\\/wp-content\\\/uploads\\\/2020\\\/06\\\/logoicon.svg\",\"caption\":\"\u041c\u0430\u0433\u0430\u0437\u0438\u043d Xstyle\"},\"image\":{\"@id\":\"https:\\\/\\\/xstyle.md\\\/#\\\/schema\\\/logo\\\/image\\\/\"},\"sameAs\":[\"https:\\\/\\\/www.facebook.com\\\/xstylemd\",\"https:\\\/\\\/www.instagram.com\\\/xstyle_md\\\/\",\"https:\\\/\\\/t.me\\\/xstyle_outdoor\"],\"hasMerchantReturnPolicy\":{\"@type\":\"MerchantReturnPolicy\",\"merchantReturnLink\":\"https:\\\/\\\/xstyle.md\\\/ro\\\/conditions\\\/\"}}]}<\/script>\n<meta property=\"product:price:amount\" content=\"1680.00\" \/>\n<meta property=\"product:price:currency\" content=\"MDL\" \/>\n<meta property=\"og:availability\" content=\"instock\" \/>\n<meta property=\"product:availability\" content=\"instock\" \/>\n<meta property=\"product:retailer_item_id\" content=\"4046051057545\" \/>\n<meta property=\"product:condition\" content=\"new\" \/>\n<!-- \/ Yoast SEO plugin. -->","yoast_head_json":{"title":"Rucsac Deuter Ypsilon - Magazin Xstyle","description":"Rucsacul Deuter Ypsilon este perfect pentru \u0219coal\u0103, c\u0103l\u0103torii \u0219i drume\u021bii u\u0219oare. Spatele confortabil \u0219i materialele respirabile ofer\u0103 confort.","robots":{"index":"index","follow":"follow","max-snippet":"max-snippet:-1","max-image-preview":"max-image-preview:large","max-video-preview":"max-video-preview:-1"},"canonical":"https:\/\/xstyle.md\/ro\/produs\/rjukzak-deuter-ypsilon\/","og_locale":"ro_RO","og_type":"article","og_title":"\u0420\u044e\u043a\u0437\u0430\u043a Deuter Ypsilon - \u041c\u0430\u0433\u0430\u0437\u0438\u043d Xstyle","og_description":"\u0420\u044e\u043a\u0437\u0430\u043a Deuter Ypsilon \u0438\u0434\u0435\u0430\u043b\u044c\u043d\u043e \u043f\u043e\u0434\u0445\u043e\u0434\u0438\u0442 \u0434\u043b\u044f \u0448\u043a\u043e\u043b\u044b, \u043f\u0443\u0442\u0435\u0448\u0435\u0441\u0442\u0432\u0438\u0439 \u0438 \u043b\u0435\u0433\u043a\u0438\u0445 \u043f\u043e\u0445\u043e\u0434\u043e\u0432. \u0423\u0434\u043e\u0431\u043d\u0430\u044f \u0441\u043f\u0438\u043d\u043a\u0430 \u0438 \u0432\u043e\u0437\u0434\u0443\u0445\u043e\u043f\u0440\u043e\u043d\u0438\u0446\u0430\u0435\u043c\u044b\u0435 \u043c\u0430\u0442\u0435\u0440\u0438\u0430\u043b\u044b \u043e\u0431\u0435\u0441\u043f\u0435\u0447\u0438\u0432\u0430\u044e\u0442 \u043a\u043e\u043c\u0444\u043e\u0440\u0442.","og_url":"https:\/\/xstyle.md\/ro\/produs\/rjukzak-deuter-ypsilon\/","og_site_name":"\u041c\u0430\u0433\u0430\u0437\u0438\u043d Xstyle","article_publisher":"https:\/\/www.facebook.com\/xstylemd","article_modified_time":"2024-10-19T20:41:29+00:00","og_image":[{"width":1206,"height":1158,"url":"https:\/\/xstyle.md\/wp-content\/uploads\/2020\/07\/deuter-ypsilon-bay-steel.jpg","type":"image\/jpeg"}],"twitter_card":"summary_large_image","twitter_misc":{"Pre\u021b":"1.680&nbsp;MDL","Disponibilitate":"\u00cen stoc"},"schema":{"@context":"https:\/\/schema.org","@graph":[{"@type":"WebPage","@id":"https:\/\/xstyle.md\/product\/rjukzak-deuter-ypsilon\/","url":"https:\/\/xstyle.md\/product\/rjukzak-deuter-ypsilon\/","name":"Rucsac Deuter Ypsilon - Magazin Xstyle","isPartOf":{"@id":"https:\/\/xstyle.md\/#website"},"primaryImageOfPage":{"@id":"https:\/\/xstyle.md\/product\/rjukzak-deuter-ypsilon\/#primaryimage"},"image":{"@id":"https:\/\/xstyle.md\/product\/rjukzak-deuter-ypsilon\/#primaryimage"},"thumbnailUrl":"https:\/\/xstyle.md\/wp-content\/uploads\/2020\/07\/deuter-ypsilon-bay-steel.jpg","datePublished":"2020-07-16T16:00:17+00:00","dateModified":"2024-10-19T20:41:29+00:00","description":"Rucsacul Deuter Ypsilon este perfect pentru \u0219coal\u0103, c\u0103l\u0103torii \u0219i drume\u021bii u\u0219oare. Spatele confortabil \u0219i materialele respirabile ofer\u0103 confort.","breadcrumb":{"@id":"https:\/\/xstyle.md\/product\/rjukzak-deuter-ypsilon\/#breadcrumb"},"inLanguage":"ro-RO","potentialAction":[{"@type":"ReadAction","target":["https:\/\/xstyle.md\/product\/rjukzak-deuter-ypsilon\/"]}]},{"@type":"ImageObject","inLanguage":"ro-RO","@id":"https:\/\/xstyle.md\/product\/rjukzak-deuter-ypsilon\/#primaryimage","url":"https:\/\/xstyle.md\/wp-content\/uploads\/2020\/07\/deuter-ypsilon-bay-steel.jpg","contentUrl":"https:\/\/xstyle.md\/wp-content\/uploads\/2020\/07\/deuter-ypsilon-bay-steel.jpg","width":1206,"height":1158,"caption":"\u0420\u044e\u043a\u0437\u0430\u043a Deuter Ypsilon \u0434\u043b\u044f \u0430\u043a\u0442\u0438\u0432\u043d\u043e\u0433\u043e \u043e\u0442\u0434\u044b\u0445\u0430, \u043f\u043e\u0445\u043e\u0434\u043e\u0432 \u0438 \u043f\u0443\u0442\u0435\u0448\u0435\u0441\u0442\u0432\u0438\u0439, \u0443\u0434\u043e\u0431\u043d\u0430\u044f \u0441\u043f\u043e\u0440\u0442\u0438\u0432\u043d\u0430\u044f \u043e\u0434\u0435\u0436\u0434\u0430 \u0438 \u043e\u0431\u0443\u0432\u044c \u0434\u043b\u044f \u0445\u0430\u0439\u043a\u0438\u043d\u0433\u0430 \u0438 \u0430\u043b\u044c\u043f\u0438\u043d\u0438\u0437\u043c\u0430"},{"@type":"BreadcrumbList","@id":"https:\/\/xstyle.md\/product\/rjukzak-deuter-ypsilon\/#breadcrumb","itemListElement":[{"@type":"ListItem","position":1,"name":"\u0413\u043b\u0430\u0432\u043d\u0430\u044f \u0441\u0442\u0440\u0430\u043d\u0438\u0446\u0430","item":"https:\/\/xstyle.md\/"},{"@type":"ListItem","position":2,"name":"\u041c\u0430\u0433\u0430\u0437\u0438\u043d","item":"https:\/\/xstyle.md\/shop\/"},{"@type":"ListItem","position":3,"name":"\u0420\u044e\u043a\u0437\u0430\u043a Deuter Ypsilon"}]},{"@type":"WebSite","@id":"https:\/\/xstyle.md\/#website","url":"https:\/\/xstyle.md\/","name":"Magazinul X-Style","description":"Echipamente pentru turism \u0219i sporturi extreme \u00een Moldova. Pre\u021buri, fotografii, caracteristici \u00een Moldova.","publisher":{"@id":"https:\/\/xstyle.md\/#organization"},"alternateName":"X-Style","potentialAction":[{"@type":"SearchAction","target":{"@type":"EntryPoint","urlTemplate":"https:\/\/xstyle.md\/?s={search_term_string}"},"query-input":{"@type":"PropertyValueSpecification","valueRequired":true,"valueName":"search_term_string"}}],"inLanguage":"ro-RO"},{"@type":"Organization","@id":"https:\/\/xstyle.md\/#organization","name":"Magazinul X-Style","alternateName":"x-style","url":"https:\/\/xstyle.md\/","logo":{"@type":"ImageObject","inLanguage":"ro-RO","@id":"https:\/\/xstyle.md\/#\/schema\/logo\/image\/","url":"https:\/\/xstyle.md\/wp-content\/uploads\/2020\/06\/logoicon.svg","contentUrl":"https:\/\/xstyle.md\/wp-content\/uploads\/2020\/06\/logoicon.svg","caption":"\u041c\u0430\u0433\u0430\u0437\u0438\u043d Xstyle"},"image":{"@id":"https:\/\/xstyle.md\/#\/schema\/logo\/image\/"},"sameAs":["https:\/\/www.facebook.com\/xstylemd","https:\/\/www.instagram.com\/xstyle_md\/","https:\/\/t.me\/xstyle_outdoor"],"hasMerchantReturnPolicy":{"@type":"MerchantReturnPolicy","merchantReturnLink":"https:\/\/xstyle.md\/ro\/conditions\/"}}]},"product_price_amount":"1680.00","product_price_currency":"MDL","og_availability":"instock","product_availability":"instock","product_retailer_item_id":"4046051057545","product_condition":"new"},"_links":{"self":[{"href":"https:\/\/xstyle.md\/ro\/wp-json\/wp\/v2\/product\/3404","targetHints":{"allow":["GET"]}}],"collection":[{"href":"https:\/\/xstyle.md\/ro\/wp-json\/wp\/v2\/product"}],"about":[{"href":"https:\/\/xstyle.md\/ro\/wp-json\/wp\/v2\/types\/product"}],"replies":[{"embeddable":true,"href":"https:\/\/xstyle.md\/ro\/wp-json\/wp\/v2\/comments?post=3404"}],"wp:featuredmedia":[{"embeddable":true,"href":"https:\/\/xstyle.md\/ro\/wp-json\/wp\/v2\/media\/86856"}],"wp:attachment":[{"href":"https:\/\/xstyle.md\/ro\/wp-json\/wp\/v2\/media?parent=3404"}],"wp:term":[{"taxonomy":"product_brand","embeddable":true,"href":"https:\/\/xstyle.md\/ro\/wp-json\/wp\/v2\/product_brand?post=3404"},{"taxonomy":"product_cat","embeddable":true,"href":"https:\/\/xstyle.md\/ro\/wp-json\/wp\/v2\/product_cat?post=3404"},{"taxonomy":"product_tag","embeddable":true,"href":"https:\/\/xstyle.md\/ro\/wp-json\/wp\/v2\/product_tag?post=3404"}],"curies":[{"name":"wp","href":"https:\/\/api.w.org\/{rel}","templated":true}]}}