{"id":33089,"date":"2021-04-30T13:00:41","date_gmt":"2021-04-30T10:00:41","guid":{"rendered":"https:\/\/xstyle.md\/?post_type=product&#038;p=33089"},"modified":"2024-10-21T10:02:02","modified_gmt":"2024-10-21T07:02:02","slug":"sumka-thule-subterra-luggage-36l-mineral","status":"publish","type":"product","link":"https:\/\/xstyle.md\/ro\/produs\/sumka-thule-subterra-luggage-36l-mineral\/","title":{"rendered":"Geant\u0103 Thule Subterra Luggage 36L mineral"},"content":{"rendered":"<\/p>\n<p><strong>Thule Subterra Luggage 36L mineral<\/strong> &#8212; valiz\u0103 elegant\u0103 \u0219i robust\u0103 pe dou\u0103 ro\u021bi, cu un tampon de presiune care maximizeaz\u0103 spa\u021biul prin compactarea hainelor \u00eemp\u0103turite, dar f\u0103r\u0103 a le ghemui.<\/p>\n<h3>Particularit\u0103\u021bi<\/h3>\n<ul>\n<li>Compartimente spa\u021bioase, depozitare separat\u0103 pentru haine (de exemplu, cele curate \u0219i cele murdare) datorit\u0103 panoului de presare intern<\/li>\n<li>Ro\u021bile robuste, supradimensionate \u0219i m\u00e2nerele telescopice cu tehnologie V-Tubing asigur\u0103 o deplasare u\u0219oar\u0103 \u0219i f\u0103r\u0103 probleme.<\/li>\n<li>Curelele speciale v\u0103 permit s\u0103 ata\u0219a\u021bi o geant\u0103 de drume\u021bie suplimentar\u0103. C\u0103l\u0103toria va fi mai u\u0219oar\u0103.<\/li>\n<li>Exoscheletul robust \u0219i carcasa din spate din policarbonat turnat asigur\u0103 o protec\u021bie fiabil\u0103 \u00een timpul c\u0103l\u0103toriilor.<\/li>\n<li>M\u00e2nerele de sus, de jos \u0219i laterale v\u0103 permit s\u0103 ridica\u021bi \u0219i s\u0103 a\u0219eza\u021bi convenabil bagajele pe suporturile de bagaje.<\/li>\n<li>\u00cendepline\u0219te cerin\u021bele privind bagajul de m\u00e2n\u0103 la majoritatea companiilor aeriene.<\/li>\n<li>Compartimentul principal are compartimente. Acest lucru va permite depozitarea separat\u0103 a bagajelor curate \u0219i murdare, umede \u0219i uscate, business \u0219i casual.<\/li>\n<li>Materialele durabile \u0219i impermeabile v\u0103 vor proteja bagajele de umiditate \u0219i murd\u0103rie.<\/li>\n<li>Buzunar din plas\u0103 cu fermoar pentru acces rapid la chei, portofel \u0219i alte obiecte mici.<\/li>\n<li>Buzunar pentru carte de identitate pentru o recuperare u\u0219oar\u0103 a bagajelor.<\/li>\n<\/ul>\n<h3>Caracteristici<\/h3>\n<ul>\n<li>Greutate &#8212; 3200 g<\/li>\n<li>Volum &#8212; 36 litri<\/li>\n<li>Dimensiuni &#8212; 55 x 35 x 23 cm<\/li>\n<li>Material &#8212; Nylon 800D<\/li>\n<li>Potrivit pentru bagajele de m\u00e2n\u0103<\/li>\n<li>Scop &#8212; c\u0103l\u0103torii, sport<\/li>\n<li>Model &#8212; unisex<\/li>\n<\/ul>\n<h3>Marca<\/h3>\n<p>THULE este o companie interna\u021bional\u0103 de top, recunoscut\u0103 la nivel mondial ca produc\u0103tor de top de sisteme de bagaje \u0219i cutii auto. THULE fabric\u0103 produse premium, renumite pentru calitatea lor de neegalat, siguran\u021b\u0103, u\u0219urin\u021b\u0103 \u00een utilizare \u0219i design elegant. Produsele THULE sunt potrivite pentru persoanele care prefer\u0103 activit\u0103\u021bile \u00een aer liber, sunt pasionate de sport, c\u0103l\u0103toresc mult \u0219i apreciaz\u0103 solu\u021biile bine g\u00e2ndite.<\/p>\n<p><\/p>","protected":false},"excerpt":{"rendered":"<p>Geant\u0103 Thule Subterra Luggage 36L mineral<\/p>","protected":false},"featured_media":33751,"comment_status":"open","ping_status":"closed","template":"","meta":{"_acf_changed":false,"inline_featured_image":false},"product_brand":[1269],"product_cat":[126],"product_tag":[],"class_list":{"0":"post-33089","1":"product","2":"type-product","3":"status-publish","4":"has-post-thumbnail","6":"product_brand-thule","7":"product_cat-travel-bags","9":"first","10":"instock","11":"shipping-taxable","12":"purchasable","13":"product-type-simple"},"acf":[],"yoast_head":"<!-- This site is optimized with the Yoast SEO plugin v27.4 - https:\/\/yoast.com\/product\/yoast-seo-wordpress\/ -->\n<title>\u0421\u0443\u043c\u043a\u0430 Thule Subterra Luggage 36L mineral - \u041c\u0430\u0433\u0430\u0437\u0438\u043d Xstyle<\/title>\n<meta name=\"description\" content=\"\u0421\u0443\u043c\u043a\u0430 Thule Subterra Luggage 36L mineral \u2014 \u044d\u043b\u0435\u0433\u0430\u043d\u0442\u043d\u0430\u044f \u0438 \u043f\u0440\u043e\u0447\u043d\u0430\u044f \u043d\u0430 \u0434\u0432\u0443\u0445 \u043a\u043e\u043b\u0435\u0441\u0430\u0445, \u0441 \u043f\u0440\u043e\u0441\u0442\u043e\u0440\u043d\u044b\u043c\u0438 \u043e\u0442\u0434\u0435\u043b\u0435\u043d\u0438\u044f\u043c\u0438 \u0434\u043b\u044f \u0447\u0438\u0441\u0442\u043e\u0439 \u0438 \u0433\u0440\u044f\u0437\u043d\u043e\u0439 \u043e\u0434\u0435\u0436\u0434\u044b. \u041e\u043f\u0442\u0438\u043c\u0438\u0437\u0430\u0446\u0438\u044f \u043f\u0440\u043e\u0441\u0442\u0440\u0430\u043d\u0441\u0442\u0432\u0430 \u0433\u0430\u0440\u0430\u043d\u0442\u0438\u0440\u043e\u0432\u0430\u043d\u0430!\" \/>\n<meta name=\"robots\" content=\"index, follow, max-snippet:-1, max-image-preview:large, max-video-preview:-1\" \/>\n<link rel=\"canonical\" href=\"https:\/\/xstyle.md\/ro\/produs\/sumka-thule-subterra-luggage-36l-mineral\/\" \/>\n<meta property=\"og:locale\" content=\"ro_RO\" \/>\n<meta property=\"og:type\" content=\"article\" \/>\n<meta property=\"og:title\" content=\"\u0421\u0443\u043c\u043a\u0430 Thule Subterra Luggage 36L mineral - \u041c\u0430\u0433\u0430\u0437\u0438\u043d Xstyle\" \/>\n<meta property=\"og:description\" content=\"\u0421\u0443\u043c\u043a\u0430 Thule Subterra Luggage 36L mineral \u2014 \u044d\u043b\u0435\u0433\u0430\u043d\u0442\u043d\u0430\u044f \u0438 \u043f\u0440\u043e\u0447\u043d\u0430\u044f \u043d\u0430 \u0434\u0432\u0443\u0445 \u043a\u043e\u043b\u0435\u0441\u0430\u0445, \u0441 \u043f\u0440\u043e\u0441\u0442\u043e\u0440\u043d\u044b\u043c\u0438 \u043e\u0442\u0434\u0435\u043b\u0435\u043d\u0438\u044f\u043c\u0438 \u0434\u043b\u044f \u0447\u0438\u0441\u0442\u043e\u0439 \u0438 \u0433\u0440\u044f\u0437\u043d\u043e\u0439 \u043e\u0434\u0435\u0436\u0434\u044b. \u041e\u043f\u0442\u0438\u043c\u0438\u0437\u0430\u0446\u0438\u044f \u043f\u0440\u043e\u0441\u0442\u0440\u0430\u043d\u0441\u0442\u0432\u0430 \u0433\u0430\u0440\u0430\u043d\u0442\u0438\u0440\u043e\u0432\u0430\u043d\u0430!\" \/>\n<meta property=\"og:url\" content=\"https:\/\/xstyle.md\/ro\/produs\/sumka-thule-subterra-luggage-36l-mineral\/\" \/>\n<meta property=\"og:site_name\" content=\"\u041c\u0430\u0433\u0430\u0437\u0438\u043d Xstyle\" \/>\n<meta property=\"article:publisher\" content=\"https:\/\/www.facebook.com\/xstylemd\" \/>\n<meta property=\"article:modified_time\" content=\"2024-10-21T07:02:02+00:00\" \/>\n<meta property=\"og:image\" content=\"https:\/\/xstyle.md\/wp-content\/uploads\/2021\/04\/sumka-thule-subterra-luggage-36l-mineral.jpg\" \/>\n\t<meta property=\"og:image:width\" content=\"1800\" \/>\n\t<meta property=\"og:image:height\" content=\"1190\" \/>\n\t<meta property=\"og:image:type\" content=\"image\/jpeg\" \/>\n<meta name=\"twitter:card\" content=\"summary_large_image\" \/>\n<meta name=\"twitter:label1\" content=\"Pre\u021b\" \/>\n\t<meta name=\"twitter:data1\" content=\"5.290&nbsp;MDL\" \/>\n\t<meta name=\"twitter:label2\" content=\"Disponibilitate\" \/>\n\t<meta name=\"twitter:data2\" content=\"\u00cen stoc\" \/>\n<script type=\"application\/ld+json\" class=\"yoast-schema-graph\">{\"@context\":\"https:\\\/\\\/schema.org\",\"@graph\":[{\"@type\":\"WebPage\",\"@id\":\"https:\\\/\\\/xstyle.md\\\/product\\\/sumka-thule-subterra-luggage-36l-mineral\\\/\",\"url\":\"https:\\\/\\\/xstyle.md\\\/product\\\/sumka-thule-subterra-luggage-36l-mineral\\\/\",\"name\":\"\u0421\u0443\u043c\u043a\u0430 Thule Subterra Luggage 36L mineral - \u041c\u0430\u0433\u0430\u0437\u0438\u043d Xstyle\",\"isPartOf\":{\"@id\":\"https:\\\/\\\/xstyle.md\\\/#website\"},\"primaryImageOfPage\":{\"@id\":\"https:\\\/\\\/xstyle.md\\\/product\\\/sumka-thule-subterra-luggage-36l-mineral\\\/#primaryimage\"},\"image\":{\"@id\":\"https:\\\/\\\/xstyle.md\\\/product\\\/sumka-thule-subterra-luggage-36l-mineral\\\/#primaryimage\"},\"thumbnailUrl\":\"https:\\\/\\\/xstyle.md\\\/wp-content\\\/uploads\\\/2021\\\/04\\\/sumka-thule-subterra-luggage-36l-mineral.jpg\",\"datePublished\":\"2021-04-30T10:00:41+00:00\",\"dateModified\":\"2024-10-21T07:02:02+00:00\",\"description\":\"\u0421\u0443\u043c\u043a\u0430 Thule Subterra Luggage 36L mineral \u2014 \u044d\u043b\u0435\u0433\u0430\u043d\u0442\u043d\u0430\u044f \u0438 \u043f\u0440\u043e\u0447\u043d\u0430\u044f \u043d\u0430 \u0434\u0432\u0443\u0445 \u043a\u043e\u043b\u0435\u0441\u0430\u0445, \u0441 \u043f\u0440\u043e\u0441\u0442\u043e\u0440\u043d\u044b\u043c\u0438 \u043e\u0442\u0434\u0435\u043b\u0435\u043d\u0438\u044f\u043c\u0438 \u0434\u043b\u044f \u0447\u0438\u0441\u0442\u043e\u0439 \u0438 \u0433\u0440\u044f\u0437\u043d\u043e\u0439 \u043e\u0434\u0435\u0436\u0434\u044b. \u041e\u043f\u0442\u0438\u043c\u0438\u0437\u0430\u0446\u0438\u044f \u043f\u0440\u043e\u0441\u0442\u0440\u0430\u043d\u0441\u0442\u0432\u0430 \u0433\u0430\u0440\u0430\u043d\u0442\u0438\u0440\u043e\u0432\u0430\u043d\u0430!\",\"breadcrumb\":{\"@id\":\"https:\\\/\\\/xstyle.md\\\/product\\\/sumka-thule-subterra-luggage-36l-mineral\\\/#breadcrumb\"},\"inLanguage\":\"ro-RO\",\"potentialAction\":[{\"@type\":\"ReadAction\",\"target\":[\"https:\\\/\\\/xstyle.md\\\/product\\\/sumka-thule-subterra-luggage-36l-mineral\\\/\"]}]},{\"@type\":\"ImageObject\",\"inLanguage\":\"ro-RO\",\"@id\":\"https:\\\/\\\/xstyle.md\\\/product\\\/sumka-thule-subterra-luggage-36l-mineral\\\/#primaryimage\",\"url\":\"https:\\\/\\\/xstyle.md\\\/wp-content\\\/uploads\\\/2021\\\/04\\\/sumka-thule-subterra-luggage-36l-mineral.jpg\",\"contentUrl\":\"https:\\\/\\\/xstyle.md\\\/wp-content\\\/uploads\\\/2021\\\/04\\\/sumka-thule-subterra-luggage-36l-mineral.jpg\",\"width\":1800,\"height\":1190,\"caption\":\"\u0410\u043a\u0442\u0438\u0432\u043d\u0430\u044f \u0436\u0438\u0437\u043d\u044c \u0442\u0443\u0440\u0438\u0441\u0442\u0438\u0447\u0435\u0441\u043a\u0430\u044f \u0441\u0443\u043c\u043a\u0430 Thule Subterra Luggage 36L \u043c\u0438\u043d\u0435\u0440\u0430\u043b \u0434\u043b\u044f \u043f\u0443\u0442\u0435\u0448\u0435\u0441\u0442\u0432\u0438\u0439 \u0438 \u0430\u043b\u044c\u043f\u0438\u043d\u0438\u0437\u043c\u0430 \u043d\u0430 \u0441\u0430\u0439\u0442\u0435 \u0438\u043d\u0442\u0435\u0440\u043d\u0435\u0442-\u043c\u0430\u0433\u0430\u0437\u0438\u043d\u0430 \u0442\u043e\u0432\u0430\u0440\u043e\u0432 \u0434\u043b\u044f \u0430\u043a\u0442\u0438\u0432\u043d\u043e\u0433\u043e \u043e\u0442\u0434\u044b\u0445\u0430\"},{\"@type\":\"BreadcrumbList\",\"@id\":\"https:\\\/\\\/xstyle.md\\\/product\\\/sumka-thule-subterra-luggage-36l-mineral\\\/#breadcrumb\",\"itemListElement\":[{\"@type\":\"ListItem\",\"position\":1,\"name\":\"\u0413\u043b\u0430\u0432\u043d\u0430\u044f \u0441\u0442\u0440\u0430\u043d\u0438\u0446\u0430\",\"item\":\"https:\\\/\\\/xstyle.md\\\/\"},{\"@type\":\"ListItem\",\"position\":2,\"name\":\"\u041c\u0430\u0433\u0430\u0437\u0438\u043d\",\"item\":\"https:\\\/\\\/xstyle.md\\\/shop\\\/\"},{\"@type\":\"ListItem\",\"position\":3,\"name\":\"\u0421\u0443\u043c\u043a\u0430 Thule Subterra Luggage 36L mineral\"}]},{\"@type\":\"WebSite\",\"@id\":\"https:\\\/\\\/xstyle.md\\\/#website\",\"url\":\"https:\\\/\\\/xstyle.md\\\/\",\"name\":\"\u041c\u0430\u0433\u0430\u0437\u0438\u043d Xstyle\",\"description\":\"C\u043d\u0430\u0440\u044f\u0436\u0435\u043d\u0438\u0435 \u0434\u043b\u044f \u0442\u0443\u0440\u0438\u0437\u043c\u0430 \u0438 \u044d\u043a\u0441\u0442\u0440\u0435\u043c\u0430\u043b\u044c\u043d\u044b\u0445 \u0432\u0438\u0434\u043e\u0432 \u0441\u043f\u043e\u0440\u0442\u0430 \u0432 \u041c\u043e\u043b\u0434\u043e\u0432\u0435.. \u0426\u0435\u043d\u044b, \u0444\u043e\u0442\u043e, \u0445\u0430\u0440\u0430\u043a\u0442\u0435\u0440\u0438\u0441\u0442\u0438\u043a\u0438 \u0432 \u041c\u043e\u043b\u0434\u043e\u0432\u0435.\",\"publisher\":{\"@id\":\"https:\\\/\\\/xstyle.md\\\/#organization\"},\"alternateName\":\"X-Style\",\"potentialAction\":[{\"@type\":\"SearchAction\",\"target\":{\"@type\":\"EntryPoint\",\"urlTemplate\":\"https:\\\/\\\/xstyle.md\\\/?s={search_term_string}\"},\"query-input\":{\"@type\":\"PropertyValueSpecification\",\"valueRequired\":true,\"valueName\":\"search_term_string\"}}],\"inLanguage\":\"ro-RO\"},{\"@type\":\"Organization\",\"@id\":\"https:\\\/\\\/xstyle.md\\\/#organization\",\"name\":\"\u041c\u0430\u0433\u0430\u0437\u0438\u043d Xstyle\",\"alternateName\":\"x-style\",\"url\":\"https:\\\/\\\/xstyle.md\\\/\",\"logo\":{\"@type\":\"ImageObject\",\"inLanguage\":\"ro-RO\",\"@id\":\"https:\\\/\\\/xstyle.md\\\/#\\\/schema\\\/logo\\\/image\\\/\",\"url\":\"https:\\\/\\\/xstyle.md\\\/wp-content\\\/uploads\\\/2020\\\/06\\\/logoicon.svg\",\"contentUrl\":\"https:\\\/\\\/xstyle.md\\\/wp-content\\\/uploads\\\/2020\\\/06\\\/logoicon.svg\",\"caption\":\"\u041c\u0430\u0433\u0430\u0437\u0438\u043d Xstyle\"},\"image\":{\"@id\":\"https:\\\/\\\/xstyle.md\\\/#\\\/schema\\\/logo\\\/image\\\/\"},\"sameAs\":[\"https:\\\/\\\/www.facebook.com\\\/xstylemd\",\"https:\\\/\\\/www.instagram.com\\\/xstyle_md\\\/\",\"https:\\\/\\\/t.me\\\/xstyle_outdoor\"],\"hasMerchantReturnPolicy\":{\"@type\":\"MerchantReturnPolicy\",\"merchantReturnLink\":\"https:\\\/\\\/xstyle.md\\\/ro\\\/conditions\\\/\"}}]}<\/script>\n<meta property=\"product:price:amount\" content=\"5290.00\" \/>\n<meta property=\"product:price:currency\" content=\"MDL\" \/>\n<meta property=\"og:availability\" content=\"instock\" \/>\n<meta property=\"product:availability\" content=\"instock\" \/>\n<meta property=\"product:retailer_item_id\" content=\"85854239097\" \/>\n<meta property=\"product:condition\" content=\"new\" \/>\n<!-- \/ Yoast SEO plugin. -->","yoast_head_json":{"title":"Geanta Thule Subterra Luggage 36L mineral - Magazin Xstyle","description":"Geanta Thule Subterra Luggage 36L mineral \u2014 elegant\u0103 \u0219i rezistent\u0103, cu dou\u0103 ro\u021bi, av\u00e2nd compartimente spa\u021bioase pentru haine curate \u0219i murdare. Optimizarea spa\u021biului este garantat\u0103!","robots":{"index":"index","follow":"follow","max-snippet":"max-snippet:-1","max-image-preview":"max-image-preview:large","max-video-preview":"max-video-preview:-1"},"canonical":"https:\/\/xstyle.md\/ro\/produs\/sumka-thule-subterra-luggage-36l-mineral\/","og_locale":"ro_RO","og_type":"article","og_title":"\u0421\u0443\u043c\u043a\u0430 Thule Subterra Luggage 36L mineral - \u041c\u0430\u0433\u0430\u0437\u0438\u043d Xstyle","og_description":"\u0421\u0443\u043c\u043a\u0430 Thule Subterra Luggage 36L mineral \u2014 \u044d\u043b\u0435\u0433\u0430\u043d\u0442\u043d\u0430\u044f \u0438 \u043f\u0440\u043e\u0447\u043d\u0430\u044f \u043d\u0430 \u0434\u0432\u0443\u0445 \u043a\u043e\u043b\u0435\u0441\u0430\u0445, \u0441 \u043f\u0440\u043e\u0441\u0442\u043e\u0440\u043d\u044b\u043c\u0438 \u043e\u0442\u0434\u0435\u043b\u0435\u043d\u0438\u044f\u043c\u0438 \u0434\u043b\u044f \u0447\u0438\u0441\u0442\u043e\u0439 \u0438 \u0433\u0440\u044f\u0437\u043d\u043e\u0439 \u043e\u0434\u0435\u0436\u0434\u044b. \u041e\u043f\u0442\u0438\u043c\u0438\u0437\u0430\u0446\u0438\u044f \u043f\u0440\u043e\u0441\u0442\u0440\u0430\u043d\u0441\u0442\u0432\u0430 \u0433\u0430\u0440\u0430\u043d\u0442\u0438\u0440\u043e\u0432\u0430\u043d\u0430!","og_url":"https:\/\/xstyle.md\/ro\/produs\/sumka-thule-subterra-luggage-36l-mineral\/","og_site_name":"\u041c\u0430\u0433\u0430\u0437\u0438\u043d Xstyle","article_publisher":"https:\/\/www.facebook.com\/xstylemd","article_modified_time":"2024-10-21T07:02:02+00:00","og_image":[{"width":1800,"height":1190,"url":"https:\/\/xstyle.md\/wp-content\/uploads\/2021\/04\/sumka-thule-subterra-luggage-36l-mineral.jpg","type":"image\/jpeg"}],"twitter_card":"summary_large_image","twitter_misc":{"Pre\u021b":"5.290&nbsp;MDL","Disponibilitate":"\u00cen stoc"},"schema":{"@context":"https:\/\/schema.org","@graph":[{"@type":"WebPage","@id":"https:\/\/xstyle.md\/product\/sumka-thule-subterra-luggage-36l-mineral\/","url":"https:\/\/xstyle.md\/product\/sumka-thule-subterra-luggage-36l-mineral\/","name":"Geanta Thule Subterra Luggage 36L mineral - Magazin Xstyle","isPartOf":{"@id":"https:\/\/xstyle.md\/#website"},"primaryImageOfPage":{"@id":"https:\/\/xstyle.md\/product\/sumka-thule-subterra-luggage-36l-mineral\/#primaryimage"},"image":{"@id":"https:\/\/xstyle.md\/product\/sumka-thule-subterra-luggage-36l-mineral\/#primaryimage"},"thumbnailUrl":"https:\/\/xstyle.md\/wp-content\/uploads\/2021\/04\/sumka-thule-subterra-luggage-36l-mineral.jpg","datePublished":"2021-04-30T10:00:41+00:00","dateModified":"2024-10-21T07:02:02+00:00","description":"Geanta Thule Subterra Luggage 36L mineral \u2014 elegant\u0103 \u0219i rezistent\u0103, cu dou\u0103 ro\u021bi, av\u00e2nd compartimente spa\u021bioase pentru haine curate \u0219i murdare. Optimizarea spa\u021biului este garantat\u0103!","breadcrumb":{"@id":"https:\/\/xstyle.md\/product\/sumka-thule-subterra-luggage-36l-mineral\/#breadcrumb"},"inLanguage":"ro-RO","potentialAction":[{"@type":"ReadAction","target":["https:\/\/xstyle.md\/product\/sumka-thule-subterra-luggage-36l-mineral\/"]}]},{"@type":"ImageObject","inLanguage":"ro-RO","@id":"https:\/\/xstyle.md\/product\/sumka-thule-subterra-luggage-36l-mineral\/#primaryimage","url":"https:\/\/xstyle.md\/wp-content\/uploads\/2021\/04\/sumka-thule-subterra-luggage-36l-mineral.jpg","contentUrl":"https:\/\/xstyle.md\/wp-content\/uploads\/2021\/04\/sumka-thule-subterra-luggage-36l-mineral.jpg","width":1800,"height":1190,"caption":"\u0410\u043a\u0442\u0438\u0432\u043d\u0430\u044f \u0436\u0438\u0437\u043d\u044c \u0442\u0443\u0440\u0438\u0441\u0442\u0438\u0447\u0435\u0441\u043a\u0430\u044f \u0441\u0443\u043c\u043a\u0430 Thule Subterra Luggage 36L \u043c\u0438\u043d\u0435\u0440\u0430\u043b \u0434\u043b\u044f \u043f\u0443\u0442\u0435\u0448\u0435\u0441\u0442\u0432\u0438\u0439 \u0438 \u0430\u043b\u044c\u043f\u0438\u043d\u0438\u0437\u043c\u0430 \u043d\u0430 \u0441\u0430\u0439\u0442\u0435 \u0438\u043d\u0442\u0435\u0440\u043d\u0435\u0442-\u043c\u0430\u0433\u0430\u0437\u0438\u043d\u0430 \u0442\u043e\u0432\u0430\u0440\u043e\u0432 \u0434\u043b\u044f \u0430\u043a\u0442\u0438\u0432\u043d\u043e\u0433\u043e \u043e\u0442\u0434\u044b\u0445\u0430"},{"@type":"BreadcrumbList","@id":"https:\/\/xstyle.md\/product\/sumka-thule-subterra-luggage-36l-mineral\/#breadcrumb","itemListElement":[{"@type":"ListItem","position":1,"name":"\u0413\u043b\u0430\u0432\u043d\u0430\u044f \u0441\u0442\u0440\u0430\u043d\u0438\u0446\u0430","item":"https:\/\/xstyle.md\/"},{"@type":"ListItem","position":2,"name":"\u041c\u0430\u0433\u0430\u0437\u0438\u043d","item":"https:\/\/xstyle.md\/shop\/"},{"@type":"ListItem","position":3,"name":"\u0421\u0443\u043c\u043a\u0430 Thule Subterra Luggage 36L mineral"}]},{"@type":"WebSite","@id":"https:\/\/xstyle.md\/#website","url":"https:\/\/xstyle.md\/","name":"Magazinul X-Style","description":"Echipamente pentru turism \u0219i sporturi extreme \u00een Moldova. Pre\u021buri, fotografii, caracteristici \u00een Moldova.","publisher":{"@id":"https:\/\/xstyle.md\/#organization"},"alternateName":"X-Style","potentialAction":[{"@type":"SearchAction","target":{"@type":"EntryPoint","urlTemplate":"https:\/\/xstyle.md\/?s={search_term_string}"},"query-input":{"@type":"PropertyValueSpecification","valueRequired":true,"valueName":"search_term_string"}}],"inLanguage":"ro-RO"},{"@type":"Organization","@id":"https:\/\/xstyle.md\/#organization","name":"Magazinul X-Style","alternateName":"x-style","url":"https:\/\/xstyle.md\/","logo":{"@type":"ImageObject","inLanguage":"ro-RO","@id":"https:\/\/xstyle.md\/#\/schema\/logo\/image\/","url":"https:\/\/xstyle.md\/wp-content\/uploads\/2020\/06\/logoicon.svg","contentUrl":"https:\/\/xstyle.md\/wp-content\/uploads\/2020\/06\/logoicon.svg","caption":"\u041c\u0430\u0433\u0430\u0437\u0438\u043d Xstyle"},"image":{"@id":"https:\/\/xstyle.md\/#\/schema\/logo\/image\/"},"sameAs":["https:\/\/www.facebook.com\/xstylemd","https:\/\/www.instagram.com\/xstyle_md\/","https:\/\/t.me\/xstyle_outdoor"],"hasMerchantReturnPolicy":{"@type":"MerchantReturnPolicy","merchantReturnLink":"https:\/\/xstyle.md\/ro\/conditions\/"}}]},"product_price_amount":"5290.00","product_price_currency":"MDL","og_availability":"instock","product_availability":"instock","product_retailer_item_id":"85854239097","product_condition":"new"},"post_mailing_queue_ids":[],"_links":{"self":[{"href":"https:\/\/xstyle.md\/ro\/wp-json\/wp\/v2\/product\/33089","targetHints":{"allow":["GET"]}}],"collection":[{"href":"https:\/\/xstyle.md\/ro\/wp-json\/wp\/v2\/product"}],"about":[{"href":"https:\/\/xstyle.md\/ro\/wp-json\/wp\/v2\/types\/product"}],"replies":[{"embeddable":true,"href":"https:\/\/xstyle.md\/ro\/wp-json\/wp\/v2\/comments?post=33089"}],"wp:featuredmedia":[{"embeddable":true,"href":"https:\/\/xstyle.md\/ro\/wp-json\/wp\/v2\/media\/33751"}],"wp:attachment":[{"href":"https:\/\/xstyle.md\/ro\/wp-json\/wp\/v2\/media?parent=33089"}],"wp:term":[{"taxonomy":"product_brand","embeddable":true,"href":"https:\/\/xstyle.md\/ro\/wp-json\/wp\/v2\/product_brand?post=33089"},{"taxonomy":"product_cat","embeddable":true,"href":"https:\/\/xstyle.md\/ro\/wp-json\/wp\/v2\/product_cat?post=33089"},{"taxonomy":"product_tag","embeddable":true,"href":"https:\/\/xstyle.md\/ro\/wp-json\/wp\/v2\/product_tag?post=33089"}],"curies":[{"name":"wp","href":"https:\/\/api.w.org\/{rel}","templated":true}]}}