{"id":33081,"date":"2021-04-30T13:00:38","date_gmt":"2021-04-30T10:00:38","guid":{"rendered":"https:\/\/xstyle.md\/?post_type=product&#038;p=33081"},"modified":"2026-02-25T13:41:46","modified_gmt":"2026-02-25T10:41:46","slug":"chugunnaja-skovoroda-wok-syton-300x90-mm","status":"publish","type":"product","link":"https:\/\/xstyle.md\/ro\/produs\/chugunnaja-skovoroda-wok-syton-300x90-mm\/","title":{"rendered":"Tigaie font\u0103 Wok Syton EM 300\u00d790 mm"},"content":{"rendered":"<\/p>\n<p><strong>Wok EM Syton 300&#215;90 mm<\/strong> &#8212; tigaie WOK din font\u0103 tratat\u0103 termic, cu un diametru de 300 mm, cu finisaj mat emailat. Produsul are un fund sferic \u00een interior, cu un diametru exterior al fundului de 85 mm, ceea ce permite produsului s\u0103 stea ferm pe partea superioar\u0103 a plitei. Tigaia WOK este potrivit\u0103 pentru a g\u0103ti alimente care trebuie pr\u0103jite rapid, p\u0103str\u00e2ndu-\u0219i astfel \u00eentreaga valoare nutritiv\u0103 \u0219i f\u0103c\u00e2nd m\u00e2ncarea mai gustoas\u0103 \u0219i mai suculent\u0103. \u00cen plus, de obicei, nu exist\u0103 ulei sau gr\u0103simi \u00een g\u0103titul la wok, ceea ce reduce \u0219i mai mult con\u021binutul de calorii. Principalul truc este s\u0103 amesteca\u021bi continuu \u0219i viguros. Acest lucru este pentru a v\u0103 asigura c\u0103 ingredientele nu se lipesc \u0219i, \u00een acela\u0219i timp, sunt bine g\u0103tite.<\/p>\n<h3>Particularit\u0103\u021bi<\/h3>\n<ul>\n<li>O op\u021biune excelent\u0103 pentru a g\u0103ti la foc deschis.<\/li>\n<li>Poate fi folosit \u0219i \u00een cuptor.<\/li>\n<li>Transfer optim de c\u0103ldur\u0103 datorit\u0103 designului inteligent \u0219i materialului selectat.<\/li>\n<li>Alimentele g\u0103tite \u00een vase de g\u0103tit din font\u0103 au un gust rafinat (g\u0103tite \u0219i coapte uniform).<\/li>\n<li>Acoperirea antiaderent\u0103 faciliteaz\u0103 g\u0103titul \u0219i \u00eengrijirea vasului (m\u00e2ncarea nu se lipe\u0219te).<\/li>\n<li>Potrivit pentru g\u0103titul tuturor tipurilor de alimente (de la carne la produse de patiserie \u0219i deserturi).<\/li>\n<\/ul>\n<h3>Caracteristici<\/h3>\n<ul>\n<li>Material &#8212; font\u0103<\/li>\n<li>\u00cen\u0103l\u021bime &#8212; 90 mm<\/li>\n<li>Diametru &#8212; 300 mm<\/li>\n<li>Greutate &#8212; 2,6 kg.<\/li>\n<\/ul>\n<h3>Recomand\u0103ri pentru utilizarea vaselor de g\u0103tit din font\u0103:<\/h3>\n<ul>\n<li>\u00cenainte de a utiliza pentru prima dat\u0103 vasele de g\u0103tit, acestea trebuie sp\u0103late bine \u0219i \u00eenc\u0103lzite pe plit\u0103 la o temperatur\u0103 de peste 100 de grade.<\/li>\n<li>Aplica\u021bi un strat sub\u021bire de ulei vegetal pe interior.<\/li>\n<li>Vasele care nu au fost prelucrate \u00een prealabil \u00een acest mod sunt potrivite pentru contactul cu produse alimentare care nu con\u021bin acid citric, acetic sau lactic.<\/li>\n<li>Nu supra\u00eenc\u0103lzi\u021bi produsul pentru a p\u0103stra \u00eenveli\u0219ul emailat.<\/li>\n<li>\u00cen cazul \u00een care vasul de g\u0103tit intr\u0103 \u00een contact cu o surs\u0103 de c\u0103ldur\u0103 f\u0103r\u0103 alimente, l\u0103sa\u021bi produsul s\u0103 se r\u0103ceasc\u0103.<\/li>\n<\/ul>\n<p>Cu o \u00eengrijire corespunz\u0103toare, durata de via\u021b\u0103 nu are limite!<\/p>\n<p><\/p>","protected":false},"excerpt":{"rendered":"<p>\u0427\u0443\u0433\u0443\u043d\u043d\u0430\u044f \u0441\u043a\u043e\u0432\u043e\u0440\u043e\u0434\u0430 Wok Syton 300&#215;90 mm<\/p>","protected":false},"featured_media":34240,"comment_status":"open","ping_status":"closed","template":"","meta":{"_acf_changed":false,"inline_featured_image":false},"product_brand":[1422],"product_cat":[907],"product_tag":[],"class_list":{"0":"post-33081","1":"product","2":"type-product","3":"status-publish","4":"has-post-thumbnail","6":"product_brand-syton","7":"product_cat-dutch-oven","9":"first","10":"outofstock","11":"shipping-taxable","12":"product-type-simple"},"acf":[],"yoast_head":"<!-- This site is optimized with the Yoast SEO plugin v27.4 - https:\/\/yoast.com\/product\/yoast-seo-wordpress\/ -->\n<title>\u0427\u0443\u0433\u0443\u043d\u043d\u0430\u044f \u0441\u043a\u043e\u0432\u043e\u0440\u043e\u0434\u0430 Wok Syton EM 300x90 mm - \u041c\u0430\u0433\u0430\u0437\u0438\u043d Xstyle<\/title>\n<meta name=\"description\" content=\"\u041a\u0443\u043f\u0438\u0442\u0435 \u0447\u0443\u0433\u0443\u043d\u043d\u0443\u044e \u0441\u043a\u043e\u0432\u043e\u0440\u043e\u0434\u0443 Wok Syton EM 300x90 \u043c\u043c! \u0418\u0434\u0435\u0430\u043b\u044c\u043d\u043e \u043f\u043e\u0434\u0445\u043e\u0434\u0438\u0442 \u0434\u043b\u044f \u0431\u044b\u0441\u0442\u0440\u043e\u0439 \u0436\u0430\u0440\u043a\u0438, \u043e\u0431\u0435\u0441\u043f\u0435\u0447\u0438\u0432\u0430\u0435\u0442 \u0440\u0430\u0432\u043d\u043e\u043c\u0435\u0440\u043d\u043e\u0435 \u043f\u0440\u043e\u0433\u0440\u0435\u0432\u0430\u043d\u0438\u0435 \u0438 \u0434\u043e\u043b\u0433\u043e\u0432\u0435\u0447\u043d\u043e\u0441\u0442\u044c.\" \/>\n<meta name=\"robots\" content=\"index, follow, max-snippet:-1, max-image-preview:large, max-video-preview:-1\" \/>\n<link rel=\"canonical\" href=\"https:\/\/xstyle.md\/ro\/produs\/chugunnaja-skovoroda-wok-syton-300x90-mm\/\" \/>\n<meta property=\"og:locale\" content=\"ro_RO\" \/>\n<meta property=\"og:type\" content=\"article\" \/>\n<meta property=\"og:title\" content=\"\u0427\u0443\u0433\u0443\u043d\u043d\u0430\u044f \u0441\u043a\u043e\u0432\u043e\u0440\u043e\u0434\u0430 Wok Syton EM 300x90 mm - \u041c\u0430\u0433\u0430\u0437\u0438\u043d Xstyle\" \/>\n<meta property=\"og:description\" content=\"\u041a\u0443\u043f\u0438\u0442\u0435 \u0447\u0443\u0433\u0443\u043d\u043d\u0443\u044e \u0441\u043a\u043e\u0432\u043e\u0440\u043e\u0434\u0443 Wok Syton EM 300x90 \u043c\u043c! \u0418\u0434\u0435\u0430\u043b\u044c\u043d\u043e \u043f\u043e\u0434\u0445\u043e\u0434\u0438\u0442 \u0434\u043b\u044f \u0431\u044b\u0441\u0442\u0440\u043e\u0439 \u0436\u0430\u0440\u043a\u0438, \u043e\u0431\u0435\u0441\u043f\u0435\u0447\u0438\u0432\u0430\u0435\u0442 \u0440\u0430\u0432\u043d\u043e\u043c\u0435\u0440\u043d\u043e\u0435 \u043f\u0440\u043e\u0433\u0440\u0435\u0432\u0430\u043d\u0438\u0435 \u0438 \u0434\u043e\u043b\u0433\u043e\u0432\u0435\u0447\u043d\u043e\u0441\u0442\u044c.\" \/>\n<meta property=\"og:url\" content=\"https:\/\/xstyle.md\/ro\/produs\/chugunnaja-skovoroda-wok-syton-300x90-mm\/\" \/>\n<meta property=\"og:site_name\" content=\"\u041c\u0430\u0433\u0430\u0437\u0438\u043d Xstyle\" \/>\n<meta property=\"article:publisher\" content=\"https:\/\/www.facebook.com\/xstylemd\" \/>\n<meta property=\"article:modified_time\" content=\"2026-02-25T10:41:46+00:00\" \/>\n<meta property=\"og:image\" content=\"https:\/\/xstyle.md\/wp-content\/uploads\/2021\/04\/chugunnaja-skovoroda-wok-syton-300x90-mm.jpg\" \/>\n\t<meta property=\"og:image:width\" content=\"800\" \/>\n\t<meta property=\"og:image:height\" content=\"800\" \/>\n\t<meta property=\"og:image:type\" content=\"image\/jpeg\" \/>\n<meta name=\"twitter:card\" content=\"summary_large_image\" \/>\n<meta name=\"twitter:label1\" content=\"Pre\u021b\" \/>\n\t<meta name=\"twitter:data1\" content=\"860&nbsp;MDL\" \/>\n\t<meta name=\"twitter:label2\" content=\"Disponibilitate\" \/>\n\t<meta name=\"twitter:data2\" content=\"Stoc epuizat\" \/>\n<script type=\"application\/ld+json\" class=\"yoast-schema-graph\">{\"@context\":\"https:\\\/\\\/schema.org\",\"@graph\":[{\"@type\":\"WebPage\",\"@id\":\"https:\\\/\\\/xstyle.md\\\/product\\\/chugunnaja-skovoroda-wok-syton-300x90-mm\\\/\",\"url\":\"https:\\\/\\\/xstyle.md\\\/product\\\/chugunnaja-skovoroda-wok-syton-300x90-mm\\\/\",\"name\":\"\u0427\u0443\u0433\u0443\u043d\u043d\u0430\u044f \u0441\u043a\u043e\u0432\u043e\u0440\u043e\u0434\u0430 Wok Syton EM 300x90 mm - \u041c\u0430\u0433\u0430\u0437\u0438\u043d Xstyle\",\"isPartOf\":{\"@id\":\"https:\\\/\\\/xstyle.md\\\/#website\"},\"primaryImageOfPage\":{\"@id\":\"https:\\\/\\\/xstyle.md\\\/product\\\/chugunnaja-skovoroda-wok-syton-300x90-mm\\\/#primaryimage\"},\"image\":{\"@id\":\"https:\\\/\\\/xstyle.md\\\/product\\\/chugunnaja-skovoroda-wok-syton-300x90-mm\\\/#primaryimage\"},\"thumbnailUrl\":\"https:\\\/\\\/xstyle.md\\\/wp-content\\\/uploads\\\/2021\\\/04\\\/chugunnaja-skovoroda-wok-syton-300x90-mm.jpg\",\"datePublished\":\"2021-04-30T10:00:38+00:00\",\"dateModified\":\"2026-02-25T10:41:46+00:00\",\"description\":\"\u041a\u0443\u043f\u0438\u0442\u0435 \u0447\u0443\u0433\u0443\u043d\u043d\u0443\u044e \u0441\u043a\u043e\u0432\u043e\u0440\u043e\u0434\u0443 Wok Syton EM 300x90 \u043c\u043c! \u0418\u0434\u0435\u0430\u043b\u044c\u043d\u043e \u043f\u043e\u0434\u0445\u043e\u0434\u0438\u0442 \u0434\u043b\u044f \u0431\u044b\u0441\u0442\u0440\u043e\u0439 \u0436\u0430\u0440\u043a\u0438, \u043e\u0431\u0435\u0441\u043f\u0435\u0447\u0438\u0432\u0430\u0435\u0442 \u0440\u0430\u0432\u043d\u043e\u043c\u0435\u0440\u043d\u043e\u0435 \u043f\u0440\u043e\u0433\u0440\u0435\u0432\u0430\u043d\u0438\u0435 \u0438 \u0434\u043e\u043b\u0433\u043e\u0432\u0435\u0447\u043d\u043e\u0441\u0442\u044c.\",\"breadcrumb\":{\"@id\":\"https:\\\/\\\/xstyle.md\\\/product\\\/chugunnaja-skovoroda-wok-syton-300x90-mm\\\/#breadcrumb\"},\"inLanguage\":\"ro-RO\",\"potentialAction\":[{\"@type\":\"ReadAction\",\"target\":[\"https:\\\/\\\/xstyle.md\\\/product\\\/chugunnaja-skovoroda-wok-syton-300x90-mm\\\/\"]}]},{\"@type\":\"ImageObject\",\"inLanguage\":\"ro-RO\",\"@id\":\"https:\\\/\\\/xstyle.md\\\/product\\\/chugunnaja-skovoroda-wok-syton-300x90-mm\\\/#primaryimage\",\"url\":\"https:\\\/\\\/xstyle.md\\\/wp-content\\\/uploads\\\/2021\\\/04\\\/chugunnaja-skovoroda-wok-syton-300x90-mm.jpg\",\"contentUrl\":\"https:\\\/\\\/xstyle.md\\\/wp-content\\\/uploads\\\/2021\\\/04\\\/chugunnaja-skovoroda-wok-syton-300x90-mm.jpg\",\"width\":800,\"height\":800,\"caption\":\"\u0427\u0443\u0433\u0443\u043d\u043d\u0430\u044f \u0441\u043a\u043e\u0432\u043e\u0440\u043e\u0434\u0430 Wok Syton EM 300x90 \u043c\u043c \u0434\u043b\u044f \u0430\u043a\u0442\u0438\u0432\u043d\u043e\u0433\u043e \u043e\u0442\u0434\u044b\u0445\u0430, \u043f\u043e\u0445\u043e\u0434\u043e\u0432, \u0442\u0443\u0440\u0438\u0437\u043c\u0430 \u0438 \u043f\u0443\u0442\u0435\u0448\u0435\u0441\u0442\u0432\u0438\u0439, \u044d\u043a\u0438\u043f\u0438\u0440\u043e\u0432\u043a\u0430 \u0434\u043b\u044f \u043e\u0442\u0434\u044b\u0445\u0430 \u043d\u0430 \u043f\u0440\u0438\u0440\u043e\u0434\u0435, \u043e\u0434\u0435\u0436\u0434\u0430 \u0438 \u043e\u0431\u0443\u0432\u044c \u0434\u043b\u044f \u0445\u0430\u0439\u043a\u0438\u043d\u0433\u0430 \u0438 \u0430\u043b\u044c\u043f\u0438\u043d\u0438\u0437\u043c\u0430\"},{\"@type\":\"BreadcrumbList\",\"@id\":\"https:\\\/\\\/xstyle.md\\\/product\\\/chugunnaja-skovoroda-wok-syton-300x90-mm\\\/#breadcrumb\",\"itemListElement\":[{\"@type\":\"ListItem\",\"position\":1,\"name\":\"\u0413\u043b\u0430\u0432\u043d\u0430\u044f \u0441\u0442\u0440\u0430\u043d\u0438\u0446\u0430\",\"item\":\"https:\\\/\\\/xstyle.md\\\/\"},{\"@type\":\"ListItem\",\"position\":2,\"name\":\"\u041c\u0430\u0433\u0430\u0437\u0438\u043d\",\"item\":\"https:\\\/\\\/xstyle.md\\\/shop\\\/\"},{\"@type\":\"ListItem\",\"position\":3,\"name\":\"\u0427\u0443\u0433\u0443\u043d\u043d\u0430\u044f \u0441\u043a\u043e\u0432\u043e\u0440\u043e\u0434\u0430 Wok Syton EM 300&#215;90 mm\"}]},{\"@type\":\"WebSite\",\"@id\":\"https:\\\/\\\/xstyle.md\\\/#website\",\"url\":\"https:\\\/\\\/xstyle.md\\\/\",\"name\":\"\u041c\u0430\u0433\u0430\u0437\u0438\u043d Xstyle\",\"description\":\"C\u043d\u0430\u0440\u044f\u0436\u0435\u043d\u0438\u0435 \u0434\u043b\u044f \u0442\u0443\u0440\u0438\u0437\u043c\u0430 \u0438 \u044d\u043a\u0441\u0442\u0440\u0435\u043c\u0430\u043b\u044c\u043d\u044b\u0445 \u0432\u0438\u0434\u043e\u0432 \u0441\u043f\u043e\u0440\u0442\u0430 \u0432 \u041c\u043e\u043b\u0434\u043e\u0432\u0435.. \u0426\u0435\u043d\u044b, \u0444\u043e\u0442\u043e, \u0445\u0430\u0440\u0430\u043a\u0442\u0435\u0440\u0438\u0441\u0442\u0438\u043a\u0438 \u0432 \u041c\u043e\u043b\u0434\u043e\u0432\u0435.\",\"publisher\":{\"@id\":\"https:\\\/\\\/xstyle.md\\\/#organization\"},\"alternateName\":\"X-Style\",\"potentialAction\":[{\"@type\":\"SearchAction\",\"target\":{\"@type\":\"EntryPoint\",\"urlTemplate\":\"https:\\\/\\\/xstyle.md\\\/?s={search_term_string}\"},\"query-input\":{\"@type\":\"PropertyValueSpecification\",\"valueRequired\":true,\"valueName\":\"search_term_string\"}}],\"inLanguage\":\"ro-RO\"},{\"@type\":\"Organization\",\"@id\":\"https:\\\/\\\/xstyle.md\\\/#organization\",\"name\":\"\u041c\u0430\u0433\u0430\u0437\u0438\u043d Xstyle\",\"alternateName\":\"x-style\",\"url\":\"https:\\\/\\\/xstyle.md\\\/\",\"logo\":{\"@type\":\"ImageObject\",\"inLanguage\":\"ro-RO\",\"@id\":\"https:\\\/\\\/xstyle.md\\\/#\\\/schema\\\/logo\\\/image\\\/\",\"url\":\"https:\\\/\\\/xstyle.md\\\/wp-content\\\/uploads\\\/2020\\\/06\\\/logoicon.svg\",\"contentUrl\":\"https:\\\/\\\/xstyle.md\\\/wp-content\\\/uploads\\\/2020\\\/06\\\/logoicon.svg\",\"caption\":\"\u041c\u0430\u0433\u0430\u0437\u0438\u043d Xstyle\"},\"image\":{\"@id\":\"https:\\\/\\\/xstyle.md\\\/#\\\/schema\\\/logo\\\/image\\\/\"},\"sameAs\":[\"https:\\\/\\\/www.facebook.com\\\/xstylemd\",\"https:\\\/\\\/www.instagram.com\\\/xstyle_md\\\/\",\"https:\\\/\\\/t.me\\\/xstyle_outdoor\"],\"hasMerchantReturnPolicy\":{\"@type\":\"MerchantReturnPolicy\",\"merchantReturnLink\":\"https:\\\/\\\/xstyle.md\\\/ro\\\/conditions\\\/\"}}]}<\/script>\n<meta property=\"product:price:amount\" content=\"860.00\" \/>\n<meta property=\"product:price:currency\" content=\"MDL\" \/>\n<meta property=\"og:availability\" content=\"out of stock\" \/>\n<meta property=\"product:availability\" content=\"out of stock\" \/>\n<meta property=\"product:retailer_item_id\" content=\"4820067770908\" \/>\n<meta property=\"product:condition\" content=\"new\" \/>\n<!-- \/ Yoast SEO plugin. -->","yoast_head_json":{"title":"Tigaie din font\u0103 EM Wok Syton 300x90 mm - Magazin Xstyle","description":"Cump\u0103ra\u021bi o tigaie din font\u0103 Wok Syton EM 300x90 mm! Este perfect\u0103 pentru pr\u0103jirea rapid\u0103, asigur\u00e2nd o \u00eenc\u0103lzire uniform\u0103 \u0219i durabilitate.","robots":{"index":"index","follow":"follow","max-snippet":"max-snippet:-1","max-image-preview":"max-image-preview:large","max-video-preview":"max-video-preview:-1"},"canonical":"https:\/\/xstyle.md\/ro\/produs\/chugunnaja-skovoroda-wok-syton-300x90-mm\/","og_locale":"ro_RO","og_type":"article","og_title":"\u0427\u0443\u0433\u0443\u043d\u043d\u0430\u044f \u0441\u043a\u043e\u0432\u043e\u0440\u043e\u0434\u0430 Wok Syton EM 300x90 mm - \u041c\u0430\u0433\u0430\u0437\u0438\u043d Xstyle","og_description":"\u041a\u0443\u043f\u0438\u0442\u0435 \u0447\u0443\u0433\u0443\u043d\u043d\u0443\u044e \u0441\u043a\u043e\u0432\u043e\u0440\u043e\u0434\u0443 Wok Syton EM 300x90 \u043c\u043c! \u0418\u0434\u0435\u0430\u043b\u044c\u043d\u043e \u043f\u043e\u0434\u0445\u043e\u0434\u0438\u0442 \u0434\u043b\u044f \u0431\u044b\u0441\u0442\u0440\u043e\u0439 \u0436\u0430\u0440\u043a\u0438, \u043e\u0431\u0435\u0441\u043f\u0435\u0447\u0438\u0432\u0430\u0435\u0442 \u0440\u0430\u0432\u043d\u043e\u043c\u0435\u0440\u043d\u043e\u0435 \u043f\u0440\u043e\u0433\u0440\u0435\u0432\u0430\u043d\u0438\u0435 \u0438 \u0434\u043e\u043b\u0433\u043e\u0432\u0435\u0447\u043d\u043e\u0441\u0442\u044c.","og_url":"https:\/\/xstyle.md\/ro\/produs\/chugunnaja-skovoroda-wok-syton-300x90-mm\/","og_site_name":"\u041c\u0430\u0433\u0430\u0437\u0438\u043d Xstyle","article_publisher":"https:\/\/www.facebook.com\/xstylemd","article_modified_time":"2026-02-25T10:41:46+00:00","og_image":[{"width":800,"height":800,"url":"https:\/\/xstyle.md\/wp-content\/uploads\/2021\/04\/chugunnaja-skovoroda-wok-syton-300x90-mm.jpg","type":"image\/jpeg"}],"twitter_card":"summary_large_image","twitter_misc":{"Pre\u021b":"860&nbsp;MDL","Disponibilitate":"Stoc epuizat"},"schema":{"@context":"https:\/\/schema.org","@graph":[{"@type":"WebPage","@id":"https:\/\/xstyle.md\/product\/chugunnaja-skovoroda-wok-syton-300x90-mm\/","url":"https:\/\/xstyle.md\/product\/chugunnaja-skovoroda-wok-syton-300x90-mm\/","name":"Tigaie din font\u0103 EM Wok Syton 300x90 mm - Magazin Xstyle","isPartOf":{"@id":"https:\/\/xstyle.md\/#website"},"primaryImageOfPage":{"@id":"https:\/\/xstyle.md\/product\/chugunnaja-skovoroda-wok-syton-300x90-mm\/#primaryimage"},"image":{"@id":"https:\/\/xstyle.md\/product\/chugunnaja-skovoroda-wok-syton-300x90-mm\/#primaryimage"},"thumbnailUrl":"https:\/\/xstyle.md\/wp-content\/uploads\/2021\/04\/chugunnaja-skovoroda-wok-syton-300x90-mm.jpg","datePublished":"2021-04-30T10:00:38+00:00","dateModified":"2026-02-25T10:41:46+00:00","description":"Cump\u0103ra\u021bi o tigaie din font\u0103 Wok Syton EM 300x90 mm! Este perfect\u0103 pentru pr\u0103jirea rapid\u0103, asigur\u00e2nd o \u00eenc\u0103lzire uniform\u0103 \u0219i durabilitate.","breadcrumb":{"@id":"https:\/\/xstyle.md\/product\/chugunnaja-skovoroda-wok-syton-300x90-mm\/#breadcrumb"},"inLanguage":"ro-RO","potentialAction":[{"@type":"ReadAction","target":["https:\/\/xstyle.md\/product\/chugunnaja-skovoroda-wok-syton-300x90-mm\/"]}]},{"@type":"ImageObject","inLanguage":"ro-RO","@id":"https:\/\/xstyle.md\/product\/chugunnaja-skovoroda-wok-syton-300x90-mm\/#primaryimage","url":"https:\/\/xstyle.md\/wp-content\/uploads\/2021\/04\/chugunnaja-skovoroda-wok-syton-300x90-mm.jpg","contentUrl":"https:\/\/xstyle.md\/wp-content\/uploads\/2021\/04\/chugunnaja-skovoroda-wok-syton-300x90-mm.jpg","width":800,"height":800,"caption":"\u0427\u0443\u0433\u0443\u043d\u043d\u0430\u044f \u0441\u043a\u043e\u0432\u043e\u0440\u043e\u0434\u0430 Wok Syton EM 300x90 \u043c\u043c \u0434\u043b\u044f \u0430\u043a\u0442\u0438\u0432\u043d\u043e\u0433\u043e \u043e\u0442\u0434\u044b\u0445\u0430, \u043f\u043e\u0445\u043e\u0434\u043e\u0432, \u0442\u0443\u0440\u0438\u0437\u043c\u0430 \u0438 \u043f\u0443\u0442\u0435\u0448\u0435\u0441\u0442\u0432\u0438\u0439, \u044d\u043a\u0438\u043f\u0438\u0440\u043e\u0432\u043a\u0430 \u0434\u043b\u044f \u043e\u0442\u0434\u044b\u0445\u0430 \u043d\u0430 \u043f\u0440\u0438\u0440\u043e\u0434\u0435, \u043e\u0434\u0435\u0436\u0434\u0430 \u0438 \u043e\u0431\u0443\u0432\u044c \u0434\u043b\u044f \u0445\u0430\u0439\u043a\u0438\u043d\u0433\u0430 \u0438 \u0430\u043b\u044c\u043f\u0438\u043d\u0438\u0437\u043c\u0430"},{"@type":"BreadcrumbList","@id":"https:\/\/xstyle.md\/product\/chugunnaja-skovoroda-wok-syton-300x90-mm\/#breadcrumb","itemListElement":[{"@type":"ListItem","position":1,"name":"\u0413\u043b\u0430\u0432\u043d\u0430\u044f \u0441\u0442\u0440\u0430\u043d\u0438\u0446\u0430","item":"https:\/\/xstyle.md\/"},{"@type":"ListItem","position":2,"name":"\u041c\u0430\u0433\u0430\u0437\u0438\u043d","item":"https:\/\/xstyle.md\/shop\/"},{"@type":"ListItem","position":3,"name":"\u0427\u0443\u0433\u0443\u043d\u043d\u0430\u044f \u0441\u043a\u043e\u0432\u043e\u0440\u043e\u0434\u0430 Wok Syton EM 300&#215;90 mm"}]},{"@type":"WebSite","@id":"https:\/\/xstyle.md\/#website","url":"https:\/\/xstyle.md\/","name":"Magazinul X-Style","description":"Echipamente pentru turism \u0219i sporturi extreme \u00een Moldova. Pre\u021buri, fotografii, caracteristici \u00een Moldova.","publisher":{"@id":"https:\/\/xstyle.md\/#organization"},"alternateName":"X-Style","potentialAction":[{"@type":"SearchAction","target":{"@type":"EntryPoint","urlTemplate":"https:\/\/xstyle.md\/?s={search_term_string}"},"query-input":{"@type":"PropertyValueSpecification","valueRequired":true,"valueName":"search_term_string"}}],"inLanguage":"ro-RO"},{"@type":"Organization","@id":"https:\/\/xstyle.md\/#organization","name":"Magazinul X-Style","alternateName":"x-style","url":"https:\/\/xstyle.md\/","logo":{"@type":"ImageObject","inLanguage":"ro-RO","@id":"https:\/\/xstyle.md\/#\/schema\/logo\/image\/","url":"https:\/\/xstyle.md\/wp-content\/uploads\/2020\/06\/logoicon.svg","contentUrl":"https:\/\/xstyle.md\/wp-content\/uploads\/2020\/06\/logoicon.svg","caption":"\u041c\u0430\u0433\u0430\u0437\u0438\u043d Xstyle"},"image":{"@id":"https:\/\/xstyle.md\/#\/schema\/logo\/image\/"},"sameAs":["https:\/\/www.facebook.com\/xstylemd","https:\/\/www.instagram.com\/xstyle_md\/","https:\/\/t.me\/xstyle_outdoor"],"hasMerchantReturnPolicy":{"@type":"MerchantReturnPolicy","merchantReturnLink":"https:\/\/xstyle.md\/ro\/conditions\/"}}]},"product_price_amount":"860.00","product_price_currency":"MDL","og_availability":"out of stock","product_availability":"out of stock","product_retailer_item_id":"4820067770908","product_condition":"new"},"_links":{"self":[{"href":"https:\/\/xstyle.md\/ro\/wp-json\/wp\/v2\/product\/33081","targetHints":{"allow":["GET"]}}],"collection":[{"href":"https:\/\/xstyle.md\/ro\/wp-json\/wp\/v2\/product"}],"about":[{"href":"https:\/\/xstyle.md\/ro\/wp-json\/wp\/v2\/types\/product"}],"replies":[{"embeddable":true,"href":"https:\/\/xstyle.md\/ro\/wp-json\/wp\/v2\/comments?post=33081"}],"wp:featuredmedia":[{"embeddable":true,"href":"https:\/\/xstyle.md\/ro\/wp-json\/wp\/v2\/media\/34240"}],"wp:attachment":[{"href":"https:\/\/xstyle.md\/ro\/wp-json\/wp\/v2\/media?parent=33081"}],"wp:term":[{"taxonomy":"product_brand","embeddable":true,"href":"https:\/\/xstyle.md\/ro\/wp-json\/wp\/v2\/product_brand?post=33081"},{"taxonomy":"product_cat","embeddable":true,"href":"https:\/\/xstyle.md\/ro\/wp-json\/wp\/v2\/product_cat?post=33081"},{"taxonomy":"product_tag","embeddable":true,"href":"https:\/\/xstyle.md\/ro\/wp-json\/wp\/v2\/product_tag?post=33081"}],"curies":[{"name":"wp","href":"https:\/\/api.w.org\/{rel}","templated":true}]}}