{"id":33053,"date":"2021-04-30T13:00:27","date_gmt":"2021-04-30T10:00:27","guid":{"rendered":"https:\/\/xstyle.md\/?post_type=product&#038;p=33053"},"modified":"2024-10-02T23:37:08","modified_gmt":"2024-10-02T20:37:08","slug":"shapochka-dlja-plavanija-spokey-abstract-85372","status":"publish","type":"product","link":"https:\/\/xstyle.md\/ro\/produs\/shapochka-dlja-plavanija-spokey-abstract-85372\/","title":{"rendered":"Caciul\u0103 \u00eenot Spokey Abstract 85372"},"content":{"rendered":"<\/p>\n<p><strong>Spokey Abstract 85372<\/strong> &#8212; casca de \u00eenot este fabricat\u0103 din silicon 100% de \u00eenalt\u0103 calitate pentru o fixare confortabil\u0103 pe cap, rezisten\u021ba sporit\u0103 la clor este o garan\u021bie a utiliz\u0103rii de lung\u0103 durat\u0103.<\/p>\n<h3>Particularit\u0103\u021bi<\/h3>\n<ul>\n<li>P\u0103stra\u021bi p\u0103rul uscat \u00een timpul \u00eenotului<\/li>\n<li>Proteja\u021bi p\u0103rul \u0219i scalpul de clor<\/li>\n<li>Reduce\u021bi rezisten\u021ba \u00een ap\u0103<\/li>\n<\/ul>\n<h3>Sfaturi pentru utilizare<\/h3>\n<ul>\n<li>Imediat dup\u0103 utilizare, \u0219apca trebuie sp\u0103lat\u0103 \u00een ap\u0103 rece \u0219i uscat\u0103 cu un prosop pe exteriorul \u0219i interiorul \u0219apcii<\/li>\n<li>Dup\u0103 ce \u0219apca s-a uscat, aceasta trebuie pres\u0103rat\u0103 cu pudr\u0103 de talc pentru a-\u0219i p\u0103stra forma.<\/li>\n<li>\u0218apca nu trebuie l\u0103sat\u0103 \u00een lumina direct\u0103 a soarelui.<\/li>\n<li>Orice obiecte ascu\u021bite: ace de p\u0103r, unghii, pot deteriora materialul \u0219epcii<\/li>\n<\/ul>\n<h3>Caracteristici<\/h3>\n<ul>\n<li>Material &#8212; silicon<\/li>\n<li>Model &#8212; unisex<\/li>\n<\/ul>\n<h3>Marca<\/h3>\n<p>Spokey este un brand polonez t\u00e2n\u0103r, fondat recent, \u00een 2007, dar care a devenit rapid un lider \u00een produc\u021bia unei game extrem de largi de produse pentru diferite tipuri de activit\u0103\u021bi \u00een aer liber. Succesul s\u0103u a fost posibil datorit\u0103 unor factori precum: munca constant\u0103, dorin\u021ba de autoperfec\u021bionare, o echip\u0103 talentat\u0103 de profesioni\u0219ti \u0219i o abordare meticuloas\u0103 a produc\u021biei. \u00cen ciuda tinere\u021bii sale, compania c\u00e2\u0219tig\u0103 rapid inimile pasiona\u021bilor de sport \u0219i de activit\u0103\u021bi \u00een aer liber. \u00cen plus, compania acord\u0103 o mare aten\u021bie calit\u0103\u021bii produselor sale. Fiabilitatea excelent\u0103, conformitatea cu toate standardele de siguran\u021b\u0103 \u0219i cele mai bune solu\u021bii de design au devenit principalul motiv pentru cererea ridicat\u0103 pentru produsele m\u0103rcii.<\/p>\n<p><\/p>","protected":false},"excerpt":{"rendered":"<p>Caciul\u0103 \u00eenot Spokey Abstract 85372<\/p>","protected":false},"featured_media":33789,"comment_status":"open","ping_status":"closed","template":"","meta":{"_acf_changed":false,"inline_featured_image":false},"product_brand":[1425],"product_cat":[395],"product_tag":[],"class_list":{"0":"post-33053","1":"product","2":"type-product","3":"status-publish","4":"has-post-thumbnail","6":"product_brand-spokey","7":"product_cat-caps-for-swimming","9":"first","10":"instock","11":"shipping-taxable","12":"purchasable","13":"product-type-simple"},"acf":[],"yoast_head":"<!-- This site is optimized with the Yoast SEO plugin v27.2 - https:\/\/yoast.com\/product\/yoast-seo-wordpress\/ -->\n<title>\u0428\u0430\u043f\u043e\u0447\u043a\u0430 \u0434\u043b\u044f \u043f\u043b\u0430\u0432\u0430\u043d\u0438\u044f Spokey Abstract 85372 - \u041c\u0430\u0433\u0430\u0437\u0438\u043d Xstyle<\/title>\n<meta name=\"description\" content=\"\u0428\u0430\u043f\u043e\u0447\u043a\u0430 \u0434\u043b\u044f \u043f\u043b\u0430\u0432\u0430\u043d\u0438\u044f Spokey Abstract 85372 \u0438\u0437 100% \u0441\u0438\u043b\u0438\u043a\u043e\u043d\u0430. \u0417\u0430\u0449\u0438\u0449\u0430\u0435\u0442 \u0432\u043e\u043b\u043e\u0441\u044b \u0438 \u043a\u043e\u0436\u0443 \u0433\u043e\u043b\u043e\u0432\u044b, \u0441\u043e\u0445\u0440\u0430\u043d\u044f\u0435\u0442 \u043a\u043e\u043c\u0444\u043e\u0440\u0442 \u0438 \u0434\u043e\u043b\u0433\u043e\u0432\u0435\u0447\u043d\u043e\u0441\u0442\u044c. \u0418\u0434\u0435\u0430\u043b\u044c\u043d\u0430 \u0434\u043b\u044f \u043f\u043b\u0430\u0432\u0430\u043d\u0438\u044f!\" \/>\n<meta name=\"robots\" content=\"index, follow, max-snippet:-1, max-image-preview:large, max-video-preview:-1\" \/>\n<link rel=\"canonical\" href=\"https:\/\/xstyle.md\/ro\/produs\/shapochka-dlja-plavanija-spokey-abstract-85372\/\" \/>\n<meta property=\"og:locale\" content=\"ro_RO\" \/>\n<meta property=\"og:type\" content=\"article\" \/>\n<meta property=\"og:title\" content=\"\u0428\u0430\u043f\u043e\u0447\u043a\u0430 \u0434\u043b\u044f \u043f\u043b\u0430\u0432\u0430\u043d\u0438\u044f Spokey Abstract 85372 - \u041c\u0430\u0433\u0430\u0437\u0438\u043d Xstyle\" \/>\n<meta property=\"og:description\" content=\"\u0428\u0430\u043f\u043e\u0447\u043a\u0430 \u0434\u043b\u044f \u043f\u043b\u0430\u0432\u0430\u043d\u0438\u044f Spokey Abstract 85372 \u0438\u0437 100% \u0441\u0438\u043b\u0438\u043a\u043e\u043d\u0430. \u0417\u0430\u0449\u0438\u0449\u0430\u0435\u0442 \u0432\u043e\u043b\u043e\u0441\u044b \u0438 \u043a\u043e\u0436\u0443 \u0433\u043e\u043b\u043e\u0432\u044b, \u0441\u043e\u0445\u0440\u0430\u043d\u044f\u0435\u0442 \u043a\u043e\u043c\u0444\u043e\u0440\u0442 \u0438 \u0434\u043e\u043b\u0433\u043e\u0432\u0435\u0447\u043d\u043e\u0441\u0442\u044c. \u0418\u0434\u0435\u0430\u043b\u044c\u043d\u0430 \u0434\u043b\u044f \u043f\u043b\u0430\u0432\u0430\u043d\u0438\u044f!\" \/>\n<meta property=\"og:url\" content=\"https:\/\/xstyle.md\/ro\/produs\/shapochka-dlja-plavanija-spokey-abstract-85372\/\" \/>\n<meta property=\"og:site_name\" content=\"\u041c\u0430\u0433\u0430\u0437\u0438\u043d Xstyle\" \/>\n<meta property=\"article:publisher\" content=\"https:\/\/www.facebook.com\/xstylemd\" \/>\n<meta property=\"article:modified_time\" content=\"2024-10-02T20:37:08+00:00\" \/>\n<meta property=\"og:image\" content=\"https:\/\/xstyle.md\/wp-content\/uploads\/2021\/04\/spokey-abstract-85372.jpg\" \/>\n\t<meta property=\"og:image:width\" content=\"720\" \/>\n\t<meta property=\"og:image:height\" content=\"610\" \/>\n\t<meta property=\"og:image:type\" content=\"image\/jpeg\" \/>\n<meta name=\"twitter:card\" content=\"summary_large_image\" \/>\n<meta name=\"twitter:label1\" content=\"Pre\u021b\" \/>\n\t<meta name=\"twitter:data1\" content=\"130&nbsp;MDL\" \/>\n\t<meta name=\"twitter:label2\" content=\"Disponibilitate\" \/>\n\t<meta name=\"twitter:data2\" content=\"\u00cen stoc\" \/>\n<script type=\"application\/ld+json\" class=\"yoast-schema-graph\">{\"@context\":\"https:\/\/schema.org\",\"@graph\":[{\"@type\":\"WebPage\",\"@id\":\"https:\/\/xstyle.md\/product\/shapochka-dlja-plavanija-spokey-abstract-85372\/\",\"url\":\"https:\/\/xstyle.md\/product\/shapochka-dlja-plavanija-spokey-abstract-85372\/\",\"name\":\"\u0428\u0430\u043f\u043e\u0447\u043a\u0430 \u0434\u043b\u044f \u043f\u043b\u0430\u0432\u0430\u043d\u0438\u044f Spokey Abstract 85372 - \u041c\u0430\u0433\u0430\u0437\u0438\u043d Xstyle\",\"isPartOf\":{\"@id\":\"https:\/\/xstyle.md\/#website\"},\"primaryImageOfPage\":{\"@id\":\"https:\/\/xstyle.md\/product\/shapochka-dlja-plavanija-spokey-abstract-85372\/#primaryimage\"},\"image\":{\"@id\":\"https:\/\/xstyle.md\/product\/shapochka-dlja-plavanija-spokey-abstract-85372\/#primaryimage\"},\"thumbnailUrl\":\"https:\/\/xstyle.md\/wp-content\/uploads\/2021\/04\/spokey-abstract-85372.jpg\",\"datePublished\":\"2021-04-30T10:00:27+00:00\",\"dateModified\":\"2024-10-02T20:37:08+00:00\",\"description\":\"\u0428\u0430\u043f\u043e\u0447\u043a\u0430 \u0434\u043b\u044f \u043f\u043b\u0430\u0432\u0430\u043d\u0438\u044f Spokey Abstract 85372 \u0438\u0437 100% \u0441\u0438\u043b\u0438\u043a\u043e\u043d\u0430. \u0417\u0430\u0449\u0438\u0449\u0430\u0435\u0442 \u0432\u043e\u043b\u043e\u0441\u044b \u0438 \u043a\u043e\u0436\u0443 \u0433\u043e\u043b\u043e\u0432\u044b, \u0441\u043e\u0445\u0440\u0430\u043d\u044f\u0435\u0442 \u043a\u043e\u043c\u0444\u043e\u0440\u0442 \u0438 \u0434\u043e\u043b\u0433\u043e\u0432\u0435\u0447\u043d\u043e\u0441\u0442\u044c. \u0418\u0434\u0435\u0430\u043b\u044c\u043d\u0430 \u0434\u043b\u044f \u043f\u043b\u0430\u0432\u0430\u043d\u0438\u044f!\",\"breadcrumb\":{\"@id\":\"https:\/\/xstyle.md\/product\/shapochka-dlja-plavanija-spokey-abstract-85372\/#breadcrumb\"},\"inLanguage\":\"ro-RO\",\"potentialAction\":[{\"@type\":\"ReadAction\",\"target\":[\"https:\/\/xstyle.md\/product\/shapochka-dlja-plavanija-spokey-abstract-85372\/\"]}]},{\"@type\":\"ImageObject\",\"inLanguage\":\"ro-RO\",\"@id\":\"https:\/\/xstyle.md\/product\/shapochka-dlja-plavanija-spokey-abstract-85372\/#primaryimage\",\"url\":\"https:\/\/xstyle.md\/wp-content\/uploads\/2021\/04\/spokey-abstract-85372.jpg\",\"contentUrl\":\"https:\/\/xstyle.md\/wp-content\/uploads\/2021\/04\/spokey-abstract-85372.jpg\",\"width\":720,\"height\":610,\"caption\":\"\u0428\u0430\u043f\u043e\u0447\u043a\u0430 \u0434\u043b\u044f \u043f\u043b\u0430\u0432\u0430\u043d\u0438\u044f Spokey Abstract 85372 \u0434\u043b\u044f \u0430\u043a\u0442\u0438\u0432\u043d\u043e\u0433\u043e \u043e\u0442\u0434\u044b\u0445\u0430, \u043f\u043b\u0430\u0432\u0430\u043d\u0438\u044f, \u043f\u043e\u0445\u043e\u0434\u043e\u0432, \u043f\u0443\u0442\u0435\u0448\u0435\u0441\u0442\u0432\u0438\u0439, \u0441\u043f\u043e\u0440\u0442\u0438\u0432\u043d\u043e\u0439 \u043e\u0434\u0435\u0436\u0434\u044b \u0438 \u043e\u0431\u0443\u0432\u0438 \u0434\u043b\u044f \u0442\u0443\u0440\u0438\u0437\u043c\u0430 \u0438 \u0430\u043b\u044c\u043f\u0438\u043d\u0438\u0437\u043c\u0430\"},{\"@type\":\"BreadcrumbList\",\"@id\":\"https:\/\/xstyle.md\/product\/shapochka-dlja-plavanija-spokey-abstract-85372\/#breadcrumb\",\"itemListElement\":[{\"@type\":\"ListItem\",\"position\":1,\"name\":\"\u0413\u043b\u0430\u0432\u043d\u0430\u044f \u0441\u0442\u0440\u0430\u043d\u0438\u0446\u0430\",\"item\":\"https:\/\/xstyle.md\/\"},{\"@type\":\"ListItem\",\"position\":2,\"name\":\"\u041c\u0430\u0433\u0430\u0437\u0438\u043d\",\"item\":\"https:\/\/xstyle.md\/shop\/\"},{\"@type\":\"ListItem\",\"position\":3,\"name\":\"\u0428\u0430\u043f\u043e\u0447\u043a\u0430 \u0434\u043b\u044f \u043f\u043b\u0430\u0432\u0430\u043d\u0438\u044f Spokey Abstract 85372\"}]},{\"@type\":\"WebSite\",\"@id\":\"https:\/\/xstyle.md\/#website\",\"url\":\"https:\/\/xstyle.md\/\",\"name\":\"\u041c\u0430\u0433\u0430\u0437\u0438\u043d Xstyle\",\"description\":\"C\u043d\u0430\u0440\u044f\u0436\u0435\u043d\u0438\u0435 \u0434\u043b\u044f \u0442\u0443\u0440\u0438\u0437\u043c\u0430 \u0438 \u044d\u043a\u0441\u0442\u0440\u0435\u043c\u0430\u043b\u044c\u043d\u044b\u0445 \u0432\u0438\u0434\u043e\u0432 \u0441\u043f\u043e\u0440\u0442\u0430 \u0432 \u041c\u043e\u043b\u0434\u043e\u0432\u0435.. \u0426\u0435\u043d\u044b, \u0444\u043e\u0442\u043e, \u0445\u0430\u0440\u0430\u043a\u0442\u0435\u0440\u0438\u0441\u0442\u0438\u043a\u0438 \u0432 \u041c\u043e\u043b\u0434\u043e\u0432\u0435.\",\"publisher\":{\"@id\":\"https:\/\/xstyle.md\/#organization\"},\"alternateName\":\"X-Style\",\"potentialAction\":[{\"@type\":\"SearchAction\",\"target\":{\"@type\":\"EntryPoint\",\"urlTemplate\":\"https:\/\/xstyle.md\/?s={search_term_string}\"},\"query-input\":{\"@type\":\"PropertyValueSpecification\",\"valueRequired\":true,\"valueName\":\"search_term_string\"}}],\"inLanguage\":\"ro-RO\"},{\"@type\":\"Organization\",\"@id\":\"https:\/\/xstyle.md\/#organization\",\"name\":\"\u041c\u0430\u0433\u0430\u0437\u0438\u043d Xstyle\",\"alternateName\":\"x-style\",\"url\":\"https:\/\/xstyle.md\/\",\"logo\":{\"@type\":\"ImageObject\",\"inLanguage\":\"ro-RO\",\"@id\":\"https:\/\/xstyle.md\/#\/schema\/logo\/image\/\",\"url\":\"https:\/\/xstyle.md\/wp-content\/uploads\/2020\/06\/logoicon.svg\",\"contentUrl\":\"https:\/\/xstyle.md\/wp-content\/uploads\/2020\/06\/logoicon.svg\",\"caption\":\"\u041c\u0430\u0433\u0430\u0437\u0438\u043d Xstyle\"},\"image\":{\"@id\":\"https:\/\/xstyle.md\/#\/schema\/logo\/image\/\"},\"sameAs\":[\"https:\/\/www.facebook.com\/xstylemd\",\"https:\/\/www.instagram.com\/xstyle_md\/\",\"https:\/\/t.me\/xstyle_outdoor\"],\"hasMerchantReturnPolicy\":{\"@type\":\"MerchantReturnPolicy\",\"merchantReturnLink\":\"https:\/\/xstyle.md\/ro\/conditions\/\"}}]}<\/script>\n<meta property=\"product:price:amount\" content=\"130.00\" \/>\n<meta property=\"product:price:currency\" content=\"MDL\" \/>\n<meta property=\"og:availability\" content=\"instock\" \/>\n<meta property=\"product:availability\" content=\"instock\" \/>\n<meta property=\"product:retailer_item_id\" content=\"5907640853728\" \/>\n<meta property=\"product:condition\" content=\"new\" \/>\n<!-- \/ Yoast SEO plugin. -->","yoast_head_json":{"title":"Casc\u0103 \u00eenot Spokey Abstract 85372 - Magazin Xstyle","description":"Sapc\u0103 pentru \u00eenot Spokey Abstract 85372 din 100% silicon. Protejeaz\u0103 p\u0103rul \u0219i pielea capului, men\u021bin\u00e2nd confortul \u0219i durabilitatea. Ideal\u0103 pentru \u00eenot!","robots":{"index":"index","follow":"follow","max-snippet":"max-snippet:-1","max-image-preview":"max-image-preview:large","max-video-preview":"max-video-preview:-1"},"canonical":"https:\/\/xstyle.md\/ro\/produs\/shapochka-dlja-plavanija-spokey-abstract-85372\/","og_locale":"ro_RO","og_type":"article","og_title":"\u0428\u0430\u043f\u043e\u0447\u043a\u0430 \u0434\u043b\u044f \u043f\u043b\u0430\u0432\u0430\u043d\u0438\u044f Spokey Abstract 85372 - \u041c\u0430\u0433\u0430\u0437\u0438\u043d Xstyle","og_description":"\u0428\u0430\u043f\u043e\u0447\u043a\u0430 \u0434\u043b\u044f \u043f\u043b\u0430\u0432\u0430\u043d\u0438\u044f Spokey Abstract 85372 \u0438\u0437 100% \u0441\u0438\u043b\u0438\u043a\u043e\u043d\u0430. \u0417\u0430\u0449\u0438\u0449\u0430\u0435\u0442 \u0432\u043e\u043b\u043e\u0441\u044b \u0438 \u043a\u043e\u0436\u0443 \u0433\u043e\u043b\u043e\u0432\u044b, \u0441\u043e\u0445\u0440\u0430\u043d\u044f\u0435\u0442 \u043a\u043e\u043c\u0444\u043e\u0440\u0442 \u0438 \u0434\u043e\u043b\u0433\u043e\u0432\u0435\u0447\u043d\u043e\u0441\u0442\u044c. \u0418\u0434\u0435\u0430\u043b\u044c\u043d\u0430 \u0434\u043b\u044f \u043f\u043b\u0430\u0432\u0430\u043d\u0438\u044f!","og_url":"https:\/\/xstyle.md\/ro\/produs\/shapochka-dlja-plavanija-spokey-abstract-85372\/","og_site_name":"\u041c\u0430\u0433\u0430\u0437\u0438\u043d Xstyle","article_publisher":"https:\/\/www.facebook.com\/xstylemd","article_modified_time":"2024-10-02T20:37:08+00:00","og_image":[{"width":720,"height":610,"url":"https:\/\/xstyle.md\/wp-content\/uploads\/2021\/04\/spokey-abstract-85372.jpg","type":"image\/jpeg"}],"twitter_card":"summary_large_image","twitter_misc":{"Pre\u021b":"130&nbsp;MDL","Disponibilitate":"\u00cen stoc"},"schema":{"@context":"https:\/\/schema.org","@graph":[{"@type":"WebPage","@id":"https:\/\/xstyle.md\/product\/shapochka-dlja-plavanija-spokey-abstract-85372\/","url":"https:\/\/xstyle.md\/product\/shapochka-dlja-plavanija-spokey-abstract-85372\/","name":"Casc\u0103 \u00eenot Spokey Abstract 85372 - Magazin Xstyle","isPartOf":{"@id":"https:\/\/xstyle.md\/#website"},"primaryImageOfPage":{"@id":"https:\/\/xstyle.md\/product\/shapochka-dlja-plavanija-spokey-abstract-85372\/#primaryimage"},"image":{"@id":"https:\/\/xstyle.md\/product\/shapochka-dlja-plavanija-spokey-abstract-85372\/#primaryimage"},"thumbnailUrl":"https:\/\/xstyle.md\/wp-content\/uploads\/2021\/04\/spokey-abstract-85372.jpg","datePublished":"2021-04-30T10:00:27+00:00","dateModified":"2024-10-02T20:37:08+00:00","description":"Sapc\u0103 pentru \u00eenot Spokey Abstract 85372 din 100% silicon. Protejeaz\u0103 p\u0103rul \u0219i pielea capului, men\u021bin\u00e2nd confortul \u0219i durabilitatea. Ideal\u0103 pentru \u00eenot!","breadcrumb":{"@id":"https:\/\/xstyle.md\/product\/shapochka-dlja-plavanija-spokey-abstract-85372\/#breadcrumb"},"inLanguage":"ro-RO","potentialAction":[{"@type":"ReadAction","target":["https:\/\/xstyle.md\/product\/shapochka-dlja-plavanija-spokey-abstract-85372\/"]}]},{"@type":"ImageObject","inLanguage":"ro-RO","@id":"https:\/\/xstyle.md\/product\/shapochka-dlja-plavanija-spokey-abstract-85372\/#primaryimage","url":"https:\/\/xstyle.md\/wp-content\/uploads\/2021\/04\/spokey-abstract-85372.jpg","contentUrl":"https:\/\/xstyle.md\/wp-content\/uploads\/2021\/04\/spokey-abstract-85372.jpg","width":720,"height":610,"caption":"\u0428\u0430\u043f\u043e\u0447\u043a\u0430 \u0434\u043b\u044f \u043f\u043b\u0430\u0432\u0430\u043d\u0438\u044f Spokey Abstract 85372 \u0434\u043b\u044f \u0430\u043a\u0442\u0438\u0432\u043d\u043e\u0433\u043e \u043e\u0442\u0434\u044b\u0445\u0430, \u043f\u043b\u0430\u0432\u0430\u043d\u0438\u044f, \u043f\u043e\u0445\u043e\u0434\u043e\u0432, \u043f\u0443\u0442\u0435\u0448\u0435\u0441\u0442\u0432\u0438\u0439, \u0441\u043f\u043e\u0440\u0442\u0438\u0432\u043d\u043e\u0439 \u043e\u0434\u0435\u0436\u0434\u044b \u0438 \u043e\u0431\u0443\u0432\u0438 \u0434\u043b\u044f \u0442\u0443\u0440\u0438\u0437\u043c\u0430 \u0438 \u0430\u043b\u044c\u043f\u0438\u043d\u0438\u0437\u043c\u0430"},{"@type":"BreadcrumbList","@id":"https:\/\/xstyle.md\/product\/shapochka-dlja-plavanija-spokey-abstract-85372\/#breadcrumb","itemListElement":[{"@type":"ListItem","position":1,"name":"\u0413\u043b\u0430\u0432\u043d\u0430\u044f \u0441\u0442\u0440\u0430\u043d\u0438\u0446\u0430","item":"https:\/\/xstyle.md\/"},{"@type":"ListItem","position":2,"name":"\u041c\u0430\u0433\u0430\u0437\u0438\u043d","item":"https:\/\/xstyle.md\/shop\/"},{"@type":"ListItem","position":3,"name":"\u0428\u0430\u043f\u043e\u0447\u043a\u0430 \u0434\u043b\u044f \u043f\u043b\u0430\u0432\u0430\u043d\u0438\u044f Spokey Abstract 85372"}]},{"@type":"WebSite","@id":"https:\/\/xstyle.md\/#website","url":"https:\/\/xstyle.md\/","name":"Magazinul X-Style","description":"Echipamente pentru turism \u0219i sporturi extreme \u00een Moldova. Pre\u021buri, fotografii, caracteristici \u00een Moldova.","publisher":{"@id":"https:\/\/xstyle.md\/#organization"},"alternateName":"X-Style","potentialAction":[{"@type":"SearchAction","target":{"@type":"EntryPoint","urlTemplate":"https:\/\/xstyle.md\/?s={search_term_string}"},"query-input":{"@type":"PropertyValueSpecification","valueRequired":true,"valueName":"search_term_string"}}],"inLanguage":"ro-RO"},{"@type":"Organization","@id":"https:\/\/xstyle.md\/#organization","name":"Magazinul X-Style","alternateName":"x-style","url":"https:\/\/xstyle.md\/","logo":{"@type":"ImageObject","inLanguage":"ro-RO","@id":"https:\/\/xstyle.md\/#\/schema\/logo\/image\/","url":"https:\/\/xstyle.md\/wp-content\/uploads\/2020\/06\/logoicon.svg","contentUrl":"https:\/\/xstyle.md\/wp-content\/uploads\/2020\/06\/logoicon.svg","caption":"\u041c\u0430\u0433\u0430\u0437\u0438\u043d Xstyle"},"image":{"@id":"https:\/\/xstyle.md\/#\/schema\/logo\/image\/"},"sameAs":["https:\/\/www.facebook.com\/xstylemd","https:\/\/www.instagram.com\/xstyle_md\/","https:\/\/t.me\/xstyle_outdoor"],"hasMerchantReturnPolicy":{"@type":"MerchantReturnPolicy","merchantReturnLink":"https:\/\/xstyle.md\/ro\/conditions\/"}}]},"product_price_amount":"130.00","product_price_currency":"MDL","og_availability":"instock","product_availability":"instock","product_retailer_item_id":"5907640853728","product_condition":"new"},"post_mailing_queue_ids":[],"_links":{"self":[{"href":"https:\/\/xstyle.md\/ro\/wp-json\/wp\/v2\/product\/33053","targetHints":{"allow":["GET"]}}],"collection":[{"href":"https:\/\/xstyle.md\/ro\/wp-json\/wp\/v2\/product"}],"about":[{"href":"https:\/\/xstyle.md\/ro\/wp-json\/wp\/v2\/types\/product"}],"replies":[{"embeddable":true,"href":"https:\/\/xstyle.md\/ro\/wp-json\/wp\/v2\/comments?post=33053"}],"wp:featuredmedia":[{"embeddable":true,"href":"https:\/\/xstyle.md\/ro\/wp-json\/wp\/v2\/media\/33789"}],"wp:attachment":[{"href":"https:\/\/xstyle.md\/ro\/wp-json\/wp\/v2\/media?parent=33053"}],"wp:term":[{"taxonomy":"product_brand","embeddable":true,"href":"https:\/\/xstyle.md\/ro\/wp-json\/wp\/v2\/product_brand?post=33053"},{"taxonomy":"product_cat","embeddable":true,"href":"https:\/\/xstyle.md\/ro\/wp-json\/wp\/v2\/product_cat?post=33053"},{"taxonomy":"product_tag","embeddable":true,"href":"https:\/\/xstyle.md\/ro\/wp-json\/wp\/v2\/product_tag?post=33053"}],"curies":[{"name":"wp","href":"https:\/\/api.w.org\/{rel}","templated":true}]}}