{"id":33036,"date":"2021-04-30T13:00:21","date_gmt":"2021-04-30T10:00:21","guid":{"rendered":"https:\/\/xstyle.md\/?post_type=product&#038;p=33036"},"modified":"2026-03-19T16:44:33","modified_gmt":"2026-03-19T13:44:33","slug":"vafelnica-petromax-waffle-iron","status":"publish","type":"product","link":"https:\/\/xstyle.md\/ro\/produs\/vafelnica-petromax-waffle-iron\/","title":{"rendered":"Aparat pentru vafe Petromax Waffle Iron"},"content":{"rendered":"<\/p>\n<p>Aparat pentru vafe <strong>Petromax Waffle Iron<\/strong> va completa buc\u0103t\u0103ria dvs. \u00een aer liber cu un alt desert minunat: umple\u021bi cu aluat pentru napolitane, \u00eentoarce\u021bi o dat\u0103 dac\u0103 este necesar, iar patiseria gustoas\u0103 este gata s\u0103 fie m\u00e2ncat\u0103.<\/p>\n<p>Datorit\u0103 suprafe\u021bei sale de coacere, aparatul de g\u0103tit vafe este potrivit pentru dou\u0103 vafe de 9 x 11 cm. C\u00e2rligul practic de blocare \u021bine formele de vafe \u00eempreun\u0103, astfel \u00eenc\u00e2t aluatul s\u0103 nu se scurg\u0103. Dup\u0103 \u00eenc\u0103lzirea matri\u021bei, c\u0103ldura rezidual\u0103 acumulat\u0103 poate fi utilizat\u0103 u\u0219or pentru coacere. Aluatul se va coace uniform \u0219i se va rumeni. Aceste bun\u0103t\u0103\u021bi de cas\u0103 cu vafe vor fi un adev\u0103rat punct de atrac\u021bie la urm\u0103toarea petrecere \u00een gr\u0103din\u0103 cu prietenii \u0219i familia.<\/p>\n<p>M\u00e2nerele din lemn stau confortabil \u00een m\u00e2n\u0103, iar tija lung\u0103 asigur\u0103 o distan\u021b\u0103 ampl\u0103 fa\u021b\u0103 de sursa de c\u0103ldur\u0103. Fierul turnat poate fi utilizat imediat, deoarece are un a\u0219a-numit finisaj \u00eemb\u0103tr\u00e2nit. Pentru a cur\u0103\u021ba, este suficient s\u0103 separa\u021bi jum\u0103t\u0103\u021bile din font\u0103 cu ajutorul unei balamale. De altfel, v\u0103 bucura\u021bi de propriet\u0103\u021bile uimitoare ale fontei atunci c\u00e2nd o cur\u0103\u021ba\u021bi, deoarece are un efect antiadeziv natural.<\/p>\n<h3>Caracteristici<\/h3>\n<ul>\n<li>Material m\u00e2ner &#8212; lemn<\/li>\n<li>Material form\u0103 &#8212; font\u0103<\/li>\n<li>Material picior &#8212; o\u021bel inoxidabil<\/li>\n<li>Dimensiuni &#8212; 3 x 20 x 72 cm<\/li>\n<li>Dimensiuni cu ambalaj &#8212; 3 x 20 x 79 cm<\/li>\n<li>Greutate &#8212; 2750 g<\/li>\n<li>Greutate cu ambalaj &#8212; 2800 g.<\/li>\n<\/ul>\n<h3>Marca<\/h3>\n<p>Petromax &#8212; principalul produc\u0103tor german de echipamente de g\u0103tit \u0219i de locuit \u00een aer liber, iar gama sa de produse coordonate combin\u0103 tradi\u021bia \u0219i inova\u021bia \u00eentr-un mod unic. Toate produsele Petromax sunt de cea mai bun\u0103 calitate, durabile, bine g\u00e2ndite \u00een detaliu \u0219i concepute pentru to\u021bi cei care doresc s\u0103 compenseze rutina lor \u00een aer liber \u0219i, prin urmare, s\u0103 campeze \u00een aer liber. Lumea produselor Petromax se concentreaz\u0103 pe explorarea naturii nealterate folosind echipamente tradi\u021bionale, dar bine concepute.<\/p>\n<p><\/p>","protected":false},"excerpt":{"rendered":"<p>Aparat pentru vafe Petromax Waffle Iron<\/p>","protected":false},"featured_media":34297,"comment_status":"open","ping_status":"closed","template":"","meta":{"_acf_changed":false,"inline_featured_image":false},"product_brand":[1420],"product_cat":[907],"product_tag":[],"class_list":{"0":"post-33036","1":"product","2":"type-product","3":"status-publish","4":"has-post-thumbnail","6":"product_brand-petromax","7":"product_cat-dutch-oven","9":"first","10":"instock","11":"shipping-taxable","12":"purchasable","13":"product-type-simple"},"acf":[],"yoast_head":"<!-- This site is optimized with the Yoast SEO plugin v27.2 - https:\/\/yoast.com\/product\/yoast-seo-wordpress\/ -->\n<title>\u0412\u0430\u0444\u0435\u043b\u044c\u043d\u0438\u0446\u0430 Petromax Waffle Iron - \u041c\u0430\u0433\u0430\u0437\u0438\u043d Xstyle<\/title>\n<meta name=\"description\" content=\"\u0412\u0430\u0444\u0435\u043b\u044c\u043d\u0438\u0446\u0430 Petromax - \u0438\u0434\u0435\u0430\u043b\u044c\u043d\u044b\u0439 \u043f\u043e\u043c\u043e\u0449\u043d\u0438\u043a \u0434\u043b\u044f \u043f\u0440\u0438\u0433\u043e\u0442\u043e\u0432\u043b\u0435\u043d\u0438\u044f \u0432\u043a\u0443\u0441\u043d\u044b\u0445 \u0432\u0430\u0444\u0435\u043b\u044c \u0432 \u043f\u043e\u0445\u043e\u0434\u0430\u0445. \u041f\u0440\u043e\u0441\u0442\u043e\u0442\u0430 \u0432 \u0438\u0441\u043f\u043e\u043b\u044c\u0437\u043e\u0432\u0430\u043d\u0438\u0438, \u0440\u0430\u0437\u043c\u0435\u0440 9x11 \u0441\u043c. \u041f\u043e\u0440\u0430\u0434\u0443\u0439\u0442\u0435 \u0441\u0435\u0431\u044f \u0438 \u0431\u043b\u0438\u0437\u043a\u0438\u0445!\" \/>\n<meta name=\"robots\" content=\"index, follow, max-snippet:-1, max-image-preview:large, max-video-preview:-1\" \/>\n<link rel=\"canonical\" href=\"https:\/\/xstyle.md\/ro\/produs\/vafelnica-petromax-waffle-iron\/\" \/>\n<meta property=\"og:locale\" content=\"ro_RO\" \/>\n<meta property=\"og:type\" content=\"article\" \/>\n<meta property=\"og:title\" content=\"\u0412\u0430\u0444\u0435\u043b\u044c\u043d\u0438\u0446\u0430 Petromax Waffle Iron - \u041c\u0430\u0433\u0430\u0437\u0438\u043d Xstyle\" \/>\n<meta property=\"og:description\" content=\"\u0412\u0430\u0444\u0435\u043b\u044c\u043d\u0438\u0446\u0430 Petromax - \u0438\u0434\u0435\u0430\u043b\u044c\u043d\u044b\u0439 \u043f\u043e\u043c\u043e\u0449\u043d\u0438\u043a \u0434\u043b\u044f \u043f\u0440\u0438\u0433\u043e\u0442\u043e\u0432\u043b\u0435\u043d\u0438\u044f \u0432\u043a\u0443\u0441\u043d\u044b\u0445 \u0432\u0430\u0444\u0435\u043b\u044c \u0432 \u043f\u043e\u0445\u043e\u0434\u0430\u0445. \u041f\u0440\u043e\u0441\u0442\u043e\u0442\u0430 \u0432 \u0438\u0441\u043f\u043e\u043b\u044c\u0437\u043e\u0432\u0430\u043d\u0438\u0438, \u0440\u0430\u0437\u043c\u0435\u0440 9x11 \u0441\u043c. \u041f\u043e\u0440\u0430\u0434\u0443\u0439\u0442\u0435 \u0441\u0435\u0431\u044f \u0438 \u0431\u043b\u0438\u0437\u043a\u0438\u0445!\" \/>\n<meta property=\"og:url\" content=\"https:\/\/xstyle.md\/ro\/produs\/vafelnica-petromax-waffle-iron\/\" \/>\n<meta property=\"og:site_name\" content=\"\u041c\u0430\u0433\u0430\u0437\u0438\u043d Xstyle\" \/>\n<meta property=\"article:publisher\" content=\"https:\/\/www.facebook.com\/xstylemd\" \/>\n<meta property=\"article:modified_time\" content=\"2026-03-19T13:44:33+00:00\" \/>\n<meta property=\"og:image\" content=\"https:\/\/xstyle.md\/wp-content\/uploads\/2021\/04\/vafelnica-petromax-waffle-iron.jpg\" \/>\n\t<meta property=\"og:image:width\" content=\"650\" \/>\n\t<meta property=\"og:image:height\" content=\"650\" \/>\n\t<meta property=\"og:image:type\" content=\"image\/jpeg\" \/>\n<meta name=\"twitter:card\" content=\"summary_large_image\" \/>\n<meta name=\"twitter:label1\" content=\"Pre\u021b\" \/>\n\t<meta name=\"twitter:data1\" content=\"1.040&nbsp;MDL\" \/>\n\t<meta name=\"twitter:label2\" content=\"Disponibilitate\" \/>\n\t<meta name=\"twitter:data2\" content=\"\u00cen stoc\" \/>\n<script type=\"application\/ld+json\" class=\"yoast-schema-graph\">{\"@context\":\"https:\/\/schema.org\",\"@graph\":[{\"@type\":\"WebPage\",\"@id\":\"https:\/\/xstyle.md\/product\/vafelnica-petromax-waffle-iron\/\",\"url\":\"https:\/\/xstyle.md\/product\/vafelnica-petromax-waffle-iron\/\",\"name\":\"\u0412\u0430\u0444\u0435\u043b\u044c\u043d\u0438\u0446\u0430 Petromax Waffle Iron - \u041c\u0430\u0433\u0430\u0437\u0438\u043d Xstyle\",\"isPartOf\":{\"@id\":\"https:\/\/xstyle.md\/#website\"},\"primaryImageOfPage\":{\"@id\":\"https:\/\/xstyle.md\/product\/vafelnica-petromax-waffle-iron\/#primaryimage\"},\"image\":{\"@id\":\"https:\/\/xstyle.md\/product\/vafelnica-petromax-waffle-iron\/#primaryimage\"},\"thumbnailUrl\":\"https:\/\/xstyle.md\/wp-content\/uploads\/2021\/04\/vafelnica-petromax-waffle-iron.jpg\",\"datePublished\":\"2021-04-30T10:00:21+00:00\",\"dateModified\":\"2026-03-19T13:44:33+00:00\",\"description\":\"\u0412\u0430\u0444\u0435\u043b\u044c\u043d\u0438\u0446\u0430 Petromax - \u0438\u0434\u0435\u0430\u043b\u044c\u043d\u044b\u0439 \u043f\u043e\u043c\u043e\u0449\u043d\u0438\u043a \u0434\u043b\u044f \u043f\u0440\u0438\u0433\u043e\u0442\u043e\u0432\u043b\u0435\u043d\u0438\u044f \u0432\u043a\u0443\u0441\u043d\u044b\u0445 \u0432\u0430\u0444\u0435\u043b\u044c \u0432 \u043f\u043e\u0445\u043e\u0434\u0430\u0445. \u041f\u0440\u043e\u0441\u0442\u043e\u0442\u0430 \u0432 \u0438\u0441\u043f\u043e\u043b\u044c\u0437\u043e\u0432\u0430\u043d\u0438\u0438, \u0440\u0430\u0437\u043c\u0435\u0440 9x11 \u0441\u043c. \u041f\u043e\u0440\u0430\u0434\u0443\u0439\u0442\u0435 \u0441\u0435\u0431\u044f \u0438 \u0431\u043b\u0438\u0437\u043a\u0438\u0445!\",\"breadcrumb\":{\"@id\":\"https:\/\/xstyle.md\/product\/vafelnica-petromax-waffle-iron\/#breadcrumb\"},\"inLanguage\":\"ro-RO\",\"potentialAction\":[{\"@type\":\"ReadAction\",\"target\":[\"https:\/\/xstyle.md\/product\/vafelnica-petromax-waffle-iron\/\"]}]},{\"@type\":\"ImageObject\",\"inLanguage\":\"ro-RO\",\"@id\":\"https:\/\/xstyle.md\/product\/vafelnica-petromax-waffle-iron\/#primaryimage\",\"url\":\"https:\/\/xstyle.md\/wp-content\/uploads\/2021\/04\/vafelnica-petromax-waffle-iron.jpg\",\"contentUrl\":\"https:\/\/xstyle.md\/wp-content\/uploads\/2021\/04\/vafelnica-petromax-waffle-iron.jpg\",\"width\":650,\"height\":650,\"caption\":\"\u0412\u0430\u0444\u0435\u043b\u044c\u043d\u0438\u0446\u0430 Petromax \u0434\u043b\u044f \u0430\u043a\u0442\u0438\u0432\u043d\u043e\u0433\u043e \u043e\u0442\u0434\u044b\u0445\u0430, \u043f\u0443\u0442\u0435\u0448\u0435\u0441\u0442\u0432\u0438\u0439 \u0438 \u043f\u043e\u0445\u043e\u0434\u043e\u0432, \u0430\u043a\u0441\u0435\u0441\u0441\u0443\u0430\u0440\u044b \u0434\u043b\u044f \u043f\u043e\u0445\u043e\u0434\u043d\u043e\u0439 \u043a\u0443\u0445\u043d\u0438, \u043f\u0440\u0435\u0434\u043d\u0430\u0437\u043d\u0430\u0447\u0435\u043d\u0430 \u0434\u043b\u044f \u043f\u0440\u0438\u0433\u043e\u0442\u043e\u0432\u043b\u0435\u043d\u0438\u044f \u0432\u0430\u0444\u0435\u043b\u044c \u0434\u043b\u044f \u0442\u0443\u0440\u0438\u0441\u0442\u043e\u0432 \u0438 \u043b\u044e\u0431\u0438\u0442\u0435\u043b\u0435\u0439 \u0430\u043a\u0442\u0438\u0432\u043d\u043e\u0439 \u0436\u0438\u0437\u043d\u0438\"},{\"@type\":\"BreadcrumbList\",\"@id\":\"https:\/\/xstyle.md\/product\/vafelnica-petromax-waffle-iron\/#breadcrumb\",\"itemListElement\":[{\"@type\":\"ListItem\",\"position\":1,\"name\":\"\u0413\u043b\u0430\u0432\u043d\u0430\u044f \u0441\u0442\u0440\u0430\u043d\u0438\u0446\u0430\",\"item\":\"https:\/\/xstyle.md\/\"},{\"@type\":\"ListItem\",\"position\":2,\"name\":\"\u041c\u0430\u0433\u0430\u0437\u0438\u043d\",\"item\":\"https:\/\/xstyle.md\/shop\/\"},{\"@type\":\"ListItem\",\"position\":3,\"name\":\"\u0412\u0430\u0444\u0435\u043b\u044c\u043d\u0438\u0446\u0430 Petromax Waffle Iron\"}]},{\"@type\":\"WebSite\",\"@id\":\"https:\/\/xstyle.md\/#website\",\"url\":\"https:\/\/xstyle.md\/\",\"name\":\"\u041c\u0430\u0433\u0430\u0437\u0438\u043d Xstyle\",\"description\":\"C\u043d\u0430\u0440\u044f\u0436\u0435\u043d\u0438\u0435 \u0434\u043b\u044f \u0442\u0443\u0440\u0438\u0437\u043c\u0430 \u0438 \u044d\u043a\u0441\u0442\u0440\u0435\u043c\u0430\u043b\u044c\u043d\u044b\u0445 \u0432\u0438\u0434\u043e\u0432 \u0441\u043f\u043e\u0440\u0442\u0430 \u0432 \u041c\u043e\u043b\u0434\u043e\u0432\u0435.. \u0426\u0435\u043d\u044b, \u0444\u043e\u0442\u043e, \u0445\u0430\u0440\u0430\u043a\u0442\u0435\u0440\u0438\u0441\u0442\u0438\u043a\u0438 \u0432 \u041c\u043e\u043b\u0434\u043e\u0432\u0435.\",\"publisher\":{\"@id\":\"https:\/\/xstyle.md\/#organization\"},\"alternateName\":\"X-Style\",\"potentialAction\":[{\"@type\":\"SearchAction\",\"target\":{\"@type\":\"EntryPoint\",\"urlTemplate\":\"https:\/\/xstyle.md\/?s={search_term_string}\"},\"query-input\":{\"@type\":\"PropertyValueSpecification\",\"valueRequired\":true,\"valueName\":\"search_term_string\"}}],\"inLanguage\":\"ro-RO\"},{\"@type\":\"Organization\",\"@id\":\"https:\/\/xstyle.md\/#organization\",\"name\":\"\u041c\u0430\u0433\u0430\u0437\u0438\u043d Xstyle\",\"alternateName\":\"x-style\",\"url\":\"https:\/\/xstyle.md\/\",\"logo\":{\"@type\":\"ImageObject\",\"inLanguage\":\"ro-RO\",\"@id\":\"https:\/\/xstyle.md\/#\/schema\/logo\/image\/\",\"url\":\"https:\/\/xstyle.md\/wp-content\/uploads\/2020\/06\/logoicon.svg\",\"contentUrl\":\"https:\/\/xstyle.md\/wp-content\/uploads\/2020\/06\/logoicon.svg\",\"caption\":\"\u041c\u0430\u0433\u0430\u0437\u0438\u043d Xstyle\"},\"image\":{\"@id\":\"https:\/\/xstyle.md\/#\/schema\/logo\/image\/\"},\"sameAs\":[\"https:\/\/www.facebook.com\/xstylemd\",\"https:\/\/www.instagram.com\/xstyle_md\/\",\"https:\/\/t.me\/xstyle_outdoor\"],\"hasMerchantReturnPolicy\":{\"@type\":\"MerchantReturnPolicy\",\"merchantReturnLink\":\"https:\/\/xstyle.md\/ro\/conditions\/\"}}]}<\/script>\n<meta property=\"product:price:amount\" content=\"1040.00\" \/>\n<meta property=\"product:price:currency\" content=\"MDL\" \/>\n<meta property=\"og:availability\" content=\"instock\" \/>\n<meta property=\"product:availability\" content=\"instock\" \/>\n<meta property=\"product:retailer_item_id\" content=\"4250435730423\" \/>\n<meta property=\"product:condition\" content=\"new\" \/>\n<!-- \/ Yoast SEO plugin. -->","yoast_head_json":{"title":"Aparat pentru vafe Petromax Waffle Iron - Magazin Xstyle","description":"Wafelni\u021ba Petromax - ajutorul ideal pentru prepararea unor cl\u0103tite delicioase \u00een excursii. U\u0219or de utilizat, dimensiune 9x11 cm. R\u0103sf\u0103\u021ba\u021bi-v\u0103 pe voi \u0219i pe cei dragi!","robots":{"index":"index","follow":"follow","max-snippet":"max-snippet:-1","max-image-preview":"max-image-preview:large","max-video-preview":"max-video-preview:-1"},"canonical":"https:\/\/xstyle.md\/ro\/produs\/vafelnica-petromax-waffle-iron\/","og_locale":"ro_RO","og_type":"article","og_title":"\u0412\u0430\u0444\u0435\u043b\u044c\u043d\u0438\u0446\u0430 Petromax Waffle Iron - \u041c\u0430\u0433\u0430\u0437\u0438\u043d Xstyle","og_description":"\u0412\u0430\u0444\u0435\u043b\u044c\u043d\u0438\u0446\u0430 Petromax - \u0438\u0434\u0435\u0430\u043b\u044c\u043d\u044b\u0439 \u043f\u043e\u043c\u043e\u0449\u043d\u0438\u043a \u0434\u043b\u044f \u043f\u0440\u0438\u0433\u043e\u0442\u043e\u0432\u043b\u0435\u043d\u0438\u044f \u0432\u043a\u0443\u0441\u043d\u044b\u0445 \u0432\u0430\u0444\u0435\u043b\u044c \u0432 \u043f\u043e\u0445\u043e\u0434\u0430\u0445. \u041f\u0440\u043e\u0441\u0442\u043e\u0442\u0430 \u0432 \u0438\u0441\u043f\u043e\u043b\u044c\u0437\u043e\u0432\u0430\u043d\u0438\u0438, \u0440\u0430\u0437\u043c\u0435\u0440 9x11 \u0441\u043c. \u041f\u043e\u0440\u0430\u0434\u0443\u0439\u0442\u0435 \u0441\u0435\u0431\u044f \u0438 \u0431\u043b\u0438\u0437\u043a\u0438\u0445!","og_url":"https:\/\/xstyle.md\/ro\/produs\/vafelnica-petromax-waffle-iron\/","og_site_name":"\u041c\u0430\u0433\u0430\u0437\u0438\u043d Xstyle","article_publisher":"https:\/\/www.facebook.com\/xstylemd","article_modified_time":"2026-03-19T13:44:33+00:00","og_image":[{"width":650,"height":650,"url":"https:\/\/xstyle.md\/wp-content\/uploads\/2021\/04\/vafelnica-petromax-waffle-iron.jpg","type":"image\/jpeg"}],"twitter_card":"summary_large_image","twitter_misc":{"Pre\u021b":"1.040&nbsp;MDL","Disponibilitate":"\u00cen stoc"},"schema":{"@context":"https:\/\/schema.org","@graph":[{"@type":"WebPage","@id":"https:\/\/xstyle.md\/product\/vafelnica-petromax-waffle-iron\/","url":"https:\/\/xstyle.md\/product\/vafelnica-petromax-waffle-iron\/","name":"Aparat pentru vafe Petromax Waffle Iron - Magazin Xstyle","isPartOf":{"@id":"https:\/\/xstyle.md\/#website"},"primaryImageOfPage":{"@id":"https:\/\/xstyle.md\/product\/vafelnica-petromax-waffle-iron\/#primaryimage"},"image":{"@id":"https:\/\/xstyle.md\/product\/vafelnica-petromax-waffle-iron\/#primaryimage"},"thumbnailUrl":"https:\/\/xstyle.md\/wp-content\/uploads\/2021\/04\/vafelnica-petromax-waffle-iron.jpg","datePublished":"2021-04-30T10:00:21+00:00","dateModified":"2026-03-19T13:44:33+00:00","description":"Wafelni\u021ba Petromax - ajutorul ideal pentru prepararea unor cl\u0103tite delicioase \u00een excursii. U\u0219or de utilizat, dimensiune 9x11 cm. R\u0103sf\u0103\u021ba\u021bi-v\u0103 pe voi \u0219i pe cei dragi!","breadcrumb":{"@id":"https:\/\/xstyle.md\/product\/vafelnica-petromax-waffle-iron\/#breadcrumb"},"inLanguage":"ro-RO","potentialAction":[{"@type":"ReadAction","target":["https:\/\/xstyle.md\/product\/vafelnica-petromax-waffle-iron\/"]}]},{"@type":"ImageObject","inLanguage":"ro-RO","@id":"https:\/\/xstyle.md\/product\/vafelnica-petromax-waffle-iron\/#primaryimage","url":"https:\/\/xstyle.md\/wp-content\/uploads\/2021\/04\/vafelnica-petromax-waffle-iron.jpg","contentUrl":"https:\/\/xstyle.md\/wp-content\/uploads\/2021\/04\/vafelnica-petromax-waffle-iron.jpg","width":650,"height":650,"caption":"\u0412\u0430\u0444\u0435\u043b\u044c\u043d\u0438\u0446\u0430 Petromax \u0434\u043b\u044f \u0430\u043a\u0442\u0438\u0432\u043d\u043e\u0433\u043e \u043e\u0442\u0434\u044b\u0445\u0430, \u043f\u0443\u0442\u0435\u0448\u0435\u0441\u0442\u0432\u0438\u0439 \u0438 \u043f\u043e\u0445\u043e\u0434\u043e\u0432, \u0430\u043a\u0441\u0435\u0441\u0441\u0443\u0430\u0440\u044b \u0434\u043b\u044f \u043f\u043e\u0445\u043e\u0434\u043d\u043e\u0439 \u043a\u0443\u0445\u043d\u0438, \u043f\u0440\u0435\u0434\u043d\u0430\u0437\u043d\u0430\u0447\u0435\u043d\u0430 \u0434\u043b\u044f \u043f\u0440\u0438\u0433\u043e\u0442\u043e\u0432\u043b\u0435\u043d\u0438\u044f \u0432\u0430\u0444\u0435\u043b\u044c \u0434\u043b\u044f \u0442\u0443\u0440\u0438\u0441\u0442\u043e\u0432 \u0438 \u043b\u044e\u0431\u0438\u0442\u0435\u043b\u0435\u0439 \u0430\u043a\u0442\u0438\u0432\u043d\u043e\u0439 \u0436\u0438\u0437\u043d\u0438"},{"@type":"BreadcrumbList","@id":"https:\/\/xstyle.md\/product\/vafelnica-petromax-waffle-iron\/#breadcrumb","itemListElement":[{"@type":"ListItem","position":1,"name":"\u0413\u043b\u0430\u0432\u043d\u0430\u044f \u0441\u0442\u0440\u0430\u043d\u0438\u0446\u0430","item":"https:\/\/xstyle.md\/"},{"@type":"ListItem","position":2,"name":"\u041c\u0430\u0433\u0430\u0437\u0438\u043d","item":"https:\/\/xstyle.md\/shop\/"},{"@type":"ListItem","position":3,"name":"\u0412\u0430\u0444\u0435\u043b\u044c\u043d\u0438\u0446\u0430 Petromax Waffle Iron"}]},{"@type":"WebSite","@id":"https:\/\/xstyle.md\/#website","url":"https:\/\/xstyle.md\/","name":"Magazinul X-Style","description":"Echipamente pentru turism \u0219i sporturi extreme \u00een Moldova. Pre\u021buri, fotografii, caracteristici \u00een Moldova.","publisher":{"@id":"https:\/\/xstyle.md\/#organization"},"alternateName":"X-Style","potentialAction":[{"@type":"SearchAction","target":{"@type":"EntryPoint","urlTemplate":"https:\/\/xstyle.md\/?s={search_term_string}"},"query-input":{"@type":"PropertyValueSpecification","valueRequired":true,"valueName":"search_term_string"}}],"inLanguage":"ro-RO"},{"@type":"Organization","@id":"https:\/\/xstyle.md\/#organization","name":"Magazinul X-Style","alternateName":"x-style","url":"https:\/\/xstyle.md\/","logo":{"@type":"ImageObject","inLanguage":"ro-RO","@id":"https:\/\/xstyle.md\/#\/schema\/logo\/image\/","url":"https:\/\/xstyle.md\/wp-content\/uploads\/2020\/06\/logoicon.svg","contentUrl":"https:\/\/xstyle.md\/wp-content\/uploads\/2020\/06\/logoicon.svg","caption":"\u041c\u0430\u0433\u0430\u0437\u0438\u043d Xstyle"},"image":{"@id":"https:\/\/xstyle.md\/#\/schema\/logo\/image\/"},"sameAs":["https:\/\/www.facebook.com\/xstylemd","https:\/\/www.instagram.com\/xstyle_md\/","https:\/\/t.me\/xstyle_outdoor"],"hasMerchantReturnPolicy":{"@type":"MerchantReturnPolicy","merchantReturnLink":"https:\/\/xstyle.md\/ro\/conditions\/"}}]},"product_price_amount":"1040.00","product_price_currency":"MDL","og_availability":"instock","product_availability":"instock","product_retailer_item_id":"4250435730423","product_condition":"new"},"post_mailing_queue_ids":[],"_links":{"self":[{"href":"https:\/\/xstyle.md\/ro\/wp-json\/wp\/v2\/product\/33036","targetHints":{"allow":["GET"]}}],"collection":[{"href":"https:\/\/xstyle.md\/ro\/wp-json\/wp\/v2\/product"}],"about":[{"href":"https:\/\/xstyle.md\/ro\/wp-json\/wp\/v2\/types\/product"}],"replies":[{"embeddable":true,"href":"https:\/\/xstyle.md\/ro\/wp-json\/wp\/v2\/comments?post=33036"}],"wp:featuredmedia":[{"embeddable":true,"href":"https:\/\/xstyle.md\/ro\/wp-json\/wp\/v2\/media\/34297"}],"wp:attachment":[{"href":"https:\/\/xstyle.md\/ro\/wp-json\/wp\/v2\/media?parent=33036"}],"wp:term":[{"taxonomy":"product_brand","embeddable":true,"href":"https:\/\/xstyle.md\/ro\/wp-json\/wp\/v2\/product_brand?post=33036"},{"taxonomy":"product_cat","embeddable":true,"href":"https:\/\/xstyle.md\/ro\/wp-json\/wp\/v2\/product_cat?post=33036"},{"taxonomy":"product_tag","embeddable":true,"href":"https:\/\/xstyle.md\/ro\/wp-json\/wp\/v2\/product_tag?post=33036"}],"curies":[{"name":"wp","href":"https:\/\/api.w.org\/{rel}","templated":true}]}}