{"id":33034,"date":"2021-04-30T13:00:21","date_gmt":"2021-04-30T10:00:21","guid":{"rendered":"https:\/\/xstyle.md\/?post_type=product&#038;p=33034"},"modified":"2026-03-19T16:44:32","modified_gmt":"2026-03-19T13:44:32","slug":"skovorodka-gril-petromax-grill-fire-skillet-gp35-with-one-pan-handle","status":"publish","type":"product","link":"https:\/\/xstyle.md\/ro\/produs\/skovorodka-gril-petromax-grill-fire-skillet-gp35-with-one-pan-handle\/","title":{"rendered":"Tigaie grill Petromax Grill Fire Skillet gp35 with one pan handle"},"content":{"rendered":"<\/p>\n<p>Tigaie grill <strong>Petromax Grill Fire Skillet gp35 with one pan handle<\/strong> va oferi m\u00e2nc\u0103rii gustul perfect al alimentelor proasp\u0103t pr\u0103jite. Fie c\u0103 o folosi\u021bi pe focul de tab\u0103r\u0103 sau acas\u0103 pe aragaz, fie c\u0103 sunte\u021bi un buc\u0103tar pasionat sau un buc\u0103tar profesionist, nu ve\u021bi dori s\u0103 v\u0103 lipseasc\u0103 aceast\u0103 tigaie din font\u0103. Suprafa\u021ba canelat\u0103 a tig\u0103ii nu numai c\u0103 ofer\u0103 m\u00e2nc\u0103rii un model tipic de gr\u0103tar, dar asigur\u0103 \u0219i o pr\u0103jire cu con\u021binut sc\u0103zut de gr\u0103simi, deoarece carnea \u0219i compozi\u021bia se afl\u0103 pe proeminen\u021be \u0219i excesul de gr\u0103sime se poate scurge.<\/p>\n<p>Font\u0103 se caracterizeaz\u0103 prin propriet\u0103\u021bile sale speciale: c\u0103ldura este distribuit\u0103 rapid \u0219i uniform \u0219i apoi p\u0103strat\u0103 pentru o perioad\u0103 lung\u0103 de timp, permi\u021b\u00e2ndu-v\u0103 s\u0103 servi\u021bi m\u00e2ncarea g\u0103tit\u0103 direct \u00een tigaie. Datorit\u0103 gustului picant, pute\u021bi folosi tigaia rezistent\u0103 \u0219i robust\u0103 imediat dup\u0103 cump\u0103rare \u0219i este u\u0219or de cur\u0103\u021bat \u0219i de \u00eengrijit dup\u0103 utilizare. Valoarea patinei ofer\u0103 o arom\u0103 natural\u0103 \u0219i se \u00eembun\u0103t\u0103\u021be\u0219te cu fiecare utilizare.<\/p>\n<p>Dou\u0103 versiuni pentru toate locurile de g\u0103tit. Pute\u021bi utiliza tigaia cu foc de gr\u0103tar \u00een aer liber, pe \u0219emineu, gr\u0103tar etc., precum \u0219i \u00een interior, pe orice tip de aragaz \u0219i \u00een cuptor. GP30 cu m\u00e2ner de tigaie \u0219i m\u00e2ner mic pe partea opus\u0103 este u\u0219or de manevrat \u0219i poate fi \u00eenchis la ochi. Gr\u0103tarul Skillets Grill Fire este disponibil \u00een dou\u0103 dimensiuni \u0219i dou\u0103 versiuni &#8212; una clasic\u0103, cu un m\u00e2ner lung pentru tigaie \u0219i una mic\u0103 sau dou\u0103 m\u00e2nere mici. Pentru a \u00eendep\u0103rta cu u\u0219urin\u021b\u0103 reziduurile de pr\u0103jire de pe plit\u0103, v\u0103 recomand\u0103m racleta Petromax cu protuberan\u021be pentru font\u0103.<\/p>\n<h3>Caracteristici<\/h3>\n<ul>\n<li>Material &#8212; font\u0103<\/li>\n<li>Volum &#8212; 3,5 l<\/li>\n<li>\u00cen\u0103l\u021bime &#8212; 6,7 cm<\/li>\n<li>Lungime &#8212; 35 cm<\/li>\n<li>Diametrul marginii superioare &#8212; 35 cm<\/li>\n<li>Diametrul inferior (aprox.) &#8212; 30 cm<\/li>\n<li>Greutate &#8212; 5000 g.<\/li>\n<\/ul>\n<h3>Marca<\/h3>\n<p>Petromax &#8212; principalul produc\u0103tor german de echipamente de g\u0103tit \u0219i de locuit \u00een aer liber, iar gama sa de produse coordonate combin\u0103 tradi\u021bia \u0219i inova\u021bia \u00eentr-un mod unic. Toate produsele Petromax sunt de cea mai bun\u0103 calitate, durabile, bine g\u00e2ndite \u00een detaliu \u0219i concepute pentru to\u021bi cei care doresc s\u0103 compenseze rutina lor \u00een aer liber \u0219i, prin urmare, s\u0103 campeze \u00een aer liber. Lumea produselor Petromax se concentreaz\u0103 pe explorarea naturii nealterate folosind echipamente tradi\u021bionale, dar bine concepute.<\/p>\n<p><\/p>","protected":false},"excerpt":{"rendered":"<p>Tigaie grill Petromax Grill Fire Skillet gp35 with one pan handle<\/p>","protected":false},"featured_media":34337,"comment_status":"open","ping_status":"closed","template":"","meta":{"_acf_changed":false,"inline_featured_image":false},"product_brand":[1420],"product_cat":[907],"product_tag":[],"class_list":{"0":"post-33034","1":"product","2":"type-product","3":"status-publish","4":"has-post-thumbnail","6":"product_brand-petromax","7":"product_cat-dutch-oven","9":"first","10":"outofstock","11":"shipping-taxable","12":"product-type-simple"},"acf":[],"yoast_head":"<!-- This site is optimized with the Yoast SEO plugin v27.2 - https:\/\/yoast.com\/product\/yoast-seo-wordpress\/ -->\n<title>\u0421\u043a\u043e\u0432\u043e\u0440\u043e\u0434\u043a\u0430-\u0433\u0440\u0438\u043b\u044c Petromax Grill Fire Skillet gp35 with one pan handle - \u041c\u0430\u0433\u0430\u0437\u0438\u043d Xstyle<\/title>\n<meta name=\"description\" content=\"\u0421\u043a\u043e\u0432\u043e\u0440\u043e\u0434\u043a\u0430-\u0433\u0440\u0438\u043b\u044c Petromax Grill Fire Skillet gp35 \u0441 \u043e\u0434\u043d\u043e\u0439 \u0440\u0443\u0447\u043a\u043e\u0439 \u2013 \u0438\u0434\u0435\u0430\u043b\u044c\u043d\u044b\u0439 \u0432\u044b\u0431\u043e\u0440 \u0434\u043b\u044f \u043f\u0440\u0438\u0433\u043e\u0442\u043e\u0432\u043b\u0435\u043d\u0438\u044f \u0432\u043a\u0443\u0441\u043d\u043e\u0439 \u0435\u0434\u044b \u043d\u0430 \u043e\u0442\u043a\u0440\u044b\u0442\u043e\u043c \u043e\u0433\u043d\u0435 \u0438\u043b\u0438 \u043d\u0430 \u043a\u0443\u0445\u043d\u0435.\" \/>\n<meta name=\"robots\" content=\"index, follow, max-snippet:-1, max-image-preview:large, max-video-preview:-1\" \/>\n<link rel=\"canonical\" href=\"https:\/\/xstyle.md\/ro\/produs\/skovorodka-gril-petromax-grill-fire-skillet-gp35-with-one-pan-handle\/\" \/>\n<meta property=\"og:locale\" content=\"ro_RO\" \/>\n<meta property=\"og:type\" content=\"article\" \/>\n<meta property=\"og:title\" content=\"\u0421\u043a\u043e\u0432\u043e\u0440\u043e\u0434\u043a\u0430-\u0433\u0440\u0438\u043b\u044c Petromax Grill Fire Skillet gp35 with one pan handle - \u041c\u0430\u0433\u0430\u0437\u0438\u043d Xstyle\" \/>\n<meta property=\"og:description\" content=\"\u0421\u043a\u043e\u0432\u043e\u0440\u043e\u0434\u043a\u0430-\u0433\u0440\u0438\u043b\u044c Petromax Grill Fire Skillet gp35 \u0441 \u043e\u0434\u043d\u043e\u0439 \u0440\u0443\u0447\u043a\u043e\u0439 \u2013 \u0438\u0434\u0435\u0430\u043b\u044c\u043d\u044b\u0439 \u0432\u044b\u0431\u043e\u0440 \u0434\u043b\u044f \u043f\u0440\u0438\u0433\u043e\u0442\u043e\u0432\u043b\u0435\u043d\u0438\u044f \u0432\u043a\u0443\u0441\u043d\u043e\u0439 \u0435\u0434\u044b \u043d\u0430 \u043e\u0442\u043a\u0440\u044b\u0442\u043e\u043c \u043e\u0433\u043d\u0435 \u0438\u043b\u0438 \u043d\u0430 \u043a\u0443\u0445\u043d\u0435.\" \/>\n<meta property=\"og:url\" content=\"https:\/\/xstyle.md\/ro\/produs\/skovorodka-gril-petromax-grill-fire-skillet-gp35-with-one-pan-handle\/\" \/>\n<meta property=\"og:site_name\" content=\"\u041c\u0430\u0433\u0430\u0437\u0438\u043d Xstyle\" \/>\n<meta property=\"article:publisher\" content=\"https:\/\/www.facebook.com\/xstylemd\" \/>\n<meta property=\"article:modified_time\" content=\"2026-03-19T13:44:32+00:00\" \/>\n<meta property=\"og:image\" content=\"https:\/\/xstyle.md\/wp-content\/uploads\/2021\/04\/petromax-grill-fire-skillet-gp35-with-one-pan-handle.jpg\" \/>\n\t<meta property=\"og:image:width\" content=\"455\" \/>\n\t<meta property=\"og:image:height\" content=\"455\" \/>\n\t<meta property=\"og:image:type\" content=\"image\/jpeg\" \/>\n<meta name=\"twitter:card\" content=\"summary_large_image\" \/>\n<meta name=\"twitter:label1\" content=\"Pre\u021b\" \/>\n\t<meta name=\"twitter:data1\" content=\"1.470&nbsp;MDL\" \/>\n\t<meta name=\"twitter:label2\" content=\"Disponibilitate\" \/>\n\t<meta name=\"twitter:data2\" content=\"Stoc epuizat\" \/>\n<script type=\"application\/ld+json\" class=\"yoast-schema-graph\">{\"@context\":\"https:\/\/schema.org\",\"@graph\":[{\"@type\":\"WebPage\",\"@id\":\"https:\/\/xstyle.md\/product\/skovorodka-gril-petromax-grill-fire-skillet-gp35-with-one-pan-handle\/\",\"url\":\"https:\/\/xstyle.md\/product\/skovorodka-gril-petromax-grill-fire-skillet-gp35-with-one-pan-handle\/\",\"name\":\"\u0421\u043a\u043e\u0432\u043e\u0440\u043e\u0434\u043a\u0430-\u0433\u0440\u0438\u043b\u044c Petromax Grill Fire Skillet gp35 with one pan handle - \u041c\u0430\u0433\u0430\u0437\u0438\u043d Xstyle\",\"isPartOf\":{\"@id\":\"https:\/\/xstyle.md\/#website\"},\"primaryImageOfPage\":{\"@id\":\"https:\/\/xstyle.md\/product\/skovorodka-gril-petromax-grill-fire-skillet-gp35-with-one-pan-handle\/#primaryimage\"},\"image\":{\"@id\":\"https:\/\/xstyle.md\/product\/skovorodka-gril-petromax-grill-fire-skillet-gp35-with-one-pan-handle\/#primaryimage\"},\"thumbnailUrl\":\"https:\/\/xstyle.md\/wp-content\/uploads\/2021\/04\/petromax-grill-fire-skillet-gp35-with-one-pan-handle.jpg\",\"datePublished\":\"2021-04-30T10:00:21+00:00\",\"dateModified\":\"2026-03-19T13:44:32+00:00\",\"description\":\"\u0421\u043a\u043e\u0432\u043e\u0440\u043e\u0434\u043a\u0430-\u0433\u0440\u0438\u043b\u044c Petromax Grill Fire Skillet gp35 \u0441 \u043e\u0434\u043d\u043e\u0439 \u0440\u0443\u0447\u043a\u043e\u0439 \u2013 \u0438\u0434\u0435\u0430\u043b\u044c\u043d\u044b\u0439 \u0432\u044b\u0431\u043e\u0440 \u0434\u043b\u044f \u043f\u0440\u0438\u0433\u043e\u0442\u043e\u0432\u043b\u0435\u043d\u0438\u044f \u0432\u043a\u0443\u0441\u043d\u043e\u0439 \u0435\u0434\u044b \u043d\u0430 \u043e\u0442\u043a\u0440\u044b\u0442\u043e\u043c \u043e\u0433\u043d\u0435 \u0438\u043b\u0438 \u043d\u0430 \u043a\u0443\u0445\u043d\u0435.\",\"breadcrumb\":{\"@id\":\"https:\/\/xstyle.md\/product\/skovorodka-gril-petromax-grill-fire-skillet-gp35-with-one-pan-handle\/#breadcrumb\"},\"inLanguage\":\"ro-RO\",\"potentialAction\":[{\"@type\":\"ReadAction\",\"target\":[\"https:\/\/xstyle.md\/product\/skovorodka-gril-petromax-grill-fire-skillet-gp35-with-one-pan-handle\/\"]}]},{\"@type\":\"ImageObject\",\"inLanguage\":\"ro-RO\",\"@id\":\"https:\/\/xstyle.md\/product\/skovorodka-gril-petromax-grill-fire-skillet-gp35-with-one-pan-handle\/#primaryimage\",\"url\":\"https:\/\/xstyle.md\/wp-content\/uploads\/2021\/04\/petromax-grill-fire-skillet-gp35-with-one-pan-handle.jpg\",\"contentUrl\":\"https:\/\/xstyle.md\/wp-content\/uploads\/2021\/04\/petromax-grill-fire-skillet-gp35-with-one-pan-handle.jpg\",\"width\":455,\"height\":455,\"caption\":\"\u0410\u043b\u044e\u043c\u0438\u043d\u0438\u0435\u0432\u0430\u044f \u0441\u043a\u043e\u0432\u043e\u0440\u043e\u0434\u0430-\u0433\u0440\u0438\u043b\u044c Petromax \u0434\u043b\u044f \u0430\u043a\u0442\u0438\u0432\u043d\u043e\u0433\u043e \u043e\u0442\u0434\u044b\u0445\u0430, \u043f\u043e\u0445\u043e\u0434\u043e\u0432 \u0438 \u043f\u0443\u0442\u0435\u0448\u0435\u0441\u0442\u0432\u0438\u0439 \u0441 \u043e\u0434\u043d\u0438\u043c \u0440\u0443\u0447\u043a\u043e\u043c, \u043f\u043e\u0434\u0445\u043e\u0434\u0438\u0442 \u0434\u043b\u044f \u0433\u043e\u0442\u043e\u0432\u043a\u0438 \u043d\u0430 \u043a\u043e\u0441\u0442\u0440\u0435 \u0438 \u0432 \u043f\u043e\u0445\u043e\u0434\u043d\u044b\u0445 \u0443\u0441\u043b\u043e\u0432\u0438\u044f\u0445 \u0432 \u0438\u043d\u0442\u0435\u0440\u043d\u0435\u0442-\u043c\u0430\u0433\u0430\u0437\u0438\u043d\u0435 \u0442\u043e\u0432\u0430\u0440\u043e\u0432 \u0434\u043b\u044f \u0430\u043a\u0442\u0438\u0432\u043d\u043e\u0433\u043e \u043e\u0431\u0440\u0430\u0437\u0430 \u0436\u0438\u0437\u043d\u0438, \u043e\u0434\u0435\u0436\u0434\u044b \u0438 \u043e\u0431\u0443\u0432\u0438\"},{\"@type\":\"BreadcrumbList\",\"@id\":\"https:\/\/xstyle.md\/product\/skovorodka-gril-petromax-grill-fire-skillet-gp35-with-one-pan-handle\/#breadcrumb\",\"itemListElement\":[{\"@type\":\"ListItem\",\"position\":1,\"name\":\"\u0413\u043b\u0430\u0432\u043d\u0430\u044f \u0441\u0442\u0440\u0430\u043d\u0438\u0446\u0430\",\"item\":\"https:\/\/xstyle.md\/\"},{\"@type\":\"ListItem\",\"position\":2,\"name\":\"\u041c\u0430\u0433\u0430\u0437\u0438\u043d\",\"item\":\"https:\/\/xstyle.md\/shop\/\"},{\"@type\":\"ListItem\",\"position\":3,\"name\":\"\u0421\u043a\u043e\u0432\u043e\u0440\u043e\u0434\u043a\u0430-\u0433\u0440\u0438\u043b\u044c Petromax Grill Fire Skillet gp35 with one pan handle\"}]},{\"@type\":\"WebSite\",\"@id\":\"https:\/\/xstyle.md\/#website\",\"url\":\"https:\/\/xstyle.md\/\",\"name\":\"\u041c\u0430\u0433\u0430\u0437\u0438\u043d Xstyle\",\"description\":\"C\u043d\u0430\u0440\u044f\u0436\u0435\u043d\u0438\u0435 \u0434\u043b\u044f \u0442\u0443\u0440\u0438\u0437\u043c\u0430 \u0438 \u044d\u043a\u0441\u0442\u0440\u0435\u043c\u0430\u043b\u044c\u043d\u044b\u0445 \u0432\u0438\u0434\u043e\u0432 \u0441\u043f\u043e\u0440\u0442\u0430 \u0432 \u041c\u043e\u043b\u0434\u043e\u0432\u0435.. \u0426\u0435\u043d\u044b, \u0444\u043e\u0442\u043e, \u0445\u0430\u0440\u0430\u043a\u0442\u0435\u0440\u0438\u0441\u0442\u0438\u043a\u0438 \u0432 \u041c\u043e\u043b\u0434\u043e\u0432\u0435.\",\"publisher\":{\"@id\":\"https:\/\/xstyle.md\/#organization\"},\"alternateName\":\"X-Style\",\"potentialAction\":[{\"@type\":\"SearchAction\",\"target\":{\"@type\":\"EntryPoint\",\"urlTemplate\":\"https:\/\/xstyle.md\/?s={search_term_string}\"},\"query-input\":{\"@type\":\"PropertyValueSpecification\",\"valueRequired\":true,\"valueName\":\"search_term_string\"}}],\"inLanguage\":\"ro-RO\"},{\"@type\":\"Organization\",\"@id\":\"https:\/\/xstyle.md\/#organization\",\"name\":\"\u041c\u0430\u0433\u0430\u0437\u0438\u043d Xstyle\",\"alternateName\":\"x-style\",\"url\":\"https:\/\/xstyle.md\/\",\"logo\":{\"@type\":\"ImageObject\",\"inLanguage\":\"ro-RO\",\"@id\":\"https:\/\/xstyle.md\/#\/schema\/logo\/image\/\",\"url\":\"https:\/\/xstyle.md\/wp-content\/uploads\/2020\/06\/logoicon.svg\",\"contentUrl\":\"https:\/\/xstyle.md\/wp-content\/uploads\/2020\/06\/logoicon.svg\",\"caption\":\"\u041c\u0430\u0433\u0430\u0437\u0438\u043d Xstyle\"},\"image\":{\"@id\":\"https:\/\/xstyle.md\/#\/schema\/logo\/image\/\"},\"sameAs\":[\"https:\/\/www.facebook.com\/xstylemd\",\"https:\/\/www.instagram.com\/xstyle_md\/\",\"https:\/\/t.me\/xstyle_outdoor\"],\"hasMerchantReturnPolicy\":{\"@type\":\"MerchantReturnPolicy\",\"merchantReturnLink\":\"https:\/\/xstyle.md\/ro\/conditions\/\"}}]}<\/script>\n<meta property=\"product:price:amount\" content=\"1470.00\" \/>\n<meta property=\"product:price:currency\" content=\"MDL\" \/>\n<meta property=\"og:availability\" content=\"out of stock\" \/>\n<meta property=\"product:availability\" content=\"out of stock\" \/>\n<meta property=\"product:retailer_item_id\" content=\"4250435730744\" \/>\n<meta property=\"product:condition\" content=\"new\" \/>\n<!-- \/ Yoast SEO plugin. -->","yoast_head_json":{"title":"Tigaie grill Petromax Grill Fire Skillet gp35 with one pan handle - Magazin Xstyle","description":"Tigaie-gr\u0103tar Petromax Grill Fire Skillet gp35 cu un m\u00e2ner \u2013 alegerea perfect\u0103 pentru a prepara m\u00e2nc\u0103ruri delicioase pe foc deschis sau \u00een buc\u0103t\u0103rie.","robots":{"index":"index","follow":"follow","max-snippet":"max-snippet:-1","max-image-preview":"max-image-preview:large","max-video-preview":"max-video-preview:-1"},"canonical":"https:\/\/xstyle.md\/ro\/produs\/skovorodka-gril-petromax-grill-fire-skillet-gp35-with-one-pan-handle\/","og_locale":"ro_RO","og_type":"article","og_title":"\u0421\u043a\u043e\u0432\u043e\u0440\u043e\u0434\u043a\u0430-\u0433\u0440\u0438\u043b\u044c Petromax Grill Fire Skillet gp35 with one pan handle - \u041c\u0430\u0433\u0430\u0437\u0438\u043d Xstyle","og_description":"\u0421\u043a\u043e\u0432\u043e\u0440\u043e\u0434\u043a\u0430-\u0433\u0440\u0438\u043b\u044c Petromax Grill Fire Skillet gp35 \u0441 \u043e\u0434\u043d\u043e\u0439 \u0440\u0443\u0447\u043a\u043e\u0439 \u2013 \u0438\u0434\u0435\u0430\u043b\u044c\u043d\u044b\u0439 \u0432\u044b\u0431\u043e\u0440 \u0434\u043b\u044f \u043f\u0440\u0438\u0433\u043e\u0442\u043e\u0432\u043b\u0435\u043d\u0438\u044f \u0432\u043a\u0443\u0441\u043d\u043e\u0439 \u0435\u0434\u044b \u043d\u0430 \u043e\u0442\u043a\u0440\u044b\u0442\u043e\u043c \u043e\u0433\u043d\u0435 \u0438\u043b\u0438 \u043d\u0430 \u043a\u0443\u0445\u043d\u0435.","og_url":"https:\/\/xstyle.md\/ro\/produs\/skovorodka-gril-petromax-grill-fire-skillet-gp35-with-one-pan-handle\/","og_site_name":"\u041c\u0430\u0433\u0430\u0437\u0438\u043d Xstyle","article_publisher":"https:\/\/www.facebook.com\/xstylemd","article_modified_time":"2026-03-19T13:44:32+00:00","og_image":[{"width":455,"height":455,"url":"https:\/\/xstyle.md\/wp-content\/uploads\/2021\/04\/petromax-grill-fire-skillet-gp35-with-one-pan-handle.jpg","type":"image\/jpeg"}],"twitter_card":"summary_large_image","twitter_misc":{"Pre\u021b":"1.470&nbsp;MDL","Disponibilitate":"Stoc epuizat"},"schema":{"@context":"https:\/\/schema.org","@graph":[{"@type":"WebPage","@id":"https:\/\/xstyle.md\/product\/skovorodka-gril-petromax-grill-fire-skillet-gp35-with-one-pan-handle\/","url":"https:\/\/xstyle.md\/product\/skovorodka-gril-petromax-grill-fire-skillet-gp35-with-one-pan-handle\/","name":"Tigaie grill Petromax Grill Fire Skillet gp35 with one pan handle - Magazin Xstyle","isPartOf":{"@id":"https:\/\/xstyle.md\/#website"},"primaryImageOfPage":{"@id":"https:\/\/xstyle.md\/product\/skovorodka-gril-petromax-grill-fire-skillet-gp35-with-one-pan-handle\/#primaryimage"},"image":{"@id":"https:\/\/xstyle.md\/product\/skovorodka-gril-petromax-grill-fire-skillet-gp35-with-one-pan-handle\/#primaryimage"},"thumbnailUrl":"https:\/\/xstyle.md\/wp-content\/uploads\/2021\/04\/petromax-grill-fire-skillet-gp35-with-one-pan-handle.jpg","datePublished":"2021-04-30T10:00:21+00:00","dateModified":"2026-03-19T13:44:32+00:00","description":"Tigaie-gr\u0103tar Petromax Grill Fire Skillet gp35 cu un m\u00e2ner \u2013 alegerea perfect\u0103 pentru a prepara m\u00e2nc\u0103ruri delicioase pe foc deschis sau \u00een buc\u0103t\u0103rie.","breadcrumb":{"@id":"https:\/\/xstyle.md\/product\/skovorodka-gril-petromax-grill-fire-skillet-gp35-with-one-pan-handle\/#breadcrumb"},"inLanguage":"ro-RO","potentialAction":[{"@type":"ReadAction","target":["https:\/\/xstyle.md\/product\/skovorodka-gril-petromax-grill-fire-skillet-gp35-with-one-pan-handle\/"]}]},{"@type":"ImageObject","inLanguage":"ro-RO","@id":"https:\/\/xstyle.md\/product\/skovorodka-gril-petromax-grill-fire-skillet-gp35-with-one-pan-handle\/#primaryimage","url":"https:\/\/xstyle.md\/wp-content\/uploads\/2021\/04\/petromax-grill-fire-skillet-gp35-with-one-pan-handle.jpg","contentUrl":"https:\/\/xstyle.md\/wp-content\/uploads\/2021\/04\/petromax-grill-fire-skillet-gp35-with-one-pan-handle.jpg","width":455,"height":455,"caption":"\u0410\u043b\u044e\u043c\u0438\u043d\u0438\u0435\u0432\u0430\u044f \u0441\u043a\u043e\u0432\u043e\u0440\u043e\u0434\u0430-\u0433\u0440\u0438\u043b\u044c Petromax \u0434\u043b\u044f \u0430\u043a\u0442\u0438\u0432\u043d\u043e\u0433\u043e \u043e\u0442\u0434\u044b\u0445\u0430, \u043f\u043e\u0445\u043e\u0434\u043e\u0432 \u0438 \u043f\u0443\u0442\u0435\u0448\u0435\u0441\u0442\u0432\u0438\u0439 \u0441 \u043e\u0434\u043d\u0438\u043c \u0440\u0443\u0447\u043a\u043e\u043c, \u043f\u043e\u0434\u0445\u043e\u0434\u0438\u0442 \u0434\u043b\u044f \u0433\u043e\u0442\u043e\u0432\u043a\u0438 \u043d\u0430 \u043a\u043e\u0441\u0442\u0440\u0435 \u0438 \u0432 \u043f\u043e\u0445\u043e\u0434\u043d\u044b\u0445 \u0443\u0441\u043b\u043e\u0432\u0438\u044f\u0445 \u0432 \u0438\u043d\u0442\u0435\u0440\u043d\u0435\u0442-\u043c\u0430\u0433\u0430\u0437\u0438\u043d\u0435 \u0442\u043e\u0432\u0430\u0440\u043e\u0432 \u0434\u043b\u044f \u0430\u043a\u0442\u0438\u0432\u043d\u043e\u0433\u043e \u043e\u0431\u0440\u0430\u0437\u0430 \u0436\u0438\u0437\u043d\u0438, \u043e\u0434\u0435\u0436\u0434\u044b \u0438 \u043e\u0431\u0443\u0432\u0438"},{"@type":"BreadcrumbList","@id":"https:\/\/xstyle.md\/product\/skovorodka-gril-petromax-grill-fire-skillet-gp35-with-one-pan-handle\/#breadcrumb","itemListElement":[{"@type":"ListItem","position":1,"name":"\u0413\u043b\u0430\u0432\u043d\u0430\u044f \u0441\u0442\u0440\u0430\u043d\u0438\u0446\u0430","item":"https:\/\/xstyle.md\/"},{"@type":"ListItem","position":2,"name":"\u041c\u0430\u0433\u0430\u0437\u0438\u043d","item":"https:\/\/xstyle.md\/shop\/"},{"@type":"ListItem","position":3,"name":"\u0421\u043a\u043e\u0432\u043e\u0440\u043e\u0434\u043a\u0430-\u0433\u0440\u0438\u043b\u044c Petromax Grill Fire Skillet gp35 with one pan handle"}]},{"@type":"WebSite","@id":"https:\/\/xstyle.md\/#website","url":"https:\/\/xstyle.md\/","name":"Magazinul X-Style","description":"Echipamente pentru turism \u0219i sporturi extreme \u00een Moldova. Pre\u021buri, fotografii, caracteristici \u00een Moldova.","publisher":{"@id":"https:\/\/xstyle.md\/#organization"},"alternateName":"X-Style","potentialAction":[{"@type":"SearchAction","target":{"@type":"EntryPoint","urlTemplate":"https:\/\/xstyle.md\/?s={search_term_string}"},"query-input":{"@type":"PropertyValueSpecification","valueRequired":true,"valueName":"search_term_string"}}],"inLanguage":"ro-RO"},{"@type":"Organization","@id":"https:\/\/xstyle.md\/#organization","name":"Magazinul X-Style","alternateName":"x-style","url":"https:\/\/xstyle.md\/","logo":{"@type":"ImageObject","inLanguage":"ro-RO","@id":"https:\/\/xstyle.md\/#\/schema\/logo\/image\/","url":"https:\/\/xstyle.md\/wp-content\/uploads\/2020\/06\/logoicon.svg","contentUrl":"https:\/\/xstyle.md\/wp-content\/uploads\/2020\/06\/logoicon.svg","caption":"\u041c\u0430\u0433\u0430\u0437\u0438\u043d Xstyle"},"image":{"@id":"https:\/\/xstyle.md\/#\/schema\/logo\/image\/"},"sameAs":["https:\/\/www.facebook.com\/xstylemd","https:\/\/www.instagram.com\/xstyle_md\/","https:\/\/t.me\/xstyle_outdoor"],"hasMerchantReturnPolicy":{"@type":"MerchantReturnPolicy","merchantReturnLink":"https:\/\/xstyle.md\/ro\/conditions\/"}}]},"product_price_amount":"1470.00","product_price_currency":"MDL","og_availability":"out of stock","product_availability":"out of stock","product_retailer_item_id":"4250435730744","product_condition":"new"},"post_mailing_queue_ids":[],"_links":{"self":[{"href":"https:\/\/xstyle.md\/ro\/wp-json\/wp\/v2\/product\/33034","targetHints":{"allow":["GET"]}}],"collection":[{"href":"https:\/\/xstyle.md\/ro\/wp-json\/wp\/v2\/product"}],"about":[{"href":"https:\/\/xstyle.md\/ro\/wp-json\/wp\/v2\/types\/product"}],"replies":[{"embeddable":true,"href":"https:\/\/xstyle.md\/ro\/wp-json\/wp\/v2\/comments?post=33034"}],"wp:featuredmedia":[{"embeddable":true,"href":"https:\/\/xstyle.md\/ro\/wp-json\/wp\/v2\/media\/34337"}],"wp:attachment":[{"href":"https:\/\/xstyle.md\/ro\/wp-json\/wp\/v2\/media?parent=33034"}],"wp:term":[{"taxonomy":"product_brand","embeddable":true,"href":"https:\/\/xstyle.md\/ro\/wp-json\/wp\/v2\/product_brand?post=33034"},{"taxonomy":"product_cat","embeddable":true,"href":"https:\/\/xstyle.md\/ro\/wp-json\/wp\/v2\/product_cat?post=33034"},{"taxonomy":"product_tag","embeddable":true,"href":"https:\/\/xstyle.md\/ro\/wp-json\/wp\/v2\/product_tag?post=33034"}],"curies":[{"name":"wp","href":"https:\/\/api.w.org\/{rel}","templated":true}]}}