{"id":33032,"date":"2021-04-30T13:00:20","date_gmt":"2021-04-30T10:00:20","guid":{"rendered":"https:\/\/xstyle.md\/?post_type=product&#038;p=33032"},"modified":"2026-03-19T16:44:30","modified_gmt":"2026-03-19T13:44:30","slug":"gril-dlja-gamburgerov-petromax-burger-iron","status":"publish","type":"product","link":"https:\/\/xstyle.md\/ro\/produs\/gril-dlja-gamburgerov-petromax-burger-iron\/","title":{"rendered":"Gr\u0103tar Petromax Burger Iron"},"content":{"rendered":"<\/p>\n<p><strong>Gr\u0103tar Petromax Burger Iron<\/strong> &#8212; perfec\u021bi pentu burgeri, dotat\u0103 cu dou\u0103 compartimente rotunde, fiecare cu un diametru de 12 cm. Suprafa\u021ba striat\u0103 le va conferi acestora modelul tipic de gr\u0103tar. Propriet\u0103\u021bile de acumulare a c\u0103ldurii ale fontei permit sigilarea burgerilor direct \u00een flac\u0103r\u0103, urm\u00e2nd ca ace\u0219tia s\u0103 fie g\u0103ti\u021bi la perfec\u021bie prin c\u0103ldura rezidual\u0103. Datorit\u0103 m\u00e2nerelor plate din lemn \u0219i a c\u00e2rligului de blocare, pute\u021bi \u00eenchide forma \u0219i o pute\u021bi men\u021bine \u00een siguran\u021b\u0103 deasupra jarului. Pentru cur\u0103\u021bare, pur \u0219i simplu separa\u021bi cele dou\u0103 jum\u0103t\u0103\u021bi prin balama, iar pentru a \u00eendep\u0103rta u\u0219or resturile de pe suprafa\u021ba striat\u0103, v\u0103 recomand\u0103m racleta Petromax cu zim\u021bi pentru font\u0103.<\/p>\n<h3>Caracteristici<\/h3>\n<ul>\n<li>Material &#8212; font\u0103, o\u021bel inoxidabil, lemn<\/li>\n<li>Dimensiuni &#8212; 26 cm x 26 cm x 3,5 cm<\/li>\n<li>Diametru burger &#8212; 12 cm<\/li>\n<li>Greutate &#8212; 2,6 kg<\/li>\n<\/ul>\n<p><\/p>\n<h3>Marca<\/h3>\n<p>Petromax  - este un produc\u0103tor german de top, specializat \u00een echipamente pentru g\u0103tit \u0219i via\u021ba \u00een aer liber, iar gama sa armonizat\u0103 de produse \u00eembin\u0103 \u00eentr-un mod unic tradi\u021bia cu inova\u021bia. Toate produsele Petromax se remarc\u0103 prin calitate superioar\u0103, durabilitate, detalii bine g\u00e2ndite \u0219i sunt destinate tuturor celor care caut\u0103 o evadare din rutina zilnic\u0103 \u00een mijlocul naturii \u0219i care aleg s\u0103 campeze \u00een aer liber. \u00cen centrul universului Petromax se afl\u0103 explorarea naturii neatinse cu ajutorul unor echipamente tradi\u021bionale, dar excelent proiectate.<\/p>","protected":false},"excerpt":{"rendered":"<p>Gr\u0103tar Petromax Burger Iron<\/p>","protected":false},"featured_media":34319,"comment_status":"open","ping_status":"closed","template":"","meta":{"_acf_changed":false,"inline_featured_image":false},"product_brand":[1420],"product_cat":[907],"product_tag":[],"class_list":{"0":"post-33032","1":"product","2":"type-product","3":"status-publish","4":"has-post-thumbnail","6":"product_brand-petromax","7":"product_cat-dutch-oven","9":"first","10":"instock","11":"shipping-taxable","12":"purchasable","13":"product-type-simple"},"acf":[],"yoast_head":"<!-- This site is optimized with the Yoast SEO plugin v27.4 - https:\/\/yoast.com\/product\/yoast-seo-wordpress\/ -->\n<title>\u0413\u0440\u0438\u043b\u044c \u0434\u043b\u044f \u0433\u0430\u043c\u0431\u0443\u0440\u0433\u0435\u0440\u043e\u0432 Petromax Burger Iron - \u041c\u0430\u0433\u0430\u0437\u0438\u043d Xstyle<\/title>\n<meta name=\"description\" content=\"&quot;\u0413\u0440\u0438\u043b\u044c \u0434\u043b\u044f \u0433\u0430\u043c\u0431\u0443\u0440\u0433\u0435\u0440\u043e\u0432 Petromax Burger Iron: \u0438\u0434\u0435\u0430\u043b\u044c\u043d\u044b\u0439 \u0438\u043d\u0441\u0442\u0440\u0443\u043c\u0435\u043d\u0442 \u0434\u043b\u044f \u043f\u0440\u0438\u0433\u043e\u0442\u043e\u0432\u043b\u0435\u043d\u0438\u044f \u0441\u043e\u0447\u043d\u044b\u0445 \u0431\u0443\u0440\u0433\u0435\u0440\u043e\u0432. \u041a\u043e\u043c\u043f\u0430\u043a\u0442\u043d\u044b\u0439, \u0443\u0434\u043e\u0431\u043d\u044b\u0439 \u0438 \u043d\u0430\u0434\u0435\u0436\u043d\u044b\u0439. \u0417\u0430\u043a\u0430\u0437\u044b\u0432\u0430\u0439\u0442\u0435 \u0441\u0435\u0439\u0447\u0430\u0441!&quot;\" \/>\n<meta name=\"robots\" content=\"index, follow, max-snippet:-1, max-image-preview:large, max-video-preview:-1\" \/>\n<link rel=\"canonical\" href=\"https:\/\/xstyle.md\/ro\/produs\/gril-dlja-gamburgerov-petromax-burger-iron\/\" \/>\n<meta property=\"og:locale\" content=\"ro_RO\" \/>\n<meta property=\"og:type\" content=\"article\" \/>\n<meta property=\"og:title\" content=\"\u0413\u0440\u0438\u043b\u044c \u0434\u043b\u044f \u0433\u0430\u043c\u0431\u0443\u0440\u0433\u0435\u0440\u043e\u0432 Petromax Burger Iron - \u041c\u0430\u0433\u0430\u0437\u0438\u043d Xstyle\" \/>\n<meta property=\"og:description\" content=\"&quot;\u0413\u0440\u0438\u043b\u044c \u0434\u043b\u044f \u0433\u0430\u043c\u0431\u0443\u0440\u0433\u0435\u0440\u043e\u0432 Petromax Burger Iron: \u0438\u0434\u0435\u0430\u043b\u044c\u043d\u044b\u0439 \u0438\u043d\u0441\u0442\u0440\u0443\u043c\u0435\u043d\u0442 \u0434\u043b\u044f \u043f\u0440\u0438\u0433\u043e\u0442\u043e\u0432\u043b\u0435\u043d\u0438\u044f \u0441\u043e\u0447\u043d\u044b\u0445 \u0431\u0443\u0440\u0433\u0435\u0440\u043e\u0432. \u041a\u043e\u043c\u043f\u0430\u043a\u0442\u043d\u044b\u0439, \u0443\u0434\u043e\u0431\u043d\u044b\u0439 \u0438 \u043d\u0430\u0434\u0435\u0436\u043d\u044b\u0439. \u0417\u0430\u043a\u0430\u0437\u044b\u0432\u0430\u0439\u0442\u0435 \u0441\u0435\u0439\u0447\u0430\u0441!&quot;\" \/>\n<meta property=\"og:url\" content=\"https:\/\/xstyle.md\/ro\/produs\/gril-dlja-gamburgerov-petromax-burger-iron\/\" \/>\n<meta property=\"og:site_name\" content=\"\u041c\u0430\u0433\u0430\u0437\u0438\u043d Xstyle\" \/>\n<meta property=\"article:publisher\" content=\"https:\/\/www.facebook.com\/xstylemd\" \/>\n<meta property=\"article:modified_time\" content=\"2026-03-19T13:44:30+00:00\" \/>\n<meta property=\"og:image\" content=\"https:\/\/xstyle.md\/wp-content\/uploads\/2021\/04\/petromax-burger-iron.jpg\" \/>\n\t<meta property=\"og:image:width\" content=\"800\" \/>\n\t<meta property=\"og:image:height\" content=\"800\" \/>\n\t<meta property=\"og:image:type\" content=\"image\/jpeg\" \/>\n<meta name=\"twitter:card\" content=\"summary_large_image\" \/>\n<meta name=\"twitter:label1\" content=\"Pre\u021b\" \/>\n\t<meta name=\"twitter:data1\" content=\"1.120&nbsp;MDL\" \/>\n\t<meta name=\"twitter:label2\" content=\"Disponibilitate\" \/>\n\t<meta name=\"twitter:data2\" content=\"\u00cen stoc\" \/>\n<script type=\"application\/ld+json\" class=\"yoast-schema-graph\">{\"@context\":\"https:\\\/\\\/schema.org\",\"@graph\":[{\"@type\":\"WebPage\",\"@id\":\"https:\\\/\\\/xstyle.md\\\/product\\\/gril-dlja-gamburgerov-petromax-burger-iron\\\/\",\"url\":\"https:\\\/\\\/xstyle.md\\\/product\\\/gril-dlja-gamburgerov-petromax-burger-iron\\\/\",\"name\":\"\u0413\u0440\u0438\u043b\u044c \u0434\u043b\u044f \u0433\u0430\u043c\u0431\u0443\u0440\u0433\u0435\u0440\u043e\u0432 Petromax Burger Iron - \u041c\u0430\u0433\u0430\u0437\u0438\u043d Xstyle\",\"isPartOf\":{\"@id\":\"https:\\\/\\\/xstyle.md\\\/#website\"},\"primaryImageOfPage\":{\"@id\":\"https:\\\/\\\/xstyle.md\\\/product\\\/gril-dlja-gamburgerov-petromax-burger-iron\\\/#primaryimage\"},\"image\":{\"@id\":\"https:\\\/\\\/xstyle.md\\\/product\\\/gril-dlja-gamburgerov-petromax-burger-iron\\\/#primaryimage\"},\"thumbnailUrl\":\"https:\\\/\\\/xstyle.md\\\/wp-content\\\/uploads\\\/2021\\\/04\\\/petromax-burger-iron.jpg\",\"datePublished\":\"2021-04-30T10:00:20+00:00\",\"dateModified\":\"2026-03-19T13:44:30+00:00\",\"description\":\"\\\"\u0413\u0440\u0438\u043b\u044c \u0434\u043b\u044f \u0433\u0430\u043c\u0431\u0443\u0440\u0433\u0435\u0440\u043e\u0432 Petromax Burger Iron: \u0438\u0434\u0435\u0430\u043b\u044c\u043d\u044b\u0439 \u0438\u043d\u0441\u0442\u0440\u0443\u043c\u0435\u043d\u0442 \u0434\u043b\u044f \u043f\u0440\u0438\u0433\u043e\u0442\u043e\u0432\u043b\u0435\u043d\u0438\u044f \u0441\u043e\u0447\u043d\u044b\u0445 \u0431\u0443\u0440\u0433\u0435\u0440\u043e\u0432. \u041a\u043e\u043c\u043f\u0430\u043a\u0442\u043d\u044b\u0439, \u0443\u0434\u043e\u0431\u043d\u044b\u0439 \u0438 \u043d\u0430\u0434\u0435\u0436\u043d\u044b\u0439. \u0417\u0430\u043a\u0430\u0437\u044b\u0432\u0430\u0439\u0442\u0435 \u0441\u0435\u0439\u0447\u0430\u0441!\\\"\",\"breadcrumb\":{\"@id\":\"https:\\\/\\\/xstyle.md\\\/product\\\/gril-dlja-gamburgerov-petromax-burger-iron\\\/#breadcrumb\"},\"inLanguage\":\"ro-RO\",\"potentialAction\":[{\"@type\":\"ReadAction\",\"target\":[\"https:\\\/\\\/xstyle.md\\\/product\\\/gril-dlja-gamburgerov-petromax-burger-iron\\\/\"]}]},{\"@type\":\"ImageObject\",\"inLanguage\":\"ro-RO\",\"@id\":\"https:\\\/\\\/xstyle.md\\\/product\\\/gril-dlja-gamburgerov-petromax-burger-iron\\\/#primaryimage\",\"url\":\"https:\\\/\\\/xstyle.md\\\/wp-content\\\/uploads\\\/2021\\\/04\\\/petromax-burger-iron.jpg\",\"contentUrl\":\"https:\\\/\\\/xstyle.md\\\/wp-content\\\/uploads\\\/2021\\\/04\\\/petromax-burger-iron.jpg\",\"width\":800,\"height\":800,\"caption\":\"\u0422Camping gear \u0434\u043b\u044f \u0430\u043a\u0442\u0438\u0432\u043d\u043e\u0433\u043e \u043e\u0442\u0434\u044b\u0445\u0430, \u0433\u0440\u0438\u043b\u044c \u0434\u043b\u044f \u0433\u0430\u043c\u0431\u0443\u0440\u0433\u0435\u0440\u043e\u0432 Petromax Burger Iron, \u043e\u0434\u0435\u0436\u0434\u0430 \u0438 \u043e\u0431\u0443\u0432\u044c \u0434\u043b\u044f \u0442\u0443\u0440\u0438\u0437\u043c\u0430 \u043f\u043e\u0445\u043e\u0434\u043e\u0432 \u0438 \u043f\u0443\u0442\u0435\u0448\u0435\u0441\u0442\u0432\u0438\u0439\"},{\"@type\":\"BreadcrumbList\",\"@id\":\"https:\\\/\\\/xstyle.md\\\/product\\\/gril-dlja-gamburgerov-petromax-burger-iron\\\/#breadcrumb\",\"itemListElement\":[{\"@type\":\"ListItem\",\"position\":1,\"name\":\"\u0413\u043b\u0430\u0432\u043d\u0430\u044f \u0441\u0442\u0440\u0430\u043d\u0438\u0446\u0430\",\"item\":\"https:\\\/\\\/xstyle.md\\\/\"},{\"@type\":\"ListItem\",\"position\":2,\"name\":\"\u041c\u0430\u0433\u0430\u0437\u0438\u043d\",\"item\":\"https:\\\/\\\/xstyle.md\\\/shop\\\/\"},{\"@type\":\"ListItem\",\"position\":3,\"name\":\"\u0413\u0440\u0438\u043b\u044c \u0434\u043b\u044f \u0433\u0430\u043c\u0431\u0443\u0440\u0433\u0435\u0440\u043e\u0432 Petromax Burger Iron\"}]},{\"@type\":\"WebSite\",\"@id\":\"https:\\\/\\\/xstyle.md\\\/#website\",\"url\":\"https:\\\/\\\/xstyle.md\\\/\",\"name\":\"\u041c\u0430\u0433\u0430\u0437\u0438\u043d Xstyle\",\"description\":\"C\u043d\u0430\u0440\u044f\u0436\u0435\u043d\u0438\u0435 \u0434\u043b\u044f \u0442\u0443\u0440\u0438\u0437\u043c\u0430 \u0438 \u044d\u043a\u0441\u0442\u0440\u0435\u043c\u0430\u043b\u044c\u043d\u044b\u0445 \u0432\u0438\u0434\u043e\u0432 \u0441\u043f\u043e\u0440\u0442\u0430 \u0432 \u041c\u043e\u043b\u0434\u043e\u0432\u0435.. \u0426\u0435\u043d\u044b, \u0444\u043e\u0442\u043e, \u0445\u0430\u0440\u0430\u043a\u0442\u0435\u0440\u0438\u0441\u0442\u0438\u043a\u0438 \u0432 \u041c\u043e\u043b\u0434\u043e\u0432\u0435.\",\"publisher\":{\"@id\":\"https:\\\/\\\/xstyle.md\\\/#organization\"},\"alternateName\":\"X-Style\",\"potentialAction\":[{\"@type\":\"SearchAction\",\"target\":{\"@type\":\"EntryPoint\",\"urlTemplate\":\"https:\\\/\\\/xstyle.md\\\/?s={search_term_string}\"},\"query-input\":{\"@type\":\"PropertyValueSpecification\",\"valueRequired\":true,\"valueName\":\"search_term_string\"}}],\"inLanguage\":\"ro-RO\"},{\"@type\":\"Organization\",\"@id\":\"https:\\\/\\\/xstyle.md\\\/#organization\",\"name\":\"\u041c\u0430\u0433\u0430\u0437\u0438\u043d Xstyle\",\"alternateName\":\"x-style\",\"url\":\"https:\\\/\\\/xstyle.md\\\/\",\"logo\":{\"@type\":\"ImageObject\",\"inLanguage\":\"ro-RO\",\"@id\":\"https:\\\/\\\/xstyle.md\\\/#\\\/schema\\\/logo\\\/image\\\/\",\"url\":\"https:\\\/\\\/xstyle.md\\\/wp-content\\\/uploads\\\/2020\\\/06\\\/logoicon.svg\",\"contentUrl\":\"https:\\\/\\\/xstyle.md\\\/wp-content\\\/uploads\\\/2020\\\/06\\\/logoicon.svg\",\"caption\":\"\u041c\u0430\u0433\u0430\u0437\u0438\u043d Xstyle\"},\"image\":{\"@id\":\"https:\\\/\\\/xstyle.md\\\/#\\\/schema\\\/logo\\\/image\\\/\"},\"sameAs\":[\"https:\\\/\\\/www.facebook.com\\\/xstylemd\",\"https:\\\/\\\/www.instagram.com\\\/xstyle_md\\\/\",\"https:\\\/\\\/t.me\\\/xstyle_outdoor\"],\"hasMerchantReturnPolicy\":{\"@type\":\"MerchantReturnPolicy\",\"merchantReturnLink\":\"https:\\\/\\\/xstyle.md\\\/ro\\\/conditions\\\/\"}}]}<\/script>\n<meta property=\"product:price:amount\" content=\"1120.00\" \/>\n<meta property=\"product:price:currency\" content=\"MDL\" \/>\n<meta property=\"og:availability\" content=\"instock\" \/>\n<meta property=\"product:availability\" content=\"instock\" \/>\n<meta property=\"product:retailer_item_id\" content=\"4250435730782\" \/>\n<meta property=\"product:condition\" content=\"new\" \/>\n<!-- \/ Yoast SEO plugin. -->","yoast_head_json":{"title":"Gr\u0103tar pentru hamburgeri Petromax Burger Iron - Magazin Xstyle","description":"\"\\u0413\\u0440\\u0438\\u043b\\u044c \\u0434\\u043b\\u044f \\u0433\\u0430\\u043c\\u0431\\u0443\\u0440\\u0433\\u0435\\u0440\\u043e\\u0432 Petromax Burger Iron: \\u0438\\u0434\\u0435\\u0430\\u043b\\u044c\\u043d\\u044b\\u0439 \\u0438\\u043d\\u0441\\u0442\\u0440\\u0443\\u043c\\u0435\\u043d\\u0442 \\u0434\\u043b\\u044f \\u043f\\u0440\\u0438\\u0433\\u043e\\u0442\\u043e\\u0432\\u043b\\u0435\\u043d\\u0438\\u044f \\u0441\\u043e\\u0447\\u043d\\u044b\\u0445 \\u0431\\u0443\\u0440\\u0433\\u0435\\u0440\\u043e\\u0432. \\u041a\\u043e\\u043c\\u043f\\u0430\\u043a\\u0442\\u043d\\u044b\\u0439, \\u0443\\u0434\\u043e\\u0431\\u043d\\u044b\\u0439 \\u0438 \\u043d\\u0430\\u0434\\u0435\\u0436\\u043d\\u044b\\u0439. \\u0417\\u0430\\u043a\\u0430\\u0437\\u044b\\u0432\\u0430\\u0439\\u0442\\u0435 \\u0441\\u0435\\u0439\\u0447\\u0430\\u0441!\"","robots":{"index":"index","follow":"follow","max-snippet":"max-snippet:-1","max-image-preview":"max-image-preview:large","max-video-preview":"max-video-preview:-1"},"canonical":"https:\/\/xstyle.md\/ro\/produs\/gril-dlja-gamburgerov-petromax-burger-iron\/","og_locale":"ro_RO","og_type":"article","og_title":"\u0413\u0440\u0438\u043b\u044c \u0434\u043b\u044f \u0433\u0430\u043c\u0431\u0443\u0440\u0433\u0435\u0440\u043e\u0432 Petromax Burger Iron - \u041c\u0430\u0433\u0430\u0437\u0438\u043d Xstyle","og_description":"\"\u0413\u0440\u0438\u043b\u044c \u0434\u043b\u044f \u0433\u0430\u043c\u0431\u0443\u0440\u0433\u0435\u0440\u043e\u0432 Petromax Burger Iron: \u0438\u0434\u0435\u0430\u043b\u044c\u043d\u044b\u0439 \u0438\u043d\u0441\u0442\u0440\u0443\u043c\u0435\u043d\u0442 \u0434\u043b\u044f \u043f\u0440\u0438\u0433\u043e\u0442\u043e\u0432\u043b\u0435\u043d\u0438\u044f \u0441\u043e\u0447\u043d\u044b\u0445 \u0431\u0443\u0440\u0433\u0435\u0440\u043e\u0432. \u041a\u043e\u043c\u043f\u0430\u043a\u0442\u043d\u044b\u0439, \u0443\u0434\u043e\u0431\u043d\u044b\u0439 \u0438 \u043d\u0430\u0434\u0435\u0436\u043d\u044b\u0439. \u0417\u0430\u043a\u0430\u0437\u044b\u0432\u0430\u0439\u0442\u0435 \u0441\u0435\u0439\u0447\u0430\u0441!\"","og_url":"https:\/\/xstyle.md\/ro\/produs\/gril-dlja-gamburgerov-petromax-burger-iron\/","og_site_name":"\u041c\u0430\u0433\u0430\u0437\u0438\u043d Xstyle","article_publisher":"https:\/\/www.facebook.com\/xstylemd","article_modified_time":"2026-03-19T13:44:30+00:00","og_image":[{"width":800,"height":800,"url":"https:\/\/xstyle.md\/wp-content\/uploads\/2021\/04\/petromax-burger-iron.jpg","type":"image\/jpeg"}],"twitter_card":"summary_large_image","twitter_misc":{"Pre\u021b":"1.120&nbsp;MDL","Disponibilitate":"\u00cen stoc"},"schema":{"@context":"https:\/\/schema.org","@graph":[{"@type":"WebPage","@id":"https:\/\/xstyle.md\/product\/gril-dlja-gamburgerov-petromax-burger-iron\/","url":"https:\/\/xstyle.md\/product\/gril-dlja-gamburgerov-petromax-burger-iron\/","name":"Gr\u0103tar pentru hamburgeri Petromax Burger Iron - Magazin Xstyle","isPartOf":{"@id":"https:\/\/xstyle.md\/#website"},"primaryImageOfPage":{"@id":"https:\/\/xstyle.md\/product\/gril-dlja-gamburgerov-petromax-burger-iron\/#primaryimage"},"image":{"@id":"https:\/\/xstyle.md\/product\/gril-dlja-gamburgerov-petromax-burger-iron\/#primaryimage"},"thumbnailUrl":"https:\/\/xstyle.md\/wp-content\/uploads\/2021\/04\/petromax-burger-iron.jpg","datePublished":"2021-04-30T10:00:20+00:00","dateModified":"2026-03-19T13:44:30+00:00","description":"\"\\u0413\\u0440\\u0438\\u043b\\u044c \\u0434\\u043b\\u044f \\u0433\\u0430\\u043c\\u0431\\u0443\\u0440\\u0433\\u0435\\u0440\\u043e\\u0432 Petromax Burger Iron: \\u0438\\u0434\\u0435\\u0430\\u043b\\u044c\\u043d\\u044b\\u0439 \\u0438\\u043d\\u0441\\u0442\\u0440\\u0443\\u043c\\u0435\\u043d\\u0442 \\u0434\\u043b\\u044f \\u043f\\u0440\\u0438\\u0433\\u043e\\u0442\\u043e\\u0432\\u043b\\u0435\\u043d\\u0438\\u044f \\u0441\\u043e\\u0447\\u043d\\u044b\\u0445 \\u0431\\u0443\\u0440\\u0433\\u0435\\u0440\\u043e\\u0432. \\u041a\\u043e\\u043c\\u043f\\u0430\\u043a\\u0442\\u043d\\u044b\\u0439, \\u0443\\u0434\\u043e\\u0431\\u043d\\u044b\\u0439 \\u0438 \\u043d\\u0430\\u0434\\u0435\\u0436\\u043d\\u044b\\u0439. \\u0417\\u0430\\u043a\\u0430\\u0437\\u044b\\u0432\\u0430\\u0439\\u0442\\u0435 \\u0441\\u0435\\u0439\\u0447\\u0430\\u0441!\"","breadcrumb":{"@id":"https:\/\/xstyle.md\/product\/gril-dlja-gamburgerov-petromax-burger-iron\/#breadcrumb"},"inLanguage":"ro-RO","potentialAction":[{"@type":"ReadAction","target":["https:\/\/xstyle.md\/product\/gril-dlja-gamburgerov-petromax-burger-iron\/"]}]},{"@type":"ImageObject","inLanguage":"ro-RO","@id":"https:\/\/xstyle.md\/product\/gril-dlja-gamburgerov-petromax-burger-iron\/#primaryimage","url":"https:\/\/xstyle.md\/wp-content\/uploads\/2021\/04\/petromax-burger-iron.jpg","contentUrl":"https:\/\/xstyle.md\/wp-content\/uploads\/2021\/04\/petromax-burger-iron.jpg","width":800,"height":800,"caption":"\u0422Camping gear \u0434\u043b\u044f \u0430\u043a\u0442\u0438\u0432\u043d\u043e\u0433\u043e \u043e\u0442\u0434\u044b\u0445\u0430, \u0433\u0440\u0438\u043b\u044c \u0434\u043b\u044f \u0433\u0430\u043c\u0431\u0443\u0440\u0433\u0435\u0440\u043e\u0432 Petromax Burger Iron, \u043e\u0434\u0435\u0436\u0434\u0430 \u0438 \u043e\u0431\u0443\u0432\u044c \u0434\u043b\u044f \u0442\u0443\u0440\u0438\u0437\u043c\u0430 \u043f\u043e\u0445\u043e\u0434\u043e\u0432 \u0438 \u043f\u0443\u0442\u0435\u0448\u0435\u0441\u0442\u0432\u0438\u0439"},{"@type":"BreadcrumbList","@id":"https:\/\/xstyle.md\/product\/gril-dlja-gamburgerov-petromax-burger-iron\/#breadcrumb","itemListElement":[{"@type":"ListItem","position":1,"name":"\u0413\u043b\u0430\u0432\u043d\u0430\u044f \u0441\u0442\u0440\u0430\u043d\u0438\u0446\u0430","item":"https:\/\/xstyle.md\/"},{"@type":"ListItem","position":2,"name":"\u041c\u0430\u0433\u0430\u0437\u0438\u043d","item":"https:\/\/xstyle.md\/shop\/"},{"@type":"ListItem","position":3,"name":"\u0413\u0440\u0438\u043b\u044c \u0434\u043b\u044f \u0433\u0430\u043c\u0431\u0443\u0440\u0433\u0435\u0440\u043e\u0432 Petromax Burger Iron"}]},{"@type":"WebSite","@id":"https:\/\/xstyle.md\/#website","url":"https:\/\/xstyle.md\/","name":"Magazinul X-Style","description":"Echipamente pentru turism \u0219i sporturi extreme \u00een Moldova. Pre\u021buri, fotografii, caracteristici \u00een Moldova.","publisher":{"@id":"https:\/\/xstyle.md\/#organization"},"alternateName":"X-Style","potentialAction":[{"@type":"SearchAction","target":{"@type":"EntryPoint","urlTemplate":"https:\/\/xstyle.md\/?s={search_term_string}"},"query-input":{"@type":"PropertyValueSpecification","valueRequired":true,"valueName":"search_term_string"}}],"inLanguage":"ro-RO"},{"@type":"Organization","@id":"https:\/\/xstyle.md\/#organization","name":"Magazinul X-Style","alternateName":"x-style","url":"https:\/\/xstyle.md\/","logo":{"@type":"ImageObject","inLanguage":"ro-RO","@id":"https:\/\/xstyle.md\/#\/schema\/logo\/image\/","url":"https:\/\/xstyle.md\/wp-content\/uploads\/2020\/06\/logoicon.svg","contentUrl":"https:\/\/xstyle.md\/wp-content\/uploads\/2020\/06\/logoicon.svg","caption":"\u041c\u0430\u0433\u0430\u0437\u0438\u043d Xstyle"},"image":{"@id":"https:\/\/xstyle.md\/#\/schema\/logo\/image\/"},"sameAs":["https:\/\/www.facebook.com\/xstylemd","https:\/\/www.instagram.com\/xstyle_md\/","https:\/\/t.me\/xstyle_outdoor"],"hasMerchantReturnPolicy":{"@type":"MerchantReturnPolicy","merchantReturnLink":"https:\/\/xstyle.md\/ro\/conditions\/"}}]},"product_price_amount":"1120.00","product_price_currency":"MDL","og_availability":"instock","product_availability":"instock","product_retailer_item_id":"4250435730782","product_condition":"new"},"_links":{"self":[{"href":"https:\/\/xstyle.md\/ro\/wp-json\/wp\/v2\/product\/33032","targetHints":{"allow":["GET"]}}],"collection":[{"href":"https:\/\/xstyle.md\/ro\/wp-json\/wp\/v2\/product"}],"about":[{"href":"https:\/\/xstyle.md\/ro\/wp-json\/wp\/v2\/types\/product"}],"replies":[{"embeddable":true,"href":"https:\/\/xstyle.md\/ro\/wp-json\/wp\/v2\/comments?post=33032"}],"wp:featuredmedia":[{"embeddable":true,"href":"https:\/\/xstyle.md\/ro\/wp-json\/wp\/v2\/media\/34319"}],"wp:attachment":[{"href":"https:\/\/xstyle.md\/ro\/wp-json\/wp\/v2\/media?parent=33032"}],"wp:term":[{"taxonomy":"product_brand","embeddable":true,"href":"https:\/\/xstyle.md\/ro\/wp-json\/wp\/v2\/product_brand?post=33032"},{"taxonomy":"product_cat","embeddable":true,"href":"https:\/\/xstyle.md\/ro\/wp-json\/wp\/v2\/product_cat?post=33032"},{"taxonomy":"product_tag","embeddable":true,"href":"https:\/\/xstyle.md\/ro\/wp-json\/wp\/v2\/product_tag?post=33032"}],"curies":[{"name":"wp","href":"https:\/\/api.w.org\/{rel}","templated":true}]}}