{"id":33029,"date":"2021-04-30T13:00:17","date_gmt":"2021-04-30T10:00:17","guid":{"rendered":"https:\/\/xstyle.md\/?post_type=product&#038;p=33029"},"modified":"2024-10-02T23:36:41","modified_gmt":"2024-10-02T20:36:41","slug":"chehol-dlja-fonarja-petromax-feuerhand-baby-special-276","status":"publish","type":"product","link":"https:\/\/xstyle.md\/ro\/produs\/chehol-dlja-fonarja-petromax-feuerhand-baby-special-276\/","title":{"rendered":"Hus\u0103 lantern\u0103 Petromax Feuerhand Baby Special 276"},"content":{"rendered":"<\/p>\n<p><strong>Transport Bag for Feuerhand Baby Special 276<\/strong> &#8212; husa pentru lampa Baby Special 276, care protejeaz\u0103 lampa de \u0219ocuri \u0219i praf \u00een timpul transportului. Pernele suplimentare \u00eent\u0103resc baza \u0219i p\u0103r\u021bile laterale ale husei, permi\u021b\u00e2ndu-v\u0103 s\u0103 transporta\u021bi lampa \u00een siguran\u021b\u0103 \u00een ma\u0219in\u0103, \u00een rulot\u0103 sau pur \u0219i simplu \u00een m\u00e2n\u0103. Un buzunar cu fermoar \u00een interiorul capacului ofer\u0103 spa\u021biu de depozitare suplimentar pentru fitiluri de rezerv\u0103 \u0219i chibrituri. \u00cen plus, geanta de transport are un design proasp\u0103t de la o marc\u0103 german\u0103 tradi\u021bional\u0103 &#8212; nu doar un companion de c\u0103l\u0103torie util, ci \u0219i un accesoriu la mod\u0103 pentru o vacan\u021b\u0103 relaxant\u0103 la \u021bar\u0103.<\/p>\n<h3>Caracteristici<\/h3>\n<ul>\n<li>Material &#8212; nailon<\/li>\n<li>Dimensiuni &#8212; 29 x 15 x 15 x 15 (H x L x P) cm<\/li>\n<li>Greutate &#8212; 286 g.<\/li>\n<\/ul>\n<h3>Marca<\/h3>\n<p>Petromax este unul dintre cei mai importan\u021bi produc\u0103tori germani de echipamente de g\u0103tit \u0219i de locuit \u00een aer liber, iar gama sa de produse coordonate combin\u0103 \u00een mod unic tradi\u021bia \u0219i inova\u021bia. Toate produsele Petromax se caracterizeaz\u0103 prin calitate superioar\u0103, durabilitate, detalii bine g\u00e2ndite \u0219i sunt concepute pentru to\u021bi cei care caut\u0103 compensa\u021bii pentru rutina lor \u00een aer liber \u0219i, prin urmare, pentru campingul \u00een aer liber. Lumea produselor Petromax se concentreaz\u0103 pe explorarea naturii neatinse folosind echipamente tradi\u021bionale, dar bine concepute.<\/p>\n<p><\/p>","protected":false},"excerpt":{"rendered":"<p>Hus\u0103 lantern\u0103 Petromax Feuerhand Baby Special 276<\/p>","protected":false},"featured_media":34307,"comment_status":"open","ping_status":"closed","template":"","meta":{"_acf_changed":false,"inline_featured_image":false},"product_brand":[1420],"product_cat":[842],"product_tag":[],"class_list":{"0":"post-33029","1":"product","2":"type-product","3":"status-publish","4":"has-post-thumbnail","6":"product_brand-petromax","7":"product_cat-gas-lamps","9":"first","10":"instock","11":"shipping-taxable","12":"purchasable","13":"product-type-simple"},"acf":[],"yoast_head":"<!-- This site is optimized with the Yoast SEO plugin v27.2 - https:\/\/yoast.com\/product\/yoast-seo-wordpress\/ -->\n<title>\u0427\u0435\u0445\u043e\u043b \u0434\u043b\u044f \u0444\u043e\u043d\u0430\u0440\u044f Petromax Feuerhand Baby Special 276 - \u041c\u0430\u0433\u0430\u0437\u0438\u043d Xstyle<\/title>\n<meta name=\"description\" content=\"\u0427\u0435\u0445\u043e\u043b \u0434\u043b\u044f \u0444\u043e\u043d\u0430\u0440\u044f Petromax Feuerhand Baby Special 276 \u2014 \u0438\u0434\u0435\u0430\u043b\u044c\u043d\u0430\u044f \u0437\u0430\u0449\u0438\u0442\u0430 \u043e\u0442 \u0443\u0434\u0430\u0440\u043e\u0432 \u0438 \u043f\u044b\u043b\u0438. \u0423\u0434\u043e\u0431\u0435\u043d \u0434\u043b\u044f \u0442\u0440\u0430\u043d\u0441\u043f\u043e\u0440\u0442\u0438\u0440\u043e\u0432\u043a\u0438 \u0432 \u043c\u0430\u0448\u0438\u043d\u0435 \u0438\u043b\u0438 \u043d\u0430 \u043e\u0442\u0434\u044b\u0445\u0435.\" \/>\n<meta name=\"robots\" content=\"index, follow, max-snippet:-1, max-image-preview:large, max-video-preview:-1\" \/>\n<link rel=\"canonical\" href=\"https:\/\/xstyle.md\/ro\/produs\/chehol-dlja-fonarja-petromax-feuerhand-baby-special-276\/\" \/>\n<meta property=\"og:locale\" content=\"ro_RO\" \/>\n<meta property=\"og:type\" content=\"article\" \/>\n<meta property=\"og:title\" content=\"\u0427\u0435\u0445\u043e\u043b \u0434\u043b\u044f \u0444\u043e\u043d\u0430\u0440\u044f Petromax Feuerhand Baby Special 276 - \u041c\u0430\u0433\u0430\u0437\u0438\u043d Xstyle\" \/>\n<meta property=\"og:description\" content=\"\u0427\u0435\u0445\u043e\u043b \u0434\u043b\u044f \u0444\u043e\u043d\u0430\u0440\u044f Petromax Feuerhand Baby Special 276 \u2014 \u0438\u0434\u0435\u0430\u043b\u044c\u043d\u0430\u044f \u0437\u0430\u0449\u0438\u0442\u0430 \u043e\u0442 \u0443\u0434\u0430\u0440\u043e\u0432 \u0438 \u043f\u044b\u043b\u0438. \u0423\u0434\u043e\u0431\u0435\u043d \u0434\u043b\u044f \u0442\u0440\u0430\u043d\u0441\u043f\u043e\u0440\u0442\u0438\u0440\u043e\u0432\u043a\u0438 \u0432 \u043c\u0430\u0448\u0438\u043d\u0435 \u0438\u043b\u0438 \u043d\u0430 \u043e\u0442\u0434\u044b\u0445\u0435.\" \/>\n<meta property=\"og:url\" content=\"https:\/\/xstyle.md\/ro\/produs\/chehol-dlja-fonarja-petromax-feuerhand-baby-special-276\/\" \/>\n<meta property=\"og:site_name\" content=\"\u041c\u0430\u0433\u0430\u0437\u0438\u043d Xstyle\" \/>\n<meta property=\"article:publisher\" content=\"https:\/\/www.facebook.com\/xstylemd\" \/>\n<meta property=\"article:modified_time\" content=\"2024-10-02T20:36:41+00:00\" \/>\n<meta property=\"og:image\" content=\"https:\/\/xstyle.md\/wp-content\/uploads\/2021\/04\/transport-bag-for-feuerhand-baby-special-276.1.png\" \/>\n\t<meta property=\"og:image:width\" content=\"650\" \/>\n\t<meta property=\"og:image:height\" content=\"650\" \/>\n\t<meta property=\"og:image:type\" content=\"image\/png\" \/>\n<meta name=\"twitter:card\" content=\"summary_large_image\" \/>\n<meta name=\"twitter:label1\" content=\"Pre\u021b\" \/>\n\t<meta name=\"twitter:data1\" content=\"420&nbsp;MDL\" \/>\n\t<meta name=\"twitter:label2\" content=\"Disponibilitate\" \/>\n\t<meta name=\"twitter:data2\" content=\"\u00cen stoc\" \/>\n<script type=\"application\/ld+json\" class=\"yoast-schema-graph\">{\"@context\":\"https:\/\/schema.org\",\"@graph\":[{\"@type\":\"WebPage\",\"@id\":\"https:\/\/xstyle.md\/product\/chehol-dlja-fonarja-petromax-feuerhand-baby-special-276\/\",\"url\":\"https:\/\/xstyle.md\/product\/chehol-dlja-fonarja-petromax-feuerhand-baby-special-276\/\",\"name\":\"\u0427\u0435\u0445\u043e\u043b \u0434\u043b\u044f \u0444\u043e\u043d\u0430\u0440\u044f Petromax Feuerhand Baby Special 276 - \u041c\u0430\u0433\u0430\u0437\u0438\u043d Xstyle\",\"isPartOf\":{\"@id\":\"https:\/\/xstyle.md\/#website\"},\"primaryImageOfPage\":{\"@id\":\"https:\/\/xstyle.md\/product\/chehol-dlja-fonarja-petromax-feuerhand-baby-special-276\/#primaryimage\"},\"image\":{\"@id\":\"https:\/\/xstyle.md\/product\/chehol-dlja-fonarja-petromax-feuerhand-baby-special-276\/#primaryimage\"},\"thumbnailUrl\":\"https:\/\/xstyle.md\/wp-content\/uploads\/2021\/04\/transport-bag-for-feuerhand-baby-special-276.1.png\",\"datePublished\":\"2021-04-30T10:00:17+00:00\",\"dateModified\":\"2024-10-02T20:36:41+00:00\",\"description\":\"\u0427\u0435\u0445\u043e\u043b \u0434\u043b\u044f \u0444\u043e\u043d\u0430\u0440\u044f Petromax Feuerhand Baby Special 276 \u2014 \u0438\u0434\u0435\u0430\u043b\u044c\u043d\u0430\u044f \u0437\u0430\u0449\u0438\u0442\u0430 \u043e\u0442 \u0443\u0434\u0430\u0440\u043e\u0432 \u0438 \u043f\u044b\u043b\u0438. \u0423\u0434\u043e\u0431\u0435\u043d \u0434\u043b\u044f \u0442\u0440\u0430\u043d\u0441\u043f\u043e\u0440\u0442\u0438\u0440\u043e\u0432\u043a\u0438 \u0432 \u043c\u0430\u0448\u0438\u043d\u0435 \u0438\u043b\u0438 \u043d\u0430 \u043e\u0442\u0434\u044b\u0445\u0435.\",\"breadcrumb\":{\"@id\":\"https:\/\/xstyle.md\/product\/chehol-dlja-fonarja-petromax-feuerhand-baby-special-276\/#breadcrumb\"},\"inLanguage\":\"ro-RO\",\"potentialAction\":[{\"@type\":\"ReadAction\",\"target\":[\"https:\/\/xstyle.md\/product\/chehol-dlja-fonarja-petromax-feuerhand-baby-special-276\/\"]}]},{\"@type\":\"ImageObject\",\"inLanguage\":\"ro-RO\",\"@id\":\"https:\/\/xstyle.md\/product\/chehol-dlja-fonarja-petromax-feuerhand-baby-special-276\/#primaryimage\",\"url\":\"https:\/\/xstyle.md\/wp-content\/uploads\/2021\/04\/transport-bag-for-feuerhand-baby-special-276.1.png\",\"contentUrl\":\"https:\/\/xstyle.md\/wp-content\/uploads\/2021\/04\/transport-bag-for-feuerhand-baby-special-276.1.png\",\"width\":650,\"height\":650,\"caption\":\"\u0427\u0435\u0445\u043e\u043b \u0434\u043b\u044f \u0444\u043e\u043d\u0430\u0440\u044f Petromax Feuerhand Baby Special 276 \u043d\u0430 \u0441\u0430\u0439\u0442\u0435 \u0438\u043d\u0442\u0435\u0440\u043d\u0435\u0442-\u043c\u0430\u0433\u0430\u0437\u0438\u043d\u0430 \u0434\u043b\u044f \u0430\u043a\u0442\u0438\u0432\u043d\u043e\u0433\u043e \u043e\u0442\u0434\u044b\u0445\u0430, \u043f\u043e\u0445\u043e\u0434\u043e\u0432, \u043f\u0443\u0442\u0435\u0448\u0435\u0441\u0442\u0432\u0438\u0439, \u043e\u0434\u0435\u0436\u0434\u044b \u0438 \u043e\u0431\u0443\u0432\u0438 \u0434\u043b\u044f \u0430\u043b\u044c\u043f\u0438\u043d\u0438\u0437\u043c\u0430 \u0438 \u0442\u0443\u0440\u0438\u0437\u043c\u0430\"},{\"@type\":\"BreadcrumbList\",\"@id\":\"https:\/\/xstyle.md\/product\/chehol-dlja-fonarja-petromax-feuerhand-baby-special-276\/#breadcrumb\",\"itemListElement\":[{\"@type\":\"ListItem\",\"position\":1,\"name\":\"\u0413\u043b\u0430\u0432\u043d\u0430\u044f \u0441\u0442\u0440\u0430\u043d\u0438\u0446\u0430\",\"item\":\"https:\/\/xstyle.md\/\"},{\"@type\":\"ListItem\",\"position\":2,\"name\":\"\u041c\u0430\u0433\u0430\u0437\u0438\u043d\",\"item\":\"https:\/\/xstyle.md\/shop\/\"},{\"@type\":\"ListItem\",\"position\":3,\"name\":\"\u0427\u0435\u0445\u043e\u043b \u0434\u043b\u044f \u0444\u043e\u043d\u0430\u0440\u044f Petromax Feuerhand Baby Special 276\"}]},{\"@type\":\"WebSite\",\"@id\":\"https:\/\/xstyle.md\/#website\",\"url\":\"https:\/\/xstyle.md\/\",\"name\":\"\u041c\u0430\u0433\u0430\u0437\u0438\u043d Xstyle\",\"description\":\"C\u043d\u0430\u0440\u044f\u0436\u0435\u043d\u0438\u0435 \u0434\u043b\u044f \u0442\u0443\u0440\u0438\u0437\u043c\u0430 \u0438 \u044d\u043a\u0441\u0442\u0440\u0435\u043c\u0430\u043b\u044c\u043d\u044b\u0445 \u0432\u0438\u0434\u043e\u0432 \u0441\u043f\u043e\u0440\u0442\u0430 \u0432 \u041c\u043e\u043b\u0434\u043e\u0432\u0435.. \u0426\u0435\u043d\u044b, \u0444\u043e\u0442\u043e, \u0445\u0430\u0440\u0430\u043a\u0442\u0435\u0440\u0438\u0441\u0442\u0438\u043a\u0438 \u0432 \u041c\u043e\u043b\u0434\u043e\u0432\u0435.\",\"publisher\":{\"@id\":\"https:\/\/xstyle.md\/#organization\"},\"alternateName\":\"X-Style\",\"potentialAction\":[{\"@type\":\"SearchAction\",\"target\":{\"@type\":\"EntryPoint\",\"urlTemplate\":\"https:\/\/xstyle.md\/?s={search_term_string}\"},\"query-input\":{\"@type\":\"PropertyValueSpecification\",\"valueRequired\":true,\"valueName\":\"search_term_string\"}}],\"inLanguage\":\"ro-RO\"},{\"@type\":\"Organization\",\"@id\":\"https:\/\/xstyle.md\/#organization\",\"name\":\"\u041c\u0430\u0433\u0430\u0437\u0438\u043d Xstyle\",\"alternateName\":\"x-style\",\"url\":\"https:\/\/xstyle.md\/\",\"logo\":{\"@type\":\"ImageObject\",\"inLanguage\":\"ro-RO\",\"@id\":\"https:\/\/xstyle.md\/#\/schema\/logo\/image\/\",\"url\":\"https:\/\/xstyle.md\/wp-content\/uploads\/2020\/06\/logoicon.svg\",\"contentUrl\":\"https:\/\/xstyle.md\/wp-content\/uploads\/2020\/06\/logoicon.svg\",\"caption\":\"\u041c\u0430\u0433\u0430\u0437\u0438\u043d Xstyle\"},\"image\":{\"@id\":\"https:\/\/xstyle.md\/#\/schema\/logo\/image\/\"},\"sameAs\":[\"https:\/\/www.facebook.com\/xstylemd\",\"https:\/\/www.instagram.com\/xstyle_md\/\",\"https:\/\/t.me\/xstyle_outdoor\"],\"hasMerchantReturnPolicy\":{\"@type\":\"MerchantReturnPolicy\",\"merchantReturnLink\":\"https:\/\/xstyle.md\/ro\/conditions\/\"}}]}<\/script>\n<meta property=\"product:price:amount\" content=\"420.00\" \/>\n<meta property=\"product:price:currency\" content=\"MDL\" \/>\n<meta property=\"og:availability\" content=\"instock\" \/>\n<meta property=\"product:availability\" content=\"instock\" \/>\n<meta property=\"product:retailer_item_id\" content=\"4250435703410\" \/>\n<meta property=\"product:condition\" content=\"new\" \/>\n<!-- \/ Yoast SEO plugin. -->","yoast_head_json":{"title":"Hus\u0103 pentru lantern\u0103 Petromax Feuerhand Baby Special 276 - Magazin Xstyle","description":"Husa pentru lanterna Petromax Feuerhand Baby Special 276 \u2014 protec\u021bie ideal\u0103 \u00eempotriva impacturilor \u0219i a prafului. Este convenabil\u0103 pentru transportul \u00een ma\u0219in\u0103 sau \u00een timpul vacan\u021bei.","robots":{"index":"index","follow":"follow","max-snippet":"max-snippet:-1","max-image-preview":"max-image-preview:large","max-video-preview":"max-video-preview:-1"},"canonical":"https:\/\/xstyle.md\/ro\/produs\/chehol-dlja-fonarja-petromax-feuerhand-baby-special-276\/","og_locale":"ro_RO","og_type":"article","og_title":"\u0427\u0435\u0445\u043e\u043b \u0434\u043b\u044f \u0444\u043e\u043d\u0430\u0440\u044f Petromax Feuerhand Baby Special 276 - \u041c\u0430\u0433\u0430\u0437\u0438\u043d Xstyle","og_description":"\u0427\u0435\u0445\u043e\u043b \u0434\u043b\u044f \u0444\u043e\u043d\u0430\u0440\u044f Petromax Feuerhand Baby Special 276 \u2014 \u0438\u0434\u0435\u0430\u043b\u044c\u043d\u0430\u044f \u0437\u0430\u0449\u0438\u0442\u0430 \u043e\u0442 \u0443\u0434\u0430\u0440\u043e\u0432 \u0438 \u043f\u044b\u043b\u0438. \u0423\u0434\u043e\u0431\u0435\u043d \u0434\u043b\u044f \u0442\u0440\u0430\u043d\u0441\u043f\u043e\u0440\u0442\u0438\u0440\u043e\u0432\u043a\u0438 \u0432 \u043c\u0430\u0448\u0438\u043d\u0435 \u0438\u043b\u0438 \u043d\u0430 \u043e\u0442\u0434\u044b\u0445\u0435.","og_url":"https:\/\/xstyle.md\/ro\/produs\/chehol-dlja-fonarja-petromax-feuerhand-baby-special-276\/","og_site_name":"\u041c\u0430\u0433\u0430\u0437\u0438\u043d Xstyle","article_publisher":"https:\/\/www.facebook.com\/xstylemd","article_modified_time":"2024-10-02T20:36:41+00:00","og_image":[{"width":650,"height":650,"url":"https:\/\/xstyle.md\/wp-content\/uploads\/2021\/04\/transport-bag-for-feuerhand-baby-special-276.1.png","type":"image\/png"}],"twitter_card":"summary_large_image","twitter_misc":{"Pre\u021b":"420&nbsp;MDL","Disponibilitate":"\u00cen stoc"},"schema":{"@context":"https:\/\/schema.org","@graph":[{"@type":"WebPage","@id":"https:\/\/xstyle.md\/product\/chehol-dlja-fonarja-petromax-feuerhand-baby-special-276\/","url":"https:\/\/xstyle.md\/product\/chehol-dlja-fonarja-petromax-feuerhand-baby-special-276\/","name":"Hus\u0103 pentru lantern\u0103 Petromax Feuerhand Baby Special 276 - Magazin Xstyle","isPartOf":{"@id":"https:\/\/xstyle.md\/#website"},"primaryImageOfPage":{"@id":"https:\/\/xstyle.md\/product\/chehol-dlja-fonarja-petromax-feuerhand-baby-special-276\/#primaryimage"},"image":{"@id":"https:\/\/xstyle.md\/product\/chehol-dlja-fonarja-petromax-feuerhand-baby-special-276\/#primaryimage"},"thumbnailUrl":"https:\/\/xstyle.md\/wp-content\/uploads\/2021\/04\/transport-bag-for-feuerhand-baby-special-276.1.png","datePublished":"2021-04-30T10:00:17+00:00","dateModified":"2024-10-02T20:36:41+00:00","description":"Husa pentru lanterna Petromax Feuerhand Baby Special 276 \u2014 protec\u021bie ideal\u0103 \u00eempotriva impacturilor \u0219i a prafului. Este convenabil\u0103 pentru transportul \u00een ma\u0219in\u0103 sau \u00een timpul vacan\u021bei.","breadcrumb":{"@id":"https:\/\/xstyle.md\/product\/chehol-dlja-fonarja-petromax-feuerhand-baby-special-276\/#breadcrumb"},"inLanguage":"ro-RO","potentialAction":[{"@type":"ReadAction","target":["https:\/\/xstyle.md\/product\/chehol-dlja-fonarja-petromax-feuerhand-baby-special-276\/"]}]},{"@type":"ImageObject","inLanguage":"ro-RO","@id":"https:\/\/xstyle.md\/product\/chehol-dlja-fonarja-petromax-feuerhand-baby-special-276\/#primaryimage","url":"https:\/\/xstyle.md\/wp-content\/uploads\/2021\/04\/transport-bag-for-feuerhand-baby-special-276.1.png","contentUrl":"https:\/\/xstyle.md\/wp-content\/uploads\/2021\/04\/transport-bag-for-feuerhand-baby-special-276.1.png","width":650,"height":650,"caption":"\u0427\u0435\u0445\u043e\u043b \u0434\u043b\u044f \u0444\u043e\u043d\u0430\u0440\u044f Petromax Feuerhand Baby Special 276 \u043d\u0430 \u0441\u0430\u0439\u0442\u0435 \u0438\u043d\u0442\u0435\u0440\u043d\u0435\u0442-\u043c\u0430\u0433\u0430\u0437\u0438\u043d\u0430 \u0434\u043b\u044f \u0430\u043a\u0442\u0438\u0432\u043d\u043e\u0433\u043e \u043e\u0442\u0434\u044b\u0445\u0430, \u043f\u043e\u0445\u043e\u0434\u043e\u0432, \u043f\u0443\u0442\u0435\u0448\u0435\u0441\u0442\u0432\u0438\u0439, \u043e\u0434\u0435\u0436\u0434\u044b \u0438 \u043e\u0431\u0443\u0432\u0438 \u0434\u043b\u044f \u0430\u043b\u044c\u043f\u0438\u043d\u0438\u0437\u043c\u0430 \u0438 \u0442\u0443\u0440\u0438\u0437\u043c\u0430"},{"@type":"BreadcrumbList","@id":"https:\/\/xstyle.md\/product\/chehol-dlja-fonarja-petromax-feuerhand-baby-special-276\/#breadcrumb","itemListElement":[{"@type":"ListItem","position":1,"name":"\u0413\u043b\u0430\u0432\u043d\u0430\u044f \u0441\u0442\u0440\u0430\u043d\u0438\u0446\u0430","item":"https:\/\/xstyle.md\/"},{"@type":"ListItem","position":2,"name":"\u041c\u0430\u0433\u0430\u0437\u0438\u043d","item":"https:\/\/xstyle.md\/shop\/"},{"@type":"ListItem","position":3,"name":"\u0427\u0435\u0445\u043e\u043b \u0434\u043b\u044f \u0444\u043e\u043d\u0430\u0440\u044f Petromax Feuerhand Baby Special 276"}]},{"@type":"WebSite","@id":"https:\/\/xstyle.md\/#website","url":"https:\/\/xstyle.md\/","name":"Magazinul X-Style","description":"Echipamente pentru turism \u0219i sporturi extreme \u00een Moldova. Pre\u021buri, fotografii, caracteristici \u00een Moldova.","publisher":{"@id":"https:\/\/xstyle.md\/#organization"},"alternateName":"X-Style","potentialAction":[{"@type":"SearchAction","target":{"@type":"EntryPoint","urlTemplate":"https:\/\/xstyle.md\/?s={search_term_string}"},"query-input":{"@type":"PropertyValueSpecification","valueRequired":true,"valueName":"search_term_string"}}],"inLanguage":"ro-RO"},{"@type":"Organization","@id":"https:\/\/xstyle.md\/#organization","name":"Magazinul X-Style","alternateName":"x-style","url":"https:\/\/xstyle.md\/","logo":{"@type":"ImageObject","inLanguage":"ro-RO","@id":"https:\/\/xstyle.md\/#\/schema\/logo\/image\/","url":"https:\/\/xstyle.md\/wp-content\/uploads\/2020\/06\/logoicon.svg","contentUrl":"https:\/\/xstyle.md\/wp-content\/uploads\/2020\/06\/logoicon.svg","caption":"\u041c\u0430\u0433\u0430\u0437\u0438\u043d Xstyle"},"image":{"@id":"https:\/\/xstyle.md\/#\/schema\/logo\/image\/"},"sameAs":["https:\/\/www.facebook.com\/xstylemd","https:\/\/www.instagram.com\/xstyle_md\/","https:\/\/t.me\/xstyle_outdoor"],"hasMerchantReturnPolicy":{"@type":"MerchantReturnPolicy","merchantReturnLink":"https:\/\/xstyle.md\/ro\/conditions\/"}}]},"product_price_amount":"420.00","product_price_currency":"MDL","og_availability":"instock","product_availability":"instock","product_retailer_item_id":"4250435703410","product_condition":"new"},"post_mailing_queue_ids":[],"_links":{"self":[{"href":"https:\/\/xstyle.md\/ro\/wp-json\/wp\/v2\/product\/33029","targetHints":{"allow":["GET"]}}],"collection":[{"href":"https:\/\/xstyle.md\/ro\/wp-json\/wp\/v2\/product"}],"about":[{"href":"https:\/\/xstyle.md\/ro\/wp-json\/wp\/v2\/types\/product"}],"replies":[{"embeddable":true,"href":"https:\/\/xstyle.md\/ro\/wp-json\/wp\/v2\/comments?post=33029"}],"wp:featuredmedia":[{"embeddable":true,"href":"https:\/\/xstyle.md\/ro\/wp-json\/wp\/v2\/media\/34307"}],"wp:attachment":[{"href":"https:\/\/xstyle.md\/ro\/wp-json\/wp\/v2\/media?parent=33029"}],"wp:term":[{"taxonomy":"product_brand","embeddable":true,"href":"https:\/\/xstyle.md\/ro\/wp-json\/wp\/v2\/product_brand?post=33029"},{"taxonomy":"product_cat","embeddable":true,"href":"https:\/\/xstyle.md\/ro\/wp-json\/wp\/v2\/product_cat?post=33029"},{"taxonomy":"product_tag","embeddable":true,"href":"https:\/\/xstyle.md\/ro\/wp-json\/wp\/v2\/product_tag?post=33029"}],"curies":[{"name":"wp","href":"https:\/\/api.w.org\/{rel}","templated":true}]}}