{"id":33028,"date":"2021-04-30T13:00:16","date_gmt":"2021-04-30T10:00:16","guid":{"rendered":"https:\/\/xstyle.md\/?post_type=product&#038;p=33028"},"modified":"2024-10-02T23:36:40","modified_gmt":"2024-10-02T20:36:40","slug":"chehol-dlja-fonarja-petromax-hk500","status":"publish","type":"product","link":"https:\/\/xstyle.md\/ro\/produs\/chehol-dlja-fonarja-petromax-hk500\/","title":{"rendered":"Hus\u0103 lantern\u0103 Petromax HK500"},"content":{"rendered":"<\/p>\n<p>Hus\u0103 pentru lantern\u0103 <strong>Petromax HK500<\/strong> &#8212; ideal pentru transportul sau depozitarea l\u0103mpii \u0219i a abajurului acesteia.<\/p>\n<p>Husa este fabricat\u0103 din fibr\u0103 ripstop de \u00eenalt\u0103 calitate, ceea ce o face deosebit de durabil\u0103. Pentru a garanta stabilitatea \u0219i siguran\u021ba, peretele gen\u021bii este c\u0103ptu\u0219it la interior \u0219i \u00eent\u0103rit la exterior. Partea inferioar\u0103 a gen\u021bii este \u00eent\u0103rit\u0103 cu o folie de plastic integrat\u0103.<\/p>\n<p>Geanta cu abajur poate fi ata\u0219at\u0103 la geanta cu lamp\u0103 datorit\u0103 \u00eenchiderii cu clichet de pe partea superioar\u0103. \u00cen plus, o curea Velcro \u021bine cele dou\u0103 gen\u021bi \u00eempreun\u0103 \u0219i garanteaz\u0103 transportul \u00een siguran\u021b\u0103 al abajurului \u0219i al l\u0103mpii.<\/p>\n<p>Un mic buzunar cu fermoar \u00een partea de sus a gen\u021bii l\u0103mpii v\u0103 permite s\u0103 depozita\u021bi diverse accesorii, de exemplu: o c\u00e2rp\u0103 de lustruit Petromax. Partea din fa\u021b\u0103 a gen\u021bii pentru lamp\u0103 este brodat\u0103 cu logo-ul tradi\u021bional Petromax, care rimeaz\u0103 cu calitate excelent\u0103. Aceast\u0103 geant\u0103 este, prin urmare, un accesoriu perfect \u0219i foarte elegant.<\/p>\n<h3>Caracteristici<\/h3>\n<ul>\n<li>Material &#8212; nailon, ripstop<\/li>\n<li>Greutate &#8212; 862 g.<\/li>\n<\/ul>\n<h3>Marca<\/h3>\n<p>Petromax este unul dintre cei mai importan\u021bi produc\u0103tori germani de echipamente de g\u0103tit \u0219i de locuit \u00een aer liber, iar gama sa de produse coordonate combin\u0103 \u00een mod unic tradi\u021bia \u0219i inova\u021bia. Toate produsele Petromax se caracterizeaz\u0103 prin calitate superioar\u0103, durabilitate, detalii bine g\u00e2ndite \u0219i sunt concepute pentru to\u021bi cei care caut\u0103 compensa\u021bii pentru rutina lor \u00een aer liber \u0219i, prin urmare, pentru campingul \u00een aer liber. Lumea produselor Petromax se concentreaz\u0103 pe explorarea naturii neatinse folosind echipamente tradi\u021bionale, dar bine concepute.<\/p>\n<p><\/p>","protected":false},"excerpt":{"rendered":"<p>Hus\u0103 lantern\u0103 Petromax HK500<\/p>","protected":false},"featured_media":34312,"comment_status":"open","ping_status":"closed","template":"","meta":{"_acf_changed":false,"inline_featured_image":false},"product_brand":[1420],"product_cat":[842],"product_tag":[],"class_list":{"0":"post-33028","1":"product","2":"type-product","3":"status-publish","4":"has-post-thumbnail","6":"product_brand-petromax","7":"product_cat-gas-lamps","9":"first","10":"instock","11":"shipping-taxable","12":"purchasable","13":"product-type-simple"},"acf":[],"yoast_head":"<!-- This site is optimized with the Yoast SEO plugin v27.2 - https:\/\/yoast.com\/product\/yoast-seo-wordpress\/ -->\n<title>\u0427\u0435\u0445\u043e\u043b \u0434\u043b\u044f \u0444\u043e\u043d\u0430\u0440\u044f Petromax HK500 - \u041c\u0430\u0433\u0430\u0437\u0438\u043d Xstyle<\/title>\n<meta name=\"description\" content=\"\u0427\u0435\u0445\u043e\u043b \u0434\u043b\u044f \u0444\u043e\u043d\u0430\u0440\u044f Petromax HK500 \u2014 \u0438\u0434\u0435\u0430\u043b\u044c\u043d\u044b\u0439 \u0437\u0430\u0449\u0438\u0442\u043d\u044b\u0439 \u0430\u043a\u0441\u0435\u0441\u0441\u0443\u0430\u0440 \u0438\u0437 \u043f\u0440\u043e\u0447\u043d\u043e\u0433\u043e \u0440\u0438\u043f\u0441\u0442\u043e\u043f\u0430. \u041e\u0431\u0435\u0441\u043f\u0435\u0447\u0438\u0432\u0430\u0435\u0442 \u043d\u0430\u0434\u0435\u0436\u043d\u043e\u0441\u0442\u044c \u0438 \u0431\u0435\u0437\u043e\u043f\u0430\u0441\u043d\u043e\u0441\u0442\u044c \u0432\u0430\u0448\u0435\u0433\u043e \u0444\u043e\u043d\u0430\u0440\u044f.\" \/>\n<meta name=\"robots\" content=\"index, follow, max-snippet:-1, max-image-preview:large, max-video-preview:-1\" \/>\n<link rel=\"canonical\" href=\"https:\/\/xstyle.md\/ro\/produs\/chehol-dlja-fonarja-petromax-hk500\/\" \/>\n<meta property=\"og:locale\" content=\"ro_RO\" \/>\n<meta property=\"og:type\" content=\"article\" \/>\n<meta property=\"og:title\" content=\"\u0427\u0435\u0445\u043e\u043b \u0434\u043b\u044f \u0444\u043e\u043d\u0430\u0440\u044f Petromax HK500 - \u041c\u0430\u0433\u0430\u0437\u0438\u043d Xstyle\" \/>\n<meta property=\"og:description\" content=\"\u0427\u0435\u0445\u043e\u043b \u0434\u043b\u044f \u0444\u043e\u043d\u0430\u0440\u044f Petromax HK500 \u2014 \u0438\u0434\u0435\u0430\u043b\u044c\u043d\u044b\u0439 \u0437\u0430\u0449\u0438\u0442\u043d\u044b\u0439 \u0430\u043a\u0441\u0435\u0441\u0441\u0443\u0430\u0440 \u0438\u0437 \u043f\u0440\u043e\u0447\u043d\u043e\u0433\u043e \u0440\u0438\u043f\u0441\u0442\u043e\u043f\u0430. \u041e\u0431\u0435\u0441\u043f\u0435\u0447\u0438\u0432\u0430\u0435\u0442 \u043d\u0430\u0434\u0435\u0436\u043d\u043e\u0441\u0442\u044c \u0438 \u0431\u0435\u0437\u043e\u043f\u0430\u0441\u043d\u043e\u0441\u0442\u044c \u0432\u0430\u0448\u0435\u0433\u043e \u0444\u043e\u043d\u0430\u0440\u044f.\" \/>\n<meta property=\"og:url\" content=\"https:\/\/xstyle.md\/ro\/produs\/chehol-dlja-fonarja-petromax-hk500\/\" \/>\n<meta property=\"og:site_name\" content=\"\u041c\u0430\u0433\u0430\u0437\u0438\u043d Xstyle\" \/>\n<meta property=\"article:publisher\" content=\"https:\/\/www.facebook.com\/xstylemd\" \/>\n<meta property=\"article:modified_time\" content=\"2024-10-02T20:36:40+00:00\" \/>\n<meta property=\"og:image\" content=\"https:\/\/xstyle.md\/wp-content\/uploads\/2021\/04\/chehol-dlja-fonarja-petromax-hk500.1.jpg\" \/>\n\t<meta property=\"og:image:width\" content=\"1072\" \/>\n\t<meta property=\"og:image:height\" content=\"1600\" \/>\n\t<meta property=\"og:image:type\" content=\"image\/jpeg\" \/>\n<meta name=\"twitter:card\" content=\"summary_large_image\" \/>\n<meta name=\"twitter:label1\" content=\"Pre\u021b\" \/>\n\t<meta name=\"twitter:data1\" content=\"1.090&nbsp;MDL\" \/>\n\t<meta name=\"twitter:label2\" content=\"Disponibilitate\" \/>\n\t<meta name=\"twitter:data2\" content=\"\u00cen stoc\" \/>\n<script type=\"application\/ld+json\" class=\"yoast-schema-graph\">{\"@context\":\"https:\/\/schema.org\",\"@graph\":[{\"@type\":\"WebPage\",\"@id\":\"https:\/\/xstyle.md\/product\/chehol-dlja-fonarja-petromax-hk500\/\",\"url\":\"https:\/\/xstyle.md\/product\/chehol-dlja-fonarja-petromax-hk500\/\",\"name\":\"\u0427\u0435\u0445\u043e\u043b \u0434\u043b\u044f \u0444\u043e\u043d\u0430\u0440\u044f Petromax HK500 - \u041c\u0430\u0433\u0430\u0437\u0438\u043d Xstyle\",\"isPartOf\":{\"@id\":\"https:\/\/xstyle.md\/#website\"},\"primaryImageOfPage\":{\"@id\":\"https:\/\/xstyle.md\/product\/chehol-dlja-fonarja-petromax-hk500\/#primaryimage\"},\"image\":{\"@id\":\"https:\/\/xstyle.md\/product\/chehol-dlja-fonarja-petromax-hk500\/#primaryimage\"},\"thumbnailUrl\":\"https:\/\/xstyle.md\/wp-content\/uploads\/2021\/04\/chehol-dlja-fonarja-petromax-hk500.1.jpg\",\"datePublished\":\"2021-04-30T10:00:16+00:00\",\"dateModified\":\"2024-10-02T20:36:40+00:00\",\"description\":\"\u0427\u0435\u0445\u043e\u043b \u0434\u043b\u044f \u0444\u043e\u043d\u0430\u0440\u044f Petromax HK500 \u2014 \u0438\u0434\u0435\u0430\u043b\u044c\u043d\u044b\u0439 \u0437\u0430\u0449\u0438\u0442\u043d\u044b\u0439 \u0430\u043a\u0441\u0435\u0441\u0441\u0443\u0430\u0440 \u0438\u0437 \u043f\u0440\u043e\u0447\u043d\u043e\u0433\u043e \u0440\u0438\u043f\u0441\u0442\u043e\u043f\u0430. \u041e\u0431\u0435\u0441\u043f\u0435\u0447\u0438\u0432\u0430\u0435\u0442 \u043d\u0430\u0434\u0435\u0436\u043d\u043e\u0441\u0442\u044c \u0438 \u0431\u0435\u0437\u043e\u043f\u0430\u0441\u043d\u043e\u0441\u0442\u044c \u0432\u0430\u0448\u0435\u0433\u043e \u0444\u043e\u043d\u0430\u0440\u044f.\",\"breadcrumb\":{\"@id\":\"https:\/\/xstyle.md\/product\/chehol-dlja-fonarja-petromax-hk500\/#breadcrumb\"},\"inLanguage\":\"ro-RO\",\"potentialAction\":[{\"@type\":\"ReadAction\",\"target\":[\"https:\/\/xstyle.md\/product\/chehol-dlja-fonarja-petromax-hk500\/\"]}]},{\"@type\":\"ImageObject\",\"inLanguage\":\"ro-RO\",\"@id\":\"https:\/\/xstyle.md\/product\/chehol-dlja-fonarja-petromax-hk500\/#primaryimage\",\"url\":\"https:\/\/xstyle.md\/wp-content\/uploads\/2021\/04\/chehol-dlja-fonarja-petromax-hk500.1.jpg\",\"contentUrl\":\"https:\/\/xstyle.md\/wp-content\/uploads\/2021\/04\/chehol-dlja-fonarja-petromax-hk500.1.jpg\",\"width\":1072,\"height\":1600,\"caption\":\"\u0427\u0435\u0445\u043e\u043b \u0434\u043b\u044f \u0444\u043e\u043d\u0430\u0440\u044f Petromax HK500 \u0434\u043b\u044f \u0430\u043a\u0442\u0438\u0432\u043d\u043e\u0433\u043e \u043e\u0442\u0434\u044b\u0445\u0430 \u043f\u043e\u0445\u043e\u0434\u043e\u0432 \u0442\u0443\u0440\u0438\u0441\u0442\u0438\u0447\u0435\u0441\u043a\u0438\u0445 \u043f\u0443\u0442\u0435\u0448\u0435\u0441\u0442\u0432\u0438\u0439 \u043e\u0434\u0435\u0436\u0434\u044b \u043e\u0431\u0443\u0432\u0438 \u0434\u043b\u044f \u0445\u0430\u0439\u043a\u0438\u043d\u0433\u0430 \u0430\u043b\u044c\u043f\u0438\u043d\u0438\u0437\u043c\u0430 \u0438 \u0442\u0443\u0440\u0438\u0437\u043c\u0430\"},{\"@type\":\"BreadcrumbList\",\"@id\":\"https:\/\/xstyle.md\/product\/chehol-dlja-fonarja-petromax-hk500\/#breadcrumb\",\"itemListElement\":[{\"@type\":\"ListItem\",\"position\":1,\"name\":\"\u0413\u043b\u0430\u0432\u043d\u0430\u044f \u0441\u0442\u0440\u0430\u043d\u0438\u0446\u0430\",\"item\":\"https:\/\/xstyle.md\/\"},{\"@type\":\"ListItem\",\"position\":2,\"name\":\"\u041c\u0430\u0433\u0430\u0437\u0438\u043d\",\"item\":\"https:\/\/xstyle.md\/shop\/\"},{\"@type\":\"ListItem\",\"position\":3,\"name\":\"\u0427\u0435\u0445\u043e\u043b \u0434\u043b\u044f \u0444\u043e\u043d\u0430\u0440\u044f Petromax HK500\"}]},{\"@type\":\"WebSite\",\"@id\":\"https:\/\/xstyle.md\/#website\",\"url\":\"https:\/\/xstyle.md\/\",\"name\":\"\u041c\u0430\u0433\u0430\u0437\u0438\u043d Xstyle\",\"description\":\"C\u043d\u0430\u0440\u044f\u0436\u0435\u043d\u0438\u0435 \u0434\u043b\u044f \u0442\u0443\u0440\u0438\u0437\u043c\u0430 \u0438 \u044d\u043a\u0441\u0442\u0440\u0435\u043c\u0430\u043b\u044c\u043d\u044b\u0445 \u0432\u0438\u0434\u043e\u0432 \u0441\u043f\u043e\u0440\u0442\u0430 \u0432 \u041c\u043e\u043b\u0434\u043e\u0432\u0435.. \u0426\u0435\u043d\u044b, \u0444\u043e\u0442\u043e, \u0445\u0430\u0440\u0430\u043a\u0442\u0435\u0440\u0438\u0441\u0442\u0438\u043a\u0438 \u0432 \u041c\u043e\u043b\u0434\u043e\u0432\u0435.\",\"publisher\":{\"@id\":\"https:\/\/xstyle.md\/#organization\"},\"alternateName\":\"X-Style\",\"potentialAction\":[{\"@type\":\"SearchAction\",\"target\":{\"@type\":\"EntryPoint\",\"urlTemplate\":\"https:\/\/xstyle.md\/?s={search_term_string}\"},\"query-input\":{\"@type\":\"PropertyValueSpecification\",\"valueRequired\":true,\"valueName\":\"search_term_string\"}}],\"inLanguage\":\"ro-RO\"},{\"@type\":\"Organization\",\"@id\":\"https:\/\/xstyle.md\/#organization\",\"name\":\"\u041c\u0430\u0433\u0430\u0437\u0438\u043d Xstyle\",\"alternateName\":\"x-style\",\"url\":\"https:\/\/xstyle.md\/\",\"logo\":{\"@type\":\"ImageObject\",\"inLanguage\":\"ro-RO\",\"@id\":\"https:\/\/xstyle.md\/#\/schema\/logo\/image\/\",\"url\":\"https:\/\/xstyle.md\/wp-content\/uploads\/2020\/06\/logoicon.svg\",\"contentUrl\":\"https:\/\/xstyle.md\/wp-content\/uploads\/2020\/06\/logoicon.svg\",\"caption\":\"\u041c\u0430\u0433\u0430\u0437\u0438\u043d Xstyle\"},\"image\":{\"@id\":\"https:\/\/xstyle.md\/#\/schema\/logo\/image\/\"},\"sameAs\":[\"https:\/\/www.facebook.com\/xstylemd\",\"https:\/\/www.instagram.com\/xstyle_md\/\",\"https:\/\/t.me\/xstyle_outdoor\"],\"hasMerchantReturnPolicy\":{\"@type\":\"MerchantReturnPolicy\",\"merchantReturnLink\":\"https:\/\/xstyle.md\/ro\/conditions\/\"}}]}<\/script>\n<meta property=\"product:price:amount\" content=\"1090.00\" \/>\n<meta property=\"product:price:currency\" content=\"MDL\" \/>\n<meta property=\"og:availability\" content=\"instock\" \/>\n<meta property=\"product:availability\" content=\"instock\" \/>\n<meta property=\"product:retailer_item_id\" content=\"4250435710104\" \/>\n<meta property=\"product:condition\" content=\"new\" \/>\n<!-- \/ Yoast SEO plugin. -->","yoast_head_json":{"title":"Hus\u0103 pentru lantern\u0103 Petromax HK500 - Magazin Xstyle","description":"Husa pentru lanterna Petromax HK500 \u2014 accesoriul ideal de protec\u021bie din ripstop rezistent. Ofer\u0103 fiabilitate \u0219i siguran\u021b\u0103 pentru lanterna dumneavoastr\u0103.","robots":{"index":"index","follow":"follow","max-snippet":"max-snippet:-1","max-image-preview":"max-image-preview:large","max-video-preview":"max-video-preview:-1"},"canonical":"https:\/\/xstyle.md\/ro\/produs\/chehol-dlja-fonarja-petromax-hk500\/","og_locale":"ro_RO","og_type":"article","og_title":"\u0427\u0435\u0445\u043e\u043b \u0434\u043b\u044f \u0444\u043e\u043d\u0430\u0440\u044f Petromax HK500 - \u041c\u0430\u0433\u0430\u0437\u0438\u043d Xstyle","og_description":"\u0427\u0435\u0445\u043e\u043b \u0434\u043b\u044f \u0444\u043e\u043d\u0430\u0440\u044f Petromax HK500 \u2014 \u0438\u0434\u0435\u0430\u043b\u044c\u043d\u044b\u0439 \u0437\u0430\u0449\u0438\u0442\u043d\u044b\u0439 \u0430\u043a\u0441\u0435\u0441\u0441\u0443\u0430\u0440 \u0438\u0437 \u043f\u0440\u043e\u0447\u043d\u043e\u0433\u043e \u0440\u0438\u043f\u0441\u0442\u043e\u043f\u0430. \u041e\u0431\u0435\u0441\u043f\u0435\u0447\u0438\u0432\u0430\u0435\u0442 \u043d\u0430\u0434\u0435\u0436\u043d\u043e\u0441\u0442\u044c \u0438 \u0431\u0435\u0437\u043e\u043f\u0430\u0441\u043d\u043e\u0441\u0442\u044c \u0432\u0430\u0448\u0435\u0433\u043e \u0444\u043e\u043d\u0430\u0440\u044f.","og_url":"https:\/\/xstyle.md\/ro\/produs\/chehol-dlja-fonarja-petromax-hk500\/","og_site_name":"\u041c\u0430\u0433\u0430\u0437\u0438\u043d Xstyle","article_publisher":"https:\/\/www.facebook.com\/xstylemd","article_modified_time":"2024-10-02T20:36:40+00:00","og_image":[{"width":1072,"height":1600,"url":"https:\/\/xstyle.md\/wp-content\/uploads\/2021\/04\/chehol-dlja-fonarja-petromax-hk500.1.jpg","type":"image\/jpeg"}],"twitter_card":"summary_large_image","twitter_misc":{"Pre\u021b":"1.090&nbsp;MDL","Disponibilitate":"\u00cen stoc"},"schema":{"@context":"https:\/\/schema.org","@graph":[{"@type":"WebPage","@id":"https:\/\/xstyle.md\/product\/chehol-dlja-fonarja-petromax-hk500\/","url":"https:\/\/xstyle.md\/product\/chehol-dlja-fonarja-petromax-hk500\/","name":"Hus\u0103 pentru lantern\u0103 Petromax HK500 - Magazin Xstyle","isPartOf":{"@id":"https:\/\/xstyle.md\/#website"},"primaryImageOfPage":{"@id":"https:\/\/xstyle.md\/product\/chehol-dlja-fonarja-petromax-hk500\/#primaryimage"},"image":{"@id":"https:\/\/xstyle.md\/product\/chehol-dlja-fonarja-petromax-hk500\/#primaryimage"},"thumbnailUrl":"https:\/\/xstyle.md\/wp-content\/uploads\/2021\/04\/chehol-dlja-fonarja-petromax-hk500.1.jpg","datePublished":"2021-04-30T10:00:16+00:00","dateModified":"2024-10-02T20:36:40+00:00","description":"Husa pentru lanterna Petromax HK500 \u2014 accesoriul ideal de protec\u021bie din ripstop rezistent. Ofer\u0103 fiabilitate \u0219i siguran\u021b\u0103 pentru lanterna dumneavoastr\u0103.","breadcrumb":{"@id":"https:\/\/xstyle.md\/product\/chehol-dlja-fonarja-petromax-hk500\/#breadcrumb"},"inLanguage":"ro-RO","potentialAction":[{"@type":"ReadAction","target":["https:\/\/xstyle.md\/product\/chehol-dlja-fonarja-petromax-hk500\/"]}]},{"@type":"ImageObject","inLanguage":"ro-RO","@id":"https:\/\/xstyle.md\/product\/chehol-dlja-fonarja-petromax-hk500\/#primaryimage","url":"https:\/\/xstyle.md\/wp-content\/uploads\/2021\/04\/chehol-dlja-fonarja-petromax-hk500.1.jpg","contentUrl":"https:\/\/xstyle.md\/wp-content\/uploads\/2021\/04\/chehol-dlja-fonarja-petromax-hk500.1.jpg","width":1072,"height":1600,"caption":"\u0427\u0435\u0445\u043e\u043b \u0434\u043b\u044f \u0444\u043e\u043d\u0430\u0440\u044f Petromax HK500 \u0434\u043b\u044f \u0430\u043a\u0442\u0438\u0432\u043d\u043e\u0433\u043e \u043e\u0442\u0434\u044b\u0445\u0430 \u043f\u043e\u0445\u043e\u0434\u043e\u0432 \u0442\u0443\u0440\u0438\u0441\u0442\u0438\u0447\u0435\u0441\u043a\u0438\u0445 \u043f\u0443\u0442\u0435\u0448\u0435\u0441\u0442\u0432\u0438\u0439 \u043e\u0434\u0435\u0436\u0434\u044b \u043e\u0431\u0443\u0432\u0438 \u0434\u043b\u044f \u0445\u0430\u0439\u043a\u0438\u043d\u0433\u0430 \u0430\u043b\u044c\u043f\u0438\u043d\u0438\u0437\u043c\u0430 \u0438 \u0442\u0443\u0440\u0438\u0437\u043c\u0430"},{"@type":"BreadcrumbList","@id":"https:\/\/xstyle.md\/product\/chehol-dlja-fonarja-petromax-hk500\/#breadcrumb","itemListElement":[{"@type":"ListItem","position":1,"name":"\u0413\u043b\u0430\u0432\u043d\u0430\u044f \u0441\u0442\u0440\u0430\u043d\u0438\u0446\u0430","item":"https:\/\/xstyle.md\/"},{"@type":"ListItem","position":2,"name":"\u041c\u0430\u0433\u0430\u0437\u0438\u043d","item":"https:\/\/xstyle.md\/shop\/"},{"@type":"ListItem","position":3,"name":"\u0427\u0435\u0445\u043e\u043b \u0434\u043b\u044f \u0444\u043e\u043d\u0430\u0440\u044f Petromax HK500"}]},{"@type":"WebSite","@id":"https:\/\/xstyle.md\/#website","url":"https:\/\/xstyle.md\/","name":"Magazinul X-Style","description":"Echipamente pentru turism \u0219i sporturi extreme \u00een Moldova. Pre\u021buri, fotografii, caracteristici \u00een Moldova.","publisher":{"@id":"https:\/\/xstyle.md\/#organization"},"alternateName":"X-Style","potentialAction":[{"@type":"SearchAction","target":{"@type":"EntryPoint","urlTemplate":"https:\/\/xstyle.md\/?s={search_term_string}"},"query-input":{"@type":"PropertyValueSpecification","valueRequired":true,"valueName":"search_term_string"}}],"inLanguage":"ro-RO"},{"@type":"Organization","@id":"https:\/\/xstyle.md\/#organization","name":"Magazinul X-Style","alternateName":"x-style","url":"https:\/\/xstyle.md\/","logo":{"@type":"ImageObject","inLanguage":"ro-RO","@id":"https:\/\/xstyle.md\/#\/schema\/logo\/image\/","url":"https:\/\/xstyle.md\/wp-content\/uploads\/2020\/06\/logoicon.svg","contentUrl":"https:\/\/xstyle.md\/wp-content\/uploads\/2020\/06\/logoicon.svg","caption":"\u041c\u0430\u0433\u0430\u0437\u0438\u043d Xstyle"},"image":{"@id":"https:\/\/xstyle.md\/#\/schema\/logo\/image\/"},"sameAs":["https:\/\/www.facebook.com\/xstylemd","https:\/\/www.instagram.com\/xstyle_md\/","https:\/\/t.me\/xstyle_outdoor"],"hasMerchantReturnPolicy":{"@type":"MerchantReturnPolicy","merchantReturnLink":"https:\/\/xstyle.md\/ro\/conditions\/"}}]},"product_price_amount":"1090.00","product_price_currency":"MDL","og_availability":"instock","product_availability":"instock","product_retailer_item_id":"4250435710104","product_condition":"new"},"post_mailing_queue_ids":[],"_links":{"self":[{"href":"https:\/\/xstyle.md\/ro\/wp-json\/wp\/v2\/product\/33028","targetHints":{"allow":["GET"]}}],"collection":[{"href":"https:\/\/xstyle.md\/ro\/wp-json\/wp\/v2\/product"}],"about":[{"href":"https:\/\/xstyle.md\/ro\/wp-json\/wp\/v2\/types\/product"}],"replies":[{"embeddable":true,"href":"https:\/\/xstyle.md\/ro\/wp-json\/wp\/v2\/comments?post=33028"}],"wp:featuredmedia":[{"embeddable":true,"href":"https:\/\/xstyle.md\/ro\/wp-json\/wp\/v2\/media\/34312"}],"wp:attachment":[{"href":"https:\/\/xstyle.md\/ro\/wp-json\/wp\/v2\/media?parent=33028"}],"wp:term":[{"taxonomy":"product_brand","embeddable":true,"href":"https:\/\/xstyle.md\/ro\/wp-json\/wp\/v2\/product_brand?post=33028"},{"taxonomy":"product_cat","embeddable":true,"href":"https:\/\/xstyle.md\/ro\/wp-json\/wp\/v2\/product_cat?post=33028"},{"taxonomy":"product_tag","embeddable":true,"href":"https:\/\/xstyle.md\/ro\/wp-json\/wp\/v2\/product_tag?post=33028"}],"curies":[{"name":"wp","href":"https:\/\/api.w.org\/{rel}","templated":true}]}}