{"id":33026,"date":"2021-04-30T13:00:16","date_gmt":"2021-04-30T10:00:16","guid":{"rendered":"https:\/\/xstyle.md\/?post_type=product&#038;p=33026"},"modified":"2026-03-19T16:44:29","modified_gmt":"2026-03-19T13:44:29","slug":"gril-dlja-barbekju-petromax-fire-barbecue-grill-tg3","status":"publish","type":"product","link":"https:\/\/xstyle.md\/ro\/produs\/gril-dlja-barbekju-petromax-fire-barbecue-grill-tg3\/","title":{"rendered":"Gr\u0103tar BBQ Petromax Fire Barbecue Grill tg3"},"content":{"rendered":"<\/p>\n<p><strong>Petromax Fire Barbecue Grill tg3<\/strong> &#8212; grila de gr\u0103tar reglabil\u0103 pe \u00een\u0103l\u021bime, regulatorul de aer mare \u0219i m\u00e2nerul \u00eel fac nu numai un gr\u0103tar atractiv, ci \u0219i zona de g\u0103tit perfect\u0103 pentru cuptoarele olandeze Petromax.<\/p>\n<p>Efectul natural antiaderent al gr\u0103tarului din font\u0103 este un avantaj decisiv, deoarece acesta este \u00eentotdeauna fierbinte atunci c\u00e2nd g\u0103ti\u021bi pe gr\u0103tar. Gr\u0103tarul pentru BBQ poate fi combinat cu un cuptor olandez, iar g\u0103titul va fi deosebit de eficient din punct de vedere energetic datorit\u0103 capacit\u0103\u021bii excelente de stocare a c\u0103ldurii.<\/p>\n<p>Datorit\u0103 suprafe\u021bei pretratate, pute\u021bi utiliza gr\u0103tarul imediat, f\u0103r\u0103 a fi nevoie de o prelucrare prealabil\u0103. C\u00e2rna\u021bii, carnea \u0219i legumele nu se lipesc de vasele de g\u0103tit, iar efectul anti-adeziv este \u00eembun\u0103t\u0103\u021bit cu fiecare utilizare.<\/p>\n<p>Gr\u0103tarul reglabil pe \u00een\u0103l\u021bime are dou\u0103 niveluri, astfel \u00eenc\u00e2t distan\u021ba dintre alimentele la gr\u0103tar \u0219i brichetele sau c\u0103rbunele de lemn poate fi reglat\u0103 dup\u0103 cum se dore\u0219te. U\u0219a deta\u0219abil\u0103 cu balamale, care poate fi deschis\u0103 \u00een diferite unghiuri, faciliteaz\u0103 \u00eenc\u0103rcarea mai multor brichete \u0219i c\u0103rbuni, chiar \u0219i \u00een timpul pregatirii mancarii, f\u0103r\u0103 a scoate grila. De asemenea, pute\u021bi muta individual butonul mare de aer pentru a accelera \u00eenc\u0103lzirea sau pentru a regla \u00eenc\u0103lzirea dup\u0103 cum dori\u021bi.<\/p>\n<h3>Marca<\/h3>\n<p>Petromax &#8212; cel mai important produc\u0103tor german de echipamente de g\u0103tit \u0219i de amenajare \u00een aer liber, iar gama sa coordonat\u0103 de produse combin\u0103 tradi\u021bia \u0219i inova\u021bia \u00eentr-un mod unic. Toate produsele Petromax sunt de cea mai bun\u0103 calitate, durabile, bine g\u00e2ndite \u00een detaliu \u0219i concepute pentru to\u021bi cei care doresc s\u0103 compenseze rutina lor \u00een aer liber \u0219i, prin urmare, s\u0103 campeze \u00een aer liber. Lumea produselor Petromax se concentreaz\u0103 pe explorarea naturii neatinse folosind echipamente tradi\u021bionale, dar bine concepute.<\/p>\n<p><\/p>","protected":false},"excerpt":{"rendered":"<p>Gr\u0103tar BBQ Petromax Fire Barbecue Grill tg3<\/p>","protected":false},"featured_media":34354,"comment_status":"open","ping_status":"closed","template":"","meta":{"_acf_changed":false,"inline_featured_image":false},"product_brand":[1420],"product_cat":[896],"product_tag":[],"class_list":{"0":"post-33026","1":"product","2":"type-product","3":"status-publish","4":"has-post-thumbnail","6":"product_brand-petromax","7":"product_cat-mangal","9":"first","10":"instock","11":"shipping-taxable","12":"purchasable","13":"product-type-simple"},"acf":[],"yoast_head":"<!-- This site is optimized with the Yoast SEO plugin v27.2 - https:\/\/yoast.com\/product\/yoast-seo-wordpress\/ -->\n<title>\u0413\u0440\u0438\u043b\u044c \u0434\u043b\u044f \u0431\u0430\u0440\u0431\u0435\u043a\u044e Petromax Fire Barbecue Grill tg3 - \u041c\u0430\u0433\u0430\u0437\u0438\u043d Xstyle<\/title>\n<meta name=\"description\" content=\"\u0413\u0440\u0438\u043b\u044c \u0434\u043b\u044f \u0431\u0430\u0440\u0431\u0435\u043a\u044e Petromax Fire Barbecue Grill tg3 \u2013 \u0438\u0434\u0435\u0430\u043b\u044c\u043d\u044b\u0439 \u0432\u044b\u0431\u043e\u0440 \u0434\u043b\u044f \u043b\u044e\u0431\u0438\u0442\u0435\u043b\u0435\u0439 outdoor cooking. \u0420\u0435\u0433\u0443\u043b\u0438\u0440\u0443\u0435\u043c\u0430\u044f \u0432\u044b\u0441\u043e\u0442\u0430 \u0438 \u0430\u043d\u0442\u0438\u043f\u0440\u0438\u0433\u0430\u0440\u043d\u043e\u0435 \u043f\u043e\u043a\u0440\u044b\u0442\u0438\u0435 \u0434\u043b\u044f \u043a\u043e\u043c\u0444\u043e\u0440\u0442\u043d\u043e\u0433\u043e \u0433\u043e\u0442\u043e\u0432\u043a\u0438.\" \/>\n<meta name=\"robots\" content=\"index, follow, max-snippet:-1, max-image-preview:large, max-video-preview:-1\" \/>\n<link rel=\"canonical\" href=\"https:\/\/xstyle.md\/ro\/produs\/gril-dlja-barbekju-petromax-fire-barbecue-grill-tg3\/\" \/>\n<meta property=\"og:locale\" content=\"ro_RO\" \/>\n<meta property=\"og:type\" content=\"article\" \/>\n<meta property=\"og:title\" content=\"\u0413\u0440\u0438\u043b\u044c \u0434\u043b\u044f \u0431\u0430\u0440\u0431\u0435\u043a\u044e Petromax Fire Barbecue Grill tg3 - \u041c\u0430\u0433\u0430\u0437\u0438\u043d Xstyle\" \/>\n<meta property=\"og:description\" content=\"\u0413\u0440\u0438\u043b\u044c \u0434\u043b\u044f \u0431\u0430\u0440\u0431\u0435\u043a\u044e Petromax Fire Barbecue Grill tg3 \u2013 \u0438\u0434\u0435\u0430\u043b\u044c\u043d\u044b\u0439 \u0432\u044b\u0431\u043e\u0440 \u0434\u043b\u044f \u043b\u044e\u0431\u0438\u0442\u0435\u043b\u0435\u0439 outdoor cooking. \u0420\u0435\u0433\u0443\u043b\u0438\u0440\u0443\u0435\u043c\u0430\u044f \u0432\u044b\u0441\u043e\u0442\u0430 \u0438 \u0430\u043d\u0442\u0438\u043f\u0440\u0438\u0433\u0430\u0440\u043d\u043e\u0435 \u043f\u043e\u043a\u0440\u044b\u0442\u0438\u0435 \u0434\u043b\u044f \u043a\u043e\u043c\u0444\u043e\u0440\u0442\u043d\u043e\u0433\u043e \u0433\u043e\u0442\u043e\u0432\u043a\u0438.\" \/>\n<meta property=\"og:url\" content=\"https:\/\/xstyle.md\/ro\/produs\/gril-dlja-barbekju-petromax-fire-barbecue-grill-tg3\/\" \/>\n<meta property=\"og:site_name\" content=\"\u041c\u0430\u0433\u0430\u0437\u0438\u043d Xstyle\" \/>\n<meta property=\"article:publisher\" content=\"https:\/\/www.facebook.com\/xstylemd\" \/>\n<meta property=\"article:modified_time\" content=\"2026-03-19T13:44:29+00:00\" \/>\n<meta property=\"og:image\" content=\"https:\/\/xstyle.md\/wp-content\/uploads\/2021\/04\/gril-dlja-barbekju-petromax-fire-barbecue-grill-tg3.jpg\" \/>\n\t<meta property=\"og:image:width\" content=\"650\" \/>\n\t<meta property=\"og:image:height\" content=\"548\" \/>\n\t<meta property=\"og:image:type\" content=\"image\/jpeg\" \/>\n<meta name=\"twitter:card\" content=\"summary_large_image\" \/>\n<meta name=\"twitter:label1\" content=\"Pre\u021b\" \/>\n\t<meta name=\"twitter:data1\" content=\"4.390&nbsp;MDL\" \/>\n\t<meta name=\"twitter:label2\" content=\"Disponibilitate\" \/>\n\t<meta name=\"twitter:data2\" content=\"\u00cen stoc\" \/>\n<script type=\"application\/ld+json\" class=\"yoast-schema-graph\">{\"@context\":\"https:\/\/schema.org\",\"@graph\":[{\"@type\":\"WebPage\",\"@id\":\"https:\/\/xstyle.md\/product\/gril-dlja-barbekju-petromax-fire-barbecue-grill-tg3\/\",\"url\":\"https:\/\/xstyle.md\/product\/gril-dlja-barbekju-petromax-fire-barbecue-grill-tg3\/\",\"name\":\"\u0413\u0440\u0438\u043b\u044c \u0434\u043b\u044f \u0431\u0430\u0440\u0431\u0435\u043a\u044e Petromax Fire Barbecue Grill tg3 - \u041c\u0430\u0433\u0430\u0437\u0438\u043d Xstyle\",\"isPartOf\":{\"@id\":\"https:\/\/xstyle.md\/#website\"},\"primaryImageOfPage\":{\"@id\":\"https:\/\/xstyle.md\/product\/gril-dlja-barbekju-petromax-fire-barbecue-grill-tg3\/#primaryimage\"},\"image\":{\"@id\":\"https:\/\/xstyle.md\/product\/gril-dlja-barbekju-petromax-fire-barbecue-grill-tg3\/#primaryimage\"},\"thumbnailUrl\":\"https:\/\/xstyle.md\/wp-content\/uploads\/2021\/04\/gril-dlja-barbekju-petromax-fire-barbecue-grill-tg3.jpg\",\"datePublished\":\"2021-04-30T10:00:16+00:00\",\"dateModified\":\"2026-03-19T13:44:29+00:00\",\"description\":\"\u0413\u0440\u0438\u043b\u044c \u0434\u043b\u044f \u0431\u0430\u0440\u0431\u0435\u043a\u044e Petromax Fire Barbecue Grill tg3 \u2013 \u0438\u0434\u0435\u0430\u043b\u044c\u043d\u044b\u0439 \u0432\u044b\u0431\u043e\u0440 \u0434\u043b\u044f \u043b\u044e\u0431\u0438\u0442\u0435\u043b\u0435\u0439 outdoor cooking. \u0420\u0435\u0433\u0443\u043b\u0438\u0440\u0443\u0435\u043c\u0430\u044f \u0432\u044b\u0441\u043e\u0442\u0430 \u0438 \u0430\u043d\u0442\u0438\u043f\u0440\u0438\u0433\u0430\u0440\u043d\u043e\u0435 \u043f\u043e\u043a\u0440\u044b\u0442\u0438\u0435 \u0434\u043b\u044f \u043a\u043e\u043c\u0444\u043e\u0440\u0442\u043d\u043e\u0433\u043e \u0433\u043e\u0442\u043e\u0432\u043a\u0438.\",\"breadcrumb\":{\"@id\":\"https:\/\/xstyle.md\/product\/gril-dlja-barbekju-petromax-fire-barbecue-grill-tg3\/#breadcrumb\"},\"inLanguage\":\"ro-RO\",\"potentialAction\":[{\"@type\":\"ReadAction\",\"target\":[\"https:\/\/xstyle.md\/product\/gril-dlja-barbekju-petromax-fire-barbecue-grill-tg3\/\"]}]},{\"@type\":\"ImageObject\",\"inLanguage\":\"ro-RO\",\"@id\":\"https:\/\/xstyle.md\/product\/gril-dlja-barbekju-petromax-fire-barbecue-grill-tg3\/#primaryimage\",\"url\":\"https:\/\/xstyle.md\/wp-content\/uploads\/2021\/04\/gril-dlja-barbekju-petromax-fire-barbecue-grill-tg3.jpg\",\"contentUrl\":\"https:\/\/xstyle.md\/wp-content\/uploads\/2021\/04\/gril-dlja-barbekju-petromax-fire-barbecue-grill-tg3.jpg\",\"width\":650,\"height\":548,\"caption\":\"\u0413\u0440\u0438\u043b\u044c \u0434\u043b\u044f \u0431\u0430\u0440\u0431\u0435\u043a\u044e Petromax Fire Barbecue Grill \u0434\u043b\u044f \u0430\u043a\u0442\u0438\u0432\u043d\u043e\u0433\u043e \u043e\u0442\u0434\u044b\u0445\u0430 \u0438 \u043f\u0443\u0442\u0435\u0448\u0435\u0441\u0442\u0432\u0438\u0439, \u043f\u043e\u043a\u0443\u043f\u043a\u0430 \u043e\u0434\u0435\u0436\u0434\u044b \u0438 \u043e\u0431\u0443\u0432\u0438 \u0434\u043b\u044f \u043f\u043e\u0445\u043e\u0434\u043e\u0432, \u0445\u0430\u0439\u043a\u0438\u043d\u0433\u0430 \u0438 \u0430\u043b\u044c\u043f\u0438\u043d\u0438\u0437\u043c\u0430\"},{\"@type\":\"BreadcrumbList\",\"@id\":\"https:\/\/xstyle.md\/product\/gril-dlja-barbekju-petromax-fire-barbecue-grill-tg3\/#breadcrumb\",\"itemListElement\":[{\"@type\":\"ListItem\",\"position\":1,\"name\":\"\u0413\u043b\u0430\u0432\u043d\u0430\u044f \u0441\u0442\u0440\u0430\u043d\u0438\u0446\u0430\",\"item\":\"https:\/\/xstyle.md\/\"},{\"@type\":\"ListItem\",\"position\":2,\"name\":\"\u041c\u0430\u0433\u0430\u0437\u0438\u043d\",\"item\":\"https:\/\/xstyle.md\/shop\/\"},{\"@type\":\"ListItem\",\"position\":3,\"name\":\"\u0413\u0440\u0438\u043b\u044c \u0434\u043b\u044f \u0431\u0430\u0440\u0431\u0435\u043a\u044e Petromax Fire Barbecue Grill tg3\"}]},{\"@type\":\"WebSite\",\"@id\":\"https:\/\/xstyle.md\/#website\",\"url\":\"https:\/\/xstyle.md\/\",\"name\":\"\u041c\u0430\u0433\u0430\u0437\u0438\u043d Xstyle\",\"description\":\"C\u043d\u0430\u0440\u044f\u0436\u0435\u043d\u0438\u0435 \u0434\u043b\u044f \u0442\u0443\u0440\u0438\u0437\u043c\u0430 \u0438 \u044d\u043a\u0441\u0442\u0440\u0435\u043c\u0430\u043b\u044c\u043d\u044b\u0445 \u0432\u0438\u0434\u043e\u0432 \u0441\u043f\u043e\u0440\u0442\u0430 \u0432 \u041c\u043e\u043b\u0434\u043e\u0432\u0435.. \u0426\u0435\u043d\u044b, \u0444\u043e\u0442\u043e, \u0445\u0430\u0440\u0430\u043a\u0442\u0435\u0440\u0438\u0441\u0442\u0438\u043a\u0438 \u0432 \u041c\u043e\u043b\u0434\u043e\u0432\u0435.\",\"publisher\":{\"@id\":\"https:\/\/xstyle.md\/#organization\"},\"alternateName\":\"X-Style\",\"potentialAction\":[{\"@type\":\"SearchAction\",\"target\":{\"@type\":\"EntryPoint\",\"urlTemplate\":\"https:\/\/xstyle.md\/?s={search_term_string}\"},\"query-input\":{\"@type\":\"PropertyValueSpecification\",\"valueRequired\":true,\"valueName\":\"search_term_string\"}}],\"inLanguage\":\"ro-RO\"},{\"@type\":\"Organization\",\"@id\":\"https:\/\/xstyle.md\/#organization\",\"name\":\"\u041c\u0430\u0433\u0430\u0437\u0438\u043d Xstyle\",\"alternateName\":\"x-style\",\"url\":\"https:\/\/xstyle.md\/\",\"logo\":{\"@type\":\"ImageObject\",\"inLanguage\":\"ro-RO\",\"@id\":\"https:\/\/xstyle.md\/#\/schema\/logo\/image\/\",\"url\":\"https:\/\/xstyle.md\/wp-content\/uploads\/2020\/06\/logoicon.svg\",\"contentUrl\":\"https:\/\/xstyle.md\/wp-content\/uploads\/2020\/06\/logoicon.svg\",\"caption\":\"\u041c\u0430\u0433\u0430\u0437\u0438\u043d Xstyle\"},\"image\":{\"@id\":\"https:\/\/xstyle.md\/#\/schema\/logo\/image\/\"},\"sameAs\":[\"https:\/\/www.facebook.com\/xstylemd\",\"https:\/\/www.instagram.com\/xstyle_md\/\",\"https:\/\/t.me\/xstyle_outdoor\"],\"hasMerchantReturnPolicy\":{\"@type\":\"MerchantReturnPolicy\",\"merchantReturnLink\":\"https:\/\/xstyle.md\/ro\/conditions\/\"}}]}<\/script>\n<meta property=\"product:price:amount\" content=\"4390.00\" \/>\n<meta property=\"product:price:currency\" content=\"MDL\" \/>\n<meta property=\"og:availability\" content=\"instock\" \/>\n<meta property=\"product:availability\" content=\"instock\" \/>\n<meta property=\"product:retailer_item_id\" content=\"4250435707104\" \/>\n<meta property=\"product:condition\" content=\"new\" \/>\n<!-- \/ Yoast SEO plugin. -->","yoast_head_json":{"title":"Gr\u0103tar BBQ Petromax Fire Barbecue Grill tg3 - Magazin Xstyle","description":"Gr\u0103tar pentru barbecue Petromax Fire Barbecue Grill tg3 \u2013 alegerea ideal\u0103 pentru iubitorii de g\u0103tit \u00een aer liber. \u00cen\u0103l\u021bime reglatorie \u0219i acoperire antiaderent\u0103 pentru o g\u0103tire confortabil\u0103.","robots":{"index":"index","follow":"follow","max-snippet":"max-snippet:-1","max-image-preview":"max-image-preview:large","max-video-preview":"max-video-preview:-1"},"canonical":"https:\/\/xstyle.md\/ro\/produs\/gril-dlja-barbekju-petromax-fire-barbecue-grill-tg3\/","og_locale":"ro_RO","og_type":"article","og_title":"\u0413\u0440\u0438\u043b\u044c \u0434\u043b\u044f \u0431\u0430\u0440\u0431\u0435\u043a\u044e Petromax Fire Barbecue Grill tg3 - \u041c\u0430\u0433\u0430\u0437\u0438\u043d Xstyle","og_description":"\u0413\u0440\u0438\u043b\u044c \u0434\u043b\u044f \u0431\u0430\u0440\u0431\u0435\u043a\u044e Petromax Fire Barbecue Grill tg3 \u2013 \u0438\u0434\u0435\u0430\u043b\u044c\u043d\u044b\u0439 \u0432\u044b\u0431\u043e\u0440 \u0434\u043b\u044f \u043b\u044e\u0431\u0438\u0442\u0435\u043b\u0435\u0439 outdoor cooking. \u0420\u0435\u0433\u0443\u043b\u0438\u0440\u0443\u0435\u043c\u0430\u044f \u0432\u044b\u0441\u043e\u0442\u0430 \u0438 \u0430\u043d\u0442\u0438\u043f\u0440\u0438\u0433\u0430\u0440\u043d\u043e\u0435 \u043f\u043e\u043a\u0440\u044b\u0442\u0438\u0435 \u0434\u043b\u044f \u043a\u043e\u043c\u0444\u043e\u0440\u0442\u043d\u043e\u0433\u043e \u0433\u043e\u0442\u043e\u0432\u043a\u0438.","og_url":"https:\/\/xstyle.md\/ro\/produs\/gril-dlja-barbekju-petromax-fire-barbecue-grill-tg3\/","og_site_name":"\u041c\u0430\u0433\u0430\u0437\u0438\u043d Xstyle","article_publisher":"https:\/\/www.facebook.com\/xstylemd","article_modified_time":"2026-03-19T13:44:29+00:00","og_image":[{"width":650,"height":548,"url":"https:\/\/xstyle.md\/wp-content\/uploads\/2021\/04\/gril-dlja-barbekju-petromax-fire-barbecue-grill-tg3.jpg","type":"image\/jpeg"}],"twitter_card":"summary_large_image","twitter_misc":{"Pre\u021b":"4.390&nbsp;MDL","Disponibilitate":"\u00cen stoc"},"schema":{"@context":"https:\/\/schema.org","@graph":[{"@type":"WebPage","@id":"https:\/\/xstyle.md\/product\/gril-dlja-barbekju-petromax-fire-barbecue-grill-tg3\/","url":"https:\/\/xstyle.md\/product\/gril-dlja-barbekju-petromax-fire-barbecue-grill-tg3\/","name":"Gr\u0103tar BBQ Petromax Fire Barbecue Grill tg3 - Magazin Xstyle","isPartOf":{"@id":"https:\/\/xstyle.md\/#website"},"primaryImageOfPage":{"@id":"https:\/\/xstyle.md\/product\/gril-dlja-barbekju-petromax-fire-barbecue-grill-tg3\/#primaryimage"},"image":{"@id":"https:\/\/xstyle.md\/product\/gril-dlja-barbekju-petromax-fire-barbecue-grill-tg3\/#primaryimage"},"thumbnailUrl":"https:\/\/xstyle.md\/wp-content\/uploads\/2021\/04\/gril-dlja-barbekju-petromax-fire-barbecue-grill-tg3.jpg","datePublished":"2021-04-30T10:00:16+00:00","dateModified":"2026-03-19T13:44:29+00:00","description":"Gr\u0103tar pentru barbecue Petromax Fire Barbecue Grill tg3 \u2013 alegerea ideal\u0103 pentru iubitorii de g\u0103tit \u00een aer liber. \u00cen\u0103l\u021bime reglatorie \u0219i acoperire antiaderent\u0103 pentru o g\u0103tire confortabil\u0103.","breadcrumb":{"@id":"https:\/\/xstyle.md\/product\/gril-dlja-barbekju-petromax-fire-barbecue-grill-tg3\/#breadcrumb"},"inLanguage":"ro-RO","potentialAction":[{"@type":"ReadAction","target":["https:\/\/xstyle.md\/product\/gril-dlja-barbekju-petromax-fire-barbecue-grill-tg3\/"]}]},{"@type":"ImageObject","inLanguage":"ro-RO","@id":"https:\/\/xstyle.md\/product\/gril-dlja-barbekju-petromax-fire-barbecue-grill-tg3\/#primaryimage","url":"https:\/\/xstyle.md\/wp-content\/uploads\/2021\/04\/gril-dlja-barbekju-petromax-fire-barbecue-grill-tg3.jpg","contentUrl":"https:\/\/xstyle.md\/wp-content\/uploads\/2021\/04\/gril-dlja-barbekju-petromax-fire-barbecue-grill-tg3.jpg","width":650,"height":548,"caption":"\u0413\u0440\u0438\u043b\u044c \u0434\u043b\u044f \u0431\u0430\u0440\u0431\u0435\u043a\u044e Petromax Fire Barbecue Grill \u0434\u043b\u044f \u0430\u043a\u0442\u0438\u0432\u043d\u043e\u0433\u043e \u043e\u0442\u0434\u044b\u0445\u0430 \u0438 \u043f\u0443\u0442\u0435\u0448\u0435\u0441\u0442\u0432\u0438\u0439, \u043f\u043e\u043a\u0443\u043f\u043a\u0430 \u043e\u0434\u0435\u0436\u0434\u044b \u0438 \u043e\u0431\u0443\u0432\u0438 \u0434\u043b\u044f \u043f\u043e\u0445\u043e\u0434\u043e\u0432, \u0445\u0430\u0439\u043a\u0438\u043d\u0433\u0430 \u0438 \u0430\u043b\u044c\u043f\u0438\u043d\u0438\u0437\u043c\u0430"},{"@type":"BreadcrumbList","@id":"https:\/\/xstyle.md\/product\/gril-dlja-barbekju-petromax-fire-barbecue-grill-tg3\/#breadcrumb","itemListElement":[{"@type":"ListItem","position":1,"name":"\u0413\u043b\u0430\u0432\u043d\u0430\u044f \u0441\u0442\u0440\u0430\u043d\u0438\u0446\u0430","item":"https:\/\/xstyle.md\/"},{"@type":"ListItem","position":2,"name":"\u041c\u0430\u0433\u0430\u0437\u0438\u043d","item":"https:\/\/xstyle.md\/shop\/"},{"@type":"ListItem","position":3,"name":"\u0413\u0440\u0438\u043b\u044c \u0434\u043b\u044f \u0431\u0430\u0440\u0431\u0435\u043a\u044e Petromax Fire Barbecue Grill tg3"}]},{"@type":"WebSite","@id":"https:\/\/xstyle.md\/#website","url":"https:\/\/xstyle.md\/","name":"Magazinul X-Style","description":"Echipamente pentru turism \u0219i sporturi extreme \u00een Moldova. Pre\u021buri, fotografii, caracteristici \u00een Moldova.","publisher":{"@id":"https:\/\/xstyle.md\/#organization"},"alternateName":"X-Style","potentialAction":[{"@type":"SearchAction","target":{"@type":"EntryPoint","urlTemplate":"https:\/\/xstyle.md\/?s={search_term_string}"},"query-input":{"@type":"PropertyValueSpecification","valueRequired":true,"valueName":"search_term_string"}}],"inLanguage":"ro-RO"},{"@type":"Organization","@id":"https:\/\/xstyle.md\/#organization","name":"Magazinul X-Style","alternateName":"x-style","url":"https:\/\/xstyle.md\/","logo":{"@type":"ImageObject","inLanguage":"ro-RO","@id":"https:\/\/xstyle.md\/#\/schema\/logo\/image\/","url":"https:\/\/xstyle.md\/wp-content\/uploads\/2020\/06\/logoicon.svg","contentUrl":"https:\/\/xstyle.md\/wp-content\/uploads\/2020\/06\/logoicon.svg","caption":"\u041c\u0430\u0433\u0430\u0437\u0438\u043d Xstyle"},"image":{"@id":"https:\/\/xstyle.md\/#\/schema\/logo\/image\/"},"sameAs":["https:\/\/www.facebook.com\/xstylemd","https:\/\/www.instagram.com\/xstyle_md\/","https:\/\/t.me\/xstyle_outdoor"],"hasMerchantReturnPolicy":{"@type":"MerchantReturnPolicy","merchantReturnLink":"https:\/\/xstyle.md\/ro\/conditions\/"}}]},"product_price_amount":"4390.00","product_price_currency":"MDL","og_availability":"instock","product_availability":"instock","product_retailer_item_id":"4250435707104","product_condition":"new"},"post_mailing_queue_ids":[],"_links":{"self":[{"href":"https:\/\/xstyle.md\/ro\/wp-json\/wp\/v2\/product\/33026","targetHints":{"allow":["GET"]}}],"collection":[{"href":"https:\/\/xstyle.md\/ro\/wp-json\/wp\/v2\/product"}],"about":[{"href":"https:\/\/xstyle.md\/ro\/wp-json\/wp\/v2\/types\/product"}],"replies":[{"embeddable":true,"href":"https:\/\/xstyle.md\/ro\/wp-json\/wp\/v2\/comments?post=33026"}],"wp:featuredmedia":[{"embeddable":true,"href":"https:\/\/xstyle.md\/ro\/wp-json\/wp\/v2\/media\/34354"}],"wp:attachment":[{"href":"https:\/\/xstyle.md\/ro\/wp-json\/wp\/v2\/media?parent=33026"}],"wp:term":[{"taxonomy":"product_brand","embeddable":true,"href":"https:\/\/xstyle.md\/ro\/wp-json\/wp\/v2\/product_brand?post=33026"},{"taxonomy":"product_cat","embeddable":true,"href":"https:\/\/xstyle.md\/ro\/wp-json\/wp\/v2\/product_cat?post=33026"},{"taxonomy":"product_tag","embeddable":true,"href":"https:\/\/xstyle.md\/ro\/wp-json\/wp\/v2\/product_tag?post=33026"}],"curies":[{"name":"wp","href":"https:\/\/api.w.org\/{rel}","templated":true}]}}