{"id":33023,"date":"2021-04-30T13:00:15","date_gmt":"2021-04-30T10:00:15","guid":{"rendered":"https:\/\/xstyle.md\/?post_type=product&#038;p=33023"},"modified":"2026-02-12T20:07:08","modified_gmt":"2026-02-12T17:07:08","slug":"fitil-petromax-flat-wick-12-cm-for-feuerhand-276-5-pcs","status":"publish","type":"product","link":"https:\/\/xstyle.md\/ro\/produs\/fitil-petromax-flat-wick-12-cm-for-feuerhand-276-5-pcs\/","title":{"rendered":"Fitil Petromax Flat Wick 12 cm for Feuerhand 276 (5 pcs)"},"content":{"rendered":"<\/p>\n<p>Fitil <strong>Petromax Flat Wick 12 cm\u00a0<\/strong>potrivit pentru l\u0103mpile Feuerhand 276 \u0219i chiar pentru toate l\u0103mpile de parafin\u0103 \u0219i lanternele cu ulei, cu o dimensiune a fitilului de 12 cm.<\/p>\n<p>Fitilurile plate sunt fabricate din bumbac natural \u0219i asigur\u0103 o flac\u0103r\u0103 fiabil\u0103 pentru lanterna dvs. Datorit\u0103 dimensiunii perfecte, fiecare fitil este gata de utilizare imediat \u0219i permite lanternei s\u0103 str\u0103luceasc\u0103 puternic. Uleiul de lamp\u0103 Feuerhand \u00eembun\u0103t\u0103\u021be\u0219te arderea f\u0103r\u0103 miros, cu pu\u021bin\u0103 funingine, ceea ce duce la o durat\u0103 de ardere optim\u0103 la fiecare turnare \u0219i la o durat\u0103 de via\u021b\u0103 mai lung\u0103 a fitilului. Astfel, v\u0103 pute\u021bi relaxa \u00een gr\u0103din\u0103 sau pe teras\u0103 \u00eentr-o atmosfer\u0103 confortabil\u0103 \u0219i luminoas\u0103 de acas\u0103.<\/p>\n<h3>Marca<\/h3>\n<p>Petromax este unul dintre cei mai importan\u021bi produc\u0103tori germani de echipamente de g\u0103tit \u0219i de locuit \u00een aer liber, iar gama sa de produse coordonate combin\u0103 \u00een mod unic tradi\u021bia \u0219i inova\u021bia. Toate produsele Petromax se caracterizeaz\u0103 prin calitate superioar\u0103, durabilitate, detalii bine g\u00e2ndite \u0219i sunt concepute pentru to\u021bi cei care caut\u0103 compensa\u021bii pentru rutina lor \u00een aer liber \u0219i, prin urmare, pentru campingul \u00een aer liber. Lumea produselor Petromax se concentreaz\u0103 pe explorarea naturii neatinse folosind echipamente tradi\u021bionale, dar bine concepute.<\/p>\n<p><\/p>","protected":false},"excerpt":{"rendered":"<p>Fitil Petromax Flat Wick 12 cm for Feuerhand 276 (5 pcs)<\/p>","protected":false},"featured_media":34367,"comment_status":"open","ping_status":"closed","template":"","meta":{"_acf_changed":false,"inline_featured_image":false},"product_brand":[1420],"product_cat":[842],"product_tag":[],"class_list":{"0":"post-33023","1":"product","2":"type-product","3":"status-publish","4":"has-post-thumbnail","6":"product_brand-petromax","7":"product_cat-gas-lamps","9":"first","10":"outofstock","11":"shipping-taxable","12":"product-type-simple"},"acf":[],"yoast_head":"<!-- This site is optimized with the Yoast SEO plugin v27.4 - https:\/\/yoast.com\/product\/yoast-seo-wordpress\/ -->\n<title>\u0424\u0438\u0442\u0438\u043b\u044c Petromax Flat Wick 12 cm for Feuerhand 276 (5 pcs) - \u041c\u0430\u0433\u0430\u0437\u0438\u043d Xstyle<\/title>\n<meta name=\"description\" content=\"\u0424\u0438\u0442\u0438\u043b\u044c Petromax 12 \u0441\u043c \u0438\u0434\u0435\u0430\u043b\u044c\u043d\u043e \u043f\u043e\u0434\u0445\u043e\u0434\u0438\u0442 \u0434\u043b\u044f \u043b\u0430\u043c\u043f Feuerhand 276 \u0438 \u0432\u0441\u0435\u0445 \u043c\u0430\u0441\u043b\u044f\u043d\u044b\u0445 \u0444\u043e\u043d\u0430\u0440\u0435\u0439. \u0412\u044b\u0441\u043e\u043a\u043e\u043a\u0430\u0447\u0435\u0441\u0442\u0432\u0435\u043d\u043d\u044b\u0439, \u0433\u043e\u0442\u043e\u0432 \u043a \u0438\u0441\u043f\u043e\u043b\u044c\u0437\u043e\u0432\u0430\u043d\u0438\u044e. \u0417\u0430\u043a\u0430\u0436\u0438\u0442\u0435 5 \u0448\u0442\u0443\u043a!\" \/>\n<meta name=\"robots\" content=\"index, follow, max-snippet:-1, max-image-preview:large, max-video-preview:-1\" \/>\n<link rel=\"canonical\" href=\"https:\/\/xstyle.md\/ro\/produs\/fitil-petromax-flat-wick-12-cm-for-feuerhand-276-5-pcs\/\" \/>\n<meta property=\"og:locale\" content=\"ro_RO\" \/>\n<meta property=\"og:type\" content=\"article\" \/>\n<meta property=\"og:title\" content=\"\u0424\u0438\u0442\u0438\u043b\u044c Petromax Flat Wick 12 cm for Feuerhand 276 (5 pcs) - \u041c\u0430\u0433\u0430\u0437\u0438\u043d Xstyle\" \/>\n<meta property=\"og:description\" content=\"\u0424\u0438\u0442\u0438\u043b\u044c Petromax 12 \u0441\u043c \u0438\u0434\u0435\u0430\u043b\u044c\u043d\u043e \u043f\u043e\u0434\u0445\u043e\u0434\u0438\u0442 \u0434\u043b\u044f \u043b\u0430\u043c\u043f Feuerhand 276 \u0438 \u0432\u0441\u0435\u0445 \u043c\u0430\u0441\u043b\u044f\u043d\u044b\u0445 \u0444\u043e\u043d\u0430\u0440\u0435\u0439. \u0412\u044b\u0441\u043e\u043a\u043e\u043a\u0430\u0447\u0435\u0441\u0442\u0432\u0435\u043d\u043d\u044b\u0439, \u0433\u043e\u0442\u043e\u0432 \u043a \u0438\u0441\u043f\u043e\u043b\u044c\u0437\u043e\u0432\u0430\u043d\u0438\u044e. \u0417\u0430\u043a\u0430\u0436\u0438\u0442\u0435 5 \u0448\u0442\u0443\u043a!\" \/>\n<meta property=\"og:url\" content=\"https:\/\/xstyle.md\/ro\/produs\/fitil-petromax-flat-wick-12-cm-for-feuerhand-276-5-pcs\/\" \/>\n<meta property=\"og:site_name\" content=\"\u041c\u0430\u0433\u0430\u0437\u0438\u043d Xstyle\" \/>\n<meta property=\"article:publisher\" content=\"https:\/\/www.facebook.com\/xstylemd\" \/>\n<meta property=\"article:modified_time\" content=\"2026-02-12T17:07:08+00:00\" \/>\n<meta property=\"og:image\" content=\"https:\/\/xstyle.md\/wp-content\/uploads\/2021\/04\/fitil-petromax-flat-wick-12-cm-for-feuerhand-276-5-pcs.jpg\" \/>\n\t<meta property=\"og:image:width\" content=\"650\" \/>\n\t<meta property=\"og:image:height\" content=\"434\" \/>\n\t<meta property=\"og:image:type\" content=\"image\/jpeg\" \/>\n<meta name=\"twitter:card\" content=\"summary_large_image\" \/>\n<meta name=\"twitter:label1\" content=\"Pre\u021b\" \/>\n\t<meta name=\"twitter:data1\" content=\"135&nbsp;MDL\" \/>\n\t<meta name=\"twitter:label2\" content=\"Disponibilitate\" \/>\n\t<meta name=\"twitter:data2\" content=\"Stoc epuizat\" \/>\n<script type=\"application\/ld+json\" class=\"yoast-schema-graph\">{\"@context\":\"https:\\\/\\\/schema.org\",\"@graph\":[{\"@type\":\"WebPage\",\"@id\":\"https:\\\/\\\/xstyle.md\\\/product\\\/fitil-petromax-flat-wick-12-cm-for-feuerhand-276-5-pcs\\\/\",\"url\":\"https:\\\/\\\/xstyle.md\\\/product\\\/fitil-petromax-flat-wick-12-cm-for-feuerhand-276-5-pcs\\\/\",\"name\":\"\u0424\u0438\u0442\u0438\u043b\u044c Petromax Flat Wick 12 cm for Feuerhand 276 (5 pcs) - \u041c\u0430\u0433\u0430\u0437\u0438\u043d Xstyle\",\"isPartOf\":{\"@id\":\"https:\\\/\\\/xstyle.md\\\/#website\"},\"primaryImageOfPage\":{\"@id\":\"https:\\\/\\\/xstyle.md\\\/product\\\/fitil-petromax-flat-wick-12-cm-for-feuerhand-276-5-pcs\\\/#primaryimage\"},\"image\":{\"@id\":\"https:\\\/\\\/xstyle.md\\\/product\\\/fitil-petromax-flat-wick-12-cm-for-feuerhand-276-5-pcs\\\/#primaryimage\"},\"thumbnailUrl\":\"https:\\\/\\\/xstyle.md\\\/wp-content\\\/uploads\\\/2021\\\/04\\\/fitil-petromax-flat-wick-12-cm-for-feuerhand-276-5-pcs.jpg\",\"datePublished\":\"2021-04-30T10:00:15+00:00\",\"dateModified\":\"2026-02-12T17:07:08+00:00\",\"description\":\"\u0424\u0438\u0442\u0438\u043b\u044c Petromax 12 \u0441\u043c \u0438\u0434\u0435\u0430\u043b\u044c\u043d\u043e \u043f\u043e\u0434\u0445\u043e\u0434\u0438\u0442 \u0434\u043b\u044f \u043b\u0430\u043c\u043f Feuerhand 276 \u0438 \u0432\u0441\u0435\u0445 \u043c\u0430\u0441\u043b\u044f\u043d\u044b\u0445 \u0444\u043e\u043d\u0430\u0440\u0435\u0439. \u0412\u044b\u0441\u043e\u043a\u043e\u043a\u0430\u0447\u0435\u0441\u0442\u0432\u0435\u043d\u043d\u044b\u0439, \u0433\u043e\u0442\u043e\u0432 \u043a \u0438\u0441\u043f\u043e\u043b\u044c\u0437\u043e\u0432\u0430\u043d\u0438\u044e. \u0417\u0430\u043a\u0430\u0436\u0438\u0442\u0435 5 \u0448\u0442\u0443\u043a!\",\"breadcrumb\":{\"@id\":\"https:\\\/\\\/xstyle.md\\\/product\\\/fitil-petromax-flat-wick-12-cm-for-feuerhand-276-5-pcs\\\/#breadcrumb\"},\"inLanguage\":\"ro-RO\",\"potentialAction\":[{\"@type\":\"ReadAction\",\"target\":[\"https:\\\/\\\/xstyle.md\\\/product\\\/fitil-petromax-flat-wick-12-cm-for-feuerhand-276-5-pcs\\\/\"]}]},{\"@type\":\"ImageObject\",\"inLanguage\":\"ro-RO\",\"@id\":\"https:\\\/\\\/xstyle.md\\\/product\\\/fitil-petromax-flat-wick-12-cm-for-feuerhand-276-5-pcs\\\/#primaryimage\",\"url\":\"https:\\\/\\\/xstyle.md\\\/wp-content\\\/uploads\\\/2021\\\/04\\\/fitil-petromax-flat-wick-12-cm-for-feuerhand-276-5-pcs.jpg\",\"contentUrl\":\"https:\\\/\\\/xstyle.md\\\/wp-content\\\/uploads\\\/2021\\\/04\\\/fitil-petromax-flat-wick-12-cm-for-feuerhand-276-5-pcs.jpg\",\"width\":650,\"height\":434,\"caption\":\"\u0417\u0430\u043f\u0430\u0441\u043d\u043e\u0439 \u0444\u0438\u0442\u0438\u043b\u044c \u0434\u043b\u044f \u0444\u043e\u043d\u0430\u0440\u044f Petromax Flat Wick 12 \u0441\u043c \u0434\u043b\u044f \u0430\u043a\u0442\u0438\u0432\u043d\u043e\u0439 \u0436\u0438\u0437\u043d\u0438 \u0442\u0443\u0440\u0438\u0441\u0442\u043e\u0432 \u0438 \u043b\u044e\u0431\u0438\u0442\u0435\u043b\u0435\u0439 \u043f\u043e\u0445\u043e\u0434\u043e\u0432, \u0430\u043b\u044c\u043f\u0438\u043d\u0438\u0437\u043c\u0430 \u0438 \u043f\u0443\u0442\u0435\u0448\u0435\u0441\u0442\u0432\u0438\u0439, \u0431\u0440\u0435\u043d\u0434 Feuerhand\"},{\"@type\":\"BreadcrumbList\",\"@id\":\"https:\\\/\\\/xstyle.md\\\/product\\\/fitil-petromax-flat-wick-12-cm-for-feuerhand-276-5-pcs\\\/#breadcrumb\",\"itemListElement\":[{\"@type\":\"ListItem\",\"position\":1,\"name\":\"\u0413\u043b\u0430\u0432\u043d\u0430\u044f \u0441\u0442\u0440\u0430\u043d\u0438\u0446\u0430\",\"item\":\"https:\\\/\\\/xstyle.md\\\/\"},{\"@type\":\"ListItem\",\"position\":2,\"name\":\"\u041c\u0430\u0433\u0430\u0437\u0438\u043d\",\"item\":\"https:\\\/\\\/xstyle.md\\\/shop\\\/\"},{\"@type\":\"ListItem\",\"position\":3,\"name\":\"\u0424\u0438\u0442\u0438\u043b\u044c Petromax Flat Wick 12 cm for Feuerhand 276 (5 pcs)\"}]},{\"@type\":\"WebSite\",\"@id\":\"https:\\\/\\\/xstyle.md\\\/#website\",\"url\":\"https:\\\/\\\/xstyle.md\\\/\",\"name\":\"\u041c\u0430\u0433\u0430\u0437\u0438\u043d Xstyle\",\"description\":\"C\u043d\u0430\u0440\u044f\u0436\u0435\u043d\u0438\u0435 \u0434\u043b\u044f \u0442\u0443\u0440\u0438\u0437\u043c\u0430 \u0438 \u044d\u043a\u0441\u0442\u0440\u0435\u043c\u0430\u043b\u044c\u043d\u044b\u0445 \u0432\u0438\u0434\u043e\u0432 \u0441\u043f\u043e\u0440\u0442\u0430 \u0432 \u041c\u043e\u043b\u0434\u043e\u0432\u0435.. \u0426\u0435\u043d\u044b, \u0444\u043e\u0442\u043e, \u0445\u0430\u0440\u0430\u043a\u0442\u0435\u0440\u0438\u0441\u0442\u0438\u043a\u0438 \u0432 \u041c\u043e\u043b\u0434\u043e\u0432\u0435.\",\"publisher\":{\"@id\":\"https:\\\/\\\/xstyle.md\\\/#organization\"},\"alternateName\":\"X-Style\",\"potentialAction\":[{\"@type\":\"SearchAction\",\"target\":{\"@type\":\"EntryPoint\",\"urlTemplate\":\"https:\\\/\\\/xstyle.md\\\/?s={search_term_string}\"},\"query-input\":{\"@type\":\"PropertyValueSpecification\",\"valueRequired\":true,\"valueName\":\"search_term_string\"}}],\"inLanguage\":\"ro-RO\"},{\"@type\":\"Organization\",\"@id\":\"https:\\\/\\\/xstyle.md\\\/#organization\",\"name\":\"\u041c\u0430\u0433\u0430\u0437\u0438\u043d Xstyle\",\"alternateName\":\"x-style\",\"url\":\"https:\\\/\\\/xstyle.md\\\/\",\"logo\":{\"@type\":\"ImageObject\",\"inLanguage\":\"ro-RO\",\"@id\":\"https:\\\/\\\/xstyle.md\\\/#\\\/schema\\\/logo\\\/image\\\/\",\"url\":\"https:\\\/\\\/xstyle.md\\\/wp-content\\\/uploads\\\/2020\\\/06\\\/logoicon.svg\",\"contentUrl\":\"https:\\\/\\\/xstyle.md\\\/wp-content\\\/uploads\\\/2020\\\/06\\\/logoicon.svg\",\"caption\":\"\u041c\u0430\u0433\u0430\u0437\u0438\u043d Xstyle\"},\"image\":{\"@id\":\"https:\\\/\\\/xstyle.md\\\/#\\\/schema\\\/logo\\\/image\\\/\"},\"sameAs\":[\"https:\\\/\\\/www.facebook.com\\\/xstylemd\",\"https:\\\/\\\/www.instagram.com\\\/xstyle_md\\\/\",\"https:\\\/\\\/t.me\\\/xstyle_outdoor\"],\"hasMerchantReturnPolicy\":{\"@type\":\"MerchantReturnPolicy\",\"merchantReturnLink\":\"https:\\\/\\\/xstyle.md\\\/ro\\\/conditions\\\/\"}}]}<\/script>\n<meta property=\"product:price:amount\" content=\"135.00\" \/>\n<meta property=\"product:price:currency\" content=\"MDL\" \/>\n<meta property=\"og:availability\" content=\"out of stock\" \/>\n<meta property=\"product:availability\" content=\"out of stock\" \/>\n<meta property=\"product:retailer_item_id\" content=\"4250435720073\" \/>\n<meta property=\"product:condition\" content=\"new\" \/>\n<!-- \/ Yoast SEO plugin. -->","yoast_head_json":{"title":"Fitil Petromax Flat Wick 12 cm for Feuerhand 276 (5 pcs) - Magazin Xstyle","description":"Fitilul Petromax de 12 cm este perfect pentru l\u0103mpile Feuerhand 276 \u0219i toate lanternele cu ulei. De \u00eenalt\u0103 calitate, gata de utilizare. Comand\u0103 5 buc\u0103\u021bi!","robots":{"index":"index","follow":"follow","max-snippet":"max-snippet:-1","max-image-preview":"max-image-preview:large","max-video-preview":"max-video-preview:-1"},"canonical":"https:\/\/xstyle.md\/ro\/produs\/fitil-petromax-flat-wick-12-cm-for-feuerhand-276-5-pcs\/","og_locale":"ro_RO","og_type":"article","og_title":"\u0424\u0438\u0442\u0438\u043b\u044c Petromax Flat Wick 12 cm for Feuerhand 276 (5 pcs) - \u041c\u0430\u0433\u0430\u0437\u0438\u043d Xstyle","og_description":"\u0424\u0438\u0442\u0438\u043b\u044c Petromax 12 \u0441\u043c \u0438\u0434\u0435\u0430\u043b\u044c\u043d\u043e \u043f\u043e\u0434\u0445\u043e\u0434\u0438\u0442 \u0434\u043b\u044f \u043b\u0430\u043c\u043f Feuerhand 276 \u0438 \u0432\u0441\u0435\u0445 \u043c\u0430\u0441\u043b\u044f\u043d\u044b\u0445 \u0444\u043e\u043d\u0430\u0440\u0435\u0439. \u0412\u044b\u0441\u043e\u043a\u043e\u043a\u0430\u0447\u0435\u0441\u0442\u0432\u0435\u043d\u043d\u044b\u0439, \u0433\u043e\u0442\u043e\u0432 \u043a \u0438\u0441\u043f\u043e\u043b\u044c\u0437\u043e\u0432\u0430\u043d\u0438\u044e. \u0417\u0430\u043a\u0430\u0436\u0438\u0442\u0435 5 \u0448\u0442\u0443\u043a!","og_url":"https:\/\/xstyle.md\/ro\/produs\/fitil-petromax-flat-wick-12-cm-for-feuerhand-276-5-pcs\/","og_site_name":"\u041c\u0430\u0433\u0430\u0437\u0438\u043d Xstyle","article_publisher":"https:\/\/www.facebook.com\/xstylemd","article_modified_time":"2026-02-12T17:07:08+00:00","og_image":[{"width":650,"height":434,"url":"https:\/\/xstyle.md\/wp-content\/uploads\/2021\/04\/fitil-petromax-flat-wick-12-cm-for-feuerhand-276-5-pcs.jpg","type":"image\/jpeg"}],"twitter_card":"summary_large_image","twitter_misc":{"Pre\u021b":"135&nbsp;MDL","Disponibilitate":"Stoc epuizat"},"schema":{"@context":"https:\/\/schema.org","@graph":[{"@type":"WebPage","@id":"https:\/\/xstyle.md\/product\/fitil-petromax-flat-wick-12-cm-for-feuerhand-276-5-pcs\/","url":"https:\/\/xstyle.md\/product\/fitil-petromax-flat-wick-12-cm-for-feuerhand-276-5-pcs\/","name":"Fitil Petromax Flat Wick 12 cm for Feuerhand 276 (5 pcs) - Magazin Xstyle","isPartOf":{"@id":"https:\/\/xstyle.md\/#website"},"primaryImageOfPage":{"@id":"https:\/\/xstyle.md\/product\/fitil-petromax-flat-wick-12-cm-for-feuerhand-276-5-pcs\/#primaryimage"},"image":{"@id":"https:\/\/xstyle.md\/product\/fitil-petromax-flat-wick-12-cm-for-feuerhand-276-5-pcs\/#primaryimage"},"thumbnailUrl":"https:\/\/xstyle.md\/wp-content\/uploads\/2021\/04\/fitil-petromax-flat-wick-12-cm-for-feuerhand-276-5-pcs.jpg","datePublished":"2021-04-30T10:00:15+00:00","dateModified":"2026-02-12T17:07:08+00:00","description":"Fitilul Petromax de 12 cm este perfect pentru l\u0103mpile Feuerhand 276 \u0219i toate lanternele cu ulei. De \u00eenalt\u0103 calitate, gata de utilizare. Comand\u0103 5 buc\u0103\u021bi!","breadcrumb":{"@id":"https:\/\/xstyle.md\/product\/fitil-petromax-flat-wick-12-cm-for-feuerhand-276-5-pcs\/#breadcrumb"},"inLanguage":"ro-RO","potentialAction":[{"@type":"ReadAction","target":["https:\/\/xstyle.md\/product\/fitil-petromax-flat-wick-12-cm-for-feuerhand-276-5-pcs\/"]}]},{"@type":"ImageObject","inLanguage":"ro-RO","@id":"https:\/\/xstyle.md\/product\/fitil-petromax-flat-wick-12-cm-for-feuerhand-276-5-pcs\/#primaryimage","url":"https:\/\/xstyle.md\/wp-content\/uploads\/2021\/04\/fitil-petromax-flat-wick-12-cm-for-feuerhand-276-5-pcs.jpg","contentUrl":"https:\/\/xstyle.md\/wp-content\/uploads\/2021\/04\/fitil-petromax-flat-wick-12-cm-for-feuerhand-276-5-pcs.jpg","width":650,"height":434,"caption":"\u0417\u0430\u043f\u0430\u0441\u043d\u043e\u0439 \u0444\u0438\u0442\u0438\u043b\u044c \u0434\u043b\u044f \u0444\u043e\u043d\u0430\u0440\u044f Petromax Flat Wick 12 \u0441\u043c \u0434\u043b\u044f \u0430\u043a\u0442\u0438\u0432\u043d\u043e\u0439 \u0436\u0438\u0437\u043d\u0438 \u0442\u0443\u0440\u0438\u0441\u0442\u043e\u0432 \u0438 \u043b\u044e\u0431\u0438\u0442\u0435\u043b\u0435\u0439 \u043f\u043e\u0445\u043e\u0434\u043e\u0432, \u0430\u043b\u044c\u043f\u0438\u043d\u0438\u0437\u043c\u0430 \u0438 \u043f\u0443\u0442\u0435\u0448\u0435\u0441\u0442\u0432\u0438\u0439, \u0431\u0440\u0435\u043d\u0434 Feuerhand"},{"@type":"BreadcrumbList","@id":"https:\/\/xstyle.md\/product\/fitil-petromax-flat-wick-12-cm-for-feuerhand-276-5-pcs\/#breadcrumb","itemListElement":[{"@type":"ListItem","position":1,"name":"\u0413\u043b\u0430\u0432\u043d\u0430\u044f \u0441\u0442\u0440\u0430\u043d\u0438\u0446\u0430","item":"https:\/\/xstyle.md\/"},{"@type":"ListItem","position":2,"name":"\u041c\u0430\u0433\u0430\u0437\u0438\u043d","item":"https:\/\/xstyle.md\/shop\/"},{"@type":"ListItem","position":3,"name":"\u0424\u0438\u0442\u0438\u043b\u044c Petromax Flat Wick 12 cm for Feuerhand 276 (5 pcs)"}]},{"@type":"WebSite","@id":"https:\/\/xstyle.md\/#website","url":"https:\/\/xstyle.md\/","name":"Magazinul X-Style","description":"Echipamente pentru turism \u0219i sporturi extreme \u00een Moldova. Pre\u021buri, fotografii, caracteristici \u00een Moldova.","publisher":{"@id":"https:\/\/xstyle.md\/#organization"},"alternateName":"X-Style","potentialAction":[{"@type":"SearchAction","target":{"@type":"EntryPoint","urlTemplate":"https:\/\/xstyle.md\/?s={search_term_string}"},"query-input":{"@type":"PropertyValueSpecification","valueRequired":true,"valueName":"search_term_string"}}],"inLanguage":"ro-RO"},{"@type":"Organization","@id":"https:\/\/xstyle.md\/#organization","name":"Magazinul X-Style","alternateName":"x-style","url":"https:\/\/xstyle.md\/","logo":{"@type":"ImageObject","inLanguage":"ro-RO","@id":"https:\/\/xstyle.md\/#\/schema\/logo\/image\/","url":"https:\/\/xstyle.md\/wp-content\/uploads\/2020\/06\/logoicon.svg","contentUrl":"https:\/\/xstyle.md\/wp-content\/uploads\/2020\/06\/logoicon.svg","caption":"\u041c\u0430\u0433\u0430\u0437\u0438\u043d Xstyle"},"image":{"@id":"https:\/\/xstyle.md\/#\/schema\/logo\/image\/"},"sameAs":["https:\/\/www.facebook.com\/xstylemd","https:\/\/www.instagram.com\/xstyle_md\/","https:\/\/t.me\/xstyle_outdoor"],"hasMerchantReturnPolicy":{"@type":"MerchantReturnPolicy","merchantReturnLink":"https:\/\/xstyle.md\/ro\/conditions\/"}}]},"product_price_amount":"135.00","product_price_currency":"MDL","og_availability":"out of stock","product_availability":"out of stock","product_retailer_item_id":"4250435720073","product_condition":"new"},"post_mailing_queue_ids":[],"_links":{"self":[{"href":"https:\/\/xstyle.md\/ro\/wp-json\/wp\/v2\/product\/33023","targetHints":{"allow":["GET"]}}],"collection":[{"href":"https:\/\/xstyle.md\/ro\/wp-json\/wp\/v2\/product"}],"about":[{"href":"https:\/\/xstyle.md\/ro\/wp-json\/wp\/v2\/types\/product"}],"replies":[{"embeddable":true,"href":"https:\/\/xstyle.md\/ro\/wp-json\/wp\/v2\/comments?post=33023"}],"wp:featuredmedia":[{"embeddable":true,"href":"https:\/\/xstyle.md\/ro\/wp-json\/wp\/v2\/media\/34367"}],"wp:attachment":[{"href":"https:\/\/xstyle.md\/ro\/wp-json\/wp\/v2\/media?parent=33023"}],"wp:term":[{"taxonomy":"product_brand","embeddable":true,"href":"https:\/\/xstyle.md\/ro\/wp-json\/wp\/v2\/product_brand?post=33023"},{"taxonomy":"product_cat","embeddable":true,"href":"https:\/\/xstyle.md\/ro\/wp-json\/wp\/v2\/product_cat?post=33023"},{"taxonomy":"product_tag","embeddable":true,"href":"https:\/\/xstyle.md\/ro\/wp-json\/wp\/v2\/product_tag?post=33023"}],"curies":[{"name":"wp","href":"https:\/\/api.w.org\/{rel}","templated":true}]}}