{"id":3300,"date":"2020-07-16T17:52:05","date_gmt":"2020-07-16T14:52:05","guid":{"rendered":"https:\/\/xstyle.md\/product\/namor-zhenskogo-termobel-ja-viking-ilsa"},"modified":"2026-03-19T16:32:47","modified_gmt":"2026-03-19T13:32:47","slug":"namor-zhenskogo-termobel-ja-viking-ilsa","status":"publish","type":"product","link":"https:\/\/xstyle.md\/ro\/produs\/namor-zhenskogo-termobel-ja-viking-ilsa\/","title":{"rendered":"Set de lenjerie termic\u0103 Viking Ilsa"},"content":{"rendered":"<\/p>\n<p>Setul de lenjerie termic\u0103 pentru femei\u00a0<strong>Viking Ilsa<\/strong> este realizat din materiale sintetice cu un num\u0103r minim de cus\u0103turi. Lenjeria este elastic\u0103, se \u00eentinde bine \u0219i creeaz\u0103 efectul unei a doua piele. De asemenea, are zone special plasate de o culoare contrastant\u0103, care asigur\u0103 o \u00eendep\u0103rtare rapid\u0103 a excesului de umiditate din corp. C\u0103ldur\u0103, conceput\u0103 pentru a fi folosit\u0103 \u00een timpul sporturilor de iarn\u0103, perfect\u0103 pentru schi \u0219i snowboard. Poate fi purtat ca strat unic sau ca strat suplimentar.<\/p>\n<h3>Particularit\u0103\u021bi<\/h3>\n<ul>\n<li>Elastic, are un num\u0103r minim de cus\u0103turi \u0219i zone special amplasate;<\/li>\n<li>Inser\u021bii de culoare contrastant\u0103 combinate cu o structur\u0103 de plas\u0103;<\/li>\n<li>Elasticitate excelent\u0103, nivel ridicat de confort;<\/li>\n<li>\u00cen zonele cu transpira\u021bie crescut\u0103, elimin\u0103 umezeala \u00een exterior;<\/li>\n<li>Material cu uscare rapid\u0103, nu provoaca alergii \u0219i irita\u021bii;<\/li>\n<li>Perfor\u0103ri pentru un confort perfect \u00een timpul antrenamentelor.<\/li>\n<\/ul>\n<h3>Caracteristici<\/h3>\n<ul>\n<li>Sezon &#8212; toamn\u0103\/iarn\u0103;<\/li>\n<li>Compozi\u021bie &#8212; 59% Poliamid\u0103, 32% Polyester, 9% Elastan;<\/li>\n<li>Aplicare \u2013 turism\/sporturi active.<\/li>\n<\/ul>\n<h3><strong>Tehnologie<\/strong><\/h3>\n<ul>\n<li><strong>Poliamid\u0103.<\/strong> Lenjeria termic\u0103 din poliamid\u0103 se caracterizeaz\u0103 prin netezime ridicat\u0103 la atingere \u0219i u\u0219urin\u021b\u0103. Aproape toate variantele de lenjerie f\u0103r\u0103 cus\u0103turi sunt fabricate din poliamid\u0103. Acesta este un material durabil \u0219i elastic, care are propriet\u0103\u021bi excelente de respingere a apei. Lenjeria termic\u0103 din poliamid\u0103 este conceput\u0103 pentru a fi purtat\u0103 confortabil \u00een timpul efortului fizic, drume\u021bii \u0219i \u00een aer liber. Lenjeria re\u021bine bine c\u0103ldura \u0219i \u00eendep\u0103rteaz\u0103 excesul de umiditate, \u021bes\u0103tura este pl\u0103cut\u0103 corpului, practic nu se simte \u0219i nu \u00eengr\u0103de\u0219te mi\u0219carea.<\/li>\n<li><strong>Poliester.<\/strong> Acest material are o structur\u0103 de fibre similar\u0103 fibrelor de bumbac. Lucrurile din poliester dureaz\u0103 mult timp, r\u0103m\u00e2n mereu moi, \u00eendep\u0103rteaz\u0103 bine umezeala. Produsele din poliester pot fi uscate pe baterie \u0219i chiar c\u0103lcate.<\/li>\n<li><strong>Elastan.<\/strong> Pentru a cre\u0219te elasticitatea \u0219i rezisten\u021ba la uzur\u0103, cele mai fine fibre de elastan sunt ad\u0103ugate la lenjeria termic\u0103. Cu c\u00e2t mai mult % elastan, cu at\u00e2t lenjeria se \u00eentinde mai bine f\u0103r\u0103 a l\u0103sa urme de \u00eentindere.<\/li>\n<\/ul>\n<p><\/p>","protected":false},"excerpt":{"rendered":"<p>Set de lenjerie termic\u0103 Viking Ilsa<\/p>","protected":false},"featured_media":53917,"comment_status":"open","ping_status":"closed","template":"","meta":{"_acf_changed":false,"inline_featured_image":false},"product_brand":[1314],"product_cat":[274],"product_tag":[],"class_list":{"0":"post-3300","1":"product","2":"type-product","3":"status-publish","4":"has-post-thumbnail","6":"product_brand-viking","7":"product_cat-thermals-femei","9":"first","10":"instock","11":"shipping-taxable","12":"purchasable","13":"product-type-simple"},"acf":[],"yoast_head":"<!-- This site is optimized with the Yoast SEO plugin v27.2 - https:\/\/yoast.com\/product\/yoast-seo-wordpress\/ -->\n<title>\u041d\u0430\u0431\u043e\u0440 \u0442\u0435\u0440\u043c\u043e\u0431\u0435\u043b\u044c\u044f Viking Ilsa - \u041c\u0430\u0433\u0430\u0437\u0438\u043d Xstyle<\/title>\n<meta name=\"description\" content=\"\u041d\u0430\u0431\u043e\u0440 \u0442\u0435\u0440\u043c\u043e\u0431\u0435\u043b\u044c\u044f Viking Ilsa \u0434\u043b\u044f \u0436\u0435\u043d\u0449\u0438\u043d - \u043b\u0435\u0433\u043a\u0438\u0439, \u044d\u043b\u0430\u0441\u0442\u0438\u0447\u043d\u044b\u0439 \u0438 \u0443\u044e\u0442\u043d\u044b\u0439. \u041e\u0431\u0435\u0441\u043f\u0435\u0447\u0438\u0432\u0430\u0435\u0442 \u0442\u0435\u043f\u043b\u043e \u0438 \u0431\u044b\u0441\u0442\u0440\u043e \u0443\u0434\u0430\u043b\u044f\u0435\u0442 \u0432\u043b\u0430\u0433\u0443. \u0418\u0434\u0435\u0430\u043b\u0435\u043d \u0434\u043b\u044f \u0445\u043e\u043b\u043e\u0434\u043d\u043e\u0439 \u043f\u043e\u0433\u043e\u0434\u044b!\" \/>\n<meta name=\"robots\" content=\"index, follow, max-snippet:-1, max-image-preview:large, max-video-preview:-1\" \/>\n<link rel=\"canonical\" href=\"https:\/\/xstyle.md\/ro\/produs\/namor-zhenskogo-termobel-ja-viking-ilsa\/\" \/>\n<meta property=\"og:locale\" content=\"ro_RO\" \/>\n<meta property=\"og:type\" content=\"article\" \/>\n<meta property=\"og:title\" content=\"\u041d\u0430\u0431\u043e\u0440 \u0442\u0435\u0440\u043c\u043e\u0431\u0435\u043b\u044c\u044f Viking Ilsa - \u041c\u0430\u0433\u0430\u0437\u0438\u043d Xstyle\" \/>\n<meta property=\"og:description\" content=\"\u041d\u0430\u0431\u043e\u0440 \u0442\u0435\u0440\u043c\u043e\u0431\u0435\u043b\u044c\u044f Viking Ilsa \u0434\u043b\u044f \u0436\u0435\u043d\u0449\u0438\u043d - \u043b\u0435\u0433\u043a\u0438\u0439, \u044d\u043b\u0430\u0441\u0442\u0438\u0447\u043d\u044b\u0439 \u0438 \u0443\u044e\u0442\u043d\u044b\u0439. \u041e\u0431\u0435\u0441\u043f\u0435\u0447\u0438\u0432\u0430\u0435\u0442 \u0442\u0435\u043f\u043b\u043e \u0438 \u0431\u044b\u0441\u0442\u0440\u043e \u0443\u0434\u0430\u043b\u044f\u0435\u0442 \u0432\u043b\u0430\u0433\u0443. \u0418\u0434\u0435\u0430\u043b\u0435\u043d \u0434\u043b\u044f \u0445\u043e\u043b\u043e\u0434\u043d\u043e\u0439 \u043f\u043e\u0433\u043e\u0434\u044b!\" \/>\n<meta property=\"og:url\" content=\"https:\/\/xstyle.md\/ro\/produs\/namor-zhenskogo-termobel-ja-viking-ilsa\/\" \/>\n<meta property=\"og:site_name\" content=\"\u041c\u0430\u0433\u0430\u0437\u0438\u043d Xstyle\" \/>\n<meta property=\"article:publisher\" content=\"https:\/\/www.facebook.com\/xstylemd\" \/>\n<meta property=\"article:modified_time\" content=\"2026-03-19T13:32:47+00:00\" \/>\n<meta property=\"og:image\" content=\"https:\/\/xstyle.md\/wp-content\/uploads\/2020\/07\/viking-ilsa-wmn.jpg\" \/>\n\t<meta property=\"og:image:width\" content=\"628\" \/>\n\t<meta property=\"og:image:height\" content=\"709\" \/>\n\t<meta property=\"og:image:type\" content=\"image\/jpeg\" \/>\n<meta name=\"twitter:card\" content=\"summary_large_image\" \/>\n<meta name=\"twitter:label1\" content=\"Pre\u021b\" \/>\n\t<meta name=\"twitter:data1\" content=\"970&nbsp;MDL\" \/>\n\t<meta name=\"twitter:label2\" content=\"Disponibilitate\" \/>\n\t<meta name=\"twitter:data2\" content=\"\u00cen stoc\" \/>\n<script type=\"application\/ld+json\" class=\"yoast-schema-graph\">{\"@context\":\"https:\/\/schema.org\",\"@graph\":[{\"@type\":\"WebPage\",\"@id\":\"https:\/\/xstyle.md\/product\/namor-zhenskogo-termobel-ja-viking-ilsa\/\",\"url\":\"https:\/\/xstyle.md\/product\/namor-zhenskogo-termobel-ja-viking-ilsa\/\",\"name\":\"\u041d\u0430\u0431\u043e\u0440 \u0442\u0435\u0440\u043c\u043e\u0431\u0435\u043b\u044c\u044f Viking Ilsa - \u041c\u0430\u0433\u0430\u0437\u0438\u043d Xstyle\",\"isPartOf\":{\"@id\":\"https:\/\/xstyle.md\/#website\"},\"primaryImageOfPage\":{\"@id\":\"https:\/\/xstyle.md\/product\/namor-zhenskogo-termobel-ja-viking-ilsa\/#primaryimage\"},\"image\":{\"@id\":\"https:\/\/xstyle.md\/product\/namor-zhenskogo-termobel-ja-viking-ilsa\/#primaryimage\"},\"thumbnailUrl\":\"https:\/\/xstyle.md\/wp-content\/uploads\/2020\/07\/viking-ilsa-wmn.jpg\",\"datePublished\":\"2020-07-16T14:52:05+00:00\",\"dateModified\":\"2026-03-19T13:32:47+00:00\",\"description\":\"\u041d\u0430\u0431\u043e\u0440 \u0442\u0435\u0440\u043c\u043e\u0431\u0435\u043b\u044c\u044f Viking Ilsa \u0434\u043b\u044f \u0436\u0435\u043d\u0449\u0438\u043d - \u043b\u0435\u0433\u043a\u0438\u0439, \u044d\u043b\u0430\u0441\u0442\u0438\u0447\u043d\u044b\u0439 \u0438 \u0443\u044e\u0442\u043d\u044b\u0439. \u041e\u0431\u0435\u0441\u043f\u0435\u0447\u0438\u0432\u0430\u0435\u0442 \u0442\u0435\u043f\u043b\u043e \u0438 \u0431\u044b\u0441\u0442\u0440\u043e \u0443\u0434\u0430\u043b\u044f\u0435\u0442 \u0432\u043b\u0430\u0433\u0443. \u0418\u0434\u0435\u0430\u043b\u0435\u043d \u0434\u043b\u044f \u0445\u043e\u043b\u043e\u0434\u043d\u043e\u0439 \u043f\u043e\u0433\u043e\u0434\u044b!\",\"breadcrumb\":{\"@id\":\"https:\/\/xstyle.md\/product\/namor-zhenskogo-termobel-ja-viking-ilsa\/#breadcrumb\"},\"inLanguage\":\"ro-RO\",\"potentialAction\":[{\"@type\":\"ReadAction\",\"target\":[\"https:\/\/xstyle.md\/product\/namor-zhenskogo-termobel-ja-viking-ilsa\/\"]}]},{\"@type\":\"ImageObject\",\"inLanguage\":\"ro-RO\",\"@id\":\"https:\/\/xstyle.md\/product\/namor-zhenskogo-termobel-ja-viking-ilsa\/#primaryimage\",\"url\":\"https:\/\/xstyle.md\/wp-content\/uploads\/2020\/07\/viking-ilsa-wmn.jpg\",\"contentUrl\":\"https:\/\/xstyle.md\/wp-content\/uploads\/2020\/07\/viking-ilsa-wmn.jpg\",\"width\":628,\"height\":709,\"caption\":\"\u041d\u0430\u0431\u043e\u0440 \u0442\u0435\u0440\u043c\u043e\u0431\u0435\u043b\u044c\u044f Viking Ilsa \u0434\u043b\u044f \u0430\u043a\u0442\u0438\u0432\u043d\u043e\u0433\u043e \u043e\u0442\u0434\u044b\u0445\u0430 , \u0441\u043f\u043e\u0440\u0442\u0438\u0432\u043d\u043e\u0439 \u043e\u0434\u0435\u0436\u0434\u044b, \u043e\u0431\u0443\u0432\u0438 \u0438 \u0441\u043d\u0430\u0440\u044f\u0436\u0435\u043d\u0438\u044f \u0434\u043b\u044f \u0430\u043b\u044c\u043f\u0438\u043d\u0438\u0437\u043c\u0430, \u043f\u043e\u0445\u043e\u0434\u043e\u0432, \u043f\u0443\u0442\u0435\u0448\u0435\u0441\u0442\u0432\u0438\u0439, \u043e\u043f\u0442\u0438\u043c\u0430\u043b\u044c\u043d\u044b\u0439 \u0432\u044b\u0431\u043e\u0440 \u0434\u043b\u044f \u043b\u044b\u0436\u043d\u0438\u043a\u043e\u0432 \u0438 \u043b\u044e\u0431\u0438\u0442\u0435\u043b\u0435\u0439 \u043f\u043e\u0445\u043e\u0434\u043e\u0432 | \u0438\u043d\u0442\u0435\u0440\u043d\u0435\u0442-\u043c\u0430\u0433\u0430\u0437\u0438\u043d \u0442\u043e\u0432\u0430\u0440\u043e\u0432 \u0434\u043b\u044f \u0430\u043a\u0442\u0438\u0432\u043d\u043e\u0433\u043e \u043e\u0431\u0440\u0430\u0437\u0430 \u0436\u0438\u0437\u043d\u0438\"},{\"@type\":\"BreadcrumbList\",\"@id\":\"https:\/\/xstyle.md\/product\/namor-zhenskogo-termobel-ja-viking-ilsa\/#breadcrumb\",\"itemListElement\":[{\"@type\":\"ListItem\",\"position\":1,\"name\":\"\u0413\u043b\u0430\u0432\u043d\u0430\u044f \u0441\u0442\u0440\u0430\u043d\u0438\u0446\u0430\",\"item\":\"https:\/\/xstyle.md\/\"},{\"@type\":\"ListItem\",\"position\":2,\"name\":\"\u041c\u0430\u0433\u0430\u0437\u0438\u043d\",\"item\":\"https:\/\/xstyle.md\/shop\/\"},{\"@type\":\"ListItem\",\"position\":3,\"name\":\"\u041d\u0430\u0431\u043e\u0440 \u0442\u0435\u0440\u043c\u043e\u0431\u0435\u043b\u044c\u044f Viking Ilsa\"}]},{\"@type\":\"WebSite\",\"@id\":\"https:\/\/xstyle.md\/#website\",\"url\":\"https:\/\/xstyle.md\/\",\"name\":\"\u041c\u0430\u0433\u0430\u0437\u0438\u043d Xstyle\",\"description\":\"C\u043d\u0430\u0440\u044f\u0436\u0435\u043d\u0438\u0435 \u0434\u043b\u044f \u0442\u0443\u0440\u0438\u0437\u043c\u0430 \u0438 \u044d\u043a\u0441\u0442\u0440\u0435\u043c\u0430\u043b\u044c\u043d\u044b\u0445 \u0432\u0438\u0434\u043e\u0432 \u0441\u043f\u043e\u0440\u0442\u0430 \u0432 \u041c\u043e\u043b\u0434\u043e\u0432\u0435.. \u0426\u0435\u043d\u044b, \u0444\u043e\u0442\u043e, \u0445\u0430\u0440\u0430\u043a\u0442\u0435\u0440\u0438\u0441\u0442\u0438\u043a\u0438 \u0432 \u041c\u043e\u043b\u0434\u043e\u0432\u0435.\",\"publisher\":{\"@id\":\"https:\/\/xstyle.md\/#organization\"},\"alternateName\":\"X-Style\",\"potentialAction\":[{\"@type\":\"SearchAction\",\"target\":{\"@type\":\"EntryPoint\",\"urlTemplate\":\"https:\/\/xstyle.md\/?s={search_term_string}\"},\"query-input\":{\"@type\":\"PropertyValueSpecification\",\"valueRequired\":true,\"valueName\":\"search_term_string\"}}],\"inLanguage\":\"ro-RO\"},{\"@type\":\"Organization\",\"@id\":\"https:\/\/xstyle.md\/#organization\",\"name\":\"\u041c\u0430\u0433\u0430\u0437\u0438\u043d Xstyle\",\"alternateName\":\"x-style\",\"url\":\"https:\/\/xstyle.md\/\",\"logo\":{\"@type\":\"ImageObject\",\"inLanguage\":\"ro-RO\",\"@id\":\"https:\/\/xstyle.md\/#\/schema\/logo\/image\/\",\"url\":\"https:\/\/xstyle.md\/wp-content\/uploads\/2020\/06\/logoicon.svg\",\"contentUrl\":\"https:\/\/xstyle.md\/wp-content\/uploads\/2020\/06\/logoicon.svg\",\"caption\":\"\u041c\u0430\u0433\u0430\u0437\u0438\u043d Xstyle\"},\"image\":{\"@id\":\"https:\/\/xstyle.md\/#\/schema\/logo\/image\/\"},\"sameAs\":[\"https:\/\/www.facebook.com\/xstylemd\",\"https:\/\/www.instagram.com\/xstyle_md\/\",\"https:\/\/t.me\/xstyle_outdoor\"],\"hasMerchantReturnPolicy\":{\"@type\":\"MerchantReturnPolicy\",\"merchantReturnLink\":\"https:\/\/xstyle.md\/ro\/conditions\/\"}}]}<\/script>\n<meta property=\"product:price:amount\" content=\"970.00\" \/>\n<meta property=\"product:price:currency\" content=\"MDL\" \/>\n<meta property=\"og:availability\" content=\"instock\" \/>\n<meta property=\"product:availability\" content=\"instock\" \/>\n<meta property=\"product:retailer_item_id\" content=\"5901115772057\" \/>\n<meta property=\"product:condition\" content=\"new\" \/>\n<!-- \/ Yoast SEO plugin. -->","yoast_head_json":{"title":"Set de lenjerie termic\u0103 Viking Ilsa - Magazin Xstyle","description":"Setul de termobranzi Viking Ilsa pentru femei - u\u0219or, elastic \u0219i confortabil. Asigur\u0103 c\u0103ldur\u0103 \u0219i elimin\u0103 rapid umezeala. Ideal pentru vreme rece!","robots":{"index":"index","follow":"follow","max-snippet":"max-snippet:-1","max-image-preview":"max-image-preview:large","max-video-preview":"max-video-preview:-1"},"canonical":"https:\/\/xstyle.md\/ro\/produs\/namor-zhenskogo-termobel-ja-viking-ilsa\/","og_locale":"ro_RO","og_type":"article","og_title":"\u041d\u0430\u0431\u043e\u0440 \u0442\u0435\u0440\u043c\u043e\u0431\u0435\u043b\u044c\u044f Viking Ilsa - \u041c\u0430\u0433\u0430\u0437\u0438\u043d Xstyle","og_description":"\u041d\u0430\u0431\u043e\u0440 \u0442\u0435\u0440\u043c\u043e\u0431\u0435\u043b\u044c\u044f Viking Ilsa \u0434\u043b\u044f \u0436\u0435\u043d\u0449\u0438\u043d - \u043b\u0435\u0433\u043a\u0438\u0439, \u044d\u043b\u0430\u0441\u0442\u0438\u0447\u043d\u044b\u0439 \u0438 \u0443\u044e\u0442\u043d\u044b\u0439. \u041e\u0431\u0435\u0441\u043f\u0435\u0447\u0438\u0432\u0430\u0435\u0442 \u0442\u0435\u043f\u043b\u043e \u0438 \u0431\u044b\u0441\u0442\u0440\u043e \u0443\u0434\u0430\u043b\u044f\u0435\u0442 \u0432\u043b\u0430\u0433\u0443. \u0418\u0434\u0435\u0430\u043b\u0435\u043d \u0434\u043b\u044f \u0445\u043e\u043b\u043e\u0434\u043d\u043e\u0439 \u043f\u043e\u0433\u043e\u0434\u044b!","og_url":"https:\/\/xstyle.md\/ro\/produs\/namor-zhenskogo-termobel-ja-viking-ilsa\/","og_site_name":"\u041c\u0430\u0433\u0430\u0437\u0438\u043d Xstyle","article_publisher":"https:\/\/www.facebook.com\/xstylemd","article_modified_time":"2026-03-19T13:32:47+00:00","og_image":[{"width":628,"height":709,"url":"https:\/\/xstyle.md\/wp-content\/uploads\/2020\/07\/viking-ilsa-wmn.jpg","type":"image\/jpeg"}],"twitter_card":"summary_large_image","twitter_misc":{"Pre\u021b":"970&nbsp;MDL","Disponibilitate":"\u00cen stoc"},"schema":{"@context":"https:\/\/schema.org","@graph":[{"@type":"WebPage","@id":"https:\/\/xstyle.md\/product\/namor-zhenskogo-termobel-ja-viking-ilsa\/","url":"https:\/\/xstyle.md\/product\/namor-zhenskogo-termobel-ja-viking-ilsa\/","name":"Set de lenjerie termic\u0103 Viking Ilsa - Magazin Xstyle","isPartOf":{"@id":"https:\/\/xstyle.md\/#website"},"primaryImageOfPage":{"@id":"https:\/\/xstyle.md\/product\/namor-zhenskogo-termobel-ja-viking-ilsa\/#primaryimage"},"image":{"@id":"https:\/\/xstyle.md\/product\/namor-zhenskogo-termobel-ja-viking-ilsa\/#primaryimage"},"thumbnailUrl":"https:\/\/xstyle.md\/wp-content\/uploads\/2020\/07\/viking-ilsa-wmn.jpg","datePublished":"2020-07-16T14:52:05+00:00","dateModified":"2026-03-19T13:32:47+00:00","description":"Setul de termobranzi Viking Ilsa pentru femei - u\u0219or, elastic \u0219i confortabil. Asigur\u0103 c\u0103ldur\u0103 \u0219i elimin\u0103 rapid umezeala. Ideal pentru vreme rece!","breadcrumb":{"@id":"https:\/\/xstyle.md\/product\/namor-zhenskogo-termobel-ja-viking-ilsa\/#breadcrumb"},"inLanguage":"ro-RO","potentialAction":[{"@type":"ReadAction","target":["https:\/\/xstyle.md\/product\/namor-zhenskogo-termobel-ja-viking-ilsa\/"]}]},{"@type":"ImageObject","inLanguage":"ro-RO","@id":"https:\/\/xstyle.md\/product\/namor-zhenskogo-termobel-ja-viking-ilsa\/#primaryimage","url":"https:\/\/xstyle.md\/wp-content\/uploads\/2020\/07\/viking-ilsa-wmn.jpg","contentUrl":"https:\/\/xstyle.md\/wp-content\/uploads\/2020\/07\/viking-ilsa-wmn.jpg","width":628,"height":709,"caption":"\u041d\u0430\u0431\u043e\u0440 \u0442\u0435\u0440\u043c\u043e\u0431\u0435\u043b\u044c\u044f Viking Ilsa \u0434\u043b\u044f \u0430\u043a\u0442\u0438\u0432\u043d\u043e\u0433\u043e \u043e\u0442\u0434\u044b\u0445\u0430 , \u0441\u043f\u043e\u0440\u0442\u0438\u0432\u043d\u043e\u0439 \u043e\u0434\u0435\u0436\u0434\u044b, \u043e\u0431\u0443\u0432\u0438 \u0438 \u0441\u043d\u0430\u0440\u044f\u0436\u0435\u043d\u0438\u044f \u0434\u043b\u044f \u0430\u043b\u044c\u043f\u0438\u043d\u0438\u0437\u043c\u0430, \u043f\u043e\u0445\u043e\u0434\u043e\u0432, \u043f\u0443\u0442\u0435\u0448\u0435\u0441\u0442\u0432\u0438\u0439, \u043e\u043f\u0442\u0438\u043c\u0430\u043b\u044c\u043d\u044b\u0439 \u0432\u044b\u0431\u043e\u0440 \u0434\u043b\u044f \u043b\u044b\u0436\u043d\u0438\u043a\u043e\u0432 \u0438 \u043b\u044e\u0431\u0438\u0442\u0435\u043b\u0435\u0439 \u043f\u043e\u0445\u043e\u0434\u043e\u0432 | \u0438\u043d\u0442\u0435\u0440\u043d\u0435\u0442-\u043c\u0430\u0433\u0430\u0437\u0438\u043d \u0442\u043e\u0432\u0430\u0440\u043e\u0432 \u0434\u043b\u044f \u0430\u043a\u0442\u0438\u0432\u043d\u043e\u0433\u043e \u043e\u0431\u0440\u0430\u0437\u0430 \u0436\u0438\u0437\u043d\u0438"},{"@type":"BreadcrumbList","@id":"https:\/\/xstyle.md\/product\/namor-zhenskogo-termobel-ja-viking-ilsa\/#breadcrumb","itemListElement":[{"@type":"ListItem","position":1,"name":"\u0413\u043b\u0430\u0432\u043d\u0430\u044f \u0441\u0442\u0440\u0430\u043d\u0438\u0446\u0430","item":"https:\/\/xstyle.md\/"},{"@type":"ListItem","position":2,"name":"\u041c\u0430\u0433\u0430\u0437\u0438\u043d","item":"https:\/\/xstyle.md\/shop\/"},{"@type":"ListItem","position":3,"name":"\u041d\u0430\u0431\u043e\u0440 \u0442\u0435\u0440\u043c\u043e\u0431\u0435\u043b\u044c\u044f Viking Ilsa"}]},{"@type":"WebSite","@id":"https:\/\/xstyle.md\/#website","url":"https:\/\/xstyle.md\/","name":"Magazinul X-Style","description":"Echipamente pentru turism \u0219i sporturi extreme \u00een Moldova. Pre\u021buri, fotografii, caracteristici \u00een Moldova.","publisher":{"@id":"https:\/\/xstyle.md\/#organization"},"alternateName":"X-Style","potentialAction":[{"@type":"SearchAction","target":{"@type":"EntryPoint","urlTemplate":"https:\/\/xstyle.md\/?s={search_term_string}"},"query-input":{"@type":"PropertyValueSpecification","valueRequired":true,"valueName":"search_term_string"}}],"inLanguage":"ro-RO"},{"@type":"Organization","@id":"https:\/\/xstyle.md\/#organization","name":"Magazinul X-Style","alternateName":"x-style","url":"https:\/\/xstyle.md\/","logo":{"@type":"ImageObject","inLanguage":"ro-RO","@id":"https:\/\/xstyle.md\/#\/schema\/logo\/image\/","url":"https:\/\/xstyle.md\/wp-content\/uploads\/2020\/06\/logoicon.svg","contentUrl":"https:\/\/xstyle.md\/wp-content\/uploads\/2020\/06\/logoicon.svg","caption":"\u041c\u0430\u0433\u0430\u0437\u0438\u043d Xstyle"},"image":{"@id":"https:\/\/xstyle.md\/#\/schema\/logo\/image\/"},"sameAs":["https:\/\/www.facebook.com\/xstylemd","https:\/\/www.instagram.com\/xstyle_md\/","https:\/\/t.me\/xstyle_outdoor"],"hasMerchantReturnPolicy":{"@type":"MerchantReturnPolicy","merchantReturnLink":"https:\/\/xstyle.md\/ro\/conditions\/"}}]},"product_price_amount":"970.00","product_price_currency":"MDL","og_availability":"instock","product_availability":"instock","product_retailer_item_id":"5901115772057","product_condition":"new"},"post_mailing_queue_ids":[],"_links":{"self":[{"href":"https:\/\/xstyle.md\/ro\/wp-json\/wp\/v2\/product\/3300","targetHints":{"allow":["GET"]}}],"collection":[{"href":"https:\/\/xstyle.md\/ro\/wp-json\/wp\/v2\/product"}],"about":[{"href":"https:\/\/xstyle.md\/ro\/wp-json\/wp\/v2\/types\/product"}],"replies":[{"embeddable":true,"href":"https:\/\/xstyle.md\/ro\/wp-json\/wp\/v2\/comments?post=3300"}],"wp:featuredmedia":[{"embeddable":true,"href":"https:\/\/xstyle.md\/ro\/wp-json\/wp\/v2\/media\/53917"}],"wp:attachment":[{"href":"https:\/\/xstyle.md\/ro\/wp-json\/wp\/v2\/media?parent=3300"}],"wp:term":[{"taxonomy":"product_brand","embeddable":true,"href":"https:\/\/xstyle.md\/ro\/wp-json\/wp\/v2\/product_brand?post=3300"},{"taxonomy":"product_cat","embeddable":true,"href":"https:\/\/xstyle.md\/ro\/wp-json\/wp\/v2\/product_cat?post=3300"},{"taxonomy":"product_tag","embeddable":true,"href":"https:\/\/xstyle.md\/ro\/wp-json\/wp\/v2\/product_tag?post=3300"}],"curies":[{"name":"wp","href":"https:\/\/api.w.org\/{rel}","templated":true}]}}