{"id":32992,"date":"2021-04-30T13:00:02","date_gmt":"2021-04-30T10:00:02","guid":{"rendered":"https:\/\/xstyle.md\/?post_type=product&#038;p=32992"},"modified":"2025-06-10T14:02:24","modified_gmt":"2025-06-10T11:02:24","slug":"gazovaja-plita-outwell-appetizer-duo","status":"publish","type":"product","link":"https:\/\/xstyle.md\/ro\/produs\/gazovaja-plita-outwell-appetizer-duo\/","title":{"rendered":"Aragaz Outwell Appetizer Duo"},"content":{"rendered":"<\/p>\n<p><strong>Outwell Appetizer Duo<\/strong> &#8212; mic \u0219i puternic, are un design simplu \u0219i compact care faciliteaz\u0103 \u00eempachetarea \u0219i transportul aragazului. Dou\u0103 arz\u0103toare controlate individual v\u0103 permit s\u0103 fierbe\u021bi ap\u0103 \u0219i s\u0103 g\u0103ti\u021bi rapid alimente la gr\u0103tar, \u00een timp ce pere\u021bii laterali de v\u00e2nt v\u0103 protejeaz\u0103 \u00eempotriva vremii v\u00e2ntoase. O op\u021biune excelent\u0103 pentru c\u0103l\u0103torii scurte, escapade de weekend sau pentru a v\u0103 completa gr\u0103tarul. Se conecteaz\u0103 \u00een siguran\u021b\u0103 la o butelie de gaz (propan-butan).<\/p>\n<h3>Particularit\u0103\u021bi<\/h3>\n<ul>\n<li>Plit\u0103 pe gaz compact\u0103 \u0219i portabil\u0103<\/li>\n<li>Gril\u0103 deta\u0219abil\u0103, u\u0219or de cur\u0103\u021bat<\/li>\n<li>Protec\u021bie \u00eempotriva v\u00e2ntului<\/li>\n<li>Arz\u0103toare stabile, cu putere termic\u0103 ridicat\u0103<\/li>\n<li>\u00cencuietoare de siguran\u021b\u0103 u\u0219oar\u0103<\/li>\n<li>Arz\u0103toare din o\u021bel inoxidabil cu comenzi individuale<\/li>\n<li>Picioare de cauciuc antiderapante.<\/li>\n<\/ul>\n<h3>Caracteristici<\/h3>\n<ul>\n<li>Material - o\u021bel inoxidabil<\/li>\n<li>Sursa &#8212; butelii de gaz GPL<\/li>\n<li>Consum de gaz &#8212; 2 x 102 g\/ora<\/li>\n<li>Putere &#8212; 2 x 1400 W<\/li>\n<li>Dimensiuni &#8212; 46 x 25 x 9 cm<\/li>\n<li>Greutate &#8212; 2,2 kg.<\/li>\n<\/ul>\n<h3>Marca<\/h3>\n<p>Compania danez\u0103 Outwell a fost \u00eenfiin\u021bat\u0103 \u00een 1984 cu scopul de a crea echipamente pentru activit\u0103\u021bi \u00een aer liber \u0219i turism. \u00cenc\u0103 de la \u00eenfiin\u021bare, compania \u0219i-a dezvoltat produsele pentru a r\u0103spunde nevoilor tot mai mari ale clien\u021bilor s\u0103i, concentr\u00e2ndu-se pe cele mai noi tehnologii outdoor. Toate produsele brandului au c\u00e2\u0219tigat \u00eencrederea la nivel mondial.<\/p>\n<p>Produsele Outwell pot fi caracterizate prin func\u021bionalitate, ergonomie, durabilitate, accesibilitate \u0219i calitate ridicat\u0103. Iar materiile prime ecologice utilizate \u00een produc\u021bie sunt sigure pentru s\u0103n\u0103tatea uman\u0103 \u0219i pentru mediu. Una dintre principalele zone de interes ale m\u0103rcii este campingul de familie. Speciali\u0219tii \u0219i designerii companiei sunt convin\u0219i c\u0103 nu exist\u0103 nimic mai pl\u0103cut dec\u00e2t odihna \u00een aer liber. Picnicurile \u0219i campingul sunt deosebit de pl\u0103cute pentru copii, dornici s\u0103 exploreze lumea, s\u0103 \u00eenve\u021be lucruri noi \u0219i s\u0103 \u00ee\u0219i extind\u0103 orizonturile.<\/p>\n<p><\/p>","protected":false},"excerpt":{"rendered":"<p>Aragaz Outwell Appetizer Duo<\/p>","protected":false},"featured_media":34446,"comment_status":"open","ping_status":"closed","template":"","meta":{"_acf_changed":false,"inline_featured_image":false},"product_brand":[1275],"product_cat":[439],"product_tag":[],"class_list":{"0":"post-32992","1":"product","2":"type-product","3":"status-publish","4":"has-post-thumbnail","6":"product_brand-outwell","7":"product_cat-aragaz","9":"first","10":"outofstock","11":"shipping-taxable","12":"product-type-simple"},"acf":[],"yoast_head":"<!-- This site is optimized with the Yoast SEO plugin v27.2 - https:\/\/yoast.com\/product\/yoast-seo-wordpress\/ -->\n<title>\u0413\u0430\u0437\u043e\u0432\u0430\u044f \u043f\u043b\u0438\u0442\u0430 Outwell Appetizer Duo - \u041c\u0430\u0433\u0430\u0437\u0438\u043d Xstyle<\/title>\n<meta name=\"description\" content=\"\u041e\u0442\u043a\u0440\u043e\u0439\u0442\u0435 \u0434\u043b\u044f \u0441\u0435\u0431\u044f \u0433\u0430\u0437\u043e\u0432\u0443\u044e \u043f\u043b\u0438\u0442\u0443 Outwell Appetizer Duo \u0441 \u0434\u0432\u0443\u043c\u044f \u043e\u0442\u0434\u0435\u043b\u044c\u043d\u044b\u043c\u0438 \u043a\u043e\u043d\u0444\u043e\u0440\u043a\u0430\u043c\u0438. \u041a\u043e\u043c\u043f\u0430\u043a\u0442\u043d\u044b\u0439 \u0434\u0438\u0437\u0430\u0439\u043d \u0438 \u0437\u0430\u0449\u0438\u0442\u0430 \u043e\u0442 \u0432\u0435\u0442\u0440\u0430 \u0434\u043b\u044f \u0438\u0434\u0435\u0430\u043b\u044c\u043d\u043e\u0433\u043e \u043a\u0435\u043c\u043f\u0438\u043d\u0433\u0430!\" \/>\n<meta name=\"robots\" content=\"index, follow, max-snippet:-1, max-image-preview:large, max-video-preview:-1\" \/>\n<link rel=\"canonical\" href=\"https:\/\/xstyle.md\/ro\/produs\/gazovaja-plita-outwell-appetizer-duo\/\" \/>\n<meta property=\"og:locale\" content=\"ro_RO\" \/>\n<meta property=\"og:type\" content=\"article\" \/>\n<meta property=\"og:title\" content=\"\u0413\u0430\u0437\u043e\u0432\u0430\u044f \u043f\u043b\u0438\u0442\u0430 Outwell Appetizer Duo - \u041c\u0430\u0433\u0430\u0437\u0438\u043d Xstyle\" \/>\n<meta property=\"og:description\" content=\"\u041e\u0442\u043a\u0440\u043e\u0439\u0442\u0435 \u0434\u043b\u044f \u0441\u0435\u0431\u044f \u0433\u0430\u0437\u043e\u0432\u0443\u044e \u043f\u043b\u0438\u0442\u0443 Outwell Appetizer Duo \u0441 \u0434\u0432\u0443\u043c\u044f \u043e\u0442\u0434\u0435\u043b\u044c\u043d\u044b\u043c\u0438 \u043a\u043e\u043d\u0444\u043e\u0440\u043a\u0430\u043c\u0438. \u041a\u043e\u043c\u043f\u0430\u043a\u0442\u043d\u044b\u0439 \u0434\u0438\u0437\u0430\u0439\u043d \u0438 \u0437\u0430\u0449\u0438\u0442\u0430 \u043e\u0442 \u0432\u0435\u0442\u0440\u0430 \u0434\u043b\u044f \u0438\u0434\u0435\u0430\u043b\u044c\u043d\u043e\u0433\u043e \u043a\u0435\u043c\u043f\u0438\u043d\u0433\u0430!\" \/>\n<meta property=\"og:url\" content=\"https:\/\/xstyle.md\/ro\/produs\/gazovaja-plita-outwell-appetizer-duo\/\" \/>\n<meta property=\"og:site_name\" content=\"\u041c\u0430\u0433\u0430\u0437\u0438\u043d Xstyle\" \/>\n<meta property=\"article:publisher\" content=\"https:\/\/www.facebook.com\/xstylemd\" \/>\n<meta property=\"article:modified_time\" content=\"2025-06-10T11:02:24+00:00\" \/>\n<meta property=\"og:image\" content=\"https:\/\/xstyle.md\/wp-content\/uploads\/2021\/04\/outwell-appetizer-duo.jpg\" \/>\n\t<meta property=\"og:image:width\" content=\"1230\" \/>\n\t<meta property=\"og:image:height\" content=\"692\" \/>\n\t<meta property=\"og:image:type\" content=\"image\/jpeg\" \/>\n<meta name=\"twitter:card\" content=\"summary_large_image\" \/>\n<meta name=\"twitter:label1\" content=\"Pre\u021b\" \/>\n\t<meta name=\"twitter:data1\" content=\"1.790&nbsp;MDL\" \/>\n\t<meta name=\"twitter:label2\" content=\"Disponibilitate\" \/>\n\t<meta name=\"twitter:data2\" content=\"Stoc epuizat\" \/>\n<script type=\"application\/ld+json\" class=\"yoast-schema-graph\">{\"@context\":\"https:\/\/schema.org\",\"@graph\":[{\"@type\":\"WebPage\",\"@id\":\"https:\/\/xstyle.md\/product\/gazovaja-plita-outwell-appetizer-duo\/\",\"url\":\"https:\/\/xstyle.md\/product\/gazovaja-plita-outwell-appetizer-duo\/\",\"name\":\"\u0413\u0430\u0437\u043e\u0432\u0430\u044f \u043f\u043b\u0438\u0442\u0430 Outwell Appetizer Duo - \u041c\u0430\u0433\u0430\u0437\u0438\u043d Xstyle\",\"isPartOf\":{\"@id\":\"https:\/\/xstyle.md\/#website\"},\"primaryImageOfPage\":{\"@id\":\"https:\/\/xstyle.md\/product\/gazovaja-plita-outwell-appetizer-duo\/#primaryimage\"},\"image\":{\"@id\":\"https:\/\/xstyle.md\/product\/gazovaja-plita-outwell-appetizer-duo\/#primaryimage\"},\"thumbnailUrl\":\"https:\/\/xstyle.md\/wp-content\/uploads\/2021\/04\/outwell-appetizer-duo.jpg\",\"datePublished\":\"2021-04-30T10:00:02+00:00\",\"dateModified\":\"2025-06-10T11:02:24+00:00\",\"description\":\"\u041e\u0442\u043a\u0440\u043e\u0439\u0442\u0435 \u0434\u043b\u044f \u0441\u0435\u0431\u044f \u0433\u0430\u0437\u043e\u0432\u0443\u044e \u043f\u043b\u0438\u0442\u0443 Outwell Appetizer Duo \u0441 \u0434\u0432\u0443\u043c\u044f \u043e\u0442\u0434\u0435\u043b\u044c\u043d\u044b\u043c\u0438 \u043a\u043e\u043d\u0444\u043e\u0440\u043a\u0430\u043c\u0438. \u041a\u043e\u043c\u043f\u0430\u043a\u0442\u043d\u044b\u0439 \u0434\u0438\u0437\u0430\u0439\u043d \u0438 \u0437\u0430\u0449\u0438\u0442\u0430 \u043e\u0442 \u0432\u0435\u0442\u0440\u0430 \u0434\u043b\u044f \u0438\u0434\u0435\u0430\u043b\u044c\u043d\u043e\u0433\u043e \u043a\u0435\u043c\u043f\u0438\u043d\u0433\u0430!\",\"breadcrumb\":{\"@id\":\"https:\/\/xstyle.md\/product\/gazovaja-plita-outwell-appetizer-duo\/#breadcrumb\"},\"inLanguage\":\"ro-RO\",\"potentialAction\":[{\"@type\":\"ReadAction\",\"target\":[\"https:\/\/xstyle.md\/product\/gazovaja-plita-outwell-appetizer-duo\/\"]}]},{\"@type\":\"ImageObject\",\"inLanguage\":\"ro-RO\",\"@id\":\"https:\/\/xstyle.md\/product\/gazovaja-plita-outwell-appetizer-duo\/#primaryimage\",\"url\":\"https:\/\/xstyle.md\/wp-content\/uploads\/2021\/04\/outwell-appetizer-duo.jpg\",\"contentUrl\":\"https:\/\/xstyle.md\/wp-content\/uploads\/2021\/04\/outwell-appetizer-duo.jpg\",\"width\":1230,\"height\":692,\"caption\":\"\u0422\u043e\u0432\u0430\u0440\u044b \u0434\u043b\u044f \u0430\u043a\u0442\u0438\u0432\u043d\u043e\u0433\u043e \u043e\u0442\u0434\u044b\u0445\u0430: \u043e\u0434\u0435\u0436\u0434\u0430, \u043e\u0431\u0443\u0432\u044c, \u043f\u043e\u0445\u043e\u0434\u043d\u044b\u0435 \u043f\u0440\u0438\u043d\u0430\u0434\u043b\u0435\u0436\u043d\u043e\u0441\u0442\u0438 \u0438 \u0433\u0430\u0437\u043e\u0432\u0430\u044f \u043f\u043b\u0438\u0442\u0430 Outwell Appetizer Duo \u0434\u043b\u044f \u043f\u0443\u0442\u0435\u0448\u0435\u0441\u0442\u0432\u0438\u0439 \u0438 \u043a\u0435\u043c\u043f\u0438\u043d\u0433\u0430\"},{\"@type\":\"BreadcrumbList\",\"@id\":\"https:\/\/xstyle.md\/product\/gazovaja-plita-outwell-appetizer-duo\/#breadcrumb\",\"itemListElement\":[{\"@type\":\"ListItem\",\"position\":1,\"name\":\"\u0413\u043b\u0430\u0432\u043d\u0430\u044f \u0441\u0442\u0440\u0430\u043d\u0438\u0446\u0430\",\"item\":\"https:\/\/xstyle.md\/\"},{\"@type\":\"ListItem\",\"position\":2,\"name\":\"\u041c\u0430\u0433\u0430\u0437\u0438\u043d\",\"item\":\"https:\/\/xstyle.md\/shop\/\"},{\"@type\":\"ListItem\",\"position\":3,\"name\":\"\u0413\u0430\u0437\u043e\u0432\u0430\u044f \u043f\u043b\u0438\u0442\u0430 Outwell Appetizer Duo\"}]},{\"@type\":\"WebSite\",\"@id\":\"https:\/\/xstyle.md\/#website\",\"url\":\"https:\/\/xstyle.md\/\",\"name\":\"\u041c\u0430\u0433\u0430\u0437\u0438\u043d Xstyle\",\"description\":\"C\u043d\u0430\u0440\u044f\u0436\u0435\u043d\u0438\u0435 \u0434\u043b\u044f \u0442\u0443\u0440\u0438\u0437\u043c\u0430 \u0438 \u044d\u043a\u0441\u0442\u0440\u0435\u043c\u0430\u043b\u044c\u043d\u044b\u0445 \u0432\u0438\u0434\u043e\u0432 \u0441\u043f\u043e\u0440\u0442\u0430 \u0432 \u041c\u043e\u043b\u0434\u043e\u0432\u0435.. \u0426\u0435\u043d\u044b, \u0444\u043e\u0442\u043e, \u0445\u0430\u0440\u0430\u043a\u0442\u0435\u0440\u0438\u0441\u0442\u0438\u043a\u0438 \u0432 \u041c\u043e\u043b\u0434\u043e\u0432\u0435.\",\"publisher\":{\"@id\":\"https:\/\/xstyle.md\/#organization\"},\"alternateName\":\"X-Style\",\"potentialAction\":[{\"@type\":\"SearchAction\",\"target\":{\"@type\":\"EntryPoint\",\"urlTemplate\":\"https:\/\/xstyle.md\/?s={search_term_string}\"},\"query-input\":{\"@type\":\"PropertyValueSpecification\",\"valueRequired\":true,\"valueName\":\"search_term_string\"}}],\"inLanguage\":\"ro-RO\"},{\"@type\":\"Organization\",\"@id\":\"https:\/\/xstyle.md\/#organization\",\"name\":\"\u041c\u0430\u0433\u0430\u0437\u0438\u043d Xstyle\",\"alternateName\":\"x-style\",\"url\":\"https:\/\/xstyle.md\/\",\"logo\":{\"@type\":\"ImageObject\",\"inLanguage\":\"ro-RO\",\"@id\":\"https:\/\/xstyle.md\/#\/schema\/logo\/image\/\",\"url\":\"https:\/\/xstyle.md\/wp-content\/uploads\/2020\/06\/logoicon.svg\",\"contentUrl\":\"https:\/\/xstyle.md\/wp-content\/uploads\/2020\/06\/logoicon.svg\",\"caption\":\"\u041c\u0430\u0433\u0430\u0437\u0438\u043d Xstyle\"},\"image\":{\"@id\":\"https:\/\/xstyle.md\/#\/schema\/logo\/image\/\"},\"sameAs\":[\"https:\/\/www.facebook.com\/xstylemd\",\"https:\/\/www.instagram.com\/xstyle_md\/\",\"https:\/\/t.me\/xstyle_outdoor\"],\"hasMerchantReturnPolicy\":{\"@type\":\"MerchantReturnPolicy\",\"merchantReturnLink\":\"https:\/\/xstyle.md\/ro\/conditions\/\"}}]}<\/script>\n<meta property=\"product:price:amount\" content=\"1790.00\" \/>\n<meta property=\"product:price:currency\" content=\"MDL\" \/>\n<meta property=\"og:availability\" content=\"out of stock\" \/>\n<meta property=\"product:availability\" content=\"out of stock\" \/>\n<meta property=\"product:retailer_item_id\" content=\"5709388078025\" \/>\n<meta property=\"product:condition\" content=\"new\" \/>\n<!-- \/ Yoast SEO plugin. -->","yoast_head_json":{"title":"Aragaz Outwell Appetizer Duo - Magazin Xstyle","description":"Descoperi\u021bi aragazul Outwell Appetizer Duo cu dou\u0103 plite separate. Designul compact \u0219i protec\u021bia \u00eempotriva v\u00e2ntului \u00eel fac ideal pentru camping!","robots":{"index":"index","follow":"follow","max-snippet":"max-snippet:-1","max-image-preview":"max-image-preview:large","max-video-preview":"max-video-preview:-1"},"canonical":"https:\/\/xstyle.md\/ro\/produs\/gazovaja-plita-outwell-appetizer-duo\/","og_locale":"ro_RO","og_type":"article","og_title":"\u0413\u0430\u0437\u043e\u0432\u0430\u044f \u043f\u043b\u0438\u0442\u0430 Outwell Appetizer Duo - \u041c\u0430\u0433\u0430\u0437\u0438\u043d Xstyle","og_description":"\u041e\u0442\u043a\u0440\u043e\u0439\u0442\u0435 \u0434\u043b\u044f \u0441\u0435\u0431\u044f \u0433\u0430\u0437\u043e\u0432\u0443\u044e \u043f\u043b\u0438\u0442\u0443 Outwell Appetizer Duo \u0441 \u0434\u0432\u0443\u043c\u044f \u043e\u0442\u0434\u0435\u043b\u044c\u043d\u044b\u043c\u0438 \u043a\u043e\u043d\u0444\u043e\u0440\u043a\u0430\u043c\u0438. \u041a\u043e\u043c\u043f\u0430\u043a\u0442\u043d\u044b\u0439 \u0434\u0438\u0437\u0430\u0439\u043d \u0438 \u0437\u0430\u0449\u0438\u0442\u0430 \u043e\u0442 \u0432\u0435\u0442\u0440\u0430 \u0434\u043b\u044f \u0438\u0434\u0435\u0430\u043b\u044c\u043d\u043e\u0433\u043e \u043a\u0435\u043c\u043f\u0438\u043d\u0433\u0430!","og_url":"https:\/\/xstyle.md\/ro\/produs\/gazovaja-plita-outwell-appetizer-duo\/","og_site_name":"\u041c\u0430\u0433\u0430\u0437\u0438\u043d Xstyle","article_publisher":"https:\/\/www.facebook.com\/xstylemd","article_modified_time":"2025-06-10T11:02:24+00:00","og_image":[{"width":1230,"height":692,"url":"https:\/\/xstyle.md\/wp-content\/uploads\/2021\/04\/outwell-appetizer-duo.jpg","type":"image\/jpeg"}],"twitter_card":"summary_large_image","twitter_misc":{"Pre\u021b":"1.790&nbsp;MDL","Disponibilitate":"Stoc epuizat"},"schema":{"@context":"https:\/\/schema.org","@graph":[{"@type":"WebPage","@id":"https:\/\/xstyle.md\/product\/gazovaja-plita-outwell-appetizer-duo\/","url":"https:\/\/xstyle.md\/product\/gazovaja-plita-outwell-appetizer-duo\/","name":"Aragaz Outwell Appetizer Duo - Magazin Xstyle","isPartOf":{"@id":"https:\/\/xstyle.md\/#website"},"primaryImageOfPage":{"@id":"https:\/\/xstyle.md\/product\/gazovaja-plita-outwell-appetizer-duo\/#primaryimage"},"image":{"@id":"https:\/\/xstyle.md\/product\/gazovaja-plita-outwell-appetizer-duo\/#primaryimage"},"thumbnailUrl":"https:\/\/xstyle.md\/wp-content\/uploads\/2021\/04\/outwell-appetizer-duo.jpg","datePublished":"2021-04-30T10:00:02+00:00","dateModified":"2025-06-10T11:02:24+00:00","description":"Descoperi\u021bi aragazul Outwell Appetizer Duo cu dou\u0103 plite separate. Designul compact \u0219i protec\u021bia \u00eempotriva v\u00e2ntului \u00eel fac ideal pentru camping!","breadcrumb":{"@id":"https:\/\/xstyle.md\/product\/gazovaja-plita-outwell-appetizer-duo\/#breadcrumb"},"inLanguage":"ro-RO","potentialAction":[{"@type":"ReadAction","target":["https:\/\/xstyle.md\/product\/gazovaja-plita-outwell-appetizer-duo\/"]}]},{"@type":"ImageObject","inLanguage":"ro-RO","@id":"https:\/\/xstyle.md\/product\/gazovaja-plita-outwell-appetizer-duo\/#primaryimage","url":"https:\/\/xstyle.md\/wp-content\/uploads\/2021\/04\/outwell-appetizer-duo.jpg","contentUrl":"https:\/\/xstyle.md\/wp-content\/uploads\/2021\/04\/outwell-appetizer-duo.jpg","width":1230,"height":692,"caption":"\u0422\u043e\u0432\u0430\u0440\u044b \u0434\u043b\u044f \u0430\u043a\u0442\u0438\u0432\u043d\u043e\u0433\u043e \u043e\u0442\u0434\u044b\u0445\u0430: \u043e\u0434\u0435\u0436\u0434\u0430, \u043e\u0431\u0443\u0432\u044c, \u043f\u043e\u0445\u043e\u0434\u043d\u044b\u0435 \u043f\u0440\u0438\u043d\u0430\u0434\u043b\u0435\u0436\u043d\u043e\u0441\u0442\u0438 \u0438 \u0433\u0430\u0437\u043e\u0432\u0430\u044f \u043f\u043b\u0438\u0442\u0430 Outwell Appetizer Duo \u0434\u043b\u044f \u043f\u0443\u0442\u0435\u0448\u0435\u0441\u0442\u0432\u0438\u0439 \u0438 \u043a\u0435\u043c\u043f\u0438\u043d\u0433\u0430"},{"@type":"BreadcrumbList","@id":"https:\/\/xstyle.md\/product\/gazovaja-plita-outwell-appetizer-duo\/#breadcrumb","itemListElement":[{"@type":"ListItem","position":1,"name":"\u0413\u043b\u0430\u0432\u043d\u0430\u044f \u0441\u0442\u0440\u0430\u043d\u0438\u0446\u0430","item":"https:\/\/xstyle.md\/"},{"@type":"ListItem","position":2,"name":"\u041c\u0430\u0433\u0430\u0437\u0438\u043d","item":"https:\/\/xstyle.md\/shop\/"},{"@type":"ListItem","position":3,"name":"\u0413\u0430\u0437\u043e\u0432\u0430\u044f \u043f\u043b\u0438\u0442\u0430 Outwell Appetizer Duo"}]},{"@type":"WebSite","@id":"https:\/\/xstyle.md\/#website","url":"https:\/\/xstyle.md\/","name":"Magazinul X-Style","description":"Echipamente pentru turism \u0219i sporturi extreme \u00een Moldova. Pre\u021buri, fotografii, caracteristici \u00een Moldova.","publisher":{"@id":"https:\/\/xstyle.md\/#organization"},"alternateName":"X-Style","potentialAction":[{"@type":"SearchAction","target":{"@type":"EntryPoint","urlTemplate":"https:\/\/xstyle.md\/?s={search_term_string}"},"query-input":{"@type":"PropertyValueSpecification","valueRequired":true,"valueName":"search_term_string"}}],"inLanguage":"ro-RO"},{"@type":"Organization","@id":"https:\/\/xstyle.md\/#organization","name":"Magazinul X-Style","alternateName":"x-style","url":"https:\/\/xstyle.md\/","logo":{"@type":"ImageObject","inLanguage":"ro-RO","@id":"https:\/\/xstyle.md\/#\/schema\/logo\/image\/","url":"https:\/\/xstyle.md\/wp-content\/uploads\/2020\/06\/logoicon.svg","contentUrl":"https:\/\/xstyle.md\/wp-content\/uploads\/2020\/06\/logoicon.svg","caption":"\u041c\u0430\u0433\u0430\u0437\u0438\u043d Xstyle"},"image":{"@id":"https:\/\/xstyle.md\/#\/schema\/logo\/image\/"},"sameAs":["https:\/\/www.facebook.com\/xstylemd","https:\/\/www.instagram.com\/xstyle_md\/","https:\/\/t.me\/xstyle_outdoor"],"hasMerchantReturnPolicy":{"@type":"MerchantReturnPolicy","merchantReturnLink":"https:\/\/xstyle.md\/ro\/conditions\/"}}]},"product_price_amount":"1790.00","product_price_currency":"MDL","og_availability":"out of stock","product_availability":"out of stock","product_retailer_item_id":"5709388078025","product_condition":"new"},"post_mailing_queue_ids":[],"_links":{"self":[{"href":"https:\/\/xstyle.md\/ro\/wp-json\/wp\/v2\/product\/32992","targetHints":{"allow":["GET"]}}],"collection":[{"href":"https:\/\/xstyle.md\/ro\/wp-json\/wp\/v2\/product"}],"about":[{"href":"https:\/\/xstyle.md\/ro\/wp-json\/wp\/v2\/types\/product"}],"replies":[{"embeddable":true,"href":"https:\/\/xstyle.md\/ro\/wp-json\/wp\/v2\/comments?post=32992"}],"wp:featuredmedia":[{"embeddable":true,"href":"https:\/\/xstyle.md\/ro\/wp-json\/wp\/v2\/media\/34446"}],"wp:attachment":[{"href":"https:\/\/xstyle.md\/ro\/wp-json\/wp\/v2\/media?parent=32992"}],"wp:term":[{"taxonomy":"product_brand","embeddable":true,"href":"https:\/\/xstyle.md\/ro\/wp-json\/wp\/v2\/product_brand?post=32992"},{"taxonomy":"product_cat","embeddable":true,"href":"https:\/\/xstyle.md\/ro\/wp-json\/wp\/v2\/product_cat?post=32992"},{"taxonomy":"product_tag","embeddable":true,"href":"https:\/\/xstyle.md\/ro\/wp-json\/wp\/v2\/product_tag?post=32992"}],"curies":[{"name":"wp","href":"https:\/\/api.w.org\/{rel}","templated":true}]}}