{"id":32990,"date":"2021-04-30T13:00:02","date_gmt":"2021-04-30T10:00:02","guid":{"rendered":"https:\/\/xstyle.md\/?post_type=product&#038;p=32990"},"modified":"2026-04-07T15:23:41","modified_gmt":"2026-04-07T12:23:41","slug":"ognivo-robens-fire-steel","status":"publish","type":"product","link":"https:\/\/xstyle.md\/ro\/produs\/ognivo-robens-fire-steel\/","title":{"rendered":"Amnar\/cremene Robens Fire steel"},"content":{"rendered":"<\/p>\n<p>Cremene <strong>Robens Fire steel<\/strong> &#8212; este modalitatea optim\u0103 de a aprinde un foc sau de a aprinde un aragaz \u00een orice condi\u021bii meteorologice. Nu se va umezi \u0219i func\u021bioneaz\u0103 pe ploaie, z\u0103pad\u0103.<\/p>\n<h3>Particularit\u0103\u021bi<\/h3>\n<ul>\n<li>Nu se teme de umiditate, func\u021bioneaz\u0103 chiar \u0219i umed<\/li>\n<li>Porne\u0219te focuri, l\u0103mpi, arz\u0103toare, gr\u0103tare, gr\u0103tare \u00een orice vreme, f\u0103r\u0103 a \u021bine cont de \u00een\u0103l\u021bime<\/li>\n<li>F\u0103r\u0103 restric\u021bii de transport<\/li>\n<li>U\u0219or \u0219i comod de utilizat<\/li>\n<li>M\u00e2ner \u00eengrijit din bambus.<\/li>\n<\/ul>\n<h3>Caracteristici<\/h3>\n<ul>\n<li>Tipul de aprindere &#8212; piezo<\/li>\n<li>Material &#8212; bambus<\/li>\n<li>Dimensiuni &#8212; 1,9 x 12 cm (diametru x \u00een\u0103l\u021bime)<\/li>\n<li>Greutate &#8212; 48g.<\/li>\n<\/ul>\n<h3>Marca<\/h3>\n<p>Povestea m\u0103rcii Robens \u00eencepe \u00een 1973, c\u00e2nd Klaus Robens \u0219i so\u021bia sa au fondat compania \u00een casa lor din Wenfort, Germania. Biroul companiei se afla la subsol, iar showroom-ul pe peluza din fa\u021b\u0103. Cuno\u0219tin\u021bele vaste ale lui Robens \u00een ceea ce prive\u0219te activit\u0103\u021bile \u00een aer liber \u0219i calitatea ridicat\u0103 au f\u0103cut ca Robens s\u0103 aib\u0103 at\u00e2t de mult succes \u00eenc\u00e2t, \u00een 1988, compania s-a mutat \u00eentr-o cl\u0103dire nou\u0103 \u0219i a \u00eenceput s\u0103 lucreze cu designerul industrial Olaf Bracht, care \u00eemp\u0103rt\u0103\u0219ea pasiunea lui Robens.<\/p>\n<p>Marca Robens este recunoscut\u0103 ca un produc\u0103tor de echipamente ideale pentru via\u021ba \u00een aer liber, cu accent pe calitate \u00eenalt\u0103 \u0219i pre\u021buri rezonabile. \u00cen 2000, Robens a fost achizi\u021bionat de OASE Outdoors \u0219i a fost rebranduit \u00een 2012. \u00cen prezent, Robens continu\u0103 s\u0103 avanseze \u00een a ajuta oamenii s\u0103 \u00ee\u0219i realizeze pasiunea pentru activit\u0103\u021bile \u00een aer liber.<\/p>\n<p><\/p>","protected":false},"excerpt":{"rendered":"<p>Amnar\/cremene Robens Fire steel<\/p>","protected":false},"featured_media":34464,"comment_status":"open","ping_status":"closed","template":"","meta":{"_acf_changed":false,"inline_featured_image":false},"product_brand":[1329],"product_cat":[87],"product_tag":[],"class_list":{"0":"post-32990","1":"product","2":"type-product","3":"status-publish","4":"has-post-thumbnail","6":"product_brand-robens","7":"product_cat-flint","9":"first","10":"instock","11":"shipping-taxable","12":"purchasable","13":"product-type-simple"},"acf":[],"yoast_head":"<!-- This site is optimized with the Yoast SEO plugin v27.4 - https:\/\/yoast.com\/product\/yoast-seo-wordpress\/ -->\n<title>\u041e\u0433\u043d\u0438\u0432\u043e Robens Fire steel - \u041c\u0430\u0433\u0430\u0437\u0438\u043d Xstyle<\/title>\n<meta name=\"description\" content=\"\u0418\u0449\u0435\u0442\u0435 \u043d\u0430\u0434\u0435\u0436\u043d\u044b\u0439 \u0441\u043f\u043e\u0441\u043e\u0431 \u0440\u0430\u0437\u0432\u0435\u0441\u0442\u0438 \u043e\u0433\u043e\u043d\u044c? \u041e\u0433\u043d\u0438\u0432\u043e Robens Fire steel \u0440\u0430\u0431\u043e\u0442\u0430\u0435\u0442 \u0432 \u043b\u044e\u0431\u044b\u0445 \u0443\u0441\u043b\u043e\u0432\u0438\u044f\u0445. \u0423\u0441\u0442\u043e\u0439\u0447\u0438\u0432\u043e \u043a \u0432\u043b\u0430\u0433\u0435, \u0438\u0434\u0435\u0430\u043b\u044c\u043d\u043e \u0434\u043b\u044f \u043a\u0435\u043c\u043f\u0438\u043d\u0433\u0430 \u0438 \u0432\u044b\u0436\u0438\u0432\u0430\u043d\u0438\u044f.\" \/>\n<meta name=\"robots\" content=\"index, follow, max-snippet:-1, max-image-preview:large, max-video-preview:-1\" \/>\n<link rel=\"canonical\" href=\"https:\/\/xstyle.md\/ro\/produs\/ognivo-robens-fire-steel\/\" \/>\n<meta property=\"og:locale\" content=\"ro_RO\" \/>\n<meta property=\"og:type\" content=\"article\" \/>\n<meta property=\"og:title\" content=\"\u041e\u0433\u043d\u0438\u0432\u043e Robens Fire steel - \u041c\u0430\u0433\u0430\u0437\u0438\u043d Xstyle\" \/>\n<meta property=\"og:description\" content=\"\u0418\u0449\u0435\u0442\u0435 \u043d\u0430\u0434\u0435\u0436\u043d\u044b\u0439 \u0441\u043f\u043e\u0441\u043e\u0431 \u0440\u0430\u0437\u0432\u0435\u0441\u0442\u0438 \u043e\u0433\u043e\u043d\u044c? \u041e\u0433\u043d\u0438\u0432\u043e Robens Fire steel \u0440\u0430\u0431\u043e\u0442\u0430\u0435\u0442 \u0432 \u043b\u044e\u0431\u044b\u0445 \u0443\u0441\u043b\u043e\u0432\u0438\u044f\u0445. \u0423\u0441\u0442\u043e\u0439\u0447\u0438\u0432\u043e \u043a \u0432\u043b\u0430\u0433\u0435, \u0438\u0434\u0435\u0430\u043b\u044c\u043d\u043e \u0434\u043b\u044f \u043a\u0435\u043c\u043f\u0438\u043d\u0433\u0430 \u0438 \u0432\u044b\u0436\u0438\u0432\u0430\u043d\u0438\u044f.\" \/>\n<meta property=\"og:url\" content=\"https:\/\/xstyle.md\/ro\/produs\/ognivo-robens-fire-steel\/\" \/>\n<meta property=\"og:site_name\" content=\"\u041c\u0430\u0433\u0430\u0437\u0438\u043d Xstyle\" \/>\n<meta property=\"article:publisher\" content=\"https:\/\/www.facebook.com\/xstylemd\" \/>\n<meta property=\"article:modified_time\" content=\"2026-04-07T12:23:41+00:00\" \/>\n<meta property=\"og:image\" content=\"https:\/\/xstyle.md\/wp-content\/uploads\/2021\/04\/robens-fire-steel-1.jpg\" \/>\n\t<meta property=\"og:image:width\" content=\"627\" \/>\n\t<meta property=\"og:image:height\" content=\"692\" \/>\n\t<meta property=\"og:image:type\" content=\"image\/jpeg\" \/>\n<meta name=\"twitter:card\" content=\"summary_large_image\" \/>\n<meta name=\"twitter:label1\" content=\"Pre\u021b\" \/>\n\t<meta name=\"twitter:data1\" content=\"180&nbsp;MDL\" \/>\n\t<meta name=\"twitter:label2\" content=\"Disponibilitate\" \/>\n\t<meta name=\"twitter:data2\" content=\"\u00cen stoc\" \/>\n<script type=\"application\/ld+json\" class=\"yoast-schema-graph\">{\"@context\":\"https:\\\/\\\/schema.org\",\"@graph\":[{\"@type\":\"WebPage\",\"@id\":\"https:\\\/\\\/xstyle.md\\\/product\\\/ognivo-robens-fire-steel\\\/\",\"url\":\"https:\\\/\\\/xstyle.md\\\/product\\\/ognivo-robens-fire-steel\\\/\",\"name\":\"\u041e\u0433\u043d\u0438\u0432\u043e Robens Fire steel - \u041c\u0430\u0433\u0430\u0437\u0438\u043d Xstyle\",\"isPartOf\":{\"@id\":\"https:\\\/\\\/xstyle.md\\\/#website\"},\"primaryImageOfPage\":{\"@id\":\"https:\\\/\\\/xstyle.md\\\/product\\\/ognivo-robens-fire-steel\\\/#primaryimage\"},\"image\":{\"@id\":\"https:\\\/\\\/xstyle.md\\\/product\\\/ognivo-robens-fire-steel\\\/#primaryimage\"},\"thumbnailUrl\":\"https:\\\/\\\/xstyle.md\\\/wp-content\\\/uploads\\\/2021\\\/04\\\/robens-fire-steel-1.jpg\",\"datePublished\":\"2021-04-30T10:00:02+00:00\",\"dateModified\":\"2026-04-07T12:23:41+00:00\",\"description\":\"\u0418\u0449\u0435\u0442\u0435 \u043d\u0430\u0434\u0435\u0436\u043d\u044b\u0439 \u0441\u043f\u043e\u0441\u043e\u0431 \u0440\u0430\u0437\u0432\u0435\u0441\u0442\u0438 \u043e\u0433\u043e\u043d\u044c? \u041e\u0433\u043d\u0438\u0432\u043e Robens Fire steel \u0440\u0430\u0431\u043e\u0442\u0430\u0435\u0442 \u0432 \u043b\u044e\u0431\u044b\u0445 \u0443\u0441\u043b\u043e\u0432\u0438\u044f\u0445. \u0423\u0441\u0442\u043e\u0439\u0447\u0438\u0432\u043e \u043a \u0432\u043b\u0430\u0433\u0435, \u0438\u0434\u0435\u0430\u043b\u044c\u043d\u043e \u0434\u043b\u044f \u043a\u0435\u043c\u043f\u0438\u043d\u0433\u0430 \u0438 \u0432\u044b\u0436\u0438\u0432\u0430\u043d\u0438\u044f.\",\"breadcrumb\":{\"@id\":\"https:\\\/\\\/xstyle.md\\\/product\\\/ognivo-robens-fire-steel\\\/#breadcrumb\"},\"inLanguage\":\"ro-RO\",\"potentialAction\":[{\"@type\":\"ReadAction\",\"target\":[\"https:\\\/\\\/xstyle.md\\\/product\\\/ognivo-robens-fire-steel\\\/\"]}]},{\"@type\":\"ImageObject\",\"inLanguage\":\"ro-RO\",\"@id\":\"https:\\\/\\\/xstyle.md\\\/product\\\/ognivo-robens-fire-steel\\\/#primaryimage\",\"url\":\"https:\\\/\\\/xstyle.md\\\/wp-content\\\/uploads\\\/2021\\\/04\\\/robens-fire-steel-1.jpg\",\"contentUrl\":\"https:\\\/\\\/xstyle.md\\\/wp-content\\\/uploads\\\/2021\\\/04\\\/robens-fire-steel-1.jpg\",\"width\":627,\"height\":692,\"caption\":\"\u0418\u043d\u0441\u0442\u0440\u0443\u043c\u0435\u043d\u0442 \u0434\u043b\u044f \u0432\u044b\u0436\u0438\u0432\u0430\u043d\u0438\u044f \u043e\u0433\u043d\u0438\u0432\u043e Robens Fire Steel \u0434\u043b\u044f \u0430\u043a\u0442\u0438\u0432\u043d\u043e\u0433\u043e \u043e\u0442\u0434\u044b\u0445\u0430 \u043f\u043e\u0445\u043e\u0434\u043e\u0432 \u0438 \u043f\u0443\u0442\u0435\u0448\u0435\u0441\u0442\u0432\u0438\u0439, \u044d\u043a\u0438\u043f\u0438\u0440\u043e\u0432\u043a\u0430 \u0434\u043b\u044f \u043a\u0435\u043c\u043f\u0438\u043d\u0433\u0430 \u0438 \u0433\u043e\u0440\u043d\u044b\u0445 \u043f\u043e\u0445\u043e\u0434\u043e\u0432\"},{\"@type\":\"BreadcrumbList\",\"@id\":\"https:\\\/\\\/xstyle.md\\\/product\\\/ognivo-robens-fire-steel\\\/#breadcrumb\",\"itemListElement\":[{\"@type\":\"ListItem\",\"position\":1,\"name\":\"\u0413\u043b\u0430\u0432\u043d\u0430\u044f \u0441\u0442\u0440\u0430\u043d\u0438\u0446\u0430\",\"item\":\"https:\\\/\\\/xstyle.md\\\/\"},{\"@type\":\"ListItem\",\"position\":2,\"name\":\"\u041c\u0430\u0433\u0430\u0437\u0438\u043d\",\"item\":\"https:\\\/\\\/xstyle.md\\\/shop\\\/\"},{\"@type\":\"ListItem\",\"position\":3,\"name\":\"\u041e\u0433\u043d\u0438\u0432\u043e Robens Fire steel\"}]},{\"@type\":\"WebSite\",\"@id\":\"https:\\\/\\\/xstyle.md\\\/#website\",\"url\":\"https:\\\/\\\/xstyle.md\\\/\",\"name\":\"\u041c\u0430\u0433\u0430\u0437\u0438\u043d Xstyle\",\"description\":\"C\u043d\u0430\u0440\u044f\u0436\u0435\u043d\u0438\u0435 \u0434\u043b\u044f \u0442\u0443\u0440\u0438\u0437\u043c\u0430 \u0438 \u044d\u043a\u0441\u0442\u0440\u0435\u043c\u0430\u043b\u044c\u043d\u044b\u0445 \u0432\u0438\u0434\u043e\u0432 \u0441\u043f\u043e\u0440\u0442\u0430 \u0432 \u041c\u043e\u043b\u0434\u043e\u0432\u0435.. \u0426\u0435\u043d\u044b, \u0444\u043e\u0442\u043e, \u0445\u0430\u0440\u0430\u043a\u0442\u0435\u0440\u0438\u0441\u0442\u0438\u043a\u0438 \u0432 \u041c\u043e\u043b\u0434\u043e\u0432\u0435.\",\"publisher\":{\"@id\":\"https:\\\/\\\/xstyle.md\\\/#organization\"},\"alternateName\":\"X-Style\",\"potentialAction\":[{\"@type\":\"SearchAction\",\"target\":{\"@type\":\"EntryPoint\",\"urlTemplate\":\"https:\\\/\\\/xstyle.md\\\/?s={search_term_string}\"},\"query-input\":{\"@type\":\"PropertyValueSpecification\",\"valueRequired\":true,\"valueName\":\"search_term_string\"}}],\"inLanguage\":\"ro-RO\"},{\"@type\":\"Organization\",\"@id\":\"https:\\\/\\\/xstyle.md\\\/#organization\",\"name\":\"\u041c\u0430\u0433\u0430\u0437\u0438\u043d Xstyle\",\"alternateName\":\"x-style\",\"url\":\"https:\\\/\\\/xstyle.md\\\/\",\"logo\":{\"@type\":\"ImageObject\",\"inLanguage\":\"ro-RO\",\"@id\":\"https:\\\/\\\/xstyle.md\\\/#\\\/schema\\\/logo\\\/image\\\/\",\"url\":\"https:\\\/\\\/xstyle.md\\\/wp-content\\\/uploads\\\/2020\\\/06\\\/logoicon.svg\",\"contentUrl\":\"https:\\\/\\\/xstyle.md\\\/wp-content\\\/uploads\\\/2020\\\/06\\\/logoicon.svg\",\"caption\":\"\u041c\u0430\u0433\u0430\u0437\u0438\u043d Xstyle\"},\"image\":{\"@id\":\"https:\\\/\\\/xstyle.md\\\/#\\\/schema\\\/logo\\\/image\\\/\"},\"sameAs\":[\"https:\\\/\\\/www.facebook.com\\\/xstylemd\",\"https:\\\/\\\/www.instagram.com\\\/xstyle_md\\\/\",\"https:\\\/\\\/t.me\\\/xstyle_outdoor\"],\"hasMerchantReturnPolicy\":{\"@type\":\"MerchantReturnPolicy\",\"merchantReturnLink\":\"https:\\\/\\\/xstyle.md\\\/ro\\\/conditions\\\/\"}}]}<\/script>\n<meta property=\"product:price:amount\" content=\"180.00\" \/>\n<meta property=\"product:price:currency\" content=\"MDL\" \/>\n<meta property=\"og:availability\" content=\"instock\" \/>\n<meta property=\"product:availability\" content=\"instock\" \/>\n<meta property=\"product:retailer_item_id\" content=\"5709388106445\" \/>\n<meta property=\"product:condition\" content=\"new\" \/>\n<!-- \/ Yoast SEO plugin. -->","yoast_head_json":{"title":"Amnar\/cremene Robens Fire steel - Magazin Xstyle","description":"C\u0103uta\u021bi o metod\u0103 fiabil\u0103 de a face focul? Sc\u00e2nteia Robens Fire steel func\u021bioneaz\u0103 \u00een orice condi\u021bii. Rezistent la umiditate, ideal pentru camping \u0219i supravie\u021buire.","robots":{"index":"index","follow":"follow","max-snippet":"max-snippet:-1","max-image-preview":"max-image-preview:large","max-video-preview":"max-video-preview:-1"},"canonical":"https:\/\/xstyle.md\/ro\/produs\/ognivo-robens-fire-steel\/","og_locale":"ro_RO","og_type":"article","og_title":"\u041e\u0433\u043d\u0438\u0432\u043e Robens Fire steel - \u041c\u0430\u0433\u0430\u0437\u0438\u043d Xstyle","og_description":"\u0418\u0449\u0435\u0442\u0435 \u043d\u0430\u0434\u0435\u0436\u043d\u044b\u0439 \u0441\u043f\u043e\u0441\u043e\u0431 \u0440\u0430\u0437\u0432\u0435\u0441\u0442\u0438 \u043e\u0433\u043e\u043d\u044c? \u041e\u0433\u043d\u0438\u0432\u043e Robens Fire steel \u0440\u0430\u0431\u043e\u0442\u0430\u0435\u0442 \u0432 \u043b\u044e\u0431\u044b\u0445 \u0443\u0441\u043b\u043e\u0432\u0438\u044f\u0445. \u0423\u0441\u0442\u043e\u0439\u0447\u0438\u0432\u043e \u043a \u0432\u043b\u0430\u0433\u0435, \u0438\u0434\u0435\u0430\u043b\u044c\u043d\u043e \u0434\u043b\u044f \u043a\u0435\u043c\u043f\u0438\u043d\u0433\u0430 \u0438 \u0432\u044b\u0436\u0438\u0432\u0430\u043d\u0438\u044f.","og_url":"https:\/\/xstyle.md\/ro\/produs\/ognivo-robens-fire-steel\/","og_site_name":"\u041c\u0430\u0433\u0430\u0437\u0438\u043d Xstyle","article_publisher":"https:\/\/www.facebook.com\/xstylemd","article_modified_time":"2026-04-07T12:23:41+00:00","og_image":[{"width":627,"height":692,"url":"https:\/\/xstyle.md\/wp-content\/uploads\/2021\/04\/robens-fire-steel-1.jpg","type":"image\/jpeg"}],"twitter_card":"summary_large_image","twitter_misc":{"Pre\u021b":"180&nbsp;MDL","Disponibilitate":"\u00cen stoc"},"schema":{"@context":"https:\/\/schema.org","@graph":[{"@type":"WebPage","@id":"https:\/\/xstyle.md\/product\/ognivo-robens-fire-steel\/","url":"https:\/\/xstyle.md\/product\/ognivo-robens-fire-steel\/","name":"Amnar\/cremene Robens Fire steel - Magazin Xstyle","isPartOf":{"@id":"https:\/\/xstyle.md\/#website"},"primaryImageOfPage":{"@id":"https:\/\/xstyle.md\/product\/ognivo-robens-fire-steel\/#primaryimage"},"image":{"@id":"https:\/\/xstyle.md\/product\/ognivo-robens-fire-steel\/#primaryimage"},"thumbnailUrl":"https:\/\/xstyle.md\/wp-content\/uploads\/2021\/04\/robens-fire-steel-1.jpg","datePublished":"2021-04-30T10:00:02+00:00","dateModified":"2026-04-07T12:23:41+00:00","description":"C\u0103uta\u021bi o metod\u0103 fiabil\u0103 de a face focul? Sc\u00e2nteia Robens Fire steel func\u021bioneaz\u0103 \u00een orice condi\u021bii. Rezistent la umiditate, ideal pentru camping \u0219i supravie\u021buire.","breadcrumb":{"@id":"https:\/\/xstyle.md\/product\/ognivo-robens-fire-steel\/#breadcrumb"},"inLanguage":"ro-RO","potentialAction":[{"@type":"ReadAction","target":["https:\/\/xstyle.md\/product\/ognivo-robens-fire-steel\/"]}]},{"@type":"ImageObject","inLanguage":"ro-RO","@id":"https:\/\/xstyle.md\/product\/ognivo-robens-fire-steel\/#primaryimage","url":"https:\/\/xstyle.md\/wp-content\/uploads\/2021\/04\/robens-fire-steel-1.jpg","contentUrl":"https:\/\/xstyle.md\/wp-content\/uploads\/2021\/04\/robens-fire-steel-1.jpg","width":627,"height":692,"caption":"\u0418\u043d\u0441\u0442\u0440\u0443\u043c\u0435\u043d\u0442 \u0434\u043b\u044f \u0432\u044b\u0436\u0438\u0432\u0430\u043d\u0438\u044f \u043e\u0433\u043d\u0438\u0432\u043e Robens Fire Steel \u0434\u043b\u044f \u0430\u043a\u0442\u0438\u0432\u043d\u043e\u0433\u043e \u043e\u0442\u0434\u044b\u0445\u0430 \u043f\u043e\u0445\u043e\u0434\u043e\u0432 \u0438 \u043f\u0443\u0442\u0435\u0448\u0435\u0441\u0442\u0432\u0438\u0439, \u044d\u043a\u0438\u043f\u0438\u0440\u043e\u0432\u043a\u0430 \u0434\u043b\u044f \u043a\u0435\u043c\u043f\u0438\u043d\u0433\u0430 \u0438 \u0433\u043e\u0440\u043d\u044b\u0445 \u043f\u043e\u0445\u043e\u0434\u043e\u0432"},{"@type":"BreadcrumbList","@id":"https:\/\/xstyle.md\/product\/ognivo-robens-fire-steel\/#breadcrumb","itemListElement":[{"@type":"ListItem","position":1,"name":"\u0413\u043b\u0430\u0432\u043d\u0430\u044f \u0441\u0442\u0440\u0430\u043d\u0438\u0446\u0430","item":"https:\/\/xstyle.md\/"},{"@type":"ListItem","position":2,"name":"\u041c\u0430\u0433\u0430\u0437\u0438\u043d","item":"https:\/\/xstyle.md\/shop\/"},{"@type":"ListItem","position":3,"name":"\u041e\u0433\u043d\u0438\u0432\u043e Robens Fire steel"}]},{"@type":"WebSite","@id":"https:\/\/xstyle.md\/#website","url":"https:\/\/xstyle.md\/","name":"Magazinul X-Style","description":"Echipamente pentru turism \u0219i sporturi extreme \u00een Moldova. Pre\u021buri, fotografii, caracteristici \u00een Moldova.","publisher":{"@id":"https:\/\/xstyle.md\/#organization"},"alternateName":"X-Style","potentialAction":[{"@type":"SearchAction","target":{"@type":"EntryPoint","urlTemplate":"https:\/\/xstyle.md\/?s={search_term_string}"},"query-input":{"@type":"PropertyValueSpecification","valueRequired":true,"valueName":"search_term_string"}}],"inLanguage":"ro-RO"},{"@type":"Organization","@id":"https:\/\/xstyle.md\/#organization","name":"Magazinul X-Style","alternateName":"x-style","url":"https:\/\/xstyle.md\/","logo":{"@type":"ImageObject","inLanguage":"ro-RO","@id":"https:\/\/xstyle.md\/#\/schema\/logo\/image\/","url":"https:\/\/xstyle.md\/wp-content\/uploads\/2020\/06\/logoicon.svg","contentUrl":"https:\/\/xstyle.md\/wp-content\/uploads\/2020\/06\/logoicon.svg","caption":"\u041c\u0430\u0433\u0430\u0437\u0438\u043d Xstyle"},"image":{"@id":"https:\/\/xstyle.md\/#\/schema\/logo\/image\/"},"sameAs":["https:\/\/www.facebook.com\/xstylemd","https:\/\/www.instagram.com\/xstyle_md\/","https:\/\/t.me\/xstyle_outdoor"],"hasMerchantReturnPolicy":{"@type":"MerchantReturnPolicy","merchantReturnLink":"https:\/\/xstyle.md\/ro\/conditions\/"}}]},"product_price_amount":"180.00","product_price_currency":"MDL","og_availability":"instock","product_availability":"instock","product_retailer_item_id":"5709388106445","product_condition":"new"},"_links":{"self":[{"href":"https:\/\/xstyle.md\/ro\/wp-json\/wp\/v2\/product\/32990","targetHints":{"allow":["GET"]}}],"collection":[{"href":"https:\/\/xstyle.md\/ro\/wp-json\/wp\/v2\/product"}],"about":[{"href":"https:\/\/xstyle.md\/ro\/wp-json\/wp\/v2\/types\/product"}],"replies":[{"embeddable":true,"href":"https:\/\/xstyle.md\/ro\/wp-json\/wp\/v2\/comments?post=32990"}],"wp:featuredmedia":[{"embeddable":true,"href":"https:\/\/xstyle.md\/ro\/wp-json\/wp\/v2\/media\/34464"}],"wp:attachment":[{"href":"https:\/\/xstyle.md\/ro\/wp-json\/wp\/v2\/media?parent=32990"}],"wp:term":[{"taxonomy":"product_brand","embeddable":true,"href":"https:\/\/xstyle.md\/ro\/wp-json\/wp\/v2\/product_brand?post=32990"},{"taxonomy":"product_cat","embeddable":true,"href":"https:\/\/xstyle.md\/ro\/wp-json\/wp\/v2\/product_cat?post=32990"},{"taxonomy":"product_tag","embeddable":true,"href":"https:\/\/xstyle.md\/ro\/wp-json\/wp\/v2\/product_tag?post=32990"}],"curies":[{"name":"wp","href":"https:\/\/api.w.org\/{rel}","templated":true}]}}