{"id":32988,"date":"2021-04-30T13:00:01","date_gmt":"2021-04-30T10:00:01","guid":{"rendered":"https:\/\/xstyle.md\/?post_type=product&#038;p=32988"},"modified":"2025-10-24T12:57:32","modified_gmt":"2025-10-24T09:57:32","slug":"nozh-opinel-7-my-first-natural","status":"publish","type":"product","link":"https:\/\/xstyle.md\/ro\/produs\/nozh-opinel-7-my-first-natural\/","title":{"rendered":"Cu\u021bit Opinel \u21167 My First Natural"},"content":{"rendered":"<\/p>\n<p><strong>Opinel \u21167 My First Natural<\/strong> &#8212; un cu\u021bit pliabil de dimensiuni normale, conceput pentru copii. Particularitatea acestor cu\u021bite este c\u0103 au o lam\u0103 rotunjit\u0103, ceea ce \u00eenseamn\u0103 c\u0103 sunt c\u00e2t se poate de sigure pentru a fi folosite de \u00eencep\u0103tori \u0219i copii. Este destul de greu s\u0103 te tai cu un astfel de cu\u021bit \u0219i cu at\u00e2t mai mult s\u0103 \u00ee\u021bi provoci r\u0103ni prin \u00eenjunghiere. De asemenea, cu\u021bitele din aceast\u0103 serie pot fi folosite ca \u0219i cu\u021bite de mas\u0103 la un picnic. Dimensiunea cu\u021bitului nr. 7 este de 10 cm atunci c\u00e2nd este pliat. Datorit\u0103 dimensiunii sale, cu\u021bitul se potrive\u0219te cu u\u0219urin\u021b\u0103 \u00eentr-un buzunar, geant\u0103 sau rucsac, nu va ocupa mult spa\u021biu \u0219i va face fa\u021b\u0103 la majoritatea sarcinilor pe care le pot avea tinerii exploratori.<\/p>\n<p>Lama Opinel No. 7 My First Opinel Natural are o lungime de 8 cm. Este fabricat\u0103 din o\u021bel inoxidabil Sandvik 12C27, de fabrica\u021bie suedez\u0103, durabil. Acest o\u021bel se caracterizeaz\u0103 printr-o duritate ridicat\u0103 \u0219i o rezisten\u021b\u0103 excelent\u0103 la uzur\u0103. \u00cen plus, Sandvik 12C27 este u\u0219or de ascu\u021bit \u0219i se p\u0103streaz\u0103 perfect ascu\u021bit. Lama are o form\u0103 Drop-point.<\/p>\n<p>\u00cen stare deschis\u0103, lama este fixat\u0103 de Viroblock, care este un inel din o\u021bel. Prin deschiderea cu\u021bitului \u0219i rotirea inelului \u00een jurul axei sale, ve\u021bi bloca lama, elimin\u00e2nd astfel posibilitatea de pliere accidental\u0103.<\/p>\n<p>M\u00e2nerul cu\u021bitului are o form\u0103 ergonomic\u0103, iar \u00een acest model, Opinel #7 My First Opinel Natural, este realizat din lemn de fag francez deschis la culoare, din care sunt realizate majoritatea m\u00e2nerelor cu\u021bitelor Opinel. Particularitatea sa este c\u0103 lemnul de fag este foarte puternic \u0219i are o textur\u0103 pl\u0103cut\u0103, \u00een plus, un astfel de m\u00e2ner are o bun\u0103 rezisten\u021b\u0103 la uzur\u0103. M\u00e2nerul este l\u0103cuit pentru a-l proteja de umiditate \u0219i murd\u0103rie.<br \/>\nOpinel #7 My First Opinel Natural #7 este un cu\u021bit de dimensiuni normale pentru utilizarea \u0219i transportul zilnic \u0219i un cadou excelent pentru to\u021bi pasiona\u021bii de cu\u021bite.<\/p>\n<h3>Caracteristici<\/h3>\n<ul>\n<li>Tip cu\u021bit: pliabil<\/li>\n<li>Tip de t\u0103i\u0219: obi\u0219nuit<\/li>\n<li>Tip de blocare: Virobloc<\/li>\n<li>Lungime total\u0103: 18 cm<\/li>\n<li>Lungimea lamei: 8 cm<\/li>\n<li>Material m\u00e2ner: fag fran\u021buzesc<\/li>\n<li>Duritatea o\u021belului: 56 HRC<\/li>\n<li>Calitatea o\u021belului: Sandvik 12C27<\/li>\n<li>Greutate: 30 g<\/li>\n<\/ul>\n<h3>Marca<\/h3>\n<p>Opinel este unul dintre cei mai renumi\u021bi produc\u0103tori de cu\u021bite, tac\u00e2muri \u0219i unelte de gr\u0103din\u0103. Istoria sa a \u00eenceput \u00een 1890, c\u00e2nd artizanul francez Joseph Opinel a creat primul s\u0103u cu\u021bit pliabil. Datorit\u0103 durabilit\u0103\u021bii \u0219i calit\u0103\u021bii materialelor, cum ar fi o\u021belul inoxidabil Sandvik 12C27 pentru lame \u0219i o varietate de esen\u021be de lemn pentru m\u00e2nere, cu\u021bitele Opinel au c\u00e2\u0219tigat dragostea \u0219i recunoa\u0219terea universal\u0103. \u00cen mod tradi\u021bional, cu\u021bitele Opinel sunt disponibile \u00een unsprezece dimensiuni: exist\u0103 cu\u021bite miniaturale pentru lucr\u0103ri fine, cu\u021bite pentru filetare, cu\u021bite universale \u0219i cu\u021bitul gigant num\u0103rul 13 \u0219i diverse accesorii pentru \u00eengrijirea cu\u021bitelor.<\/p>\n<p><\/p>","protected":false},"excerpt":{"rendered":"<p>Cu\u021bit Opinel \u21167 My First Natural<\/p>","protected":false},"featured_media":34590,"comment_status":"open","ping_status":"closed","template":"","meta":{"_acf_changed":false,"inline_featured_image":false},"product_brand":[1268],"product_cat":[169],"product_tag":[],"class_list":{"0":"post-32988","1":"product","2":"type-product","3":"status-publish","4":"has-post-thumbnail","6":"product_brand-opinel","7":"product_cat-knives","9":"first","10":"instock","11":"shipping-taxable","12":"purchasable","13":"product-type-simple"},"acf":[],"yoast_head":"<!-- This site is optimized with the Yoast SEO plugin v27.4 - https:\/\/yoast.com\/product\/yoast-seo-wordpress\/ -->\n<title>\u041d\u043e\u0436 Opinel \u21167 My First Natural - \u041c\u0430\u0433\u0430\u0437\u0438\u043d Xstyle<\/title>\n<meta name=\"description\" content=\"\u0412\u044b\u0431\u0435\u0440\u0438\u0442\u0435 \u043d\u043e\u0436 Opinel \u21167 My First Natural \u0434\u043b\u044f \u0434\u0435\u0442\u0435\u0439! \u0411\u0435\u0437\u043e\u043f\u0430\u0441\u043d\u0430\u044f \u043e\u043a\u0440\u0443\u0433\u043b\u0430\u044f \u043b\u0435\u0437\u0432\u0438\u0435 \u0438 \u0432\u044b\u0441\u043e\u043a\u043e\u043a\u0430\u0447\u0435\u0441\u0442\u0432\u0435\u043d\u043d\u0430\u044f \u0441\u0442\u0430\u043b\u044c Sandvik 12C27 - \u0438\u0434\u0435\u0430\u043b\u044c\u043d\u044b\u0439 \u043f\u0435\u0440\u0432\u044b\u0439 \u043d\u043e\u0436!\" \/>\n<meta name=\"robots\" content=\"index, follow, max-snippet:-1, max-image-preview:large, max-video-preview:-1\" \/>\n<link rel=\"canonical\" href=\"https:\/\/xstyle.md\/ro\/produs\/nozh-opinel-7-my-first-natural\/\" \/>\n<meta property=\"og:locale\" content=\"ro_RO\" \/>\n<meta property=\"og:type\" content=\"article\" \/>\n<meta property=\"og:title\" content=\"\u041d\u043e\u0436 Opinel \u21167 My First Natural - \u041c\u0430\u0433\u0430\u0437\u0438\u043d Xstyle\" \/>\n<meta property=\"og:description\" content=\"\u0412\u044b\u0431\u0435\u0440\u0438\u0442\u0435 \u043d\u043e\u0436 Opinel \u21167 My First Natural \u0434\u043b\u044f \u0434\u0435\u0442\u0435\u0439! \u0411\u0435\u0437\u043e\u043f\u0430\u0441\u043d\u0430\u044f \u043e\u043a\u0440\u0443\u0433\u043b\u0430\u044f \u043b\u0435\u0437\u0432\u0438\u0435 \u0438 \u0432\u044b\u0441\u043e\u043a\u043e\u043a\u0430\u0447\u0435\u0441\u0442\u0432\u0435\u043d\u043d\u0430\u044f \u0441\u0442\u0430\u043b\u044c Sandvik 12C27 - \u0438\u0434\u0435\u0430\u043b\u044c\u043d\u044b\u0439 \u043f\u0435\u0440\u0432\u044b\u0439 \u043d\u043e\u0436!\" \/>\n<meta property=\"og:url\" content=\"https:\/\/xstyle.md\/ro\/produs\/nozh-opinel-7-my-first-natural\/\" \/>\n<meta property=\"og:site_name\" content=\"\u041c\u0430\u0433\u0430\u0437\u0438\u043d Xstyle\" \/>\n<meta property=\"article:publisher\" content=\"https:\/\/www.facebook.com\/xstylemd\" \/>\n<meta property=\"article:modified_time\" content=\"2025-10-24T09:57:32+00:00\" \/>\n<meta property=\"og:image\" content=\"https:\/\/xstyle.md\/wp-content\/uploads\/2021\/04\/nozh-opinel-7-my-first-natural.jpeg\" \/>\n\t<meta property=\"og:image:width\" content=\"609\" \/>\n\t<meta property=\"og:image:height\" content=\"620\" \/>\n\t<meta property=\"og:image:type\" content=\"image\/jpeg\" \/>\n<meta name=\"twitter:card\" content=\"summary_large_image\" \/>\n<meta name=\"twitter:label1\" content=\"Pre\u021b\" \/>\n\t<meta name=\"twitter:data1\" content=\"250&nbsp;MDL\" \/>\n\t<meta name=\"twitter:label2\" content=\"Disponibilitate\" \/>\n\t<meta name=\"twitter:data2\" content=\"\u00cen stoc\" \/>\n<script type=\"application\/ld+json\" class=\"yoast-schema-graph\">{\"@context\":\"https:\\\/\\\/schema.org\",\"@graph\":[{\"@type\":\"WebPage\",\"@id\":\"https:\\\/\\\/xstyle.md\\\/product\\\/nozh-opinel-7-my-first-natural\\\/\",\"url\":\"https:\\\/\\\/xstyle.md\\\/product\\\/nozh-opinel-7-my-first-natural\\\/\",\"name\":\"\u041d\u043e\u0436 Opinel \u21167 My First Natural - \u041c\u0430\u0433\u0430\u0437\u0438\u043d Xstyle\",\"isPartOf\":{\"@id\":\"https:\\\/\\\/xstyle.md\\\/#website\"},\"primaryImageOfPage\":{\"@id\":\"https:\\\/\\\/xstyle.md\\\/product\\\/nozh-opinel-7-my-first-natural\\\/#primaryimage\"},\"image\":{\"@id\":\"https:\\\/\\\/xstyle.md\\\/product\\\/nozh-opinel-7-my-first-natural\\\/#primaryimage\"},\"thumbnailUrl\":\"https:\\\/\\\/xstyle.md\\\/wp-content\\\/uploads\\\/2021\\\/04\\\/nozh-opinel-7-my-first-natural.jpeg\",\"datePublished\":\"2021-04-30T10:00:01+00:00\",\"dateModified\":\"2025-10-24T09:57:32+00:00\",\"description\":\"\u0412\u044b\u0431\u0435\u0440\u0438\u0442\u0435 \u043d\u043e\u0436 Opinel \u21167 My First Natural \u0434\u043b\u044f \u0434\u0435\u0442\u0435\u0439! \u0411\u0435\u0437\u043e\u043f\u0430\u0441\u043d\u0430\u044f \u043e\u043a\u0440\u0443\u0433\u043b\u0430\u044f \u043b\u0435\u0437\u0432\u0438\u0435 \u0438 \u0432\u044b\u0441\u043e\u043a\u043e\u043a\u0430\u0447\u0435\u0441\u0442\u0432\u0435\u043d\u043d\u0430\u044f \u0441\u0442\u0430\u043b\u044c Sandvik 12C27 - \u0438\u0434\u0435\u0430\u043b\u044c\u043d\u044b\u0439 \u043f\u0435\u0440\u0432\u044b\u0439 \u043d\u043e\u0436!\",\"breadcrumb\":{\"@id\":\"https:\\\/\\\/xstyle.md\\\/product\\\/nozh-opinel-7-my-first-natural\\\/#breadcrumb\"},\"inLanguage\":\"ro-RO\",\"potentialAction\":[{\"@type\":\"ReadAction\",\"target\":[\"https:\\\/\\\/xstyle.md\\\/product\\\/nozh-opinel-7-my-first-natural\\\/\"]}]},{\"@type\":\"ImageObject\",\"inLanguage\":\"ro-RO\",\"@id\":\"https:\\\/\\\/xstyle.md\\\/product\\\/nozh-opinel-7-my-first-natural\\\/#primaryimage\",\"url\":\"https:\\\/\\\/xstyle.md\\\/wp-content\\\/uploads\\\/2021\\\/04\\\/nozh-opinel-7-my-first-natural.jpeg\",\"contentUrl\":\"https:\\\/\\\/xstyle.md\\\/wp-content\\\/uploads\\\/2021\\\/04\\\/nozh-opinel-7-my-first-natural.jpeg\",\"width\":609,\"height\":620,\"caption\":\"\u041d\u043e\u0436 Opinel \u21167 My First Natural \u0434\u043b\u044f \u0430\u043a\u0442\u0438\u0432\u043d\u043e\u0433\u043e \u043e\u0442\u0434\u044b\u0445\u0430, \u043f\u043e\u0445\u043e\u0434\u043e\u0432, \u043f\u0443\u0442\u0435\u0448\u0435\u0441\u0442\u0432\u0438\u0439, \u0441\u043f\u043e\u0440\u0442\u0438\u0432\u043d\u043e\u0439 \u043e\u0434\u0435\u0436\u0434\u044b \u0438 \u043e\u0431\u0443\u0432\u0438 \u0434\u043b\u044f \u0430\u043b\u044c\u043f\u0438\u043d\u0438\u0437\u043c\u0430 \u0438 \u0442\u0443\u0440\u0438\u0437\u043c\u0430\"},{\"@type\":\"BreadcrumbList\",\"@id\":\"https:\\\/\\\/xstyle.md\\\/product\\\/nozh-opinel-7-my-first-natural\\\/#breadcrumb\",\"itemListElement\":[{\"@type\":\"ListItem\",\"position\":1,\"name\":\"\u0413\u043b\u0430\u0432\u043d\u0430\u044f \u0441\u0442\u0440\u0430\u043d\u0438\u0446\u0430\",\"item\":\"https:\\\/\\\/xstyle.md\\\/\"},{\"@type\":\"ListItem\",\"position\":2,\"name\":\"\u041c\u0430\u0433\u0430\u0437\u0438\u043d\",\"item\":\"https:\\\/\\\/xstyle.md\\\/shop\\\/\"},{\"@type\":\"ListItem\",\"position\":3,\"name\":\"\u041d\u043e\u0436 Opinel \u21167 My First Natural\"}]},{\"@type\":\"WebSite\",\"@id\":\"https:\\\/\\\/xstyle.md\\\/#website\",\"url\":\"https:\\\/\\\/xstyle.md\\\/\",\"name\":\"\u041c\u0430\u0433\u0430\u0437\u0438\u043d Xstyle\",\"description\":\"C\u043d\u0430\u0440\u044f\u0436\u0435\u043d\u0438\u0435 \u0434\u043b\u044f \u0442\u0443\u0440\u0438\u0437\u043c\u0430 \u0438 \u044d\u043a\u0441\u0442\u0440\u0435\u043c\u0430\u043b\u044c\u043d\u044b\u0445 \u0432\u0438\u0434\u043e\u0432 \u0441\u043f\u043e\u0440\u0442\u0430 \u0432 \u041c\u043e\u043b\u0434\u043e\u0432\u0435.. \u0426\u0435\u043d\u044b, \u0444\u043e\u0442\u043e, \u0445\u0430\u0440\u0430\u043a\u0442\u0435\u0440\u0438\u0441\u0442\u0438\u043a\u0438 \u0432 \u041c\u043e\u043b\u0434\u043e\u0432\u0435.\",\"publisher\":{\"@id\":\"https:\\\/\\\/xstyle.md\\\/#organization\"},\"alternateName\":\"X-Style\",\"potentialAction\":[{\"@type\":\"SearchAction\",\"target\":{\"@type\":\"EntryPoint\",\"urlTemplate\":\"https:\\\/\\\/xstyle.md\\\/?s={search_term_string}\"},\"query-input\":{\"@type\":\"PropertyValueSpecification\",\"valueRequired\":true,\"valueName\":\"search_term_string\"}}],\"inLanguage\":\"ro-RO\"},{\"@type\":\"Organization\",\"@id\":\"https:\\\/\\\/xstyle.md\\\/#organization\",\"name\":\"\u041c\u0430\u0433\u0430\u0437\u0438\u043d Xstyle\",\"alternateName\":\"x-style\",\"url\":\"https:\\\/\\\/xstyle.md\\\/\",\"logo\":{\"@type\":\"ImageObject\",\"inLanguage\":\"ro-RO\",\"@id\":\"https:\\\/\\\/xstyle.md\\\/#\\\/schema\\\/logo\\\/image\\\/\",\"url\":\"https:\\\/\\\/xstyle.md\\\/wp-content\\\/uploads\\\/2020\\\/06\\\/logoicon.svg\",\"contentUrl\":\"https:\\\/\\\/xstyle.md\\\/wp-content\\\/uploads\\\/2020\\\/06\\\/logoicon.svg\",\"caption\":\"\u041c\u0430\u0433\u0430\u0437\u0438\u043d Xstyle\"},\"image\":{\"@id\":\"https:\\\/\\\/xstyle.md\\\/#\\\/schema\\\/logo\\\/image\\\/\"},\"sameAs\":[\"https:\\\/\\\/www.facebook.com\\\/xstylemd\",\"https:\\\/\\\/www.instagram.com\\\/xstyle_md\\\/\",\"https:\\\/\\\/t.me\\\/xstyle_outdoor\"],\"hasMerchantReturnPolicy\":{\"@type\":\"MerchantReturnPolicy\",\"merchantReturnLink\":\"https:\\\/\\\/xstyle.md\\\/ro\\\/conditions\\\/\"}}]}<\/script>\n<meta property=\"product:price:amount\" content=\"250.00\" \/>\n<meta property=\"product:price:currency\" content=\"MDL\" \/>\n<meta property=\"og:availability\" content=\"instock\" \/>\n<meta property=\"product:availability\" content=\"instock\" \/>\n<meta property=\"product:retailer_item_id\" content=\"3123840016967\" \/>\n<meta property=\"product:condition\" content=\"new\" \/>\n<!-- \/ Yoast SEO plugin. -->","yoast_head_json":{"title":"Cu\u021bit Opinel \u21167 My First Natural - Magazin Xstyle","description":"Alege\u021bi cu\u021bitul Opinel \u21167 My First Natural pentru copii! Lama rotunjit\u0103 sigur\u0103 \u0219i o\u021belul de \u00eenalt\u0103 calitate Sandvik 12C27 - cu\u021bitul ideal pentru prima utilizare!","robots":{"index":"index","follow":"follow","max-snippet":"max-snippet:-1","max-image-preview":"max-image-preview:large","max-video-preview":"max-video-preview:-1"},"canonical":"https:\/\/xstyle.md\/ro\/produs\/nozh-opinel-7-my-first-natural\/","og_locale":"ro_RO","og_type":"article","og_title":"\u041d\u043e\u0436 Opinel \u21167 My First Natural - \u041c\u0430\u0433\u0430\u0437\u0438\u043d Xstyle","og_description":"\u0412\u044b\u0431\u0435\u0440\u0438\u0442\u0435 \u043d\u043e\u0436 Opinel \u21167 My First Natural \u0434\u043b\u044f \u0434\u0435\u0442\u0435\u0439! \u0411\u0435\u0437\u043e\u043f\u0430\u0441\u043d\u0430\u044f \u043e\u043a\u0440\u0443\u0433\u043b\u0430\u044f \u043b\u0435\u0437\u0432\u0438\u0435 \u0438 \u0432\u044b\u0441\u043e\u043a\u043e\u043a\u0430\u0447\u0435\u0441\u0442\u0432\u0435\u043d\u043d\u0430\u044f \u0441\u0442\u0430\u043b\u044c Sandvik 12C27 - \u0438\u0434\u0435\u0430\u043b\u044c\u043d\u044b\u0439 \u043f\u0435\u0440\u0432\u044b\u0439 \u043d\u043e\u0436!","og_url":"https:\/\/xstyle.md\/ro\/produs\/nozh-opinel-7-my-first-natural\/","og_site_name":"\u041c\u0430\u0433\u0430\u0437\u0438\u043d Xstyle","article_publisher":"https:\/\/www.facebook.com\/xstylemd","article_modified_time":"2025-10-24T09:57:32+00:00","og_image":[{"width":609,"height":620,"url":"https:\/\/xstyle.md\/wp-content\/uploads\/2021\/04\/nozh-opinel-7-my-first-natural.jpeg","type":"image\/jpeg"}],"twitter_card":"summary_large_image","twitter_misc":{"Pre\u021b":"250&nbsp;MDL","Disponibilitate":"\u00cen stoc"},"schema":{"@context":"https:\/\/schema.org","@graph":[{"@type":"WebPage","@id":"https:\/\/xstyle.md\/product\/nozh-opinel-7-my-first-natural\/","url":"https:\/\/xstyle.md\/product\/nozh-opinel-7-my-first-natural\/","name":"Cu\u021bit Opinel \u21167 My First Natural - Magazin Xstyle","isPartOf":{"@id":"https:\/\/xstyle.md\/#website"},"primaryImageOfPage":{"@id":"https:\/\/xstyle.md\/product\/nozh-opinel-7-my-first-natural\/#primaryimage"},"image":{"@id":"https:\/\/xstyle.md\/product\/nozh-opinel-7-my-first-natural\/#primaryimage"},"thumbnailUrl":"https:\/\/xstyle.md\/wp-content\/uploads\/2021\/04\/nozh-opinel-7-my-first-natural.jpeg","datePublished":"2021-04-30T10:00:01+00:00","dateModified":"2025-10-24T09:57:32+00:00","description":"Alege\u021bi cu\u021bitul Opinel \u21167 My First Natural pentru copii! Lama rotunjit\u0103 sigur\u0103 \u0219i o\u021belul de \u00eenalt\u0103 calitate Sandvik 12C27 - cu\u021bitul ideal pentru prima utilizare!","breadcrumb":{"@id":"https:\/\/xstyle.md\/product\/nozh-opinel-7-my-first-natural\/#breadcrumb"},"inLanguage":"ro-RO","potentialAction":[{"@type":"ReadAction","target":["https:\/\/xstyle.md\/product\/nozh-opinel-7-my-first-natural\/"]}]},{"@type":"ImageObject","inLanguage":"ro-RO","@id":"https:\/\/xstyle.md\/product\/nozh-opinel-7-my-first-natural\/#primaryimage","url":"https:\/\/xstyle.md\/wp-content\/uploads\/2021\/04\/nozh-opinel-7-my-first-natural.jpeg","contentUrl":"https:\/\/xstyle.md\/wp-content\/uploads\/2021\/04\/nozh-opinel-7-my-first-natural.jpeg","width":609,"height":620,"caption":"\u041d\u043e\u0436 Opinel \u21167 My First Natural \u0434\u043b\u044f \u0430\u043a\u0442\u0438\u0432\u043d\u043e\u0433\u043e \u043e\u0442\u0434\u044b\u0445\u0430, \u043f\u043e\u0445\u043e\u0434\u043e\u0432, \u043f\u0443\u0442\u0435\u0448\u0435\u0441\u0442\u0432\u0438\u0439, \u0441\u043f\u043e\u0440\u0442\u0438\u0432\u043d\u043e\u0439 \u043e\u0434\u0435\u0436\u0434\u044b \u0438 \u043e\u0431\u0443\u0432\u0438 \u0434\u043b\u044f \u0430\u043b\u044c\u043f\u0438\u043d\u0438\u0437\u043c\u0430 \u0438 \u0442\u0443\u0440\u0438\u0437\u043c\u0430"},{"@type":"BreadcrumbList","@id":"https:\/\/xstyle.md\/product\/nozh-opinel-7-my-first-natural\/#breadcrumb","itemListElement":[{"@type":"ListItem","position":1,"name":"\u0413\u043b\u0430\u0432\u043d\u0430\u044f \u0441\u0442\u0440\u0430\u043d\u0438\u0446\u0430","item":"https:\/\/xstyle.md\/"},{"@type":"ListItem","position":2,"name":"\u041c\u0430\u0433\u0430\u0437\u0438\u043d","item":"https:\/\/xstyle.md\/shop\/"},{"@type":"ListItem","position":3,"name":"\u041d\u043e\u0436 Opinel \u21167 My First Natural"}]},{"@type":"WebSite","@id":"https:\/\/xstyle.md\/#website","url":"https:\/\/xstyle.md\/","name":"Magazinul X-Style","description":"Echipamente pentru turism \u0219i sporturi extreme \u00een Moldova. Pre\u021buri, fotografii, caracteristici \u00een Moldova.","publisher":{"@id":"https:\/\/xstyle.md\/#organization"},"alternateName":"X-Style","potentialAction":[{"@type":"SearchAction","target":{"@type":"EntryPoint","urlTemplate":"https:\/\/xstyle.md\/?s={search_term_string}"},"query-input":{"@type":"PropertyValueSpecification","valueRequired":true,"valueName":"search_term_string"}}],"inLanguage":"ro-RO"},{"@type":"Organization","@id":"https:\/\/xstyle.md\/#organization","name":"Magazinul X-Style","alternateName":"x-style","url":"https:\/\/xstyle.md\/","logo":{"@type":"ImageObject","inLanguage":"ro-RO","@id":"https:\/\/xstyle.md\/#\/schema\/logo\/image\/","url":"https:\/\/xstyle.md\/wp-content\/uploads\/2020\/06\/logoicon.svg","contentUrl":"https:\/\/xstyle.md\/wp-content\/uploads\/2020\/06\/logoicon.svg","caption":"\u041c\u0430\u0433\u0430\u0437\u0438\u043d Xstyle"},"image":{"@id":"https:\/\/xstyle.md\/#\/schema\/logo\/image\/"},"sameAs":["https:\/\/www.facebook.com\/xstylemd","https:\/\/www.instagram.com\/xstyle_md\/","https:\/\/t.me\/xstyle_outdoor"],"hasMerchantReturnPolicy":{"@type":"MerchantReturnPolicy","merchantReturnLink":"https:\/\/xstyle.md\/ro\/conditions\/"}}]},"product_price_amount":"250.00","product_price_currency":"MDL","og_availability":"instock","product_availability":"instock","product_retailer_item_id":"3123840016967","product_condition":"new"},"_links":{"self":[{"href":"https:\/\/xstyle.md\/ro\/wp-json\/wp\/v2\/product\/32988","targetHints":{"allow":["GET"]}}],"collection":[{"href":"https:\/\/xstyle.md\/ro\/wp-json\/wp\/v2\/product"}],"about":[{"href":"https:\/\/xstyle.md\/ro\/wp-json\/wp\/v2\/types\/product"}],"replies":[{"embeddable":true,"href":"https:\/\/xstyle.md\/ro\/wp-json\/wp\/v2\/comments?post=32988"}],"wp:featuredmedia":[{"embeddable":true,"href":"https:\/\/xstyle.md\/ro\/wp-json\/wp\/v2\/media\/34590"}],"wp:attachment":[{"href":"https:\/\/xstyle.md\/ro\/wp-json\/wp\/v2\/media?parent=32988"}],"wp:term":[{"taxonomy":"product_brand","embeddable":true,"href":"https:\/\/xstyle.md\/ro\/wp-json\/wp\/v2\/product_brand?post=32988"},{"taxonomy":"product_cat","embeddable":true,"href":"https:\/\/xstyle.md\/ro\/wp-json\/wp\/v2\/product_cat?post=32988"},{"taxonomy":"product_tag","embeddable":true,"href":"https:\/\/xstyle.md\/ro\/wp-json\/wp\/v2\/product_tag?post=32988"}],"curies":[{"name":"wp","href":"https:\/\/api.w.org\/{rel}","templated":true}]}}